{"id":63,"date":"2023-11-07T11:43:06","date_gmt":"2023-11-07T11:43:06","guid":{"rendered":"https:\/\/ameripharmaspecialty.com\/?page_id=63"},"modified":"2025-07-16T15:58:22","modified_gmt":"2025-07-16T22:58:22","slug":"customized-packaging-delivery","status":"publish","type":"page","link":"https:\/\/ameripharmaspecialty.com\/vi\/customized-packaging-delivery\/","title":{"rendered":"\u0110\u00f3ng g\u00f3i v\u00e0 giao h\u00e0ng theo y\u00eau c\u1ea7u"},"content":{"rendered":"<style>\n.homeSpeciality {\npadding-bottom: 20px !important;\n}\n.careBlock {\npadding-top: 20px !important;\n}\n<\/style>\n\n\n\n<div  id=\"only-content-9bddc38fc9f2a263e7ce0917c5ff7c94\" style=\"\" class=\"container ct_content\">\n    <div class=\"block-wrap container\">\n                    <div class=\"simple_content\">\n                <h2 style=\"text-align: center;\">Giao thu\u1ed1c theo toa<\/h2>\n<p style=\"text-align: center;\">T\u1ea1i <a href=\"\/vi\/\">Ch\u0103m s\u00f3c \u0111\u1eb7c bi\u1ec7t AmeriPharma\u00ae<\/a>, ch\u00fang t\u00f4i cung c\u1ea5p c\u00e1c lo\u1ea1i thu\u1ed1c kh\u00f3 t\u00ecm cho c\u00e1c b\u1ec7nh ph\u1ee9c t\u1ea1p <a href=\"https:\/\/ameripharmaspecialty.com\/vi\/conditions-treatments\/\">\u0111i\u1ec1u ki\u1ec7n<\/a> v\u00e0 giao thu\u1ed1c t\u1eadn nh\u00e0. V\u1edbi h\u01a1n 20 n\u0103m kinh nghi\u1ec7m trong l\u0129nh v\u1ef1c d\u01b0\u1ee3c ph\u1ea9m chuy\u00ean khoa v\u00e0 \u0111\u1ed9i ng\u0169 d\u01b0\u1ee3c s\u0129 l\u00e2m s\u00e0ng t\u1eadn t\u00e2m, b\u1ea1n c\u00f3 th\u1ec3 mong \u0111\u1ee3i d\u1ecbch v\u1ee5 tuy\u1ec7t v\u1eddi. Kh\u00e1m ph\u00e1 c\u00e1ch d\u01b0\u1ee3c ph\u1ea9m chuy\u00ean khoa c\u1ee7a ch\u00fang t\u00f4i \u0111\u01a1n gi\u1ea3n h\u00f3a vi\u1ec7c qu\u1ea3n l\u00fd t\u00ecnh tr\u1ea1ng b\u1ec7nh c\u1ee7a b\u1ea1n b\u1eb1ng c\u00e1ch cung c\u1ea5p d\u1ecbch v\u1ee5 d\u01b0\u1ee3c ph\u1ea9m ch\u0103m s\u00f3c d\u00e0i h\u1ea1n t\u1eadn t\u00e2m ngay t\u1ea1i nh\u00e0 b\u1ea1n.<\/p>\n            <\/div>\n            <\/div>\n<\/div>\n\n\n\n<div style=\"height:50px\" aria-hidden=\"true\" class=\"wp-block-spacer\"><\/div>\n\n\n<style>\n\tbody .homeSpeciality .speciality-wrap .content .title span{\n\t\t\t\t\tmargin:0px;\n\t\t\t}\n\t\t.homeSpeciality .speciality-wrap.right .content{\n\t\t\t\n\t\t}\n<\/style>\n<div  id=\"home-speciality-eac1c2193983022393d50be8ecb152ad\" style=\"\" class=\"container homeSpeciality\">\n\t<div class=\"container\">\n\t\t<div class=\"speciality-wrap left\">\n\t\t\t<div class=\"content\">\n\t\t\t\t<h4 class=\"title\">\n\t\t\t\t\t\t\t\t\t\t<span>\n\t\t\t\t\t\t\u0110\u1eb7t h\u00e0ng d\u1ec5 d\u00e0ng, Giao h\u00e0ng t\u1eadn nh\u00e0 v\u00e0 H\u1ed7 tr\u1ee3 \u0111\u01a1n thu\u1ed1c to\u00e0n th\u1eddi gian\t\t\t\t\t<\/span>\n\t\t\t\t<\/h4>\n\t\t\t\t<p class=\"description\">B\u1eb1ng c\u00e1ch cung c\u1ea5p tr\u1ea3i nghi\u1ec7m \u0111\u01b0\u1ee3c c\u00e1 nh\u00e2n h\u00f3a, bao b\u00ec ti\u1ec7n l\u1ee3i v\u00e0 chi ph\u00ed th\u1ea5p h\u01a1n, AmeriPharma\u00ae gi\u00fap b\u1ea1n qu\u1ea3n l\u00fd t\u00ecnh tr\u1ea1ng b\u1ec7nh ho\u1eb7c ch\u0103m s\u00f3c ng\u01b0\u1eddi th\u00e2n d\u1ec5 d\u00e0ng h\u01a1n. Ch\u00fang t\u00f4i giao \u0111\u01a1n thu\u1ed1c \u0111\u1eb7c bi\u1ec7t \u0111\u1ebfn t\u1eadn nh\u00e0 v\u00e0 h\u1ed7 tr\u1ee3 b\u1ea1n trong su\u1ed1t qu\u00e1 tr\u00ecnh \u0111i\u1ec1u tr\u1ecb.\r\n<\/p>\n\t\t\t\t\t\t\t\t\t<a class=\"button\" href=\"https:\/\/ameripharmaspecialty.com\/vi\/get-started\/\" target=\"_self\">B\u1eaft \u0111\u1ea7u<\/a>\n\t\t\t\t\n\t\t\t<\/div>\n\t\t\t\t\t\t\t<div class=\"image\">\n\t\t\t\t\t<img loading=\"lazy\" decoding=\"async\" width=\"1517\" height=\"1011\" src=\"https:\/\/ameripharmaspecialty.com\/wp-content\/uploads\/2024\/07\/Ameripharma_06_15_2023-48.jpg\" class=\"attachment-full size-full\" alt=\"convenient packaging and Delivery of Medicines\" srcset=\"https:\/\/ameripharmaspecialty.com\/wp-content\/uploads\/2024\/07\/Ameripharma_06_15_2023-48.jpg 1517w, https:\/\/ameripharmaspecialty.com\/wp-content\/uploads\/2024\/07\/Ameripharma_06_15_2023-48-300x200.jpg 300w, https:\/\/ameripharmaspecialty.com\/wp-content\/uploads\/2024\/07\/Ameripharma_06_15_2023-48-1024x682.jpg 1024w, https:\/\/ameripharmaspecialty.com\/wp-content\/uploads\/2024\/07\/Ameripharma_06_15_2023-48-768x512.jpg 768w, https:\/\/ameripharmaspecialty.com\/wp-content\/uploads\/2024\/07\/Ameripharma_06_15_2023-48-600x400.jpg 600w, https:\/\/ameripharmaspecialty.com\/wp-content\/uploads\/2024\/07\/Ameripharma_06_15_2023-48-330x220.jpg 330w, https:\/\/ameripharmaspecialty.com\/wp-content\/uploads\/2024\/07\/Ameripharma_06_15_2023-48-86x57.jpg 86w, https:\/\/ameripharmaspecialty.com\/wp-content\/uploads\/2024\/07\/Ameripharma_06_15_2023-48-167x111.jpg 167w, https:\/\/ameripharmaspecialty.com\/wp-content\/uploads\/2024\/07\/Ameripharma_06_15_2023-48-280x187.jpg 280w, https:\/\/ameripharmaspecialty.com\/wp-content\/uploads\/2024\/07\/Ameripharma_06_15_2023-48-370x247.jpg 370w, https:\/\/ameripharmaspecialty.com\/wp-content\/uploads\/2024\/07\/Ameripharma_06_15_2023-48-960x640.jpg 960w, https:\/\/ameripharmaspecialty.com\/wp-content\/uploads\/2024\/07\/Ameripharma_06_15_2023-48-1280x853.jpg 1280w\" sizes=\"auto, (max-width: 1517px) 100vw, 1517px\" \/>\t\t\t\t<\/div>\n\t\t\t\t\t<\/div>\n\t<\/div>\n<\/div>\n\n\n\n<div  id=\"call-to-action-381998f9dad4ec922220b4625c98bc3d\" style=\"\" class=\"ct_call_to_action\">\n\t<div class=\"container\">\n\t\t<div class=\"block-wrap cta\">\n\t\t\t<div class=\"block-column\">\n\t\t\t\t<div class=\"cta_headings\">\n\t\t\t\t\t\t\t\t\t\t\t<h4 class=\"cta__heading\">\n\t\t\t\t\t\t\tC\u00f3 thu\u1ed1c \u0111\u01b0\u1ee3c giao \u0111\u1ebfn t\u1eadn nh\u00e0 b\u1ea1n\t\t\t\t\t\t<\/h4>\n\t\t\t\t\t\t\t\t\t\t\t\t\t\t\t\t<span class=\"cta__sub__heading\">\n\t\t\t\t\t\t\tH\u00e3y g\u1ecdi \u0111i\u1ec7n tho\u1ea1i cung c\u1ea5p th\u00f4ng tin \u0111\u01a1n thu\u1ed1c c\u1ee7a b\u1ea1n v\u00e0 ch\u00fang t\u00f4i s\u1ebd giao t\u1ea5t c\u1ea3 c\u00e1c lo\u1ea1i thu\u1ed1c c\u1ea7n thi\u1ebft \u0111\u1ebfn t\u1eadn nh\u00e0 b\u1ea1n trong v\u00f2ng 24-48 gi\u1edd \u2013 th\u1eadm ch\u00ed nhanh h\u01a1n trong tr\u01b0\u1eddng h\u1ee3p kh\u1ea9n c\u1ea5p.\t\t\t\t\t\t<\/span>\n\t\t\t\t\t\t\t\t\t<\/div>\n\t\t\t\t\t\t\t<\/div>\n\n\t\t<\/div>\n\t<\/div>\n<\/div>\n\n\n\n<div  id=\"care-for-complex-therapies-82d38d4c2b7855b09cf9c9bc02a5adc2\" style=\"\" class=\"careBlock\">\n\t<div class=\"container\">\n\t\t<div class=\"careBlock-wrap\">\n\t\t\t<h2 class=\"title\">\n\t\t\t\tD\u1ecbch v\u1ee5 giao thu\u1ed1c theo toa c\u1ee7a ch\u00fang t\u00f4i gi\u00fap li\u1ec7u ph\u00e1p chuy\u00ean khoa d\u1ec5 d\u00e0ng h\u01a1n nh\u01b0 th\u1ebf n\u00e0o\t\t\t<\/h2>\n\t\t\t<p class=\"text\">\n\t\t\t\t\t\t\t<\/p>\n\t\t\t\t\t\t\t<ul class=\"list\">\n\t\t\t\t\t\t\t\t\t\t\t<li class=\"list-item\">\n\t\t\t\t\t\t\t<img loading=\"lazy\" decoding=\"async\" width=\"105\" height=\"97\" src=\"https:\/\/ameripharmaspecialty.com\/wp-content\/uploads\/2024\/12\/Vector1.svg\" class=\"attachment-full size-full\" alt=\"Convenient Packaging and Delivery Icon\" \/>\t\t\t\t\t\t\t<div class=\"content\">\n\t\t\t\t\t\t\t\t<h4 class=\"step-title\">\u0110\u00f3ng g\u00f3i v\u00e0 giao h\u00e0ng thu\u1eadn ti\u1ec7n<\/h4>\n\t\t\t\t\t\t\t\t<p class=\"description\">T\u1ea5t c\u1ea3 thu\u1ed1c \u0111\u1ec1u \u0111\u01b0\u1ee3c giao t\u1eadn nh\u00e0, tu\u00e2n th\u1ee7 nghi\u00eam ng\u1eb7t h\u01b0\u1edbng d\u1eabn c\u1ee7a b\u00e1c s\u0129 k\u00ea \u0111\u01a1n v\u00e0 nh\u00e0 s\u1ea3n xu\u1ea5t. Giao h\u00e0ng mi\u1ec5n ph\u00ed qua \u0111\u00eam v\u00e0 trong ng\u00e0y v\u1edbi t\u00ednh n\u0103ng theo d\u00f5i theo th\u1eddi gian th\u1ef1c. N\u1ebfu b\u1ea1n \u0111ang ph\u1ea3i x\u1eed l\u00fd nhi\u1ec1u \u0111\u01a1n thu\u1ed1c, d\u1ecbch v\u1ee5 \u0111\u1ed9c quy\u1ec1n c\u1ee7a ch\u00fang t\u00f4i <a href=\"https:\/\/medbox.com\" target=\"_blank\">MedBox<\/a> gi\u00fap b\u1ea1n kh\u00f4ng ph\u1ea3i \u0111\u1eafn \u0111o khi d\u00f9ng thu\u1ed1c m\u00e0 kh\u00f4ng m\u1ea5t th\u00eam chi ph\u00ed. <a href=\"https:\/\/medbox.com\" target=\"_blank\">MedBox<\/a> k\u1ebft h\u1ee3p t\u1ea5t c\u1ea3 c\u00e1c lo\u1ea1i thu\u1ed1c c\u1ee7a b\u1ea1n v\u00e0o c\u00e1c g\u00f3i c\u00f3 \u0111\u00f3ng d\u1ea5u th\u1eddi gian v\u00e0 ng\u00e0y th\u00e1ng, \u0111\u1ec3 b\u1ea1n d\u1ec5 d\u00e0ng bi\u1ebft khi n\u00e0o c\u1ea7n u\u1ed1ng m\u1ed7i li\u1ec1u.<\/p>\n\t\t\t\t\t\t\t<\/div>\n\t\t\t\t\t\t<\/li>\n\t\t\t\t\t\t\t\t\t\t\t<li class=\"list-item\">\n\t\t\t\t\t\t\t<img loading=\"lazy\" decoding=\"async\" width=\"87\" height=\"98\" src=\"https:\/\/ameripharmaspecialty.com\/wp-content\/uploads\/2024\/12\/Vector2.svg\" class=\"attachment-full size-full\" alt=\"Ongoing Support Icon\" \/>\t\t\t\t\t\t\t<div class=\"content\">\n\t\t\t\t\t\t\t\t<h4 class=\"step-title\">H\u1ed7 tr\u1ee3 li\u00ean t\u1ee5c \u1edf m\u1ecdi b\u01b0\u1edbc<\/h4>\n\t\t\t\t\t\t\t\t<p class=\"description\">V\u1edbi \u0111\u01a1n thu\u1ed1c \u0111\u1ea7u ti\u00ean c\u1ee7a b\u1ea1n, ch\u00fang t\u00f4i s\u1ebd ch\u1ec9 \u0111\u1ecbnh cho b\u1ea1n m\u1ed9t ng\u01b0\u1eddi h\u01b0\u1edbng d\u1eabn ch\u0103m s\u00f3c b\u1ec7nh nh\u00e2n c\u00e1 nh\u00e2n, ng\u01b0\u1eddi s\u1ebd li\u00ean l\u1ea1c th\u01b0\u1eddng xuy\u00ean. H\u1ecd s\u1ebd \u0111\u1ea3m b\u1ea3o k\u1ebf ho\u1ea1ch \u0111i\u1ec1u tr\u1ecb c\u1ee7a b\u1ea1n r\u00f5 r\u00e0ng v\u00e0 d\u1ec5 th\u1ef1c hi\u1ec7n, \u0111\u1ed3ng th\u1eddi tr\u1ea3 l\u1eddi m\u1ecdi c\u00e2u h\u1ecfi c\u1ee7a b\u1ea1n trong su\u1ed1t qu\u00e1 tr\u00ecnh. Nh\u00e0 thu\u1ed1c giao thu\u1ed1c t\u1eadn nh\u00e0 c\u1ee7a ch\u00fang t\u00f4i tin r\u1eb1ng s\u1ef1 giao ti\u1ebfp nh\u1ea5t qu\u00e1n, c\u00f3 \u00fd ngh\u0129a v\u00e0 h\u1ed7 tr\u1ee3 l\u00e2m s\u00e0ng l\u00e0 \u0111i\u1ec1u c\u1ea7n thi\u1ebft cho m\u1ed9t qu\u00e1 tr\u00ecnh \u0111i\u1ec1u tr\u1ecb th\u00e0nh c\u00f4ng.<\/p>\n\t\t\t\t\t\t\t<\/div>\n\t\t\t\t\t\t<\/li>\n\t\t\t\t\t\t\t\t\t\t\t<li class=\"list-item\">\n\t\t\t\t\t\t\t<img loading=\"lazy\" decoding=\"async\" width=\"113\" height=\"99\" src=\"https:\/\/ameripharmaspecialty.com\/wp-content\/uploads\/2024\/12\/Group21.svg\" class=\"attachment-full size-full\" alt=\"Financial Assistance Icon\" \/>\t\t\t\t\t\t\t<div class=\"content\">\n\t\t\t\t\t\t\t\t<h4 class=\"step-title\">H\u1ed7 tr\u1ee3 t\u00e0i ch\u00ednh<\/h4>\n\t\t\t\t\t\t\t\t<p class=\"description\">Thu\u1ed1c ph\u1ee9c t\u1ea1p c\u00f3 th\u1ec3 t\u1ed1n k\u00e9m. V\u00ec v\u1eady, ch\u00fang t\u00f4i s\u1ebd trao \u0111\u1ed5i v\u1edbi c\u00e1c c\u00f4ng ty b\u1ea3o hi\u1ec3m v\u00e0 t\u1ed5 ch\u1ee9c t\u00e0i ch\u00ednh thay m\u1eb7t b\u1ea1n. C\u00e1c chuy\u00ean gia h\u1ed7 tr\u1ee3 t\u00e0i ch\u00ednh c\u1ee7a ch\u00fang t\u00f4i l\u00e0 chuy\u00ean gia trong vi\u1ec7c x\u00e1c \u0111\u1ecbnh m\u1ee9c chi\u1ebft kh\u1ea5u t\u1ed1i \u0111a v\u00e0 h\u1ed7 tr\u1ee3 n\u1ec1n t\u1ea3ng c\u1ee5 th\u1ec3 cho t\u1eebng tr\u01b0\u1eddng h\u1ee3p, h\u1ed7 tr\u1ee3 \u0111\u1ed3ng thanh to\u00e1n v\u00e0 gi\u1ea3m thi\u1ec3u chi ph\u00ed c\u00e1 nh\u00e2n.<\/p>\n\t\t\t\t\t\t\t<\/div>\n\t\t\t\t\t\t<\/li>\n\t\t\t\t\t\t\t\t\t\t\t<li class=\"list-item\">\n\t\t\t\t\t\t\t<img loading=\"lazy\" decoding=\"async\" width=\"78\" height=\"98\" src=\"https:\/\/ameripharmaspecialty.com\/wp-content\/uploads\/2024\/12\/Vector3.svg\" class=\"attachment-full size-full\" alt=\"Cutting-Edge Science Icon\" \/>\t\t\t\t\t\t\t<div class=\"content\">\n\t\t\t\t\t\t\t\t<h4 class=\"step-title\">Khoa h\u1ecdc ti\u00ean ti\u1ebfn<\/h4>\n\t\t\t\t\t\t\t\t<p class=\"description\">T\u1ea1i AmeriPharma, ch\u00fang t\u00f4i cam k\u1ebft c\u1eadp nh\u1eadt c\u00e1c nghi\u00ean c\u1ee9u v\u00e0 s\u1ea3n ph\u1ea9m d\u01b0\u1ee3c ph\u1ea9m m\u1edbi. B\u00ean c\u1ea1nh vi\u1ec7c giao thu\u1ed1c theo \u0111\u01a1n thu\u1eadn ti\u1ec7n, ch\u00fang t\u00f4i c\u00f2n h\u1ee3p t\u00e1c v\u1edbi b\u00e1c s\u0129 \u0111\u1ec3 c\u1ea3i ti\u1ebfn ph\u01b0\u01a1ng ph\u00e1p \u0111i\u1ec1u tr\u1ecb ph\u00f9 h\u1ee3p v\u1edbi t\u00ecnh tr\u1ea1ng b\u1ec7nh c\u1ee7a b\u1ea1n. Ch\u00fang t\u00f4i c\u0169ng \u00e1p d\u1ee5ng c\u00f4ng ngh\u1ec7 ti\u00ean ti\u1ebfn nh\u1ea5t v\u00e0o m\u1ecdi kh\u00eda c\u1ea1nh \u0111i\u1ec1u tr\u1ecb, bao g\u1ed3m c\u1ea3 c\u00e1ch th\u1ee9c b\u1ea3o qu\u1ea3n, x\u1eed l\u00fd v\u00e0 ph\u00e2n ph\u1ed1i thu\u1ed1c.<\/p>\n\t\t\t\t\t\t\t<\/div>\n\t\t\t\t\t\t<\/li>\n\t\t\t\t\t\t\t\t\t\t\t<li class=\"list-item\">\n\t\t\t\t\t\t\t<img loading=\"lazy\" decoding=\"async\" width=\"89\" height=\"98\" src=\"https:\/\/ameripharmaspecialty.com\/wp-content\/uploads\/2024\/12\/Vector4.svg\" class=\"attachment-full size-full\" alt=\"Friendly Team Icon\" \/>\t\t\t\t\t\t\t<div class=\"content\">\n\t\t\t\t\t\t\t\t<h4 class=\"step-title\">\u0110\u1ed9i ng\u0169 chuy\u00ean gia th\u00e2n thi\u1ec7n trong ng\u00e0nh<\/h4>\n\t\t\t\t\t\t\t\t<p class=\"description\">\u0110\u1ed9i ng\u0169 d\u01b0\u1ee3c s\u0129 l\u00e2m s\u00e0ng v\u00e0 c\u00e1c nh\u00e0 nghi\u00ean c\u1ee9u c\u1ee7a ch\u00fang t\u00f4i h\u1ee3p t\u00e1c v\u1edbi c\u00e1c b\u00e1c s\u0129, nh\u00e0 s\u1ea3n xu\u1ea5t v\u00e0 c\u00f4ng ty b\u1ea3o hi\u1ec3m \u0111\u1ec3 cung c\u1ea5p cho b\u1ea1n chuy\u00ean m\u00f4n v\u00f4 song v\u00e0 d\u1ecbch v\u1ee5 h\u1ed7 tr\u1ee3 \u0111\u1ea7y \u0111\u1ee7.<\/p>\n\t\t\t\t\t\t\t<\/div>\n\t\t\t\t\t\t<\/li>\n\t\t\t\t\t\t\t\t\t\t\t<li class=\"list-item\">\n\t\t\t\t\t\t\t<img loading=\"lazy\" decoding=\"async\" width=\"95\" height=\"95\" src=\"https:\/\/ameripharmaspecialty.com\/wp-content\/uploads\/2024\/12\/Group20.svg\" class=\"attachment-full size-full\" alt=\"24\/7\/365 Icon\" \/>\t\t\t\t\t\t\t<div class=\"content\">\n\t\t\t\t\t\t\t\t<h4 class=\"step-title\">Tr\u1ee3 gi\u00fap khi b\u1ea1n c\u1ea7n<\/h4>\n\t\t\t\t\t\t\t\t<p class=\"description\">\u0110\u1ed9i ng\u0169 nh\u00e2n vi\u00ean giao thu\u1ed1c t\u1eadn nh\u00e0 c\u1ee7a ch\u00fang t\u00f4i lu\u00f4n s\u1eb5n s\u00e0ng 24\/7\/365 \u0111\u1ec3 l\u1eafng nghe v\u00e0 h\u01b0\u1edbng d\u1eabn v\u1ec1 m\u1ecdi v\u1ea5n \u0111\u1ec1 c\u00f3 th\u1ec3 ph\u00e1t sinh. Ch\u00fang t\u00f4i lu\u00f4n \u1edf \u0111\u00e2y v\u00ec b\u1ea1n cho d\u00f9 b\u1ea1n c\u00f3 th\u1eafc m\u1eafc v\u1ec1 k\u1ebf ho\u1ea1ch \u0111i\u1ec1u tr\u1ecb hay c\u1ea7n giao thu\u1ed1c g\u1ea5p.<\/p>\n\t\t\t\t\t\t\t<\/div>\n\t\t\t\t\t\t<\/li>\n\t\t\t\t\t\t\t\t\t<\/ul>\n\t\t\t\t\t<\/div>\n\t<\/div>\n<\/div>\n\n\n\n<p><\/p>\n\n\n\n<div  id=\"only-content-92d46552a2d747c5a2da0380bf15b614\" style=\"\" class=\"ct_content\">\n    <div class=\"block-wrap container\">\n                    <div class=\"simple_content\">\n                <p><img loading=\"lazy\" decoding=\"async\" class=\"wp-image-25619 size-full aligncenter hide-on-mobile\" src=\"https:\/\/ameripharmaspecialty.com\/wp-content\/uploads\/2024\/10\/SP-banner_Patients-say-were-the-best.png\" alt=\"Promotional banner with the text \"patients say we're the best\" in bold typography.\" width=\"1024\" height=\"279\" \/><br \/>\n<img decoding=\"async\" class=\"size-full mobile-only aligncenter\" src=\"https:\/\/ameripharmaspecialty.com\/wp-content\/uploads\/2024\/10\/SP-banner_Patients-say-were-the-best.png\" \/><\/p>\n            <\/div>\n            <\/div>\n<\/div>\n\n\n\n<div style=\"height:50px\" aria-hidden=\"true\" class=\"wp-block-spacer\"><\/div>\n\n\n\n<div  id=\"reviews-4521d8201e99b21b219c073c841369cd\" style=\"\" class=\"reviewsBlock\">\n\t<div class=\"container\">\n\t\t<div class=\"reviewsWrapper\">\n\t\t\t<h2 class=\"title\">Nghe tr\u1ef1c ti\u1ebfp t\u1eeb b\u1ec7nh nh\u00e2n c\u1ee7a ch\u00fang t\u00f4i<\/h2>\n\t\t\t<iframe src=\"https:\/\/embedsocial.com\/api\/pro_hashtag\/4c12dcb534900d7b835c65b72f9f716fce0cb80b\/?origin=https%3A%2F%2Fameripharmaspecialty.com\" id=\"embedIFrame_4c12dcb534900d7b835c65b72f9f716fce0cb80b\" class=\"embedsocial-hashtag-iframe\" title=\"Ti\u1ec7n \u00edch ph\u1ed5 qu\u00e1t EmbedSocial\" scrolling=\"no\" webkitallowfullscreen=\"true\" mozallowfullscreen=\"true\" allowfullscreen=\"true\" style=\"width: 100%; height: 359px; border: 0px; overflow: hidden;\"><\/iframe>\n\t\t\t\t\t\t\t<div class=\"button-wrap\">\n\t\t\t\t\t<a class=\"button\" href=\"https:\/\/ameripharmaspecialty.com\/vi\/testimonials\/\" target=\"_self\">Xem th\u00eam \u0111\u00e1nh gi\u00e1<\/a>\n\t\t\t\t<\/div>\n\t\t\t\t\t<\/div>\n\t<\/div>\n<\/div>\n\n\n<div  id=\"call-to-action-25b8f5d41879240425312d92f856af62\" style=\"\" class=\"ct_call_to_action\">\n\t<div class=\"container\">\n\t\t<div class=\"block-wrap cta\">\n\t\t\t<div class=\"block-column\">\n\t\t\t\t<div class=\"cta_headings\">\n\t\t\t\t\t\t\t\t\t\t\t<h4 class=\"cta__heading\">\n\t\t\t\t\t\t\tB\u1eaft \u0111\u1ea7u v\u1edbi ch\u00fang t\u00f4i\t\t\t\t\t\t<\/h4>\n\t\t\t\t\t\t\t\t\t\t\t\t\t\t\t\t<span class=\"cta__sub__heading\">\n\t\t\t\t\t\t\tB\u1ea1n c\u00f3 th\u1eafc m\u1eafc v\u1ec1 vi\u1ec7c chuy\u1ec3n \u0111\u01a1n thu\u1ed1c sang AmeriPharma\u00ae? B\u1ea1n \u0111\u00e3 s\u1eb5n s\u00e0ng \u0111\u1eb7t \u0111\u01a1n thu\u1ed1c \u0111\u1ea7u ti\u00ean ch\u01b0a? H\u00e3y g\u1ecdi cho ch\u00fang t\u00f4i theo s\u1ed1 <a href=\"tel:8777780318\"> (877) 778-0318 <\/a> ho\u1eb7c li\u00ean h\u1ec7 tr\u1ef1c tuy\u1ebfn v\u1edbi ch\u00fang t\u00f4i \u0111\u1ec3 \u0111\u01b0\u1ee3c giao thu\u1ed1c theo toa \u0111\u00e1ng tin c\u1eady. H\u00e3y \u0111\u1ec3 ch\u00fang t\u00f4i gi\u00fap b\u1ea1n \u0111\u01a1n gi\u1ea3n h\u00f3a vi\u1ec7c d\u00f9ng thu\u1ed1c \u0111\u1ec3 b\u1ea1n c\u00f3 th\u1ec3 t\u1eadp trung v\u00e0o s\u1ee9c kh\u1ecfe c\u1ee7a m\u00ecnh.\t\t\t\t\t\t<\/span>\n\t\t\t\t\t\t\t\t\t<\/div>\n\t\t\t\t\t\t\t\t\t<span class=\"cta_btn\">\n\t\t\t\t\t\t<a href=\"\/vi\/get-started\/\">B\u1eaft \u0111\u1ea7u<\/a>\n\t\t\t\t\t\t\t\t\t\t\t<\/span>\n\t\t\t\t\t\t\t<\/div>\n\n\t\t<\/div>\n\t<\/div>\n<\/div>","protected":false},"excerpt":{"rendered":"","protected":false},"author":1,"featured_media":0,"parent":0,"menu_order":0,"comment_status":"closed","ping_status":"closed","template":"","meta":{"_acf_changed":true,"om_disable_all_campaigns":false,"_uag_custom_page_level_css":"","footnotes":""},"categories":[],"tags":[],"class_list":["post-63","page","type-page","status-publish","hentry"],"acf":[],"yoast_head":"<!-- This site is optimized with the Yoast SEO plugin v27.6 - https:\/\/yoast.com\/product\/yoast-seo-wordpress\/ -->\n<title>Customized Packaging &amp; Delivery - AmeriPharma\u00ae Specialty Care<\/title>\n<meta name=\"robots\" content=\"index, follow, max-snippet:-1, max-image-preview:large, max-video-preview:-1\" \/>\n<link rel=\"canonical\" href=\"https:\/\/ameripharmaspecialty.com\/vi\/customized-packaging-delivery\/\" \/>\n<meta property=\"og:locale\" content=\"vi_VN\" \/>\n<meta property=\"og:type\" content=\"article\" \/>\n<meta property=\"og:title\" content=\"Customized Packaging &amp; Delivery - AmeriPharma\u00ae Specialty Care\" \/>\n<meta property=\"og:url\" content=\"https:\/\/ameripharmaspecialty.com\/vi\/customized-packaging-delivery\/\" \/>\n<meta property=\"og:site_name\" content=\"AmeriPharma\u00ae Specialty Care\" \/>\n<meta property=\"article:publisher\" content=\"https:\/\/www.facebook.com\/ameripharma\/\" \/>\n<meta property=\"article:modified_time\" content=\"2025-07-16T22:58:22+00:00\" \/>\n<meta property=\"og:image\" content=\"https:\/\/ameripharmaspecialty.com\/wp-content\/uploads\/2024\/07\/specialty-care-logo-large-square.png\" \/>\n\t<meta property=\"og:image:width\" content=\"400\" \/>\n\t<meta property=\"og:image:height\" content=\"400\" \/>\n\t<meta property=\"og:image:type\" content=\"image\/png\" \/>\n<meta name=\"twitter:card\" content=\"summary_large_image\" \/>\n<script type=\"application\/ld+json\" class=\"yoast-schema-graph\">{\"@context\":\"https:\\\/\\\/schema.org\",\"@graph\":[{\"@type\":\"WebPage\",\"@id\":\"https:\\\/\\\/ameripharmaspecialty.com\\\/customized-packaging-delivery\\\/\",\"url\":\"https:\\\/\\\/ameripharmaspecialty.com\\\/customized-packaging-delivery\\\/\",\"name\":\"Customized Packaging & Delivery - AmeriPharma\u00ae Specialty Care\",\"isPartOf\":{\"@id\":\"https:\\\/\\\/ameripharmaspecialty.com\\\/#website\"},\"datePublished\":\"2023-11-07T11:43:06+00:00\",\"dateModified\":\"2025-07-16T22:58:22+00:00\",\"breadcrumb\":{\"@id\":\"https:\\\/\\\/ameripharmaspecialty.com\\\/customized-packaging-delivery\\\/#breadcrumb\"},\"inLanguage\":\"vi\",\"potentialAction\":[{\"@type\":\"ReadAction\",\"target\":[\"https:\\\/\\\/ameripharmaspecialty.com\\\/customized-packaging-delivery\\\/\"]}]},{\"@type\":\"BreadcrumbList\",\"@id\":\"https:\\\/\\\/ameripharmaspecialty.com\\\/customized-packaging-delivery\\\/#breadcrumb\",\"itemListElement\":[{\"@type\":\"ListItem\",\"position\":1,\"name\":\"Home\",\"item\":\"https:\\\/\\\/ameripharmaspecialty.com\\\/\"},{\"@type\":\"ListItem\",\"position\":2,\"name\":\"Customized Packaging &#038; Delivery\"}]},{\"@type\":\"WebSite\",\"@id\":\"https:\\\/\\\/ameripharmaspecialty.com\\\/#website\",\"url\":\"https:\\\/\\\/ameripharmaspecialty.com\\\/\",\"name\":\"AmeriPharma\u00ae Specialty Care\",\"description\":\"Specialty Care by AmeriPharma\",\"publisher\":{\"@id\":\"https:\\\/\\\/ameripharmaspecialty.com\\\/#organization\"},\"potentialAction\":[{\"@type\":\"SearchAction\",\"target\":{\"@type\":\"EntryPoint\",\"urlTemplate\":\"https:\\\/\\\/ameripharmaspecialty.com\\\/?s={search_term_string}\"},\"query-input\":{\"@type\":\"PropertyValueSpecification\",\"valueRequired\":true,\"valueName\":\"search_term_string\"}}],\"inLanguage\":\"vi\"},{\"@type\":\"Organization\",\"@id\":\"https:\\\/\\\/ameripharmaspecialty.com\\\/#organization\",\"name\":\"Ameripharma Specialty Care\",\"url\":\"https:\\\/\\\/ameripharmaspecialty.com\\\/\",\"logo\":{\"@type\":\"ImageObject\",\"inLanguage\":\"vi\",\"@id\":\"https:\\\/\\\/ameripharmaspecialty.com\\\/#\\\/schema\\\/logo\\\/image\\\/\",\"url\":\"https:\\\/\\\/ameripharmaspecialty.com\\\/wp-content\\\/uploads\\\/2024\\\/07\\\/specialty-care-logo-large-square.png\",\"contentUrl\":\"https:\\\/\\\/ameripharmaspecialty.com\\\/wp-content\\\/uploads\\\/2024\\\/07\\\/specialty-care-logo-large-square.png\",\"width\":400,\"height\":400,\"caption\":\"Ameripharma Specialty Care\"},\"image\":{\"@id\":\"https:\\\/\\\/ameripharmaspecialty.com\\\/#\\\/schema\\\/logo\\\/image\\\/\"},\"sameAs\":[\"https:\\\/\\\/www.facebook.com\\\/ameripharma\\\/\"]}]}<\/script>\n<!-- \/ Yoast SEO plugin. -->","yoast_head_json":{"title":"\u0110\u00f3ng g\u00f3i v\u00e0 giao h\u00e0ng theo y\u00eau c\u1ea7u - Ch\u0103m s\u00f3c \u0111\u1eb7c bi\u1ec7t AmeriPharma\u00ae","robots":{"index":"index","follow":"follow","max-snippet":"max-snippet:-1","max-image-preview":"max-image-preview:large","max-video-preview":"max-video-preview:-1"},"canonical":"https:\/\/ameripharmaspecialty.com\/vi\/customized-packaging-delivery\/","og_locale":"vi_VN","og_type":"article","og_title":"Customized Packaging & Delivery - AmeriPharma\u00ae Specialty Care","og_url":"https:\/\/ameripharmaspecialty.com\/vi\/customized-packaging-delivery\/","og_site_name":"AmeriPharma\u00ae Specialty Care","article_publisher":"https:\/\/www.facebook.com\/ameripharma\/","article_modified_time":"2025-07-16T22:58:22+00:00","og_image":[{"width":400,"height":400,"url":"https:\/\/ameripharmaspecialty.com\/wp-content\/uploads\/2024\/07\/specialty-care-logo-large-square.png","type":"image\/png"}],"twitter_card":"summary_large_image","schema":{"@context":"https:\/\/schema.org","@graph":[{"@type":"WebPage","@id":"https:\/\/ameripharmaspecialty.com\/customized-packaging-delivery\/","url":"https:\/\/ameripharmaspecialty.com\/customized-packaging-delivery\/","name":"\u0110\u00f3ng g\u00f3i v\u00e0 giao h\u00e0ng theo y\u00eau c\u1ea7u - Ch\u0103m s\u00f3c \u0111\u1eb7c bi\u1ec7t AmeriPharma\u00ae","isPartOf":{"@id":"https:\/\/ameripharmaspecialty.com\/#website"},"datePublished":"2023-11-07T11:43:06+00:00","dateModified":"2025-07-16T22:58:22+00:00","breadcrumb":{"@id":"https:\/\/ameripharmaspecialty.com\/customized-packaging-delivery\/#breadcrumb"},"inLanguage":"vi","potentialAction":[{"@type":"ReadAction","target":["https:\/\/ameripharmaspecialty.com\/customized-packaging-delivery\/"]}]},{"@type":"BreadcrumbList","@id":"https:\/\/ameripharmaspecialty.com\/customized-packaging-delivery\/#breadcrumb","itemListElement":[{"@type":"ListItem","position":1,"name":"Home","item":"https:\/\/ameripharmaspecialty.com\/"},{"@type":"ListItem","position":2,"name":"Customized Packaging &#038; Delivery"}]},{"@type":"WebSite","@id":"https:\/\/ameripharmaspecialty.com\/#website","url":"https:\/\/ameripharmaspecialty.com\/","name":"Ch\u0103m s\u00f3c \u0111\u1eb7c bi\u1ec7t AmeriPharma\u00ae","description":"Ch\u0103m s\u00f3c \u0111\u1eb7c bi\u1ec7t c\u1ee7a AmeriPharma","publisher":{"@id":"https:\/\/ameripharmaspecialty.com\/#organization"},"potentialAction":[{"@type":"SearchAction","target":{"@type":"EntryPoint","urlTemplate":"https:\/\/ameripharmaspecialty.com\/?s={search_term_string}"},"query-input":{"@type":"PropertyValueSpecification","valueRequired":true,"valueName":"search_term_string"}}],"inLanguage":"vi"},{"@type":"Organization","@id":"https:\/\/ameripharmaspecialty.com\/#organization","name":"Ch\u0103m s\u00f3c \u0111\u1eb7c bi\u1ec7t Ameripharma","url":"https:\/\/ameripharmaspecialty.com\/","logo":{"@type":"ImageObject","inLanguage":"vi","@id":"https:\/\/ameripharmaspecialty.com\/#\/schema\/logo\/image\/","url":"https:\/\/ameripharmaspecialty.com\/wp-content\/uploads\/2024\/07\/specialty-care-logo-large-square.png","contentUrl":"https:\/\/ameripharmaspecialty.com\/wp-content\/uploads\/2024\/07\/specialty-care-logo-large-square.png","width":400,"height":400,"caption":"Ameripharma Specialty Care"},"image":{"@id":"https:\/\/ameripharmaspecialty.com\/#\/schema\/logo\/image\/"},"sameAs":["https:\/\/www.facebook.com\/ameripharma\/"]}]}},"uagb_featured_image_src":{"full":false,"thumbnail":false,"medium":false,"medium_large":false,"large":false,"1536x1536":false,"2048x2048":false,"trp-custom-language-flag":false,"block-image-html-large":false,"ct-gallery":false,"ct-section-header":false,"ct-thumb":false,"ct-thumb-large":false,"ct-small":false,"ct-medium":false,"ct-xmedium":false,"ct-large":false},"uagb_author_info":{"display_name":"ameripharm3dev","author_link":"https:\/\/ameripharmaspecialty.com\/vi\/author\/ameripharm3dev\/"},"uagb_comment_info":0,"uagb_excerpt":null,"rttpg_featured_image_url":null,"rttpg_author":{"display_name":"ameripharm3dev","author_link":"https:\/\/ameripharmaspecialty.com\/vi\/author\/ameripharm3dev\/"},"rttpg_comment":0,"rttpg_category":false,"rttpg_excerpt":null,"_links":{"self":[{"href":"https:\/\/ameripharmaspecialty.com\/vi\/wp-json\/wp\/v2\/pages\/63","targetHints":{"allow":["GET"]}}],"collection":[{"href":"https:\/\/ameripharmaspecialty.com\/vi\/wp-json\/wp\/v2\/pages"}],"about":[{"href":"https:\/\/ameripharmaspecialty.com\/vi\/wp-json\/wp\/v2\/types\/page"}],"author":[{"embeddable":true,"href":"https:\/\/ameripharmaspecialty.com\/vi\/wp-json\/wp\/v2\/users\/1"}],"replies":[{"embeddable":true,"href":"https:\/\/ameripharmaspecialty.com\/vi\/wp-json\/wp\/v2\/comments?post=63"}],"version-history":[{"count":0,"href":"https:\/\/ameripharmaspecialty.com\/vi\/wp-json\/wp\/v2\/pages\/63\/revisions"}],"wp:attachment":[{"href":"https:\/\/ameripharmaspecialty.com\/vi\/wp-json\/wp\/v2\/media?parent=63"}],"wp:term":[{"taxonomy":"category","embeddable":true,"href":"https:\/\/ameripharmaspecialty.com\/vi\/wp-json\/wp\/v2\/categories?post=63"},{"taxonomy":"post_tag","embeddable":true,"href":"https:\/\/ameripharmaspecialty.com\/vi\/wp-json\/wp\/v2\/tags?post=63"}],"curies":[{"name":"wp","href":"https:\/\/api.w.org\/{rel}","templated":true}]}}