{"id":46,"date":"2023-11-02T18:33:23","date_gmt":"2023-11-02T18:33:23","guid":{"rendered":"https:\/\/ameripharmaspecialty.com\/?page_id=46"},"modified":"2026-04-07T14:36:39","modified_gmt":"2026-04-07T21:36:39","slug":"patient-resources","status":"publish","type":"page","link":"https:\/\/ameripharmaspecialty.com\/vi\/patient-resources\/","title":{"rendered":"Ngu\u1ed3n l\u1ef1c v\u00e0 h\u1ed7 tr\u1ee3 d\u00e0nh cho b\u1ec7nh nh\u00e2n"},"content":{"rendered":"<p class=\"has-text-align-center\">T\u1ea1i AmeriPharma\u00ae Specialty, d\u1ecbch v\u1ee5 ch\u0103m s\u00f3c c\u1ee7a ch\u00fang t\u00f4i kh\u00f4ng ch\u1ec9 d\u1eebng l\u1ea1i \u1edf vi\u1ec7c d\u00f9ng thu\u1ed1c. T\u1eeb vi\u1ec7c h\u1ed7 tr\u1ee3 ph\u00ea duy\u1ec7t b\u1ea3o hi\u1ec3m \u0111\u1ebfn vi\u1ec7c giao thu\u1ed1c theo \u0111\u01a1n chuy\u00ean khoa \u0111\u1ebfn t\u1eadn nh\u00e0, ch\u00fang t\u00f4i l\u00e0m t\u1ea5t c\u1ea3 \u0111\u1ec3 b\u1ea1n c\u00f3 th\u1ec3 t\u1eadp trung v\u00e0o s\u1ee9c kh\u1ecfe c\u1ee7a m\u00ecnh. Ch\u00fang t\u00f4i h\u1ed7 tr\u1ee3 nh\u1eefng ng\u01b0\u1eddi c\u1ea7n d\u1ecbch v\u1ee5 ch\u0103m s\u00f3c \u0111\u1eb7c bi\u1ec7t v\u00e0 <a href=\"https:\/\/ameripharmaspecialty.com\/vi\/conditions-treatments\/\">\u0111\u01a1n thu\u1ed1c \u0111\u1eb7c bi\u1ec7t<\/a> ki\u1ec3m so\u00e1t c\u00e1c tri\u1ec7u ch\u1ee9ng c\u1ee7a h\u1ecd hi\u1ec7u qu\u1ea3 h\u01a1n. M\u1ee5c ti\u00eau c\u1ee7a ch\u00fang t\u00f4i l\u00e0 cung c\u1ea5p c\u00e1c ngu\u1ed3n l\u1ef1c gi\u00fap h\u00e0nh tr\u00ecnh qu\u1ea3n l\u00fd s\u1ee9c kh\u1ecfe t\u1ed1t h\u01a1n tr\u1edf n\u00ean d\u1ec5 d\u00e0ng h\u01a1n. H\u00e3y t\u1eadn d\u1ee5ng c\u00e1c ngu\u1ed3n l\u1ef1c d\u00e0nh cho b\u1ec7nh nh\u00e2n c\u1ee7a ch\u00fang t\u00f4i \u0111\u1ec3 b\u1eaft \u0111\u1ea7u h\u00e0nh tr\u00ecnh h\u01b0\u1edbng t\u1edbi cu\u1ed9c s\u1ed1ng t\u1ed1t \u0111\u1eb9p h\u01a1n.<\/p>\n\n\n<style>\n\tbody .homeSpeciality .speciality-wrap .content .title span{\n\t\t\t\t\tmargin:0px;\n\t\t\t}\n\t\t.homeSpeciality .speciality-wrap.right .content{\n\t\t\t\n\t\t}\n<\/style>\n<div  id=\"home-speciality-e46d5814f586f0929b3263b3a2ac9f75\" style=\"\" class=\"homeSpeciality\">\n\t<div class=\"container\">\n\t\t<div class=\"speciality-wrap left\">\n\t\t\t<div class=\"content\">\n\t\t\t\t<h4 class=\"title\">\n\t\t\t\t\t\t\t\t\t\t<span>\n\t\t\t\t\t\tB\u1ea3o hi\u1ec3m v\u00e0 M\u1ea1ng l\u01b0\u1edbi\t\t\t\t\t<\/span>\n\t\t\t\t<\/h4>\n\t\t\t\t<p class=\"description\">C\u00e1c b\u1ec7nh l\u00fd ph\u1ee9c t\u1ea1p \u0111\u00f2i h\u1ecfi c\u00e1c lo\u1ea1i thu\u1ed1c k\u00ea \u0111\u01a1n chuy\u00ean khoa \u0111\u1eaft ti\u1ec1n. C\u00e1c chuy\u00ean gia c\u1ee7a ch\u00fang t\u00f4i s\u1ebd tr\u1ef1c ti\u1ebfp trao \u0111\u1ed5i v\u1edbi c\u00f4ng ty b\u1ea3o hi\u1ec3m c\u1ee7a b\u1ea1n \u0111\u1ec3 gi\u00fap b\u1ea1n \u0111\u01b0\u1ee3c ch\u1ea5p thu\u1eadn v\u00e0 gi\u1ea3m chi ph\u00ed \u0111i\u1ec1u tr\u1ecb. M\u1ed9t s\u1ed1 ch\u01b0\u01a1ng tr\u00ecnh b\u1ea3o hi\u1ec3m v\u00e0 m\u1ea1ng l\u01b0\u1edbi b\u1ea3o hi\u1ec3m m\u00e0 ch\u00fang t\u00f4i ch\u1ea5p nh\u1eadn bao g\u1ed3m c\u00e1c g\u00f3i Medicare, Medi-Cal, Anthem Blue Cross PPO, PHCS v\u00e0 TriWest. C\u00e1c chuy\u00ean gia h\u1ed7 tr\u1ee3 t\u00e0i ch\u00ednh c\u1ee7a AmeriPharma\u00ae s\u1ebd x\u00e1c \u0111\u1ecbnh c\u00e1c qu\u1ef9 v\u00e0 ch\u01b0\u01a1ng tr\u00ecnh h\u1ed7 tr\u1ee3 \u0111\u1ed3ng chi tr\u1ea3 cho b\u1ec7nh nh\u00e2n \u0111\u1ec3 h\u1ecd c\u00f3 th\u1ec3 l\u1ef1a ch\u1ecdn ph\u01b0\u01a1ng th\u1ee9c thanh to\u00e1n h\u1ee3p l\u00fd nh\u1ea5t. Kinh nghi\u1ec7m chuy\u00ean m\u00f4n s\u00e2u r\u1ed9ng c\u1ee7a ch\u00fang t\u00f4i \u0111\u00e3 gi\u00fap ch\u00fang t\u00f4i b\u1ea3o \u0111\u1ea3m h\u01a1n $55 tri\u1ec7u \u0111\u00f4 la cho b\u1ec7nh nh\u00e2n tr\u00ean kh\u1eafp Hoa K\u1ef3.<\/p>\n\t\t\t\t\t\t\t\t\t<a class=\"button\" href=\"https:\/\/ameripharmaspecialty.com\/vi\/insurances-networks-accepted\/\" target=\"_self\">B\u1ea3o hi\u1ec3m v\u00e0 M\u1ea1ng l\u01b0\u1edbi \u0111\u01b0\u1ee3c ch\u1ea5p nh\u1eadn <\/a>\n\t\t\t\t\n\t\t\t<\/div>\n\t\t\t\t\t\t\t<div class=\"image\">\n\t\t\t\t\t<img loading=\"lazy\" decoding=\"async\" width=\"700\" height=\"467\" src=\"https:\/\/ameripharmaspecialty.com\/wp-content\/uploads\/2024\/01\/rx-specialty-two-people-reviewing-document.jpg\" class=\"attachment-full size-full\" alt=\"Two people reviewing medical documents together in a professional setting.\" srcset=\"https:\/\/ameripharmaspecialty.com\/wp-content\/uploads\/2024\/01\/rx-specialty-two-people-reviewing-document.jpg 700w, https:\/\/ameripharmaspecialty.com\/wp-content\/uploads\/2024\/01\/rx-specialty-two-people-reviewing-document-300x200.jpg 300w, https:\/\/ameripharmaspecialty.com\/wp-content\/uploads\/2024\/01\/rx-specialty-two-people-reviewing-document-600x400.jpg 600w, https:\/\/ameripharmaspecialty.com\/wp-content\/uploads\/2024\/01\/rx-specialty-two-people-reviewing-document-330x220.jpg 330w, https:\/\/ameripharmaspecialty.com\/wp-content\/uploads\/2024\/01\/rx-specialty-two-people-reviewing-document-86x57.jpg 86w, https:\/\/ameripharmaspecialty.com\/wp-content\/uploads\/2024\/01\/rx-specialty-two-people-reviewing-document-167x111.jpg 167w, https:\/\/ameripharmaspecialty.com\/wp-content\/uploads\/2024\/01\/rx-specialty-two-people-reviewing-document-280x187.jpg 280w, https:\/\/ameripharmaspecialty.com\/wp-content\/uploads\/2024\/01\/rx-specialty-two-people-reviewing-document-370x247.jpg 370w\" sizes=\"auto, (max-width: 700px) 100vw, 700px\" \/>\t\t\t\t<\/div>\n\t\t\t\t\t<\/div>\n\t<\/div>\n<\/div>\n\n\n<style>\n\tbody .homeSpeciality .speciality-wrap .content .title span{\n\t\t\t\t\tmargin:0px;\n\t\t\t}\n\t\t.homeSpeciality .speciality-wrap.right .content{\n\t\t\t\n\t\t}\n<\/style>\n<div  id=\"home-speciality-dcd121737b9a2fc06ea540dc5de143a8\" style=\"\" class=\"homeSpeciality\">\n\t<div class=\"container\">\n\t\t<div class=\"speciality-wrap right\">\n\t\t\t<div class=\"content\">\n\t\t\t\t<h4 class=\"title\">\n\t\t\t\t\t\t\t\t\t\t<span>\n\t\t\t\t\t\tN\u1ea1p l\u1ea1i \u0111\u01a1n thu\u1ed1c\t\t\t\t\t<\/span>\n\t\t\t\t<\/h4>\n\t\t\t\t<p class=\"description\">S\u1ee9 m\u1ec7nh c\u1ee7a ch\u00fang t\u00f4i l\u00e0 \u0111\u1ea3m b\u1ea3o b\u1ea1n nh\u1eadn \u0111\u01b0\u1ee3c \u0111\u01a1n thu\u1ed1c b\u1ed5 sung m\u1ed9t c\u00e1ch thu\u1eadn ti\u1ec7n. Do \u0111\u00f3, ch\u00fang t\u00f4i cung c\u1ea5p d\u1ecbch v\u1ee5 b\u1ed5 sung tr\u1ef1c tuy\u1ebfn, n\u01a1i b\u1ea1n c\u00f3 th\u1ec3 \u0111\u1eb7t mua thu\u1ed1c theo toa chuy\u00ean khoa ch\u1ec9 v\u1edbi v\u00e0i c\u00fa nh\u1ea5p chu\u1ed9t. B\u1ea1n c\u00f3 th\u1ec3 nh\u1eadn \u0111\u01b0\u1ee3c t\u1ea5t c\u1ea3 \u0111\u01a1n thu\u1ed1c b\u1ed5 sung chuy\u00ean khoa m\u00e0 kh\u00f4ng c\u1ea7n \u0111\u1ebfn hi\u1ec7u thu\u1ed1c. B\u1ea5t k\u1ec3 b\u1ea1n \u0111ang g\u1eb7p ph\u1ea3i t\u00ecnh tr\u1ea1ng ph\u1ee9c t\u1ea1p n\u00e0o, b\u1ea1n c\u00f3 th\u1ec3 trao \u0111\u1ed5i v\u1edbi c\u00e1c d\u01b0\u1ee3c s\u0129 l\u00e2m s\u00e0ng s\u1eb5n s\u00e0ng h\u1ed7 tr\u1ee3 24\/7\/365 c\u1ee7a ch\u00fang t\u00f4i v\u00e0 \u0111\u1eb7t l\u1ecbch nh\u1eadn thu\u1ed1c b\u1ed5 sung. Ch\u00fang t\u00f4i s\u1ebd giao thu\u1ed1c \u0111\u1ebfn t\u1eadn nh\u00e0 b\u1ea1n trong v\u00f2ng 24 \u0111\u1ebfn 48 gi\u1edd trong bao b\u00ec k\u00edn \u0111\u00e1o theo h\u01b0\u1edbng d\u1eabn c\u1ee5 th\u1ec3 c\u1ee7a nh\u00e0 s\u1ea3n xu\u1ea5t.<\/p>\n\t\t\t\t\t\t\t\t\t<a class=\"button\" href=\"https:\/\/ameripharmaspecialty.com\/vi\/refill-a-prescription\/\" target=\"_self\">N\u1ea1p l\u1ea1i \u0111\u01a1n thu\u1ed1c<\/a>\n\t\t\t\t\n\t\t\t<\/div>\n\t\t\t\t\t\t\t<div class=\"image\">\n\t\t\t\t\t<img loading=\"lazy\" decoding=\"async\" width=\"600\" height=\"400\" src=\"https:\/\/ameripharmaspecialty.com\/wp-content\/uploads\/2024\/01\/rx-specialty-holding-capsule-pill-organizer.jpg\" class=\"attachment-full size-full\" alt=\"Receive your prescription refills conveniently\" srcset=\"https:\/\/ameripharmaspecialty.com\/wp-content\/uploads\/2024\/01\/rx-specialty-holding-capsule-pill-organizer.jpg 600w, https:\/\/ameripharmaspecialty.com\/wp-content\/uploads\/2024\/01\/rx-specialty-holding-capsule-pill-organizer-300x200.jpg 300w, https:\/\/ameripharmaspecialty.com\/wp-content\/uploads\/2024\/01\/rx-specialty-holding-capsule-pill-organizer-330x220.jpg 330w, https:\/\/ameripharmaspecialty.com\/wp-content\/uploads\/2024\/01\/rx-specialty-holding-capsule-pill-organizer-86x57.jpg 86w, https:\/\/ameripharmaspecialty.com\/wp-content\/uploads\/2024\/01\/rx-specialty-holding-capsule-pill-organizer-167x111.jpg 167w, https:\/\/ameripharmaspecialty.com\/wp-content\/uploads\/2024\/01\/rx-specialty-holding-capsule-pill-organizer-280x187.jpg 280w, https:\/\/ameripharmaspecialty.com\/wp-content\/uploads\/2024\/01\/rx-specialty-holding-capsule-pill-organizer-370x247.jpg 370w\" sizes=\"auto, (max-width: 600px) 100vw, 600px\" \/>\t\t\t\t<\/div>\n\t\t\t\t\t<\/div>\n\t<\/div>\n<\/div>\n\n\n<style>\n\tbody .homeSpeciality .speciality-wrap .content .title span{\n\t\t\t\t\tmargin:0px;\n\t\t\t}\n\t\t.homeSpeciality .speciality-wrap.right .content{\n\t\t\t\n\t\t}\n<\/style>\n<div  id=\"home-speciality-fdb4d93e888a19132cf30489748abe15\" style=\"\" class=\"homeSpeciality\">\n\t<div class=\"container\">\n\t\t<div class=\"speciality-wrap left\">\n\t\t\t<div class=\"content\">\n\t\t\t\t<h4 class=\"title\">\n\t\t\t\t\t\t\t\t\t\t<span>\n\t\t\t\t\t\tC\u00e2u h\u1ecfi th\u01b0\u1eddng g\u1eb7p c\u1ee7a b\u1ec7nh nh\u00e2n\t\t\t\t\t<\/span>\n\t\t\t\t<\/h4>\n\t\t\t\t<p class=\"description\">B\u1ea1n c\u00f3 mu\u1ed1n t\u00ecm hi\u1ec3u th\u00eam v\u1ec1 c\u00e1c lo\u1ea1i thu\u1ed1c k\u00ea \u0111\u01a1n chuy\u00ean khoa v\u00e0 d\u1ecbch v\u1ee5 ch\u0103m s\u00f3c \u0111\u1eb7c bi\u1ec7t c\u1ee7a ch\u00fang t\u00f4i kh\u00f4ng? B\u1ea1n c\u00f3 t\u00f2 m\u00f2 v\u1ec1 m\u1ed9t s\u1ed1 lo\u1ea1i thu\u1ed1c v\u00e0 quy tr\u00ecnh v\u1eadn chuy\u1ec3n c\u1ee7a ch\u00fang kh\u00f4ng? B\u1ea1n c\u00f3 mu\u1ed1n \u0111\u1eb7t l\u1ea1i \u0111\u01a1n thu\u1ed1c ho\u1eb7c t\u00ecm hi\u1ec3u c\u00e1ch AmeriPharma\u00ae Specialty Care c\u00f3 th\u1ec3 gi\u00fap b\u1ea1n ki\u1ec3m so\u00e1t t\u00ecnh tr\u1ea1ng b\u1ec7nh c\u1ee7a m\u00ecnh kh\u00f4ng? H\u00e3y t\u00ecm c\u00e2u tr\u1ea3 l\u1eddi cho t\u1ea5t c\u1ea3 nh\u1eefng c\u00e2u h\u1ecfi n\u00e0y v\u00e0 nhi\u1ec1u h\u01a1n n\u1eefa trong ph\u1ea7n C\u00e2u h\u1ecfi th\u01b0\u1eddng g\u1eb7p c\u1ee7a ch\u00fang t\u00f4i. \u0110\u1ec3 bi\u1ebft th\u00eam th\u00f4ng tin, b\u1ea1n c\u00f3 th\u1ec3 li\u00ean h\u1ec7 v\u1edbi ch\u00fang t\u00f4i tr\u1ef1c tuy\u1ebfn ho\u1eb7c th\u1eadm ch\u00ed g\u1ecdi cho ch\u00fang t\u00f4i. C\u00e1c y t\u00e1, d\u01b0\u1ee3c s\u0129 v\u00e0 nh\u00e2n vi\u00ean h\u1ed7 tr\u1ee3 chuy\u00ean khoa c\u1ee7a ch\u00fang t\u00f4i lu\u00f4n s\u1eb5n s\u00e0ng 24\/7 \u0111\u1ec3 gi\u1ea3i \u0111\u00e1p m\u1ecdi th\u1eafc m\u1eafc v\u00e0 gi\u1ea3i \u0111\u00e1p m\u1ecdi c\u00e2u h\u1ecfi c\u1ee7a b\u1ea1n.<\/p>\n\t\t\t\t\t\t\t\t\t<a class=\"button\" href=\"https:\/\/ameripharmaspecialty.com\/vi\/patient-faqs\/\" target=\"_self\">\u0110\u1ecdc C\u00e2u h\u1ecfi th\u01b0\u1eddng g\u1eb7p c\u1ee7a b\u1ec7nh nh\u00e2n<\/a>\n\t\t\t\t\n\t\t\t<\/div>\n\t\t\t\t\t\t\t<div class=\"image\">\n\t\t\t\t\t<img loading=\"lazy\" decoding=\"async\" width=\"800\" height=\"600\" src=\"https:\/\/ameripharmaspecialty.com\/wp-content\/uploads\/2024\/01\/Nitisinone-800x600-1.jpg\" class=\"attachment-full size-full\" alt=\"Nitisinone medication used for rare disease treatment.\" srcset=\"https:\/\/ameripharmaspecialty.com\/wp-content\/uploads\/2024\/01\/Nitisinone-800x600-1.jpg 800w, https:\/\/ameripharmaspecialty.com\/wp-content\/uploads\/2024\/01\/Nitisinone-800x600-1-300x225.jpg 300w, https:\/\/ameripharmaspecialty.com\/wp-content\/uploads\/2024\/01\/Nitisinone-800x600-1-768x576.jpg 768w, https:\/\/ameripharmaspecialty.com\/wp-content\/uploads\/2024\/01\/Nitisinone-800x600-1-600x450.jpg 600w, https:\/\/ameripharmaspecialty.com\/wp-content\/uploads\/2024\/01\/Nitisinone-800x600-1-86x65.jpg 86w, https:\/\/ameripharmaspecialty.com\/wp-content\/uploads\/2024\/01\/Nitisinone-800x600-1-167x125.jpg 167w, https:\/\/ameripharmaspecialty.com\/wp-content\/uploads\/2024\/01\/Nitisinone-800x600-1-280x210.jpg 280w, https:\/\/ameripharmaspecialty.com\/wp-content\/uploads\/2024\/01\/Nitisinone-800x600-1-370x278.jpg 370w\" sizes=\"auto, (max-width: 800px) 100vw, 800px\" \/>\t\t\t\t<\/div>\n\t\t\t\t\t<\/div>\n\t<\/div>\n<\/div>\n\n\n\n<div  id=\"call-to-action-8448b5deddd9cc1055b87488fbe387f0\" style=\"\" class=\"ct_call_to_action\">\n\t<div class=\"container\">\n\t\t<div class=\"block-wrap cta\">\n\t\t\t<div class=\"block-column\">\n\t\t\t\t<div class=\"cta_headings\">\n\t\t\t\t\t\t\t\t\t\t\t<h4 class=\"cta__heading\">\n\t\t\t\t\t\t\tB\u1eaft \u0111\u1ea7u v\u1edbi Ch\u0103m s\u00f3c \u0111\u1eb7c bi\u1ec7t AmeriPharma\u00ae\t\t\t\t\t\t<\/h4>\n\t\t\t\t\t\t\t\t\t\t\t\t\t\t\t\t<span class=\"cta__sub__heading\">\n\t\t\t\t\t\t\tVi\u1ec7c ki\u1ec3m so\u00e1t c\u00e1c r\u1ed1i lo\u1ea1n s\u1ee9c kh\u1ecfe ph\u1ee9c t\u1ea1p kh\u00f4ng ch\u1ec9 \u0111\u01a1n thu\u1ea7n l\u00e0 d\u00f9ng thu\u1ed1c \u0111\u00fang c\u00e1ch hay tr\u1ea3i qua c\u00e1c ph\u01b0\u01a1ng ph\u00e1p \u0111i\u1ec1u tr\u1ecb t\u1ed1n k\u00e9m. B\u1ea1n c\u1ea7n c\u00f3 m\u1ed9t h\u1ec7 th\u1ed1ng h\u1ed7 tr\u1ee3 chuy\u00ean bi\u1ec7t v\u00e0 m\u1ed9t nh\u00e0 cung c\u1ea5p thu\u1ed1c chuy\u00ean khoa \u0111\u00e1ng tin c\u1eady \u0111\u1ec3 gi\u00fap b\u1ea1n v\u01b0\u1ee3t qua. B\u1ea1n c\u00f3 th\u1ec3 nh\u1eadn \u0111\u01b0\u1ee3c \u0111i\u1ec1u \u0111\u00f3 v\u00e0 h\u01a1n th\u1ebf n\u1eefa v\u1edbi AmeriPharma\u00ae Specialty Care. Ch\u00fang t\u00f4i s\u1ebd \u0111\u1ed3ng h\u00e0nh c\u00f9ng b\u1ea1n tr\u00ean m\u1ecdi ch\u1eb7ng \u0111\u01b0\u1eddng cho \u0111\u1ebfn khi b\u1ea1n \u0111\u1ea1t \u0111\u01b0\u1ee3c k\u1ebft qu\u1ea3 s\u1ee9c kh\u1ecfe t\u1ed1t nh\u1ea5t. H\u00e3y li\u00ean h\u1ec7 v\u1edbi ch\u00fang t\u00f4i ngay \u0111\u1ec3 nh\u1eadn \u0111\u01a1n thu\u1ed1c chuy\u00ean khoa v\u00e0 d\u1ecbch v\u1ee5 ch\u0103m s\u00f3c \u0111\u1eb7c bi\u1ec7t t\u1ea1i nh\u00e0.\t\t\t\t\t\t<\/span>\n\t\t\t\t\t\t\t\t\t<\/div>\n\t\t\t\t\t\t\t\t\t<span class=\"cta_btn\">\n\t\t\t\t\t\t<a href=\"https:\/\/ameripharmaspecialty.com\/vi\/get-started\/\">B\u1eaft \u0111\u1ea7u ngay<\/a>\n\t\t\t\t\t\t\t\t\t\t\t<\/span>\n\t\t\t\t\t\t\t<\/div>\n\n\t\t<\/div>\n\t<\/div>\n<\/div>","protected":false},"excerpt":{"rendered":"<p>T\u1ea1i AmeriPharma\u00ae Specialty, d\u1ecbch v\u1ee5 ch\u0103m s\u00f3c c\u1ee7a ch\u00fang t\u00f4i kh\u00f4ng ch\u1ec9 d\u1eebng l\u1ea1i \u1edf vi\u1ec7c d\u00f9ng thu\u1ed1c. T\u1eeb vi\u1ec7c h\u1ed7 tr\u1ee3 ph\u00ea duy\u1ec7t b\u1ea3o hi\u1ec3m \u0111\u1ebfn vi\u1ec7c giao thu\u1ed1c theo \u0111\u01a1n \u0111\u1eb7c tr\u1ecb \u0111\u1ebfn t\u1eadn nh\u00e0, ch\u00fang t\u00f4i \u0111\u1ea3m nhi\u1ec7m t\u1ea5t c\u1ea3 \u0111\u1ec3 b\u1ea1n c\u00f3 th\u1ec3 t\u1eadp trung v\u00e0o s\u1ee9c kh\u1ecfe c\u1ee7a m\u00ecnh.<\/p>","protected":false},"author":1,"featured_media":0,"parent":0,"menu_order":0,"comment_status":"closed","ping_status":"closed","template":"boxed-template.php","meta":{"_acf_changed":true,"om_disable_all_campaigns":false,"_uag_custom_page_level_css":"","footnotes":""},"categories":[],"tags":[],"class_list":["post-46","page","type-page","status-publish","hentry"],"acf":[],"yoast_head":"<!-- This site is optimized with the Yoast SEO plugin v27.4 - https:\/\/yoast.com\/product\/yoast-seo-wordpress\/ -->\n<title>Patient Resources &amp; Support | 24\/7 Care | AmeriPharma<\/title>\n<meta name=\"description\" content=\"Access comprehensive patient resources &amp; specialty Rx services from AmeriPharma. Contact us to receive critical care services &amp; specialty prescriptions.\" \/>\n<meta name=\"robots\" content=\"index, follow, max-snippet:-1, max-image-preview:large, max-video-preview:-1\" \/>\n<link rel=\"canonical\" href=\"https:\/\/ameripharmaspecialty.com\/vi\/patient-resources\/\" \/>\n<meta property=\"og:locale\" content=\"vi_VN\" \/>\n<meta property=\"og:type\" content=\"article\" \/>\n<meta property=\"og:title\" content=\"Patient Resources &amp; Support | 24\/7 Care | AmeriPharma\" \/>\n<meta property=\"og:description\" content=\"Access comprehensive patient resources &amp; specialty Rx services from AmeriPharma. Contact us to receive critical care services &amp; specialty prescriptions.\" \/>\n<meta property=\"og:url\" content=\"https:\/\/ameripharmaspecialty.com\/vi\/patient-resources\/\" \/>\n<meta property=\"og:site_name\" content=\"AmeriPharma\u00ae Specialty Care\" \/>\n<meta property=\"article:publisher\" content=\"https:\/\/www.facebook.com\/ameripharma\/\" \/>\n<meta property=\"article:modified_time\" content=\"2026-04-07T21:36:39+00:00\" \/>\n<meta property=\"og:image\" content=\"https:\/\/ameripharmaspecialty.com\/wp-content\/uploads\/2024\/07\/specialty-care-logo-large-square.png\" \/>\n\t<meta property=\"og:image:width\" content=\"400\" \/>\n\t<meta property=\"og:image:height\" content=\"400\" \/>\n\t<meta property=\"og:image:type\" content=\"image\/png\" \/>\n<meta name=\"twitter:card\" content=\"summary_large_image\" \/>\n<meta name=\"twitter:label1\" content=\"Est. reading time\" \/>\n\t<meta name=\"twitter:data1\" content=\"1 ph\u00fat\" \/>\n<script type=\"application\/ld+json\" class=\"yoast-schema-graph\">{\"@context\":\"https:\\\/\\\/schema.org\",\"@graph\":[{\"@type\":\"WebPage\",\"@id\":\"https:\\\/\\\/ameripharmaspecialty.com\\\/es\\\/patient-resources\\\/\",\"url\":\"https:\\\/\\\/ameripharmaspecialty.com\\\/es\\\/patient-resources\\\/\",\"name\":\"Patient Resources & Support | 24\\\/7 Care | AmeriPharma\",\"isPartOf\":{\"@id\":\"https:\\\/\\\/ameripharmaspecialty.com\\\/#website\"},\"datePublished\":\"2023-11-02T18:33:23+00:00\",\"dateModified\":\"2026-04-07T21:36:39+00:00\",\"description\":\"Access comprehensive patient resources & specialty Rx services from AmeriPharma. Contact us to receive critical care services & specialty prescriptions.\",\"breadcrumb\":{\"@id\":\"https:\\\/\\\/ameripharmaspecialty.com\\\/es\\\/patient-resources\\\/#breadcrumb\"},\"inLanguage\":\"vi\",\"potentialAction\":[{\"@type\":\"ReadAction\",\"target\":[\"https:\\\/\\\/ameripharmaspecialty.com\\\/es\\\/patient-resources\\\/\"]}]},{\"@type\":\"BreadcrumbList\",\"@id\":\"https:\\\/\\\/ameripharmaspecialty.com\\\/es\\\/patient-resources\\\/#breadcrumb\",\"itemListElement\":[{\"@type\":\"ListItem\",\"position\":1,\"name\":\"Home\",\"item\":\"https:\\\/\\\/ameripharmaspecialty.com\\\/es\\\/\"},{\"@type\":\"ListItem\",\"position\":2,\"name\":\"Patient Resources &amp; Support\"}]},{\"@type\":\"WebSite\",\"@id\":\"https:\\\/\\\/ameripharmaspecialty.com\\\/#website\",\"url\":\"https:\\\/\\\/ameripharmaspecialty.com\\\/\",\"name\":\"AmeriPharma\u00ae Specialty Care\",\"description\":\"Specialty Care by AmeriPharma\",\"publisher\":{\"@id\":\"https:\\\/\\\/ameripharmaspecialty.com\\\/#organization\"},\"potentialAction\":[{\"@type\":\"SearchAction\",\"target\":{\"@type\":\"EntryPoint\",\"urlTemplate\":\"https:\\\/\\\/ameripharmaspecialty.com\\\/?s={search_term_string}\"},\"query-input\":{\"@type\":\"PropertyValueSpecification\",\"valueRequired\":true,\"valueName\":\"search_term_string\"}}],\"inLanguage\":\"vi\"},{\"@type\":\"Organization\",\"@id\":\"https:\\\/\\\/ameripharmaspecialty.com\\\/#organization\",\"name\":\"Ameripharma Specialty Care\",\"url\":\"https:\\\/\\\/ameripharmaspecialty.com\\\/\",\"logo\":{\"@type\":\"ImageObject\",\"inLanguage\":\"vi\",\"@id\":\"https:\\\/\\\/ameripharmaspecialty.com\\\/#\\\/schema\\\/logo\\\/image\\\/\",\"url\":\"https:\\\/\\\/ameripharmaspecialty.com\\\/wp-content\\\/uploads\\\/2024\\\/07\\\/specialty-care-logo-large-square.png\",\"contentUrl\":\"https:\\\/\\\/ameripharmaspecialty.com\\\/wp-content\\\/uploads\\\/2024\\\/07\\\/specialty-care-logo-large-square.png\",\"width\":400,\"height\":400,\"caption\":\"Ameripharma Specialty Care\"},\"image\":{\"@id\":\"https:\\\/\\\/ameripharmaspecialty.com\\\/#\\\/schema\\\/logo\\\/image\\\/\"},\"sameAs\":[\"https:\\\/\\\/www.facebook.com\\\/ameripharma\\\/\"]}]}<\/script>\n<!-- \/ Yoast SEO plugin. -->","yoast_head_json":{"title":"Ngu\u1ed3n l\u1ef1c &amp; H\u1ed7 tr\u1ee3 B\u1ec7nh nh\u00e2n | Ch\u0103m s\u00f3c 24\/7 | AmeriPharma","description":"Truy c\u1eadp c\u00e1c ngu\u1ed3n t\u00e0i li\u1ec7u to\u00e0n di\u1ec7n d\u00e0nh cho b\u1ec7nh nh\u00e2n v\u00e0 d\u1ecbch v\u1ee5 k\u00ea \u0111\u01a1n chuy\u00ean khoa t\u1eeb AmeriPharma. Li\u00ean h\u1ec7 v\u1edbi ch\u00fang t\u00f4i \u0111\u1ec3 nh\u1eadn \u0111\u01b0\u1ee3c c\u00e1c d\u1ecbch v\u1ee5 ch\u0103m s\u00f3c \u0111\u1eb7c bi\u1ec7t v\u00e0 \u0111\u01a1n thu\u1ed1c chuy\u00ean khoa.","robots":{"index":"index","follow":"follow","max-snippet":"max-snippet:-1","max-image-preview":"max-image-preview:large","max-video-preview":"max-video-preview:-1"},"canonical":"https:\/\/ameripharmaspecialty.com\/vi\/patient-resources\/","og_locale":"vi_VN","og_type":"article","og_title":"Patient Resources & Support | 24\/7 Care | AmeriPharma","og_description":"Access comprehensive patient resources & specialty Rx services from AmeriPharma. Contact us to receive critical care services & specialty prescriptions.","og_url":"https:\/\/ameripharmaspecialty.com\/vi\/patient-resources\/","og_site_name":"AmeriPharma\u00ae Specialty Care","article_publisher":"https:\/\/www.facebook.com\/ameripharma\/","article_modified_time":"2026-04-07T21:36:39+00:00","og_image":[{"width":400,"height":400,"url":"https:\/\/ameripharmaspecialty.com\/wp-content\/uploads\/2024\/07\/specialty-care-logo-large-square.png","type":"image\/png"}],"twitter_card":"summary_large_image","twitter_misc":{"Est. reading time":"1 ph\u00fat"},"schema":{"@context":"https:\/\/schema.org","@graph":[{"@type":"WebPage","@id":"https:\/\/ameripharmaspecialty.com\/es\/patient-resources\/","url":"https:\/\/ameripharmaspecialty.com\/es\/patient-resources\/","name":"Ngu\u1ed3n l\u1ef1c &amp; H\u1ed7 tr\u1ee3 B\u1ec7nh nh\u00e2n | Ch\u0103m s\u00f3c 24\/7 | AmeriPharma","isPartOf":{"@id":"https:\/\/ameripharmaspecialty.com\/#website"},"datePublished":"2023-11-02T18:33:23+00:00","dateModified":"2026-04-07T21:36:39+00:00","description":"Truy c\u1eadp c\u00e1c ngu\u1ed3n t\u00e0i li\u1ec7u to\u00e0n di\u1ec7n d\u00e0nh cho b\u1ec7nh nh\u00e2n v\u00e0 d\u1ecbch v\u1ee5 k\u00ea \u0111\u01a1n chuy\u00ean khoa t\u1eeb AmeriPharma. Li\u00ean h\u1ec7 v\u1edbi ch\u00fang t\u00f4i \u0111\u1ec3 nh\u1eadn \u0111\u01b0\u1ee3c c\u00e1c d\u1ecbch v\u1ee5 ch\u0103m s\u00f3c \u0111\u1eb7c bi\u1ec7t v\u00e0 \u0111\u01a1n thu\u1ed1c chuy\u00ean khoa.","breadcrumb":{"@id":"https:\/\/ameripharmaspecialty.com\/es\/patient-resources\/#breadcrumb"},"inLanguage":"vi","potentialAction":[{"@type":"ReadAction","target":["https:\/\/ameripharmaspecialty.com\/es\/patient-resources\/"]}]},{"@type":"BreadcrumbList","@id":"https:\/\/ameripharmaspecialty.com\/es\/patient-resources\/#breadcrumb","itemListElement":[{"@type":"ListItem","position":1,"name":"Home","item":"https:\/\/ameripharmaspecialty.com\/es\/"},{"@type":"ListItem","position":2,"name":"Patient Resources &amp; Support"}]},{"@type":"WebSite","@id":"https:\/\/ameripharmaspecialty.com\/#website","url":"https:\/\/ameripharmaspecialty.com\/","name":"Ch\u0103m s\u00f3c \u0111\u1eb7c bi\u1ec7t AmeriPharma\u00ae","description":"Ch\u0103m s\u00f3c \u0111\u1eb7c bi\u1ec7t c\u1ee7a AmeriPharma","publisher":{"@id":"https:\/\/ameripharmaspecialty.com\/#organization"},"potentialAction":[{"@type":"SearchAction","target":{"@type":"EntryPoint","urlTemplate":"https:\/\/ameripharmaspecialty.com\/?s={search_term_string}"},"query-input":{"@type":"PropertyValueSpecification","valueRequired":true,"valueName":"search_term_string"}}],"inLanguage":"vi"},{"@type":"Organization","@id":"https:\/\/ameripharmaspecialty.com\/#organization","name":"Ch\u0103m s\u00f3c \u0111\u1eb7c bi\u1ec7t Ameripharma","url":"https:\/\/ameripharmaspecialty.com\/","logo":{"@type":"ImageObject","inLanguage":"vi","@id":"https:\/\/ameripharmaspecialty.com\/#\/schema\/logo\/image\/","url":"https:\/\/ameripharmaspecialty.com\/wp-content\/uploads\/2024\/07\/specialty-care-logo-large-square.png","contentUrl":"https:\/\/ameripharmaspecialty.com\/wp-content\/uploads\/2024\/07\/specialty-care-logo-large-square.png","width":400,"height":400,"caption":"Ameripharma Specialty Care"},"image":{"@id":"https:\/\/ameripharmaspecialty.com\/#\/schema\/logo\/image\/"},"sameAs":["https:\/\/www.facebook.com\/ameripharma\/"]}]}},"uagb_featured_image_src":{"full":false,"thumbnail":false,"medium":false,"medium_large":false,"large":false,"1536x1536":false,"2048x2048":false,"trp-custom-language-flag":false,"block-image-html-large":false,"ct-gallery":false,"ct-section-header":false,"ct-thumb":false,"ct-thumb-large":false,"ct-small":false,"ct-medium":false,"ct-xmedium":false,"ct-large":false},"uagb_author_info":{"display_name":"ameripharm3dev","author_link":"https:\/\/ameripharmaspecialty.com\/vi\/author\/ameripharm3dev\/"},"uagb_comment_info":0,"uagb_excerpt":"At AmeriPharma\u00ae Specialty, our care goes beyond medication. From help with insurance approvals to delivering specialty RX medications to your door, we do it all so you can focus on your health.","rttpg_featured_image_url":null,"rttpg_author":{"display_name":"ameripharm3dev","author_link":"https:\/\/ameripharmaspecialty.com\/vi\/author\/ameripharm3dev\/"},"rttpg_comment":0,"rttpg_category":false,"rttpg_excerpt":"At AmeriPharma\u00ae Specialty, our care goes beyond medication. From help with insurance approvals to delivering specialty RX medications to your door, we do it all so you can focus on your health.","_links":{"self":[{"href":"https:\/\/ameripharmaspecialty.com\/vi\/wp-json\/wp\/v2\/pages\/46","targetHints":{"allow":["GET"]}}],"collection":[{"href":"https:\/\/ameripharmaspecialty.com\/vi\/wp-json\/wp\/v2\/pages"}],"about":[{"href":"https:\/\/ameripharmaspecialty.com\/vi\/wp-json\/wp\/v2\/types\/page"}],"author":[{"embeddable":true,"href":"https:\/\/ameripharmaspecialty.com\/vi\/wp-json\/wp\/v2\/users\/1"}],"replies":[{"embeddable":true,"href":"https:\/\/ameripharmaspecialty.com\/vi\/wp-json\/wp\/v2\/comments?post=46"}],"version-history":[{"count":0,"href":"https:\/\/ameripharmaspecialty.com\/vi\/wp-json\/wp\/v2\/pages\/46\/revisions"}],"wp:attachment":[{"href":"https:\/\/ameripharmaspecialty.com\/vi\/wp-json\/wp\/v2\/media?parent=46"}],"wp:term":[{"taxonomy":"category","embeddable":true,"href":"https:\/\/ameripharmaspecialty.com\/vi\/wp-json\/wp\/v2\/categories?post=46"},{"taxonomy":"post_tag","embeddable":true,"href":"https:\/\/ameripharmaspecialty.com\/vi\/wp-json\/wp\/v2\/tags?post=46"}],"curies":[{"name":"wp","href":"https:\/\/api.w.org\/{rel}","templated":true}]}}