{"id":43,"date":"2023-11-02T18:29:51","date_gmt":"2023-11-02T18:29:51","guid":{"rendered":"https:\/\/ameripharmaspecialty.com\/?page_id=43"},"modified":"2024-07-08T13:06:40","modified_gmt":"2024-07-08T20:06:40","slug":"blog","status":"publish","type":"page","link":"https:\/\/ameripharmaspecialty.com\/vi\/blog\/","title":{"rendered":"Blog"},"content":{"rendered":"\n<div id=\"form\">\n\t<div  id=\"copay-form-32441261abc6c1239e2d217e6a63eb2d\" style=\"\" class=\"copayForm\">\n\t\t<div class=\"container\">\n\t\t\t<div class=\"copayForm-wrapper\">\n\t\t\t\t<div class=\"content\">\n\n\t\t\t\t\t\t\t\t\t\t\t<h2 class=\"title\">Get Started in Minutes<\/h2>\n\t\t\t\t\t\n\t\t\t\t\t\t\t\t\t\t\t<p class=\"text\">Fill out your information and one of our specialists will call you ASAP.<\/p>\n\t\t\t\t\t\n\t\t\t\t\t\t\t\t\t\t\t<h3 class=\"question\">How Much Can You Save?<\/h3>\n\t\t\t\t\t\n\t\t\t\t\t\t\t\t\t\t\t<p class=\"answer\">Complete this form to save up to 100%!<\/p>\n\t\t\t\t\t\n\t\t\t\t\t\t\t\t\t\t\t<!--<a class=\"contact-button\" href=\"tel:8777780318\">(877) 778-0318<\/a>-->\n\t\t\t\t\t\t\t\t\t<\/div>\n\t\t\t\t<div class=\"form\">\n\t\t\t\t\t<div id=\"iframe-container\"><\/div>\n\t\t\t\t\t<script>     \n                        window.addEventListener('DOMContentLoaded', () => {\n                            function buildForm(posthogID) {\n                                let formId = 'Lac86iCjiIyfdFLJylVF';\n                                let formHeight = '400px';\n                                function getURLParameter(e){return decodeURIComponent((RegExp(e+\"=(.+?)(&|$)\").exec(location.search)||[,null])[1])}   \n                                let utmParams = ['utm_source','utm_medium','utm_campaign','utm_campaignid','utm_adgroup','utm_term','utm_keyword','keyword','device','match','loc','utm_network','gclid','extensionid', 'sitelink'];   \n                                let formUrl = 'https:\/\/api.leadconnectorhq.com\/widget\/survey\/';   \n                                let formJs = 'https:\/\/msgsndr.com\/js\/form_embed.js';   \n                                let urlParams = '?'; \n\n                                for (let param of utmParams) {     \n                                    getURLParameter();     \n                                    let urlTerm = getURLParameter(param);     \n                                    if (urlTerm.trim().length > 0 && urlTerm != \"null\") {       \n                                            urlParams += `${param}=${decodeURIComponent(urlTerm).replace(\/\\+\/g,' ')}&`;     \n                                    }   \n                                }   \n\n                                let cleanURL = window.location.origin + window.location.pathname;   \n                                let ifrm = document.createElement('iframe');   \n                                ifrm.setAttribute('id', \"ct-form\");   \n                                ifrm.setAttribute('title', 'Form');\n                                ifrm.setAttribute('src', formUrl + formId + urlParams + \"&pID=\" + posthogID + \"&page_url=\" + cleanURL);   \n                                ifrm.setAttribute('scrolling', 'no');   \n                                ifrm.setAttribute('style', 'border:none;width:100%;height:' + formHeight);   \n                                let s = document.createElement('script');   \n                                s.type = 'text\/javascript';   \n                                s.src = formJs;   \n                                var el = document.getElementById('iframe-container');   \n                                el.appendChild(ifrm, el);   \n                                el.appendChild(s, el); \n                            }\n\n                            function tryPosthogThenBuild() {\n                                if (typeof posthog !== 'undefined' && typeof posthog.onLoaded === 'function') {\n                                    \/\/ \u2705 Best case: wait for PostHog's ready event\n                                    posthog.onLoaded(() => {\n                                        const id = posthog.get_distinct_id();\n                                        buildForm(id);\n                                    });\n                                } else {\n                                    \/\/ Poll every 500ms until PostHog gives a valid ID\n                                    let attempts = 0;\n                                    const maxAttempts = 10; \/\/ ~5 seconds at 500ms each\n                                    const interval = setInterval(() => {\n                                        attempts++;\n                                        if (typeof posthog !== 'undefined' && typeof posthog.get_distinct_id === 'function') {\n                                            const id = posthog.get_distinct_id();\n                                            if (id && id.trim().length > 0) {\n                                                buildForm(id);        \/\/ \u2705 Build with real ID\n                                                clearInterval(interval);\n                                                return;\n                                            }\n                                        }\n                                        \/\/ If max attempts reached, give up and build with null\n                                        if (attempts >= maxAttempts) {\n                                            buildForm(null);        \/\/ \u2705 Fallback with no ID\n                                            clearInterval(interval);\n                                        }\n                                    }, 500);\n                                }\n                            }\n\n                            tryPosthogThenBuild();\n\n                        });\n                    <\/script>\n                    <p style=\"text-align: center;\"><img decoding=\"async\" src=\"https:\/\/ameripharmaspecialty.com\/wp-content\/uploads\/2024\/07\/hipaa_logo.png\" width=\"160\" alt=\"HIPAA Compliant\" \/><\/p>\n                    \t\t\t\t<p style=\"text-align: center;\" class=\"legal-block\">By submitting, you agree to AmeriPharma\u2019s <a href=\"https:\/\/ameripharmaspecialty.com\/terms-of-use\/\" target=\"_blank\" rel=\"noopener\">Terms of Use<\/a>, <a href=\"https:\/\/ameripharmaspecialty.com\/privacy-policy\/\" target=\"_blank\" rel=\"noopener\">Privacy Policy<\/a>, and <a href=\"https:\/\/ameripharmaspecialty.com\/notice-of-privacy-practices\/\" target=\"_blank\" rel=\"noopener\">Notice of Privacy Practices<\/a><\/p>\n\n\t\t\t\t<\/div>\n\t\t\t<\/div>\n\t\t<\/div>\n\t<\/div>\n<\/div>","protected":false},"excerpt":{"rendered":"","protected":false},"author":1,"featured_media":0,"parent":0,"menu_order":0,"comment_status":"closed","ping_status":"closed","template":"blog-archive.php","meta":{"_acf_changed":false,"om_disable_all_campaigns":false,"_uag_custom_page_level_css":"","footnotes":""},"categories":[],"tags":[],"class_list":["post-43","page","type-page","status-publish","hentry"],"acf":[],"yoast_head":"<!-- This site is optimized with the Yoast SEO plugin v27.3 - https:\/\/yoast.com\/product\/yoast-seo-wordpress\/ -->\n<title>Blog - AmeriPharma Specialty Care<\/title>\n<meta name=\"description\" content=\"Stay updated on our blog for information and news from AmeriPharma Specialty Care, a specialty pharmacy.\" \/>\n<meta name=\"robots\" content=\"noindex, follow, max-snippet:-1, max-image-preview:large, max-video-preview:-1\" \/>\n<meta property=\"og:locale\" content=\"vi_VN\" \/>\n<meta property=\"og:type\" content=\"article\" \/>\n<meta property=\"og:title\" content=\"Blog - AmeriPharma Specialty Care\" \/>\n<meta property=\"og:description\" content=\"Stay updated on our blog for information and news from AmeriPharma Specialty Care, a specialty pharmacy.\" \/>\n<meta property=\"og:url\" content=\"https:\/\/ameripharmaspecialty.com\/vi\/blog\/\" \/>\n<meta property=\"og:site_name\" content=\"AmeriPharma\u00ae Specialty Care\" \/>\n<meta property=\"article:publisher\" content=\"https:\/\/www.facebook.com\/ameripharma\/\" \/>\n<meta property=\"article:modified_time\" content=\"2024-07-08T20:06:40+00:00\" \/>\n<meta property=\"og:image\" content=\"https:\/\/ameripharmaspecialty.com\/wp-content\/uploads\/2024\/07\/specialty-care-logo-large-square.png\" \/>\n\t<meta property=\"og:image:width\" content=\"400\" \/>\n\t<meta property=\"og:image:height\" content=\"400\" \/>\n\t<meta property=\"og:image:type\" content=\"image\/png\" \/>\n<meta name=\"twitter:card\" content=\"summary_large_image\" \/>\n<meta name=\"twitter:label1\" content=\"Est. reading time\" \/>\n\t<meta name=\"twitter:data1\" content=\"1 ph\u00fat\" \/>\n<script type=\"application\/ld+json\" class=\"yoast-schema-graph\">{\"@context\":\"https:\\\/\\\/schema.org\",\"@graph\":[{\"@type\":\"WebPage\",\"@id\":\"https:\\\/\\\/ameripharmaspecialty.com\\\/es\\\/blog\\\/\",\"url\":\"https:\\\/\\\/ameripharmaspecialty.com\\\/es\\\/blog\\\/\",\"name\":\"Blog - AmeriPharma Specialty Care\",\"isPartOf\":{\"@id\":\"https:\\\/\\\/ameripharmaspecialty.com\\\/es\\\/#website\"},\"datePublished\":\"2023-11-02T18:29:51+00:00\",\"dateModified\":\"2024-07-08T20:06:40+00:00\",\"description\":\"Stay updated on our blog for information and news from AmeriPharma Specialty Care, a specialty pharmacy.\",\"breadcrumb\":{\"@id\":\"https:\\\/\\\/ameripharmaspecialty.com\\\/es\\\/blog\\\/#breadcrumb\"},\"inLanguage\":\"vi\",\"potentialAction\":[{\"@type\":\"ReadAction\",\"target\":[\"https:\\\/\\\/ameripharmaspecialty.com\\\/es\\\/blog\\\/\"]}]},{\"@type\":\"BreadcrumbList\",\"@id\":\"https:\\\/\\\/ameripharmaspecialty.com\\\/es\\\/blog\\\/#breadcrumb\",\"itemListElement\":[{\"@type\":\"ListItem\",\"position\":1,\"name\":\"Home\",\"item\":\"https:\\\/\\\/ameripharmaspecialty.com\\\/\"},{\"@type\":\"ListItem\",\"position\":2,\"name\":\"Blog\"}]},{\"@type\":\"WebSite\",\"@id\":\"https:\\\/\\\/ameripharmaspecialty.com\\\/es\\\/#website\",\"url\":\"https:\\\/\\\/ameripharmaspecialty.com\\\/es\\\/\",\"name\":\"AmeriPharma\u00ae Specialty Care\",\"description\":\"Specialty Care by AmeriPharma\",\"publisher\":{\"@id\":\"https:\\\/\\\/ameripharmaspecialty.com\\\/es\\\/#organization\"},\"potentialAction\":[{\"@type\":\"SearchAction\",\"target\":{\"@type\":\"EntryPoint\",\"urlTemplate\":\"https:\\\/\\\/ameripharmaspecialty.com\\\/es\\\/?s={search_term_string}\"},\"query-input\":{\"@type\":\"PropertyValueSpecification\",\"valueRequired\":true,\"valueName\":\"search_term_string\"}}],\"inLanguage\":\"vi\"},{\"@type\":\"Organization\",\"@id\":\"https:\\\/\\\/ameripharmaspecialty.com\\\/es\\\/#organization\",\"name\":\"Ameripharma Specialty Care\",\"url\":\"https:\\\/\\\/ameripharmaspecialty.com\\\/es\\\/\",\"logo\":{\"@type\":\"ImageObject\",\"inLanguage\":\"vi\",\"@id\":\"https:\\\/\\\/ameripharmaspecialty.com\\\/es\\\/#\\\/schema\\\/logo\\\/image\\\/\",\"url\":\"https:\\\/\\\/ameripharmaspecialty.com\\\/wp-content\\\/uploads\\\/2024\\\/07\\\/specialty-care-logo-large-square.png\",\"contentUrl\":\"https:\\\/\\\/ameripharmaspecialty.com\\\/wp-content\\\/uploads\\\/2024\\\/07\\\/specialty-care-logo-large-square.png\",\"width\":400,\"height\":400,\"caption\":\"Ameripharma Specialty Care\"},\"image\":{\"@id\":\"https:\\\/\\\/ameripharmaspecialty.com\\\/es\\\/#\\\/schema\\\/logo\\\/image\\\/\"},\"sameAs\":[\"https:\\\/\\\/www.facebook.com\\\/ameripharma\\\/\"]}]}<\/script>\n<!-- \/ Yoast SEO plugin. -->","yoast_head_json":{"title":"Blog - AmeriPharma Specialty Care","description":"H\u00e3y c\u1eadp nh\u1eadt th\u00f4ng tin v\u00e0 tin t\u1ee9c t\u1eeb AmeriPharma Specialty Care, m\u1ed9t hi\u1ec7u thu\u1ed1c chuy\u00ean khoa tr\u00ean blog c\u1ee7a ch\u00fang t\u00f4i.","robots":{"index":"noindex","follow":"follow","max-snippet":"max-snippet:-1","max-image-preview":"max-image-preview:large","max-video-preview":"max-video-preview:-1"},"og_locale":"vi_VN","og_type":"article","og_title":"Blog - AmeriPharma Specialty Care","og_description":"Stay updated on our blog for information and news from AmeriPharma Specialty Care, a specialty pharmacy.","og_url":"https:\/\/ameripharmaspecialty.com\/vi\/blog\/","og_site_name":"AmeriPharma\u00ae Specialty Care","article_publisher":"https:\/\/www.facebook.com\/ameripharma\/","article_modified_time":"2024-07-08T20:06:40+00:00","og_image":[{"width":400,"height":400,"url":"https:\/\/ameripharmaspecialty.com\/wp-content\/uploads\/2024\/07\/specialty-care-logo-large-square.png","type":"image\/png"}],"twitter_card":"summary_large_image","twitter_misc":{"Est. reading time":"1 ph\u00fat"},"schema":{"@context":"https:\/\/schema.org","@graph":[{"@type":"WebPage","@id":"https:\/\/ameripharmaspecialty.com\/es\/blog\/","url":"https:\/\/ameripharmaspecialty.com\/es\/blog\/","name":"Blog - AmeriPharma Specialty Care","isPartOf":{"@id":"https:\/\/ameripharmaspecialty.com\/es\/#website"},"datePublished":"2023-11-02T18:29:51+00:00","dateModified":"2024-07-08T20:06:40+00:00","description":"H\u00e3y c\u1eadp nh\u1eadt th\u00f4ng tin v\u00e0 tin t\u1ee9c t\u1eeb AmeriPharma Specialty Care, m\u1ed9t hi\u1ec7u thu\u1ed1c chuy\u00ean khoa tr\u00ean blog c\u1ee7a ch\u00fang t\u00f4i.","breadcrumb":{"@id":"https:\/\/ameripharmaspecialty.com\/es\/blog\/#breadcrumb"},"inLanguage":"vi","potentialAction":[{"@type":"ReadAction","target":["https:\/\/ameripharmaspecialty.com\/es\/blog\/"]}]},{"@type":"BreadcrumbList","@id":"https:\/\/ameripharmaspecialty.com\/es\/blog\/#breadcrumb","itemListElement":[{"@type":"ListItem","position":1,"name":"Home","item":"https:\/\/ameripharmaspecialty.com\/"},{"@type":"ListItem","position":2,"name":"Blog"}]},{"@type":"WebSite","@id":"https:\/\/ameripharmaspecialty.com\/es\/#website","url":"https:\/\/ameripharmaspecialty.com\/es\/","name":"Ch\u0103m s\u00f3c \u0111\u1eb7c bi\u1ec7t AmeriPharma\u00ae","description":"Ch\u0103m s\u00f3c \u0111\u1eb7c bi\u1ec7t c\u1ee7a AmeriPharma","publisher":{"@id":"https:\/\/ameripharmaspecialty.com\/es\/#organization"},"potentialAction":[{"@type":"SearchAction","target":{"@type":"EntryPoint","urlTemplate":"https:\/\/ameripharmaspecialty.com\/es\/?s={search_term_string}"},"query-input":{"@type":"PropertyValueSpecification","valueRequired":true,"valueName":"search_term_string"}}],"inLanguage":"vi"},{"@type":"Organization","@id":"https:\/\/ameripharmaspecialty.com\/es\/#organization","name":"Ch\u0103m s\u00f3c \u0111\u1eb7c bi\u1ec7t Ameripharma","url":"https:\/\/ameripharmaspecialty.com\/es\/","logo":{"@type":"ImageObject","inLanguage":"vi","@id":"https:\/\/ameripharmaspecialty.com\/es\/#\/schema\/logo\/image\/","url":"https:\/\/ameripharmaspecialty.com\/wp-content\/uploads\/2024\/07\/specialty-care-logo-large-square.png","contentUrl":"https:\/\/ameripharmaspecialty.com\/wp-content\/uploads\/2024\/07\/specialty-care-logo-large-square.png","width":400,"height":400,"caption":"Ameripharma Specialty Care"},"image":{"@id":"https:\/\/ameripharmaspecialty.com\/es\/#\/schema\/logo\/image\/"},"sameAs":["https:\/\/www.facebook.com\/ameripharma\/"]}]}},"uagb_featured_image_src":{"full":false,"thumbnail":false,"medium":false,"medium_large":false,"large":false,"1536x1536":false,"2048x2048":false,"trp-custom-language-flag":false,"block-image-html-large":false,"ct-gallery":false,"ct-section-header":false,"ct-thumb":false,"ct-thumb-large":false,"ct-small":false,"ct-medium":false,"ct-xmedium":false,"ct-large":false},"uagb_author_info":{"display_name":"ameripharm3dev","author_link":"https:\/\/ameripharmaspecialty.com\/vi\/author\/ameripharm3dev\/"},"uagb_comment_info":0,"uagb_excerpt":null,"rttpg_featured_image_url":null,"rttpg_author":{"display_name":"ameripharm3dev","author_link":"https:\/\/ameripharmaspecialty.com\/vi\/author\/ameripharm3dev\/"},"rttpg_comment":0,"rttpg_category":false,"rttpg_excerpt":null,"_links":{"self":[{"href":"https:\/\/ameripharmaspecialty.com\/vi\/wp-json\/wp\/v2\/pages\/43","targetHints":{"allow":["GET"]}}],"collection":[{"href":"https:\/\/ameripharmaspecialty.com\/vi\/wp-json\/wp\/v2\/pages"}],"about":[{"href":"https:\/\/ameripharmaspecialty.com\/vi\/wp-json\/wp\/v2\/types\/page"}],"author":[{"embeddable":true,"href":"https:\/\/ameripharmaspecialty.com\/vi\/wp-json\/wp\/v2\/users\/1"}],"replies":[{"embeddable":true,"href":"https:\/\/ameripharmaspecialty.com\/vi\/wp-json\/wp\/v2\/comments?post=43"}],"version-history":[{"count":0,"href":"https:\/\/ameripharmaspecialty.com\/vi\/wp-json\/wp\/v2\/pages\/43\/revisions"}],"wp:attachment":[{"href":"https:\/\/ameripharmaspecialty.com\/vi\/wp-json\/wp\/v2\/media?parent=43"}],"wp:term":[{"taxonomy":"category","embeddable":true,"href":"https:\/\/ameripharmaspecialty.com\/vi\/wp-json\/wp\/v2\/categories?post=43"},{"taxonomy":"post_tag","embeddable":true,"href":"https:\/\/ameripharmaspecialty.com\/vi\/wp-json\/wp\/v2\/tags?post=43"}],"curies":[{"name":"wp","href":"https:\/\/api.w.org\/{rel}","templated":true}]}}