{"id":42,"date":"2023-11-02T18:29:28","date_gmt":"2023-11-02T18:29:28","guid":{"rendered":"https:\/\/ameripharmaspecialty.com\/?page_id=42"},"modified":"2026-04-07T15:08:38","modified_gmt":"2026-04-07T22:08:38","slug":"about-us","status":"publish","type":"page","link":"https:\/\/ameripharmaspecialty.com\/vi\/about-us\/","title":{"rendered":"Gi\u1edbi thi\u1ec7u v\u1ec1 ch\u00fang t\u00f4i"},"content":{"rendered":"\n<div class=\"wp-block-columns alignwide is-layout-flex wp-container-core-columns-is-layout-9d6595d7 wp-block-columns-is-layout-flex\">\n<div class=\"wp-block-column is-layout-flow wp-block-column-is-layout-flow\" style=\"flex-basis:100%\">\n<h2 class=\"wp-block-heading has-text-align-center h2 mb-0\" id=\"h-patient-care-is-our-specialty\" style=\"font-size:50px\">Patient Care Is Our Specialty<\/h2>\n<\/div>\n<\/div>\n\n\n\n<div class=\"wp-block-columns is-layout-flex wp-container-core-columns-is-layout-9d6595d7 wp-block-columns-is-layout-flex\">\n<div class=\"wp-block-column is-layout-flow wp-block-column-is-layout-flow\" style=\"flex-basis:100%\">\n<div  id=\"image-with-text-844505cc3d7617731424b4d6a5a05c46\" style=\"\" class=\"mt-46 mb-46 ct_image_with_text\">\n        <div class=\"container\">\n        <div class=\"block-spacing block-wrap image_with_text \">\n                            <div class=\"image_with_text_content\">\n                    <h3>20+ years of institutional and specialty pharmacy expertise, providing the highest standard of care<\/h3>\n<p><a href=\"\/\">AmeriPharma\u00ae Specialty Care<\/a> has grown from a small retail community pharmacy to a full-service online specialty pharmacy with multiple accreditations. We pride ourselves on providing the highest level of care to 40+ U.S. states and territories, helping people with rare conditions and complex therapies.<\/p>\n<h3 style=\"margin-top:100px;\">Our Mission<\/h3>\n<p>Our goal is to achieve superior clinical and economic outcomes while maintaining the utmost compassion and care for our patients. It is our joint and individual responsibility daily to demonstrate to our patients, prescribers, colleagues, and others that We Care!<\/p>\n                <\/div>\n                                        <div class=\"image_with_text_media\">\n                    <picture>\n                                                <source loading=\"lazy\" media=\"(min-width:768px)\" srcset=\"https:\/\/ameripharmaspecialty.com\/wp-content\/uploads\/2024\/07\/Ameripharma_06_15_2023-46-scaled.jpg\">\n                        <img decoding=\"async\" loading=\"lazy\" src=\"https:\/\/ameripharmaspecialty.com\/wp-content\/uploads\/2024\/07\/Ameripharma_06_15_2023-46-scaled.jpg\" alt=\"https:\/\/ameripharmaspecialty.com\/wp-content\/uploads\/2024\/07\/Ameripharma_06_15_2023-46-scaled.jpg\" style=\"width:auto;\">\n                    <\/picture>\n                <\/div>\n                    <\/div>\n    <\/div>\n<\/div><\/div>\n<\/div>\n\n\n\n<div class=\"wp-block-columns alignwide dblock mb-0 is-layout-flex wp-container-core-columns-is-layout-9d6595d7 wp-block-columns-is-layout-flex\">\n<div class=\"wp-block-column is-layout-flow wp-block-column-is-layout-flow\" style=\"flex-basis:100%\">\n<div  id=\"only-content-ca953438ee40ff4c76bb44055c0cc6cb\" style=\"\" class=\"ct_content\">\n    <div class=\"block-wrap \">\n                    <div class=\"simple_content\">\n                <h3>Complex Medications and Comprehensive Services<\/h3>\n<p>We specialize in patients with complex therapies such as <a href=\"https:\/\/ameripharmaspecialty.com\/conditions-treatments\/cancer\/\">chemotherapy<\/a>, <a href=\"https:\/\/ameripharmaspecialty.com\/conditions-treatments\/immune-globulin-ig\/\">IVIG<\/a>, and <a href=\"https:\/\/ameripharmaspecialty.com\/conditions-treatments\/total-parenteral-nutrition-tpn\/\">TPN<\/a>, covering the entire spectrum of your specialty pharmacy needs.<\/p>\n<p>We know what it takes to deliver quality care. From prior authorizations and financial assistance to <a href=\"https:\/\/ameripharmaspecialty.com\/home-infusion\/\">home infusion services<\/a> and <a href=\"https:\/\/ameripharmaspecialty.com\/patient-advocacy\/\">patient advocacy<\/a>, AmeriPharma\u00ae Specialty takes care of the details so patients are free to focus on their health and don\u2019t have to navigate their therapy alone. Our unparalleled expertise, evidenced-based clinical support, and team of caring experts help patients every step of the way.<\/p>\n<p>Our services include:<\/p>\n            <\/div>\n            <\/div>\n<\/div>\n<\/div>\n<\/div>\n\n\n\n<div class=\"wp-block-columns alignwide mb-0 list-indent mob-dblock pl-0 is-layout-flex wp-container-core-columns-is-layout-9d6595d7 wp-block-columns-is-layout-flex\">\n<div class=\"wp-block-column is-layout-flow wp-block-column-is-layout-flow\">\n<ul class=\"wp-block-list\">\n<li>Insurance Approvals and Prior Authorization<\/li>\n\n\n\n<li>Copay Assistance and Patient Financial Support<\/li>\n\n\n\n<li><a href=\"https:\/\/corsanacare.com\/\" type=\"link\" id=\"https:\/\/corsanacare.com\/\">Nursing Services for Home Infusion<\/a><\/li>\n\n\n\n<li>Home Infusion Pharmacy<\/li>\n<\/ul>\n<\/div>\n\n\n\n<div class=\"wp-block-column is-layout-flow wp-block-column-is-layout-flow\">\n<ul class=\"wp-block-list\">\n<li>Oncology Pharmacy<\/li>\n\n\n\n<li>TPN Pharmacy<\/li>\n\n\n\n<li><a href=\"https:\/\/ameripharmaspecialty.com\/customized-packaging-delivery\/\">Reliable Prescription Delivery<\/a><\/li>\n\n\n\n<li>Patient Advocacy<\/li>\n<\/ul>\n<\/div>\n<\/div>\n\n\n\n<div class=\"wp-block-columns alignwide dblock mb0 is-layout-flex wp-container-core-columns-is-layout-9d6595d7 wp-block-columns-is-layout-flex\">\n<div class=\"wp-block-column is-layout-flow wp-block-column-is-layout-flow\" style=\"flex-basis:100%\">\n<p>Other Harper\u2019s Pharmacy services include:<\/p>\n<\/div>\n<\/div>\n\n\n\n<div class=\"wp-block-columns alignwide list-indent mob-dblock pl-0 is-layout-flex wp-container-core-columns-is-layout-9d6595d7 wp-block-columns-is-layout-flex\">\n<div class=\"wp-block-column is-layout-flow wp-block-column-is-layout-flow\">\n<ul class=\"wp-block-list\">\n<li><a href=\"https:\/\/medbox.com\/\" target=\"_blank\" rel=\"noreferrer noopener\">MedBox<\/a>, Pharmacy Made for Seniors<\/li>\n\n\n\n<li><a href=\"https:\/\/ameripharmainfusioncenter.com\/\" target=\"_blank\" rel=\"noreferrer noopener\">Infusion Centers<\/a> for IV Therapy with locations in Orange, CA; Beverly Hills, CA; Kirkland, WA; Stuart, FL; Trinity, FL; and Houston, TX.<\/li>\n\n\n\n<li><a href=\"https:\/\/corsanacare.com\/\" target=\"_blank\" rel=\"noreferrer noopener\">CorsanaCare<\/a>, our specialty infusion nursing service at home.<\/li>\n<\/ul>\n<\/div>\n<\/div>\n\n\n\n<div class=\"wp-block-columns alignwide dblock mb-0 is-layout-flex wp-container-core-columns-is-layout-9d6595d7 wp-block-columns-is-layout-flex\">\n<div class=\"wp-block-column is-layout-flow wp-block-column-is-layout-flow\" style=\"flex-basis:100%\">\n<div  id=\"only-content-0d88ca94fd4c1e490b9bbba3e85cddb9\" style=\"\" class=\"mt-46 ct_content\">\n    <div class=\"block-wrap \">\n                    <div class=\"simple_content\">\n                <h3>Insurance Approvals and Financial Assistance<\/h3>\n<p>AmeriPharma\u00ae specializes in full-service coordination that includes expertise in insurance approvals, in-home care service coordination, and <a href=\"https:\/\/ameripharmaspecialty.com\/financial-assistance\/\">copay assistance<\/a>. Our experts will ensure you get prior authorizations for your needed treatments and guide you through the process. Once we get insurance approval, we\u2019ll send your prescribed medications to your door in discreet packaging.<\/p>\n<p>We will help you navigate <a href=\"https:\/\/ameripharmaspecialty.com\/financial-assistance\/\">financial assistance<\/a> programs and copay applications so you can save money on your costly treatments. With 24\/7\/365 support, we are here to answer all your <a href=\"https:\/\/ameripharmaspecialty.com\/patient-faqs\/\">questions<\/a> and help you receive the best care possible.<\/p>\n            <\/div>\n            <\/div>\n<\/div>\n<\/div>\n<\/div>\n\n\n\n<div class=\"wp-block-columns alignwide dblock is-layout-flex wp-container-core-columns-is-layout-9d6595d7 wp-block-columns-is-layout-flex\">\n<div class=\"wp-block-column is-layout-flow wp-block-column-is-layout-flow\">\n<div  id=\"only-content-ccfdd62ae0d4428c8f39ee6f728de1d1\" style=\"\" class=\"mt-30 mb-46 ct_content\">\n    <div class=\"block-wrap \">\n                    <div class=\"simple_content\">\n                <h3>Patient Focus<\/h3>\n<p>Since day one, AmeriPharma\u00ae has stayed true to its values and the belief that individual care should be at the core of all pharmacy practices. With the growing number of clients and states we serve, we continue to be dedicated to building lasting personal relationships and caring for every single patient that we have the privilege to serve.<\/p>\n<p>Consistent communication and excellent customer service have always been, and will continue to be, areas of primary focus for AmeriPharma\u00ae. Our <a href=\"https:\/\/ameripharmaspecialty.com\/testimonials\/\">patients\u2019 appreciation<\/a> has been a testament to the success of our simple formula. Our vision is to combine innovation with a caring, personalized approach to help our patients manage their <a href=\"https:\/\/ameripharmaspecialty.com\/conditions-treatments\/\">conditions<\/a> more effectively.<\/p>\n<p>We are truly passionate about bringing you the very best in pharmaceutical care, offering first-rate services that are timely, dependable, innovative, and customized to meet your specific needs. Our expertise gives us the ability to optimize your health and well being. AmeriPharma\u00ae supports patients every step of the way to ensure you get the best care possible. <a href=\"https:\/\/ameripharmaspecialty.com\/get-started\/\/\">Get started<\/a> with AmeriPharma\u00ae Specialty Care now!<\/p>\n            <\/div>\n            <\/div>\n<\/div>\n\n\n\n<div class=\"wp-block-uagb-image aligncenter uagb-block-3c101bbb wp-block-uagb-image--layout-default wp-block-uagb-image--effect-static wp-block-uagb-image--align-center\"><figure class=\"wp-block-uagb-image__figure\"><a class=\"\" href=\"https:\/\/ameripharmaspecialty.com\/testimonials\/\" target=\"\" rel=\"noopener\"><img decoding=\"async\" srcset=\"https:\/\/ameripharmaspecialty.com\/wp-content\/uploads\/2024\/09\/patients-say-were-the-best-v3_long-1024x182.png ,https:\/\/ameripharmaspecialty.com\/wp-content\/uploads\/2024\/09\/patients-say-were-the-best-v3_long.png 780w, https:\/\/ameripharmaspecialty.com\/wp-content\/uploads\/2024\/09\/patients-say-were-the-best-v3_long.png 360w\" sizes=\"auto, (max-width: 480px) 150px\" src=\"https:\/\/ameripharmaspecialty.com\/wp-content\/uploads\/2024\/09\/patients-say-were-the-best-v3_long-1024x182.png\" alt=\"\" class=\"uag-image-26564\" width=\"1024\" height=\"182\" title=\"patients-say-were-the-best-v3_long\" loading=\"lazy\" role=\"img\"\/><\/a><\/figure><\/div>\n\n\n\n<div style=\"height:35px\" aria-hidden=\"true\" class=\"wp-block-spacer\"><\/div>\n\n\n\n<script type=\"application\/ld+json\">\n{\n  \"@context\": \"https:\/\/schema.org\",\n  \"@type\": \"Organization\",\n  \"name\": \"AmeriPharma\u00ae Specialty Care\",\n  \"url\": \"https:\/\/ameripharmaspecialty.com\/about-us\/\",\n  \"description\": \"AmeriPharma\u00ae Specialty Care is a division of Harper\u2019s Pharmacy, Inc. It has grown from a small retail community pharmacy to a full-service online specialty pharmacy with multiple accreditations. We pride ourselves on providing the highest level of care to 40+ U.S. states and territories, helping people with rare conditions and complex therapies.\",\n  \"logo\": \"https:\/\/ameripharmaspecialty.com\/wp-content\/uploads\/2024\/07\/specialty-care-logo-large-square.png\",\n  \"sameAs\": [\n    \"https:\/\/www.facebook.com\/ameripharmaspecialtycare\",\n    \"https:\/\/twitter.com\/AmeriPharmaSP\",\n    \"https:\/\/www.instagram.com\/ameripharmasp\/\",\n    \"https:\/\/www.youtube.com\/@ameripharmaspecialty\"\n  ],\n  \"contactPoint\": [\n    {\n      \"@type\": \"ContactPoint\",\n      \"telephone\": \"(866) 349-5914\",\n      \"contactType\": \"customer service\"\n    }\n  ],\n  \"address\": {\n    \"@type\": \"PostalAddress\",\n    \"streetAddress\": \"132 S. Anita Dr. Suite 310\",\n    \"addressLocality\": \"Orange\",\n    \"addressRegion\": \"CA\",\n    \"postalCode\": \"92868\",\n    \"addressCountry\": \"US\"\n  },\n  \"geo\": {\n    \"@type\": \"GeoCoordinates\",\n    \"latitude\": 33.78743,\n    \"longitude\": -117.8813695\n  },\n  \"hasMap\": \"https:\/\/www.google.com\/maps\/place\/AmeriPharma+Specialty+Care\/@33.78743,-117.8813695,17z\/data=!3m1!4b1!4m6!3m5!1s0x80dcd82a795aaaab:0xcdbf314d32e77970!8m2!3d33.78743!4d-117.8813695!16s%2Fg%2F11fx7x4dz1?entry=ttu&g_ep=EgoyMDI0MTIxMC4wIKXMDSoASAFQAw%3D%3D\",\n  \"openingHoursSpecification\": [\n    {\n      \"@type\": \"OpeningHoursSpecification\",\n      \"dayOfWeek\": [\n        \"Monday\",\n        \"Tuesday\",\n        \"Wednesday\",\n        \"Thursday\",\n        \"Friday\",\n        \"Saturday\",\n        \"Sunday\"\n      ],\n      \"opens\": \"00:00\",\n      \"closes\": \"23:59\"\n    }\n  ]\n}\n<\/script>\n<\/div>\n<\/div>\n","protected":false},"excerpt":{"rendered":"<p>Ch\u0103m s\u00f3c b\u1ec7nh nh\u00e2n l\u00e0 chuy\u00ean m\u00f4n c\u1ee7a ch\u00fang t\u00f4i C\u00e1c d\u1ecbch v\u1ee5 kh\u00e1c c\u1ee7a Nh\u00e0 thu\u1ed1c Harper bao g\u1ed3m:<\/p>","protected":false},"author":1,"featured_media":0,"parent":0,"menu_order":0,"comment_status":"closed","ping_status":"closed","template":"","meta":{"_acf_changed":false,"om_disable_all_campaigns":false,"_uag_custom_page_level_css":"","footnotes":""},"categories":[],"tags":[],"class_list":["post-42","page","type-page","status-publish","hentry"],"acf":[],"yoast_head":"<!-- This site is optimized with the Yoast SEO plugin v27.4 - https:\/\/yoast.com\/product\/yoast-seo-wordpress\/ -->\n<title>About Us | Specialty Pharmacy | AmeriPharma Specialty Care<\/title>\n<meta name=\"description\" content=\"AmeriPharma Specialty Care is a specialty pharmacy offering hard-to-find medications and home infusion therapies. Learn about our vision, mission, and services.\" \/>\n<meta name=\"robots\" content=\"index, follow, max-snippet:-1, max-image-preview:large, max-video-preview:-1\" \/>\n<link rel=\"canonical\" href=\"https:\/\/ameripharmaspecialty.com\/vi\/about-us\/\" \/>\n<meta property=\"og:locale\" content=\"vi_VN\" \/>\n<meta property=\"og:type\" content=\"article\" \/>\n<meta property=\"og:title\" content=\"About Us | Specialty Pharmacy | AmeriPharma Specialty Care\" \/>\n<meta property=\"og:description\" content=\"AmeriPharma Specialty Care is a specialty pharmacy offering hard-to-find medications and home infusion therapies. Learn about our vision, mission, and services.\" \/>\n<meta property=\"og:url\" content=\"https:\/\/ameripharmaspecialty.com\/vi\/about-us\/\" \/>\n<meta property=\"og:site_name\" content=\"AmeriPharma\u00ae Specialty Care\" \/>\n<meta property=\"article:publisher\" content=\"https:\/\/www.facebook.com\/ameripharma\/\" \/>\n<meta property=\"article:modified_time\" content=\"2026-04-07T22:08:38+00:00\" \/>\n<meta property=\"og:image\" content=\"https:\/\/ameripharmaspecialty.com\/wp-content\/uploads\/2024\/09\/patients-say-were-the-best-v3_long-1024x182.png\" \/>\n<meta name=\"twitter:card\" content=\"summary_large_image\" \/>\n<meta name=\"twitter:label1\" content=\"Est. reading time\" \/>\n\t<meta name=\"twitter:data1\" content=\"1 ph\u00fat\" \/>\n<script type=\"application\/ld+json\" class=\"yoast-schema-graph\">{\"@context\":\"https:\\\/\\\/schema.org\",\"@graph\":[{\"@type\":\"WebPage\",\"@id\":\"https:\\\/\\\/ameripharmaspecialty.com\\\/about-us\\\/\",\"url\":\"https:\\\/\\\/ameripharmaspecialty.com\\\/about-us\\\/\",\"name\":\"About Us | Specialty Pharmacy | AmeriPharma Specialty Care\",\"isPartOf\":{\"@id\":\"https:\\\/\\\/ameripharmaspecialty.com\\\/#website\"},\"primaryImageOfPage\":{\"@id\":\"https:\\\/\\\/ameripharmaspecialty.com\\\/about-us\\\/#primaryimage\"},\"image\":{\"@id\":\"https:\\\/\\\/ameripharmaspecialty.com\\\/about-us\\\/#primaryimage\"},\"thumbnailUrl\":\"https:\\\/\\\/ameripharmaspecialty.com\\\/wp-content\\\/uploads\\\/2024\\\/09\\\/patients-say-were-the-best-v3_long-1024x182.png\",\"datePublished\":\"2023-11-02T18:29:28+00:00\",\"dateModified\":\"2026-04-07T22:08:38+00:00\",\"description\":\"AmeriPharma Specialty Care is a specialty pharmacy offering hard-to-find medications and home infusion therapies. Learn about our vision, mission, and services.\",\"breadcrumb\":{\"@id\":\"https:\\\/\\\/ameripharmaspecialty.com\\\/about-us\\\/#breadcrumb\"},\"inLanguage\":\"vi\",\"potentialAction\":[{\"@type\":\"ReadAction\",\"target\":[\"https:\\\/\\\/ameripharmaspecialty.com\\\/about-us\\\/\"]}]},{\"@type\":\"ImageObject\",\"inLanguage\":\"vi\",\"@id\":\"https:\\\/\\\/ameripharmaspecialty.com\\\/about-us\\\/#primaryimage\",\"url\":\"https:\\\/\\\/ameripharmaspecialty.com\\\/wp-content\\\/uploads\\\/2024\\\/09\\\/patients-say-were-the-best-v3_long-1024x182.png\",\"contentUrl\":\"https:\\\/\\\/ameripharmaspecialty.com\\\/wp-content\\\/uploads\\\/2024\\\/09\\\/patients-say-were-the-best-v3_long-1024x182.png\"},{\"@type\":\"BreadcrumbList\",\"@id\":\"https:\\\/\\\/ameripharmaspecialty.com\\\/about-us\\\/#breadcrumb\",\"itemListElement\":[{\"@type\":\"ListItem\",\"position\":1,\"name\":\"Home\",\"item\":\"https:\\\/\\\/ameripharmaspecialty.com\\\/es\\\/\"},{\"@type\":\"ListItem\",\"position\":2,\"name\":\"About Us\"}]},{\"@type\":\"WebSite\",\"@id\":\"https:\\\/\\\/ameripharmaspecialty.com\\\/#website\",\"url\":\"https:\\\/\\\/ameripharmaspecialty.com\\\/\",\"name\":\"AmeriPharma\u00ae Specialty Care\",\"description\":\"Specialty Care by AmeriPharma\",\"publisher\":{\"@id\":\"https:\\\/\\\/ameripharmaspecialty.com\\\/#organization\"},\"potentialAction\":[{\"@type\":\"SearchAction\",\"target\":{\"@type\":\"EntryPoint\",\"urlTemplate\":\"https:\\\/\\\/ameripharmaspecialty.com\\\/?s={search_term_string}\"},\"query-input\":{\"@type\":\"PropertyValueSpecification\",\"valueRequired\":true,\"valueName\":\"search_term_string\"}}],\"inLanguage\":\"vi\"},{\"@type\":\"Organization\",\"@id\":\"https:\\\/\\\/ameripharmaspecialty.com\\\/#organization\",\"name\":\"Ameripharma Specialty Care\",\"url\":\"https:\\\/\\\/ameripharmaspecialty.com\\\/\",\"logo\":{\"@type\":\"ImageObject\",\"inLanguage\":\"vi\",\"@id\":\"https:\\\/\\\/ameripharmaspecialty.com\\\/#\\\/schema\\\/logo\\\/image\\\/\",\"url\":\"https:\\\/\\\/ameripharmaspecialty.com\\\/wp-content\\\/uploads\\\/2024\\\/07\\\/specialty-care-logo-large-square.png\",\"contentUrl\":\"https:\\\/\\\/ameripharmaspecialty.com\\\/wp-content\\\/uploads\\\/2024\\\/07\\\/specialty-care-logo-large-square.png\",\"width\":400,\"height\":400,\"caption\":\"Ameripharma Specialty Care\"},\"image\":{\"@id\":\"https:\\\/\\\/ameripharmaspecialty.com\\\/#\\\/schema\\\/logo\\\/image\\\/\"},\"sameAs\":[\"https:\\\/\\\/www.facebook.com\\\/ameripharma\\\/\"]}]}<\/script>\n<!-- \/ Yoast SEO plugin. -->","yoast_head_json":{"title":"Gi\u1edbi thi\u1ec7u | Nh\u00e0 thu\u1ed1c chuy\u00ean khoa | AmeriPharma Specialty Care","description":"AmeriPharma Specialty Care l\u00e0 m\u1ed9t nh\u00e0 thu\u1ed1c chuy\u00ean khoa cung c\u1ea5p c\u00e1c lo\u1ea1i thu\u1ed1c kh\u00f3 t\u00ecm v\u00e0 li\u1ec7u ph\u00e1p truy\u1ec1n d\u1ecbch t\u1ea1i nh\u00e0. T\u00ecm hi\u1ec3u v\u1ec1 t\u1ea7m nh\u00ecn, s\u1ee9 m\u1ec7nh v\u00e0 d\u1ecbch v\u1ee5 c\u1ee7a ch\u00fang t\u00f4i.","robots":{"index":"index","follow":"follow","max-snippet":"max-snippet:-1","max-image-preview":"max-image-preview:large","max-video-preview":"max-video-preview:-1"},"canonical":"https:\/\/ameripharmaspecialty.com\/vi\/about-us\/","og_locale":"vi_VN","og_type":"article","og_title":"About Us | Specialty Pharmacy | AmeriPharma Specialty Care","og_description":"AmeriPharma Specialty Care is a specialty pharmacy offering hard-to-find medications and home infusion therapies. Learn about our vision, mission, and services.","og_url":"https:\/\/ameripharmaspecialty.com\/vi\/about-us\/","og_site_name":"AmeriPharma\u00ae Specialty Care","article_publisher":"https:\/\/www.facebook.com\/ameripharma\/","article_modified_time":"2026-04-07T22:08:38+00:00","og_image":[{"url":"https:\/\/ameripharmaspecialty.com\/wp-content\/uploads\/2024\/09\/patients-say-were-the-best-v3_long-1024x182.png","type":"","width":"","height":""}],"twitter_card":"summary_large_image","twitter_misc":{"Est. reading time":"1 ph\u00fat"},"schema":{"@context":"https:\/\/schema.org","@graph":[{"@type":"WebPage","@id":"https:\/\/ameripharmaspecialty.com\/about-us\/","url":"https:\/\/ameripharmaspecialty.com\/about-us\/","name":"Gi\u1edbi thi\u1ec7u | Nh\u00e0 thu\u1ed1c chuy\u00ean khoa | AmeriPharma Specialty Care","isPartOf":{"@id":"https:\/\/ameripharmaspecialty.com\/#website"},"primaryImageOfPage":{"@id":"https:\/\/ameripharmaspecialty.com\/about-us\/#primaryimage"},"image":{"@id":"https:\/\/ameripharmaspecialty.com\/about-us\/#primaryimage"},"thumbnailUrl":"https:\/\/ameripharmaspecialty.com\/wp-content\/uploads\/2024\/09\/patients-say-were-the-best-v3_long-1024x182.png","datePublished":"2023-11-02T18:29:28+00:00","dateModified":"2026-04-07T22:08:38+00:00","description":"AmeriPharma Specialty Care l\u00e0 m\u1ed9t nh\u00e0 thu\u1ed1c chuy\u00ean khoa cung c\u1ea5p c\u00e1c lo\u1ea1i thu\u1ed1c kh\u00f3 t\u00ecm v\u00e0 li\u1ec7u ph\u00e1p truy\u1ec1n d\u1ecbch t\u1ea1i nh\u00e0. T\u00ecm hi\u1ec3u v\u1ec1 t\u1ea7m nh\u00ecn, s\u1ee9 m\u1ec7nh v\u00e0 d\u1ecbch v\u1ee5 c\u1ee7a ch\u00fang t\u00f4i.","breadcrumb":{"@id":"https:\/\/ameripharmaspecialty.com\/about-us\/#breadcrumb"},"inLanguage":"vi","potentialAction":[{"@type":"ReadAction","target":["https:\/\/ameripharmaspecialty.com\/about-us\/"]}]},{"@type":"ImageObject","inLanguage":"vi","@id":"https:\/\/ameripharmaspecialty.com\/about-us\/#primaryimage","url":"https:\/\/ameripharmaspecialty.com\/wp-content\/uploads\/2024\/09\/patients-say-were-the-best-v3_long-1024x182.png","contentUrl":"https:\/\/ameripharmaspecialty.com\/wp-content\/uploads\/2024\/09\/patients-say-were-the-best-v3_long-1024x182.png"},{"@type":"BreadcrumbList","@id":"https:\/\/ameripharmaspecialty.com\/about-us\/#breadcrumb","itemListElement":[{"@type":"ListItem","position":1,"name":"Home","item":"https:\/\/ameripharmaspecialty.com\/es\/"},{"@type":"ListItem","position":2,"name":"About Us"}]},{"@type":"WebSite","@id":"https:\/\/ameripharmaspecialty.com\/#website","url":"https:\/\/ameripharmaspecialty.com\/","name":"Ch\u0103m s\u00f3c \u0111\u1eb7c bi\u1ec7t AmeriPharma\u00ae","description":"Ch\u0103m s\u00f3c \u0111\u1eb7c bi\u1ec7t c\u1ee7a AmeriPharma","publisher":{"@id":"https:\/\/ameripharmaspecialty.com\/#organization"},"potentialAction":[{"@type":"SearchAction","target":{"@type":"EntryPoint","urlTemplate":"https:\/\/ameripharmaspecialty.com\/?s={search_term_string}"},"query-input":{"@type":"PropertyValueSpecification","valueRequired":true,"valueName":"search_term_string"}}],"inLanguage":"vi"},{"@type":"Organization","@id":"https:\/\/ameripharmaspecialty.com\/#organization","name":"Ch\u0103m s\u00f3c \u0111\u1eb7c bi\u1ec7t Ameripharma","url":"https:\/\/ameripharmaspecialty.com\/","logo":{"@type":"ImageObject","inLanguage":"vi","@id":"https:\/\/ameripharmaspecialty.com\/#\/schema\/logo\/image\/","url":"https:\/\/ameripharmaspecialty.com\/wp-content\/uploads\/2024\/07\/specialty-care-logo-large-square.png","contentUrl":"https:\/\/ameripharmaspecialty.com\/wp-content\/uploads\/2024\/07\/specialty-care-logo-large-square.png","width":400,"height":400,"caption":"Ameripharma Specialty Care"},"image":{"@id":"https:\/\/ameripharmaspecialty.com\/#\/schema\/logo\/image\/"},"sameAs":["https:\/\/www.facebook.com\/ameripharma\/"]}]}},"uagb_featured_image_src":{"full":false,"thumbnail":false,"medium":false,"medium_large":false,"large":false,"1536x1536":false,"2048x2048":false,"trp-custom-language-flag":false,"block-image-html-large":false,"ct-gallery":false,"ct-section-header":false,"ct-thumb":false,"ct-thumb-large":false,"ct-small":false,"ct-medium":false,"ct-xmedium":false,"ct-large":false},"uagb_author_info":{"display_name":"ameripharm3dev","author_link":"https:\/\/ameripharmaspecialty.com\/vi\/author\/ameripharm3dev\/"},"uagb_comment_info":0,"uagb_excerpt":"Patient Care Is Our Specialty Other Harper\u2019s Pharmacy services include:","rttpg_featured_image_url":null,"rttpg_author":{"display_name":"ameripharm3dev","author_link":"https:\/\/ameripharmaspecialty.com\/vi\/author\/ameripharm3dev\/"},"rttpg_comment":0,"rttpg_category":false,"rttpg_excerpt":"Patient Care Is Our Specialty Other Harper\u2019s Pharmacy services include:","_links":{"self":[{"href":"https:\/\/ameripharmaspecialty.com\/vi\/wp-json\/wp\/v2\/pages\/42","targetHints":{"allow":["GET"]}}],"collection":[{"href":"https:\/\/ameripharmaspecialty.com\/vi\/wp-json\/wp\/v2\/pages"}],"about":[{"href":"https:\/\/ameripharmaspecialty.com\/vi\/wp-json\/wp\/v2\/types\/page"}],"author":[{"embeddable":true,"href":"https:\/\/ameripharmaspecialty.com\/vi\/wp-json\/wp\/v2\/users\/1"}],"replies":[{"embeddable":true,"href":"https:\/\/ameripharmaspecialty.com\/vi\/wp-json\/wp\/v2\/comments?post=42"}],"version-history":[{"count":0,"href":"https:\/\/ameripharmaspecialty.com\/vi\/wp-json\/wp\/v2\/pages\/42\/revisions"}],"wp:attachment":[{"href":"https:\/\/ameripharmaspecialty.com\/vi\/wp-json\/wp\/v2\/media?parent=42"}],"wp:term":[{"taxonomy":"category","embeddable":true,"href":"https:\/\/ameripharmaspecialty.com\/vi\/wp-json\/wp\/v2\/categories?post=42"},{"taxonomy":"post_tag","embeddable":true,"href":"https:\/\/ameripharmaspecialty.com\/vi\/wp-json\/wp\/v2\/tags?post=42"}],"curies":[{"name":"wp","href":"https:\/\/api.w.org\/{rel}","templated":true}]}}