{"id":28016,"date":"2026-01-26T15:02:56","date_gmt":"2026-01-26T22:02:56","guid":{"rendered":"https:\/\/ameripharmaspecialty.com\/?page_id=28016"},"modified":"2026-01-26T15:09:02","modified_gmt":"2026-01-26T22:09:02","slug":"notice-of-nondiscrimination","status":"publish","type":"page","link":"https:\/\/ameripharmaspecialty.com\/vi\/notice-of-nondiscrimination\/","title":{"rendered":"Th\u00f4ng b\u00e1o v\u1ec1 vi\u1ec7c kh\u00f4ng ph\u00e2n bi\u1ec7t \u0111\u1ed1i x\u1eed"},"content":{"rendered":"<h3 class=\"wp-block-heading\"><strong>Ph\u00e2n bi\u1ec7t \u0111\u1ed1i x\u1eed l\u00e0 vi ph\u1ea1m ph\u00e1p lu\u1eadt.<\/strong><\/h3>\n\n\n\n<p>AmeriPharma tu\u00e2n th\u1ee7 c\u00e1c lu\u1eadt d\u00e2n quy\u1ec1n li\u00ean bang hi\u1ec7n h\u00e0nh, bao g\u1ed3m \u0110i\u1ec1u 1557 c\u1ee7a \u0110\u1ea1o lu\u1eadt Ch\u0103m s\u00f3c S\u1ee9c kh\u1ecfe H\u1ee3p l\u00fd v\u00e0 c\u00e1c quy \u0111\u1ecbnh th\u1ef1c thi c\u1ee7a n\u00f3 t\u1ea1i 45 CFR Ph\u1ea7n 92, c\u0169ng nh\u01b0 c\u00e1c lu\u1eadt d\u00e2n quy\u1ec1n ti\u1ec3u bang hi\u1ec7n h\u00e0nh. AmeriPharma kh\u00f4ng ph\u00e2n bi\u1ec7t \u0111\u1ed1i x\u1eed, lo\u1ea1i tr\u1eeb ng\u01b0\u1eddi ho\u1eb7c \u0111\u1ed1i x\u1eed kh\u00e1c bi\u1ec7t v\u1edbi h\u1ecd d\u1ef1a tr\u00ean:<\/p>\n\n\n\n<ul class=\"wp-block-list\">\n<li>lo\u00e0i<\/li>\n\n\n\n<li>m\u00e0u s\u1eafc<\/li>\n\n\n\n<li>qu\u1ed1c t\u1ecbch (bao g\u1ed3m tr\u00ecnh \u0111\u1ed9 ti\u1ebfng Anh h\u1ea1n ch\u1ebf v\u00e0 ng\u00f4n ng\u1eef ch\u00ednh)<\/li>\n\n\n\n<li>tu\u1ed5i<\/li>\n\n\n\n<li>khuy\u1ebft t\u1eadt<\/li>\n\n\n\n<li>Gi\u1edbi t\u00ednh, bao g\u1ed3m c\u00e1c \u0111\u1eb7c \u0111i\u1ec3m gi\u1edbi t\u00ednh (nh\u01b0 \u0111\u1eb7c \u0111i\u1ec3m l\u01b0\u1ee1ng t\u00ednh), mang thai ho\u1eb7c c\u00e1c t\u00ecnh tr\u1ea1ng li\u00ean quan, xu h\u01b0\u1edbng t\u00ecnh d\u1ee5c, b\u1ea3n d\u1ea1ng gi\u1edbi v\u00e0 \u0111\u1ecbnh ki\u1ebfn gi\u1edbi.<\/li>\n<\/ul>\n\n\n\n<h3 class=\"wp-block-heading\"><strong>Tr\u00e1ch nhi\u1ec7m c\u1ee7a ch\u00fang ta<\/strong><\/h3>\n\n\n\n<p>AmeriPharma:<\/p>\n\n\n\n<ul class=\"wp-block-list\">\n<li>Cung c\u1ea5p cho ng\u01b0\u1eddi khuy\u1ebft t\u1eadt nh\u1eefng \u0111i\u1ec1u ch\u1ec9nh h\u1ee3p l\u00fd v\u00e0 c\u00e1c thi\u1ebft b\u1ecb h\u1ed7 tr\u1ee3, d\u1ecbch v\u1ee5 ph\u00f9 h\u1ee3p mi\u1ec5n ph\u00ed \u0111\u1ec3 gi\u00fap h\u1ecd giao ti\u1ebfp hi\u1ec7u qu\u1ea3 v\u1edbi ch\u00fang t\u00f4i, ch\u1eb3ng h\u1ea1n nh\u01b0:\n<ul class=\"wp-block-list\">\n<li>phi\u00ean d\u1ecbch vi\u00ean ng\u00f4n ng\u1eef k\u00fd hi\u1ec7u \u0111\u1ee7 ti\u00eau chu\u1ea9n<\/li>\n\n\n\n<li>Th\u00f4ng tin b\u1eb1ng v\u0103n b\u1ea3n \u1edf c\u00e1c \u0111\u1ecbnh d\u1ea1ng kh\u00e1c (v\u00ed d\u1ee5: ch\u1eef in l\u1edbn, \u00e2m thanh, \u0111\u1ecbnh d\u1ea1ng \u0111i\u1ec7n t\u1eed d\u1ec5 truy c\u1eadp ho\u1eb7c c\u00e1c \u0111\u1ecbnh d\u1ea1ng kh\u00e1c khi c\u00f3 th\u1ec3).<\/li>\n<\/ul>\n<\/li>\n\n\n\n<li>Cung c\u1ea5p c\u00e1c d\u1ecbch v\u1ee5 h\u1ed7 tr\u1ee3 ng\u00f4n ng\u1eef mi\u1ec5n ph\u00ed cho nh\u1eefng ng\u01b0\u1eddi c\u00f3 ng\u00f4n ng\u1eef ch\u00ednh kh\u00f4ng ph\u1ea3i l\u00e0 ti\u1ebfng Anh, bao g\u1ed3m:\n<ul class=\"wp-block-list\">\n<li>Phi\u00ean d\u1ecbch vi\u00ean \u0111\u1ee7 ti\u00eau chu\u1ea9n (tr\u1ef1c ti\u1ebfp, qua \u0111i\u1ec7n tho\u1ea1i ho\u1eb7c video, n\u1ebfu c\u00f3)<\/li>\n\n\n\n<li>th\u00f4ng tin \u0111\u01b0\u1ee3c vi\u1ebft b\u1eb1ng c\u00e1c ng\u00f4n ng\u1eef kh\u00e1c<\/li>\n<\/ul>\n<\/li>\n<\/ul>\n\n\n\n<h3 class=\"wp-block-heading\"><strong>L\u00e0m th\u1ebf n\u00e0o \u0111\u1ec3 \u0111\u01b0\u1ee3c h\u1ed7 tr\u1ee3 n\u1ebfu b\u1ea1n c\u1ea7n nh\u1eefng d\u1ecbch v\u1ee5 n\u00e0y?<\/strong><\/h3>\n\n\n\n<p>N\u1ebfu qu\u00fd kh\u00e1ch c\u1ea7n h\u1ed7 tr\u1ee3 \u0111i\u1ec1u ch\u1ec9nh h\u1ee3p l\u00fd, c\u00e1c d\u1ecbch v\u1ee5 h\u1ed7 tr\u1ee3 b\u1ed5 sung ho\u1eb7c d\u1ecbch v\u1ee5 h\u1ed7 tr\u1ee3 ng\u00f4n ng\u1eef, vui l\u00f2ng li\u00ean h\u1ec7 v\u1edbi ch\u00fang t\u00f4i theo \u0111\u1ecba ch\u1ec9:<\/p>\n\n\n\n<ul class=\"wp-block-list\">\n<li>S\u1ed1 \u0111i\u1ec7n tho\u1ea1i: 1-877-778-0318<\/li>\n\n\n\n<li>Th\u01b0 \u0111i\u1ec7n t\u1eed: info@ameripharma.us<\/li>\n\n\n\n<li>\u0110\u1ecba ch\u1ec9 g\u1eedi th\u01b0: 132 S. Anita Drive, Ste. 210, Orange, CA 92868-3317<\/li>\n<\/ul>\n\n\n\n<p>B\u1ea1n c\u0169ng c\u00f3 th\u1ec3 y\u00eau c\u1ea7u b\u1ea5t k\u1ef3 nh\u00e2n vi\u00ean n\u00e0o c\u1ee7a AmeriPharma k\u1ebft n\u1ed1i b\u1ea1n v\u1edbi ng\u01b0\u1eddi c\u00f3 th\u1ec3 gi\u00fap b\u1ea1n ti\u1ebfp c\u1eadn c\u00e1c d\u1ecbch v\u1ee5 n\u00e0y.<\/p>\n\n\n\n<h3 class=\"wp-block-heading\"><strong>H\u01b0\u1edbng d\u1eabn c\u00e1ch g\u1eedi khi\u1ebfu n\u1ea1i \u0111\u1ebfn AmeriPharma<\/strong><\/h3>\n\n\n\n<p>N\u1ebfu b\u1ea1n cho r\u1eb1ng AmeriPharma kh\u00f4ng cung c\u1ea5p c\u00e1c d\u1ecbch v\u1ee5 \u0111\u01b0\u1ee3c m\u00f4 t\u1ea3 \u1edf tr\u00ean, ho\u1eb7c \u0111\u00e3 ph\u00e2n bi\u1ec7t \u0111\u1ed1i x\u1eed theo c\u00e1ch kh\u00e1c d\u1ef1a tr\u00ean ch\u1ee7ng t\u1ed9c, m\u00e0u da, ngu\u1ed3n g\u1ed1c qu\u1ed1c gia, tu\u1ed5i t\u00e1c, khuy\u1ebft t\u1eadt ho\u1eb7c gi\u1edbi t\u00ednh, b\u1ea1n c\u00f3 th\u1ec3 g\u1eedi khi\u1ebfu n\u1ea1i \u0111\u1ebfn:<\/p>\n\n\n\n<p>AmeriPharma Ph\u00f2ng Qu\u1ea3n l\u00fd Ph\u00e1p quy<br>K\u00ednh g\u1eedi: Gi\u00e1m \u0111\u1ed1c ph\u1ee5 tr\u00e1ch c\u00e1c v\u1ea5n \u0111\u1ec1 ph\u00e1p l\u00fd<br>132 S. Anita Drive, Ste. 210, Orange, CA 92868-3317<br>\u0110i\u1ec7n tho\u1ea1i: 877-778-3773 m\u00e1y l\u1ebb 176<br>S\u1ed1 fax: 714-464-4410<br>Email: compliance@ameripharma.us<\/p>\n\n\n\n<p>B\u1ea1n c\u00f3 th\u1ec3 g\u1eedi khi\u1ebfu n\u1ea1i tr\u1ef1c ti\u1ebfp, qua \u0111\u01b0\u1eddng b\u01b0u \u0111i\u1ec7n, fax ho\u1eb7c email.&nbsp;<\/p>\n\n\n\n<h3 class=\"wp-block-heading\"><strong>H\u01b0\u1edbng d\u1eabn c\u00e1ch n\u1ed9p \u0111\u01a1n khi\u1ebfu n\u1ea1i v\u1ec1 vi ph\u1ea1m quy\u1ec1n d\u00e2n s\u1ef1 v\u1edbi B\u1ed9 Y t\u1ebf v\u00e0 D\u1ecbch v\u1ee5 Nh\u00e2n sinh Hoa K\u1ef3 (HHS).<\/strong><\/h3>\n\n\n\n<p>B\u1ea1n c\u0169ng c\u00f3 th\u1ec3 tr\u1ef1c ti\u1ebfp khi\u1ebfu n\u1ea1i v\u1ec1 vi ph\u1ea1m quy\u1ec1n d\u00e2n s\u1ef1 v\u1edbi B\u1ed9 Y t\u1ebf v\u00e0 D\u1ecbch v\u1ee5 Nh\u00e2n sinh Hoa K\u1ef3, V\u0103n ph\u00f2ng Quy\u1ec1n D\u00e2n s\u1ef1 (OCR). B\u1ea1n c\u00f3 th\u1ec3 n\u1ed9p:<\/p>\n\n\n\n<ul class=\"wp-block-list\">\n<li>Tr\u1ef1c tuy\u1ebfn: th\u00f4ng qua C\u1ed5ng khi\u1ebfu n\u1ea1i OCR t\u1ea1i <a href=\"https:\/\/ocrportal.hhs.gov\/ocr\/smartscreen\/main.jsf\">https:\/\/ocrportal.hhs.gov\/ocr\/smartscreen\/main.jsf<\/a><\/li>\n\n\n\n<li>Qua th\u01b0 t\u1eeb ho\u1eb7c \u0111i\u1ec7n tho\u1ea1i:<br><br>B\u1ed9 Y t\u1ebf v\u00e0 D\u1ecbch v\u1ee5 Nh\u00e2n sinh Hoa K\u1ef3<br>V\u0103n ph\u00f2ng v\u1ec1 Quy\u1ec1n C\u00f4ng d\u00e2n<br>200 \u0110\u1ea1i l\u1ed9 Independence, T\u00e2y Nam<br>Ph\u00f2ng 509F, T\u00f2a nh\u00e0 HHH<br>Washington, DC 20201<br>S\u1ed1 \u0111i\u1ec7n tho\u1ea1i: 1-800-368-1019<br>TDD: 1-800-537-7697<\/li>\n<\/ul>\n\n\n\n<p>M\u1eabu \u0111\u01a1n khi\u1ebfu n\u1ea1i v\u00e0 th\u00f4ng tin chi ti\u1ebft v\u1ec1 c\u00e1ch th\u1ee9c n\u1ed9p \u0111\u01a1n c\u00f3 s\u1eb5n t\u1ea1i V\u0103n ph\u00f2ng Quy\u1ec1n D\u00e2n s\u1ef1.<\/p>\n\n\n\n<p><\/p>","protected":false},"excerpt":{"rendered":"<p>Ph\u00e2n bi\u1ec7t \u0111\u1ed1i x\u1eed l\u00e0 vi ph\u1ea1m ph\u00e1p lu\u1eadt. AmeriPharma tu\u00e2n th\u1ee7 c\u00e1c lu\u1eadt d\u00e2n quy\u1ec1n li\u00ean bang hi\u1ec7n h\u00e0nh, bao g\u1ed3m \u0110i\u1ec1u 1557 c\u1ee7a \u0110\u1ea1o lu\u1eadt Ch\u0103m s\u00f3c S\u1ee9c kh\u1ecfe H\u1ee3p l\u00fd v\u00e0 c\u00e1c quy \u0111\u1ecbnh th\u1ef1c thi c\u1ee7a n\u00f3 t\u1ea1i 45 CFR Ph\u1ea7n 92, c\u0169ng nh\u01b0 c\u00e1c lu\u1eadt d\u00e2n quy\u1ec1n ti\u1ec3u bang hi\u1ec7n h\u00e0nh.<\/p>","protected":false},"author":30,"featured_media":0,"parent":0,"menu_order":0,"comment_status":"closed","ping_status":"closed","template":"boxed-template.php","meta":{"_acf_changed":false,"om_disable_all_campaigns":false,"_uag_custom_page_level_css":"","footnotes":""},"categories":[],"tags":[],"class_list":["post-28016","page","type-page","status-publish","hentry"],"acf":[],"yoast_head":"<!-- This site is optimized with the Yoast SEO plugin v27.6 - https:\/\/yoast.com\/product\/yoast-seo-wordpress\/ -->\n<title>Notice of Nondiscrimination - AmeriPharma\u00ae Specialty Care<\/title>\n<meta name=\"description\" content=\"AmeriPharma complies with federal and state civil rights laws, prohibits discrimination, and provides disability and language assistance services.\" \/>\n<meta name=\"robots\" content=\"index, follow, max-snippet:-1, max-image-preview:large, max-video-preview:-1\" \/>\n<link rel=\"canonical\" href=\"https:\/\/ameripharmaspecialty.com\/vi\/notice-of-nondiscrimination\/\" \/>\n<meta property=\"og:locale\" content=\"vi_VN\" \/>\n<meta property=\"og:type\" content=\"article\" \/>\n<meta property=\"og:title\" content=\"Notice of Nondiscrimination - AmeriPharma\u00ae Specialty Care\" \/>\n<meta property=\"og:description\" content=\"AmeriPharma complies with federal and state civil rights laws, prohibits discrimination, and provides disability and language assistance services.\" \/>\n<meta property=\"og:url\" content=\"https:\/\/ameripharmaspecialty.com\/vi\/notice-of-nondiscrimination\/\" \/>\n<meta property=\"og:site_name\" content=\"AmeriPharma\u00ae Specialty Care\" \/>\n<meta property=\"article:publisher\" content=\"https:\/\/www.facebook.com\/ameripharma\/\" \/>\n<meta property=\"article:modified_time\" content=\"2026-01-26T22:09:02+00:00\" \/>\n<meta property=\"og:image\" content=\"https:\/\/ameripharmaspecialty.com\/wp-content\/uploads\/2024\/07\/specialty-care-logo-large-square.png\" \/>\n\t<meta property=\"og:image:width\" content=\"400\" \/>\n\t<meta property=\"og:image:height\" content=\"400\" \/>\n\t<meta property=\"og:image:type\" content=\"image\/png\" \/>\n<meta name=\"twitter:card\" content=\"summary_large_image\" \/>\n<meta name=\"twitter:label1\" content=\"Est. reading time\" \/>\n\t<meta name=\"twitter:data1\" content=\"2 ph\u00fat\" \/>\n<script type=\"application\/ld+json\" class=\"yoast-schema-graph\">{\"@context\":\"https:\\\/\\\/schema.org\",\"@graph\":[{\"@type\":\"WebPage\",\"@id\":\"https:\\\/\\\/ameripharmaspecialty.com\\\/es\\\/notice-of-nondiscrimination\\\/\",\"url\":\"https:\\\/\\\/ameripharmaspecialty.com\\\/es\\\/notice-of-nondiscrimination\\\/\",\"name\":\"Notice of Nondiscrimination - AmeriPharma\u00ae Specialty Care\",\"isPartOf\":{\"@id\":\"https:\\\/\\\/ameripharmaspecialty.com\\\/#website\"},\"datePublished\":\"2026-01-26T22:02:56+00:00\",\"dateModified\":\"2026-01-26T22:09:02+00:00\",\"description\":\"AmeriPharma complies with federal and state civil rights laws, prohibits discrimination, and provides disability and language assistance services.\",\"breadcrumb\":{\"@id\":\"https:\\\/\\\/ameripharmaspecialty.com\\\/es\\\/notice-of-nondiscrimination\\\/#breadcrumb\"},\"inLanguage\":\"vi\",\"potentialAction\":[{\"@type\":\"ReadAction\",\"target\":[\"https:\\\/\\\/ameripharmaspecialty.com\\\/es\\\/notice-of-nondiscrimination\\\/\"]}]},{\"@type\":\"BreadcrumbList\",\"@id\":\"https:\\\/\\\/ameripharmaspecialty.com\\\/es\\\/notice-of-nondiscrimination\\\/#breadcrumb\",\"itemListElement\":[{\"@type\":\"ListItem\",\"position\":1,\"name\":\"Home\",\"item\":\"https:\\\/\\\/ameripharmaspecialty.com\\\/\"},{\"@type\":\"ListItem\",\"position\":2,\"name\":\"Notice of Nondiscrimination\"}]},{\"@type\":\"WebSite\",\"@id\":\"https:\\\/\\\/ameripharmaspecialty.com\\\/#website\",\"url\":\"https:\\\/\\\/ameripharmaspecialty.com\\\/\",\"name\":\"AmeriPharma\u00ae Specialty Care\",\"description\":\"Specialty Care by AmeriPharma\",\"publisher\":{\"@id\":\"https:\\\/\\\/ameripharmaspecialty.com\\\/#organization\"},\"potentialAction\":[{\"@type\":\"SearchAction\",\"target\":{\"@type\":\"EntryPoint\",\"urlTemplate\":\"https:\\\/\\\/ameripharmaspecialty.com\\\/?s={search_term_string}\"},\"query-input\":{\"@type\":\"PropertyValueSpecification\",\"valueRequired\":true,\"valueName\":\"search_term_string\"}}],\"inLanguage\":\"vi\"},{\"@type\":\"Organization\",\"@id\":\"https:\\\/\\\/ameripharmaspecialty.com\\\/#organization\",\"name\":\"Ameripharma Specialty Care\",\"url\":\"https:\\\/\\\/ameripharmaspecialty.com\\\/\",\"logo\":{\"@type\":\"ImageObject\",\"inLanguage\":\"vi\",\"@id\":\"https:\\\/\\\/ameripharmaspecialty.com\\\/#\\\/schema\\\/logo\\\/image\\\/\",\"url\":\"https:\\\/\\\/ameripharmaspecialty.com\\\/wp-content\\\/uploads\\\/2024\\\/07\\\/specialty-care-logo-large-square.png\",\"contentUrl\":\"https:\\\/\\\/ameripharmaspecialty.com\\\/wp-content\\\/uploads\\\/2024\\\/07\\\/specialty-care-logo-large-square.png\",\"width\":400,\"height\":400,\"caption\":\"Ameripharma Specialty Care\"},\"image\":{\"@id\":\"https:\\\/\\\/ameripharmaspecialty.com\\\/#\\\/schema\\\/logo\\\/image\\\/\"},\"sameAs\":[\"https:\\\/\\\/www.facebook.com\\\/ameripharma\\\/\"]}]}<\/script>\n<!-- \/ Yoast SEO plugin. -->","yoast_head_json":{"title":"Th\u00f4ng b\u00e1o v\u1ec1 vi\u1ec7c kh\u00f4ng ph\u00e2n bi\u1ec7t \u0111\u1ed1i x\u1eed - Ch\u0103m s\u00f3c chuy\u00ean khoa AmeriPharma\u00ae","description":"AmeriPharma tu\u00e2n th\u1ee7 lu\u1eadt d\u00e2n quy\u1ec1n li\u00ean bang v\u00e0 ti\u1ec3u bang, nghi\u00eam c\u1ea5m ph\u00e2n bi\u1ec7t \u0111\u1ed1i x\u1eed v\u00e0 cung c\u1ea5p c\u00e1c d\u1ecbch v\u1ee5 h\u1ed7 tr\u1ee3 ng\u01b0\u1eddi khuy\u1ebft t\u1eadt v\u00e0 ng\u00f4n ng\u1eef.","robots":{"index":"index","follow":"follow","max-snippet":"max-snippet:-1","max-image-preview":"max-image-preview:large","max-video-preview":"max-video-preview:-1"},"canonical":"https:\/\/ameripharmaspecialty.com\/vi\/notice-of-nondiscrimination\/","og_locale":"vi_VN","og_type":"article","og_title":"Notice of Nondiscrimination - AmeriPharma\u00ae Specialty Care","og_description":"AmeriPharma complies with federal and state civil rights laws, prohibits discrimination, and provides disability and language assistance services.","og_url":"https:\/\/ameripharmaspecialty.com\/vi\/notice-of-nondiscrimination\/","og_site_name":"AmeriPharma\u00ae Specialty Care","article_publisher":"https:\/\/www.facebook.com\/ameripharma\/","article_modified_time":"2026-01-26T22:09:02+00:00","og_image":[{"width":400,"height":400,"url":"https:\/\/ameripharmaspecialty.com\/wp-content\/uploads\/2024\/07\/specialty-care-logo-large-square.png","type":"image\/png"}],"twitter_card":"summary_large_image","twitter_misc":{"Est. reading time":"2 ph\u00fat"},"schema":{"@context":"https:\/\/schema.org","@graph":[{"@type":"WebPage","@id":"https:\/\/ameripharmaspecialty.com\/es\/notice-of-nondiscrimination\/","url":"https:\/\/ameripharmaspecialty.com\/es\/notice-of-nondiscrimination\/","name":"Th\u00f4ng b\u00e1o v\u1ec1 vi\u1ec7c kh\u00f4ng ph\u00e2n bi\u1ec7t \u0111\u1ed1i x\u1eed - Ch\u0103m s\u00f3c chuy\u00ean khoa AmeriPharma\u00ae","isPartOf":{"@id":"https:\/\/ameripharmaspecialty.com\/#website"},"datePublished":"2026-01-26T22:02:56+00:00","dateModified":"2026-01-26T22:09:02+00:00","description":"AmeriPharma tu\u00e2n th\u1ee7 lu\u1eadt d\u00e2n quy\u1ec1n li\u00ean bang v\u00e0 ti\u1ec3u bang, nghi\u00eam c\u1ea5m ph\u00e2n bi\u1ec7t \u0111\u1ed1i x\u1eed v\u00e0 cung c\u1ea5p c\u00e1c d\u1ecbch v\u1ee5 h\u1ed7 tr\u1ee3 ng\u01b0\u1eddi khuy\u1ebft t\u1eadt v\u00e0 ng\u00f4n ng\u1eef.","breadcrumb":{"@id":"https:\/\/ameripharmaspecialty.com\/es\/notice-of-nondiscrimination\/#breadcrumb"},"inLanguage":"vi","potentialAction":[{"@type":"ReadAction","target":["https:\/\/ameripharmaspecialty.com\/es\/notice-of-nondiscrimination\/"]}]},{"@type":"BreadcrumbList","@id":"https:\/\/ameripharmaspecialty.com\/es\/notice-of-nondiscrimination\/#breadcrumb","itemListElement":[{"@type":"ListItem","position":1,"name":"Home","item":"https:\/\/ameripharmaspecialty.com\/"},{"@type":"ListItem","position":2,"name":"Notice of Nondiscrimination"}]},{"@type":"WebSite","@id":"https:\/\/ameripharmaspecialty.com\/#website","url":"https:\/\/ameripharmaspecialty.com\/","name":"Ch\u0103m s\u00f3c \u0111\u1eb7c bi\u1ec7t AmeriPharma\u00ae","description":"Ch\u0103m s\u00f3c \u0111\u1eb7c bi\u1ec7t c\u1ee7a AmeriPharma","publisher":{"@id":"https:\/\/ameripharmaspecialty.com\/#organization"},"potentialAction":[{"@type":"SearchAction","target":{"@type":"EntryPoint","urlTemplate":"https:\/\/ameripharmaspecialty.com\/?s={search_term_string}"},"query-input":{"@type":"PropertyValueSpecification","valueRequired":true,"valueName":"search_term_string"}}],"inLanguage":"vi"},{"@type":"Organization","@id":"https:\/\/ameripharmaspecialty.com\/#organization","name":"Ch\u0103m s\u00f3c \u0111\u1eb7c bi\u1ec7t Ameripharma","url":"https:\/\/ameripharmaspecialty.com\/","logo":{"@type":"ImageObject","inLanguage":"vi","@id":"https:\/\/ameripharmaspecialty.com\/#\/schema\/logo\/image\/","url":"https:\/\/ameripharmaspecialty.com\/wp-content\/uploads\/2024\/07\/specialty-care-logo-large-square.png","contentUrl":"https:\/\/ameripharmaspecialty.com\/wp-content\/uploads\/2024\/07\/specialty-care-logo-large-square.png","width":400,"height":400,"caption":"Ameripharma Specialty Care"},"image":{"@id":"https:\/\/ameripharmaspecialty.com\/#\/schema\/logo\/image\/"},"sameAs":["https:\/\/www.facebook.com\/ameripharma\/"]}]}},"uagb_featured_image_src":{"full":false,"thumbnail":false,"medium":false,"medium_large":false,"large":false,"1536x1536":false,"2048x2048":false,"trp-custom-language-flag":false,"block-image-html-large":false,"ct-gallery":false,"ct-section-header":false,"ct-thumb":false,"ct-thumb-large":false,"ct-small":false,"ct-medium":false,"ct-xmedium":false,"ct-large":false},"uagb_author_info":{"display_name":"TJ","author_link":"https:\/\/ameripharmaspecialty.com\/vi\/author\/tj\/"},"uagb_comment_info":0,"uagb_excerpt":"Discrimination is against the law AmeriPharma complies with applicable federal civil rights laws, including Section 1557 of the Affordable Care Act and its implementing regulations at 45 CFR Part 92, and applicable state civil rights laws.","rttpg_featured_image_url":null,"rttpg_author":{"display_name":"TJ","author_link":"https:\/\/ameripharmaspecialty.com\/vi\/author\/tj\/"},"rttpg_comment":0,"rttpg_category":false,"rttpg_excerpt":"Discrimination is against the law AmeriPharma complies with applicable federal civil rights laws, including Section 1557 of the Affordable Care Act and its implementing regulations at 45 CFR Part 92, and applicable state civil rights laws.","_links":{"self":[{"href":"https:\/\/ameripharmaspecialty.com\/vi\/wp-json\/wp\/v2\/pages\/28016","targetHints":{"allow":["GET"]}}],"collection":[{"href":"https:\/\/ameripharmaspecialty.com\/vi\/wp-json\/wp\/v2\/pages"}],"about":[{"href":"https:\/\/ameripharmaspecialty.com\/vi\/wp-json\/wp\/v2\/types\/page"}],"author":[{"embeddable":true,"href":"https:\/\/ameripharmaspecialty.com\/vi\/wp-json\/wp\/v2\/users\/30"}],"replies":[{"embeddable":true,"href":"https:\/\/ameripharmaspecialty.com\/vi\/wp-json\/wp\/v2\/comments?post=28016"}],"version-history":[{"count":0,"href":"https:\/\/ameripharmaspecialty.com\/vi\/wp-json\/wp\/v2\/pages\/28016\/revisions"}],"wp:attachment":[{"href":"https:\/\/ameripharmaspecialty.com\/vi\/wp-json\/wp\/v2\/media?parent=28016"}],"wp:term":[{"taxonomy":"category","embeddable":true,"href":"https:\/\/ameripharmaspecialty.com\/vi\/wp-json\/wp\/v2\/categories?post=28016"},{"taxonomy":"post_tag","embeddable":true,"href":"https:\/\/ameripharmaspecialty.com\/vi\/wp-json\/wp\/v2\/tags?post=28016"}],"curies":[{"name":"wp","href":"https:\/\/api.w.org\/{rel}","templated":true}]}}