{"id":27720,"date":"2025-08-06T11:32:20","date_gmt":"2025-08-06T18:32:20","guid":{"rendered":"https:\/\/ameripharmaspecialty.com\/?page_id=27720"},"modified":"2025-08-07T15:15:32","modified_gmt":"2025-08-07T22:15:32","slug":"your-privacy-choices","status":"publish","type":"page","link":"https:\/\/ameripharmaspecialty.com\/vi\/your-privacy-choices\/","title":{"rendered":"L\u1ef1a ch\u1ecdn quy\u1ec1n ri\u00eang t\u01b0 c\u1ee7a b\u1ea1n"},"content":{"rendered":"<h2 class=\"wp-block-heading\" id=\"h-do-not-sell-or-share-my-personal-information-amp-limit-the-use-of-my-sensitive-personal-information\">Kh\u00f4ng b\u00e1n ho\u1eb7c chia s\u1ebb th\u00f4ng tin c\u00e1 nh\u00e2n c\u1ee7a t\u00f4i v\u00e0 h\u1ea1n ch\u1ebf vi\u1ec7c s\u1eed d\u1ee5ng th\u00f4ng tin c\u00e1 nh\u00e2n nh\u1ea1y c\u1ea3m c\u1ee7a t\u00f4i<\/h2>\n\n\n\n<p>V\u1edbi t\u01b0 c\u00e1ch l\u00e0 c\u01b0 d\u00e2n California, theo \u0110\u1ea1o lu\u1eadt Quy\u1ec1n ri\u00eang t\u01b0 c\u1ee7a Ng\u01b0\u1eddi ti\u00eau d\u00f9ng California (CCPA) v\u00e0 \u0110\u1ea1o lu\u1eadt Quy\u1ec1n ri\u00eang t\u01b0 c\u1ee7a California (CPRA), b\u1ea1n c\u00f3 quy\u1ec1n:<\/p>\n\n\n\n<ul class=\"wp-block-list\">\n<li>T\u1eeb ch\u1ed1i chia s\u1ebb th\u00f4ng tin c\u00e1 nh\u00e2n c\u1ee7a b\u1ea1n cho c\u00e1c m\u1ee5c \u0111\u00edch nh\u01b0 qu\u1ea3ng c\u00e1o theo h\u00e0nh vi xuy\u00ean ng\u1eef c\u1ea3nh (v\u00ed d\u1ee5: ph\u00e2n t\u00edch trang web ho\u1eb7c pixel qu\u1ea3ng c\u00e1o).<\/li>\n\n\n\n<li>H\u1ea1n ch\u1ebf vi\u1ec7c s\u1eed d\u1ee5ng v\u00e0 ti\u1ebft l\u1ed9 th\u00f4ng tin c\u00e1 nh\u00e2n nh\u1ea1y c\u1ea3m c\u1ee7a b\u1ea1n\u2014bao g\u1ed3m th\u00f4ng tin nh\u01b0 v\u1ecb tr\u00ed \u0111\u1ecba l\u00fd ch\u00ednh x\u00e1c, d\u1eef li\u1ec7u s\u1ee9c kh\u1ecfe ho\u1eb7c m\u1ed9t s\u1ed1 chi ti\u1ebft t\u00e0i kho\u1ea3n\u2014ch\u1ec9 \u1edf m\u1ee9c c\u1ea7n thi\u1ebft \u0111\u1ec3 cung c\u1ea5p cho b\u1ea1n c\u00e1c d\u1ecbch v\u1ee5 theo y\u00eau c\u1ea7u.<\/li>\n<\/ul>\n\n\n\n<p>Ch\u00fang t\u00f4i kh\u00f4ng b\u00e1n th\u00f4ng tin c\u00e1 nh\u00e2n \u0111\u1ec3 l\u1ea5y ti\u1ec1n. Tuy nhi\u00ean, ch\u00fang t\u00f4i c\u00f3 th\u1ec3 chia s\u1ebb m\u1ed9t s\u1ed1 d\u1eef li\u1ec7u nh\u1ea5t \u0111\u1ecbnh v\u1edbi c\u00e1c b\u00ean th\u1ee9 ba\u2014ch\u1eb3ng h\u1ea1n nh\u01b0 n\u1ec1n t\u1ea3ng qu\u1ea3ng c\u00e1o\u2014cho c\u00e1c m\u1ee5c \u0111\u00edch nh\u01b0 c\u1ea3i thi\u1ec7n tr\u1ea3i nghi\u1ec7m c\u1ee7a b\u1ea1n v\u00e0 cung c\u1ea5p qu\u1ea3ng c\u00e1o ph\u00f9 h\u1ee3p.<\/p>\n\n\n\n<p>N\u1ebfu b\u1ea1n kh\u00f4ng mu\u1ed1n ch\u00fang t\u00f4i chia s\u1ebb th\u00f4ng tin c\u1ee7a b\u1ea1n theo c\u00e1ch n\u00e0y ho\u1eb7c n\u1ebfu b\u1ea1n mu\u1ed1n h\u1ea1n ch\u1ebf c\u00e1ch s\u1eed d\u1ee5ng th\u00f4ng tin c\u00e1 nh\u00e2n nh\u1ea1y c\u1ea3m c\u1ee7a m\u00ecnh, b\u1ea1n c\u00f3 th\u1ec3 g\u1eedi y\u00eau c\u1ea7u b\u1eb1ng c\u00e1ch \u0111\u00e1nh d\u1ea5u v\u00e0o c\u00e1c \u00f4 b\u00ean d\u01b0\u1edbi.<\/p>\n\n\n\n<p><strong>Sau khi n\u1ed9p:<\/strong><\/p>\n\n\n\n<ul class=\"wp-block-list\">\n<li>Ch\u00fang t\u00f4i s\u1ebd t\u00f4n tr\u1ecdng y\u00eau c\u1ea7u c\u1ee7a b\u1ea1n trong \u00edt nh\u1ea5t 13 th\u00e1ng tr\u1eeb khi b\u1ea1n ch\u1ecdn quay l\u1ea1i.<\/li>\n\n\n\n<li>Tr\u1ea3i nghi\u1ec7m c\u1ee7a b\u1ea1n tr\u00ean trang web c\u1ee7a ch\u00fang t\u00f4i c\u00f3 th\u1ec3 thay \u0111\u1ed5i, bao g\u1ed3m c\u1ea3 vi\u1ec7c h\u1ea1n ch\u1ebf c\u00e1 nh\u00e2n h\u00f3a ho\u1eb7c li\u00ean quan \u0111\u1ebfn qu\u1ea3ng c\u00e1o.<\/li>\n<\/ul>\n\n\n\n<div style=\"height:20px\" aria-hidden=\"true\" class=\"wp-block-spacer\"><\/div>\n\n\n\n<h2 class=\"wp-block-heading\" id=\"h-manage-your-privacy-preferences\">Qu\u1ea3n l\u00fd t\u00f9y ch\u1ecdn quy\u1ec1n ri\u00eang t\u01b0 c\u1ee7a b\u1ea1n<\/h2>\n\n\n\n<style>\n.consent-controls {\n    background: white;\n    border: 1px solid #ddd;\n    border-radius: 8px;\n    padding: 30px;\n    box-shadow: 0 2px 4px rgba(0,0,0,0.1);\n    margin: 30px 0;\n}\n\n.consent-option {\n    display: flex;\n    justify-content: space-between;\n    align-items: center;\n    padding: 20px 0;\n    border-bottom: 1px solid #eee;\n}\n\n.consent-option:last-child {\n    border-bottom: none;\n}\n\n.consent-label {\n    flex-grow: 1;\n    margin-right: 20px;\n}\n\n.consent-label h3 {\n    margin: 0 0 8px 0;\n    font-size: 18px;\n    color: #2c3e50;\n    font-weight: 600;\n}\n\n.consent-label p {\n    margin: 0;\n    font-size: 14px;\n    color: #666;\n    line-height: 1.5;\n}\n\n.toggle-switch {\n    position: relative;\n    width: 60px;\n    height: 32px;\n    flex-shrink: 0;\n}\n\n.toggle-switch input {\n    opacity: 0;\n    width: 0;\n    height: 0;\n}\n\n.slider {\n    position: absolute;\n    cursor: pointer;\n    top: 0;\n    left: 0;\n    right: 0;\n    bottom: 0;\n    background-color: #ccc;\n    transition: 0.3s;\n    border-radius: 32px;\n}\n\n.slider:before {\n    position: absolute;\n    content: \"\";\n    height: 24px;\n    width: 24px;\n    left: 4px;\n    bottom: 4px;\n    background-color: white;\n    transition: 0.3s;\n    border-radius: 50%;\n    box-shadow: 0 2px 4px rgba(0,0,0,0.2);\n}\n\ninput:checked + .slider {\n    background-color: #007cba;\n}\n\ninput:checked + .slider:before {\n    transform: translateX(28px);\n}\n\n.save-button {\n    margin-top: 30px;\n    text-align: center;\n}\n\n.btn-save {\n    background-color: #007cba;\n    color: white;\n    border: none;\n    padding: 12px 40px;\n    font-size: 16px;\n    border-radius: 4px;\n    cursor: pointer;\n    transition: background-color 0.3s;\n    font-weight: 500;\n}\n\n.btn-save:hover {\n    background-color: #005a87;\n}\n\n.btn-save:disabled {\n    background-color: #ccc;\n    cursor: not-allowed;\n}\n\n.status-message {\n    margin-top: 15px;\n    padding: 12px 20px;\n    border-radius: 4px;\n    text-align: center;\n    display: none;\n}\n\n.status-message.success {\n    background-color: #d4edda;\n    color: #155724;\n    border: 1px solid #c3e6cb;\n    display: block;\n}\n\n.status-message.error {\n    background-color: #f8d7da;\n    color: #721c24;\n    border: 1px solid #f5c6cb;\n    display: block;\n}\n\n.notice-text {\n    background-color: #fff3cd;\n    border: 1px solid #ffeeba;\n    color: #856404;\n    padding: 15px;\n    border-radius: 4px;\n    margin-top: 20px;\n    font-size: 14px;\n}\n<\/style>\n\n<div class=\"consent-controls\">\n    <div class=\"consent-option\">\n        <div class=\"consent-label\">\n            <h3>Kh\u00f4ng b\u00e1n ho\u1eb7c chia s\u1ebb th\u00f4ng tin c\u00e1 nh\u00e2n c\u1ee7a t\u00f4i<\/h3>\n            <p>T\u1eeb ch\u1ed1i chia s\u1ebb th\u00f4ng tin c\u00e1 nh\u00e2n c\u1ee7a b\u1ea1n v\u1edbi b\u00ean th\u1ee9 ba cho m\u1ee5c \u0111\u00edch qu\u1ea3ng c\u00e1o theo ng\u1eef c\u1ea3nh v\u00e0 c\u00e1c m\u1ee5c \u0111\u00edch t\u01b0\u01a1ng t\u1ef1.<\/p>\n        <\/div>\n        <label class=\"toggle-switch\">\n            <input type=\"checkbox\" id=\"doNotSell\" \/>\n            <span class=\"slider\"><\/span>\n        <\/label>\n    <\/div>\n    \n    <div class=\"consent-option\">\n        <div class=\"consent-label\">\n            <h3>H\u1ea1n ch\u1ebf vi\u1ec7c s\u1eed d\u1ee5ng th\u00f4ng tin c\u00e1 nh\u00e2n nh\u1ea1y c\u1ea3m c\u1ee7a t\u00f4i<\/h3>\n            <p>H\u1ea1n ch\u1ebf s\u1eed d\u1ee5ng th\u00f4ng tin c\u00e1 nh\u00e2n nh\u1ea1y c\u1ea3m ch\u1ec9 khi c\u1ea7n thi\u1ebft \u0111\u1ec3 cung c\u1ea5p c\u00e1c d\u1ecbch v\u1ee5 \u0111\u01b0\u1ee3c y\u00eau c\u1ea7u.<\/p>\n        <\/div>\n        <label class=\"toggle-switch\">\n            <input type=\"checkbox\" id=\"limitSensitive\" \/>\n            <span class=\"slider\"><\/span>\n        <\/label>\n    <\/div>\n    \n    <div class=\"save-button\">\n        <button class=\"btn-save\" id=\"savePreferences\">L\u01b0u t\u00f9y ch\u1ecdn quy\u1ec1n ri\u00eang t\u01b0<\/button>\n    <\/div>\n    \n    <div id=\"statusMessage\" class=\"status-message\"><\/div>\n    \n    <div class=\"notice-text\">\n        <strong>Ghi ch\u00fa:<\/strong> Nh\u1eefng t\u00f9y ch\u1ecdn n\u00e0y ch\u1ec9 \u00e1p d\u1ee5ng cho trang web n\u00e0y. B\u1ea1n c\u00f3 th\u1ec3 c\u1ea7n g\u1eedi y\u00eau c\u1ea7u ri\u00eang cho c\u00e1c trang web ho\u1eb7c d\u1ecbch v\u1ee5 kh\u00e1c m\u00e0 ch\u00fang t\u00f4i v\u1eadn h\u00e0nh.\n    <\/div>\n<\/div>\n\n<script src=\"https:\/\/ameripharmaspecialty.com\/wp-content\/themes\/ct-theme\/assets\/dist\/js\/custom\/your_privacy_choices.js\"><\/script>","protected":false},"excerpt":{"rendered":"<p>Kh\u00f4ng b\u00e1n ho\u1eb7c chia s\u1ebb th\u00f4ng tin c\u00e1 nh\u00e2n c\u1ee7a t\u00f4i v\u00e0 h\u1ea1n ch\u1ebf vi\u1ec7c s\u1eed d\u1ee5ng th\u00f4ng tin c\u00e1 nh\u00e2n nh\u1ea1y c\u1ea3m c\u1ee7a t\u00f4i V\u1edbi t\u01b0 c\u00e1ch l\u00e0 c\u01b0 d\u00e2n California, theo \u0110\u1ea1o lu\u1eadt quy\u1ec1n ri\u00eang t\u01b0 c\u1ee7a ng\u01b0\u1eddi ti\u00eau d\u00f9ng California (CCPA) v\u00e0 \u0110\u1ea1o lu\u1eadt quy\u1ec1n ri\u00eang t\u01b0 c\u1ee7a California (CPRA), b\u1ea1n c\u00f3 quy\u1ec1n: Ch\u00fang t\u00f4i kh\u00f4ng b\u00e1n th\u00f4ng tin c\u00e1 nh\u00e2n \u0111\u1ec3 \u0111\u1ed5i l\u1ea5y gi\u00e1 tr\u1ecb ti\u1ec1n t\u1ec7.<\/p>","protected":false},"author":2,"featured_media":0,"parent":0,"menu_order":0,"comment_status":"closed","ping_status":"closed","template":"boxed-template.php","meta":{"_acf_changed":false,"om_disable_all_campaigns":false,"_uag_custom_page_level_css":"","footnotes":""},"categories":[],"tags":[],"class_list":["post-27720","page","type-page","status-publish","hentry"],"acf":[],"yoast_head":"<!-- This site is optimized with the Yoast SEO plugin v27.3 - https:\/\/yoast.com\/product\/yoast-seo-wordpress\/ -->\n<title>Your Privacy Choices - AmeriPharma\u00ae Specialty Care<\/title>\n<meta name=\"robots\" content=\"index, follow, max-snippet:-1, max-image-preview:large, max-video-preview:-1\" \/>\n<link rel=\"canonical\" href=\"https:\/\/ameripharmaspecialty.com\/vi\/your-privacy-choices\/\" \/>\n<meta property=\"og:locale\" content=\"vi_VN\" \/>\n<meta property=\"og:type\" content=\"article\" \/>\n<meta property=\"og:title\" content=\"Your Privacy Choices - AmeriPharma\u00ae Specialty Care\" \/>\n<meta property=\"og:description\" content=\"Do Not Sell or Share My Personal Information &amp; Limit the Use of My Sensitive Personal Information As a California resident, you have the right under the California Consumer Privacy Act (CCPA) and California Privacy Rights Act (CPRA) to: We do not sell personal information for monetary value.\" \/>\n<meta property=\"og:url\" content=\"https:\/\/ameripharmaspecialty.com\/vi\/your-privacy-choices\/\" \/>\n<meta property=\"og:site_name\" content=\"AmeriPharma\u00ae Specialty Care\" \/>\n<meta property=\"article:publisher\" content=\"https:\/\/www.facebook.com\/ameripharma\/\" \/>\n<meta property=\"article:modified_time\" content=\"2025-08-07T22:15:32+00:00\" \/>\n<meta property=\"og:image\" content=\"https:\/\/ameripharmaspecialty.com\/wp-content\/uploads\/2024\/07\/specialty-care-logo-large-square.png\" \/>\n\t<meta property=\"og:image:width\" content=\"400\" \/>\n\t<meta property=\"og:image:height\" content=\"400\" \/>\n\t<meta property=\"og:image:type\" content=\"image\/png\" \/>\n<meta name=\"twitter:card\" content=\"summary_large_image\" \/>\n<meta name=\"twitter:label1\" content=\"Est. reading time\" \/>\n\t<meta name=\"twitter:data1\" content=\"2 ph\u00fat\" \/>\n<script type=\"application\/ld+json\" class=\"yoast-schema-graph\">{\"@context\":\"https:\\\/\\\/schema.org\",\"@graph\":[{\"@type\":\"WebPage\",\"@id\":\"https:\\\/\\\/ameripharmaspecialty.com\\\/your-privacy-choices\\\/\",\"url\":\"https:\\\/\\\/ameripharmaspecialty.com\\\/your-privacy-choices\\\/\",\"name\":\"Your Privacy Choices - AmeriPharma\u00ae Specialty Care\",\"isPartOf\":{\"@id\":\"https:\\\/\\\/ameripharmaspecialty.com\\\/#website\"},\"datePublished\":\"2025-08-06T18:32:20+00:00\",\"dateModified\":\"2025-08-07T22:15:32+00:00\",\"breadcrumb\":{\"@id\":\"https:\\\/\\\/ameripharmaspecialty.com\\\/your-privacy-choices\\\/#breadcrumb\"},\"inLanguage\":\"vi\",\"potentialAction\":[{\"@type\":\"ReadAction\",\"target\":[\"https:\\\/\\\/ameripharmaspecialty.com\\\/your-privacy-choices\\\/\"]}]},{\"@type\":\"BreadcrumbList\",\"@id\":\"https:\\\/\\\/ameripharmaspecialty.com\\\/your-privacy-choices\\\/#breadcrumb\",\"itemListElement\":[{\"@type\":\"ListItem\",\"position\":1,\"name\":\"Home\",\"item\":\"https:\\\/\\\/ameripharmaspecialty.com\\\/\"},{\"@type\":\"ListItem\",\"position\":2,\"name\":\"Your Privacy Choices\"}]},{\"@type\":\"WebSite\",\"@id\":\"https:\\\/\\\/ameripharmaspecialty.com\\\/#website\",\"url\":\"https:\\\/\\\/ameripharmaspecialty.com\\\/\",\"name\":\"AmeriPharma\u00ae Specialty Care\",\"description\":\"Specialty Care by AmeriPharma\",\"publisher\":{\"@id\":\"https:\\\/\\\/ameripharmaspecialty.com\\\/#organization\"},\"potentialAction\":[{\"@type\":\"SearchAction\",\"target\":{\"@type\":\"EntryPoint\",\"urlTemplate\":\"https:\\\/\\\/ameripharmaspecialty.com\\\/?s={search_term_string}\"},\"query-input\":{\"@type\":\"PropertyValueSpecification\",\"valueRequired\":true,\"valueName\":\"search_term_string\"}}],\"inLanguage\":\"vi\"},{\"@type\":\"Organization\",\"@id\":\"https:\\\/\\\/ameripharmaspecialty.com\\\/#organization\",\"name\":\"Ameripharma Specialty Care\",\"url\":\"https:\\\/\\\/ameripharmaspecialty.com\\\/\",\"logo\":{\"@type\":\"ImageObject\",\"inLanguage\":\"vi\",\"@id\":\"https:\\\/\\\/ameripharmaspecialty.com\\\/#\\\/schema\\\/logo\\\/image\\\/\",\"url\":\"https:\\\/\\\/ameripharmaspecialty.com\\\/wp-content\\\/uploads\\\/2024\\\/07\\\/specialty-care-logo-large-square.png\",\"contentUrl\":\"https:\\\/\\\/ameripharmaspecialty.com\\\/wp-content\\\/uploads\\\/2024\\\/07\\\/specialty-care-logo-large-square.png\",\"width\":400,\"height\":400,\"caption\":\"Ameripharma Specialty Care\"},\"image\":{\"@id\":\"https:\\\/\\\/ameripharmaspecialty.com\\\/#\\\/schema\\\/logo\\\/image\\\/\"},\"sameAs\":[\"https:\\\/\\\/www.facebook.com\\\/ameripharma\\\/\"]}]}<\/script>\n<!-- \/ Yoast SEO plugin. -->","yoast_head_json":{"title":"L\u1ef1a ch\u1ecdn quy\u1ec1n ri\u00eang t\u01b0 c\u1ee7a b\u1ea1n - Ch\u0103m s\u00f3c \u0111\u1eb7c bi\u1ec7t AmeriPharma\u00ae","robots":{"index":"index","follow":"follow","max-snippet":"max-snippet:-1","max-image-preview":"max-image-preview:large","max-video-preview":"max-video-preview:-1"},"canonical":"https:\/\/ameripharmaspecialty.com\/vi\/your-privacy-choices\/","og_locale":"vi_VN","og_type":"article","og_title":"Your Privacy Choices - AmeriPharma\u00ae Specialty Care","og_description":"Do Not Sell or Share My Personal Information &amp; Limit the Use of My Sensitive Personal Information As a California resident, you have the right under the California Consumer Privacy Act (CCPA) and California Privacy Rights Act (CPRA) to: We do not sell personal information for monetary value.","og_url":"https:\/\/ameripharmaspecialty.com\/vi\/your-privacy-choices\/","og_site_name":"AmeriPharma\u00ae Specialty Care","article_publisher":"https:\/\/www.facebook.com\/ameripharma\/","article_modified_time":"2025-08-07T22:15:32+00:00","og_image":[{"width":400,"height":400,"url":"https:\/\/ameripharmaspecialty.com\/wp-content\/uploads\/2024\/07\/specialty-care-logo-large-square.png","type":"image\/png"}],"twitter_card":"summary_large_image","twitter_misc":{"Est. reading time":"2 ph\u00fat"},"schema":{"@context":"https:\/\/schema.org","@graph":[{"@type":"WebPage","@id":"https:\/\/ameripharmaspecialty.com\/your-privacy-choices\/","url":"https:\/\/ameripharmaspecialty.com\/your-privacy-choices\/","name":"L\u1ef1a ch\u1ecdn quy\u1ec1n ri\u00eang t\u01b0 c\u1ee7a b\u1ea1n - Ch\u0103m s\u00f3c \u0111\u1eb7c bi\u1ec7t AmeriPharma\u00ae","isPartOf":{"@id":"https:\/\/ameripharmaspecialty.com\/#website"},"datePublished":"2025-08-06T18:32:20+00:00","dateModified":"2025-08-07T22:15:32+00:00","breadcrumb":{"@id":"https:\/\/ameripharmaspecialty.com\/your-privacy-choices\/#breadcrumb"},"inLanguage":"vi","potentialAction":[{"@type":"ReadAction","target":["https:\/\/ameripharmaspecialty.com\/your-privacy-choices\/"]}]},{"@type":"BreadcrumbList","@id":"https:\/\/ameripharmaspecialty.com\/your-privacy-choices\/#breadcrumb","itemListElement":[{"@type":"ListItem","position":1,"name":"Home","item":"https:\/\/ameripharmaspecialty.com\/"},{"@type":"ListItem","position":2,"name":"Your Privacy Choices"}]},{"@type":"WebSite","@id":"https:\/\/ameripharmaspecialty.com\/#website","url":"https:\/\/ameripharmaspecialty.com\/","name":"Ch\u0103m s\u00f3c \u0111\u1eb7c bi\u1ec7t AmeriPharma\u00ae","description":"Ch\u0103m s\u00f3c \u0111\u1eb7c bi\u1ec7t c\u1ee7a AmeriPharma","publisher":{"@id":"https:\/\/ameripharmaspecialty.com\/#organization"},"potentialAction":[{"@type":"SearchAction","target":{"@type":"EntryPoint","urlTemplate":"https:\/\/ameripharmaspecialty.com\/?s={search_term_string}"},"query-input":{"@type":"PropertyValueSpecification","valueRequired":true,"valueName":"search_term_string"}}],"inLanguage":"vi"},{"@type":"Organization","@id":"https:\/\/ameripharmaspecialty.com\/#organization","name":"Ch\u0103m s\u00f3c \u0111\u1eb7c bi\u1ec7t Ameripharma","url":"https:\/\/ameripharmaspecialty.com\/","logo":{"@type":"ImageObject","inLanguage":"vi","@id":"https:\/\/ameripharmaspecialty.com\/#\/schema\/logo\/image\/","url":"https:\/\/ameripharmaspecialty.com\/wp-content\/uploads\/2024\/07\/specialty-care-logo-large-square.png","contentUrl":"https:\/\/ameripharmaspecialty.com\/wp-content\/uploads\/2024\/07\/specialty-care-logo-large-square.png","width":400,"height":400,"caption":"Ameripharma Specialty Care"},"image":{"@id":"https:\/\/ameripharmaspecialty.com\/#\/schema\/logo\/image\/"},"sameAs":["https:\/\/www.facebook.com\/ameripharma\/"]}]}},"uagb_featured_image_src":{"full":false,"thumbnail":false,"medium":false,"medium_large":false,"large":false,"1536x1536":false,"2048x2048":false,"trp-custom-language-flag":false,"block-image-html-large":false,"ct-gallery":false,"ct-section-header":false,"ct-thumb":false,"ct-thumb-large":false,"ct-small":false,"ct-medium":false,"ct-xmedium":false,"ct-large":false},"uagb_author_info":{"display_name":"Brandon Yano","author_link":"https:\/\/ameripharmaspecialty.com\/vi\/author\/byanoameripharma-us\/"},"uagb_comment_info":0,"uagb_excerpt":"Do Not Sell or Share My Personal Information &amp; Limit the Use of My Sensitive Personal Information As a California resident, you have the right under the California Consumer Privacy Act (CCPA) and California Privacy Rights Act (CPRA) to: We do not sell personal information for monetary value.","rttpg_featured_image_url":null,"rttpg_author":{"display_name":"Brandon Yano","author_link":"https:\/\/ameripharmaspecialty.com\/vi\/author\/byanoameripharma-us\/"},"rttpg_comment":0,"rttpg_category":false,"rttpg_excerpt":"Do Not Sell or Share My Personal Information &amp; Limit the Use of My Sensitive Personal Information As a California resident, you have the right under the California Consumer Privacy Act (CCPA) and California Privacy Rights Act (CPRA) to: We do not sell personal information for monetary value.","_links":{"self":[{"href":"https:\/\/ameripharmaspecialty.com\/vi\/wp-json\/wp\/v2\/pages\/27720","targetHints":{"allow":["GET"]}}],"collection":[{"href":"https:\/\/ameripharmaspecialty.com\/vi\/wp-json\/wp\/v2\/pages"}],"about":[{"href":"https:\/\/ameripharmaspecialty.com\/vi\/wp-json\/wp\/v2\/types\/page"}],"author":[{"embeddable":true,"href":"https:\/\/ameripharmaspecialty.com\/vi\/wp-json\/wp\/v2\/users\/2"}],"replies":[{"embeddable":true,"href":"https:\/\/ameripharmaspecialty.com\/vi\/wp-json\/wp\/v2\/comments?post=27720"}],"version-history":[{"count":0,"href":"https:\/\/ameripharmaspecialty.com\/vi\/wp-json\/wp\/v2\/pages\/27720\/revisions"}],"wp:attachment":[{"href":"https:\/\/ameripharmaspecialty.com\/vi\/wp-json\/wp\/v2\/media?parent=27720"}],"wp:term":[{"taxonomy":"category","embeddable":true,"href":"https:\/\/ameripharmaspecialty.com\/vi\/wp-json\/wp\/v2\/categories?post=27720"},{"taxonomy":"post_tag","embeddable":true,"href":"https:\/\/ameripharmaspecialty.com\/vi\/wp-json\/wp\/v2\/tags?post=27720"}],"curies":[{"name":"wp","href":"https:\/\/api.w.org\/{rel}","templated":true}]}}