{"id":26201,"date":"2024-07-11T16:08:19","date_gmt":"2024-07-11T23:08:19","guid":{"rendered":"https:\/\/ameripharmaspecialty.com\/?page_id=26201"},"modified":"2025-03-06T17:26:07","modified_gmt":"2025-03-07T00:26:07","slug":"get-started-thank-you","status":"publish","type":"page","link":"https:\/\/ameripharmaspecialty.com\/vi\/get-started-thank-you\/","title":{"rendered":"Get Started &#8211; Thank You"},"content":{"rendered":"<div class=\"wp-block-columns is-layout-flex wp-container-core-columns-is-layout-9d6595d7 wp-block-columns-is-layout-flex\">\n<div class=\"wp-block-column is-layout-flow wp-block-column-is-layout-flow\">\n<h2 class=\"wp-block-heading\" style=\"padding-top:4rem;padding-bottom:0rem\">C\u1ea3m \u01a1n b\u1ea1n \u0111\u00e3 quan t\u00e2m! Ch\u00fang t\u00f4i s\u1ebd s\u1edbm ph\u1ea3n h\u1ed3i l\u1ea1i b\u1ea1n.<\/h2>\n\n\n\n<p>\u0110\u1ec3 \u0111\u01b0\u1ee3c h\u1ed7 tr\u1ee3 ngay l\u1eadp t\u1ee9c, vui l\u00f2ng g\u1ecdi cho ch\u00fang t\u00f4i theo s\u1ed1&nbsp;<a href=\"tel:877-778-0318\">877-778-0318<\/a>.<\/p>\n\n\n\n<p>Ch\u00fang t\u00f4i lu\u00f4n s\u1eb5n s\u00e0ng ph\u1ee5c v\u1ee5 b\u1ea1n. Khi n\u00f3i \u0111\u1ebfn s\u1ee9c kh\u1ecfe c\u1ee7a b\u1ea1n, \u0111i\u1ec1u quan tr\u1ecdng l\u00e0 b\u1ea1n ph\u1ea3i \u0111\u01b0\u1ee3c ti\u1ebfp c\u1eadn d\u1ecbch v\u1ee5 kh\u00e1ch h\u00e0ng v\u00e0 h\u1ed7 tr\u1ee3 khi c\u1ea7n. \u0110i\u1ec1u ph\u1ed1i vi\u00ean ch\u0103m s\u00f3c b\u1ec7nh nh\u00e2n AmeriPharma s\u1ebd s\u1edbm li\u00ean h\u1ec7 v\u1edbi b\u1ea1n. Trong th\u1eddi gian ch\u1edd \u0111\u1ee3i, vui l\u00f2ng duy\u1ec7t qua&nbsp;<a href=\"https:\/\/ameripharmaspecialty.com\/vi\/patient-faqs\/\">Nh\u1eefng c\u00e2u h\u1ecfi th\u01b0\u1eddng g\u1eb7p<\/a>.<\/p>\n<\/div>\n\n\n\n<div class=\"wp-block-column is-layout-flow wp-block-column-is-layout-flow\"><\/div>\n<\/div>","protected":false},"excerpt":{"rendered":"<p>Thank you for you inquiry! You will hear from us shortly. For immediate assistance, please call us at&nbsp;877-778-0318. We\u2019re here to serve you. When it comes to your health, it\u2019s important to have access to customer service and support when you need it.<\/p>","protected":false},"author":2,"featured_media":0,"parent":0,"menu_order":0,"comment_status":"closed","ping_status":"closed","template":"boxed-template.php","meta":{"_acf_changed":false,"om_disable_all_campaigns":false,"_uag_custom_page_level_css":"","footnotes":""},"categories":[],"tags":[],"class_list":["post-26201","page","type-page","status-publish","hentry"],"acf":[],"yoast_head":"<!-- This site is optimized with the Yoast SEO plugin v27.3 - https:\/\/yoast.com\/product\/yoast-seo-wordpress\/ -->\n<title>Get Started - Thank You - AmeriPharma\u00ae Specialty Care<\/title>\n<meta name=\"robots\" content=\"noindex, nofollow\" \/>\n<meta property=\"og:locale\" content=\"vi_VN\" \/>\n<meta property=\"og:type\" content=\"article\" \/>\n<meta property=\"og:title\" content=\"Get Started - Thank You - AmeriPharma\u00ae Specialty Care\" \/>\n<meta property=\"og:description\" content=\"Thank you for you inquiry! You will hear from us shortly. For immediate assistance, please call us at&nbsp;877-778-0318. We\u2019re here to serve you. When it comes to your health, it\u2019s important to have access to customer service and support when you need it.\" \/>\n<meta property=\"og:url\" content=\"https:\/\/ameripharmaspecialty.com\/vi\/get-started-thank-you\/\" \/>\n<meta property=\"og:site_name\" content=\"AmeriPharma\u00ae Specialty Care\" \/>\n<meta property=\"article:publisher\" content=\"https:\/\/www.facebook.com\/ameripharma\/\" \/>\n<meta property=\"article:modified_time\" content=\"2025-03-07T00:26:07+00:00\" \/>\n<meta property=\"og:image\" content=\"https:\/\/ameripharmaspecialty.com\/wp-content\/uploads\/2024\/07\/specialty-care-logo-large-square.png\" \/>\n\t<meta property=\"og:image:width\" content=\"400\" \/>\n\t<meta property=\"og:image:height\" content=\"400\" \/>\n\t<meta property=\"og:image:type\" content=\"image\/png\" \/>\n<meta name=\"twitter:card\" content=\"summary_large_image\" \/>\n<meta name=\"twitter:label1\" content=\"Est. reading time\" \/>\n\t<meta name=\"twitter:data1\" content=\"1 ph\u00fat\" \/>\n<script type=\"application\/ld+json\" class=\"yoast-schema-graph\">{\"@context\":\"https:\\\/\\\/schema.org\",\"@graph\":[{\"@type\":\"WebPage\",\"@id\":\"https:\\\/\\\/ameripharmaspecialty.com\\\/zh\\\/get-started-thank-you\\\/\",\"url\":\"https:\\\/\\\/ameripharmaspecialty.com\\\/zh\\\/get-started-thank-you\\\/\",\"name\":\"Get Started - Thank You - AmeriPharma\u00ae Specialty Care\",\"isPartOf\":{\"@id\":\"https:\\\/\\\/ameripharmaspecialty.com\\\/#website\"},\"datePublished\":\"2024-07-11T23:08:19+00:00\",\"dateModified\":\"2025-03-07T00:26:07+00:00\",\"breadcrumb\":{\"@id\":\"https:\\\/\\\/ameripharmaspecialty.com\\\/zh\\\/get-started-thank-you\\\/#breadcrumb\"},\"inLanguage\":\"vi\",\"potentialAction\":[{\"@type\":\"ReadAction\",\"target\":[\"https:\\\/\\\/ameripharmaspecialty.com\\\/zh\\\/get-started-thank-you\\\/\"]}]},{\"@type\":\"BreadcrumbList\",\"@id\":\"https:\\\/\\\/ameripharmaspecialty.com\\\/zh\\\/get-started-thank-you\\\/#breadcrumb\",\"itemListElement\":[{\"@type\":\"ListItem\",\"position\":1,\"name\":\"Home\",\"item\":\"https:\\\/\\\/ameripharmaspecialty.com\\\/es\\\/\"},{\"@type\":\"ListItem\",\"position\":2,\"name\":\"Get Started &#8211; Thank You\"}]},{\"@type\":\"WebSite\",\"@id\":\"https:\\\/\\\/ameripharmaspecialty.com\\\/#website\",\"url\":\"https:\\\/\\\/ameripharmaspecialty.com\\\/\",\"name\":\"AmeriPharma\u00ae Specialty Care\",\"description\":\"Specialty Care by AmeriPharma\",\"publisher\":{\"@id\":\"https:\\\/\\\/ameripharmaspecialty.com\\\/#organization\"},\"potentialAction\":[{\"@type\":\"SearchAction\",\"target\":{\"@type\":\"EntryPoint\",\"urlTemplate\":\"https:\\\/\\\/ameripharmaspecialty.com\\\/?s={search_term_string}\"},\"query-input\":{\"@type\":\"PropertyValueSpecification\",\"valueRequired\":true,\"valueName\":\"search_term_string\"}}],\"inLanguage\":\"vi\"},{\"@type\":\"Organization\",\"@id\":\"https:\\\/\\\/ameripharmaspecialty.com\\\/#organization\",\"name\":\"Ameripharma Specialty Care\",\"url\":\"https:\\\/\\\/ameripharmaspecialty.com\\\/\",\"logo\":{\"@type\":\"ImageObject\",\"inLanguage\":\"vi\",\"@id\":\"https:\\\/\\\/ameripharmaspecialty.com\\\/#\\\/schema\\\/logo\\\/image\\\/\",\"url\":\"https:\\\/\\\/ameripharmaspecialty.com\\\/wp-content\\\/uploads\\\/2024\\\/07\\\/specialty-care-logo-large-square.png\",\"contentUrl\":\"https:\\\/\\\/ameripharmaspecialty.com\\\/wp-content\\\/uploads\\\/2024\\\/07\\\/specialty-care-logo-large-square.png\",\"width\":400,\"height\":400,\"caption\":\"Ameripharma Specialty Care\"},\"image\":{\"@id\":\"https:\\\/\\\/ameripharmaspecialty.com\\\/#\\\/schema\\\/logo\\\/image\\\/\"},\"sameAs\":[\"https:\\\/\\\/www.facebook.com\\\/ameripharma\\\/\"]}]}<\/script>\n<!-- \/ Yoast SEO plugin. -->","yoast_head_json":{"title":"Get Started - Thank You - AmeriPharma\u00ae Specialty Care","robots":{"index":"noindex","follow":"nofollow"},"og_locale":"vi_VN","og_type":"article","og_title":"Get Started - Thank You - AmeriPharma\u00ae Specialty Care","og_description":"Thank you for you inquiry! You will hear from us shortly. For immediate assistance, please call us at&nbsp;877-778-0318. We\u2019re here to serve you. When it comes to your health, it\u2019s important to have access to customer service and support when you need it.","og_url":"https:\/\/ameripharmaspecialty.com\/vi\/get-started-thank-you\/","og_site_name":"AmeriPharma\u00ae Specialty Care","article_publisher":"https:\/\/www.facebook.com\/ameripharma\/","article_modified_time":"2025-03-07T00:26:07+00:00","og_image":[{"width":400,"height":400,"url":"https:\/\/ameripharmaspecialty.com\/wp-content\/uploads\/2024\/07\/specialty-care-logo-large-square.png","type":"image\/png"}],"twitter_card":"summary_large_image","twitter_misc":{"Est. reading time":"1 ph\u00fat"},"schema":{"@context":"https:\/\/schema.org","@graph":[{"@type":"WebPage","@id":"https:\/\/ameripharmaspecialty.com\/zh\/get-started-thank-you\/","url":"https:\/\/ameripharmaspecialty.com\/zh\/get-started-thank-you\/","name":"Get Started - Thank You - AmeriPharma\u00ae Specialty Care","isPartOf":{"@id":"https:\/\/ameripharmaspecialty.com\/#website"},"datePublished":"2024-07-11T23:08:19+00:00","dateModified":"2025-03-07T00:26:07+00:00","breadcrumb":{"@id":"https:\/\/ameripharmaspecialty.com\/zh\/get-started-thank-you\/#breadcrumb"},"inLanguage":"vi","potentialAction":[{"@type":"ReadAction","target":["https:\/\/ameripharmaspecialty.com\/zh\/get-started-thank-you\/"]}]},{"@type":"BreadcrumbList","@id":"https:\/\/ameripharmaspecialty.com\/zh\/get-started-thank-you\/#breadcrumb","itemListElement":[{"@type":"ListItem","position":1,"name":"Home","item":"https:\/\/ameripharmaspecialty.com\/es\/"},{"@type":"ListItem","position":2,"name":"Get Started &#8211; Thank You"}]},{"@type":"WebSite","@id":"https:\/\/ameripharmaspecialty.com\/#website","url":"https:\/\/ameripharmaspecialty.com\/","name":"Ch\u0103m s\u00f3c \u0111\u1eb7c bi\u1ec7t AmeriPharma\u00ae","description":"Ch\u0103m s\u00f3c \u0111\u1eb7c bi\u1ec7t c\u1ee7a AmeriPharma","publisher":{"@id":"https:\/\/ameripharmaspecialty.com\/#organization"},"potentialAction":[{"@type":"SearchAction","target":{"@type":"EntryPoint","urlTemplate":"https:\/\/ameripharmaspecialty.com\/?s={search_term_string}"},"query-input":{"@type":"PropertyValueSpecification","valueRequired":true,"valueName":"search_term_string"}}],"inLanguage":"vi"},{"@type":"Organization","@id":"https:\/\/ameripharmaspecialty.com\/#organization","name":"Ch\u0103m s\u00f3c \u0111\u1eb7c bi\u1ec7t Ameripharma","url":"https:\/\/ameripharmaspecialty.com\/","logo":{"@type":"ImageObject","inLanguage":"vi","@id":"https:\/\/ameripharmaspecialty.com\/#\/schema\/logo\/image\/","url":"https:\/\/ameripharmaspecialty.com\/wp-content\/uploads\/2024\/07\/specialty-care-logo-large-square.png","contentUrl":"https:\/\/ameripharmaspecialty.com\/wp-content\/uploads\/2024\/07\/specialty-care-logo-large-square.png","width":400,"height":400,"caption":"Ameripharma Specialty Care"},"image":{"@id":"https:\/\/ameripharmaspecialty.com\/#\/schema\/logo\/image\/"},"sameAs":["https:\/\/www.facebook.com\/ameripharma\/"]}]}},"uagb_featured_image_src":{"full":false,"thumbnail":false,"medium":false,"medium_large":false,"large":false,"1536x1536":false,"2048x2048":false,"trp-custom-language-flag":false,"block-image-html-large":false,"ct-gallery":false,"ct-section-header":false,"ct-thumb":false,"ct-thumb-large":false,"ct-small":false,"ct-medium":false,"ct-xmedium":false,"ct-large":false},"uagb_author_info":{"display_name":"Brandon Yano","author_link":"https:\/\/ameripharmaspecialty.com\/vi\/author\/byanoameripharma-us\/"},"uagb_comment_info":0,"uagb_excerpt":"Thank you for you inquiry! You will hear from us shortly. For immediate assistance, please call us at&nbsp;877-778-0318. We\u2019re here to serve you. When it comes to your health, it\u2019s important to have access to customer service and support when you need it.","rttpg_featured_image_url":null,"rttpg_author":{"display_name":"Brandon Yano","author_link":"https:\/\/ameripharmaspecialty.com\/vi\/author\/byanoameripharma-us\/"},"rttpg_comment":0,"rttpg_category":false,"rttpg_excerpt":"Thank you for you inquiry! You will hear from us shortly. For immediate assistance, please call us at&nbsp;877-778-0318. We\u2019re here to serve you. When it comes to your health, it\u2019s important to have access to customer service and support when you need it.","_links":{"self":[{"href":"https:\/\/ameripharmaspecialty.com\/vi\/wp-json\/wp\/v2\/pages\/26201","targetHints":{"allow":["GET"]}}],"collection":[{"href":"https:\/\/ameripharmaspecialty.com\/vi\/wp-json\/wp\/v2\/pages"}],"about":[{"href":"https:\/\/ameripharmaspecialty.com\/vi\/wp-json\/wp\/v2\/types\/page"}],"author":[{"embeddable":true,"href":"https:\/\/ameripharmaspecialty.com\/vi\/wp-json\/wp\/v2\/users\/2"}],"replies":[{"embeddable":true,"href":"https:\/\/ameripharmaspecialty.com\/vi\/wp-json\/wp\/v2\/comments?post=26201"}],"version-history":[{"count":0,"href":"https:\/\/ameripharmaspecialty.com\/vi\/wp-json\/wp\/v2\/pages\/26201\/revisions"}],"wp:attachment":[{"href":"https:\/\/ameripharmaspecialty.com\/vi\/wp-json\/wp\/v2\/media?parent=26201"}],"wp:term":[{"taxonomy":"category","embeddable":true,"href":"https:\/\/ameripharmaspecialty.com\/vi\/wp-json\/wp\/v2\/categories?post=26201"},{"taxonomy":"post_tag","embeddable":true,"href":"https:\/\/ameripharmaspecialty.com\/vi\/wp-json\/wp\/v2\/tags?post=26201"}],"curies":[{"name":"wp","href":"https:\/\/api.w.org\/{rel}","templated":true}]}}