{"id":25584,"date":"2024-03-09T05:09:59","date_gmt":"2024-03-09T05:09:59","guid":{"rendered":"https:\/\/ameripharmaspecialty.com\/?page_id=25584"},"modified":"2024-12-06T12:53:31","modified_gmt":"2024-12-06T19:53:31","slug":"long-term-tpn-care","status":"publish","type":"page","link":"https:\/\/ameripharmaspecialty.com\/vi\/long-term-tpn-care\/","title":{"rendered":"Ch\u0103m s\u00f3c d\u00e0i h\u1ea1n TPN"},"content":{"rendered":"<div  id=\"call-to-action-9b59257b0340d4a2df7f69e1f85efbc0\" style=\"\" class=\"ct_call_to_action\">\n\t<div class=\"container\">\n\t\t<div class=\"block-wrap cta\">\n\t\t\t<div class=\"block-column\">\n\t\t\t\t<div class=\"cta_headings\">\n\t\t\t\t\t\t\t\t\t\t\t\t\t\t\t\t<span class=\"cta__sub__heading\">\n\t\t\t\t\t\t\tT\u1ea1i AmeriPharma\u00ae Specialty, ch\u00fang t\u00f4i hi\u1ec3u r\u1eb1ng li\u1ec7u ph\u00e1p TPN d\u00e0i h\u1ea1n c\u00f3 th\u1ec3 l\u00e0 tr\u1ea3i nghi\u1ec7m kh\u00f3 kh\u0103n \u0111\u1ed1i v\u1edbi b\u1ea1n v\u00e0 nh\u1eefng ng\u01b0\u1eddi th\u00e2n y\u00eau c\u1ee7a b\u1ea1n. C\u00e1c chuy\u00ean gia v\u00e0 b\u00e1c s\u0129 l\u00e2m s\u00e0ng t\u1eadn t\u00e2m c\u1ee7a ch\u00fang t\u00f4i cung c\u1ea5p s\u1ef1 ph\u1ed1i h\u1ee3p ch\u0103m s\u00f3c to\u00e0n di\u1ec7n \u0111\u1ec3 gi\u00fap h\u00e0nh tr\u00ecnh tr\u1edf n\u00ean d\u1ec5 d\u00e0ng v\u00e0 kh\u00f4ng c\u0103ng th\u1eb3ng nh\u1ea5t c\u00f3 th\u1ec3. T\u1eeb vi\u1ec7c h\u1ed7 tr\u1ee3 ph\u00ea duy\u1ec7t b\u1ea3o hi\u1ec3m \u0111\u1ebfn cung c\u1ea5p v\u1eadt t\u01b0 TPN v\u00e0 cung c\u1ea5p h\u1ed7 tr\u1ee3 li\u00ean t\u1ee5c, ch\u00fang t\u00f4i l\u00e0m t\u1ea5t c\u1ea3 \u0111\u1ec3 gi\u00fap b\u1ea1n s\u1ed1ng cu\u1ed9c s\u1ed1ng t\u1ed1t nh\u1ea5t c\u1ee7a m\u00ecnh.\t\t\t\t\t\t<\/span>\n\t\t\t\t\t\t\t\t\t<\/div>\n\t\t\t\t\t\t\t\t\t<span class=\"cta_btn\">\n\t\t\t\t\t\t<a href=\"https:\/\/ameripharmaspecialty.com\/vi\/get-started\/\">B\u1eaft \u0111\u1ea7u ch\u0103m s\u00f3c TPN c\u1ee7a b\u1ea1n<\/a>\n\t\t\t\t\t\t\t\t\t\t\t<\/span>\n\t\t\t\t\t\t\t<\/div>\n\n\t\t<\/div>\n\t<\/div>\n<\/div>\n\n\n<style>\n    .ct_iconbox{\n        background-color:    }\n<\/style>\n<div  id=\"icon-box-2b4fd924901414883da51b59fbaccfa3\" style=\"\" class=\"ct_iconbox\">\n    <div class=\"container\">\n        <div class=\"block-wrap iconbox\">\n        <h2 class=\"iconbox_heading\"><\/h2>\n            <div class=\"iconbox_inner col3\">\n                                                                                    <div class=\"iconbox_inner_col_box icon-\">\n                                                            <img decoding=\"async\" src=\"https:\/\/ameripharmaspecialty.com\/wp-content\/uploads\/2024\/02\/nurse-icon.jpg\" alt=\"PERSONALIZED CARE\" width=\"66\">\n                                                                                        <h3>CH\u0102M S\u00d3C C\u00c1 NH\u00c2N<\/h3>\n                                                                                                                \n                        <\/div>\n                                                                    <div class=\"iconbox_inner_col_box icon-\">\n                                                            <img decoding=\"async\" src=\"https:\/\/ameripharmaspecialty.com\/wp-content\/uploads\/2024\/02\/financial.png\" alt=\"COPAY ASSISTANCE\" width=\"66\">\n                                                                                        <h3>TR\u1ee2 C\u1ea4P \u0110\u1ed2NG THANH TO\u00c1N<\/h3>\n                                                                                                                \n                        <\/div>\n                                                                    <div class=\"iconbox_inner_col_box icon-\">\n                                                            <img decoding=\"async\" src=\"https:\/\/ameripharmaspecialty.com\/wp-content\/uploads\/2024\/02\/communication.png\" alt=\"24\/7 SUPPORT\" width=\"66\">\n                                                                                        <h3>H\u1ed6 TR\u1ee2 24\/7<\/h3>\n                                                                                                                \n                        <\/div>\n                                                <\/div>\n        <\/div>\n    <\/div>\n<\/div>\n\n\n<div  id=\"only-content-4f699bcd4652efbdbfa0496382d38ac0\" style=\"\" class=\"ct_content\">\n    <div class=\"block-wrap container\">\n                    <div class=\"simple_content\">\n                <h2 style=\"text-align: center;\">Ch\u0103m s\u00f3c \u0111\u00e1ng tin c\u1eady m\u00e0 b\u1ea1n c\u00f3 th\u1ec3 tin t\u01b0\u1edfng<\/h2>\n<p style=\"text-align: center;\">Nh\u00e0 thu\u1ed1c chuy\u00ean khoa AmeriPharma\u00ae c\u00f3 h\u01a1n 20 n\u0103m kinh nghi\u1ec7m cung c\u1ea5p d\u1ecbch v\u1ee5 ch\u0103m s\u00f3c t\u1ea1i nh\u00e0 d\u00e0i h\u1ea1n TPN. Ch\u00fang t\u00f4i bi\u1ebft nh\u1eefng g\u00ec c\u1ea7n thi\u1ebft \u0111\u1ec3 cung c\u1ea5p li\u1ec7u ph\u00e1p TPN ch\u1ea5t l\u01b0\u1ee3ng v\u00e0 s\u1ebd n\u1ed7 l\u1ef1c h\u1ebft m\u00ecnh \u0111\u1ec3 cung c\u1ea5p d\u1ecbch v\u1ee5 \u1edf m\u1ee9c cao nh\u1ea5t. \u0110\u1ed9i ng\u0169 c\u1ee7a ch\u00fang t\u00f4i lu\u00f4n s\u00e1t c\u00e1nh c\u00f9ng b\u1ea1n trong t\u1eebng b\u01b0\u1edbc \u0111\u1ec3 b\u1ea1n c\u00f3 th\u1ec3 c\u1ea3m th\u1ea5y tho\u1ea3i m\u00e1i v\u00e0 t\u1ef1 tin trong li\u1ec7u ph\u00e1p TPN t\u1ea1i nh\u00e0 c\u1ee7a m\u00ecnh.<\/p>\n<p>&nbsp;<\/p>\n            <\/div>\n            <\/div>\n<\/div>\n\n\n\n<div  id=\"image-30-text-70-65946bd009f7ee3b04f47ca72f126c2b\" style=\"\" class=\"img30text70 white\">\n\t<div class=\"container\">\n\t\t<div class=\"block-wrap left\">\n\t\t\t<div class=\"block-column image\">\n\t\t\t\t<picture class=\"image-30\">\n\t\t\t\t\t\t\t\t\t\t<source loading=\"lazy\" media=\"(min-width:768px)\" srcset=\"https:\/\/ameripharmaspecialty.com\/wp-content\/uploads\/2024\/07\/Personalized-Service.jpg\">\n\t\t\t\t\t<img decoding=\"async\" loading=\"lazy\" src=\"https:\/\/ameripharmaspecialty.com\/wp-content\/uploads\/2024\/07\/Personalized-Service.jpg\" alt=\"https:\/\/ameripharmaspecialty.com\/wp-content\/uploads\/2024\/07\/Personalized-Service.jpg\" style=\"width:auto;\">\n\t\t\t\t<\/picture>\n\t\t\t<\/div>\n\t\t\t<div class=\"block-column\">\n\t\t\t\t<div class=\"text\">\n\t\t\t\t\t<h2>D\u1ecbch v\u1ee5 c\u00e1 nh\u00e2n<\/h2>\n<p>Li\u1ec7u ph\u00e1p TPN d\u00e0i h\u1ea1n c\u00f3 th\u1ec3 l\u00e0 m\u1ed9t tr\u1ea3i nghi\u1ec7m ph\u1ee9c t\u1ea1p v\u00e0 g\u00e2y n\u1ea3n l\u00f2ng. Khi b\u1ea1n l\u00e0m vi\u1ec7c v\u1edbi AmeriPharma\u00ae Specialty, ch\u00fang t\u00f4i s\u1ebd gh\u00e9p b\u1ea1n v\u1edbi m\u1ed9t b\u00e1c s\u0129 l\u00e2m s\u00e0ng t\u1eadn t\u00e2m ngay t\u1eeb ng\u00e0y \u0111\u1ea7u ti\u00ean \u0111\u1ec3 h\u1ed7 tr\u1ee3 24\/7 v\u00e0 gi\u00fap b\u1ea1n v\u01b0\u1ee3t qua nh\u1eefng th\u00e1ch th\u1ee9c \u0111\u1eb7c bi\u1ec7t trong h\u00e0nh tr\u00ecnh \u0111i\u1ec1u tr\u1ecb c\u1ee7a m\u00ecnh.<\/p>\n\t\t\t\t<\/div>\n\t\t\t<\/div>\n\t\t<\/div>\n\t<\/div>\n<\/div>\n\n\n<div  id=\"image-30-text-70-01d8dc7222cb7e90a8586e663cf1a5f0\" style=\"\" class=\"img30text70 white\">\n\t<div class=\"container\">\n\t\t<div class=\"block-wrap right\">\n\t\t\t<div class=\"block-column image\">\n\t\t\t\t<picture class=\"image-30\">\n\t\t\t\t\t\t\t\t\t\t<source loading=\"lazy\" media=\"(min-width:768px)\" srcset=\"https:\/\/ameripharmaspecialty.com\/wp-content\/uploads\/2024\/07\/Proactive-Care.jpg\">\n\t\t\t\t\t<img decoding=\"async\" loading=\"lazy\" src=\"https:\/\/ameripharmaspecialty.com\/wp-content\/uploads\/2024\/07\/Proactive-Care.jpg\" alt=\"https:\/\/ameripharmaspecialty.com\/wp-content\/uploads\/2024\/07\/Proactive-Care.jpg\" style=\"width:auto;\">\n\t\t\t\t<\/picture>\n\t\t\t<\/div>\n\t\t\t<div class=\"block-column\">\n\t\t\t\t<div class=\"text\">\n\t\t\t\t\t<h2>Ch\u0103m s\u00f3c ch\u1ee7 \u0111\u1ed9ng<\/h2>\n<p>Ch\u0103m s\u00f3c TPN t\u1ea1i nh\u00e0 d\u00e0i h\u1ea1n c\u1ee7a ch\u00fang t\u00f4i t\u1eadp trung v\u00e0o vi\u1ec7c \u0111\u1ea1t \u0111\u01b0\u1ee3c k\u1ebft qu\u1ea3 l\u00e2m s\u00e0ng t\u1ed1t nh\u1ea5t c\u00f3 th\u1ec3. Ch\u00fang t\u00f4i s\u1ebd li\u00ean t\u1ee5c theo d\u00f5i nh\u1eefng thay \u0111\u1ed5i trong t\u00ecnh tr\u1ea1ng c\u1ee7a b\u1ea1n v\u00e0 tham kh\u1ea3o \u00fd ki\u1ebfn b\u00e1c s\u0129 \u0111\u1ec3 \u0111i\u1ec1u ch\u1ec9nh c\u00f4ng th\u1ee9c TPN c\u1ee7a b\u1ea1n. V\u1edbi ch\u00fang t\u00f4i, b\u1ea1n c\u00f3 th\u1ec3 mong \u0111\u1ee3i dinh d\u01b0\u1ee1ng t\u1ed1i \u01b0u, s\u1ee9c kh\u1ecfe t\u1ed1t h\u01a1n v\u00e0 ch\u1ea5t l\u01b0\u1ee3ng cu\u1ed9c s\u1ed1ng \u0111\u01b0\u1ee3c c\u1ea3i thi\u1ec7n.<\/p>\n\t\t\t\t<\/div>\n\t\t\t<\/div>\n\t\t<\/div>\n\t<\/div>\n<\/div>\n\n\n<div  id=\"image-30-text-70-e91bb7224578a8bf93ce7ec8d2bed084\" style=\"\" class=\"img30text70 white\">\n\t<div class=\"container\">\n\t\t<div class=\"block-wrap left\">\n\t\t\t<div class=\"block-column image\">\n\t\t\t\t<picture class=\"image-30\">\n\t\t\t\t\t\t\t\t\t\t<source loading=\"lazy\" media=\"(min-width:768px)\" srcset=\"https:\/\/ameripharmaspecialty.com\/wp-content\/uploads\/2024\/07\/Integrated-Approach.jpg\">\n\t\t\t\t\t<img decoding=\"async\" loading=\"lazy\" src=\"https:\/\/ameripharmaspecialty.com\/wp-content\/uploads\/2024\/07\/Integrated-Approach.jpg\" alt=\"https:\/\/ameripharmaspecialty.com\/wp-content\/uploads\/2024\/07\/Integrated-Approach.jpg\" style=\"width:auto;\">\n\t\t\t\t<\/picture>\n\t\t\t<\/div>\n\t\t\t<div class=\"block-column\">\n\t\t\t\t<div class=\"text\">\n\t\t\t\t\t<h2>Ph\u01b0\u01a1ng ph\u00e1p ti\u1ebfp c\u1eadn t\u00edch h\u1ee3p<\/h2>\n<p>Nh\u00f3m c\u1ee7a ch\u00fang t\u00f4i n\u1ed7 l\u1ef1c \u0111\u1ea1t \u0111\u01b0\u1ee3c k\u1ebft qu\u1ea3 l\u00e2m s\u00e0ng t\u1ed1t nh\u1ea5t c\u00f3 th\u1ec3. Ch\u00fang t\u00f4i tin r\u1eb1ng h\u1ed7 tr\u1ee3 dinh d\u01b0\u1ee1ng ch\u1ec9 l\u00e0 m\u1ed9t tr\u1ee5 c\u1ed9t c\u1ee7a s\u1ee9c kh\u1ecfe. B\u1ea1n c\u0169ng c\u1ea7n ho\u1ea1t \u0111\u1ed9ng th\u1ec3 ch\u1ea5t v\u00e0 gi\u1ea5c ng\u1ee7 ph\u1ee5c h\u1ed3i \u0111\u1ec3 c\u00f3 s\u1ee9c kh\u1ecfe t\u1ed1i \u01b0u. \u0110\u1ec3 \u0111\u1ea3m b\u1ea3o b\u1ec7nh nh\u00e2n c\u1ee7a ch\u00fang t\u00f4i nh\u1eadn \u0111\u01b0\u1ee3c d\u1ecbch v\u1ee5 ch\u0103m s\u00f3c TPN d\u00e0i h\u1ea1n t\u1ed1t nh\u1ea5t c\u00f3 th\u1ec3, ch\u00fang t\u00f4i \u00e1p d\u1ee5ng ph\u01b0\u01a1ng ph\u00e1p ti\u1ebfp c\u1eadn t\u00edch h\u1ee3p k\u1ebft h\u1ee3p c\u1ea3 ba tr\u1ee5 c\u1ed9t c\u1ee7a s\u1ee9c kh\u1ecfe.<\/p>\n\t\t\t\t<\/div>\n\t\t\t<\/div>\n\t\t<\/div>\n\t<\/div>\n<\/div>\n\n\n<div  id=\"image-30-text-70-cd97b2ecd27b591167afb4164c95ba29\" style=\"\" class=\"img30text70 white\">\n\t<div class=\"container\">\n\t\t<div class=\"block-wrap right\">\n\t\t\t<div class=\"block-column image\">\n\t\t\t\t<picture class=\"image-30\">\n\t\t\t\t\t\t\t\t\t\t<source loading=\"lazy\" media=\"(min-width:768px)\" srcset=\"https:\/\/ameripharmaspecialty.com\/wp-content\/uploads\/2024\/07\/Customized-Formulations.jpg\">\n\t\t\t\t\t<img decoding=\"async\" loading=\"lazy\" src=\"https:\/\/ameripharmaspecialty.com\/wp-content\/uploads\/2024\/07\/Customized-Formulations.jpg\" alt=\"https:\/\/ameripharmaspecialty.com\/wp-content\/uploads\/2024\/07\/Customized-Formulations.jpg\" style=\"width:auto;\">\n\t\t\t\t<\/picture>\n\t\t\t<\/div>\n\t\t\t<div class=\"block-column\">\n\t\t\t\t<div class=\"text\">\n\t\t\t\t\t<h2>C\u00f4ng th\u1ee9c t\u00f9y ch\u1ec9nh<\/h2>\n<p>\u0110\u1ec3 c\u00f3 k\u1ebft qu\u1ea3 t\u1ed1t nh\u1ea5t, c\u00f4ng th\u1ee9c TPN c\u1ee7a b\u1ea1n ph\u1ea3i \u0111\u01b0\u1ee3c \u0111i\u1ec1u ch\u1ec9nh theo nhu c\u1ea7u ri\u00eang v\u00e0 ti\u1ec1n s\u1eed b\u1ec7nh l\u00fd c\u1ee7a b\u1ea1n. Ch\u00fang t\u00f4i \u0111\u00e3 ph\u00e1t tri\u1ec3n m\u1ed9t quy tr\u00ecnh l\u00e0m vi\u1ec7c k\u1ebft h\u1ee3p b\u00e1c s\u0129 k\u00ea \u0111\u01a1n v\u1edbi nh\u00f3m d\u01b0\u1ee3c s\u0129 l\u00e2m s\u00e0ng, chuy\u00ean gia dinh d\u01b0\u1ee1ng v\u00e0 y t\u00e1 \u0111\u1ec3 h\u1ee3p t\u00e1c v\u1edbi b\u1ec7nh nh\u00e2n nh\u1eb1m t\u1ea1o ra c\u00f4ng th\u1ee9c TPN ph\u00f9 h\u1ee3p v\u1edbi t\u1eebng b\u1ec7nh nh\u00e2n.<\/p>\n\t\t\t\t<\/div>\n\t\t\t<\/div>\n\t\t<\/div>\n\t<\/div>\n<\/div>\n\n\n<div  id=\"image-30-text-70-776e48862f7f753cd3a71976c8c49905\" style=\"\" class=\"img30text70 white\">\n\t<div class=\"container\">\n\t\t<div class=\"block-wrap left\">\n\t\t\t<div class=\"block-column image\">\n\t\t\t\t<picture class=\"image-30\">\n\t\t\t\t\t\t\t\t\t\t<source loading=\"lazy\" media=\"(min-width:768px)\" srcset=\"https:\/\/ameripharmaspecialty.com\/wp-content\/uploads\/2024\/07\/Transitional-Support.jpg\">\n\t\t\t\t\t<img decoding=\"async\" loading=\"lazy\" src=\"https:\/\/ameripharmaspecialty.com\/wp-content\/uploads\/2024\/07\/Transitional-Support.jpg\" alt=\"https:\/\/ameripharmaspecialty.com\/wp-content\/uploads\/2024\/07\/Transitional-Support.jpg\" style=\"width:auto;\">\n\t\t\t\t<\/picture>\n\t\t\t<\/div>\n\t\t\t<div class=\"block-column\">\n\t\t\t\t<div class=\"text\">\n\t\t\t\t\t<h2>H\u1ed7 tr\u1ee3 chuy\u1ec3n ti\u1ebfp<\/h2>\n<p>Ch\u00fang t\u00f4i c\u1ed1 g\u1eafng l\u00e0m cho qu\u00e1 tr\u00ecnh chuy\u1ec3n \u0111\u1ed5i sang d\u1ecbch v\u1ee5 ch\u0103m s\u00f3c t\u1ea1i nh\u00e0 d\u00e0i h\u1ea1n TPN d\u1ec5 d\u00e0ng nh\u1ea5t c\u00f3 th\u1ec3 cho b\u1ea1n v\u00e0 gia \u0111\u00ecnh. C\u00e1c \u0111i\u1ec1u ph\u1ed1i vi\u00ean ch\u0103m s\u00f3c c\u1ee7a ch\u00fang t\u00f4i s\u1ebd gi\u00e1m s\u00e1t qu\u00e1 tr\u00ecnh chuy\u1ec3n \u0111\u1ed5i d\u1ecbch v\u1ee5 ch\u0103m s\u00f3c \u0111\u1ec3 \u0111\u1ea3m b\u1ea3o qu\u00e1 tr\u00ecnh chuy\u1ec3n \u0111\u1ed5i di\u1ec5n ra an to\u00e0n, k\u1ecbp th\u1eddi v\u00e0 su\u00f4n s\u1ebb. Ch\u00fang t\u00f4i s\u1ebd cung c\u1ea5p h\u1ed7 tr\u1ee3 li\u00ean t\u1ee5c \u0111\u1ec3 gi\u00fap b\u1ea1n gi\u1ea3m b\u1edbt nh\u1eefng th\u00e1ch th\u1ee9c v\u00e0 lo\u1ea1i b\u1ecf m\u1ecdi b\u1ea5t ti\u1ec7n trong su\u1ed1t qu\u00e1 tr\u00ecnh ph\u1ee5c h\u1ed3i c\u1ee7a b\u1ea1n.<\/p>\n\t\t\t\t<\/div>\n\t\t\t<\/div>\n\t\t<\/div>\n\t<\/div>\n<\/div>\n\n\n<div  id=\"call-to-action-e5ed73de3ab27149642d67a9768c1358\" style=\"\" class=\"ct_call_to_action\">\n\t<div class=\"container\">\n\t\t<div class=\"block-wrap cta\">\n\t\t\t<div class=\"block-column\">\n\t\t\t\t<div class=\"cta_headings\">\n\t\t\t\t\t\t\t\t\t\t\t<h4 class=\"cta__heading\">\n\t\t\t\t\t\t\tNh\u1eadn Ch\u0103m s\u00f3c D\u00e0i h\u1ea1n TPN V\u1edbi AmeriPharma\u00ae Specialty\t\t\t\t\t\t<\/h4>\n\t\t\t\t\t\t\t\t\t\t\t\t\t\t\t\t<span class=\"cta__sub__heading\">\n\t\t\t\t\t\t\tCu\u1ed9c s\u1ed1ng v\u1edbi TPN kh\u00f4ng h\u1ec1 d\u1ec5 d\u00e0ng. Nh\u01b0ng AmeriPharma\u00ae Specialty c\u00f3 th\u1ec3 gi\u00fap \u0111\u01a1n gi\u1ea3n h\u00f3a h\u00e0nh tr\u00ecnh \u0111i\u1ec1u tr\u1ecb c\u1ee7a b\u1ea1n. Nh\u00e0 thu\u1ed1c \u0111\u01b0\u1ee3c c\u00f4ng nh\u1eadn URAC c\u1ee7a ch\u00fang t\u00f4i \u0111\u00e3 gi\u00fap h\u00e0ng ngh\u00ecn b\u1ec7nh nh\u00e2n t\u1ea1i h\u01a1n 40 ti\u1ec3u bang v\u00e0 v\u00f9ng l\u00e3nh th\u1ed5 c\u1ee7a Hoa K\u1ef3 nh\u1eadn \u0111\u01b0\u1ee3c dinh d\u01b0\u1ee1ng c\u1ea7n thi\u1ebft \u0111\u1ec3 c\u00f3 cu\u1ed9c s\u1ed1ng t\u1ed1t nh\u1ea5t. H\u00e3y \u0111\u1ec3 ch\u00fang t\u00f4i gi\u00fap b\u1ea1n. Li\u00ean h\u1ec7 v\u1edbi ch\u00fang t\u00f4i \u0111\u1ec3 n\u00f3i chuy\u1ec7n v\u1edbi m\u1ed9t chuy\u00ean gia v\u00e0 b\u1eaft \u0111\u1ea7u li\u1ec7u ph\u00e1p TPN t\u1ea1i nh\u00e0 d\u00e0i h\u1ea1n c\u1ee7a b\u1ea1n.\t\t\t\t\t\t<\/span>\n\t\t\t\t\t\t\t\t\t<\/div>\n\t\t\t\t\t\t\t\t\t<span class=\"cta_btn\">\n\t\t\t\t\t\t<a href=\"https:\/\/ameripharmaspecialty.com\/vi\/get-started\/\">B\u1eaft \u0111\u1ea7u<\/a>\n\t\t\t\t\t\t\t\t\t\t\t<\/span>\n\t\t\t\t\t\t\t<\/div>\n\n\t\t<\/div>\n\t<\/div>\n<\/div>","protected":false},"excerpt":{"rendered":"","protected":false},"author":1,"featured_media":0,"parent":0,"menu_order":0,"comment_status":"closed","ping_status":"closed","template":"","meta":{"_acf_changed":true,"om_disable_all_campaigns":false,"_uag_custom_page_level_css":"","footnotes":""},"categories":[],"tags":[],"class_list":["post-25584","page","type-page","status-publish","hentry"],"acf":[],"yoast_head":"<!-- This site is optimized with the Yoast SEO plugin v27.3 - https:\/\/yoast.com\/product\/yoast-seo-wordpress\/ -->\n<title>Long-Term TPN Care | 24\/7 Support | AmeriPharma\u00ae Specialty<\/title>\n<meta name=\"description\" content=\"AmeriPharma\u00ae Specialty Pharmacy offers long-term TPN care to help you live your best life. Contact us to receive copay assistance for your home TPN therapy.\" \/>\n<meta name=\"robots\" content=\"index, follow, max-snippet:-1, max-image-preview:large, max-video-preview:-1\" \/>\n<link rel=\"canonical\" href=\"https:\/\/ameripharmaspecialty.com\/vi\/long-term-tpn-care\/\" \/>\n<meta property=\"og:locale\" content=\"vi_VN\" \/>\n<meta property=\"og:type\" content=\"article\" \/>\n<meta property=\"og:title\" content=\"Long-Term TPN Care | 24\/7 Support | AmeriPharma\u00ae Specialty\" \/>\n<meta property=\"og:description\" content=\"AmeriPharma\u00ae Specialty Pharmacy offers long-term TPN care to help you live your best life. Contact us to receive copay assistance for your home TPN therapy.\" \/>\n<meta property=\"og:url\" content=\"https:\/\/ameripharmaspecialty.com\/vi\/long-term-tpn-care\/\" \/>\n<meta property=\"og:site_name\" content=\"AmeriPharma\u00ae Specialty Care\" \/>\n<meta property=\"article:publisher\" content=\"https:\/\/www.facebook.com\/ameripharma\/\" \/>\n<meta property=\"article:modified_time\" content=\"2024-12-06T19:53:31+00:00\" \/>\n<meta property=\"og:image\" content=\"https:\/\/ameripharmaspecialty.com\/wp-content\/uploads\/2024\/07\/specialty-care-logo-large-square.png\" \/>\n\t<meta property=\"og:image:width\" content=\"400\" \/>\n\t<meta property=\"og:image:height\" content=\"400\" \/>\n\t<meta property=\"og:image:type\" content=\"image\/png\" \/>\n<meta name=\"twitter:card\" content=\"summary_large_image\" \/>\n<script type=\"application\/ld+json\" class=\"yoast-schema-graph\">{\"@context\":\"https:\\\/\\\/schema.org\",\"@graph\":[{\"@type\":\"WebPage\",\"@id\":\"https:\\\/\\\/ameripharmaspecialty.com\\\/zh\\\/long-term-tpn-care\\\/\",\"url\":\"https:\\\/\\\/ameripharmaspecialty.com\\\/zh\\\/long-term-tpn-care\\\/\",\"name\":\"Long-Term TPN Care | 24\\\/7 Support | AmeriPharma\u00ae Specialty\",\"isPartOf\":{\"@id\":\"https:\\\/\\\/ameripharmaspecialty.com\\\/#website\"},\"datePublished\":\"2024-03-09T05:09:59+00:00\",\"dateModified\":\"2024-12-06T19:53:31+00:00\",\"description\":\"AmeriPharma\u00ae Specialty Pharmacy offers long-term TPN care to help you live your best life. Contact us to receive copay assistance for your home TPN therapy.\",\"breadcrumb\":{\"@id\":\"https:\\\/\\\/ameripharmaspecialty.com\\\/zh\\\/long-term-tpn-care\\\/#breadcrumb\"},\"inLanguage\":\"vi\",\"potentialAction\":[{\"@type\":\"ReadAction\",\"target\":[\"https:\\\/\\\/ameripharmaspecialty.com\\\/zh\\\/long-term-tpn-care\\\/\"]}]},{\"@type\":\"BreadcrumbList\",\"@id\":\"https:\\\/\\\/ameripharmaspecialty.com\\\/zh\\\/long-term-tpn-care\\\/#breadcrumb\",\"itemListElement\":[{\"@type\":\"ListItem\",\"position\":1,\"name\":\"Home\",\"item\":\"https:\\\/\\\/ameripharmaspecialty.com\\\/es\\\/\"},{\"@type\":\"ListItem\",\"position\":2,\"name\":\"Long-Term TPN Care\"}]},{\"@type\":\"WebSite\",\"@id\":\"https:\\\/\\\/ameripharmaspecialty.com\\\/#website\",\"url\":\"https:\\\/\\\/ameripharmaspecialty.com\\\/\",\"name\":\"AmeriPharma\u00ae Specialty Care\",\"description\":\"Specialty Care by AmeriPharma\",\"publisher\":{\"@id\":\"https:\\\/\\\/ameripharmaspecialty.com\\\/#organization\"},\"potentialAction\":[{\"@type\":\"SearchAction\",\"target\":{\"@type\":\"EntryPoint\",\"urlTemplate\":\"https:\\\/\\\/ameripharmaspecialty.com\\\/?s={search_term_string}\"},\"query-input\":{\"@type\":\"PropertyValueSpecification\",\"valueRequired\":true,\"valueName\":\"search_term_string\"}}],\"inLanguage\":\"vi\"},{\"@type\":\"Organization\",\"@id\":\"https:\\\/\\\/ameripharmaspecialty.com\\\/#organization\",\"name\":\"Ameripharma Specialty Care\",\"url\":\"https:\\\/\\\/ameripharmaspecialty.com\\\/\",\"logo\":{\"@type\":\"ImageObject\",\"inLanguage\":\"vi\",\"@id\":\"https:\\\/\\\/ameripharmaspecialty.com\\\/#\\\/schema\\\/logo\\\/image\\\/\",\"url\":\"https:\\\/\\\/ameripharmaspecialty.com\\\/wp-content\\\/uploads\\\/2024\\\/07\\\/specialty-care-logo-large-square.png\",\"contentUrl\":\"https:\\\/\\\/ameripharmaspecialty.com\\\/wp-content\\\/uploads\\\/2024\\\/07\\\/specialty-care-logo-large-square.png\",\"width\":400,\"height\":400,\"caption\":\"Ameripharma Specialty Care\"},\"image\":{\"@id\":\"https:\\\/\\\/ameripharmaspecialty.com\\\/#\\\/schema\\\/logo\\\/image\\\/\"},\"sameAs\":[\"https:\\\/\\\/www.facebook.com\\\/ameripharma\\\/\"]}]}<\/script>\n<!-- \/ Yoast SEO plugin. -->","yoast_head_json":{"title":"Ch\u0103m s\u00f3c d\u00e0i h\u1ea1n TPN | H\u1ed7 tr\u1ee3 24\/7 | Chuy\u00ean khoa AmeriPharma\u00ae","description":"Nh\u00e0 thu\u1ed1c Chuy\u00ean khoa AmeriPharma\u00ae cung c\u1ea5p d\u1ecbch v\u1ee5 ch\u0103m s\u00f3c TPN d\u00e0i h\u1ea1n \u0111\u1ec3 gi\u00fap b\u1ea1n t\u1eadn h\u01b0\u1edfng cu\u1ed9c s\u1ed1ng tr\u1ecdn v\u1eb9n nh\u1ea5t. Li\u00ean h\u1ec7 v\u1edbi ch\u00fang t\u00f4i \u0111\u1ec3 \u0111\u01b0\u1ee3c h\u1ed7 tr\u1ee3 \u0111\u1ed3ng thanh to\u00e1n cho li\u1ec7u ph\u00e1p TPN t\u1ea1i nh\u00e0 c\u1ee7a b\u1ea1n.","robots":{"index":"index","follow":"follow","max-snippet":"max-snippet:-1","max-image-preview":"max-image-preview:large","max-video-preview":"max-video-preview:-1"},"canonical":"https:\/\/ameripharmaspecialty.com\/vi\/long-term-tpn-care\/","og_locale":"vi_VN","og_type":"article","og_title":"Long-Term TPN Care | 24\/7 Support | AmeriPharma\u00ae Specialty","og_description":"AmeriPharma\u00ae Specialty Pharmacy offers long-term TPN care to help you live your best life. Contact us to receive copay assistance for your home TPN therapy.","og_url":"https:\/\/ameripharmaspecialty.com\/vi\/long-term-tpn-care\/","og_site_name":"AmeriPharma\u00ae Specialty Care","article_publisher":"https:\/\/www.facebook.com\/ameripharma\/","article_modified_time":"2024-12-06T19:53:31+00:00","og_image":[{"width":400,"height":400,"url":"https:\/\/ameripharmaspecialty.com\/wp-content\/uploads\/2024\/07\/specialty-care-logo-large-square.png","type":"image\/png"}],"twitter_card":"summary_large_image","schema":{"@context":"https:\/\/schema.org","@graph":[{"@type":"WebPage","@id":"https:\/\/ameripharmaspecialty.com\/zh\/long-term-tpn-care\/","url":"https:\/\/ameripharmaspecialty.com\/zh\/long-term-tpn-care\/","name":"Ch\u0103m s\u00f3c d\u00e0i h\u1ea1n TPN | H\u1ed7 tr\u1ee3 24\/7 | Chuy\u00ean khoa AmeriPharma\u00ae","isPartOf":{"@id":"https:\/\/ameripharmaspecialty.com\/#website"},"datePublished":"2024-03-09T05:09:59+00:00","dateModified":"2024-12-06T19:53:31+00:00","description":"Nh\u00e0 thu\u1ed1c Chuy\u00ean khoa AmeriPharma\u00ae cung c\u1ea5p d\u1ecbch v\u1ee5 ch\u0103m s\u00f3c TPN d\u00e0i h\u1ea1n \u0111\u1ec3 gi\u00fap b\u1ea1n t\u1eadn h\u01b0\u1edfng cu\u1ed9c s\u1ed1ng tr\u1ecdn v\u1eb9n nh\u1ea5t. Li\u00ean h\u1ec7 v\u1edbi ch\u00fang t\u00f4i \u0111\u1ec3 \u0111\u01b0\u1ee3c h\u1ed7 tr\u1ee3 \u0111\u1ed3ng thanh to\u00e1n cho li\u1ec7u ph\u00e1p TPN t\u1ea1i nh\u00e0 c\u1ee7a b\u1ea1n.","breadcrumb":{"@id":"https:\/\/ameripharmaspecialty.com\/zh\/long-term-tpn-care\/#breadcrumb"},"inLanguage":"vi","potentialAction":[{"@type":"ReadAction","target":["https:\/\/ameripharmaspecialty.com\/zh\/long-term-tpn-care\/"]}]},{"@type":"BreadcrumbList","@id":"https:\/\/ameripharmaspecialty.com\/zh\/long-term-tpn-care\/#breadcrumb","itemListElement":[{"@type":"ListItem","position":1,"name":"Home","item":"https:\/\/ameripharmaspecialty.com\/es\/"},{"@type":"ListItem","position":2,"name":"Long-Term TPN Care"}]},{"@type":"WebSite","@id":"https:\/\/ameripharmaspecialty.com\/#website","url":"https:\/\/ameripharmaspecialty.com\/","name":"Ch\u0103m s\u00f3c \u0111\u1eb7c bi\u1ec7t AmeriPharma\u00ae","description":"Ch\u0103m s\u00f3c \u0111\u1eb7c bi\u1ec7t c\u1ee7a AmeriPharma","publisher":{"@id":"https:\/\/ameripharmaspecialty.com\/#organization"},"potentialAction":[{"@type":"SearchAction","target":{"@type":"EntryPoint","urlTemplate":"https:\/\/ameripharmaspecialty.com\/?s={search_term_string}"},"query-input":{"@type":"PropertyValueSpecification","valueRequired":true,"valueName":"search_term_string"}}],"inLanguage":"vi"},{"@type":"Organization","@id":"https:\/\/ameripharmaspecialty.com\/#organization","name":"Ch\u0103m s\u00f3c \u0111\u1eb7c bi\u1ec7t Ameripharma","url":"https:\/\/ameripharmaspecialty.com\/","logo":{"@type":"ImageObject","inLanguage":"vi","@id":"https:\/\/ameripharmaspecialty.com\/#\/schema\/logo\/image\/","url":"https:\/\/ameripharmaspecialty.com\/wp-content\/uploads\/2024\/07\/specialty-care-logo-large-square.png","contentUrl":"https:\/\/ameripharmaspecialty.com\/wp-content\/uploads\/2024\/07\/specialty-care-logo-large-square.png","width":400,"height":400,"caption":"Ameripharma Specialty Care"},"image":{"@id":"https:\/\/ameripharmaspecialty.com\/#\/schema\/logo\/image\/"},"sameAs":["https:\/\/www.facebook.com\/ameripharma\/"]}]}},"uagb_featured_image_src":{"full":false,"thumbnail":false,"medium":false,"medium_large":false,"large":false,"1536x1536":false,"2048x2048":false,"trp-custom-language-flag":false,"block-image-html-large":false,"ct-gallery":false,"ct-section-header":false,"ct-thumb":false,"ct-thumb-large":false,"ct-small":false,"ct-medium":false,"ct-xmedium":false,"ct-large":false},"uagb_author_info":{"display_name":"ameripharm3dev","author_link":"https:\/\/ameripharmaspecialty.com\/vi\/author\/ameripharm3dev\/"},"uagb_comment_info":0,"uagb_excerpt":null,"rttpg_featured_image_url":null,"rttpg_author":{"display_name":"ameripharm3dev","author_link":"https:\/\/ameripharmaspecialty.com\/vi\/author\/ameripharm3dev\/"},"rttpg_comment":0,"rttpg_category":false,"rttpg_excerpt":null,"_links":{"self":[{"href":"https:\/\/ameripharmaspecialty.com\/vi\/wp-json\/wp\/v2\/pages\/25584","targetHints":{"allow":["GET"]}}],"collection":[{"href":"https:\/\/ameripharmaspecialty.com\/vi\/wp-json\/wp\/v2\/pages"}],"about":[{"href":"https:\/\/ameripharmaspecialty.com\/vi\/wp-json\/wp\/v2\/types\/page"}],"author":[{"embeddable":true,"href":"https:\/\/ameripharmaspecialty.com\/vi\/wp-json\/wp\/v2\/users\/1"}],"replies":[{"embeddable":true,"href":"https:\/\/ameripharmaspecialty.com\/vi\/wp-json\/wp\/v2\/comments?post=25584"}],"version-history":[{"count":0,"href":"https:\/\/ameripharmaspecialty.com\/vi\/wp-json\/wp\/v2\/pages\/25584\/revisions"}],"wp:attachment":[{"href":"https:\/\/ameripharmaspecialty.com\/vi\/wp-json\/wp\/v2\/media?parent=25584"}],"wp:term":[{"taxonomy":"category","embeddable":true,"href":"https:\/\/ameripharmaspecialty.com\/vi\/wp-json\/wp\/v2\/categories?post=25584"},{"taxonomy":"post_tag","embeddable":true,"href":"https:\/\/ameripharmaspecialty.com\/vi\/wp-json\/wp\/v2\/tags?post=25584"}],"curies":[{"name":"wp","href":"https:\/\/api.w.org\/{rel}","templated":true}]}}