{"id":25184,"date":"2024-02-15T16:19:54","date_gmt":"2024-02-15T16:19:54","guid":{"rendered":"https:\/\/ameripharmaspecialty.com\/?page_id=25184"},"modified":"2024-12-06T12:56:53","modified_gmt":"2024-12-06T19:56:53","slug":"tpn-supplies","status":"publish","type":"page","link":"https:\/\/ameripharmaspecialty.com\/vi\/tpn-supplies\/","title":{"rendered":"V\u1eadt t\u01b0 TPN"},"content":{"rendered":"<p><\/p>\n\n\n\n<div  id=\"call-to-action-fff53fc1231abcbb77f06a7b4a618601\" style=\"\" class=\"ct_call_to_action\">\n\t<div class=\"container\">\n\t\t<div class=\"block-wrap cta\">\n\t\t\t<div class=\"block-column\">\n\t\t\t\t<div class=\"cta_headings\">\n\t\t\t\t\t\t\t\t\t\t\t<h4 class=\"cta__heading\">\n\t\t\t\t\t\t\t\u0110\u00e1p \u1ee9ng nhu c\u1ea7u dinh d\u01b0\u1ee1ng c\u1ee7a b\u1ea1n ngay t\u1ea1i nh\u00e0 v\u1edbi ngu\u1ed3n cung c\u1ea5p TPN t\u1eeb Nh\u00e0 thu\u1ed1c chuy\u00ean khoa AmeriPharma\u00ae.\t\t\t\t\t\t<\/h4>\n\t\t\t\t\t\t\t\t\t\t\t\t\t\t\t\t<span class=\"cta__sub__heading\">\n\t\t\t\t\t\t\tCh\u00fang t\u00f4i s\u1ebd cung c\u1ea5p thi\u1ebft b\u1ecb TPN b\u1ea1n c\u1ea7n \u0111\u1ec3 th\u1ef1c hi\u1ec7n d\u1ecbch truy\u1ec1n m\u1ed9t c\u00e1ch d\u1ec5 d\u00e0ng. H\u00e3y l\u1ef1a ch\u1ecdn v\u1eadt t\u01b0 ph\u00f9 h\u1ee3p nh\u1ea5t \u0111\u1ec3 x\u00e2y d\u1ef1ng h\u1ec7 th\u1ed1ng TPN ph\u00f9 h\u1ee3p nh\u1ea5t v\u1edbi b\u1ea1n.\t\t\t\t\t\t<\/span>\n\t\t\t\t\t\t\t\t\t<\/div>\n\t\t\t\t\t\t\t\t\t<span class=\"cta_btn\">\n\t\t\t\t\t\t<a href=\"https:\/\/ameripharmaspecialty.com\/vi\/get-started\/\">B\u1eaft \u0111\u1ea7u<\/a>\n\t\t\t\t\t\t\t\t\t\t\t\t\t<a href=\"\/vi\/contact-us\/\">N\u00f3i chuy\u1ec7n v\u1edbi chuy\u00ean gia TPN<\/a>\n\t\t\t\t\t\t\t\t\t\t\t<\/span>\n\t\t\t\t\t\t\t<\/div>\n\n\t\t<\/div>\n\t<\/div>\n<\/div>\n\n\n\n<div  id=\"only-content-3a9bc26c1eb4596c755c32763ee646d3\" style=\"\" class=\"ct_content\">\n    <div class=\"block-wrap container\">\n                    <div class=\"simple_content\">\n                <h3 style=\"text-align: center;\"><strong>\u0110\u1eb6T H\u00c0NG TR\u1ef0C TUY\u1ebeN GIAO H\u00c0NG QUA \u0110\u00caM H\u1ed6 TR\u1ee2 24\/7<\/strong><\/h3>\n<h2 style=\"text-align: center;\">Thi\u1ebft b\u1ecb truy\u1ec1n d\u1ecbch t\u1ea1i nh\u00e0 \u0111\u00e1ng tin c\u1eady<\/h2>\n<p style=\"text-align: center;\">Nh\u00e0 thu\u1ed1c chuy\u00ean khoa AmeriPharma\u00ae cung c\u1ea5p \u0111\u1ea7y \u0111\u1ee7 thi\u1ebft b\u1ecb c\u1ea7n thi\u1ebft \u0111\u1ec3 b\u1ea1n nh\u1eadn \u0111\u01b0\u1ee3c dinh d\u01b0\u1ee1ng \u0111\u1ea7y \u0111\u1ee7. Ch\u00fang t\u00f4i s\u1ebd cung c\u1ea5p cho b\u1ea1n \u1ed1ng ti\u00eam, b\u01a1m ti\u00eam, t\u00fai TPN v\u00e0 \u1ed1ng truy\u1ec1n c\u1ea7n thi\u1ebft \u0111\u1ec3 truy\u1ec1n d\u1ecbch. <a href=\"https:\/\/ameripharmaspecialty.com\/vi\/home-infusion\/\">truy\u1ec1n d\u1ecbch t\u1ea1i nh\u00e0<\/a> B\u1ea1n t\u1ef1 th\u1ef1c hi\u1ec7n. Ch\u00fang t\u00f4i c\u0169ng c\u00f3 th\u1ec3 c\u1eed m\u1ed9t y t\u00e1 truy\u1ec1n d\u1ecbch chuy\u00ean khoa \u0111\u1ebfn t\u1eadn nh\u00e0 \u0111\u1ec3 h\u01b0\u1edbng d\u1eabn v\u00e0 t\u01b0 v\u1ea5n v\u1ec1 ph\u01b0\u01a1ng ph\u00e1p \u0111i\u1ec1u tr\u1ecb. D\u00f9 b\u1ea1n ch\u1ecdn ph\u01b0\u01a1ng ph\u00e1p \u0111i\u1ec1u tr\u1ecb TPN n\u00e0o, b\u1ea1n c\u0169ng c\u00f3 th\u1ec3 tin t\u01b0\u1edfng ch\u00fang t\u00f4i s\u1ebd gi\u00fap b\u1ea1n duy tr\u00ec s\u1ee9c kh\u1ecfe t\u1ed1t.<\/p>\n            <\/div>\n            <\/div>\n<\/div>\n\n\n\n<div  id=\"image-30-text-70-cf600c22cc8bc90b4f9dcafaead2918f\" style=\"\" class=\"img30text70 white\">\n\t<div class=\"container\">\n\t\t<div class=\"block-wrap left\">\n\t\t\t<div class=\"block-column image\">\n\t\t\t\t<picture class=\"image-30\">\n\t\t\t\t\t\t\t\t\t\t<source loading=\"lazy\" media=\"(min-width:768px)\" srcset=\"https:\/\/ameripharmaspecialty.com\/wp-content\/uploads\/2024\/07\/TPN-delivery-picture.jpg\">\n\t\t\t\t\t<img decoding=\"async\" loading=\"lazy\" src=\"https:\/\/ameripharmaspecialty.com\/wp-content\/uploads\/2024\/07\/TPN-delivery-picture.jpg\" alt=\"https:\/\/ameripharmaspecialty.com\/wp-content\/uploads\/2024\/07\/TPN-delivery-picture.jpg\" style=\"width:auto;\">\n\t\t\t\t<\/picture>\n\t\t\t<\/div>\n\t\t\t<div class=\"block-column\">\n\t\t\t\t<div class=\"text\">\n\t\t\t\t\t<h2>\u0110\u1eb7t h\u00e0ng v\u00e0 giao h\u00e0ng thu\u1eadn ti\u1ec7n<\/h2>\n<p>B\u1ea1n c\u00f3 th\u1ec3 \u0111\u1eb7t mua v\u1eadt t\u01b0 TPN tr\u1ef1c tuy\u1ebfn b\u1ea5t c\u1ee9 l\u00fac n\u00e0o trong ng\u00e0y ch\u1ec9 v\u1edbi v\u00e0i c\u00fa nh\u1ea5p chu\u1ed9t. B\u1ea1n s\u1ebd kh\u00f4ng c\u1ea7n ph\u1ea3i \u0111\u1ebfn hi\u1ec7u thu\u1ed1c v\u00e0 x\u1ebfp h\u00e0ng ch\u1edd \u0111\u1ee3i \u0111\u1ec3 c\u00f3 \u0111\u01b0\u1ee3c nh\u1eefng g\u00ec b\u1ea1n c\u1ea7n. Ch\u00fang t\u00f4i s\u1ebd giao thi\u1ebft b\u1ecb TPN \u0111\u1ebfn t\u1eadn nh\u00e0 b\u1ea1n trong v\u00f2ng 10 ph\u00fat. <a href=\"https:\/\/ameripharmaspecialty.com\/vi\/customized-packaging-delivery\/\">bao b\u00ec t\u00f9y ch\u1ec9nh<\/a> b\u1ea5t k\u1ec3 b\u1ea1n \u1edf \u0111\u00e2u v\u00e0 b\u1ea5t c\u1ee9 khi n\u00e0o thu\u1eadn ti\u1ec7n cho b\u1ea1n.<\/p>\n\t\t\t\t<\/div>\n\t\t\t<\/div>\n\t\t<\/div>\n\t<\/div>\n<\/div>\n\n\n<div  id=\"image-30-text-70-619e1f9b675cae9c9fcb41dc64a1e828\" style=\"\" class=\"img30text70 white\">\n\t<div class=\"container\">\n\t\t<div class=\"block-wrap right\">\n\t\t\t<div class=\"block-column image\">\n\t\t\t\t<picture class=\"image-30\">\n\t\t\t\t\t\t\t\t\t\t<source loading=\"lazy\" media=\"(min-width:768px)\" srcset=\"https:\/\/ameripharmaspecialty.com\/wp-content\/uploads\/2024\/02\/tpn-supplies-woman-microphone-headset-1200x500-1.jpg\">\n\t\t\t\t\t<img decoding=\"async\" loading=\"lazy\" src=\"https:\/\/ameripharmaspecialty.com\/wp-content\/uploads\/2024\/02\/tpn-supplies-woman-microphone-headset-1200x500-1.jpg\" alt=\"https:\/\/ameripharmaspecialty.com\/wp-content\/uploads\/2024\/02\/tpn-supplies-woman-microphone-headset-1200x500-1.jpg\" style=\"width:auto;\">\n\t\t\t\t<\/picture>\n\t\t\t<\/div>\n\t\t\t<div class=\"block-column\">\n\t\t\t\t<div class=\"text\">\n\t\t\t\t\t<h2>H\u1ed7 tr\u1ee3 24\/7<\/h2>\n<p>D\u01b0\u1ee3c s\u0129 l\u00e2m s\u00e0ng c\u1ee7a ch\u00fang t\u00f4i lu\u00f4n s\u1eb5n s\u00e0ng 24\/7 \u0111\u1ec3 h\u1ed7 tr\u1ee3 b\u1ea1n thi\u1ebft l\u1eadp thi\u1ebft b\u1ecb v\u00e0 th\u1ef1c hi\u1ec7n \u0111i\u1ec1u tr\u1ecb \u0111\u00fang c\u00e1ch. H\u1ecd s\u1ebd h\u01b0\u1edbng d\u1eabn b\u1ea1n trong su\u1ed1t qu\u00e1 tr\u00ecnh v\u00e0 gi\u00fap b\u1ea1n gi\u1ea3i quy\u1ebft m\u1ecdi v\u1ea5n \u0111\u1ec1 c\u00f3 th\u1ec3 ph\u00e1t sinh. S\u1ef1 h\u1ed7 tr\u1ee3 b\u1ec1n b\u1ec9 c\u1ee7a ch\u00fang t\u00f4i \u0111\u00e3 gi\u00fap b\u1ec7nh nh\u00e2n gi\u1ea3m thi\u1ec3u nhi\u1ec5m tr\u00f9ng v\u00e0 nh\u1eadp vi\u1ec7n.<\/p>\n\t\t\t\t<\/div>\n\t\t\t<\/div>\n\t\t<\/div>\n\t<\/div>\n<\/div>\n\n\n<div  id=\"image-30-text-70-049f23a831424058b818372119b2c9ef\" style=\"\" class=\"img30text70 white\">\n\t<div class=\"container\">\n\t\t<div class=\"block-wrap left\">\n\t\t\t<div class=\"block-column image\">\n\t\t\t\t<picture class=\"image-30\">\n\t\t\t\t\t\t\t\t\t\t<source loading=\"lazy\" media=\"(min-width:768px)\" srcset=\"https:\/\/ameripharmaspecialty.com\/wp-content\/uploads\/2024\/02\/tpn-supplies-100-dollar-bills-1200x500-1.jpg\">\n\t\t\t\t\t<img decoding=\"async\" loading=\"lazy\" src=\"https:\/\/ameripharmaspecialty.com\/wp-content\/uploads\/2024\/02\/tpn-supplies-100-dollar-bills-1200x500-1.jpg\" alt=\"https:\/\/ameripharmaspecialty.com\/wp-content\/uploads\/2024\/02\/tpn-supplies-100-dollar-bills-1200x500-1.jpg\" style=\"width:auto;\">\n\t\t\t\t<\/picture>\n\t\t\t<\/div>\n\t\t\t<div class=\"block-column\">\n\t\t\t\t<div class=\"text\">\n\t\t\t\t\t<h2>H\u1ed7 tr\u1ee3 \u0111\u1ed3ng thanh to\u00e1n<\/h2>\n<p>B\u1ea1n kh\u00f4ng c\u1ea7n ph\u1ea3i t\u1ef1 chi tr\u1ea3 to\u00e0n b\u1ed9 chi ph\u00ed v\u1eadt t\u01b0 TPN. C\u00e1c chuy\u00ean gia h\u1ed7 tr\u1ee3 \u0111\u1ed3ng thanh to\u00e1n c\u1ee7a ch\u00fang t\u00f4i s\u1ebd t\u00ecm ra c\u00e1c ch\u01b0\u01a1ng tr\u00ecnh n\u1ec1n t\u1ea3ng gi\u00e1 t\u1ed1t nh\u1ea5t \u0111\u1ec3 gi\u00fap b\u1ea1n ti\u1ebft ki\u1ec7m chi ph\u00ed. Cho \u0111\u1ebfn nay, ch\u00fang t\u00f4i \u0111\u00e3 \u0111\u1ea3m b\u1ea3o h\u01a1n $55 tri\u1ec7u \u0111\u00f4 la cho b\u1ec7nh nh\u00e2n. Ch\u00fang t\u00f4i c\u0169ng c\u00f3 th\u1ec3 gi\u00fap b\u1ea1n gi\u1ea3m b\u1edbt g\u00e1nh n\u1eb7ng t\u00e0i ch\u00ednh cho vi\u1ec7c \u0111i\u1ec1u tr\u1ecb.<\/p>\n\t\t\t\t<\/div>\n\t\t\t<\/div>\n\t\t<\/div>\n\t<\/div>\n<\/div>\n\n\n<div  id=\"call-to-action-b10e69c2258cb23e170d20cfba556106\" style=\"\" class=\"ct_call_to_action\">\n\t<div class=\"container\">\n\t\t<div class=\"block-wrap cta\">\n\t\t\t<div class=\"block-column\">\n\t\t\t\t<div class=\"cta_headings\">\n\t\t\t\t\t\t\t\t\t\t\t<h4 class=\"cta__heading\">\n\t\t\t\t\t\t\tNh\u1eadn B\u1ed9 d\u1ee5ng c\u1ee5 TPN c\u1ee7a b\u1ea1n t\u1eeb Nh\u00e0 thu\u1ed1c chuy\u00ean khoa AmeriPharma\u00ae\t\t\t\t\t\t<\/h4>\n\t\t\t\t\t\t\t\t\t\t\t\t\t\t\t\t<span class=\"cta__sub__heading\">\n\t\t\t\t\t\t\t\u0110\u1eb7t mua v\u1eadt t\u01b0 ngay h\u00f4m nay \u0111\u1ec3 c\u00f3 \u0111\u01b0\u1ee3c ngu\u1ed3n dinh d\u01b0\u1ee1ng c\u1ea7n thi\u1ebft. V\u1edbi d\u1ecbch v\u1ee5 giao h\u00e0ng k\u00edn \u0111\u00e1o qua \u0111\u00eam \u0111\u1ebfn h\u01a1n 40 ti\u1ec3u bang Hoa K\u1ef3, ch\u00fang t\u00f4i s\u1ebd \u0111\u1ea3m b\u1ea3o b\u1ea1n nh\u1eadn \u0111\u01b0\u1ee3c d\u1ecbch truy\u1ec1n \u0111\u00fang gi\u1edd v\u00e0 h\u01b0\u1edfng l\u1ee3i t\u1eeb ch\u00fang theo l\u1ecbch tr\u00ecnh \u0111i\u1ec1u tr\u1ecb c\u1ee7a b\u1ea1n. \u0110\u1eb7t mua v\u1eadt t\u01b0 TPN ngay h\u00f4m nay \u0111\u1ec3 ki\u1ec3m so\u00e1t t\u00ecnh tr\u1ea1ng b\u1ec7nh ngay t\u1ea1i nh\u00e0.\t\t\t\t\t\t<\/span>\n\t\t\t\t\t\t\t\t\t<\/div>\n\t\t\t\t\t\t\t\t\t<span class=\"cta_btn\">\n\t\t\t\t\t\t<a href=\"\/vi\/get-started\/\">B\u1eaft \u0111\u1ea7u<\/a>\n\t\t\t\t\t\t\t\t\t\t\t<\/span>\n\t\t\t\t\t\t\t<\/div>\n\n\t\t<\/div>\n\t<\/div>\n<\/div>","protected":false},"excerpt":{"rendered":"","protected":false},"author":1,"featured_media":0,"parent":0,"menu_order":0,"comment_status":"closed","ping_status":"closed","template":"","meta":{"_acf_changed":true,"om_disable_all_campaigns":false,"_uag_custom_page_level_css":"","footnotes":""},"categories":[],"tags":[],"class_list":["post-25184","page","type-page","status-publish","hentry"],"acf":[],"yoast_head":"<!-- This site is optimized with the Yoast SEO plugin v27.3 - https:\/\/yoast.com\/product\/yoast-seo-wordpress\/ -->\n<title>TPN Supplies | Home Infusion Kit | AmeriPharma\u00ae Specialty<\/title>\n<meta name=\"description\" content=\"From infusion pumps to nutrition bags, we offer all the TPN supplies you need at AmeriPharma\u00ae Specialty. Contact us to receive copay assistance for TPN therapy.\" \/>\n<meta name=\"robots\" content=\"noindex, follow, max-snippet:-1, max-image-preview:large, max-video-preview:-1\" \/>\n<meta property=\"og:locale\" content=\"vi_VN\" \/>\n<meta property=\"og:type\" content=\"article\" \/>\n<meta property=\"og:title\" content=\"TPN Supplies | Home Infusion Kit | AmeriPharma\u00ae Specialty\" \/>\n<meta property=\"og:description\" content=\"From infusion pumps to nutrition bags, we offer all the TPN supplies you need at AmeriPharma\u00ae Specialty. Contact us to receive copay assistance for TPN therapy.\" \/>\n<meta property=\"og:url\" content=\"https:\/\/ameripharmaspecialty.com\/vi\/tpn-supplies\/\" \/>\n<meta property=\"og:site_name\" content=\"AmeriPharma\u00ae Specialty Care\" \/>\n<meta property=\"article:publisher\" content=\"https:\/\/www.facebook.com\/ameripharma\/\" \/>\n<meta property=\"article:modified_time\" content=\"2024-12-06T19:56:53+00:00\" \/>\n<meta property=\"og:image\" content=\"https:\/\/ameripharmaspecialty.com\/wp-content\/uploads\/2024\/07\/specialty-care-logo-large-square.png\" \/>\n\t<meta property=\"og:image:width\" content=\"400\" \/>\n\t<meta property=\"og:image:height\" content=\"400\" \/>\n\t<meta property=\"og:image:type\" content=\"image\/png\" \/>\n<meta name=\"twitter:card\" content=\"summary_large_image\" \/>\n<script type=\"application\/ld+json\" class=\"yoast-schema-graph\">{\"@context\":\"https:\\\/\\\/schema.org\",\"@graph\":[{\"@type\":\"WebPage\",\"@id\":\"https:\\\/\\\/ameripharmaspecialty.com\\\/tpn-supplies\\\/\",\"url\":\"https:\\\/\\\/ameripharmaspecialty.com\\\/tpn-supplies\\\/\",\"name\":\"TPN Supplies | Home Infusion Kit | AmeriPharma\u00ae Specialty\",\"isPartOf\":{\"@id\":\"https:\\\/\\\/ameripharmaspecialty.com\\\/es\\\/#website\"},\"datePublished\":\"2024-02-15T16:19:54+00:00\",\"dateModified\":\"2024-12-06T19:56:53+00:00\",\"description\":\"From infusion pumps to nutrition bags, we offer all the TPN supplies you need at AmeriPharma\u00ae Specialty. Contact us to receive copay assistance for TPN therapy.\",\"breadcrumb\":{\"@id\":\"https:\\\/\\\/ameripharmaspecialty.com\\\/tpn-supplies\\\/#breadcrumb\"},\"inLanguage\":\"vi\",\"potentialAction\":[{\"@type\":\"ReadAction\",\"target\":[\"https:\\\/\\\/ameripharmaspecialty.com\\\/tpn-supplies\\\/\"]}]},{\"@type\":\"BreadcrumbList\",\"@id\":\"https:\\\/\\\/ameripharmaspecialty.com\\\/tpn-supplies\\\/#breadcrumb\",\"itemListElement\":[{\"@type\":\"ListItem\",\"position\":1,\"name\":\"Home\",\"item\":\"https:\\\/\\\/ameripharmaspecialty.com\\\/\"},{\"@type\":\"ListItem\",\"position\":2,\"name\":\"TPN Supplies\"}]},{\"@type\":\"WebSite\",\"@id\":\"https:\\\/\\\/ameripharmaspecialty.com\\\/es\\\/#website\",\"url\":\"https:\\\/\\\/ameripharmaspecialty.com\\\/es\\\/\",\"name\":\"AmeriPharma\u00ae Specialty Care\",\"description\":\"Specialty Care by AmeriPharma\",\"publisher\":{\"@id\":\"https:\\\/\\\/ameripharmaspecialty.com\\\/es\\\/#organization\"},\"potentialAction\":[{\"@type\":\"SearchAction\",\"target\":{\"@type\":\"EntryPoint\",\"urlTemplate\":\"https:\\\/\\\/ameripharmaspecialty.com\\\/es\\\/?s={search_term_string}\"},\"query-input\":{\"@type\":\"PropertyValueSpecification\",\"valueRequired\":true,\"valueName\":\"search_term_string\"}}],\"inLanguage\":\"vi\"},{\"@type\":\"Organization\",\"@id\":\"https:\\\/\\\/ameripharmaspecialty.com\\\/es\\\/#organization\",\"name\":\"Ameripharma Specialty Care\",\"url\":\"https:\\\/\\\/ameripharmaspecialty.com\\\/es\\\/\",\"logo\":{\"@type\":\"ImageObject\",\"inLanguage\":\"vi\",\"@id\":\"https:\\\/\\\/ameripharmaspecialty.com\\\/es\\\/#\\\/schema\\\/logo\\\/image\\\/\",\"url\":\"https:\\\/\\\/ameripharmaspecialty.com\\\/wp-content\\\/uploads\\\/2024\\\/07\\\/specialty-care-logo-large-square.png\",\"contentUrl\":\"https:\\\/\\\/ameripharmaspecialty.com\\\/wp-content\\\/uploads\\\/2024\\\/07\\\/specialty-care-logo-large-square.png\",\"width\":400,\"height\":400,\"caption\":\"Ameripharma Specialty Care\"},\"image\":{\"@id\":\"https:\\\/\\\/ameripharmaspecialty.com\\\/es\\\/#\\\/schema\\\/logo\\\/image\\\/\"},\"sameAs\":[\"https:\\\/\\\/www.facebook.com\\\/ameripharma\\\/\"]}]}<\/script>\n<!-- \/ Yoast SEO plugin. -->","yoast_head_json":{"title":"V\u1eadt t\u01b0 TPN | B\u1ed9 d\u1ee5ng c\u1ee5 truy\u1ec1n d\u1ecbch t\u1ea1i nh\u00e0 | AmeriPharma\u00ae Specialty","description":"T\u1eeb b\u01a1m truy\u1ec1n d\u1ecbch \u0111\u1ebfn t\u00fai dinh d\u01b0\u1ee1ng, ch\u00fang t\u00f4i cung c\u1ea5p t\u1ea5t c\u1ea3 c\u00e1c v\u1eadt t\u01b0 TPN b\u1ea1n c\u1ea7n t\u1ea1i AmeriPharma\u00ae Specialty. Li\u00ean h\u1ec7 v\u1edbi ch\u00fang t\u00f4i \u0111\u1ec3 \u0111\u01b0\u1ee3c h\u1ed7 tr\u1ee3 \u0111\u1ed3ng thanh to\u00e1n cho li\u1ec7u ph\u00e1p TPN.","robots":{"index":"noindex","follow":"follow","max-snippet":"max-snippet:-1","max-image-preview":"max-image-preview:large","max-video-preview":"max-video-preview:-1"},"og_locale":"vi_VN","og_type":"article","og_title":"TPN Supplies | Home Infusion Kit | AmeriPharma\u00ae Specialty","og_description":"From infusion pumps to nutrition bags, we offer all the TPN supplies you need at AmeriPharma\u00ae Specialty. Contact us to receive copay assistance for TPN therapy.","og_url":"https:\/\/ameripharmaspecialty.com\/vi\/tpn-supplies\/","og_site_name":"AmeriPharma\u00ae Specialty Care","article_publisher":"https:\/\/www.facebook.com\/ameripharma\/","article_modified_time":"2024-12-06T19:56:53+00:00","og_image":[{"width":400,"height":400,"url":"https:\/\/ameripharmaspecialty.com\/wp-content\/uploads\/2024\/07\/specialty-care-logo-large-square.png","type":"image\/png"}],"twitter_card":"summary_large_image","schema":{"@context":"https:\/\/schema.org","@graph":[{"@type":"WebPage","@id":"https:\/\/ameripharmaspecialty.com\/tpn-supplies\/","url":"https:\/\/ameripharmaspecialty.com\/tpn-supplies\/","name":"V\u1eadt t\u01b0 TPN | B\u1ed9 d\u1ee5ng c\u1ee5 truy\u1ec1n d\u1ecbch t\u1ea1i nh\u00e0 | AmeriPharma\u00ae Specialty","isPartOf":{"@id":"https:\/\/ameripharmaspecialty.com\/es\/#website"},"datePublished":"2024-02-15T16:19:54+00:00","dateModified":"2024-12-06T19:56:53+00:00","description":"T\u1eeb b\u01a1m truy\u1ec1n d\u1ecbch \u0111\u1ebfn t\u00fai dinh d\u01b0\u1ee1ng, ch\u00fang t\u00f4i cung c\u1ea5p t\u1ea5t c\u1ea3 c\u00e1c v\u1eadt t\u01b0 TPN b\u1ea1n c\u1ea7n t\u1ea1i AmeriPharma\u00ae Specialty. Li\u00ean h\u1ec7 v\u1edbi ch\u00fang t\u00f4i \u0111\u1ec3 \u0111\u01b0\u1ee3c h\u1ed7 tr\u1ee3 \u0111\u1ed3ng thanh to\u00e1n cho li\u1ec7u ph\u00e1p TPN.","breadcrumb":{"@id":"https:\/\/ameripharmaspecialty.com\/tpn-supplies\/#breadcrumb"},"inLanguage":"vi","potentialAction":[{"@type":"ReadAction","target":["https:\/\/ameripharmaspecialty.com\/tpn-supplies\/"]}]},{"@type":"BreadcrumbList","@id":"https:\/\/ameripharmaspecialty.com\/tpn-supplies\/#breadcrumb","itemListElement":[{"@type":"ListItem","position":1,"name":"Home","item":"https:\/\/ameripharmaspecialty.com\/"},{"@type":"ListItem","position":2,"name":"TPN Supplies"}]},{"@type":"WebSite","@id":"https:\/\/ameripharmaspecialty.com\/es\/#website","url":"https:\/\/ameripharmaspecialty.com\/es\/","name":"Ch\u0103m s\u00f3c \u0111\u1eb7c bi\u1ec7t AmeriPharma\u00ae","description":"Ch\u0103m s\u00f3c \u0111\u1eb7c bi\u1ec7t c\u1ee7a AmeriPharma","publisher":{"@id":"https:\/\/ameripharmaspecialty.com\/es\/#organization"},"potentialAction":[{"@type":"SearchAction","target":{"@type":"EntryPoint","urlTemplate":"https:\/\/ameripharmaspecialty.com\/es\/?s={search_term_string}"},"query-input":{"@type":"PropertyValueSpecification","valueRequired":true,"valueName":"search_term_string"}}],"inLanguage":"vi"},{"@type":"Organization","@id":"https:\/\/ameripharmaspecialty.com\/es\/#organization","name":"Ch\u0103m s\u00f3c \u0111\u1eb7c bi\u1ec7t Ameripharma","url":"https:\/\/ameripharmaspecialty.com\/es\/","logo":{"@type":"ImageObject","inLanguage":"vi","@id":"https:\/\/ameripharmaspecialty.com\/es\/#\/schema\/logo\/image\/","url":"https:\/\/ameripharmaspecialty.com\/wp-content\/uploads\/2024\/07\/specialty-care-logo-large-square.png","contentUrl":"https:\/\/ameripharmaspecialty.com\/wp-content\/uploads\/2024\/07\/specialty-care-logo-large-square.png","width":400,"height":400,"caption":"Ameripharma Specialty Care"},"image":{"@id":"https:\/\/ameripharmaspecialty.com\/es\/#\/schema\/logo\/image\/"},"sameAs":["https:\/\/www.facebook.com\/ameripharma\/"]}]}},"uagb_featured_image_src":{"full":false,"thumbnail":false,"medium":false,"medium_large":false,"large":false,"1536x1536":false,"2048x2048":false,"trp-custom-language-flag":false,"block-image-html-large":false,"ct-gallery":false,"ct-section-header":false,"ct-thumb":false,"ct-thumb-large":false,"ct-small":false,"ct-medium":false,"ct-xmedium":false,"ct-large":false},"uagb_author_info":{"display_name":"ameripharm3dev","author_link":"https:\/\/ameripharmaspecialty.com\/vi\/author\/ameripharm3dev\/"},"uagb_comment_info":0,"uagb_excerpt":null,"rttpg_featured_image_url":null,"rttpg_author":{"display_name":"ameripharm3dev","author_link":"https:\/\/ameripharmaspecialty.com\/vi\/author\/ameripharm3dev\/"},"rttpg_comment":0,"rttpg_category":false,"rttpg_excerpt":null,"_links":{"self":[{"href":"https:\/\/ameripharmaspecialty.com\/vi\/wp-json\/wp\/v2\/pages\/25184","targetHints":{"allow":["GET"]}}],"collection":[{"href":"https:\/\/ameripharmaspecialty.com\/vi\/wp-json\/wp\/v2\/pages"}],"about":[{"href":"https:\/\/ameripharmaspecialty.com\/vi\/wp-json\/wp\/v2\/types\/page"}],"author":[{"embeddable":true,"href":"https:\/\/ameripharmaspecialty.com\/vi\/wp-json\/wp\/v2\/users\/1"}],"replies":[{"embeddable":true,"href":"https:\/\/ameripharmaspecialty.com\/vi\/wp-json\/wp\/v2\/comments?post=25184"}],"version-history":[{"count":0,"href":"https:\/\/ameripharmaspecialty.com\/vi\/wp-json\/wp\/v2\/pages\/25184\/revisions"}],"wp:attachment":[{"href":"https:\/\/ameripharmaspecialty.com\/vi\/wp-json\/wp\/v2\/media?parent=25184"}],"wp:term":[{"taxonomy":"category","embeddable":true,"href":"https:\/\/ameripharmaspecialty.com\/vi\/wp-json\/wp\/v2\/categories?post=25184"},{"taxonomy":"post_tag","embeddable":true,"href":"https:\/\/ameripharmaspecialty.com\/vi\/wp-json\/wp\/v2\/tags?post=25184"}],"curies":[{"name":"wp","href":"https:\/\/api.w.org\/{rel}","templated":true}]}}