{"id":25130,"date":"2024-02-15T09:51:24","date_gmt":"2024-02-15T09:51:24","guid":{"rendered":"https:\/\/ameripharmaspecialty.com\/?page_id=25130"},"modified":"2025-07-16T16:20:02","modified_gmt":"2025-07-16T23:20:02","slug":"enrollment-and-referral-forms","status":"publish","type":"page","link":"https:\/\/ameripharmaspecialty.com\/vi\/enrollment-and-referral-forms\/","title":{"rendered":"M\u1eabu \u0111\u01a1n \u0111\u0103ng k\u00fd v\u00e0 gi\u1edbi thi\u1ec7u"},"content":{"rendered":"<div  id=\"only-content-6d9fe22004a456f967f78a0a98d98acf\" style=\"\" class=\"ct_content\">\n    <div class=\"block-wrap\">\n                    <div class=\"simple_content\">\n                <h2 style=\"text-align: center;\">Ba c\u00e1ch \u0111\u1ec3 k\u00ea \u0111\u01a1n<\/h2>\n<p style=\"text-align: center;\"><strong>V\u1edaI M\u1ed8T QUY TR\u00ccNH D\u1ec4 D\u00c0NG<\/strong><\/p>\n            <\/div>\n            <\/div>\n<\/div>\n\n\n<style>\n    .ct_iconbox{\n        background-color:white    }\n<\/style>\n<div  id=\"icon-box-dff3763d3fd478cdb972c73c6727ad34\" style=\"\" class=\"ct_iconbox\">\n    <div class=\"container\">\n        <div class=\"block-wrap iconbox\">\n        <h2 class=\"iconbox_heading\"><\/h2>\n            <div class=\"iconbox_inner col3\">\n                                                                                    <div class=\"iconbox_inner_col_box icon-top\">\n                                                            <img decoding=\"async\" src=\"https:\/\/ameripharmaspecialty.com\/wp-content\/uploads\/2024\/02\/fax-icon.jpg\" alt=\"\" width=\"66\">\n                                                                                                                                                <div class=\"content\"><p>FAX CHO CH\u00daNG T\u00d4I<br \/>\n<strong>877-778-0399<\/strong><br \/>\nV\u00e0 ch\u00fang ta s\u1ebd b\u1eaft tay v\u00e0o l\u00e0m vi\u1ec7c.<\/p>\n<\/div>\n                                                        \n                        <\/div>\n                                                                    <div class=\"iconbox_inner_col_box icon-top\">\n                                                            <img decoding=\"async\" src=\"https:\/\/ameripharmaspecialty.com\/wp-content\/uploads\/2024\/02\/time-line-step-1.jpg\" alt=\"\" width=\"66\">\n                                                                                                                                                <div class=\"content\"><p>K\u00ca \u0110\u01a0N \u0110I\u1ec6N T\u1eec<br \/>\n<strong>Ch\u0103m s\u00f3c \u0111\u1eb7c bi\u1ec7t AmeriPharma\u00ae<br \/>\n132 S Anita Dr. Suite 310 Orange, CA 92868<\/strong><br \/>\nNPI# 1336170679<\/p>\n<\/div>\n                                                        \n                        <\/div>\n                                                                    <div class=\"iconbox_inner_col_box icon-top\">\n                                                            <img decoding=\"async\" src=\"https:\/\/ameripharmaspecialty.com\/wp-content\/uploads\/2024\/02\/24hour-i.png\" alt=\"\" width=\"66\">\n                                                                                                                                                <div class=\"content\"><p>G\u1ecdi <strong><a href=\"tel:8777780318\" data-acsb-clickable=\"true\" data-acsb-navigable=\"true\" data-acsb-now-navigable=\"true\" data-custom-button-processed=\"true\">(877) 778-0318<\/a><\/strong><br \/>\n\u0110\u1ec3 k\u00ea \u0111\u01a1n thu\u1ed1c b\u1eb1ng l\u1eddi n\u00f3i.<\/p>\n<\/div>\n                                                        \n                        <\/div>\n                                                <\/div>\n        <\/div>\n    <\/div>\n<\/div>\n\n<div  id=\"pdf-forms-dc6b2ad226de1f73cea9c971bc4071ff\" style=\"\" class=\"pdfForms\">\n    <div class=\"container\">\n        <div class=\"block-wrap ct_pdfForms\">\n        <h2 class=\"pdfForms_heading\">Bi\u1ec3u m\u1eabu<\/h2>\n            <div class=\"pdfForms_inner col2\">\n                                                                                        <div class=\"pdfForms_inner_col_box\">\n                                <h3>Immunoglobulin (IG) IV v\u00e0 SubQ (IG)<\/h3>\n                                <ul>\n                                                                            <li>\n                                            <a href=\"https:\/\/ameripharmaspecialty.com\/wp-content\/uploads\/2024\/02\/IVIG-Order-Form.pdf\" target=\"_blank\" >\n                                            <img decoding=\"async\" src=\"https:\/\/ameripharmaspecialty.com\/wp-content\/themes\/ct-theme\/assets\/img\/pdf-icon.png\" alt=\"PDF\" \/>\n                                            T\u1ea3i xu\u1ed1ng m\u1eabu \u0111\u01a1n \u0111\u1eb7t h\u00e0ng\n                                            <\/a>\n                                        <\/li>\n                                                                                                                <li>\n                                            <a href=\"https:\/\/ameripharmaspecialty.com\/wp-content\/uploads\/2024\/02\/IVIG-Order-Form.pdf\" target=\"_blank\" > \n                                                <img decoding=\"async\" src=\"https:\/\/ameripharmaspecialty.com\/wp-content\/themes\/ct-theme\/assets\/img\/pdf-icon.png\" alt=\"PDF\" \/>\n                                                T\u1ea3i xu\u1ed1ng m\u1eabu gi\u1edbi thi\u1ec7u\n                                            <\/a>\n                                        <\/li>\n                                                                    <\/ul>\n                            <\/div>\n                                                                                                <div class=\"pdfForms_inner_col_box\">\n                                <h3>B\u1ec7nh th\u1ea5p kh\u1edbp<\/h3>\n                                <ul>\n                                                                            <li>\n                                            <a href=\"https:\/\/ameripharmaspecialty.com\/wp-content\/uploads\/2024\/02\/RHEUMATOLOGY-REFERRALL-FORM.pdf\" target=\"_blank\" >\n                                            <img decoding=\"async\" src=\"https:\/\/ameripharmaspecialty.com\/wp-content\/themes\/ct-theme\/assets\/img\/pdf-icon.png\" alt=\"PDF\" \/>\n                                            T\u1ea3i xu\u1ed1ng m\u1eabu \u0111\u01a1n \u0111\u1eb7t h\u00e0ng\n                                            <\/a>\n                                        <\/li>\n                                                                                                                <li>\n                                            <a href=\"https:\/\/ameripharmaspecialty.com\/wp-content\/uploads\/2024\/02\/RHEUMATOLOGY-REFERRALL-FORM.pdf\" target=\"_blank\" > \n                                                <img decoding=\"async\" src=\"https:\/\/ameripharmaspecialty.com\/wp-content\/themes\/ct-theme\/assets\/img\/pdf-icon.png\" alt=\"PDF\" \/>\n                                                T\u1ea3i xu\u1ed1ng m\u1eabu gi\u1edbi thi\u1ec7u\n                                            <\/a>\n                                        <\/li>\n                                                                    <\/ul>\n                            <\/div>\n                                                                                                <div class=\"pdfForms_inner_col_box\">\n                                <h3>Ung th\u01b0 h\u1ecdc<\/h3>\n                                <ul>\n                                                                            <li>\n                                            <a href=\"https:\/\/ameripharmaspecialty.com\/wp-content\/uploads\/2024\/02\/ONCOLOGY-REFERRAL-FORM.pdf\" target=\"_blank\" >\n                                            <img decoding=\"async\" src=\"https:\/\/ameripharmaspecialty.com\/wp-content\/themes\/ct-theme\/assets\/img\/pdf-icon.png\" alt=\"PDF\" \/>\n                                            T\u1ea3i xu\u1ed1ng m\u1eabu \u0111\u01a1n \u0111\u1eb7t h\u00e0ng\n                                            <\/a>\n                                        <\/li>\n                                                                                                                <li>\n                                            <a href=\"https:\/\/ameripharmaspecialty.com\/wp-content\/uploads\/2024\/02\/ONCOLOGY-REFERRAL-FORM.pdf\" target=\"_blank\" > \n                                                <img decoding=\"async\" src=\"https:\/\/ameripharmaspecialty.com\/wp-content\/themes\/ct-theme\/assets\/img\/pdf-icon.png\" alt=\"PDF\" \/>\n                                                T\u1ea3i xu\u1ed1ng m\u1eabu gi\u1edbi thi\u1ec7u\n                                            <\/a>\n                                        <\/li>\n                                                                    <\/ul>\n                            <\/div>\n                                                                                                <div class=\"pdfForms_inner_col_box\">\n                                <h3>Vi\u00eam gan C<\/h3>\n                                <ul>\n                                                                            <li>\n                                            <a href=\"https:\/\/ameripharmaspecialty.com\/wp-content\/uploads\/2024\/02\/hepatitis-c-referral-form.pdf\" target=\"_blank\" >\n                                            <img decoding=\"async\" src=\"https:\/\/ameripharmaspecialty.com\/wp-content\/themes\/ct-theme\/assets\/img\/pdf-icon.png\" alt=\"PDF\" \/>\n                                            T\u1ea3i xu\u1ed1ng m\u1eabu \u0111\u01a1n \u0111\u1eb7t h\u00e0ng\n                                            <\/a>\n                                        <\/li>\n                                                                                                                <li>\n                                            <a href=\"https:\/\/ameripharmaspecialty.com\/wp-content\/uploads\/2024\/02\/hepatitis-c-referral-form.pdf\" target=\"_blank\" > \n                                                <img decoding=\"async\" src=\"https:\/\/ameripharmaspecialty.com\/wp-content\/themes\/ct-theme\/assets\/img\/pdf-icon.png\" alt=\"PDF\" \/>\n                                                T\u1ea3i xu\u1ed1ng m\u1eabu gi\u1edbi thi\u1ec7u\n                                            <\/a>\n                                        <\/li>\n                                                                    <\/ul>\n                            <\/div>\n                                                                                                <div class=\"pdfForms_inner_col_box\">\n                                <h3>Ti\u00eau h\u00f3a<\/h3>\n                                <ul>\n                                                                            <li>\n                                            <a href=\"https:\/\/ameripharmaspecialty.com\/wp-content\/uploads\/2024\/02\/Gastroenterology-Order-Form.pdf\" target=\"_blank\" >\n                                            <img decoding=\"async\" src=\"https:\/\/ameripharmaspecialty.com\/wp-content\/themes\/ct-theme\/assets\/img\/pdf-icon.png\" alt=\"PDF\" \/>\n                                            T\u1ea3i xu\u1ed1ng m\u1eabu \u0111\u01a1n \u0111\u1eb7t h\u00e0ng\n                                            <\/a>\n                                        <\/li>\n                                                                                                                <li>\n                                            <a href=\"https:\/\/ameripharmaspecialty.com\/wp-content\/uploads\/2024\/02\/Gastroenterology-Order-Form.pdf\" target=\"_blank\" > \n                                                <img decoding=\"async\" src=\"https:\/\/ameripharmaspecialty.com\/wp-content\/themes\/ct-theme\/assets\/img\/pdf-icon.png\" alt=\"PDF\" \/>\n                                                T\u1ea3i xu\u1ed1ng m\u1eabu gi\u1edbi thi\u1ec7u\n                                            <\/a>\n                                        <\/li>\n                                                                    <\/ul>\n                            <\/div>\n                                                                                                <div class=\"pdfForms_inner_col_box\">\n                                <h3>Th\u1ea7n kinh h\u1ecdc<\/h3>\n                                <ul>\n                                                                                                                <li>\n                                            <a href=\"https:\/\/ameripharmaspecialty.com\/wp-content\/uploads\/2024\/02\/Neurology-Order-Form.pdf\" target=\"_blank\" > \n                                                <img decoding=\"async\" src=\"https:\/\/ameripharmaspecialty.com\/wp-content\/themes\/ct-theme\/assets\/img\/pdf-icon.png\" alt=\"PDF\" \/>\n                                                T\u1ea3i xu\u1ed1ng m\u1eabu gi\u1edbi thi\u1ec7u\n                                            <\/a>\n                                        <\/li>\n                                                                    <\/ul>\n                            <\/div>\n                                                                        <\/div>\n        <\/div>\n    <\/div>\n<\/div>","protected":false},"excerpt":{"rendered":"","protected":false},"author":1,"featured_media":0,"parent":0,"menu_order":0,"comment_status":"closed","ping_status":"closed","template":"","meta":{"_acf_changed":true,"om_disable_all_campaigns":false,"_uag_custom_page_level_css":"","footnotes":""},"categories":[],"tags":[],"class_list":["post-25130","page","type-page","status-publish","hentry"],"acf":[],"yoast_head":"<!-- This site is optimized with the Yoast SEO plugin v27.4 - https:\/\/yoast.com\/product\/yoast-seo-wordpress\/ -->\n<title>Enrollment and Referral Forms | AmeriPharma Specialty<\/title>\n<meta name=\"description\" content=\"See AmeriPharma Specialty Pharmacy\u2019s enrollment and referral forms. Contact our patient care coordinators today to receive at-home care with copay assistance.\" \/>\n<meta name=\"robots\" content=\"index, follow, max-snippet:-1, max-image-preview:large, max-video-preview:-1\" \/>\n<link rel=\"canonical\" href=\"https:\/\/ameripharmaspecialty.com\/vi\/enrollment-and-referral-forms\/\" \/>\n<meta property=\"og:locale\" content=\"vi_VN\" \/>\n<meta property=\"og:type\" content=\"article\" \/>\n<meta property=\"og:title\" content=\"Enrollment and Referral Forms | AmeriPharma Specialty\" \/>\n<meta property=\"og:description\" content=\"See AmeriPharma Specialty Pharmacy\u2019s enrollment and referral forms. Contact our patient care coordinators today to receive at-home care with copay assistance.\" \/>\n<meta property=\"og:url\" content=\"https:\/\/ameripharmaspecialty.com\/vi\/enrollment-and-referral-forms\/\" \/>\n<meta property=\"og:site_name\" content=\"AmeriPharma\u00ae Specialty Care\" \/>\n<meta property=\"article:publisher\" content=\"https:\/\/www.facebook.com\/ameripharma\/\" \/>\n<meta property=\"article:modified_time\" content=\"2025-07-16T23:20:02+00:00\" \/>\n<meta property=\"og:image\" content=\"https:\/\/ameripharmaspecialty.com\/wp-content\/uploads\/2024\/07\/specialty-care-logo-large-square.png\" \/>\n\t<meta property=\"og:image:width\" content=\"400\" \/>\n\t<meta property=\"og:image:height\" content=\"400\" \/>\n\t<meta property=\"og:image:type\" content=\"image\/png\" \/>\n<meta name=\"twitter:card\" content=\"summary_large_image\" \/>\n<script type=\"application\/ld+json\" class=\"yoast-schema-graph\">{\"@context\":\"https:\\\/\\\/schema.org\",\"@graph\":[{\"@type\":\"WebPage\",\"@id\":\"https:\\\/\\\/ameripharmaspecialty.com\\\/enrollment-and-referral-forms\\\/\",\"url\":\"https:\\\/\\\/ameripharmaspecialty.com\\\/enrollment-and-referral-forms\\\/\",\"name\":\"Enrollment and Referral Forms | AmeriPharma Specialty\",\"isPartOf\":{\"@id\":\"https:\\\/\\\/ameripharmaspecialty.com\\\/#website\"},\"datePublished\":\"2024-02-15T09:51:24+00:00\",\"dateModified\":\"2025-07-16T23:20:02+00:00\",\"description\":\"See AmeriPharma Specialty Pharmacy\u2019s enrollment and referral forms. Contact our patient care coordinators today to receive at-home care with copay assistance.\",\"breadcrumb\":{\"@id\":\"https:\\\/\\\/ameripharmaspecialty.com\\\/enrollment-and-referral-forms\\\/#breadcrumb\"},\"inLanguage\":\"vi\",\"potentialAction\":[{\"@type\":\"ReadAction\",\"target\":[\"https:\\\/\\\/ameripharmaspecialty.com\\\/enrollment-and-referral-forms\\\/\"]}]},{\"@type\":\"BreadcrumbList\",\"@id\":\"https:\\\/\\\/ameripharmaspecialty.com\\\/enrollment-and-referral-forms\\\/#breadcrumb\",\"itemListElement\":[{\"@type\":\"ListItem\",\"position\":1,\"name\":\"Home\",\"item\":\"https:\\\/\\\/ameripharmaspecialty.com\\\/vi\\\/\"},{\"@type\":\"ListItem\",\"position\":2,\"name\":\"Enrollment and Referral Forms\"}]},{\"@type\":\"WebSite\",\"@id\":\"https:\\\/\\\/ameripharmaspecialty.com\\\/#website\",\"url\":\"https:\\\/\\\/ameripharmaspecialty.com\\\/\",\"name\":\"AmeriPharma\u00ae Specialty Care\",\"description\":\"Specialty Care by AmeriPharma\",\"publisher\":{\"@id\":\"https:\\\/\\\/ameripharmaspecialty.com\\\/#organization\"},\"potentialAction\":[{\"@type\":\"SearchAction\",\"target\":{\"@type\":\"EntryPoint\",\"urlTemplate\":\"https:\\\/\\\/ameripharmaspecialty.com\\\/?s={search_term_string}\"},\"query-input\":{\"@type\":\"PropertyValueSpecification\",\"valueRequired\":true,\"valueName\":\"search_term_string\"}}],\"inLanguage\":\"vi\"},{\"@type\":\"Organization\",\"@id\":\"https:\\\/\\\/ameripharmaspecialty.com\\\/#organization\",\"name\":\"Ameripharma Specialty Care\",\"url\":\"https:\\\/\\\/ameripharmaspecialty.com\\\/\",\"logo\":{\"@type\":\"ImageObject\",\"inLanguage\":\"vi\",\"@id\":\"https:\\\/\\\/ameripharmaspecialty.com\\\/#\\\/schema\\\/logo\\\/image\\\/\",\"url\":\"https:\\\/\\\/ameripharmaspecialty.com\\\/wp-content\\\/uploads\\\/2024\\\/07\\\/specialty-care-logo-large-square.png\",\"contentUrl\":\"https:\\\/\\\/ameripharmaspecialty.com\\\/wp-content\\\/uploads\\\/2024\\\/07\\\/specialty-care-logo-large-square.png\",\"width\":400,\"height\":400,\"caption\":\"Ameripharma Specialty Care\"},\"image\":{\"@id\":\"https:\\\/\\\/ameripharmaspecialty.com\\\/#\\\/schema\\\/logo\\\/image\\\/\"},\"sameAs\":[\"https:\\\/\\\/www.facebook.com\\\/ameripharma\\\/\"]}]}<\/script>\n<!-- \/ Yoast SEO plugin. -->","yoast_head_json":{"title":"M\u1eabu \u0111\u01a1n \u0111\u0103ng k\u00fd v\u00e0 gi\u1edbi thi\u1ec7u | Chuy\u00ean khoa AmeriPharma","description":"Xem m\u1eabu \u0111\u0103ng k\u00fd v\u00e0 gi\u1edbi thi\u1ec7u c\u1ee7a Nh\u00e0 thu\u1ed1c Chuy\u00ean khoa AmeriPharma. Li\u00ean h\u1ec7 v\u1edbi \u0111i\u1ec1u ph\u1ed1i vi\u00ean ch\u0103m s\u00f3c b\u1ec7nh nh\u00e2n c\u1ee7a ch\u00fang t\u00f4i ngay h\u00f4m nay \u0111\u1ec3 \u0111\u01b0\u1ee3c ch\u0103m s\u00f3c t\u1ea1i nh\u00e0 v\u1edbi h\u1ed7 tr\u1ee3 \u0111\u1ed3ng thanh to\u00e1n.","robots":{"index":"index","follow":"follow","max-snippet":"max-snippet:-1","max-image-preview":"max-image-preview:large","max-video-preview":"max-video-preview:-1"},"canonical":"https:\/\/ameripharmaspecialty.com\/vi\/enrollment-and-referral-forms\/","og_locale":"vi_VN","og_type":"article","og_title":"Enrollment and Referral Forms | AmeriPharma Specialty","og_description":"See AmeriPharma Specialty Pharmacy\u2019s enrollment and referral forms. Contact our patient care coordinators today to receive at-home care with copay assistance.","og_url":"https:\/\/ameripharmaspecialty.com\/vi\/enrollment-and-referral-forms\/","og_site_name":"AmeriPharma\u00ae Specialty Care","article_publisher":"https:\/\/www.facebook.com\/ameripharma\/","article_modified_time":"2025-07-16T23:20:02+00:00","og_image":[{"width":400,"height":400,"url":"https:\/\/ameripharmaspecialty.com\/wp-content\/uploads\/2024\/07\/specialty-care-logo-large-square.png","type":"image\/png"}],"twitter_card":"summary_large_image","schema":{"@context":"https:\/\/schema.org","@graph":[{"@type":"WebPage","@id":"https:\/\/ameripharmaspecialty.com\/enrollment-and-referral-forms\/","url":"https:\/\/ameripharmaspecialty.com\/enrollment-and-referral-forms\/","name":"M\u1eabu \u0111\u01a1n \u0111\u0103ng k\u00fd v\u00e0 gi\u1edbi thi\u1ec7u | Chuy\u00ean khoa AmeriPharma","isPartOf":{"@id":"https:\/\/ameripharmaspecialty.com\/#website"},"datePublished":"2024-02-15T09:51:24+00:00","dateModified":"2025-07-16T23:20:02+00:00","description":"Xem m\u1eabu \u0111\u0103ng k\u00fd v\u00e0 gi\u1edbi thi\u1ec7u c\u1ee7a Nh\u00e0 thu\u1ed1c Chuy\u00ean khoa AmeriPharma. Li\u00ean h\u1ec7 v\u1edbi \u0111i\u1ec1u ph\u1ed1i vi\u00ean ch\u0103m s\u00f3c b\u1ec7nh nh\u00e2n c\u1ee7a ch\u00fang t\u00f4i ngay h\u00f4m nay \u0111\u1ec3 \u0111\u01b0\u1ee3c ch\u0103m s\u00f3c t\u1ea1i nh\u00e0 v\u1edbi h\u1ed7 tr\u1ee3 \u0111\u1ed3ng thanh to\u00e1n.","breadcrumb":{"@id":"https:\/\/ameripharmaspecialty.com\/enrollment-and-referral-forms\/#breadcrumb"},"inLanguage":"vi","potentialAction":[{"@type":"ReadAction","target":["https:\/\/ameripharmaspecialty.com\/enrollment-and-referral-forms\/"]}]},{"@type":"BreadcrumbList","@id":"https:\/\/ameripharmaspecialty.com\/enrollment-and-referral-forms\/#breadcrumb","itemListElement":[{"@type":"ListItem","position":1,"name":"Home","item":"https:\/\/ameripharmaspecialty.com\/vi\/"},{"@type":"ListItem","position":2,"name":"Enrollment and Referral Forms"}]},{"@type":"WebSite","@id":"https:\/\/ameripharmaspecialty.com\/#website","url":"https:\/\/ameripharmaspecialty.com\/","name":"Ch\u0103m s\u00f3c \u0111\u1eb7c bi\u1ec7t AmeriPharma\u00ae","description":"Ch\u0103m s\u00f3c \u0111\u1eb7c bi\u1ec7t c\u1ee7a AmeriPharma","publisher":{"@id":"https:\/\/ameripharmaspecialty.com\/#organization"},"potentialAction":[{"@type":"SearchAction","target":{"@type":"EntryPoint","urlTemplate":"https:\/\/ameripharmaspecialty.com\/?s={search_term_string}"},"query-input":{"@type":"PropertyValueSpecification","valueRequired":true,"valueName":"search_term_string"}}],"inLanguage":"vi"},{"@type":"Organization","@id":"https:\/\/ameripharmaspecialty.com\/#organization","name":"Ch\u0103m s\u00f3c \u0111\u1eb7c bi\u1ec7t Ameripharma","url":"https:\/\/ameripharmaspecialty.com\/","logo":{"@type":"ImageObject","inLanguage":"vi","@id":"https:\/\/ameripharmaspecialty.com\/#\/schema\/logo\/image\/","url":"https:\/\/ameripharmaspecialty.com\/wp-content\/uploads\/2024\/07\/specialty-care-logo-large-square.png","contentUrl":"https:\/\/ameripharmaspecialty.com\/wp-content\/uploads\/2024\/07\/specialty-care-logo-large-square.png","width":400,"height":400,"caption":"Ameripharma Specialty Care"},"image":{"@id":"https:\/\/ameripharmaspecialty.com\/#\/schema\/logo\/image\/"},"sameAs":["https:\/\/www.facebook.com\/ameripharma\/"]}]}},"uagb_featured_image_src":{"full":false,"thumbnail":false,"medium":false,"medium_large":false,"large":false,"1536x1536":false,"2048x2048":false,"trp-custom-language-flag":false,"block-image-html-large":false,"ct-gallery":false,"ct-section-header":false,"ct-thumb":false,"ct-thumb-large":false,"ct-small":false,"ct-medium":false,"ct-xmedium":false,"ct-large":false},"uagb_author_info":{"display_name":"ameripharm3dev","author_link":"https:\/\/ameripharmaspecialty.com\/vi\/author\/ameripharm3dev\/"},"uagb_comment_info":0,"uagb_excerpt":null,"rttpg_featured_image_url":null,"rttpg_author":{"display_name":"ameripharm3dev","author_link":"https:\/\/ameripharmaspecialty.com\/vi\/author\/ameripharm3dev\/"},"rttpg_comment":0,"rttpg_category":false,"rttpg_excerpt":null,"_links":{"self":[{"href":"https:\/\/ameripharmaspecialty.com\/vi\/wp-json\/wp\/v2\/pages\/25130","targetHints":{"allow":["GET"]}}],"collection":[{"href":"https:\/\/ameripharmaspecialty.com\/vi\/wp-json\/wp\/v2\/pages"}],"about":[{"href":"https:\/\/ameripharmaspecialty.com\/vi\/wp-json\/wp\/v2\/types\/page"}],"author":[{"embeddable":true,"href":"https:\/\/ameripharmaspecialty.com\/vi\/wp-json\/wp\/v2\/users\/1"}],"replies":[{"embeddable":true,"href":"https:\/\/ameripharmaspecialty.com\/vi\/wp-json\/wp\/v2\/comments?post=25130"}],"version-history":[{"count":0,"href":"https:\/\/ameripharmaspecialty.com\/vi\/wp-json\/wp\/v2\/pages\/25130\/revisions"}],"wp:attachment":[{"href":"https:\/\/ameripharmaspecialty.com\/vi\/wp-json\/wp\/v2\/media?parent=25130"}],"wp:term":[{"taxonomy":"category","embeddable":true,"href":"https:\/\/ameripharmaspecialty.com\/vi\/wp-json\/wp\/v2\/categories?post=25130"},{"taxonomy":"post_tag","embeddable":true,"href":"https:\/\/ameripharmaspecialty.com\/vi\/wp-json\/wp\/v2\/tags?post=25130"}],"curies":[{"name":"wp","href":"https:\/\/api.w.org\/{rel}","templated":true}]}}