{"id":24876,"date":"2024-02-05T09:47:23","date_gmt":"2024-02-05T09:47:23","guid":{"rendered":"https:\/\/ameripharmaspecialty.com\/?page_id=24876"},"modified":"2024-09-03T16:21:39","modified_gmt":"2024-09-03T23:21:39","slug":"copay-form","status":"publish","type":"page","link":"https:\/\/ameripharmaspecialty.com\/vi\/copay-form\/","title":{"rendered":"Bi\u1ec3u m\u1eabu \u0111\u1ed3ng thanh to\u00e1n"},"content":{"rendered":"<div id=\"form\">\n\t<div  id=\"blog-form-25c24a439f808e3bf78412f2390bb4ec\" style=\"\" class=\"blogForm image\">\n\t\t<div class=\"container\">\n\n\t\t\t\t\t\t\t<h2 class=\"title\">Copay Assistance Application<\/h2>\n\t\t\t\n\t\t\t\t\t\t\t<div class=\"text\"><p>Fill out the HIPAA-compliant form below so we can help you locate all available funding sources and match you to top-dollar foundation programs<\/p>\n<\/div>\n\t\t\t\n\t\t\t<div class=\"form\">\n\t\t\t\t\t<div id=\"iframe-container\"><\/div>\n\t\t\t\t\t<script>     \n                        window.addEventListener('DOMContentLoaded', () => {\n                            function buildForm(posthogID) {\n                                let formId = \"Lac86iCjiIyfdFLJylVF\";\n                                let formHeight = '400px';\n                                function getURLParameter(e){return decodeURIComponent((RegExp(e+\"=(.+?)(&|$)\").exec(location.search)||[,null])[1])}   \n                                let utmParams = ['utm_source','utm_medium','utm_campaign','utm_campaignid','utm_adgroup','utm_term','utm_keyword','keyword','device','match','loc','utm_network','gclid','extensionid', 'sitelink'];   \n                                let formUrl = 'https:\/\/api.leadconnectorhq.com\/widget\/survey\/';   \n                                let formJs = 'https:\/\/msgsndr.com\/js\/form_embed.js';   \n                                let urlParams = '?'; \n\n                                for (let param of utmParams) {     \n                                    getURLParameter();     \n                                    let urlTerm = getURLParameter(param);     \n                                    if (urlTerm.trim().length > 0 && urlTerm != \"null\") {       \n                                            urlParams += `${param}=${decodeURIComponent(urlTerm).replace(\/\\+\/g,' ')}&`;     \n                                    }   \n                                }   \n\n                                let cleanURL = window.location.origin + window.location.pathname;   \n                                let ifrm = document.createElement('iframe');   \n                                ifrm.setAttribute('id', \"ct-form\");   \n                                ifrm.setAttribute('title', 'Form');\n                                ifrm.setAttribute('src', formUrl + formId + urlParams + \"&pID=\" + posthogID + \"&page_url=\" + cleanURL);   \n                                ifrm.setAttribute('scrolling', 'no');   \n                                ifrm.setAttribute('style', 'border:none;width:100%;min-height:unset;height:' + formHeight);   \n                                let s = document.createElement('script');   \n                                s.type = 'text\/javascript';   \n                                s.src = formJs;   \n                                var el = document.getElementById('iframe-container');   \n                                el.appendChild(ifrm, el);   \n                                el.appendChild(s, el); \n                            }\n\n                            function tryPosthogThenBuild() {\n                                if (typeof posthog !== 'undefined' && typeof posthog.onLoaded === 'function') {\n                                    \/\/ \u2705 Best case: wait for PostHog's ready event\n                                    posthog.onLoaded(() => {\n                                        const id = posthog.get_distinct_id();\n                                        buildForm(id);\n                                    });\n                                } else {\n                                    \/\/ Poll every 500ms until PostHog gives a valid ID\n                                    let attempts = 0;\n                                    const maxAttempts = 10; \/\/ ~5 seconds at 500ms each\n                                    const interval = setInterval(() => {\n                                        attempts++;\n                                        if (typeof posthog !== 'undefined' && typeof posthog.get_distinct_id === 'function') {\n                                            const id = posthog.get_distinct_id();\n                                            if (id && id.trim().length > 0) {\n                                                buildForm(id);        \/\/ \u2705 Build with real ID\n                                                clearInterval(interval);\n                                                return;\n                                            }\n                                        }\n                                        \/\/ If max attempts reached, give up and build with null\n                                        if (attempts >= maxAttempts) {\n                                            buildForm(null);        \/\/ \u2705 Fallback with no ID\n                                            clearInterval(interval);\n                                        }\n                                    }, 500);\n                                }\n                            }\n\n                            tryPosthogThenBuild();\n\n                        });\n                    <\/script>\n                    <p style=\"text-align: center;\"><img decoding=\"async\" src=\"https:\/\/ameripharmaspecialty.com\/wp-content\/uploads\/2024\/07\/hipaa_logo.png\" width=\"160\" alt=\"HIPAA Compliant\" \/><\/p>\n                    \t\t\t\t<p style=\"text-align: center;\" class=\"legal-block\">By submitting, you agree to AmeriPharma\u2019s <a href=\"https:\/\/ameripharmaspecialty.com\/terms-of-use\/\" target=\"_blank\" rel=\"noopener\">Terms of Use<\/a>, <a href=\"https:\/\/ameripharmaspecialty.com\/privacy-policy\/\" target=\"_blank\" rel=\"noopener\">Privacy Policy<\/a>, and <a href=\"https:\/\/ameripharmaspecialty.com\/notice-of-privacy-practices\/\" target=\"_blank\" rel=\"noopener\">Notice of Privacy Practices<\/a><\/p>\n\n\t\t\t\t<\/div>\n\n\t\t<\/div>\n\t<\/div>\n<\/div>\n\n\n<div  id=\"call-to-action-4176cbab4c498560d1f321da30a215f8\" style=\"\" class=\"ct_call_to_action\">\n\t<div class=\"container\">\n\t\t<div class=\"block-wrap cta\">\n\t\t\t<div class=\"block-column\">\n\t\t\t\t<div class=\"cta_headings\">\n\t\t\t\t\t\t\t\t\t\t\t<h4 class=\"cta__heading\">\n\t\t\t\t\t\t\tSpeak with a Copay Assistance Specialist\t\t\t\t\t\t<\/h4>\n\t\t\t\t\t\t\t\t\t\t\t\t\t\t\t\t<span class=\"cta__sub__heading\">\n\t\t\t\t\t\t\tOur team of copay assistance experts assists with every step of the application process\t\t\t\t\t\t<\/span>\n\t\t\t\t\t\t\t\t\t<\/div>\n\t\t\t\t\t\t\t\t\t<span class=\"cta_btn\">\n\t\t\t\t\t\t<a href=\"tel:8777780318\">(877) 778-0318<\/a>\n\t\t\t\t\t\t\t\t\t\t\t<\/span>\n\t\t\t\t\t\t\t<\/div>\n\n\t\t<\/div>\n\t<\/div>\n<\/div>\n","protected":false},"excerpt":{"rendered":"","protected":false},"author":1,"featured_media":0,"parent":0,"menu_order":0,"comment_status":"closed","ping_status":"closed","template":"","meta":{"_acf_changed":true,"om_disable_all_campaigns":false,"_uag_custom_page_level_css":"","footnotes":""},"categories":[],"tags":[],"class_list":["post-24876","page","type-page","status-publish","hentry"],"acf":[],"yoast_head":"<!-- This site is optimized with the Yoast SEO plugin v27.3 - https:\/\/yoast.com\/product\/yoast-seo-wordpress\/ -->\n<title>Copay Assistance | Specialty Care | AmeriPharma Specialty<\/title>\n<meta name=\"description\" content=\"AmeriPharma Specialty assists patients through a network of financial foundations. Fill out our copay assistance application form to cut your treatment costs.\" \/>\n<meta name=\"robots\" content=\"index, follow, max-snippet:-1, max-image-preview:large, max-video-preview:-1\" \/>\n<link rel=\"canonical\" href=\"https:\/\/ameripharmaspecialty.com\/vi\/copay-form\/\" \/>\n<meta property=\"og:locale\" content=\"vi_VN\" \/>\n<meta property=\"og:type\" content=\"article\" \/>\n<meta property=\"og:title\" content=\"Copay Assistance | Specialty Care | AmeriPharma Specialty\" \/>\n<meta property=\"og:description\" content=\"AmeriPharma Specialty assists patients through a network of financial foundations. Fill out our copay assistance application form to cut your treatment costs.\" \/>\n<meta property=\"og:url\" content=\"https:\/\/ameripharmaspecialty.com\/vi\/copay-form\/\" \/>\n<meta property=\"og:site_name\" content=\"AmeriPharma\u00ae Specialty Care\" \/>\n<meta property=\"article:publisher\" content=\"https:\/\/www.facebook.com\/ameripharma\/\" \/>\n<meta property=\"article:modified_time\" content=\"2024-09-03T23:21:39+00:00\" \/>\n<meta property=\"og:image\" content=\"https:\/\/ameripharmaspecialty.com\/wp-content\/uploads\/2024\/07\/specialty-care-logo-large-square.png\" \/>\n\t<meta property=\"og:image:width\" content=\"400\" \/>\n\t<meta property=\"og:image:height\" content=\"400\" \/>\n\t<meta property=\"og:image:type\" content=\"image\/png\" \/>\n<meta name=\"twitter:card\" content=\"summary_large_image\" \/>\n<script type=\"application\/ld+json\" class=\"yoast-schema-graph\">{\"@context\":\"https:\\\/\\\/schema.org\",\"@graph\":[{\"@type\":\"WebPage\",\"@id\":\"https:\\\/\\\/ameripharmaspecialty.com\\\/zh\\\/copay-form\\\/\",\"url\":\"https:\\\/\\\/ameripharmaspecialty.com\\\/zh\\\/copay-form\\\/\",\"name\":\"Copay Assistance | Specialty Care | AmeriPharma Specialty\",\"isPartOf\":{\"@id\":\"https:\\\/\\\/ameripharmaspecialty.com\\\/#website\"},\"datePublished\":\"2024-02-05T09:47:23+00:00\",\"dateModified\":\"2024-09-03T23:21:39+00:00\",\"description\":\"AmeriPharma Specialty assists patients through a network of financial foundations. Fill out our copay assistance application form to cut your treatment costs.\",\"breadcrumb\":{\"@id\":\"https:\\\/\\\/ameripharmaspecialty.com\\\/zh\\\/copay-form\\\/#breadcrumb\"},\"inLanguage\":\"vi\",\"potentialAction\":[{\"@type\":\"ReadAction\",\"target\":[\"https:\\\/\\\/ameripharmaspecialty.com\\\/zh\\\/copay-form\\\/\"]}]},{\"@type\":\"BreadcrumbList\",\"@id\":\"https:\\\/\\\/ameripharmaspecialty.com\\\/zh\\\/copay-form\\\/#breadcrumb\",\"itemListElement\":[{\"@type\":\"ListItem\",\"position\":1,\"name\":\"Home\",\"item\":\"https:\\\/\\\/ameripharmaspecialty.com\\\/es\\\/\"},{\"@type\":\"ListItem\",\"position\":2,\"name\":\"CoPay Form\"}]},{\"@type\":\"WebSite\",\"@id\":\"https:\\\/\\\/ameripharmaspecialty.com\\\/#website\",\"url\":\"https:\\\/\\\/ameripharmaspecialty.com\\\/\",\"name\":\"AmeriPharma\u00ae Specialty Care\",\"description\":\"Specialty Care by AmeriPharma\",\"publisher\":{\"@id\":\"https:\\\/\\\/ameripharmaspecialty.com\\\/#organization\"},\"potentialAction\":[{\"@type\":\"SearchAction\",\"target\":{\"@type\":\"EntryPoint\",\"urlTemplate\":\"https:\\\/\\\/ameripharmaspecialty.com\\\/?s={search_term_string}\"},\"query-input\":{\"@type\":\"PropertyValueSpecification\",\"valueRequired\":true,\"valueName\":\"search_term_string\"}}],\"inLanguage\":\"vi\"},{\"@type\":\"Organization\",\"@id\":\"https:\\\/\\\/ameripharmaspecialty.com\\\/#organization\",\"name\":\"Ameripharma Specialty Care\",\"url\":\"https:\\\/\\\/ameripharmaspecialty.com\\\/\",\"logo\":{\"@type\":\"ImageObject\",\"inLanguage\":\"vi\",\"@id\":\"https:\\\/\\\/ameripharmaspecialty.com\\\/#\\\/schema\\\/logo\\\/image\\\/\",\"url\":\"https:\\\/\\\/ameripharmaspecialty.com\\\/wp-content\\\/uploads\\\/2024\\\/07\\\/specialty-care-logo-large-square.png\",\"contentUrl\":\"https:\\\/\\\/ameripharmaspecialty.com\\\/wp-content\\\/uploads\\\/2024\\\/07\\\/specialty-care-logo-large-square.png\",\"width\":400,\"height\":400,\"caption\":\"Ameripharma Specialty Care\"},\"image\":{\"@id\":\"https:\\\/\\\/ameripharmaspecialty.com\\\/#\\\/schema\\\/logo\\\/image\\\/\"},\"sameAs\":[\"https:\\\/\\\/www.facebook.com\\\/ameripharma\\\/\"]}]}<\/script>\n<!-- \/ Yoast SEO plugin. -->","yoast_head_json":{"title":"H\u1ed7 tr\u1ee3 \u0111\u1ed3ng thanh to\u00e1n | Ch\u0103m s\u00f3c \u0111\u1eb7c bi\u1ec7t | AmeriPharma Chuy\u00ean khoa","description":"AmeriPharma Specialty h\u1ed7 tr\u1ee3 b\u1ec7nh nh\u00e2n th\u00f4ng qua m\u1ea1ng l\u01b0\u1edbi c\u00e1c qu\u1ef9 t\u00e0i ch\u00ednh. H\u00e3y \u0111i\u1ec1n v\u00e0o m\u1eabu \u0111\u01a1n \u0111\u0103ng k\u00fd h\u1ed7 tr\u1ee3 \u0111\u1ed3ng thanh to\u00e1n c\u1ee7a ch\u00fang t\u00f4i \u0111\u1ec3 gi\u1ea3m chi ph\u00ed \u0111i\u1ec1u tr\u1ecb.","robots":{"index":"index","follow":"follow","max-snippet":"max-snippet:-1","max-image-preview":"max-image-preview:large","max-video-preview":"max-video-preview:-1"},"canonical":"https:\/\/ameripharmaspecialty.com\/vi\/copay-form\/","og_locale":"vi_VN","og_type":"article","og_title":"Copay Assistance | Specialty Care | AmeriPharma Specialty","og_description":"AmeriPharma Specialty assists patients through a network of financial foundations. Fill out our copay assistance application form to cut your treatment costs.","og_url":"https:\/\/ameripharmaspecialty.com\/vi\/copay-form\/","og_site_name":"AmeriPharma\u00ae Specialty Care","article_publisher":"https:\/\/www.facebook.com\/ameripharma\/","article_modified_time":"2024-09-03T23:21:39+00:00","og_image":[{"width":400,"height":400,"url":"https:\/\/ameripharmaspecialty.com\/wp-content\/uploads\/2024\/07\/specialty-care-logo-large-square.png","type":"image\/png"}],"twitter_card":"summary_large_image","schema":{"@context":"https:\/\/schema.org","@graph":[{"@type":"WebPage","@id":"https:\/\/ameripharmaspecialty.com\/zh\/copay-form\/","url":"https:\/\/ameripharmaspecialty.com\/zh\/copay-form\/","name":"H\u1ed7 tr\u1ee3 \u0111\u1ed3ng thanh to\u00e1n | Ch\u0103m s\u00f3c \u0111\u1eb7c bi\u1ec7t | AmeriPharma Chuy\u00ean khoa","isPartOf":{"@id":"https:\/\/ameripharmaspecialty.com\/#website"},"datePublished":"2024-02-05T09:47:23+00:00","dateModified":"2024-09-03T23:21:39+00:00","description":"AmeriPharma Specialty h\u1ed7 tr\u1ee3 b\u1ec7nh nh\u00e2n th\u00f4ng qua m\u1ea1ng l\u01b0\u1edbi c\u00e1c qu\u1ef9 t\u00e0i ch\u00ednh. H\u00e3y \u0111i\u1ec1n v\u00e0o m\u1eabu \u0111\u01a1n \u0111\u0103ng k\u00fd h\u1ed7 tr\u1ee3 \u0111\u1ed3ng thanh to\u00e1n c\u1ee7a ch\u00fang t\u00f4i \u0111\u1ec3 gi\u1ea3m chi ph\u00ed \u0111i\u1ec1u tr\u1ecb.","breadcrumb":{"@id":"https:\/\/ameripharmaspecialty.com\/zh\/copay-form\/#breadcrumb"},"inLanguage":"vi","potentialAction":[{"@type":"ReadAction","target":["https:\/\/ameripharmaspecialty.com\/zh\/copay-form\/"]}]},{"@type":"BreadcrumbList","@id":"https:\/\/ameripharmaspecialty.com\/zh\/copay-form\/#breadcrumb","itemListElement":[{"@type":"ListItem","position":1,"name":"Home","item":"https:\/\/ameripharmaspecialty.com\/es\/"},{"@type":"ListItem","position":2,"name":"CoPay Form"}]},{"@type":"WebSite","@id":"https:\/\/ameripharmaspecialty.com\/#website","url":"https:\/\/ameripharmaspecialty.com\/","name":"Ch\u0103m s\u00f3c \u0111\u1eb7c bi\u1ec7t AmeriPharma\u00ae","description":"Ch\u0103m s\u00f3c \u0111\u1eb7c bi\u1ec7t c\u1ee7a AmeriPharma","publisher":{"@id":"https:\/\/ameripharmaspecialty.com\/#organization"},"potentialAction":[{"@type":"SearchAction","target":{"@type":"EntryPoint","urlTemplate":"https:\/\/ameripharmaspecialty.com\/?s={search_term_string}"},"query-input":{"@type":"PropertyValueSpecification","valueRequired":true,"valueName":"search_term_string"}}],"inLanguage":"vi"},{"@type":"Organization","@id":"https:\/\/ameripharmaspecialty.com\/#organization","name":"Ch\u0103m s\u00f3c \u0111\u1eb7c bi\u1ec7t Ameripharma","url":"https:\/\/ameripharmaspecialty.com\/","logo":{"@type":"ImageObject","inLanguage":"vi","@id":"https:\/\/ameripharmaspecialty.com\/#\/schema\/logo\/image\/","url":"https:\/\/ameripharmaspecialty.com\/wp-content\/uploads\/2024\/07\/specialty-care-logo-large-square.png","contentUrl":"https:\/\/ameripharmaspecialty.com\/wp-content\/uploads\/2024\/07\/specialty-care-logo-large-square.png","width":400,"height":400,"caption":"Ameripharma Specialty Care"},"image":{"@id":"https:\/\/ameripharmaspecialty.com\/#\/schema\/logo\/image\/"},"sameAs":["https:\/\/www.facebook.com\/ameripharma\/"]}]}},"uagb_featured_image_src":{"full":false,"thumbnail":false,"medium":false,"medium_large":false,"large":false,"1536x1536":false,"2048x2048":false,"trp-custom-language-flag":false,"block-image-html-large":false,"ct-gallery":false,"ct-section-header":false,"ct-thumb":false,"ct-thumb-large":false,"ct-small":false,"ct-medium":false,"ct-xmedium":false,"ct-large":false},"uagb_author_info":{"display_name":"ameripharm3dev","author_link":"https:\/\/ameripharmaspecialty.com\/vi\/author\/ameripharm3dev\/"},"uagb_comment_info":0,"uagb_excerpt":null,"rttpg_featured_image_url":null,"rttpg_author":{"display_name":"ameripharm3dev","author_link":"https:\/\/ameripharmaspecialty.com\/vi\/author\/ameripharm3dev\/"},"rttpg_comment":0,"rttpg_category":false,"rttpg_excerpt":null,"_links":{"self":[{"href":"https:\/\/ameripharmaspecialty.com\/vi\/wp-json\/wp\/v2\/pages\/24876","targetHints":{"allow":["GET"]}}],"collection":[{"href":"https:\/\/ameripharmaspecialty.com\/vi\/wp-json\/wp\/v2\/pages"}],"about":[{"href":"https:\/\/ameripharmaspecialty.com\/vi\/wp-json\/wp\/v2\/types\/page"}],"author":[{"embeddable":true,"href":"https:\/\/ameripharmaspecialty.com\/vi\/wp-json\/wp\/v2\/users\/1"}],"replies":[{"embeddable":true,"href":"https:\/\/ameripharmaspecialty.com\/vi\/wp-json\/wp\/v2\/comments?post=24876"}],"version-history":[{"count":0,"href":"https:\/\/ameripharmaspecialty.com\/vi\/wp-json\/wp\/v2\/pages\/24876\/revisions"}],"wp:attachment":[{"href":"https:\/\/ameripharmaspecialty.com\/vi\/wp-json\/wp\/v2\/media?parent=24876"}],"wp:term":[{"taxonomy":"category","embeddable":true,"href":"https:\/\/ameripharmaspecialty.com\/vi\/wp-json\/wp\/v2\/categories?post=24876"},{"taxonomy":"post_tag","embeddable":true,"href":"https:\/\/ameripharmaspecialty.com\/vi\/wp-json\/wp\/v2\/tags?post=24876"}],"curies":[{"name":"wp","href":"https:\/\/api.w.org\/{rel}","templated":true}]}}