{"id":24821,"date":"2024-02-02T09:50:25","date_gmt":"2024-02-02T09:50:25","guid":{"rendered":"https:\/\/ameripharmaspecialty.com\/?page_id=24821"},"modified":"2025-06-04T17:10:54","modified_gmt":"2025-06-05T00:10:54","slug":"book-a-call","status":"publish","type":"page","link":"https:\/\/ameripharmaspecialty.com\/vi\/book-a-call\/","title":{"rendered":"\u0110\u1eb7t cu\u1ed9c g\u1ecdi"},"content":{"rendered":"<h2 class=\"wp-block-heading\">\u0110\u1eb7t l\u1ecbch g\u1ecdi v\u1edbi chuy\u00ean gia<\/h2>\n\n\n\n<iframe src=\"https:\/\/msgsndr.com\/widget\/booking\/Fjxr1J1z1RzlN5ApOCoL\" style=\"min-height: 1027px; width: 100%; border: none; overflow: hidden;\" scrolling=\"no\" id=\"msgsndr-calendar\" height=\"627\"><\/iframe>","protected":false},"excerpt":{"rendered":"<p>\u0110\u1eb7t l\u1ecbch g\u1ecdi v\u1edbi chuy\u00ean gia<\/p>","protected":false},"author":1,"featured_media":0,"parent":0,"menu_order":0,"comment_status":"closed","ping_status":"closed","template":"boxed-template.php","meta":{"_acf_changed":false,"om_disable_all_campaigns":false,"_uag_custom_page_level_css":"","footnotes":""},"categories":[],"tags":[],"class_list":["post-24821","page","type-page","status-publish","hentry"],"acf":[],"yoast_head":"<!-- This site is optimized with the Yoast SEO plugin v27.4 - https:\/\/yoast.com\/product\/yoast-seo-wordpress\/ -->\n<title>Book a Call | 24\/7\/365 Service | AmeriPharma\u00ae Specialty<\/title>\n<meta name=\"description\" content=\"Book a call with a specialist to see how AmeriPharma Specialty Pharmacy can help you. Speak with a patient care coordinator about treatment or copay assistance.\" \/>\n<meta name=\"robots\" content=\"index, follow, max-snippet:-1, max-image-preview:large, max-video-preview:-1\" \/>\n<link rel=\"canonical\" href=\"https:\/\/ameripharmaspecialty.com\/vi\/book-a-call\/\" \/>\n<meta property=\"og:locale\" content=\"vi_VN\" \/>\n<meta property=\"og:type\" content=\"article\" \/>\n<meta property=\"og:title\" content=\"Book a Call | 24\/7\/365 Service | AmeriPharma\u00ae Specialty\" \/>\n<meta property=\"og:description\" content=\"Book a call with a specialist to see how AmeriPharma Specialty Pharmacy can help you. Speak with a patient care coordinator about treatment or copay assistance.\" \/>\n<meta property=\"og:url\" content=\"https:\/\/ameripharmaspecialty.com\/vi\/book-a-call\/\" \/>\n<meta property=\"og:site_name\" content=\"AmeriPharma\u00ae Specialty Care\" \/>\n<meta property=\"article:publisher\" content=\"https:\/\/www.facebook.com\/ameripharma\/\" \/>\n<meta property=\"article:modified_time\" content=\"2025-06-05T00:10:54+00:00\" \/>\n<meta property=\"og:image\" content=\"https:\/\/ameripharmaspecialty.com\/wp-content\/uploads\/2024\/07\/specialty-care-logo-large-square.png\" \/>\n\t<meta property=\"og:image:width\" content=\"400\" \/>\n\t<meta property=\"og:image:height\" content=\"400\" \/>\n\t<meta property=\"og:image:type\" content=\"image\/png\" \/>\n<meta name=\"twitter:card\" content=\"summary_large_image\" \/>\n<meta name=\"twitter:label1\" content=\"Est. reading time\" \/>\n\t<meta name=\"twitter:data1\" content=\"1 ph\u00fat\" \/>\n<script type=\"application\/ld+json\" class=\"yoast-schema-graph\">{\"@context\":\"https:\\\/\\\/schema.org\",\"@graph\":[{\"@type\":\"WebPage\",\"@id\":\"https:\\\/\\\/ameripharmaspecialty.com\\\/book-a-call\\\/\",\"url\":\"https:\\\/\\\/ameripharmaspecialty.com\\\/book-a-call\\\/\",\"name\":\"Book a Call | 24\\\/7\\\/365 Service | AmeriPharma\u00ae Specialty\",\"isPartOf\":{\"@id\":\"https:\\\/\\\/ameripharmaspecialty.com\\\/#website\"},\"datePublished\":\"2024-02-02T09:50:25+00:00\",\"dateModified\":\"2025-06-05T00:10:54+00:00\",\"description\":\"Book a call with a specialist to see how AmeriPharma Specialty Pharmacy can help you. Speak with a patient care coordinator about treatment or copay assistance.\",\"breadcrumb\":{\"@id\":\"https:\\\/\\\/ameripharmaspecialty.com\\\/book-a-call\\\/#breadcrumb\"},\"inLanguage\":\"vi\",\"potentialAction\":[{\"@type\":\"ReadAction\",\"target\":[\"https:\\\/\\\/ameripharmaspecialty.com\\\/book-a-call\\\/\"]}]},{\"@type\":\"BreadcrumbList\",\"@id\":\"https:\\\/\\\/ameripharmaspecialty.com\\\/book-a-call\\\/#breadcrumb\",\"itemListElement\":[{\"@type\":\"ListItem\",\"position\":1,\"name\":\"Home\",\"item\":\"https:\\\/\\\/ameripharmaspecialty.com\\\/es\\\/\"},{\"@type\":\"ListItem\",\"position\":2,\"name\":\"Book a Call\"}]},{\"@type\":\"WebSite\",\"@id\":\"https:\\\/\\\/ameripharmaspecialty.com\\\/#website\",\"url\":\"https:\\\/\\\/ameripharmaspecialty.com\\\/\",\"name\":\"AmeriPharma\u00ae Specialty Care\",\"description\":\"Specialty Care by AmeriPharma\",\"publisher\":{\"@id\":\"https:\\\/\\\/ameripharmaspecialty.com\\\/#organization\"},\"potentialAction\":[{\"@type\":\"SearchAction\",\"target\":{\"@type\":\"EntryPoint\",\"urlTemplate\":\"https:\\\/\\\/ameripharmaspecialty.com\\\/?s={search_term_string}\"},\"query-input\":{\"@type\":\"PropertyValueSpecification\",\"valueRequired\":true,\"valueName\":\"search_term_string\"}}],\"inLanguage\":\"vi\"},{\"@type\":\"Organization\",\"@id\":\"https:\\\/\\\/ameripharmaspecialty.com\\\/#organization\",\"name\":\"Ameripharma Specialty Care\",\"url\":\"https:\\\/\\\/ameripharmaspecialty.com\\\/\",\"logo\":{\"@type\":\"ImageObject\",\"inLanguage\":\"vi\",\"@id\":\"https:\\\/\\\/ameripharmaspecialty.com\\\/#\\\/schema\\\/logo\\\/image\\\/\",\"url\":\"https:\\\/\\\/ameripharmaspecialty.com\\\/wp-content\\\/uploads\\\/2024\\\/07\\\/specialty-care-logo-large-square.png\",\"contentUrl\":\"https:\\\/\\\/ameripharmaspecialty.com\\\/wp-content\\\/uploads\\\/2024\\\/07\\\/specialty-care-logo-large-square.png\",\"width\":400,\"height\":400,\"caption\":\"Ameripharma Specialty Care\"},\"image\":{\"@id\":\"https:\\\/\\\/ameripharmaspecialty.com\\\/#\\\/schema\\\/logo\\\/image\\\/\"},\"sameAs\":[\"https:\\\/\\\/www.facebook.com\\\/ameripharma\\\/\"]}]}<\/script>\n<!-- \/ Yoast SEO plugin. -->","yoast_head_json":{"title":"\u0110\u1eb7t l\u1ecbch g\u1ecdi | D\u1ecbch v\u1ee5 24\/7\/365 | AmeriPharma\u00ae Chuy\u00ean bi\u1ec7t","description":"\u0110\u1eb7t l\u1ecbch h\u1eb9n v\u1edbi b\u00e1c s\u0129 chuy\u00ean khoa \u0111\u1ec3 t\u00ecm hi\u1ec3u Nh\u00e0 thu\u1ed1c Chuy\u00ean khoa AmeriPharma c\u00f3 th\u1ec3 h\u1ed7 tr\u1ee3 b\u1ea1n nh\u01b0 th\u1ebf n\u00e0o. Trao \u0111\u1ed5i v\u1edbi \u0111i\u1ec1u ph\u1ed1i vi\u00ean ch\u0103m s\u00f3c b\u1ec7nh nh\u00e2n v\u1ec1 vi\u1ec7c \u0111i\u1ec1u tr\u1ecb ho\u1eb7c h\u1ed7 tr\u1ee3 \u0111\u1ed3ng thanh to\u00e1n.","robots":{"index":"index","follow":"follow","max-snippet":"max-snippet:-1","max-image-preview":"max-image-preview:large","max-video-preview":"max-video-preview:-1"},"canonical":"https:\/\/ameripharmaspecialty.com\/vi\/book-a-call\/","og_locale":"vi_VN","og_type":"article","og_title":"Book a Call | 24\/7\/365 Service | AmeriPharma\u00ae Specialty","og_description":"Book a call with a specialist to see how AmeriPharma Specialty Pharmacy can help you. Speak with a patient care coordinator about treatment or copay assistance.","og_url":"https:\/\/ameripharmaspecialty.com\/vi\/book-a-call\/","og_site_name":"AmeriPharma\u00ae Specialty Care","article_publisher":"https:\/\/www.facebook.com\/ameripharma\/","article_modified_time":"2025-06-05T00:10:54+00:00","og_image":[{"width":400,"height":400,"url":"https:\/\/ameripharmaspecialty.com\/wp-content\/uploads\/2024\/07\/specialty-care-logo-large-square.png","type":"image\/png"}],"twitter_card":"summary_large_image","twitter_misc":{"Est. reading time":"1 ph\u00fat"},"schema":{"@context":"https:\/\/schema.org","@graph":[{"@type":"WebPage","@id":"https:\/\/ameripharmaspecialty.com\/book-a-call\/","url":"https:\/\/ameripharmaspecialty.com\/book-a-call\/","name":"\u0110\u1eb7t l\u1ecbch g\u1ecdi | D\u1ecbch v\u1ee5 24\/7\/365 | AmeriPharma\u00ae Chuy\u00ean bi\u1ec7t","isPartOf":{"@id":"https:\/\/ameripharmaspecialty.com\/#website"},"datePublished":"2024-02-02T09:50:25+00:00","dateModified":"2025-06-05T00:10:54+00:00","description":"\u0110\u1eb7t l\u1ecbch h\u1eb9n v\u1edbi b\u00e1c s\u0129 chuy\u00ean khoa \u0111\u1ec3 t\u00ecm hi\u1ec3u Nh\u00e0 thu\u1ed1c Chuy\u00ean khoa AmeriPharma c\u00f3 th\u1ec3 h\u1ed7 tr\u1ee3 b\u1ea1n nh\u01b0 th\u1ebf n\u00e0o. Trao \u0111\u1ed5i v\u1edbi \u0111i\u1ec1u ph\u1ed1i vi\u00ean ch\u0103m s\u00f3c b\u1ec7nh nh\u00e2n v\u1ec1 vi\u1ec7c \u0111i\u1ec1u tr\u1ecb ho\u1eb7c h\u1ed7 tr\u1ee3 \u0111\u1ed3ng thanh to\u00e1n.","breadcrumb":{"@id":"https:\/\/ameripharmaspecialty.com\/book-a-call\/#breadcrumb"},"inLanguage":"vi","potentialAction":[{"@type":"ReadAction","target":["https:\/\/ameripharmaspecialty.com\/book-a-call\/"]}]},{"@type":"BreadcrumbList","@id":"https:\/\/ameripharmaspecialty.com\/book-a-call\/#breadcrumb","itemListElement":[{"@type":"ListItem","position":1,"name":"Home","item":"https:\/\/ameripharmaspecialty.com\/es\/"},{"@type":"ListItem","position":2,"name":"Book a Call"}]},{"@type":"WebSite","@id":"https:\/\/ameripharmaspecialty.com\/#website","url":"https:\/\/ameripharmaspecialty.com\/","name":"Ch\u0103m s\u00f3c \u0111\u1eb7c bi\u1ec7t AmeriPharma\u00ae","description":"Ch\u0103m s\u00f3c \u0111\u1eb7c bi\u1ec7t c\u1ee7a AmeriPharma","publisher":{"@id":"https:\/\/ameripharmaspecialty.com\/#organization"},"potentialAction":[{"@type":"SearchAction","target":{"@type":"EntryPoint","urlTemplate":"https:\/\/ameripharmaspecialty.com\/?s={search_term_string}"},"query-input":{"@type":"PropertyValueSpecification","valueRequired":true,"valueName":"search_term_string"}}],"inLanguage":"vi"},{"@type":"Organization","@id":"https:\/\/ameripharmaspecialty.com\/#organization","name":"Ch\u0103m s\u00f3c \u0111\u1eb7c bi\u1ec7t Ameripharma","url":"https:\/\/ameripharmaspecialty.com\/","logo":{"@type":"ImageObject","inLanguage":"vi","@id":"https:\/\/ameripharmaspecialty.com\/#\/schema\/logo\/image\/","url":"https:\/\/ameripharmaspecialty.com\/wp-content\/uploads\/2024\/07\/specialty-care-logo-large-square.png","contentUrl":"https:\/\/ameripharmaspecialty.com\/wp-content\/uploads\/2024\/07\/specialty-care-logo-large-square.png","width":400,"height":400,"caption":"Ameripharma Specialty Care"},"image":{"@id":"https:\/\/ameripharmaspecialty.com\/#\/schema\/logo\/image\/"},"sameAs":["https:\/\/www.facebook.com\/ameripharma\/"]}]}},"uagb_featured_image_src":{"full":false,"thumbnail":false,"medium":false,"medium_large":false,"large":false,"1536x1536":false,"2048x2048":false,"trp-custom-language-flag":false,"block-image-html-large":false,"ct-gallery":false,"ct-section-header":false,"ct-thumb":false,"ct-thumb-large":false,"ct-small":false,"ct-medium":false,"ct-xmedium":false,"ct-large":false},"uagb_author_info":{"display_name":"ameripharm3dev","author_link":"https:\/\/ameripharmaspecialty.com\/vi\/author\/ameripharm3dev\/"},"uagb_comment_info":0,"uagb_excerpt":"Book a Call with a Specialist","rttpg_featured_image_url":null,"rttpg_author":{"display_name":"ameripharm3dev","author_link":"https:\/\/ameripharmaspecialty.com\/vi\/author\/ameripharm3dev\/"},"rttpg_comment":0,"rttpg_category":false,"rttpg_excerpt":"Book a Call with a Specialist","_links":{"self":[{"href":"https:\/\/ameripharmaspecialty.com\/vi\/wp-json\/wp\/v2\/pages\/24821","targetHints":{"allow":["GET"]}}],"collection":[{"href":"https:\/\/ameripharmaspecialty.com\/vi\/wp-json\/wp\/v2\/pages"}],"about":[{"href":"https:\/\/ameripharmaspecialty.com\/vi\/wp-json\/wp\/v2\/types\/page"}],"author":[{"embeddable":true,"href":"https:\/\/ameripharmaspecialty.com\/vi\/wp-json\/wp\/v2\/users\/1"}],"replies":[{"embeddable":true,"href":"https:\/\/ameripharmaspecialty.com\/vi\/wp-json\/wp\/v2\/comments?post=24821"}],"version-history":[{"count":0,"href":"https:\/\/ameripharmaspecialty.com\/vi\/wp-json\/wp\/v2\/pages\/24821\/revisions"}],"wp:attachment":[{"href":"https:\/\/ameripharmaspecialty.com\/vi\/wp-json\/wp\/v2\/media?parent=24821"}],"wp:term":[{"taxonomy":"category","embeddable":true,"href":"https:\/\/ameripharmaspecialty.com\/vi\/wp-json\/wp\/v2\/categories?post=24821"},{"taxonomy":"post_tag","embeddable":true,"href":"https:\/\/ameripharmaspecialty.com\/vi\/wp-json\/wp\/v2\/tags?post=24821"}],"curies":[{"name":"wp","href":"https:\/\/api.w.org\/{rel}","templated":true}]}}