{"id":24525,"date":"2024-01-09T08:40:14","date_gmt":"2024-01-09T08:40:14","guid":{"rendered":"https:\/\/ameripharmaspecialty.com\/?page_id=24525"},"modified":"2026-02-12T10:08:21","modified_gmt":"2026-02-12T17:08:21","slug":"manufacturers","status":"publish","type":"page","link":"https:\/\/ameripharmaspecialty.com\/vi\/manufacturers\/","title":{"rendered":"Nh\u00e0 s\u1ea3n xu\u1ea5t"},"content":{"rendered":"<p><\/p>\n\n\n\n<p class=\"has-text-align-center\">S\u1ef1 t\u1eadn t\u00e2m c\u1ee7a AmeriPharma\u00ae Specialty Care trong vi\u1ec7c cung c\u1ea5p thu\u1ed1c \u0111\u00fang h\u1ea1n, gi\u00e1o d\u1ee5c b\u1ec7nh nh\u00e2n v\u00e0 theo d\u00f5i th\u01b0\u1eddng xuy\u00ean gi\u00fap c\u00e1c nh\u00e0 s\u1ea3n xu\u1ea5t theo d\u00f5i v\u00e0 \u0111\u00e1nh gi\u00e1 hi\u1ec7u qu\u1ea3 c\u1ee7a c\u00e1c ph\u01b0\u01a1ng ph\u00e1p \u0111i\u1ec1u tr\u1ecb.<\/p>\n\n\n\n<div  id=\"image-30-text-70-e63f2dce940c940cc6441678281f68c9\" style=\"\" class=\"img30text70 white\">\n\t<div class=\"container\">\n\t\t<div class=\"block-wrap right\">\n\t\t\t<div class=\"block-column image\">\n\t\t\t\t<picture class=\"image-30\">\n\t\t\t\t\t\t\t\t\t\t<source loading=\"lazy\" media=\"(min-width:768px)\" srcset=\"https:\/\/ameripharmaspecialty.com\/wp-content\/uploads\/2024\/01\/ameripharma-specialty-care.jpg\">\n\t\t\t\t\t<img decoding=\"async\" loading=\"lazy\" src=\"https:\/\/ameripharmaspecialty.com\/wp-content\/uploads\/2024\/01\/ameripharma-specialty-care.jpg\" alt=\"https:\/\/ameripharmaspecialty.com\/wp-content\/uploads\/2024\/01\/ameripharma-specialty-care.jpg\" style=\"width:auto;\">\n\t\t\t\t<\/picture>\n\t\t\t<\/div>\n\t\t\t<div class=\"block-column\">\n\t\t\t\t<div class=\"text\">\n\t\t\t\t\t<h2 class=\"wp-block-heading\">Ch\u00fang t\u00f4i gi\u00fap c\u00e1c nh\u00e0 s\u1ea3n xu\u1ea5t nh\u01b0 th\u1ebf n\u00e0o<\/h2>\n<h4><strong>S\u1eed d\u1ee5ng thu\u1ed1c v\u00e0 tu\u00e2n th\u1ee7 \u0111i\u1ec1u tr\u1ecb t\u1ed1i \u01b0u<\/strong><\/h4>\n<p>T\u00ednh ph\u1ee9c t\u1ea1p c\u1ee7a thu\u1ed1c v\u00e0 li\u1ec7u ph\u00e1p \u0111i\u1ec1u tr\u1ecb c\u00f3 th\u1ec3 l\u00e0 m\u1ed9t y\u1ebfu t\u1ed1 ch\u00ednh khi\u1ebfn b\u1ec7nh nh\u00e2n kh\u00f4ng tu\u00e2n th\u1ee7. B\u1ec7nh nh\u00e2n th\u01b0\u1eddng c\u00f3 th\u1ec3 kh\u00f4ng tu\u00e2n th\u1ee7 khi g\u1eb7p ph\u1ea3i c\u00e1c t\u00e1c d\u1ee5ng ph\u1ee5 th\u01b0\u1eddng g\u1eb7p li\u00ean quan \u0111\u1ebfn m\u1ed9t lo\u1ea1i thu\u1ed1c nh\u1ea5t \u0111\u1ecbnh.<\/p>\n<p>C\u00e1c d\u01b0\u1ee3c s\u0129 l\u00e2m s\u00e0ng c\u1ee7a ch\u00fang t\u00f4i hi\u1ec3u r\u00f5 t\u1ea7m quan tr\u1ecdng c\u1ee7a vi\u1ec7c tu\u00e2n th\u1ee7 \u0111i\u1ec1u tr\u1ecb c\u1ee7a b\u1ec7nh nh\u00e2n \u2013 n\u1ebfu kh\u00f4ng d\u00f9ng thu\u1ed1c \u0111\u00fang ch\u1ec9 \u0111\u1ecbnh, k\u1ebft qu\u1ea3 \u0111i\u1ec1u tr\u1ecb s\u1ebd b\u1ecb \u1ea3nh h\u01b0\u1edfng. \u0110\u00f3 l\u00e0 l\u00fd do t\u1ea1i sao ch\u00fang t\u00f4i theo d\u00f5i s\u00e1t sao b\u1ec7nh nh\u00e2n v\u1edbi m\u1ee9c \u0111\u1ed9 h\u1ed7 tr\u1ee3, gi\u00e1o d\u1ee5c, ch\u0103m s\u00f3c v\u00e0 theo d\u00f5i cao nh\u1ea5t, \u0111\u1ea3m b\u1ea3o tu\u00e2n th\u1ee7 \u0111\u1ea7y \u0111\u1ee7 c\u00e1c k\u1ebf ho\u1ea1ch \u0111i\u1ec1u tr\u1ecb v\u00e0 s\u1eed d\u1ee5ng thu\u1ed1c c\u1ee7a nh\u00e0 s\u1ea3n xu\u1ea5t m\u1ed9t c\u00e1ch an to\u00e0n v\u00e0 \u0111\u00fang c\u00e1ch.<\/p>\n<p>N\u1ebfu nh\u1eadn th\u1ea5y b\u1ec7nh nh\u00e2n kh\u00f4ng tu\u00e2n th\u1ee7 \u0111i\u1ec1u tr\u1ecb \u0111\u1ea7y \u0111\u1ee7, ch\u00fang t\u00f4i s\u1ebd c\u00f9ng b\u1ec7nh nh\u00e2n v\u00e0 b\u00e1c s\u0129 gi\u1ea3i quy\u1ebft nguy\u00ean nh\u00e2n. D\u01b0\u1ee3c s\u0129 l\u00e2m s\u00e0ng c\u1ee7a ch\u00fang t\u00f4i s\u1eed d\u1ee5ng ph\u1ea3n h\u1ed3i c\u1ee7a b\u1ec7nh nh\u00e2n thu th\u1eadp \u0111\u01b0\u1ee3c t\u1eeb c\u00e1c l\u1ea7n theo d\u00f5i \u0111\u1ec3 \u0111\u1ec1 xu\u1ea5t c\u00e1c lo\u1ea1i thu\u1ed1c gi\u00fap ki\u1ec3m so\u00e1t c\u00e1c t\u00e1c d\u1ee5ng ph\u1ee5 kh\u00f4ng mong mu\u1ed1n, gi\u00fap b\u1ec7nh nh\u00e2n tho\u1ea3i m\u00e1i h\u01a1n v\u00e0 ho\u00e0n th\u00e0nh li\u1ec7u tr\u00ecnh \u0111i\u1ec1u tr\u1ecb. \u0110i\u1ec1u n\u00e0y kh\u00f4ng ch\u1ec9 mang l\u1ea1i l\u1ee3i \u00edch cho b\u1ec7nh nh\u00e2n m\u00e0 c\u00f2n gi\u1ea3m thi\u1ec3u chi ph\u00ed v\u00e0 chi ti\u00eau kh\u00f4ng c\u1ea7n thi\u1ebft.<\/p>\n<p>B\u1ec7nh nh\u00e2n c\u0169ng c\u00f3 th\u1ec3 s\u1eed d\u1ee5ng h\u1ec7 th\u1ed1ng \u0111\u00f3ng g\u00f3i thu\u1ed1c t\u00f9y ch\u1ec9nh c\u1ee7a ch\u00fang t\u00f4i \u2013 <a href=\"https:\/\/medbox.com\/\">MedBox<\/a> B\u1eb1ng AmeriPharma\u00ae. H\u1ec7 th\u1ed1ng ph\u00e2n ph\u1ed1i thu\u1ed1c \u0111\u00f3ng g\u00f3i s\u1eb5n h\u00e0ng ng\u00e0y n\u00e0y c\u1ea3i thi\u1ec7n kh\u1ea3 n\u0103ng tu\u00e2n th\u1ee7 c\u1ee7a b\u1ec7nh nh\u00e2n b\u1eb1ng c\u00e1ch gi\u00fap vi\u1ec7c t\u1ef1 d\u00f9ng thu\u1ed1c v\u00e0 li\u1ec7u ph\u00e1p ph\u1ee9c t\u1ea1p tr\u1edf n\u00ean th\u1ef1c t\u1ebf kh\u00f4ng th\u1ec3 sai s\u00f3t.<\/p>\n\t\t\t\t<\/div>\n\t\t\t<\/div>\n\t\t<\/div>\n\t<\/div>\n<\/div>\n\n\n<h3 class=\"wp-block-heading\"><strong>Ph\u00e1t tri\u1ec3n v\u00e0 ra m\u1eaft s\u1ea3n ph\u1ea9m m\u1edbi<\/strong><\/h3>\n\n\n\n<p>\u0110\u1ed9i ng\u0169 chuy\u00ean gia c\u1ee7a ch\u00fang t\u00f4i lu\u00f4n s\u00e1t c\u00e1nh c\u00f9ng c\u00e1c nh\u00e0 s\u1ea3n xu\u1ea5t. Ch\u00fang t\u00f4i \u0111\u01b0\u1ee3c trang b\u1ecb \u0111\u1ea7y \u0111\u1ee7 th\u00f4ng tin gi\u00e1 tr\u1ecb \u0111\u1ec3 h\u1ed7 tr\u1ee3 qu\u00e1 tr\u00ecnh ph\u00e1t tri\u1ec3n v\u00e0 c\u1ea3i ti\u1ebfn thu\u1ed1c, \u0111\u1ed3ng th\u1eddi h\u1ee3p t\u00e1c ch\u1eb7t ch\u1ebd v\u1edbi c\u00e1c nh\u00e0 s\u1ea3n xu\u1ea5t trong su\u1ed1t v\u00f2ng \u0111\u1eddi s\u1ea3n ph\u1ea9m, t\u1eeb giai \u0111o\u1ea1n gi\u1edbi thi\u1ec7u \u0111\u1ebfn giai \u0111o\u1ea1n t\u0103ng tr\u01b0\u1edfng v\u00e0 tr\u01b0\u1edfng th\u00e0nh. Ch\u00fang t\u00f4i c\u00f3 th\u1ec3 gi\u00fap t\u1ed1i \u0111a h\u00f3a th\u00e0nh c\u00f4ng c\u1ee7a c\u00e1c s\u1ea3n ph\u1ea9m m\u1edbi c\u1ee7a b\u1ea1n th\u00f4ng qua chuy\u00ean m\u00f4n v\u00e0 s\u1ef1 h\u1ed7 tr\u1ee3 c\u1ee7a m\u00ecnh trong vi\u1ec7c ra m\u1eaft c\u00e1c lo\u1ea1i thu\u1ed1c m\u1edbi cho b\u1ec7nh nh\u00e2n. Ch\u00fang t\u00f4i l\u00e0 ngu\u1ed3n l\u1ef1c \u0111\u00e1ng tin c\u1eady cho c\u00e1c nh\u00e0 cung c\u1ea5p, \u0111\u01b0a ra l\u1eddi khuy\u00ean v\u00e0 khuy\u1ebfn ngh\u1ecb \u0111\u1ec3 gi\u00fap h\u1ecd l\u1ef1a ch\u1ecdn lo\u1ea1i thu\u1ed1c hi\u1ec7u qu\u1ea3 nh\u1ea5t cho b\u1ec7nh nh\u00e2n, \u0111\u1ed3ng th\u1eddi lu\u00f4n c\u1eadp nh\u1eadt th\u00f4ng tin v\u1ec1 c\u00e1c s\u1ea3n ph\u1ea9m m\u1edbi.<\/p>\n\n\n\n<div  id=\"image-30-text-70-15783094f3db41b3b2886c5dee86743a\" style=\"\" class=\"img30text70 white\">\n\t<div class=\"container\">\n\t\t<div class=\"block-wrap left\">\n\t\t\t<div class=\"block-column image\">\n\t\t\t\t<picture class=\"image-30\">\n\t\t\t\t\t\t\t\t\t\t<source loading=\"lazy\" media=\"(min-width:768px)\" srcset=\"https:\/\/ameripharmaspecialty.com\/wp-content\/uploads\/2024\/07\/iStock-1446475792.jpg\">\n\t\t\t\t\t<img decoding=\"async\" loading=\"lazy\" src=\"https:\/\/ameripharmaspecialty.com\/wp-content\/uploads\/2024\/07\/iStock-1446475792.jpg\" alt=\"https:\/\/ameripharmaspecialty.com\/wp-content\/uploads\/2024\/07\/iStock-1446475792.jpg\" style=\"width:auto;\">\n\t\t\t\t<\/picture>\n\t\t\t<\/div>\n\t\t\t<div class=\"block-column\">\n\t\t\t\t<div class=\"text\">\n\t\t\t\t\t<h4><strong>B\u00e1o c\u00e1o hi\u1ec7n \u0111\u1ea1i v\u00e0 theo d\u00f5i chi ti\u1ebft<\/strong><\/h4>\n<p>H\u1ec7 th\u1ed1ng b\u00e1o c\u00e1o hi\u1ec7n \u0111\u1ea1i c\u1ee7a ch\u00fang t\u00f4i thu th\u1eadp t\u1ea5t c\u1ea3 th\u00f4ng tin b\u1ea1n c\u1ea7n \u2013 t\u00e1c d\u1ee5ng ph\u1ee5 c\u1ee7a b\u1ec7nh nh\u00e2n (c\u1ed9ng v\u1edbi s\u1ed1 li\u1ec7u th\u1ed1ng k\u00ea chi ti\u1ebft li\u00ean quan \u0111\u1ebfn th\u1eddi gian ho\u00e0n th\u00e0nh \u0111\u01a1n thu\u1ed1c), s\u1ef1 h\u00e0i l\u00f2ng c\u1ee7a kh\u00e1ch h\u00e0ng, m\u1ee9c \u0111\u1ed9 tu\u00e2n th\u1ee7 c\u1ee7a b\u1ec7nh nh\u00e2n, c\u00e1c ghi ch\u00fa quan tr\u1ecdng v\u00e0 d\u1eef li\u1ec7u c\u1ee7a nh\u00e0 cung c\u1ea5p. M\u1ee5c ti\u00eau c\u1ee7a ch\u00fang t\u00f4i l\u00e0 h\u1ee3p t\u00e1c v\u1edbi c\u00e1c nh\u00e0 s\u1ea3n xu\u1ea5t \u0111\u1ec3 gi\u00fap c\u1ea3i thi\u1ec7n s\u1ea3n ph\u1ea9m c\u1ee7a h\u1ecd cho b\u1ec7nh nh\u00e2n, v\u00e0 t\u1eeb \u0111\u00f3, c\u1ea3i thi\u1ec7n ho\u1ea1t \u0111\u1ed9ng kinh doanh cho c\u00e1c nh\u00e0 s\u1ea3n xu\u1ea5t.<\/p>\n<p>\u0110\u1ed1i v\u1edbi m\u1ed9t s\u1ed1 lo\u1ea1i thu\u1ed1c, ch\u00fang t\u00f4i c\u0169ng th\u1ef1c hi\u1ec7n c\u00e1c cu\u1ed9c kh\u1ea3o s\u00e1t theo d\u00f5i chi ti\u1ebft \u0111\u1ec3 gi\u00fap ph\u00e1t hi\u1ec7n b\u1ea5t k\u1ef3 t\u00e1c d\u1ee5ng ph\u1ee5 ho\u1eb7c ph\u1ea3n \u1ee9ng ti\u00eau c\u1ef1c n\u00e0o v\u00e0 b\u00e1o c\u00e1o th\u00f4ng tin n\u00e0y l\u1ea1i cho nh\u00e0 s\u1ea3n xu\u1ea5t.<\/p>\n<h4><strong>Chuy\u1ec3n giao \u1ea5m \u00e1p<\/strong><\/h4>\n<p>\u0110\u00f4i khi, c\u00f3 th\u1ec3 c\u1ea7n ph\u1ea3i chuy\u1ec3n m\u1ed9t lo\u1ea1i thu\u1ed1c \u0111\u1eb7c tr\u1ecb sang m\u1ed9t hi\u1ec7u thu\u1ed1c ph\u00e2n ph\u1ed1i kh\u00e1c n\u1ebfu\u00a0<a href=\"https:\/\/ameripharmaspecialty.com\/vi\/\">Ch\u0103m s\u00f3c \u0111\u1eb7c bi\u1ec7t AmeriPharma\u00ae<\/a>\u00a0n\u1eb1m ngo\u00e0i m\u1ea1ng l\u01b0\u1edbi chi tr\u1ea3 c\u1ee7a ch\u01b0\u01a1ng tr\u00ecnh b\u1ea3o hi\u1ec3m c\u1ee7a b\u1ec7nh nh\u00e2n. Ch\u00fang t\u00f4i qu\u1ea3n l\u00fd to\u00e0n b\u1ed9 quy tr\u00ecnh chuy\u1ec3n giao, \u0111\u1ea3m b\u1ea3o \u0111\u01a1n thu\u1ed1c \u0111\u01b0\u1ee3c chuy\u1ec3n \u0111\u1ebfn nh\u00e0 thu\u1ed1c ti\u1ebfp nh\u1eadn c\u00f9ng v\u1edbi t\u1ea5t c\u1ea3 th\u00f4ng tin c\u1ea7n thi\u1ebft. Ch\u00fang t\u00f4i c\u0169ng s\u1ebd nhanh ch\u00f3ng th\u00f4ng b\u00e1o cho nh\u00e0 cung c\u1ea5p v\u1ec1 vi\u1ec7c chuy\u1ec3n giao.<\/p>\n<h4><strong>Qu\u1ea3n l\u00fd v\u00e0 ch\u0103m s\u00f3c b\u1ec7nh nh\u00e2n<\/strong><\/h4>\n<p>Ch\u00fang t\u00f4i \u0111\u1ea3m b\u1ea3o r\u1eb1ng b\u1ec7nh nh\u00e2n lu\u00f4n c\u00f3 quy\u1ec1n ti\u1ebfp c\u1eadn thu\u1ed1c h\u1ecd c\u1ea7n th\u00f4ng qua m\u1ea1ng l\u01b0\u1edbi h\u1ed7 tr\u1ee3 t\u00e0i ch\u00ednh c\u1ee7a ch\u00fang t\u00f4i, bao g\u1ed3m h\u1ed7 tr\u1ee3 v\u00e0 h\u01b0\u1edbng d\u1eabn cho vi\u1ec7c ph\u00ea duy\u1ec7t tr\u01b0\u1edbc, \u0111i\u1ec1u tra quy\u1ec1n l\u1ee3i,\u00a0<a href=\"https:\/\/ameripharmaspecialty.com\/vi\/financial-assistance\/\">h\u1ed7 tr\u1ee3 \u0111\u1ed3ng thanh to\u00e1n<\/a>, h\u1ed7 tr\u1ee3 t\u00e0i ch\u00ednh, c\u00f9ng v\u1edbi nhi\u1ec1u d\u1ecbch v\u1ee5 phi t\u00e0i ch\u00ednh kh\u00e1c nh\u01b0 th\u00f4ng tin m\u1edbi nh\u1ea5t v\u1ec1 s\u1ee9c kh\u1ecfe v\u00e0 s\u1ea3n ph\u1ea9m, quy\u1ec1n l\u1ee3i c\u1ee7a b\u1ec7nh nh\u00e2n v\u00e0 th\u00f4ng tin t\u1eeb qu\u1ef9 nh\u00e0 n\u01b0\u1edbc v\u1ec1 c\u00e1c b\u1ec7nh \u1ea3nh h\u01b0\u1edfng \u0111\u1ebfn b\u1ec7nh nh\u00e2n c\u1ee7a ch\u00fang t\u00f4i.<\/p>\n\t\t\t\t<\/div>\n\t\t\t<\/div>\n\t\t<\/div>\n\t<\/div>\n<\/div>\n\n\n<h3 class=\"wp-block-heading\"><strong>Ti\u1ebfp c\u1eadn thu\u1ed1c men<\/strong><\/h3>\n\n\n\n<p>B\u1ec7nh nh\u00e2n s\u1ebd lu\u00f4n c\u00f3 th\u1ec3 ti\u1ebfp c\u1eadn c\u00e1c lo\u1ea1i thu\u1ed1c h\u1ecd c\u1ea7n th\u00f4ng qua h\u1ec7 th\u1ed1ng t\u00edch h\u1ee3p c\u1ee7a ch\u00fang t\u00f4i, h\u1ec7 th\u1ed1ng n\u00e0y k\u1ebft n\u1ed1i b\u1ec7nh nh\u00e2n, b\u00e1c s\u0129, nh\u00e0 s\u1ea3n xu\u1ea5t v\u00e0 c\u00f4ng ty b\u1ea3o hi\u1ec3m.<\/p>\n\n\n\n<p>Ch\u00fang t\u00f4i l\u00e0 chuy\u00ean gia v\u1ec1 b\u00ean thanh to\u00e1n v\u00e0 gi\u00fap gi\u00e1o d\u1ee5c v\u00e0 h\u01b0\u1edbng d\u1eabn b\u1ec7nh nh\u00e2n \u0111\u1ec3 \u0111\u1ea3m b\u1ea3o h\u1ecd nh\u1eadn \u0111\u01b0\u1ee3c li\u1ec7u ph\u00e1p c\u1ea7n thi\u1ebft, h\u1ed7 tr\u1ee3 t\u00e0i ch\u00ednh v\u00e0 c\u00e1c ph\u00fac l\u1ee3i.<\/p>\n\n\n\n<h3 class=\"wp-block-heading\"><strong>T\u01b0 v\u1ea5n video tr\u1ef1c ti\u1ebfp<\/strong><\/h3>\n\n\n\n<p>Ch\u00fang t\u00f4i kh\u00f4ng ng\u1eebng n\u1ed7 l\u1ef1c \u0111\u1ec3 c\u00e1 nh\u00e2n h\u00f3a v\u00e0 \u0111\u1ed5i m\u1edbi&nbsp;<a href=\"\/vi\/patient-advocacy\/\">ch\u0103m s\u00f3c b\u1ec7nh nh\u00e2n<\/a>. T\u01b0 v\u1ea5n video tr\u1ef1c ti\u1ebfp c\u00f3 th\u1ec3 gi\u00fap b\u1ec7nh nh\u00e2n v\u01b0\u1ee3t qua m\u1ecdi r\u00e0o c\u1ea3n v\u00e0 kh\u00f3 kh\u0103n m\u00e0 h\u1ecd c\u00f3 th\u1ec3 g\u1eb7p ph\u1ea3i khi qu\u1ea3n l\u00fd c\u00e1c lo\u1ea1i thu\u1ed1c ph\u1ee9c t\u1ea1p.<\/p>\n\n\n\n<p>\u0110\u1ec3 li\u00ean h\u1ec7 v\u1edbi nh\u00f3m c\u1ee7a ch\u00fang t\u00f4i, vui l\u00f2ng li\u00ean h\u1ec7 v\u1edbi ch\u00fang t\u00f4i theo \u0111\u1ecba ch\u1ec9:&nbsp;<a href=\"mailto:info@ameripharma.us\">info@ameripharma.us<\/a><\/p>","protected":false},"excerpt":{"rendered":"<p>AmeriPharma\u00ae Specialty Care lu\u00f4n t\u1eadn t\u00e2m cung c\u1ea5p thu\u1ed1c \u0111\u00fang quy \u0111\u1ecbnh, k\u1ecbp th\u1eddi, gi\u00e1o d\u1ee5c b\u1ec7nh nh\u00e2n v\u00e0 theo d\u00f5i th\u01b0\u1eddng xuy\u00ean, gi\u00fap c\u00e1c nh\u00e0 s\u1ea3n xu\u1ea5t theo d\u00f5i v\u00e0 \u0111\u00e1nh gi\u00e1 hi\u1ec7u qu\u1ea3 \u0111i\u1ec1u tr\u1ecb. Ph\u00e1t tri\u1ec3n v\u00e0 Ra m\u1eaft S\u1ea3n ph\u1ea9m M\u1edbi \u0110\u1ed9i ng\u0169 chuy\u00ean gia c\u1ee7a ch\u00fang t\u00f4i lu\u00f4n h\u1ee3p t\u00e1c ch\u1eb7t ch\u1ebd v\u1edbi c\u00e1c nh\u00e0 s\u1ea3n xu\u1ea5t.<\/p>","protected":false},"author":1,"featured_media":0,"parent":0,"menu_order":0,"comment_status":"closed","ping_status":"closed","template":"boxed-template.php","meta":{"_acf_changed":true,"om_disable_all_campaigns":false,"_uag_custom_page_level_css":"","footnotes":""},"categories":[],"tags":[],"class_list":["post-24525","page","type-page","status-publish","hentry"],"acf":[],"yoast_head":"<!-- This site is optimized with the Yoast SEO plugin v27.4 - https:\/\/yoast.com\/product\/yoast-seo-wordpress\/ -->\n<title>Manufacturers | How We Help | AmeriPharma Specialty<\/title>\n<meta name=\"description\" content=\"Partner with AmeriPharma for specialty pharmacy services supporting your patients. We provide adherence programs, outcomes tracking, and expert care delivery.\" \/>\n<meta name=\"robots\" content=\"index, follow, max-snippet:-1, max-image-preview:large, max-video-preview:-1\" \/>\n<link rel=\"canonical\" href=\"https:\/\/ameripharmaspecialty.com\/vi\/manufacturers\/\" \/>\n<meta property=\"og:locale\" content=\"vi_VN\" \/>\n<meta property=\"og:type\" content=\"article\" \/>\n<meta property=\"og:title\" content=\"Manufacturers | How We Help | AmeriPharma Specialty\" \/>\n<meta property=\"og:description\" content=\"Partner with AmeriPharma for specialty pharmacy services supporting your patients. We provide adherence programs, outcomes tracking, and expert care delivery.\" \/>\n<meta property=\"og:url\" content=\"https:\/\/ameripharmaspecialty.com\/vi\/manufacturers\/\" \/>\n<meta property=\"og:site_name\" content=\"AmeriPharma\u00ae Specialty Care\" \/>\n<meta property=\"article:publisher\" content=\"https:\/\/www.facebook.com\/ameripharma\/\" \/>\n<meta property=\"article:modified_time\" content=\"2026-02-12T17:08:21+00:00\" \/>\n<meta property=\"og:image\" content=\"https:\/\/ameripharmaspecialty.com\/wp-content\/uploads\/2024\/07\/specialty-care-logo-large-square.png\" \/>\n\t<meta property=\"og:image:width\" content=\"400\" \/>\n\t<meta property=\"og:image:height\" content=\"400\" \/>\n\t<meta property=\"og:image:type\" content=\"image\/png\" \/>\n<meta name=\"twitter:card\" content=\"summary_large_image\" \/>\n<meta name=\"twitter:label1\" content=\"Est. reading time\" \/>\n\t<meta name=\"twitter:data1\" content=\"1 ph\u00fat\" \/>\n<script type=\"application\/ld+json\" class=\"yoast-schema-graph\">{\"@context\":\"https:\\\/\\\/schema.org\",\"@graph\":[{\"@type\":\"WebPage\",\"@id\":\"https:\\\/\\\/ameripharmaspecialty.com\\\/manufacturers\\\/\",\"url\":\"https:\\\/\\\/ameripharmaspecialty.com\\\/manufacturers\\\/\",\"name\":\"Manufacturers | How We Help | AmeriPharma Specialty\",\"isPartOf\":{\"@id\":\"https:\\\/\\\/ameripharmaspecialty.com\\\/es\\\/#website\"},\"datePublished\":\"2024-01-09T08:40:14+00:00\",\"dateModified\":\"2026-02-12T17:08:21+00:00\",\"description\":\"Partner with AmeriPharma for specialty pharmacy services supporting your patients. We provide adherence programs, outcomes tracking, and expert care delivery.\",\"breadcrumb\":{\"@id\":\"https:\\\/\\\/ameripharmaspecialty.com\\\/manufacturers\\\/#breadcrumb\"},\"inLanguage\":\"vi\",\"potentialAction\":[{\"@type\":\"ReadAction\",\"target\":[\"https:\\\/\\\/ameripharmaspecialty.com\\\/manufacturers\\\/\"]}]},{\"@type\":\"BreadcrumbList\",\"@id\":\"https:\\\/\\\/ameripharmaspecialty.com\\\/manufacturers\\\/#breadcrumb\",\"itemListElement\":[{\"@type\":\"ListItem\",\"position\":1,\"name\":\"Home\",\"item\":\"https:\\\/\\\/ameripharmaspecialty.com\\\/zh\\\/\"},{\"@type\":\"ListItem\",\"position\":2,\"name\":\"Manufacturers\"}]},{\"@type\":\"WebSite\",\"@id\":\"https:\\\/\\\/ameripharmaspecialty.com\\\/es\\\/#website\",\"url\":\"https:\\\/\\\/ameripharmaspecialty.com\\\/es\\\/\",\"name\":\"AmeriPharma\u00ae Specialty Care\",\"description\":\"Specialty Care by AmeriPharma\",\"publisher\":{\"@id\":\"https:\\\/\\\/ameripharmaspecialty.com\\\/es\\\/#organization\"},\"potentialAction\":[{\"@type\":\"SearchAction\",\"target\":{\"@type\":\"EntryPoint\",\"urlTemplate\":\"https:\\\/\\\/ameripharmaspecialty.com\\\/es\\\/?s={search_term_string}\"},\"query-input\":{\"@type\":\"PropertyValueSpecification\",\"valueRequired\":true,\"valueName\":\"search_term_string\"}}],\"inLanguage\":\"vi\"},{\"@type\":\"Organization\",\"@id\":\"https:\\\/\\\/ameripharmaspecialty.com\\\/es\\\/#organization\",\"name\":\"Ameripharma Specialty Care\",\"url\":\"https:\\\/\\\/ameripharmaspecialty.com\\\/es\\\/\",\"logo\":{\"@type\":\"ImageObject\",\"inLanguage\":\"vi\",\"@id\":\"https:\\\/\\\/ameripharmaspecialty.com\\\/es\\\/#\\\/schema\\\/logo\\\/image\\\/\",\"url\":\"https:\\\/\\\/ameripharmaspecialty.com\\\/wp-content\\\/uploads\\\/2024\\\/07\\\/specialty-care-logo-large-square.png\",\"contentUrl\":\"https:\\\/\\\/ameripharmaspecialty.com\\\/wp-content\\\/uploads\\\/2024\\\/07\\\/specialty-care-logo-large-square.png\",\"width\":400,\"height\":400,\"caption\":\"Ameripharma Specialty Care\"},\"image\":{\"@id\":\"https:\\\/\\\/ameripharmaspecialty.com\\\/es\\\/#\\\/schema\\\/logo\\\/image\\\/\"},\"sameAs\":[\"https:\\\/\\\/www.facebook.com\\\/ameripharma\\\/\"]}]}<\/script>\n<!-- \/ Yoast SEO plugin. -->","yoast_head_json":{"title":"Nh\u00e0 s\u1ea3n xu\u1ea5t | C\u00e1ch ch\u00fang t\u00f4i gi\u00fap | AmeriPharma Specialty","description":"H\u00e3y h\u1ee3p t\u00e1c v\u1edbi AmeriPharma \u0111\u1ec3 cung c\u1ea5p c\u00e1c d\u1ecbch v\u1ee5 d\u01b0\u1ee3c ph\u1ea9m chuy\u00ean khoa h\u1ed7 tr\u1ee3 b\u1ec7nh nh\u00e2n c\u1ee7a b\u1ea1n. Ch\u00fang t\u00f4i cung c\u1ea5p c\u00e1c ch\u01b0\u01a1ng tr\u00ecnh tu\u00e2n th\u1ee7 \u0111i\u1ec1u tr\u1ecb, theo d\u00f5i k\u1ebft qu\u1ea3 v\u00e0 d\u1ecbch v\u1ee5 ch\u0103m s\u00f3c chuy\u00ean nghi\u1ec7p.","robots":{"index":"index","follow":"follow","max-snippet":"max-snippet:-1","max-image-preview":"max-image-preview:large","max-video-preview":"max-video-preview:-1"},"canonical":"https:\/\/ameripharmaspecialty.com\/vi\/manufacturers\/","og_locale":"vi_VN","og_type":"article","og_title":"Manufacturers | How We Help | AmeriPharma Specialty","og_description":"Partner with AmeriPharma for specialty pharmacy services supporting your patients. We provide adherence programs, outcomes tracking, and expert care delivery.","og_url":"https:\/\/ameripharmaspecialty.com\/vi\/manufacturers\/","og_site_name":"AmeriPharma\u00ae Specialty Care","article_publisher":"https:\/\/www.facebook.com\/ameripharma\/","article_modified_time":"2026-02-12T17:08:21+00:00","og_image":[{"width":400,"height":400,"url":"https:\/\/ameripharmaspecialty.com\/wp-content\/uploads\/2024\/07\/specialty-care-logo-large-square.png","type":"image\/png"}],"twitter_card":"summary_large_image","twitter_misc":{"Est. reading time":"1 ph\u00fat"},"schema":{"@context":"https:\/\/schema.org","@graph":[{"@type":"WebPage","@id":"https:\/\/ameripharmaspecialty.com\/manufacturers\/","url":"https:\/\/ameripharmaspecialty.com\/manufacturers\/","name":"Nh\u00e0 s\u1ea3n xu\u1ea5t | C\u00e1ch ch\u00fang t\u00f4i gi\u00fap | AmeriPharma Specialty","isPartOf":{"@id":"https:\/\/ameripharmaspecialty.com\/es\/#website"},"datePublished":"2024-01-09T08:40:14+00:00","dateModified":"2026-02-12T17:08:21+00:00","description":"H\u00e3y h\u1ee3p t\u00e1c v\u1edbi AmeriPharma \u0111\u1ec3 cung c\u1ea5p c\u00e1c d\u1ecbch v\u1ee5 d\u01b0\u1ee3c ph\u1ea9m chuy\u00ean khoa h\u1ed7 tr\u1ee3 b\u1ec7nh nh\u00e2n c\u1ee7a b\u1ea1n. Ch\u00fang t\u00f4i cung c\u1ea5p c\u00e1c ch\u01b0\u01a1ng tr\u00ecnh tu\u00e2n th\u1ee7 \u0111i\u1ec1u tr\u1ecb, theo d\u00f5i k\u1ebft qu\u1ea3 v\u00e0 d\u1ecbch v\u1ee5 ch\u0103m s\u00f3c chuy\u00ean nghi\u1ec7p.","breadcrumb":{"@id":"https:\/\/ameripharmaspecialty.com\/manufacturers\/#breadcrumb"},"inLanguage":"vi","potentialAction":[{"@type":"ReadAction","target":["https:\/\/ameripharmaspecialty.com\/manufacturers\/"]}]},{"@type":"BreadcrumbList","@id":"https:\/\/ameripharmaspecialty.com\/manufacturers\/#breadcrumb","itemListElement":[{"@type":"ListItem","position":1,"name":"Home","item":"https:\/\/ameripharmaspecialty.com\/zh\/"},{"@type":"ListItem","position":2,"name":"Manufacturers"}]},{"@type":"WebSite","@id":"https:\/\/ameripharmaspecialty.com\/es\/#website","url":"https:\/\/ameripharmaspecialty.com\/es\/","name":"Ch\u0103m s\u00f3c \u0111\u1eb7c bi\u1ec7t AmeriPharma\u00ae","description":"Ch\u0103m s\u00f3c \u0111\u1eb7c bi\u1ec7t c\u1ee7a AmeriPharma","publisher":{"@id":"https:\/\/ameripharmaspecialty.com\/es\/#organization"},"potentialAction":[{"@type":"SearchAction","target":{"@type":"EntryPoint","urlTemplate":"https:\/\/ameripharmaspecialty.com\/es\/?s={search_term_string}"},"query-input":{"@type":"PropertyValueSpecification","valueRequired":true,"valueName":"search_term_string"}}],"inLanguage":"vi"},{"@type":"Organization","@id":"https:\/\/ameripharmaspecialty.com\/es\/#organization","name":"Ch\u0103m s\u00f3c \u0111\u1eb7c bi\u1ec7t Ameripharma","url":"https:\/\/ameripharmaspecialty.com\/es\/","logo":{"@type":"ImageObject","inLanguage":"vi","@id":"https:\/\/ameripharmaspecialty.com\/es\/#\/schema\/logo\/image\/","url":"https:\/\/ameripharmaspecialty.com\/wp-content\/uploads\/2024\/07\/specialty-care-logo-large-square.png","contentUrl":"https:\/\/ameripharmaspecialty.com\/wp-content\/uploads\/2024\/07\/specialty-care-logo-large-square.png","width":400,"height":400,"caption":"Ameripharma Specialty Care"},"image":{"@id":"https:\/\/ameripharmaspecialty.com\/es\/#\/schema\/logo\/image\/"},"sameAs":["https:\/\/www.facebook.com\/ameripharma\/"]}]}},"uagb_featured_image_src":{"full":false,"thumbnail":false,"medium":false,"medium_large":false,"large":false,"1536x1536":false,"2048x2048":false,"trp-custom-language-flag":false,"block-image-html-large":false,"ct-gallery":false,"ct-section-header":false,"ct-thumb":false,"ct-thumb-large":false,"ct-small":false,"ct-medium":false,"ct-xmedium":false,"ct-large":false},"uagb_author_info":{"display_name":"ameripharm3dev","author_link":"https:\/\/ameripharmaspecialty.com\/vi\/author\/ameripharm3dev\/"},"uagb_comment_info":0,"uagb_excerpt":"AmeriPharma\u00ae Specialty Care\u2019s dedication to compliant, timely medication delivery, patient education and regular follow-ups helps manufacturers monitor and track the effectiveness of treatments. Develop and Launch New Products Our team of experts work hand-\u00adin\u00ad-hand with manufacturers.","rttpg_featured_image_url":null,"rttpg_author":{"display_name":"ameripharm3dev","author_link":"https:\/\/ameripharmaspecialty.com\/vi\/author\/ameripharm3dev\/"},"rttpg_comment":0,"rttpg_category":false,"rttpg_excerpt":"AmeriPharma\u00ae Specialty Care\u2019s dedication to compliant, timely medication delivery, patient education and regular follow-ups helps manufacturers monitor and track the effectiveness of treatments. Develop and Launch New Products Our team of experts work hand-\u00adin\u00ad-hand with manufacturers.","_links":{"self":[{"href":"https:\/\/ameripharmaspecialty.com\/vi\/wp-json\/wp\/v2\/pages\/24525","targetHints":{"allow":["GET"]}}],"collection":[{"href":"https:\/\/ameripharmaspecialty.com\/vi\/wp-json\/wp\/v2\/pages"}],"about":[{"href":"https:\/\/ameripharmaspecialty.com\/vi\/wp-json\/wp\/v2\/types\/page"}],"author":[{"embeddable":true,"href":"https:\/\/ameripharmaspecialty.com\/vi\/wp-json\/wp\/v2\/users\/1"}],"replies":[{"embeddable":true,"href":"https:\/\/ameripharmaspecialty.com\/vi\/wp-json\/wp\/v2\/comments?post=24525"}],"version-history":[{"count":0,"href":"https:\/\/ameripharmaspecialty.com\/vi\/wp-json\/wp\/v2\/pages\/24525\/revisions"}],"wp:attachment":[{"href":"https:\/\/ameripharmaspecialty.com\/vi\/wp-json\/wp\/v2\/media?parent=24525"}],"wp:term":[{"taxonomy":"category","embeddable":true,"href":"https:\/\/ameripharmaspecialty.com\/vi\/wp-json\/wp\/v2\/categories?post=24525"},{"taxonomy":"post_tag","embeddable":true,"href":"https:\/\/ameripharmaspecialty.com\/vi\/wp-json\/wp\/v2\/tags?post=24525"}],"curies":[{"name":"wp","href":"https:\/\/api.w.org\/{rel}","templated":true}]}}