{"id":24520,"date":"2024-01-09T08:23:11","date_gmt":"2024-01-09T08:23:11","guid":{"rendered":"https:\/\/ameripharmaspecialty.com\/?page_id=24520"},"modified":"2026-02-12T10:08:58","modified_gmt":"2026-02-12T17:08:58","slug":"payers","status":"publish","type":"page","link":"https:\/\/ameripharmaspecialty.com\/vi\/payers\/","title":{"rendered":"Ng\u01b0\u1eddi tr\u1ea3 ti\u1ec1n"},"content":{"rendered":"<div style=\"height:30px\" aria-hidden=\"true\" class=\"wp-block-spacer\"><\/div>\n\n\n\n<div class=\"wp-block-group has-background\" style=\"background-color:#f6f6f6;padding-top:var(--wp--preset--spacing--60);padding-right:50px;padding-bottom:var(--wp--preset--spacing--60);padding-left:50px\"><div class=\"wp-block-group__inner-container is-layout-constrained wp-container-core-group-is-layout-f4c74273 wp-block-group-is-layout-constrained\">\n<p class=\"has-text-align-center\">Qu\u1ea3n l\u00fd v\u00e0 ch\u0103m s\u00f3c b\u1ec7nh nh\u00e2n l\u00e0 tr\u1ecdng t\u00e2m trong m\u1ecdi ho\u1ea1t \u0111\u1ed9ng c\u1ee7a ch\u00fang t\u00f4i. H\u1ed9i vi\u00ean c\u1ee7a b\u1ea1n s\u1ebd lu\u00f4n \u0111\u01b0\u1ee3c ti\u1ebfp c\u1eadn thu\u1ed1c men v\u00e0 th\u00f4ng tin c\u1ea7n thi\u1ebft \u0111\u1ec3 c\u00f3 th\u1ec3 tu\u00e2n th\u1ee7 th\u00e0nh c\u00f4ng k\u1ebf ho\u1ea1ch \u0111i\u1ec1u tr\u1ecb.<\/p>\n<\/div><\/div>\n\n\n\n<div style=\"height:30px\" aria-hidden=\"true\" class=\"wp-block-spacer\"><\/div>\n\n\n\n<p>T\u1ea1i AmeriPharma\u00ae Specialty Care,<strong>&nbsp;ch\u00fang t\u00f4i \u00e1p d\u1ee5ng ph\u01b0\u01a1ng ph\u00e1p ti\u1ebfp c\u1eadn ti\u1ebfp x\u00fac cao<\/strong>&nbsp;Ch\u00fang t\u00f4i cam k\u1ebft mang \u0111\u1ebfn d\u1ecbch v\u1ee5 ch\u0103m s\u00f3c to\u00e0n di\u1ec7n. Ch\u00fang t\u00f4i th\u00fac \u0111\u1ea9y t\u00ednh li\u00ean t\u1ee5c c\u1ee7a vi\u1ec7c ch\u0103m s\u00f3c b\u1eb1ng c\u00e1ch c\u1ea3i thi\u1ec7n s\u1ef1 ph\u1ed1i h\u1ee3p gi\u1eefa b\u1ec7nh nh\u00e2n, b\u00e1c s\u0129, nh\u00e0 s\u1ea3n xu\u1ea5t v\u00e0 c\u00f4ng ty b\u1ea3o hi\u1ec3m. Ch\u00fang t\u00f4i c\u0169ng khuy\u1ebfn kh\u00edch c\u00e1c k\u00eanh giao ti\u1ebfp c\u1edfi m\u1edf v\u00e0 s\u1ef1 h\u1ee3p t\u00e1c li\u00ean t\u1ee5c gi\u1eefa b\u00e1c s\u0129 v\u00e0 ng\u01b0\u1eddi ch\u0103m s\u00f3c c\u1ee7a m\u1ed7i b\u1ec7nh nh\u00e2n. Ch\u00fang t\u00f4i lu\u00f4n th\u1ea5u hi\u1ec3u b\u1ec7nh nh\u00e2n v\u00e0 nhu c\u1ea7u c\u1ee7a h\u1ecd.<\/p>\n\n\n\n<p>D\u1ecbch v\u1ee5 c\u1ee7a ch\u00fang t\u00f4i bao g\u1ed3m c\u00e1c cu\u1ed9c g\u1ecdi theo d\u00f5i th\u01b0\u1eddng xuy\u00ean v\u00e0 c\u00e1c d\u1ecbch v\u1ee5 li\u00ean quan \u0111\u1ebfn c\u00e1c th\u00e0nh ph\u1ea7n thi\u1ebft y\u1ebfu sau \u0111\u00e2y, t\u1ea1o th\u00e0nh m\u1ed9t ph\u1ea7n kh\u00f4ng th\u1ec3 thi\u1ebfu trong m\u00f4 h\u00ecnh ch\u0103m s\u00f3c ti\u00ean ti\u1ebfn c\u1ee7a ch\u00fang t\u00f4i.<\/p>\n\n\n\n<h3 class=\"wp-block-heading\" id=\"h-how-we-help-payers\">Ch\u00fang t\u00f4i gi\u00fap ng\u01b0\u1eddi tr\u1ea3 ti\u1ec1n nh\u01b0 th\u1ebf n\u00e0o<\/h3>\n\n\n\n<div  id=\"image-30-text-70-f84adcf5b94fef61951bc730ae6c2902\" style=\"\" class=\"img30text70 white\">\n\t<div class=\"container\">\n\t\t<div class=\"block-wrap left\">\n\t\t\t<div class=\"block-column image\">\n\t\t\t\t<picture class=\"image-30\">\n\t\t\t\t\t\t\t\t\t\t<source loading=\"lazy\" media=\"(min-width:768px)\" srcset=\"https:\/\/ameripharmaspecialty.com\/wp-content\/uploads\/2024\/07\/iStock-1447101707.jpg\">\n\t\t\t\t\t<img decoding=\"async\" loading=\"lazy\" src=\"https:\/\/ameripharmaspecialty.com\/wp-content\/uploads\/2024\/07\/iStock-1447101707.jpg\" alt=\"https:\/\/ameripharmaspecialty.com\/wp-content\/uploads\/2024\/07\/iStock-1447101707.jpg\" style=\"width:auto;\">\n\t\t\t\t<\/picture>\n\t\t\t<\/div>\n\t\t\t<div class=\"block-column\">\n\t\t\t\t<div class=\"text\">\n\t\t\t\t\t<h4><strong>Qu\u1ea3n l\u00fd v\u00e0 ch\u0103m s\u00f3c b\u1ec7nh nh\u00e2n<\/strong><\/h4>\n<p>Ch\u00fang t\u00f4i cung c\u1ea5p d\u1ecbch v\u1ee5 ch\u0103m s\u00f3c b\u1ec7nh nh\u00e2n \u0111\u01b0\u1ee3c c\u00e1 nh\u00e2n h\u00f3a \u2013 bao g\u1ed3m c\u00e1c k\u1ebf ho\u1ea1ch ch\u0103m s\u00f3c c\u00e1 nh\u00e2n, h\u1ed7 tr\u1ee3 x\u1eed l\u00fd c\u00e1c t\u00e1c d\u1ee5ng ph\u1ee5 m\u00e0 b\u1ec7nh nh\u00e2n c\u00f3 th\u1ec3 g\u1eb7p ph\u1ea3i, v\u00e0 m\u1ed9t d\u01b0\u1ee3c s\u0129 l\u00e2m s\u00e0ng chuy\u00ean khoa lu\u00f4n s\u1eb5n s\u00e0ng 24\/7 qua \u0111i\u1ec7n tho\u1ea1i \u0111\u1ec3 gi\u1ea3i \u0111\u00e1p m\u1ecdi th\u1eafc m\u1eafc. N\u1ebfu thu\u1ed1c ho\u1eb7c ph\u01b0\u01a1ng ph\u00e1p \u0111i\u1ec1u tr\u1ecb kh\u00f4ng mang l\u1ea1i k\u1ebft qu\u1ea3 mong mu\u1ed1n, ch\u00fang t\u00f4i s\u1ebd t\u00edch c\u1ef1c h\u1ee3p t\u00e1c v\u1edbi t\u1ea5t c\u1ea3 c\u00e1c th\u00e0nh vi\u00ean trong nh\u00f3m ch\u0103m s\u00f3c s\u1ee9c kh\u1ecfe c\u1ee7a b\u1ec7nh nh\u00e2n \u0111\u1ec3 t\u00ecm ki\u1ebfm c\u00e1c ph\u01b0\u01a1ng \u00e1n thay th\u1ebf ph\u00f9 h\u1ee3p. Ch\u00fang t\u00f4i l\u00e0m vi\u1ec7c theo t\u1eebng tr\u01b0\u1eddng h\u1ee3p c\u1ee5 th\u1ec3 \u0111\u1ec3 \u0111\u1ea3m b\u1ea3o m\u1ecdi ng\u01b0\u1eddi \u0111\u1ec1u nh\u1eadn \u0111\u01b0\u1ee3c s\u1ef1 quan t\u00e2m, th\u1eddi gian v\u00e0 ch\u0103m s\u00f3c t\u1ed1i \u01b0u.<\/p>\n\t\t\t\t<\/div>\n\t\t\t<\/div>\n\t\t<\/div>\n\t<\/div>\n<\/div>\n\n\n<h3 class=\"wp-block-heading\" id=\"h-adherence-to-treatment-plans-amp-compliance\"><strong>Tu\u00e2n th\u1ee7 k\u1ebf ho\u1ea1ch \u0111i\u1ec1u tr\u1ecb v\u00e0 tu\u00e2n th\u1ee7<\/strong><\/h3>\n\n\n\n<p>S\u1ef1 ph\u1ee9c t\u1ea1p c\u1ee7a thu\u1ed1c v\u00e0 ph\u00e1c \u0111\u1ed3 \u0111i\u1ec1u tr\u1ecb c\u00f3 th\u1ec3 l\u00e0 nh\u1eefng y\u1ebfu t\u1ed1 ch\u00ednh d\u1eabn \u0111\u1ebfn vi\u1ec7c b\u1ec7nh nh\u00e2n kh\u00f4ng tu\u00e2n th\u1ee7. Ch\u00fang t\u00f4i cung c\u1ea5p m\u1ee9c h\u1ed7 tr\u1ee3 v\u00e0 theo d\u00f5i cao nh\u1ea5t cho b\u1ec7nh nh\u00e2n, gi\u00fap \u0111\u1ea3m b\u1ea3o b\u1ec7nh nh\u00e2n tu\u00e2n th\u1ee7 \u0111\u1ea7y \u0111\u1ee7 ph\u00e1c \u0111\u1ed3 \u0111i\u1ec1u tr\u1ecb. N\u1ebfu ph\u00e1t hi\u1ec7n b\u1ec7nh nh\u00e2n kh\u00f4ng tu\u00e2n th\u1ee7 \u0111\u1ea7y \u0111\u1ee7, ch\u00fang t\u00f4i s\u1ebd c\u00f9ng b\u1ec7nh nh\u00e2n gi\u1ea3i quy\u1ebft nguy\u00ean nh\u00e2n v\u00e0 th\u00f4ng b\u00e1o cho nh\u00e0 cung c\u1ea5p d\u1ecbch v\u1ee5. Ch\u00fang t\u00f4i gi\u1ea3m thi\u1ec3u chi ph\u00ed v\u00e0 chi ti\u00eau kh\u00f4ng c\u1ea7n thi\u1ebft b\u1eb1ng c\u00e1ch \u0111\u00f3ng vai tr\u00f2 l\u00e0 tai m\u1eaft cho b\u00ean thanh to\u00e1n.<\/p>\n\n\n\n<h3 class=\"wp-block-heading\" id=\"h-patient-advocacy\"><strong>V\u1eadn \u0111\u1ed9ng b\u1ec7nh nh\u00e2n<\/strong><\/h3>\n\n\n\n<p>T\u1ea1i AmeriPharma\u00ae Specialty Care, ch\u00fang t\u00f4i kh\u00f4ng ch\u1ec9 cung c\u1ea5p thu\u1ed1c. Ch\u00fang t\u00f4i l\u00e0 nh\u1eefng ng\u01b0\u1eddi \u1ee7ng h\u1ed9 m\u1ea1nh m\u1ebd\u00a0<a href=\"https:\/\/ameripharmaspecialty.com\/vi\/patient-advocacy\/\">s\u1ef1 \u1ee7ng h\u1ed9 c\u1ee7a b\u1ec7nh nh\u00e2n<\/a>. Ch\u00fang t\u00f4i cung c\u1ea5p h\u1ed7 tr\u1ee3 v\u00e0 h\u01b0\u1edbng d\u1eabn chuy\u00ean m\u00f4n \u0111\u1ec3 gi\u00fap b\u1ec7nh nh\u00e2n qu\u1ea3n l\u00fd c\u00e1c t\u00ecnh tr\u1ea1ng ph\u1ee9c t\u1ea1p, d\u00f9 l\u00e0 h\u1ed7 tr\u1ee3 xin vi\u1ec7n tr\u1ee3 t\u00e0i ch\u00ednh hay ch\u1ec9 \u0111\u01a1n gi\u1ea3n l\u00e0 l\u1eafng nghe suy ngh\u0129 v\u00e0 m\u1ed1i quan t\u00e2m.<\/p>\n\n\n\n<h3 class=\"wp-block-heading\" id=\"h-a-team-of-experts\"><strong>M\u1ed9t \u0111\u1ed9i ng\u0169 chuy\u00ean gia<\/strong><\/h3>\n\n\n\n<p>\u0110\u1ed9i ng\u0169 D\u01b0\u1ee3c s\u0129 L\u00e2m s\u00e0ng c\u1ee7a ch\u00fang t\u00f4i duy tr\u00ec tr\u00ecnh \u0111\u1ed9 chuy\u00ean m\u00f4n cao nh\u1ea5t th\u00f4ng qua \u0111\u00e0o t\u1ea1o, nghi\u00ean c\u1ee9u v\u00e0 \u0111\u00e0o t\u1ea1o li\u00ean t\u1ee5c. \u0110\u1ed9i ng\u0169 c\u1ee7a ch\u00fang t\u00f4i c\u0169ng bao g\u1ed3m c\u00e1c chuy\u00ean gia truy\u1ec1n d\u1ecbch chuy\u00ean ng\u00e0nh (bao g\u1ed3m D\u01b0\u1ee3c s\u0129 L\u00e2m s\u00e0ng v\u00e0 \u0110i\u1ec1u d\u01b0\u1ee1ng Truy\u1ec1n d\u1ecbch Ch\u1ee9ng nh\u1eadn (CRNI\u00ae)).<\/p>\n\n\n\n<h3 class=\"wp-block-heading\" id=\"h-access-to-information\"><strong>Truy c\u1eadp th\u00f4ng tin<\/strong><\/h3>\n\n\n\n<p>Ch\u00fang t\u00f4i l\u01b0u gi\u1eef h\u1ed3 s\u01a1 thu\u1ed1c chi ti\u1ebft c\u1ee7a b\u1ec7nh nh\u00e2n. \u0110i\u1ec1u n\u00e0y cho ph\u00e9p b\u1ec7nh nh\u00e2n, nh\u00e0 cung c\u1ea5p v\u00e0 b\u00ean thanh to\u00e1n ho\u00e0n to\u00e0n minh b\u1ea1ch th\u00f4ng tin, bao g\u1ed3m quy\u1ec1n truy c\u1eadp v\u00e0o tr\u1ea1ng th\u00e1i hi\u1ec7n t\u1ea1i c\u1ee7a t\u1ea5t c\u1ea3 c\u00e1c \u0111\u01a1n thu\u1ed1c. \u0110\u1ed1i v\u1edbi b\u1ea5t k\u1ef3 \u0111\u01a1n thu\u1ed1c m\u1edbi n\u00e0o, ch\u00fang t\u00f4i s\u1ebd \u0111\u00e1nh gi\u00e1 t\u00ecnh tr\u1ea1ng hi\u1ec7n t\u1ea1i c\u1ee7a b\u1ec7nh nh\u00e2n \u0111\u1ec3 x\u00e1c \u0111\u1ecbnh li\u1ec7u thu\u1ed1c ho\u1eb7c li\u1ec7u ph\u00e1p ph\u1ee9c t\u1ea1p c\u00f3 mang l\u1ea1i l\u1ee3i \u00edch hay kh\u00f4ng.<\/p>\n\n\n\n<h3 class=\"wp-block-heading\" id=\"h-cutting-edge-technology\"><strong>C\u00f4ng ngh\u1ec7 ti\u00ean ti\u1ebfn<\/strong><\/h3>\n\n\n\n<p>H\u1ec7 th\u1ed1ng \u0111\u00f3ng g\u00f3i t\u00f9y ch\u1ec9nh c\u1ee7a ch\u00fang t\u00f4i, c\u00f3 \u0111\u1ea7y \u0111\u1ee7 th\u1eddi gian v\u00e0 ng\u00e0y th\u00e1ng cho m\u1ed7i li\u1ec1u d\u00f9ng, gi\u00fap vi\u1ec7c d\u00f9ng thu\u1ed1c tr\u1edf n\u00ean d\u1ec5 d\u00e0ng \u0111\u1ed1i v\u1edbi c\u00e1c th\u00e0nh vi\u00ean c\u1ee7a b\u1ea1n.<\/p>\n\n\n\n<div  id=\"image-30-text-70-01f69bd73eb86c7763f7f2e4f75f3339\" style=\"\" class=\"img30text70 white\">\n\t<div class=\"container\">\n\t\t<div class=\"block-wrap right\">\n\t\t\t<div class=\"block-column image\">\n\t\t\t\t<picture class=\"image-30\">\n\t\t\t\t\t\t\t\t\t\t<source loading=\"lazy\" media=\"(min-width:768px)\" srcset=\"https:\/\/ameripharmaspecialty.com\/wp-content\/uploads\/2024\/01\/AmeriPharma-Specialty-Care-4160096-small.jpg\">\n\t\t\t\t\t<img decoding=\"async\" loading=\"lazy\" src=\"https:\/\/ameripharmaspecialty.com\/wp-content\/uploads\/2024\/01\/AmeriPharma-Specialty-Care-4160096-small.jpg\" alt=\"https:\/\/ameripharmaspecialty.com\/wp-content\/uploads\/2024\/01\/AmeriPharma-Specialty-Care-4160096-small.jpg\" style=\"width:auto;\">\n\t\t\t\t<\/picture>\n\t\t\t<\/div>\n\t\t\t<div class=\"block-column\">\n\t\t\t\t<div class=\"text\">\n\t\t\t\t\t<h4><strong>Quy tr\u00ecnh \u1ee7y quy\u1ec1n<\/strong><\/h4>\n<p>Ch\u00fang t\u00f4i \u0111\u01a1n gi\u1ea3n h\u00f3a quy tr\u00ecnh xin gi\u1ea5y ph\u00e9p tr\u01b0\u1edbc cho c\u00e1c th\u00e0nh vi\u00ean c\u1ee7a b\u1ea1n b\u1eb1ng c\u00e1ch l\u00e0m vi\u1ec7c tr\u1ef1c ti\u1ebfp v\u1edbi c\u00f4ng ty b\u1ea3o hi\u1ec3m c\u1ee7a b\u1ea1n.<\/p>\n<p>\u0110\u1ec3 li\u00ean l\u1ea1c v\u1edbi nh\u00f3m c\u1ee7a ch\u00fang t\u00f4i, vui l\u00f2ng li\u00ean h\u1ec7 v\u1edbi ch\u00fang t\u00f4i t\u1ea1i\u00a0<a href=\"mailto:info@ameripharma.us\">info@ameripharma.us<\/a><\/p>\n\t\t\t\t<\/div>\n\t\t\t<\/div>\n\t\t<\/div>\n\t<\/div>\n<\/div>","protected":false},"excerpt":{"rendered":"<p>Qu\u1ea3n l\u00fd v\u00e0 ch\u0103m s\u00f3c b\u1ec7nh nh\u00e2n l\u00e0 tr\u1ecdng t\u00e2m trong m\u1ecdi ho\u1ea1t \u0111\u1ed9ng c\u1ee7a ch\u00fang t\u00f4i. H\u1ed9i vi\u00ean c\u1ee7a b\u1ea1n s\u1ebd lu\u00f4n \u0111\u01b0\u1ee3c ti\u1ebfp c\u1eadn thu\u1ed1c men v\u00e0 th\u00f4ng tin c\u1ea7n thi\u1ebft \u0111\u1ec3 c\u00f3 th\u1ec3 tu\u00e2n th\u1ee7 th\u00e0nh c\u00f4ng k\u1ebf ho\u1ea1ch \u0111i\u1ec1u tr\u1ecb.<\/p>","protected":false},"author":1,"featured_media":0,"parent":0,"menu_order":0,"comment_status":"closed","ping_status":"closed","template":"boxed-template.php","meta":{"_acf_changed":true,"om_disable_all_campaigns":false,"_uag_custom_page_level_css":"","footnotes":""},"categories":[],"tags":[],"class_list":["post-24520","page","type-page","status-publish","hentry"],"acf":[],"yoast_head":"<!-- This site is optimized with the Yoast SEO plugin v27.4 - https:\/\/yoast.com\/product\/yoast-seo-wordpress\/ -->\n<title>Payers | How We Help | AmeriPharma Specialty Pharmacy<\/title>\n<meta name=\"description\" content=\"AmeriPharma helps health plans improve medication adherence and reduce costs through clinical support, care coordination, and enhanced member outcomes.\" \/>\n<meta name=\"robots\" content=\"index, follow, max-snippet:-1, max-image-preview:large, max-video-preview:-1\" \/>\n<link rel=\"canonical\" href=\"https:\/\/ameripharmaspecialty.com\/vi\/payers\/\" \/>\n<meta property=\"og:locale\" content=\"vi_VN\" \/>\n<meta property=\"og:type\" content=\"article\" \/>\n<meta property=\"og:title\" content=\"Payers | How We Help | AmeriPharma Specialty Pharmacy\" \/>\n<meta property=\"og:description\" content=\"AmeriPharma helps health plans improve medication adherence and reduce costs through clinical support, care coordination, and enhanced member outcomes.\" \/>\n<meta property=\"og:url\" content=\"https:\/\/ameripharmaspecialty.com\/vi\/payers\/\" \/>\n<meta property=\"og:site_name\" content=\"AmeriPharma\u00ae Specialty Care\" \/>\n<meta property=\"article:publisher\" content=\"https:\/\/www.facebook.com\/ameripharma\/\" \/>\n<meta property=\"article:modified_time\" content=\"2026-02-12T17:08:58+00:00\" \/>\n<meta property=\"og:image\" content=\"https:\/\/ameripharmaspecialty.com\/wp-content\/uploads\/2024\/07\/specialty-care-logo-large-square.png\" \/>\n\t<meta property=\"og:image:width\" content=\"400\" \/>\n\t<meta property=\"og:image:height\" content=\"400\" \/>\n\t<meta property=\"og:image:type\" content=\"image\/png\" \/>\n<meta name=\"twitter:card\" content=\"summary_large_image\" \/>\n<meta name=\"twitter:label1\" content=\"Est. reading time\" \/>\n\t<meta name=\"twitter:data1\" content=\"2 ph\u00fat\" \/>\n<script type=\"application\/ld+json\" class=\"yoast-schema-graph\">{\"@context\":\"https:\\\/\\\/schema.org\",\"@graph\":[{\"@type\":\"WebPage\",\"@id\":\"https:\\\/\\\/ameripharmaspecialty.com\\\/es\\\/payers\\\/\",\"url\":\"https:\\\/\\\/ameripharmaspecialty.com\\\/es\\\/payers\\\/\",\"name\":\"Payers | How We Help | AmeriPharma Specialty Pharmacy\",\"isPartOf\":{\"@id\":\"https:\\\/\\\/ameripharmaspecialty.com\\\/#website\"},\"datePublished\":\"2024-01-09T08:23:11+00:00\",\"dateModified\":\"2026-02-12T17:08:58+00:00\",\"description\":\"AmeriPharma helps health plans improve medication adherence and reduce costs through clinical support, care coordination, and enhanced member outcomes.\",\"breadcrumb\":{\"@id\":\"https:\\\/\\\/ameripharmaspecialty.com\\\/es\\\/payers\\\/#breadcrumb\"},\"inLanguage\":\"vi\",\"potentialAction\":[{\"@type\":\"ReadAction\",\"target\":[\"https:\\\/\\\/ameripharmaspecialty.com\\\/es\\\/payers\\\/\"]}]},{\"@type\":\"BreadcrumbList\",\"@id\":\"https:\\\/\\\/ameripharmaspecialty.com\\\/es\\\/payers\\\/#breadcrumb\",\"itemListElement\":[{\"@type\":\"ListItem\",\"position\":1,\"name\":\"Home\",\"item\":\"https:\\\/\\\/ameripharmaspecialty.com\\\/es\\\/\"},{\"@type\":\"ListItem\",\"position\":2,\"name\":\"Payers\"}]},{\"@type\":\"WebSite\",\"@id\":\"https:\\\/\\\/ameripharmaspecialty.com\\\/#website\",\"url\":\"https:\\\/\\\/ameripharmaspecialty.com\\\/\",\"name\":\"AmeriPharma\u00ae Specialty Care\",\"description\":\"Specialty Care by AmeriPharma\",\"publisher\":{\"@id\":\"https:\\\/\\\/ameripharmaspecialty.com\\\/#organization\"},\"potentialAction\":[{\"@type\":\"SearchAction\",\"target\":{\"@type\":\"EntryPoint\",\"urlTemplate\":\"https:\\\/\\\/ameripharmaspecialty.com\\\/?s={search_term_string}\"},\"query-input\":{\"@type\":\"PropertyValueSpecification\",\"valueRequired\":true,\"valueName\":\"search_term_string\"}}],\"inLanguage\":\"vi\"},{\"@type\":\"Organization\",\"@id\":\"https:\\\/\\\/ameripharmaspecialty.com\\\/#organization\",\"name\":\"Ameripharma Specialty Care\",\"url\":\"https:\\\/\\\/ameripharmaspecialty.com\\\/\",\"logo\":{\"@type\":\"ImageObject\",\"inLanguage\":\"vi\",\"@id\":\"https:\\\/\\\/ameripharmaspecialty.com\\\/#\\\/schema\\\/logo\\\/image\\\/\",\"url\":\"https:\\\/\\\/ameripharmaspecialty.com\\\/wp-content\\\/uploads\\\/2024\\\/07\\\/specialty-care-logo-large-square.png\",\"contentUrl\":\"https:\\\/\\\/ameripharmaspecialty.com\\\/wp-content\\\/uploads\\\/2024\\\/07\\\/specialty-care-logo-large-square.png\",\"width\":400,\"height\":400,\"caption\":\"Ameripharma Specialty Care\"},\"image\":{\"@id\":\"https:\\\/\\\/ameripharmaspecialty.com\\\/#\\\/schema\\\/logo\\\/image\\\/\"},\"sameAs\":[\"https:\\\/\\\/www.facebook.com\\\/ameripharma\\\/\"]}]}<\/script>\n<!-- \/ Yoast SEO plugin. -->","yoast_head_json":{"title":"Ng\u01b0\u1eddi tr\u1ea3 ti\u1ec1n | C\u00e1ch ch\u00fang t\u00f4i gi\u00fap \u0111\u1ee1 | Nh\u00e0 thu\u1ed1c chuy\u00ean khoa AmeriPharma","description":"AmeriPharma gi\u00fap c\u00e1c ch\u01b0\u01a1ng tr\u00ecnh b\u1ea3o hi\u1ec3m y t\u1ebf c\u1ea3i thi\u1ec7n vi\u1ec7c tu\u00e2n th\u1ee7 d\u00f9ng thu\u1ed1c v\u00e0 gi\u1ea3m chi ph\u00ed th\u00f4ng qua h\u1ed7 tr\u1ee3 l\u00e2m s\u00e0ng, \u0111i\u1ec1u ph\u1ed1i ch\u0103m s\u00f3c v\u00e0 n\u00e2ng cao k\u1ebft qu\u1ea3 cho ng\u01b0\u1eddi tham gia.","robots":{"index":"index","follow":"follow","max-snippet":"max-snippet:-1","max-image-preview":"max-image-preview:large","max-video-preview":"max-video-preview:-1"},"canonical":"https:\/\/ameripharmaspecialty.com\/vi\/payers\/","og_locale":"vi_VN","og_type":"article","og_title":"Payers | How We Help | AmeriPharma Specialty Pharmacy","og_description":"AmeriPharma helps health plans improve medication adherence and reduce costs through clinical support, care coordination, and enhanced member outcomes.","og_url":"https:\/\/ameripharmaspecialty.com\/vi\/payers\/","og_site_name":"AmeriPharma\u00ae Specialty Care","article_publisher":"https:\/\/www.facebook.com\/ameripharma\/","article_modified_time":"2026-02-12T17:08:58+00:00","og_image":[{"width":400,"height":400,"url":"https:\/\/ameripharmaspecialty.com\/wp-content\/uploads\/2024\/07\/specialty-care-logo-large-square.png","type":"image\/png"}],"twitter_card":"summary_large_image","twitter_misc":{"Est. reading time":"2 ph\u00fat"},"schema":{"@context":"https:\/\/schema.org","@graph":[{"@type":"WebPage","@id":"https:\/\/ameripharmaspecialty.com\/es\/payers\/","url":"https:\/\/ameripharmaspecialty.com\/es\/payers\/","name":"Ng\u01b0\u1eddi tr\u1ea3 ti\u1ec1n | C\u00e1ch ch\u00fang t\u00f4i gi\u00fap \u0111\u1ee1 | Nh\u00e0 thu\u1ed1c chuy\u00ean khoa AmeriPharma","isPartOf":{"@id":"https:\/\/ameripharmaspecialty.com\/#website"},"datePublished":"2024-01-09T08:23:11+00:00","dateModified":"2026-02-12T17:08:58+00:00","description":"AmeriPharma gi\u00fap c\u00e1c ch\u01b0\u01a1ng tr\u00ecnh b\u1ea3o hi\u1ec3m y t\u1ebf c\u1ea3i thi\u1ec7n vi\u1ec7c tu\u00e2n th\u1ee7 d\u00f9ng thu\u1ed1c v\u00e0 gi\u1ea3m chi ph\u00ed th\u00f4ng qua h\u1ed7 tr\u1ee3 l\u00e2m s\u00e0ng, \u0111i\u1ec1u ph\u1ed1i ch\u0103m s\u00f3c v\u00e0 n\u00e2ng cao k\u1ebft qu\u1ea3 cho ng\u01b0\u1eddi tham gia.","breadcrumb":{"@id":"https:\/\/ameripharmaspecialty.com\/es\/payers\/#breadcrumb"},"inLanguage":"vi","potentialAction":[{"@type":"ReadAction","target":["https:\/\/ameripharmaspecialty.com\/es\/payers\/"]}]},{"@type":"BreadcrumbList","@id":"https:\/\/ameripharmaspecialty.com\/es\/payers\/#breadcrumb","itemListElement":[{"@type":"ListItem","position":1,"name":"Home","item":"https:\/\/ameripharmaspecialty.com\/es\/"},{"@type":"ListItem","position":2,"name":"Payers"}]},{"@type":"WebSite","@id":"https:\/\/ameripharmaspecialty.com\/#website","url":"https:\/\/ameripharmaspecialty.com\/","name":"Ch\u0103m s\u00f3c \u0111\u1eb7c bi\u1ec7t AmeriPharma\u00ae","description":"Ch\u0103m s\u00f3c \u0111\u1eb7c bi\u1ec7t c\u1ee7a AmeriPharma","publisher":{"@id":"https:\/\/ameripharmaspecialty.com\/#organization"},"potentialAction":[{"@type":"SearchAction","target":{"@type":"EntryPoint","urlTemplate":"https:\/\/ameripharmaspecialty.com\/?s={search_term_string}"},"query-input":{"@type":"PropertyValueSpecification","valueRequired":true,"valueName":"search_term_string"}}],"inLanguage":"vi"},{"@type":"Organization","@id":"https:\/\/ameripharmaspecialty.com\/#organization","name":"Ch\u0103m s\u00f3c \u0111\u1eb7c bi\u1ec7t Ameripharma","url":"https:\/\/ameripharmaspecialty.com\/","logo":{"@type":"ImageObject","inLanguage":"vi","@id":"https:\/\/ameripharmaspecialty.com\/#\/schema\/logo\/image\/","url":"https:\/\/ameripharmaspecialty.com\/wp-content\/uploads\/2024\/07\/specialty-care-logo-large-square.png","contentUrl":"https:\/\/ameripharmaspecialty.com\/wp-content\/uploads\/2024\/07\/specialty-care-logo-large-square.png","width":400,"height":400,"caption":"Ameripharma Specialty Care"},"image":{"@id":"https:\/\/ameripharmaspecialty.com\/#\/schema\/logo\/image\/"},"sameAs":["https:\/\/www.facebook.com\/ameripharma\/"]}]}},"uagb_featured_image_src":{"full":false,"thumbnail":false,"medium":false,"medium_large":false,"large":false,"1536x1536":false,"2048x2048":false,"trp-custom-language-flag":false,"block-image-html-large":false,"ct-gallery":false,"ct-section-header":false,"ct-thumb":false,"ct-thumb-large":false,"ct-small":false,"ct-medium":false,"ct-xmedium":false,"ct-large":false},"uagb_author_info":{"display_name":"ameripharm3dev","author_link":"https:\/\/ameripharmaspecialty.com\/vi\/author\/ameripharm3dev\/"},"uagb_comment_info":0,"uagb_excerpt":"Patient management and care are at the core of everything we do. Your members will always have access to the medications and information they need so that they can successfully follow their treatment plans.","rttpg_featured_image_url":null,"rttpg_author":{"display_name":"ameripharm3dev","author_link":"https:\/\/ameripharmaspecialty.com\/vi\/author\/ameripharm3dev\/"},"rttpg_comment":0,"rttpg_category":false,"rttpg_excerpt":"Patient management and care are at the core of everything we do. Your members will always have access to the medications and information they need so that they can successfully follow their treatment plans.","_links":{"self":[{"href":"https:\/\/ameripharmaspecialty.com\/vi\/wp-json\/wp\/v2\/pages\/24520","targetHints":{"allow":["GET"]}}],"collection":[{"href":"https:\/\/ameripharmaspecialty.com\/vi\/wp-json\/wp\/v2\/pages"}],"about":[{"href":"https:\/\/ameripharmaspecialty.com\/vi\/wp-json\/wp\/v2\/types\/page"}],"author":[{"embeddable":true,"href":"https:\/\/ameripharmaspecialty.com\/vi\/wp-json\/wp\/v2\/users\/1"}],"replies":[{"embeddable":true,"href":"https:\/\/ameripharmaspecialty.com\/vi\/wp-json\/wp\/v2\/comments?post=24520"}],"version-history":[{"count":0,"href":"https:\/\/ameripharmaspecialty.com\/vi\/wp-json\/wp\/v2\/pages\/24520\/revisions"}],"wp:attachment":[{"href":"https:\/\/ameripharmaspecialty.com\/vi\/wp-json\/wp\/v2\/media?parent=24520"}],"wp:term":[{"taxonomy":"category","embeddable":true,"href":"https:\/\/ameripharmaspecialty.com\/vi\/wp-json\/wp\/v2\/categories?post=24520"},{"taxonomy":"post_tag","embeddable":true,"href":"https:\/\/ameripharmaspecialty.com\/vi\/wp-json\/wp\/v2\/tags?post=24520"}],"curies":[{"name":"wp","href":"https:\/\/api.w.org\/{rel}","templated":true}]}}