{"id":24157,"date":"2023-12-19T08:05:56","date_gmt":"2023-12-19T08:05:56","guid":{"rendered":"https:\/\/ameripharmaspecialty.com\/?page_id=24157"},"modified":"2024-07-08T13:06:38","modified_gmt":"2024-07-08T20:06:38","slug":"growth-hormone-deficiency-pediatric","status":"publish","type":"page","link":"https:\/\/ameripharmaspecialty.com\/vi\/conditions-treatments\/growth-hormone-deficiency-pediatric\/","title":{"rendered":"Thi\u1ebfu h\u1ee5t hormone t\u0103ng tr\u01b0\u1edfng \u1edf tr\u1ebb em"},"content":{"rendered":"<div  id=\"two-columns-text-block-5ac8701da65ac43bced750de89a0623c\" style=\"\" class=\"ct_two_cols_text_block\" >\n    <div class=\"container\">\n        <div class=\"block-spacing-4 block-wrap two_cols_text_block\">\n                    <div class=\"two_cols_text_block_content column_1\">\n                <h3 class=\"mkdf-st-title\">Thi\u1ebfu h\u1ee5t hormone t\u0103ng tr\u01b0\u1edfng \u1edf tr\u1ebb em x\u1ea3y ra khi tuy\u1ebfn y\u00ean kh\u00f4ng s\u1ea3n xu\u1ea5t \u0111\u1ee7 hormone t\u0103ng tr\u01b0\u1edfng cho s\u1ef1 ph\u00e1t tri\u1ec3n b\u00ecnh th\u01b0\u1eddng.<\/h3>\n            <\/div>\n                            <div class=\"two_cols_text_block_content column_2\" style=\"background-color:#EDF8FD\">\n                <div class=\"mkdf-section-title-holder mkdf-st-standard mkdf-st-title-left mkdf-st-normal-space\">\n<div class=\"mkdf-st-inner\">\n<h2 class=\"mkdf-st-title\">Tri\u1ec7u ch\u1ee9ng<\/h2>\n<\/div>\n<\/div>\n<div class=\"mkdf-icon-list-holder\">\n<ul>\n<li class=\"mkdf-il-text\">T\u1ed1c \u0111\u1ed9 t\u0103ng tr\u01b0\u1edfng ch\u1eadm ho\u1eb7c b\u1eb1ng ph\u1eb3ng<\/li>\n<li class=\"mkdf-il-text\">T\u0103ng l\u01b0\u1ee3ng m\u1ee1 quanh eo<\/li>\n<li class=\"mkdf-il-text\">Tr\u1ebb c\u00f3 th\u1ec3 tr\u00f4ng tr\u1ebb h\u01a1n v\u00e0 th\u01b0\u1eddng th\u1ea5p h\u01a1n nhi\u1ec1u so v\u1edbi nh\u1eefng tr\u1ebb kh\u00e1c c\u00f9ng \u0111\u1ed9 tu\u1ed5i v\u00e0 gi\u1edbi t\u00ednh<\/li>\n<li class=\"mkdf-il-text\">S\u1ef1 ph\u00e1t tri\u1ec3n r\u0103ng ch\u1eadm l\u1ea1i<\/li>\n<\/ul>\n<\/div>\n            <\/div>\n                            <div class=\"two_cols_text_block_content column_3\">\n                <div class=\"mkdf-section-title-holder mkdf-st-standard mkdf-st-title-left mkdf-st-normal-space\">\n<div class=\"mkdf-st-inner\">\n<h2 class=\"mkdf-st-title\">\u0110i\u1ec1u tr\u1ecb<\/h2>\n<\/div>\n<\/div>\n<div class=\"wpb_text_column wpb_content_element\">\n<div class=\"wpb_wrapper\">\n<p class=\"mkdf-st-text\">Ph\u01b0\u01a1ng ph\u00e1p \u0111i\u1ec1u tr\u1ecb bao g\u1ed3m ti\u00eam hormone t\u0103ng tr\u01b0\u1edfng (ti\u00eam), m\u1ed9t ch\u1ebf ph\u1ea9m nh\u00e2n t\u1ea1o th\u01b0\u1eddng \u0111\u01b0\u1ee3c ti\u00eam m\u1ed9t l\u1ea7n m\u1ed7i ng\u00e0y. Tr\u1ebb l\u1edbn h\u01a1n th\u01b0\u1eddng c\u00f3 th\u1ec3 t\u1ef1 ti\u00eam. Qu\u00e1 tr\u00ecnh \u0111i\u1ec1u tr\u1ecb th\u01b0\u1eddng k\u00e9o d\u00e0i trong v\u00e0i n\u0103m.<\/p>\n<\/div>\n<\/div>\n                                    <a href=\"\/vi\/get-started\/\" target=\"\" class=\"btn\">B\u1eaft \u0111\u1ea7u<\/a>\n                                \n            <\/div>\n                <\/div>\n    <\/div>\n<\/div>","protected":false},"excerpt":{"rendered":"","protected":false},"author":1,"featured_media":0,"parent":44,"menu_order":0,"comment_status":"closed","ping_status":"closed","template":"page-conditions-and-treatments.php","meta":{"_acf_changed":false,"om_disable_all_campaigns":false,"_uag_custom_page_level_css":"","footnotes":""},"categories":[],"tags":[],"class_list":["post-24157","page","type-page","status-publish","hentry"],"acf":[],"yoast_head":"<!-- This site is optimized with the Yoast SEO plugin v27.4 - https:\/\/yoast.com\/product\/yoast-seo-wordpress\/ -->\n<title>Growth Hormone Deficiency Pediatric - AmeriPharma\u00ae Specialty Care<\/title>\n<meta name=\"description\" content=\"Read the symptoms, condition, and treatment for Growth Hormone Deficiency for Pediatric.\" \/>\n<meta name=\"robots\" content=\"index, follow, max-snippet:-1, max-image-preview:large, max-video-preview:-1\" \/>\n<link rel=\"canonical\" href=\"https:\/\/ameripharmaspecialty.com\/vi\/conditions-treatments\/growth-hormone-deficiency-pediatric\/\" \/>\n<meta property=\"og:locale\" content=\"vi_VN\" \/>\n<meta property=\"og:type\" content=\"article\" \/>\n<meta property=\"og:title\" content=\"Growth Hormone Deficiency Pediatric - AmeriPharma\u00ae Specialty Care\" \/>\n<meta property=\"og:description\" content=\"Read the symptoms, condition, and treatment for Growth Hormone Deficiency for Pediatric.\" \/>\n<meta property=\"og:url\" content=\"https:\/\/ameripharmaspecialty.com\/vi\/conditions-treatments\/growth-hormone-deficiency-pediatric\/\" \/>\n<meta property=\"og:site_name\" content=\"AmeriPharma\u00ae Specialty Care\" \/>\n<meta property=\"article:publisher\" content=\"https:\/\/www.facebook.com\/ameripharma\/\" \/>\n<meta property=\"article:modified_time\" content=\"2024-07-08T20:06:38+00:00\" \/>\n<meta property=\"og:image\" content=\"https:\/\/ameripharmaspecialty.com\/wp-content\/uploads\/2024\/07\/specialty-care-logo-large-square.png\" \/>\n\t<meta property=\"og:image:width\" content=\"400\" \/>\n\t<meta property=\"og:image:height\" content=\"400\" \/>\n\t<meta property=\"og:image:type\" content=\"image\/png\" \/>\n<meta name=\"twitter:card\" content=\"summary_large_image\" \/>\n<meta name=\"twitter:label1\" content=\"Est. reading time\" \/>\n\t<meta name=\"twitter:data1\" content=\"1 ph\u00fat\" \/>\n<script type=\"application\/ld+json\" class=\"yoast-schema-graph\">{\"@context\":\"https:\\\/\\\/schema.org\",\"@graph\":[{\"@type\":\"WebPage\",\"@id\":\"https:\\\/\\\/ameripharmaspecialty.com\\\/conditions-treatments\\\/growth-hormone-deficiency-pediatric\\\/\",\"url\":\"https:\\\/\\\/ameripharmaspecialty.com\\\/conditions-treatments\\\/growth-hormone-deficiency-pediatric\\\/\",\"name\":\"Growth Hormone Deficiency Pediatric - AmeriPharma\u00ae Specialty Care\",\"isPartOf\":{\"@id\":\"https:\\\/\\\/ameripharmaspecialty.com\\\/#website\"},\"datePublished\":\"2023-12-19T08:05:56+00:00\",\"dateModified\":\"2024-07-08T20:06:38+00:00\",\"description\":\"Read the symptoms, condition, and treatment for Growth Hormone Deficiency for Pediatric.\",\"breadcrumb\":{\"@id\":\"https:\\\/\\\/ameripharmaspecialty.com\\\/conditions-treatments\\\/growth-hormone-deficiency-pediatric\\\/#breadcrumb\"},\"inLanguage\":\"vi\",\"potentialAction\":[{\"@type\":\"ReadAction\",\"target\":[\"https:\\\/\\\/ameripharmaspecialty.com\\\/conditions-treatments\\\/growth-hormone-deficiency-pediatric\\\/\"]}]},{\"@type\":\"BreadcrumbList\",\"@id\":\"https:\\\/\\\/ameripharmaspecialty.com\\\/conditions-treatments\\\/growth-hormone-deficiency-pediatric\\\/#breadcrumb\",\"itemListElement\":[{\"@type\":\"ListItem\",\"position\":1,\"name\":\"Home\",\"item\":\"https:\\\/\\\/ameripharmaspecialty.com\\\/\"},{\"@type\":\"ListItem\",\"position\":2,\"name\":\"Specialty Conditions and Medicines\",\"item\":\"https:\\\/\\\/ameripharmaspecialty.com\\\/vi\\\/conditions-treatments\\\/\"},{\"@type\":\"ListItem\",\"position\":3,\"name\":\"Growth Hormone Deficiency Pediatric\"}]},{\"@type\":\"WebSite\",\"@id\":\"https:\\\/\\\/ameripharmaspecialty.com\\\/#website\",\"url\":\"https:\\\/\\\/ameripharmaspecialty.com\\\/\",\"name\":\"AmeriPharma\u00ae Specialty Care\",\"description\":\"Specialty Care by AmeriPharma\",\"publisher\":{\"@id\":\"https:\\\/\\\/ameripharmaspecialty.com\\\/#organization\"},\"potentialAction\":[{\"@type\":\"SearchAction\",\"target\":{\"@type\":\"EntryPoint\",\"urlTemplate\":\"https:\\\/\\\/ameripharmaspecialty.com\\\/?s={search_term_string}\"},\"query-input\":{\"@type\":\"PropertyValueSpecification\",\"valueRequired\":true,\"valueName\":\"search_term_string\"}}],\"inLanguage\":\"vi\"},{\"@type\":\"Organization\",\"@id\":\"https:\\\/\\\/ameripharmaspecialty.com\\\/#organization\",\"name\":\"Ameripharma Specialty Care\",\"url\":\"https:\\\/\\\/ameripharmaspecialty.com\\\/\",\"logo\":{\"@type\":\"ImageObject\",\"inLanguage\":\"vi\",\"@id\":\"https:\\\/\\\/ameripharmaspecialty.com\\\/#\\\/schema\\\/logo\\\/image\\\/\",\"url\":\"https:\\\/\\\/ameripharmaspecialty.com\\\/wp-content\\\/uploads\\\/2024\\\/07\\\/specialty-care-logo-large-square.png\",\"contentUrl\":\"https:\\\/\\\/ameripharmaspecialty.com\\\/wp-content\\\/uploads\\\/2024\\\/07\\\/specialty-care-logo-large-square.png\",\"width\":400,\"height\":400,\"caption\":\"Ameripharma Specialty Care\"},\"image\":{\"@id\":\"https:\\\/\\\/ameripharmaspecialty.com\\\/#\\\/schema\\\/logo\\\/image\\\/\"},\"sameAs\":[\"https:\\\/\\\/www.facebook.com\\\/ameripharma\\\/\"]}]}<\/script>\n<!-- \/ Yoast SEO plugin. -->","yoast_head_json":{"title":"Tr\u1ebb em thi\u1ebfu h\u1ee5t hormone t\u0103ng tr\u01b0\u1edfng - Ch\u0103m s\u00f3c \u0111\u1eb7c bi\u1ec7t AmeriPharma\u00ae","description":"\u0110\u1ecdc c\u00e1c tri\u1ec7u ch\u1ee9ng, t\u00ecnh tr\u1ea1ng v\u00e0 ph\u01b0\u01a1ng ph\u00e1p \u0111i\u1ec1u tr\u1ecb b\u1ec7nh thi\u1ebfu h\u1ee5t hormone t\u0103ng tr\u01b0\u1edfng \u1edf tr\u1ebb em.","robots":{"index":"index","follow":"follow","max-snippet":"max-snippet:-1","max-image-preview":"max-image-preview:large","max-video-preview":"max-video-preview:-1"},"canonical":"https:\/\/ameripharmaspecialty.com\/vi\/conditions-treatments\/growth-hormone-deficiency-pediatric\/","og_locale":"vi_VN","og_type":"article","og_title":"Growth Hormone Deficiency Pediatric - AmeriPharma\u00ae Specialty Care","og_description":"Read the symptoms, condition, and treatment for Growth Hormone Deficiency for Pediatric.","og_url":"https:\/\/ameripharmaspecialty.com\/vi\/conditions-treatments\/growth-hormone-deficiency-pediatric\/","og_site_name":"AmeriPharma\u00ae Specialty Care","article_publisher":"https:\/\/www.facebook.com\/ameripharma\/","article_modified_time":"2024-07-08T20:06:38+00:00","og_image":[{"width":400,"height":400,"url":"https:\/\/ameripharmaspecialty.com\/wp-content\/uploads\/2024\/07\/specialty-care-logo-large-square.png","type":"image\/png"}],"twitter_card":"summary_large_image","twitter_misc":{"Est. reading time":"1 ph\u00fat"},"schema":{"@context":"https:\/\/schema.org","@graph":[{"@type":"WebPage","@id":"https:\/\/ameripharmaspecialty.com\/conditions-treatments\/growth-hormone-deficiency-pediatric\/","url":"https:\/\/ameripharmaspecialty.com\/conditions-treatments\/growth-hormone-deficiency-pediatric\/","name":"Tr\u1ebb em thi\u1ebfu h\u1ee5t hormone t\u0103ng tr\u01b0\u1edfng - Ch\u0103m s\u00f3c \u0111\u1eb7c bi\u1ec7t AmeriPharma\u00ae","isPartOf":{"@id":"https:\/\/ameripharmaspecialty.com\/#website"},"datePublished":"2023-12-19T08:05:56+00:00","dateModified":"2024-07-08T20:06:38+00:00","description":"\u0110\u1ecdc c\u00e1c tri\u1ec7u ch\u1ee9ng, t\u00ecnh tr\u1ea1ng v\u00e0 ph\u01b0\u01a1ng ph\u00e1p \u0111i\u1ec1u tr\u1ecb b\u1ec7nh thi\u1ebfu h\u1ee5t hormone t\u0103ng tr\u01b0\u1edfng \u1edf tr\u1ebb em.","breadcrumb":{"@id":"https:\/\/ameripharmaspecialty.com\/conditions-treatments\/growth-hormone-deficiency-pediatric\/#breadcrumb"},"inLanguage":"vi","potentialAction":[{"@type":"ReadAction","target":["https:\/\/ameripharmaspecialty.com\/conditions-treatments\/growth-hormone-deficiency-pediatric\/"]}]},{"@type":"BreadcrumbList","@id":"https:\/\/ameripharmaspecialty.com\/conditions-treatments\/growth-hormone-deficiency-pediatric\/#breadcrumb","itemListElement":[{"@type":"ListItem","position":1,"name":"Home","item":"https:\/\/ameripharmaspecialty.com\/"},{"@type":"ListItem","position":2,"name":"Specialty Conditions and Medicines","item":"https:\/\/ameripharmaspecialty.com\/vi\/conditions-treatments\/"},{"@type":"ListItem","position":3,"name":"Growth Hormone Deficiency Pediatric"}]},{"@type":"WebSite","@id":"https:\/\/ameripharmaspecialty.com\/#website","url":"https:\/\/ameripharmaspecialty.com\/","name":"Ch\u0103m s\u00f3c \u0111\u1eb7c bi\u1ec7t AmeriPharma\u00ae","description":"Ch\u0103m s\u00f3c \u0111\u1eb7c bi\u1ec7t c\u1ee7a AmeriPharma","publisher":{"@id":"https:\/\/ameripharmaspecialty.com\/#organization"},"potentialAction":[{"@type":"SearchAction","target":{"@type":"EntryPoint","urlTemplate":"https:\/\/ameripharmaspecialty.com\/?s={search_term_string}"},"query-input":{"@type":"PropertyValueSpecification","valueRequired":true,"valueName":"search_term_string"}}],"inLanguage":"vi"},{"@type":"Organization","@id":"https:\/\/ameripharmaspecialty.com\/#organization","name":"Ch\u0103m s\u00f3c \u0111\u1eb7c bi\u1ec7t Ameripharma","url":"https:\/\/ameripharmaspecialty.com\/","logo":{"@type":"ImageObject","inLanguage":"vi","@id":"https:\/\/ameripharmaspecialty.com\/#\/schema\/logo\/image\/","url":"https:\/\/ameripharmaspecialty.com\/wp-content\/uploads\/2024\/07\/specialty-care-logo-large-square.png","contentUrl":"https:\/\/ameripharmaspecialty.com\/wp-content\/uploads\/2024\/07\/specialty-care-logo-large-square.png","width":400,"height":400,"caption":"Ameripharma Specialty Care"},"image":{"@id":"https:\/\/ameripharmaspecialty.com\/#\/schema\/logo\/image\/"},"sameAs":["https:\/\/www.facebook.com\/ameripharma\/"]}]}},"uagb_featured_image_src":{"full":false,"thumbnail":false,"medium":false,"medium_large":false,"large":false,"1536x1536":false,"2048x2048":false,"trp-custom-language-flag":false,"block-image-html-large":false,"ct-gallery":false,"ct-section-header":false,"ct-thumb":false,"ct-thumb-large":false,"ct-small":false,"ct-medium":false,"ct-xmedium":false,"ct-large":false},"uagb_author_info":{"display_name":"ameripharm3dev","author_link":"https:\/\/ameripharmaspecialty.com\/vi\/author\/ameripharm3dev\/"},"uagb_comment_info":0,"uagb_excerpt":null,"rttpg_featured_image_url":null,"rttpg_author":{"display_name":"ameripharm3dev","author_link":"https:\/\/ameripharmaspecialty.com\/vi\/author\/ameripharm3dev\/"},"rttpg_comment":0,"rttpg_category":false,"rttpg_excerpt":null,"_links":{"self":[{"href":"https:\/\/ameripharmaspecialty.com\/vi\/wp-json\/wp\/v2\/pages\/24157","targetHints":{"allow":["GET"]}}],"collection":[{"href":"https:\/\/ameripharmaspecialty.com\/vi\/wp-json\/wp\/v2\/pages"}],"about":[{"href":"https:\/\/ameripharmaspecialty.com\/vi\/wp-json\/wp\/v2\/types\/page"}],"author":[{"embeddable":true,"href":"https:\/\/ameripharmaspecialty.com\/vi\/wp-json\/wp\/v2\/users\/1"}],"replies":[{"embeddable":true,"href":"https:\/\/ameripharmaspecialty.com\/vi\/wp-json\/wp\/v2\/comments?post=24157"}],"version-history":[{"count":0,"href":"https:\/\/ameripharmaspecialty.com\/vi\/wp-json\/wp\/v2\/pages\/24157\/revisions"}],"up":[{"embeddable":true,"href":"https:\/\/ameripharmaspecialty.com\/vi\/wp-json\/wp\/v2\/pages\/44"}],"wp:attachment":[{"href":"https:\/\/ameripharmaspecialty.com\/vi\/wp-json\/wp\/v2\/media?parent=24157"}],"wp:term":[{"taxonomy":"category","embeddable":true,"href":"https:\/\/ameripharmaspecialty.com\/vi\/wp-json\/wp\/v2\/categories?post=24157"},{"taxonomy":"post_tag","embeddable":true,"href":"https:\/\/ameripharmaspecialty.com\/vi\/wp-json\/wp\/v2\/tags?post=24157"}],"curies":[{"name":"wp","href":"https:\/\/api.w.org\/{rel}","templated":true}]}}