{"id":24156,"date":"2023-12-19T08:02:42","date_gmt":"2023-12-19T08:02:42","guid":{"rendered":"https:\/\/ameripharmaspecialty.com\/?page_id=24156"},"modified":"2024-07-08T13:06:37","modified_gmt":"2024-07-08T20:06:37","slug":"growth-hormone-deficiency-in-adults","status":"publish","type":"page","link":"https:\/\/ameripharmaspecialty.com\/vi\/conditions-treatments\/growth-hormone-deficiency-in-adults\/","title":{"rendered":"Thi\u1ebfu h\u1ee5t hormone t\u0103ng tr\u01b0\u1edfng \u1edf ng\u01b0\u1eddi l\u1edbn"},"content":{"rendered":"<div  id=\"two-columns-text-block-b228d537f44e598c34351c270be80373\" style=\"\" class=\"ct_two_cols_text_block\" >\n    <div class=\"container\">\n        <div class=\"block-spacing-4 block-wrap two_cols_text_block\">\n                    <div class=\"two_cols_text_block_content column_1\">\n                <h3 class=\"mkdf-st-title\">Thi\u1ebfu h\u1ee5t hormone t\u0103ng tr\u01b0\u1edfng \u1edf ng\u01b0\u1eddi l\u1edbn x\u1ea3y ra khi c\u01a1 th\u1ec3 kh\u00f4ng s\u1ea3n xu\u1ea5t \u0111\u1ee7 hormone t\u0103ng tr\u01b0\u1edfng \u0111\u1ec3 duy tr\u00ec l\u01b0\u1ee3ng m\u1ee1, c\u01a1 v\u00e0 x\u01b0\u01a1ng c\u1ea7n thi\u1ebft cho c\u01a1 th\u1ec3.<\/h3>\n            <\/div>\n                            <div class=\"two_cols_text_block_content column_2\" style=\"background-color:#EDF8FD\">\n                <div class=\"mkdf-section-title-holder mkdf-st-standard mkdf-st-title-left mkdf-st-normal-space\">\n<div class=\"mkdf-st-inner\">\n<h2 class=\"mkdf-st-title\">Tri\u1ec7u ch\u1ee9ng<\/h2>\n<\/div>\n<\/div>\n<div class=\"mkdf-icon-list-holder\">\n<ul>\n<li class=\"mkdf-il-text\">Gi\u1ea3m s\u1ee9c s\u1ed1ng v\u00e0 n\u0103ng l\u01b0\u1ee3ng<\/li>\n<li class=\"mkdf-il-text\">S\u1ee9c kh\u1ecfe t\u1ed5ng qu\u00e1t k\u00e9m<\/li>\n<li class=\"mkdf-il-text\">M\u1ee9c \u0111\u1ed9 m\u1ee1 b\u1ee5ng cao h\u01a1n<\/li>\n<li class=\"mkdf-il-text\">Lo l\u1eafng v\u00e0 tr\u1ea7m c\u1ea3m<\/li>\n<li class=\"mkdf-il-text\">S\u1ee9c m\u1ea1nh gi\u1ea3m<\/li>\n<\/ul>\n<\/div>\n            <\/div>\n                            <div class=\"two_cols_text_block_content column_3\">\n                <div class=\"vc_row wpb_row vc_row-fluid vc_column-gap-35\">\n<div class=\"wpb_column vc_column_container vc_col-sm-8\">\n<div class=\"vc_column-inner\">\n<div class=\"wpb_wrapper\">\n<div class=\"mkdf-section-title-holder mkdf-st-standard mkdf-st-title-left mkdf-st-normal-space\">\n<div class=\"mkdf-st-inner\">\n<h2 class=\"mkdf-st-title\">\u0110i\u1ec1u tr\u1ecb<\/h2>\n<\/div>\n<\/div>\n<div class=\"wpb_text_column wpb_content_element\">\n<div class=\"wpb_wrapper\">\n<p class=\"mkdf-st-text\">Ph\u01b0\u01a1ng ph\u00e1p \u0111i\u1ec1u tr\u1ecb bao g\u1ed3m ti\u00eam hormone t\u0103ng tr\u01b0\u1edfng h\u00e0ng ng\u00e0y (ti\u00eam), b\u1ec7nh nh\u00e2n c\u00f3 th\u1ec3 t\u1ef1 ti\u00eam. Li\u1ec7u ph\u00e1p n\u00e0y \u0111\u00e3 \u0111\u01b0\u1ee3c ch\u1ee9ng minh l\u00e0 l\u00e0m gi\u1ea3m t\u1ed5ng l\u01b0\u1ee3ng m\u1ee1 trong c\u01a1 th\u1ec3, t\u0103ng kh\u1ed1i l\u01b0\u1ee3ng c\u01a1 v\u00e0 c\u1ea3i thi\u1ec7n ch\u1ee9c n\u0103ng tim \u2013 t\u1eeb \u0111\u00f3 c\u00f3 th\u1ec3 c\u1ea3i thi\u1ec7n th\u1ec3 l\u1ef1c.<\/p>\n<\/div>\n<\/div>\n<\/div>\n<\/div>\n<\/div>\n<\/div>\n<div class=\"vc_row wpb_row vc_row-fluid mkdf-content-aligment-center\">\n<div class=\"wpb_column vc_column_container vc_col-sm-12\">\n<div class=\"vc_column-inner\">\n<div class=\"wpb_wrapper\">\n<div class=\"wpb_text_column wpb_content_element\">\n<div class=\"wpb_wrapper\">\n<p class=\"mkdf-st-text\">\u1ede ng\u01b0\u1eddi l\u1edbn, t\u00ecnh tr\u1ea1ng thi\u1ebfu h\u1ee5t hormone t\u0103ng tr\u01b0\u1edfng th\u01b0\u1eddng l\u00e0 k\u1ebft qu\u1ea3 c\u1ee7a t\u1ed5n th\u01b0\u01a1ng v\u0129nh vi\u1ec5n \u1edf tuy\u1ebfn y\u00ean.<\/p>\n<\/div>\n<\/div>\n<\/div>\n<\/div>\n<\/div>\n<\/div>\n                                    <a href=\"\/vi\/get-started\/\" target=\"\" class=\"btn\">B\u1eaft \u0111\u1ea7u<\/a>\n                                \n            <\/div>\n                <\/div>\n    <\/div>\n<\/div>","protected":false},"excerpt":{"rendered":"","protected":false},"author":1,"featured_media":0,"parent":44,"menu_order":0,"comment_status":"closed","ping_status":"closed","template":"page-conditions-and-treatments.php","meta":{"_acf_changed":true,"om_disable_all_campaigns":false,"_uag_custom_page_level_css":"","footnotes":""},"categories":[],"tags":[],"class_list":["post-24156","page","type-page","status-publish","hentry"],"acf":[],"yoast_head":"<!-- This site is optimized with the Yoast SEO plugin v27.3 - https:\/\/yoast.com\/product\/yoast-seo-wordpress\/ -->\n<title>Growth Hormone Deficiency in Adults - AmeriPharma\u00ae Specialty Care<\/title>\n<meta name=\"description\" content=\"Read the symptoms, condition, and treatment for Growth Hormone Deficiency in Adults.\" \/>\n<meta name=\"robots\" content=\"index, follow, max-snippet:-1, max-image-preview:large, max-video-preview:-1\" \/>\n<link rel=\"canonical\" href=\"https:\/\/ameripharmaspecialty.com\/vi\/conditions-treatments\/growth-hormone-deficiency-in-adults\/\" \/>\n<meta property=\"og:locale\" content=\"vi_VN\" \/>\n<meta property=\"og:type\" content=\"article\" \/>\n<meta property=\"og:title\" content=\"Growth Hormone Deficiency in Adults - AmeriPharma\u00ae Specialty Care\" \/>\n<meta property=\"og:description\" content=\"Read the symptoms, condition, and treatment for Growth Hormone Deficiency in Adults.\" \/>\n<meta property=\"og:url\" content=\"https:\/\/ameripharmaspecialty.com\/vi\/conditions-treatments\/growth-hormone-deficiency-in-adults\/\" \/>\n<meta property=\"og:site_name\" content=\"AmeriPharma\u00ae Specialty Care\" \/>\n<meta property=\"article:publisher\" content=\"https:\/\/www.facebook.com\/ameripharma\/\" \/>\n<meta property=\"article:modified_time\" content=\"2024-07-08T20:06:37+00:00\" \/>\n<meta property=\"og:image\" content=\"https:\/\/ameripharmaspecialty.com\/wp-content\/uploads\/2024\/07\/specialty-care-logo-large-square.png\" \/>\n\t<meta property=\"og:image:width\" content=\"400\" \/>\n\t<meta property=\"og:image:height\" content=\"400\" \/>\n\t<meta property=\"og:image:type\" content=\"image\/png\" \/>\n<meta name=\"twitter:card\" content=\"summary_large_image\" \/>\n<meta name=\"twitter:label1\" content=\"Est. reading time\" \/>\n\t<meta name=\"twitter:data1\" content=\"1 ph\u00fat\" \/>\n<script type=\"application\/ld+json\" class=\"yoast-schema-graph\">{\"@context\":\"https:\\\/\\\/schema.org\",\"@graph\":[{\"@type\":\"WebPage\",\"@id\":\"https:\\\/\\\/ameripharmaspecialty.com\\\/es\\\/conditions-treatments\\\/growth-hormone-deficiency-in-adults\\\/\",\"url\":\"https:\\\/\\\/ameripharmaspecialty.com\\\/es\\\/conditions-treatments\\\/growth-hormone-deficiency-in-adults\\\/\",\"name\":\"Growth Hormone Deficiency in Adults - AmeriPharma\u00ae Specialty Care\",\"isPartOf\":{\"@id\":\"https:\\\/\\\/ameripharmaspecialty.com\\\/#website\"},\"datePublished\":\"2023-12-19T08:02:42+00:00\",\"dateModified\":\"2024-07-08T20:06:37+00:00\",\"description\":\"Read the symptoms, condition, and treatment for Growth Hormone Deficiency in Adults.\",\"breadcrumb\":{\"@id\":\"https:\\\/\\\/ameripharmaspecialty.com\\\/es\\\/conditions-treatments\\\/growth-hormone-deficiency-in-adults\\\/#breadcrumb\"},\"inLanguage\":\"vi\",\"potentialAction\":[{\"@type\":\"ReadAction\",\"target\":[\"https:\\\/\\\/ameripharmaspecialty.com\\\/es\\\/conditions-treatments\\\/growth-hormone-deficiency-in-adults\\\/\"]}]},{\"@type\":\"BreadcrumbList\",\"@id\":\"https:\\\/\\\/ameripharmaspecialty.com\\\/es\\\/conditions-treatments\\\/growth-hormone-deficiency-in-adults\\\/#breadcrumb\",\"itemListElement\":[{\"@type\":\"ListItem\",\"position\":1,\"name\":\"Home\",\"item\":\"https:\\\/\\\/ameripharmaspecialty.com\\\/es\\\/\"},{\"@type\":\"ListItem\",\"position\":2,\"name\":\"Specialty Conditions and Medicines\",\"item\":\"https:\\\/\\\/ameripharmaspecialty.com\\\/conditions-treatments\\\/\"},{\"@type\":\"ListItem\",\"position\":3,\"name\":\"Growth Hormone Deficiency in Adults\"}]},{\"@type\":\"WebSite\",\"@id\":\"https:\\\/\\\/ameripharmaspecialty.com\\\/#website\",\"url\":\"https:\\\/\\\/ameripharmaspecialty.com\\\/\",\"name\":\"AmeriPharma\u00ae Specialty Care\",\"description\":\"Specialty Care by AmeriPharma\",\"publisher\":{\"@id\":\"https:\\\/\\\/ameripharmaspecialty.com\\\/#organization\"},\"potentialAction\":[{\"@type\":\"SearchAction\",\"target\":{\"@type\":\"EntryPoint\",\"urlTemplate\":\"https:\\\/\\\/ameripharmaspecialty.com\\\/?s={search_term_string}\"},\"query-input\":{\"@type\":\"PropertyValueSpecification\",\"valueRequired\":true,\"valueName\":\"search_term_string\"}}],\"inLanguage\":\"vi\"},{\"@type\":\"Organization\",\"@id\":\"https:\\\/\\\/ameripharmaspecialty.com\\\/#organization\",\"name\":\"Ameripharma Specialty Care\",\"url\":\"https:\\\/\\\/ameripharmaspecialty.com\\\/\",\"logo\":{\"@type\":\"ImageObject\",\"inLanguage\":\"vi\",\"@id\":\"https:\\\/\\\/ameripharmaspecialty.com\\\/#\\\/schema\\\/logo\\\/image\\\/\",\"url\":\"https:\\\/\\\/ameripharmaspecialty.com\\\/wp-content\\\/uploads\\\/2024\\\/07\\\/specialty-care-logo-large-square.png\",\"contentUrl\":\"https:\\\/\\\/ameripharmaspecialty.com\\\/wp-content\\\/uploads\\\/2024\\\/07\\\/specialty-care-logo-large-square.png\",\"width\":400,\"height\":400,\"caption\":\"Ameripharma Specialty Care\"},\"image\":{\"@id\":\"https:\\\/\\\/ameripharmaspecialty.com\\\/#\\\/schema\\\/logo\\\/image\\\/\"},\"sameAs\":[\"https:\\\/\\\/www.facebook.com\\\/ameripharma\\\/\"]}]}<\/script>\n<!-- \/ Yoast SEO plugin. -->","yoast_head_json":{"title":"Thi\u1ebfu h\u1ee5t hormone t\u0103ng tr\u01b0\u1edfng \u1edf ng\u01b0\u1eddi l\u1edbn - Ch\u0103m s\u00f3c \u0111\u1eb7c bi\u1ec7t AmeriPharma\u00ae","description":"\u0110\u1ecdc c\u00e1c tri\u1ec7u ch\u1ee9ng, t\u00ecnh tr\u1ea1ng v\u00e0 c\u00e1ch \u0111i\u1ec1u tr\u1ecb b\u1ec7nh thi\u1ebfu h\u1ee5t hormone t\u0103ng tr\u01b0\u1edfng \u1edf ng\u01b0\u1eddi l\u1edbn.","robots":{"index":"index","follow":"follow","max-snippet":"max-snippet:-1","max-image-preview":"max-image-preview:large","max-video-preview":"max-video-preview:-1"},"canonical":"https:\/\/ameripharmaspecialty.com\/vi\/conditions-treatments\/growth-hormone-deficiency-in-adults\/","og_locale":"vi_VN","og_type":"article","og_title":"Growth Hormone Deficiency in Adults - AmeriPharma\u00ae Specialty Care","og_description":"Read the symptoms, condition, and treatment for Growth Hormone Deficiency in Adults.","og_url":"https:\/\/ameripharmaspecialty.com\/vi\/conditions-treatments\/growth-hormone-deficiency-in-adults\/","og_site_name":"AmeriPharma\u00ae Specialty Care","article_publisher":"https:\/\/www.facebook.com\/ameripharma\/","article_modified_time":"2024-07-08T20:06:37+00:00","og_image":[{"width":400,"height":400,"url":"https:\/\/ameripharmaspecialty.com\/wp-content\/uploads\/2024\/07\/specialty-care-logo-large-square.png","type":"image\/png"}],"twitter_card":"summary_large_image","twitter_misc":{"Est. reading time":"1 ph\u00fat"},"schema":{"@context":"https:\/\/schema.org","@graph":[{"@type":"WebPage","@id":"https:\/\/ameripharmaspecialty.com\/es\/conditions-treatments\/growth-hormone-deficiency-in-adults\/","url":"https:\/\/ameripharmaspecialty.com\/es\/conditions-treatments\/growth-hormone-deficiency-in-adults\/","name":"Thi\u1ebfu h\u1ee5t hormone t\u0103ng tr\u01b0\u1edfng \u1edf ng\u01b0\u1eddi l\u1edbn - Ch\u0103m s\u00f3c \u0111\u1eb7c bi\u1ec7t AmeriPharma\u00ae","isPartOf":{"@id":"https:\/\/ameripharmaspecialty.com\/#website"},"datePublished":"2023-12-19T08:02:42+00:00","dateModified":"2024-07-08T20:06:37+00:00","description":"\u0110\u1ecdc c\u00e1c tri\u1ec7u ch\u1ee9ng, t\u00ecnh tr\u1ea1ng v\u00e0 c\u00e1ch \u0111i\u1ec1u tr\u1ecb b\u1ec7nh thi\u1ebfu h\u1ee5t hormone t\u0103ng tr\u01b0\u1edfng \u1edf ng\u01b0\u1eddi l\u1edbn.","breadcrumb":{"@id":"https:\/\/ameripharmaspecialty.com\/es\/conditions-treatments\/growth-hormone-deficiency-in-adults\/#breadcrumb"},"inLanguage":"vi","potentialAction":[{"@type":"ReadAction","target":["https:\/\/ameripharmaspecialty.com\/es\/conditions-treatments\/growth-hormone-deficiency-in-adults\/"]}]},{"@type":"BreadcrumbList","@id":"https:\/\/ameripharmaspecialty.com\/es\/conditions-treatments\/growth-hormone-deficiency-in-adults\/#breadcrumb","itemListElement":[{"@type":"ListItem","position":1,"name":"Home","item":"https:\/\/ameripharmaspecialty.com\/es\/"},{"@type":"ListItem","position":2,"name":"Specialty Conditions and Medicines","item":"https:\/\/ameripharmaspecialty.com\/conditions-treatments\/"},{"@type":"ListItem","position":3,"name":"Growth Hormone Deficiency in Adults"}]},{"@type":"WebSite","@id":"https:\/\/ameripharmaspecialty.com\/#website","url":"https:\/\/ameripharmaspecialty.com\/","name":"Ch\u0103m s\u00f3c \u0111\u1eb7c bi\u1ec7t AmeriPharma\u00ae","description":"Ch\u0103m s\u00f3c \u0111\u1eb7c bi\u1ec7t c\u1ee7a AmeriPharma","publisher":{"@id":"https:\/\/ameripharmaspecialty.com\/#organization"},"potentialAction":[{"@type":"SearchAction","target":{"@type":"EntryPoint","urlTemplate":"https:\/\/ameripharmaspecialty.com\/?s={search_term_string}"},"query-input":{"@type":"PropertyValueSpecification","valueRequired":true,"valueName":"search_term_string"}}],"inLanguage":"vi"},{"@type":"Organization","@id":"https:\/\/ameripharmaspecialty.com\/#organization","name":"Ch\u0103m s\u00f3c \u0111\u1eb7c bi\u1ec7t Ameripharma","url":"https:\/\/ameripharmaspecialty.com\/","logo":{"@type":"ImageObject","inLanguage":"vi","@id":"https:\/\/ameripharmaspecialty.com\/#\/schema\/logo\/image\/","url":"https:\/\/ameripharmaspecialty.com\/wp-content\/uploads\/2024\/07\/specialty-care-logo-large-square.png","contentUrl":"https:\/\/ameripharmaspecialty.com\/wp-content\/uploads\/2024\/07\/specialty-care-logo-large-square.png","width":400,"height":400,"caption":"Ameripharma Specialty Care"},"image":{"@id":"https:\/\/ameripharmaspecialty.com\/#\/schema\/logo\/image\/"},"sameAs":["https:\/\/www.facebook.com\/ameripharma\/"]}]}},"uagb_featured_image_src":{"full":false,"thumbnail":false,"medium":false,"medium_large":false,"large":false,"1536x1536":false,"2048x2048":false,"trp-custom-language-flag":false,"block-image-html-large":false,"ct-gallery":false,"ct-section-header":false,"ct-thumb":false,"ct-thumb-large":false,"ct-small":false,"ct-medium":false,"ct-xmedium":false,"ct-large":false},"uagb_author_info":{"display_name":"ameripharm3dev","author_link":"https:\/\/ameripharmaspecialty.com\/vi\/author\/ameripharm3dev\/"},"uagb_comment_info":0,"uagb_excerpt":null,"rttpg_featured_image_url":null,"rttpg_author":{"display_name":"ameripharm3dev","author_link":"https:\/\/ameripharmaspecialty.com\/vi\/author\/ameripharm3dev\/"},"rttpg_comment":0,"rttpg_category":false,"rttpg_excerpt":null,"_links":{"self":[{"href":"https:\/\/ameripharmaspecialty.com\/vi\/wp-json\/wp\/v2\/pages\/24156","targetHints":{"allow":["GET"]}}],"collection":[{"href":"https:\/\/ameripharmaspecialty.com\/vi\/wp-json\/wp\/v2\/pages"}],"about":[{"href":"https:\/\/ameripharmaspecialty.com\/vi\/wp-json\/wp\/v2\/types\/page"}],"author":[{"embeddable":true,"href":"https:\/\/ameripharmaspecialty.com\/vi\/wp-json\/wp\/v2\/users\/1"}],"replies":[{"embeddable":true,"href":"https:\/\/ameripharmaspecialty.com\/vi\/wp-json\/wp\/v2\/comments?post=24156"}],"version-history":[{"count":0,"href":"https:\/\/ameripharmaspecialty.com\/vi\/wp-json\/wp\/v2\/pages\/24156\/revisions"}],"up":[{"embeddable":true,"href":"https:\/\/ameripharmaspecialty.com\/vi\/wp-json\/wp\/v2\/pages\/44"}],"wp:attachment":[{"href":"https:\/\/ameripharmaspecialty.com\/vi\/wp-json\/wp\/v2\/media?parent=24156"}],"wp:term":[{"taxonomy":"category","embeddable":true,"href":"https:\/\/ameripharmaspecialty.com\/vi\/wp-json\/wp\/v2\/categories?post=24156"},{"taxonomy":"post_tag","embeddable":true,"href":"https:\/\/ameripharmaspecialty.com\/vi\/wp-json\/wp\/v2\/tags?post=24156"}],"curies":[{"name":"wp","href":"https:\/\/api.w.org\/{rel}","templated":true}]}}