{"id":24139,"date":"2023-12-18T08:58:08","date_gmt":"2023-12-18T08:58:08","guid":{"rendered":"https:\/\/ameripharmaspecialty.com\/?page_id=24139"},"modified":"2024-07-08T13:06:39","modified_gmt":"2024-07-08T20:06:39","slug":"hiv","status":"publish","type":"page","link":"https:\/\/ameripharmaspecialty.com\/vi\/conditions-treatments\/hiv\/","title":{"rendered":"HIV"},"content":{"rendered":"<p><\/p>\n\n\n<div  id=\"two-columns-text-block-b92d5e642d596644eed6c370c03bba57\" style=\"\" class=\"ct_two_cols_text_block\" >\n    <div class=\"container\">\n        <div class=\"block-spacing-4 block-wrap two_cols_text_block\">\n                    <div class=\"two_cols_text_block_content column_1\">\n                <h3 class=\"mkdf-st-title\">Virus g\u00e2y suy gi\u1ea3m mi\u1ec5n d\u1ecbch \u1edf ng\u01b0\u1eddi (HIV) t\u1ea5n c\u00f4ng h\u1ec7 th\u1ed1ng mi\u1ec5n d\u1ecbch v\u00e0 ng\u0103n c\u1ea3n kh\u1ea3 n\u0103ng ch\u1ed1ng l\u1ea1i nhi\u1ec5m tr\u00f9ng v\u00e0 b\u1ec7nh t\u1eadt c\u1ee7a c\u01a1 th\u1ec3.<\/h3>\n            <\/div>\n                            <div class=\"two_cols_text_block_content column_2\" style=\"background-color:#EDF8FD\">\n                <div class=\"mkdf-section-title-holder mkdf-st-standard mkdf-st-title-left mkdf-st-normal-space\">\n<div class=\"mkdf-st-inner\">\n<h2 class=\"mkdf-st-title\">Tri\u1ec7u ch\u1ee9ng<\/h2>\n<\/div>\n<\/div>\n<div class=\"wpb_text_column wpb_content_element\">\n<div class=\"wpb_wrapper\">\n<p class=\"mkdf-st-text\">C\u00e1c tri\u1ec7u ch\u1ee9ng c\u00f3 th\u1ec3 kh\u00f4ng xu\u1ea5t hi\u1ec7n trong nhi\u1ec1u n\u0103m sau khi nhi\u1ec5m b\u1ec7nh. C\u00e1c tri\u1ec7u ch\u1ee9ng ph\u1ed5 bi\u1ebfn nh\u1ea5t bao g\u1ed3m:<\/p>\n<\/div>\n<\/div>\n<div class=\"mkdf-icon-list-holder\">\n<ul>\n<li class=\"mkdf-il-text\">M\u1ec7t m\u1ecfi<\/li>\n<li class=\"mkdf-il-text\">\u0110au c\u01a1 v\u00e0\/ho\u1eb7c kh\u1edbp<\/li>\n<li class=\"mkdf-il-text\">S\u1ed1t th\u01b0\u1eddng xuy\u00ean<\/li>\n<li class=\"mkdf-il-text\">Gi\u1ea3m c\u00e2n<\/li>\n<li class=\"mkdf-il-text\">Nhi\u1ec5m tr\u00f9ng n\u1ea5m men<\/li>\n<\/ul>\n<\/div>\n            <\/div>\n                            <div class=\"two_cols_text_block_content column_3\">\n                <div class=\"vc_row wpb_row vc_row-fluid vc_column-gap-35\">\n<div class=\"wpb_column vc_column_container vc_col-sm-8\">\n<div class=\"vc_column-inner\">\n<div class=\"wpb_wrapper\">\n<div class=\"mkdf-section-title-holder mkdf-st-standard mkdf-st-title-left mkdf-st-normal-space\">\n<div class=\"mkdf-st-inner\">\n<h2 class=\"mkdf-st-title\">\u0110i\u1ec1u tr\u1ecb<\/h2>\n<\/div>\n<\/div>\n<div class=\"wpb_text_column wpb_content_element\">\n<div class=\"wpb_wrapper\">\n<p class=\"mkdf-st-text\">HIV ch\u01b0a c\u00f3 thu\u1ed1c ch\u1eefa kh\u1ecfi, nh\u01b0ng c\u00e1c ph\u01b0\u01a1ng ph\u00e1p \u0111i\u1ec1u tr\u1ecb hi\u1ec7n \u0111\u1ea1i c\u00f3 th\u1ec3 gi\u00fap ng\u01b0\u1eddi b\u1ec7nh s\u1ed1ng l\u00e2u v\u00e0 kh\u1ecfe m\u1ea1nh. Thu\u1ed1c kh\u00e1ng vi-r\u00fat (ARV) \u0111\u01b0\u1ee3c s\u1eed d\u1ee5ng \u0111\u1ec3 gi\u1ea3m n\u1ed3ng \u0111\u1ed9 HIV trong m\u00e1u v\u00e0 cho ph\u00e9p h\u1ec7 mi\u1ec5n d\u1ecbch t\u1ef1 ph\u1ee5c h\u1ed3i v\u00e0 ng\u0103n ng\u1eeba t\u1ed5n th\u01b0\u01a1ng th\u00eam.<\/p>\n<\/div>\n<\/div>\n<\/div>\n<\/div>\n<\/div>\n<\/div>\n<div class=\"vc_row wpb_row vc_row-fluid mkdf-content-aligment-center\">\n<div class=\"wpb_column vc_column_container vc_col-sm-12\">\n<div class=\"vc_column-inner\">\n<div class=\"wpb_wrapper\">\n<div class=\"wpb_text_column wpb_content_element\">\n<div class=\"wpb_wrapper\">\n<p>HIV l\u00e0 m\u1ed9t b\u1ec7nh c\u1ee7a h\u1ec7 mi\u1ec5n d\u1ecbch. B\u1ec7nh th\u01b0\u1eddng l\u00e2y truy\u1ec1n qua quan h\u1ec7 t\u00ecnh d\u1ee5c kh\u00f4ng an to\u00e0n v\u1edbi b\u1ea1n t\u00ecnh b\u1ecb nhi\u1ec5m b\u1ec7nh, ho\u1eb7c d\u00f9ng chung kim ti\u00eam b\u1ecb nhi\u1ec5m b\u1ec7nh. HIV l\u00e0 t\u00ean vi\u1ebft t\u1eaft c\u1ee7a virus g\u00e2y suy gi\u1ea3m mi\u1ec5n d\u1ecbch \u1edf ng\u01b0\u1eddi. Virus n\u00e0y cu\u1ed1i c\u00f9ng d\u1eabn \u0111\u1ebfn h\u1ed9i ch\u1ee9ng suy gi\u1ea3m mi\u1ec5n d\u1ecbch m\u1eafc ph\u1ea3i, th\u01b0\u1eddng \u0111\u01b0\u1ee3c g\u1ecdi l\u00e0 AIDS. Ng\u01b0\u1eddi nhi\u1ec5m HIV c\u00f3 th\u1ec3 m\u1ea5t nhi\u1ec1u n\u0103m m\u1edbi ph\u00e1t tri\u1ec3n th\u00e0nh AIDS, giai \u0111o\u1ea1n cu\u1ed1i c\u1ee7a b\u1ec7nh.<\/p>\n<\/div>\n<\/div>\n<\/div>\n<\/div>\n<\/div>\n<\/div>\n                                    <a href=\"\/vi\/get-started\/\" target=\"\" class=\"btn\">B\u1eaft \u0111\u1ea7u<\/a>\n                                \n            <\/div>\n                <\/div>\n    <\/div>\n<\/div>","protected":false},"excerpt":{"rendered":"","protected":false},"author":1,"featured_media":0,"parent":44,"menu_order":0,"comment_status":"closed","ping_status":"closed","template":"page-conditions-and-treatments.php","meta":{"_acf_changed":false,"om_disable_all_campaigns":false,"_uag_custom_page_level_css":"","footnotes":""},"categories":[],"tags":[],"class_list":["post-24139","page","type-page","status-publish","hentry"],"acf":[],"yoast_head":"<!-- This site is optimized with the Yoast SEO plugin v27.5 - https:\/\/yoast.com\/product\/yoast-seo-wordpress\/ -->\n<title>Human Immunodeficiency Virus(HIV)<\/title>\n<meta name=\"description\" content=\"Read the symptoms, condition, and treatment for the human immunodeficiency virus (HIV).\" \/>\n<meta name=\"robots\" content=\"index, follow, max-snippet:-1, max-image-preview:large, max-video-preview:-1\" \/>\n<link rel=\"canonical\" href=\"https:\/\/ameripharmaspecialty.com\/vi\/conditions-treatments\/hiv\/\" \/>\n<meta property=\"og:locale\" content=\"vi_VN\" \/>\n<meta property=\"og:type\" content=\"article\" \/>\n<meta property=\"og:title\" content=\"Human Immunodeficiency Virus(HIV)\" \/>\n<meta property=\"og:description\" content=\"Read the symptoms, condition, and treatment for the human immunodeficiency virus (HIV).\" \/>\n<meta property=\"og:url\" content=\"https:\/\/ameripharmaspecialty.com\/vi\/conditions-treatments\/hiv\/\" \/>\n<meta property=\"og:site_name\" content=\"AmeriPharma\u00ae Specialty Care\" \/>\n<meta property=\"article:publisher\" content=\"https:\/\/www.facebook.com\/ameripharma\/\" \/>\n<meta property=\"article:modified_time\" content=\"2024-07-08T20:06:39+00:00\" \/>\n<meta property=\"og:image\" content=\"https:\/\/ameripharmaspecialty.com\/wp-content\/uploads\/2024\/07\/specialty-care-logo-large-square.png\" \/>\n\t<meta property=\"og:image:width\" content=\"400\" \/>\n\t<meta property=\"og:image:height\" content=\"400\" \/>\n\t<meta property=\"og:image:type\" content=\"image\/png\" \/>\n<meta name=\"twitter:card\" content=\"summary_large_image\" \/>\n<meta name=\"twitter:label1\" content=\"Est. reading time\" \/>\n\t<meta name=\"twitter:data1\" content=\"1 ph\u00fat\" \/>\n<script type=\"application\/ld+json\" class=\"yoast-schema-graph\">{\"@context\":\"https:\\\/\\\/schema.org\",\"@graph\":[{\"@type\":\"WebPage\",\"@id\":\"https:\\\/\\\/ameripharmaspecialty.com\\\/es\\\/conditions-treatments\\\/hiv\\\/\",\"url\":\"https:\\\/\\\/ameripharmaspecialty.com\\\/es\\\/conditions-treatments\\\/hiv\\\/\",\"name\":\"Human Immunodeficiency Virus(HIV)\",\"isPartOf\":{\"@id\":\"https:\\\/\\\/ameripharmaspecialty.com\\\/es\\\/#website\"},\"datePublished\":\"2023-12-18T08:58:08+00:00\",\"dateModified\":\"2024-07-08T20:06:39+00:00\",\"description\":\"Read the symptoms, condition, and treatment for the human immunodeficiency virus (HIV).\",\"breadcrumb\":{\"@id\":\"https:\\\/\\\/ameripharmaspecialty.com\\\/es\\\/conditions-treatments\\\/hiv\\\/#breadcrumb\"},\"inLanguage\":\"vi\",\"potentialAction\":[{\"@type\":\"ReadAction\",\"target\":[\"https:\\\/\\\/ameripharmaspecialty.com\\\/es\\\/conditions-treatments\\\/hiv\\\/\"]}]},{\"@type\":\"BreadcrumbList\",\"@id\":\"https:\\\/\\\/ameripharmaspecialty.com\\\/es\\\/conditions-treatments\\\/hiv\\\/#breadcrumb\",\"itemListElement\":[{\"@type\":\"ListItem\",\"position\":1,\"name\":\"Home\",\"item\":\"https:\\\/\\\/ameripharmaspecialty.com\\\/zh\\\/\"},{\"@type\":\"ListItem\",\"position\":2,\"name\":\"Specialty Conditions and Medicines\",\"item\":\"https:\\\/\\\/ameripharmaspecialty.com\\\/es\\\/conditions-treatments\\\/\"},{\"@type\":\"ListItem\",\"position\":3,\"name\":\"HIV\"}]},{\"@type\":\"WebSite\",\"@id\":\"https:\\\/\\\/ameripharmaspecialty.com\\\/es\\\/#website\",\"url\":\"https:\\\/\\\/ameripharmaspecialty.com\\\/es\\\/\",\"name\":\"AmeriPharma\u00ae Specialty Care\",\"description\":\"Specialty Care by AmeriPharma\",\"publisher\":{\"@id\":\"https:\\\/\\\/ameripharmaspecialty.com\\\/es\\\/#organization\"},\"potentialAction\":[{\"@type\":\"SearchAction\",\"target\":{\"@type\":\"EntryPoint\",\"urlTemplate\":\"https:\\\/\\\/ameripharmaspecialty.com\\\/es\\\/?s={search_term_string}\"},\"query-input\":{\"@type\":\"PropertyValueSpecification\",\"valueRequired\":true,\"valueName\":\"search_term_string\"}}],\"inLanguage\":\"vi\"},{\"@type\":\"Organization\",\"@id\":\"https:\\\/\\\/ameripharmaspecialty.com\\\/es\\\/#organization\",\"name\":\"Ameripharma Specialty Care\",\"url\":\"https:\\\/\\\/ameripharmaspecialty.com\\\/es\\\/\",\"logo\":{\"@type\":\"ImageObject\",\"inLanguage\":\"vi\",\"@id\":\"https:\\\/\\\/ameripharmaspecialty.com\\\/es\\\/#\\\/schema\\\/logo\\\/image\\\/\",\"url\":\"https:\\\/\\\/ameripharmaspecialty.com\\\/wp-content\\\/uploads\\\/2024\\\/07\\\/specialty-care-logo-large-square.png\",\"contentUrl\":\"https:\\\/\\\/ameripharmaspecialty.com\\\/wp-content\\\/uploads\\\/2024\\\/07\\\/specialty-care-logo-large-square.png\",\"width\":400,\"height\":400,\"caption\":\"Ameripharma Specialty Care\"},\"image\":{\"@id\":\"https:\\\/\\\/ameripharmaspecialty.com\\\/es\\\/#\\\/schema\\\/logo\\\/image\\\/\"},\"sameAs\":[\"https:\\\/\\\/www.facebook.com\\\/ameripharma\\\/\"]}]}<\/script>\n<!-- \/ Yoast SEO plugin. -->","yoast_head_json":{"title":"Virus g\u00e2y suy gi\u1ea3m mi\u1ec5n d\u1ecbch \u1edf ng\u01b0\u1eddi (HIV)","description":"\u0110\u1ecdc c\u00e1c tri\u1ec7u ch\u1ee9ng, t\u00ecnh tr\u1ea1ng v\u00e0 ph\u01b0\u01a1ng ph\u00e1p \u0111i\u1ec1u tr\u1ecb b\u1ec7nh virus g\u00e2y suy gi\u1ea3m mi\u1ec5n d\u1ecbch \u1edf ng\u01b0\u1eddi (HIV).","robots":{"index":"index","follow":"follow","max-snippet":"max-snippet:-1","max-image-preview":"max-image-preview:large","max-video-preview":"max-video-preview:-1"},"canonical":"https:\/\/ameripharmaspecialty.com\/vi\/conditions-treatments\/hiv\/","og_locale":"vi_VN","og_type":"article","og_title":"Human Immunodeficiency Virus(HIV)","og_description":"Read the symptoms, condition, and treatment for the human immunodeficiency virus (HIV).","og_url":"https:\/\/ameripharmaspecialty.com\/vi\/conditions-treatments\/hiv\/","og_site_name":"AmeriPharma\u00ae Specialty Care","article_publisher":"https:\/\/www.facebook.com\/ameripharma\/","article_modified_time":"2024-07-08T20:06:39+00:00","og_image":[{"width":400,"height":400,"url":"https:\/\/ameripharmaspecialty.com\/wp-content\/uploads\/2024\/07\/specialty-care-logo-large-square.png","type":"image\/png"}],"twitter_card":"summary_large_image","twitter_misc":{"Est. reading time":"1 ph\u00fat"},"schema":{"@context":"https:\/\/schema.org","@graph":[{"@type":"WebPage","@id":"https:\/\/ameripharmaspecialty.com\/es\/conditions-treatments\/hiv\/","url":"https:\/\/ameripharmaspecialty.com\/es\/conditions-treatments\/hiv\/","name":"Virus g\u00e2y suy gi\u1ea3m mi\u1ec5n d\u1ecbch \u1edf ng\u01b0\u1eddi (HIV)","isPartOf":{"@id":"https:\/\/ameripharmaspecialty.com\/es\/#website"},"datePublished":"2023-12-18T08:58:08+00:00","dateModified":"2024-07-08T20:06:39+00:00","description":"\u0110\u1ecdc c\u00e1c tri\u1ec7u ch\u1ee9ng, t\u00ecnh tr\u1ea1ng v\u00e0 ph\u01b0\u01a1ng ph\u00e1p \u0111i\u1ec1u tr\u1ecb b\u1ec7nh virus g\u00e2y suy gi\u1ea3m mi\u1ec5n d\u1ecbch \u1edf ng\u01b0\u1eddi (HIV).","breadcrumb":{"@id":"https:\/\/ameripharmaspecialty.com\/es\/conditions-treatments\/hiv\/#breadcrumb"},"inLanguage":"vi","potentialAction":[{"@type":"ReadAction","target":["https:\/\/ameripharmaspecialty.com\/es\/conditions-treatments\/hiv\/"]}]},{"@type":"BreadcrumbList","@id":"https:\/\/ameripharmaspecialty.com\/es\/conditions-treatments\/hiv\/#breadcrumb","itemListElement":[{"@type":"ListItem","position":1,"name":"Home","item":"https:\/\/ameripharmaspecialty.com\/zh\/"},{"@type":"ListItem","position":2,"name":"Specialty Conditions and Medicines","item":"https:\/\/ameripharmaspecialty.com\/es\/conditions-treatments\/"},{"@type":"ListItem","position":3,"name":"HIV"}]},{"@type":"WebSite","@id":"https:\/\/ameripharmaspecialty.com\/es\/#website","url":"https:\/\/ameripharmaspecialty.com\/es\/","name":"Ch\u0103m s\u00f3c \u0111\u1eb7c bi\u1ec7t AmeriPharma\u00ae","description":"Ch\u0103m s\u00f3c \u0111\u1eb7c bi\u1ec7t c\u1ee7a AmeriPharma","publisher":{"@id":"https:\/\/ameripharmaspecialty.com\/es\/#organization"},"potentialAction":[{"@type":"SearchAction","target":{"@type":"EntryPoint","urlTemplate":"https:\/\/ameripharmaspecialty.com\/es\/?s={search_term_string}"},"query-input":{"@type":"PropertyValueSpecification","valueRequired":true,"valueName":"search_term_string"}}],"inLanguage":"vi"},{"@type":"Organization","@id":"https:\/\/ameripharmaspecialty.com\/es\/#organization","name":"Ch\u0103m s\u00f3c \u0111\u1eb7c bi\u1ec7t Ameripharma","url":"https:\/\/ameripharmaspecialty.com\/es\/","logo":{"@type":"ImageObject","inLanguage":"vi","@id":"https:\/\/ameripharmaspecialty.com\/es\/#\/schema\/logo\/image\/","url":"https:\/\/ameripharmaspecialty.com\/wp-content\/uploads\/2024\/07\/specialty-care-logo-large-square.png","contentUrl":"https:\/\/ameripharmaspecialty.com\/wp-content\/uploads\/2024\/07\/specialty-care-logo-large-square.png","width":400,"height":400,"caption":"Ameripharma Specialty Care"},"image":{"@id":"https:\/\/ameripharmaspecialty.com\/es\/#\/schema\/logo\/image\/"},"sameAs":["https:\/\/www.facebook.com\/ameripharma\/"]}]}},"uagb_featured_image_src":{"full":false,"thumbnail":false,"medium":false,"medium_large":false,"large":false,"1536x1536":false,"2048x2048":false,"trp-custom-language-flag":false,"block-image-html-large":false,"ct-gallery":false,"ct-section-header":false,"ct-thumb":false,"ct-thumb-large":false,"ct-small":false,"ct-medium":false,"ct-xmedium":false,"ct-large":false},"uagb_author_info":{"display_name":"ameripharm3dev","author_link":"https:\/\/ameripharmaspecialty.com\/vi\/author\/ameripharm3dev\/"},"uagb_comment_info":0,"uagb_excerpt":null,"rttpg_featured_image_url":null,"rttpg_author":{"display_name":"ameripharm3dev","author_link":"https:\/\/ameripharmaspecialty.com\/vi\/author\/ameripharm3dev\/"},"rttpg_comment":0,"rttpg_category":false,"rttpg_excerpt":null,"_links":{"self":[{"href":"https:\/\/ameripharmaspecialty.com\/vi\/wp-json\/wp\/v2\/pages\/24139","targetHints":{"allow":["GET"]}}],"collection":[{"href":"https:\/\/ameripharmaspecialty.com\/vi\/wp-json\/wp\/v2\/pages"}],"about":[{"href":"https:\/\/ameripharmaspecialty.com\/vi\/wp-json\/wp\/v2\/types\/page"}],"author":[{"embeddable":true,"href":"https:\/\/ameripharmaspecialty.com\/vi\/wp-json\/wp\/v2\/users\/1"}],"replies":[{"embeddable":true,"href":"https:\/\/ameripharmaspecialty.com\/vi\/wp-json\/wp\/v2\/comments?post=24139"}],"version-history":[{"count":0,"href":"https:\/\/ameripharmaspecialty.com\/vi\/wp-json\/wp\/v2\/pages\/24139\/revisions"}],"up":[{"embeddable":true,"href":"https:\/\/ameripharmaspecialty.com\/vi\/wp-json\/wp\/v2\/pages\/44"}],"wp:attachment":[{"href":"https:\/\/ameripharmaspecialty.com\/vi\/wp-json\/wp\/v2\/media?parent=24139"}],"wp:term":[{"taxonomy":"category","embeddable":true,"href":"https:\/\/ameripharmaspecialty.com\/vi\/wp-json\/wp\/v2\/categories?post=24139"},{"taxonomy":"post_tag","embeddable":true,"href":"https:\/\/ameripharmaspecialty.com\/vi\/wp-json\/wp\/v2\/tags?post=24139"}],"curies":[{"name":"wp","href":"https:\/\/api.w.org\/{rel}","templated":true}]}}