{"id":24137,"date":"2023-12-18T08:50:02","date_gmt":"2023-12-18T08:50:02","guid":{"rendered":"https:\/\/ameripharmaspecialty.com\/?page_id=24137"},"modified":"2024-07-08T13:06:38","modified_gmt":"2024-07-08T20:06:38","slug":"respiratory-syncytial-virus-rsv","status":"publish","type":"page","link":"https:\/\/ameripharmaspecialty.com\/vi\/conditions-treatments\/respiratory-syncytial-virus-rsv\/","title":{"rendered":"Virus h\u1ee3p b\u00e0o h\u00f4 h\u1ea5p (RSV)"},"content":{"rendered":"<div  id=\"two-columns-text-block-fd21f6a1c2db6db9c1916cb65c8d9ab1\" style=\"\" class=\"ct_two_cols_text_block\" >\n    <div class=\"container\">\n        <div class=\"block-spacing-4 block-wrap two_cols_text_block\">\n                    <div class=\"two_cols_text_block_content column_1\">\n                <h3 class=\"mkdf-st-title\">RSV l\u00e0 m\u1ed9t lo\u1ea1i virus \u0111\u01b0\u1eddng h\u00f4 h\u1ea5p g\u00e2y nhi\u1ec5m tr\u00f9ng ph\u1ed5i v\u00e0 \u0111\u01b0\u1eddng h\u00f4 h\u1ea5p.<\/h3>\n            <\/div>\n                            <div class=\"two_cols_text_block_content column_2\" style=\"background-color:#EDF8FD\">\n                <div class=\"mkdf-section-title-holder mkdf-st-standard mkdf-st-title-left mkdf-st-normal-space\">\n<div class=\"mkdf-st-inner\">\n<h2 class=\"mkdf-st-title\">Tri\u1ec7u ch\u1ee9ng<\/h2>\n<\/div>\n<\/div>\n<div class=\"wpb_text_column wpb_content_element\">\n<div class=\"wpb_wrapper\">\n<p class=\"mkdf-st-text\">\u1ede ng\u01b0\u1eddi l\u1edbn v\u00e0 tr\u1ebb l\u1edbn, c\u00e1c tri\u1ec7u ch\u1ee9ng t\u01b0\u01a1ng t\u1ef1 nh\u01b0 c\u1ea3m l\u1ea1nh th\u00f4ng th\u01b0\u1eddng. \u1ede tr\u1ebb s\u01a1 sinh v\u00e0 tr\u1ebb nh\u1ecf, c\u00e1c tri\u1ec7u ch\u1ee9ng sau c\u00f3 th\u1ec3 x\u1ea3y ra:<\/p>\n<\/div>\n<\/div>\n<div class=\"mkdf-icon-list-holder\">\n<ul>\n<li class=\"mkdf-il-text\">Ho khan dai d\u1eb3ng<\/li>\n<li class=\"mkdf-il-text\">Th\u1edf kh\u00f2 kh\u00e8<\/li>\n<li class=\"mkdf-il-text\">Kh\u00f3 th\u1edf<\/li>\n<li class=\"mkdf-il-text\">S\u1ef1 c\u00e1u k\u1ec9nh<\/li>\n<\/ul>\n<\/div>\n            <\/div>\n                            <div class=\"two_cols_text_block_content column_3\">\n                <div class=\"vc_row wpb_row vc_row-fluid vc_column-gap-35\">\n<div class=\"wpb_column vc_column_container vc_col-sm-8\">\n<div class=\"vc_column-inner\">\n<div class=\"wpb_wrapper\">\n<div class=\"mkdf-section-title-holder mkdf-st-standard mkdf-st-title-left mkdf-st-normal-space\">\n<div class=\"mkdf-st-inner\">\n<h2 class=\"mkdf-st-title\">\u0110i\u1ec1u tr\u1ecb<\/h2>\n<\/div>\n<\/div>\n<div class=\"wpb_text_column wpb_content_element\">\n<div class=\"wpb_wrapper\">\n<p class=\"mkdf-st-text\">RSV r\u1ea5t ph\u1ed5 bi\u1ebfn v\u00e0 d\u1ec5 l\u00e2y lan, nh\u01b0ng nh\u1eefng m\u1eb9o n\u00e0y s\u1ebd gi\u00fap ng\u0103n ng\u1eeba nguy c\u01a1 ph\u00e1t tri\u1ec3n v\u00e0 l\u00e2y lan b\u1ec7nh nhi\u1ec5m tr\u00f9ng.<\/p>\n<\/div>\n<\/div>\n<div class=\"mkdf-icon-list-holder\">\n<ul>\n<li class=\"mkdf-il-text\">Che m\u0169i ho\u1eb7c mi\u1ec7ng c\u1ee7a tr\u1ebb khi tr\u1ebb h\u1eaft h\u01a1i ho\u1eb7c ho<\/li>\n<li class=\"mkdf-il-text\">R\u1eeda tay th\u01b0\u1eddng xuy\u00ean b\u1eb1ng x\u00e0 ph\u00f2ng v\u00e0 n\u01b0\u1edbc cho b\u1ea1n v\u00e0 con b\u1ea1n<\/li>\n<li class=\"mkdf-il-text\">V\u1ee9t b\u1ecf kh\u0103n gi\u1ea5y d\u00f9ng m\u1ed9t l\u1ea7n sau khi s\u1eed d\u1ee5ng<\/li>\n<li class=\"mkdf-il-text\">Tr\u00e1nh d\u00f9ng chung \u0111\u1ed3 d\u00f9ng \u0103n u\u1ed1ng<\/li>\n<li class=\"mkdf-il-text\">Kh\u00f4ng \u0111\u01b0\u1ee3c h\u00f4n<\/li>\n<\/ul>\n<\/div>\n<\/div>\n<\/div>\n<\/div>\n<\/div>\n<div class=\"vc_row wpb_row vc_row-fluid mkdf-content-aligment-center\">\n<div class=\"wpb_column vc_column_container vc_col-sm-12\">\n<div class=\"vc_column-inner\">\n<div class=\"wpb_wrapper\">\n<div class=\"wpb_text_column wpb_content_element\">\n<div class=\"wpb_wrapper\">\n<p>RSV r\u1ea5t ph\u1ed5 bi\u1ebfn \u1edf tr\u1ebb em, h\u1ea7u h\u1ebft b\u1ecb nhi\u1ec5m tr\u01b0\u1edbc hai tu\u1ed5i. RSV c\u00f3 th\u1ec3 g\u00e2y nhi\u1ec5m tr\u00f9ng \u0111\u01b0\u1eddng h\u00f4 h\u1ea5p tr\u00ean (nh\u01b0 c\u1ea3m l\u1ea1nh) c\u0169ng nh\u01b0 nhi\u1ec5m tr\u00f9ng \u0111\u01b0\u1eddng h\u00f4 h\u1ea5p d\u01b0\u1edbi (nh\u01b0 vi\u00eam ti\u1ec3u ph\u1ebf qu\u1ea3n v\u00e0 vi\u00eam ph\u1ed5i).<\/p>\n<\/div>\n<\/div>\n<\/div>\n<\/div>\n<\/div>\n<\/div>\n                                    <a href=\"\/vi\/get-started\/\" target=\"\" class=\"btn\">B\u1eaft \u0111\u1ea7u<\/a>\n                                \n            <\/div>\n                <\/div>\n    <\/div>\n<\/div>","protected":false},"excerpt":{"rendered":"","protected":false},"author":1,"featured_media":0,"parent":44,"menu_order":0,"comment_status":"closed","ping_status":"closed","template":"page-conditions-and-treatments.php","meta":{"_acf_changed":true,"om_disable_all_campaigns":false,"_uag_custom_page_level_css":"","footnotes":""},"categories":[],"tags":[],"class_list":["post-24137","page","type-page","status-publish","hentry"],"acf":[],"yoast_head":"<!-- This site is optimized with the Yoast SEO plugin v27.5 - https:\/\/yoast.com\/product\/yoast-seo-wordpress\/ -->\n<title>Respiratory Syncytial Virus (RSV) - AmeriPharma\u00ae Specialty Care<\/title>\n<meta name=\"description\" content=\"Read the symptoms, condition, and treatment for Respiratory Syncytial Virus (RSV).\" \/>\n<meta name=\"robots\" content=\"index, follow, max-snippet:-1, max-image-preview:large, max-video-preview:-1\" \/>\n<link rel=\"canonical\" href=\"https:\/\/ameripharmaspecialty.com\/vi\/conditions-treatments\/respiratory-syncytial-virus-rsv\/\" \/>\n<meta property=\"og:locale\" content=\"vi_VN\" \/>\n<meta property=\"og:type\" content=\"article\" \/>\n<meta property=\"og:title\" content=\"Respiratory Syncytial Virus (RSV) - AmeriPharma\u00ae Specialty Care\" \/>\n<meta property=\"og:description\" content=\"Read the symptoms, condition, and treatment for Respiratory Syncytial Virus (RSV).\" \/>\n<meta property=\"og:url\" content=\"https:\/\/ameripharmaspecialty.com\/vi\/conditions-treatments\/respiratory-syncytial-virus-rsv\/\" \/>\n<meta property=\"og:site_name\" content=\"AmeriPharma\u00ae Specialty Care\" \/>\n<meta property=\"article:publisher\" content=\"https:\/\/www.facebook.com\/ameripharma\/\" \/>\n<meta property=\"article:modified_time\" content=\"2024-07-08T20:06:38+00:00\" \/>\n<meta property=\"og:image\" content=\"https:\/\/ameripharmaspecialty.com\/wp-content\/uploads\/2024\/07\/specialty-care-logo-large-square.png\" \/>\n\t<meta property=\"og:image:width\" content=\"400\" \/>\n\t<meta property=\"og:image:height\" content=\"400\" \/>\n\t<meta property=\"og:image:type\" content=\"image\/png\" \/>\n<meta name=\"twitter:card\" content=\"summary_large_image\" \/>\n<meta name=\"twitter:label1\" content=\"Est. reading time\" \/>\n\t<meta name=\"twitter:data1\" content=\"1 ph\u00fat\" \/>\n<script type=\"application\/ld+json\" class=\"yoast-schema-graph\">{\"@context\":\"https:\\\/\\\/schema.org\",\"@graph\":[{\"@type\":\"WebPage\",\"@id\":\"https:\\\/\\\/ameripharmaspecialty.com\\\/zh\\\/conditions-treatments\\\/respiratory-syncytial-virus-rsv\\\/\",\"url\":\"https:\\\/\\\/ameripharmaspecialty.com\\\/zh\\\/conditions-treatments\\\/respiratory-syncytial-virus-rsv\\\/\",\"name\":\"Respiratory Syncytial Virus (RSV) - AmeriPharma\u00ae Specialty Care\",\"isPartOf\":{\"@id\":\"https:\\\/\\\/ameripharmaspecialty.com\\\/#website\"},\"datePublished\":\"2023-12-18T08:50:02+00:00\",\"dateModified\":\"2024-07-08T20:06:38+00:00\",\"description\":\"Read the symptoms, condition, and treatment for Respiratory Syncytial Virus (RSV).\",\"breadcrumb\":{\"@id\":\"https:\\\/\\\/ameripharmaspecialty.com\\\/zh\\\/conditions-treatments\\\/respiratory-syncytial-virus-rsv\\\/#breadcrumb\"},\"inLanguage\":\"vi\",\"potentialAction\":[{\"@type\":\"ReadAction\",\"target\":[\"https:\\\/\\\/ameripharmaspecialty.com\\\/zh\\\/conditions-treatments\\\/respiratory-syncytial-virus-rsv\\\/\"]}]},{\"@type\":\"BreadcrumbList\",\"@id\":\"https:\\\/\\\/ameripharmaspecialty.com\\\/zh\\\/conditions-treatments\\\/respiratory-syncytial-virus-rsv\\\/#breadcrumb\",\"itemListElement\":[{\"@type\":\"ListItem\",\"position\":1,\"name\":\"Home\",\"item\":\"https:\\\/\\\/ameripharmaspecialty.com\\\/es\\\/\"},{\"@type\":\"ListItem\",\"position\":2,\"name\":\"Specialty Conditions and Medicines\",\"item\":\"https:\\\/\\\/ameripharmaspecialty.com\\\/conditions-treatments\\\/\"},{\"@type\":\"ListItem\",\"position\":3,\"name\":\"Respiratory Syncytial Virus (RSV)\"}]},{\"@type\":\"WebSite\",\"@id\":\"https:\\\/\\\/ameripharmaspecialty.com\\\/#website\",\"url\":\"https:\\\/\\\/ameripharmaspecialty.com\\\/\",\"name\":\"AmeriPharma\u00ae Specialty Care\",\"description\":\"Specialty Care by AmeriPharma\",\"publisher\":{\"@id\":\"https:\\\/\\\/ameripharmaspecialty.com\\\/#organization\"},\"potentialAction\":[{\"@type\":\"SearchAction\",\"target\":{\"@type\":\"EntryPoint\",\"urlTemplate\":\"https:\\\/\\\/ameripharmaspecialty.com\\\/?s={search_term_string}\"},\"query-input\":{\"@type\":\"PropertyValueSpecification\",\"valueRequired\":true,\"valueName\":\"search_term_string\"}}],\"inLanguage\":\"vi\"},{\"@type\":\"Organization\",\"@id\":\"https:\\\/\\\/ameripharmaspecialty.com\\\/#organization\",\"name\":\"Ameripharma Specialty Care\",\"url\":\"https:\\\/\\\/ameripharmaspecialty.com\\\/\",\"logo\":{\"@type\":\"ImageObject\",\"inLanguage\":\"vi\",\"@id\":\"https:\\\/\\\/ameripharmaspecialty.com\\\/#\\\/schema\\\/logo\\\/image\\\/\",\"url\":\"https:\\\/\\\/ameripharmaspecialty.com\\\/wp-content\\\/uploads\\\/2024\\\/07\\\/specialty-care-logo-large-square.png\",\"contentUrl\":\"https:\\\/\\\/ameripharmaspecialty.com\\\/wp-content\\\/uploads\\\/2024\\\/07\\\/specialty-care-logo-large-square.png\",\"width\":400,\"height\":400,\"caption\":\"Ameripharma Specialty Care\"},\"image\":{\"@id\":\"https:\\\/\\\/ameripharmaspecialty.com\\\/#\\\/schema\\\/logo\\\/image\\\/\"},\"sameAs\":[\"https:\\\/\\\/www.facebook.com\\\/ameripharma\\\/\"]}]}<\/script>\n<!-- \/ Yoast SEO plugin. -->","yoast_head_json":{"title":"Virus h\u1ee3p b\u00e0o h\u00f4 h\u1ea5p (RSV) - Ch\u0103m s\u00f3c \u0111\u1eb7c bi\u1ec7t AmeriPharma\u00ae","description":"\u0110\u1ecdc c\u00e1c tri\u1ec7u ch\u1ee9ng, t\u00ecnh tr\u1ea1ng v\u00e0 c\u00e1ch \u0111i\u1ec1u tr\u1ecb b\u1ec7nh Virus h\u1ee3p b\u00e0o h\u00f4 h\u1ea5p (RSV).","robots":{"index":"index","follow":"follow","max-snippet":"max-snippet:-1","max-image-preview":"max-image-preview:large","max-video-preview":"max-video-preview:-1"},"canonical":"https:\/\/ameripharmaspecialty.com\/vi\/conditions-treatments\/respiratory-syncytial-virus-rsv\/","og_locale":"vi_VN","og_type":"article","og_title":"Respiratory Syncytial Virus (RSV) - AmeriPharma\u00ae Specialty Care","og_description":"Read the symptoms, condition, and treatment for Respiratory Syncytial Virus (RSV).","og_url":"https:\/\/ameripharmaspecialty.com\/vi\/conditions-treatments\/respiratory-syncytial-virus-rsv\/","og_site_name":"AmeriPharma\u00ae Specialty Care","article_publisher":"https:\/\/www.facebook.com\/ameripharma\/","article_modified_time":"2024-07-08T20:06:38+00:00","og_image":[{"width":400,"height":400,"url":"https:\/\/ameripharmaspecialty.com\/wp-content\/uploads\/2024\/07\/specialty-care-logo-large-square.png","type":"image\/png"}],"twitter_card":"summary_large_image","twitter_misc":{"Est. reading time":"1 ph\u00fat"},"schema":{"@context":"https:\/\/schema.org","@graph":[{"@type":"WebPage","@id":"https:\/\/ameripharmaspecialty.com\/zh\/conditions-treatments\/respiratory-syncytial-virus-rsv\/","url":"https:\/\/ameripharmaspecialty.com\/zh\/conditions-treatments\/respiratory-syncytial-virus-rsv\/","name":"Virus h\u1ee3p b\u00e0o h\u00f4 h\u1ea5p (RSV) - Ch\u0103m s\u00f3c \u0111\u1eb7c bi\u1ec7t AmeriPharma\u00ae","isPartOf":{"@id":"https:\/\/ameripharmaspecialty.com\/#website"},"datePublished":"2023-12-18T08:50:02+00:00","dateModified":"2024-07-08T20:06:38+00:00","description":"\u0110\u1ecdc c\u00e1c tri\u1ec7u ch\u1ee9ng, t\u00ecnh tr\u1ea1ng v\u00e0 c\u00e1ch \u0111i\u1ec1u tr\u1ecb b\u1ec7nh Virus h\u1ee3p b\u00e0o h\u00f4 h\u1ea5p (RSV).","breadcrumb":{"@id":"https:\/\/ameripharmaspecialty.com\/zh\/conditions-treatments\/respiratory-syncytial-virus-rsv\/#breadcrumb"},"inLanguage":"vi","potentialAction":[{"@type":"ReadAction","target":["https:\/\/ameripharmaspecialty.com\/zh\/conditions-treatments\/respiratory-syncytial-virus-rsv\/"]}]},{"@type":"BreadcrumbList","@id":"https:\/\/ameripharmaspecialty.com\/zh\/conditions-treatments\/respiratory-syncytial-virus-rsv\/#breadcrumb","itemListElement":[{"@type":"ListItem","position":1,"name":"Home","item":"https:\/\/ameripharmaspecialty.com\/es\/"},{"@type":"ListItem","position":2,"name":"Specialty Conditions and Medicines","item":"https:\/\/ameripharmaspecialty.com\/conditions-treatments\/"},{"@type":"ListItem","position":3,"name":"Respiratory Syncytial Virus (RSV)"}]},{"@type":"WebSite","@id":"https:\/\/ameripharmaspecialty.com\/#website","url":"https:\/\/ameripharmaspecialty.com\/","name":"Ch\u0103m s\u00f3c \u0111\u1eb7c bi\u1ec7t AmeriPharma\u00ae","description":"Ch\u0103m s\u00f3c \u0111\u1eb7c bi\u1ec7t c\u1ee7a AmeriPharma","publisher":{"@id":"https:\/\/ameripharmaspecialty.com\/#organization"},"potentialAction":[{"@type":"SearchAction","target":{"@type":"EntryPoint","urlTemplate":"https:\/\/ameripharmaspecialty.com\/?s={search_term_string}"},"query-input":{"@type":"PropertyValueSpecification","valueRequired":true,"valueName":"search_term_string"}}],"inLanguage":"vi"},{"@type":"Organization","@id":"https:\/\/ameripharmaspecialty.com\/#organization","name":"Ch\u0103m s\u00f3c \u0111\u1eb7c bi\u1ec7t Ameripharma","url":"https:\/\/ameripharmaspecialty.com\/","logo":{"@type":"ImageObject","inLanguage":"vi","@id":"https:\/\/ameripharmaspecialty.com\/#\/schema\/logo\/image\/","url":"https:\/\/ameripharmaspecialty.com\/wp-content\/uploads\/2024\/07\/specialty-care-logo-large-square.png","contentUrl":"https:\/\/ameripharmaspecialty.com\/wp-content\/uploads\/2024\/07\/specialty-care-logo-large-square.png","width":400,"height":400,"caption":"Ameripharma Specialty Care"},"image":{"@id":"https:\/\/ameripharmaspecialty.com\/#\/schema\/logo\/image\/"},"sameAs":["https:\/\/www.facebook.com\/ameripharma\/"]}]}},"uagb_featured_image_src":{"full":false,"thumbnail":false,"medium":false,"medium_large":false,"large":false,"1536x1536":false,"2048x2048":false,"trp-custom-language-flag":false,"block-image-html-large":false,"ct-gallery":false,"ct-section-header":false,"ct-thumb":false,"ct-thumb-large":false,"ct-small":false,"ct-medium":false,"ct-xmedium":false,"ct-large":false},"uagb_author_info":{"display_name":"ameripharm3dev","author_link":"https:\/\/ameripharmaspecialty.com\/vi\/author\/ameripharm3dev\/"},"uagb_comment_info":0,"uagb_excerpt":null,"rttpg_featured_image_url":null,"rttpg_author":{"display_name":"ameripharm3dev","author_link":"https:\/\/ameripharmaspecialty.com\/vi\/author\/ameripharm3dev\/"},"rttpg_comment":0,"rttpg_category":false,"rttpg_excerpt":null,"_links":{"self":[{"href":"https:\/\/ameripharmaspecialty.com\/vi\/wp-json\/wp\/v2\/pages\/24137","targetHints":{"allow":["GET"]}}],"collection":[{"href":"https:\/\/ameripharmaspecialty.com\/vi\/wp-json\/wp\/v2\/pages"}],"about":[{"href":"https:\/\/ameripharmaspecialty.com\/vi\/wp-json\/wp\/v2\/types\/page"}],"author":[{"embeddable":true,"href":"https:\/\/ameripharmaspecialty.com\/vi\/wp-json\/wp\/v2\/users\/1"}],"replies":[{"embeddable":true,"href":"https:\/\/ameripharmaspecialty.com\/vi\/wp-json\/wp\/v2\/comments?post=24137"}],"version-history":[{"count":0,"href":"https:\/\/ameripharmaspecialty.com\/vi\/wp-json\/wp\/v2\/pages\/24137\/revisions"}],"up":[{"embeddable":true,"href":"https:\/\/ameripharmaspecialty.com\/vi\/wp-json\/wp\/v2\/pages\/44"}],"wp:attachment":[{"href":"https:\/\/ameripharmaspecialty.com\/vi\/wp-json\/wp\/v2\/media?parent=24137"}],"wp:term":[{"taxonomy":"category","embeddable":true,"href":"https:\/\/ameripharmaspecialty.com\/vi\/wp-json\/wp\/v2\/categories?post=24137"},{"taxonomy":"post_tag","embeddable":true,"href":"https:\/\/ameripharmaspecialty.com\/vi\/wp-json\/wp\/v2\/tags?post=24137"}],"curies":[{"name":"wp","href":"https:\/\/api.w.org\/{rel}","templated":true}]}}