{"id":24134,"date":"2023-12-18T08:37:39","date_gmt":"2023-12-18T08:37:39","guid":{"rendered":"https:\/\/ameripharmaspecialty.com\/?page_id=24134"},"modified":"2024-07-08T13:06:38","modified_gmt":"2024-07-08T20:06:38","slug":"osteoporosis","status":"publish","type":"page","link":"https:\/\/ameripharmaspecialty.com\/vi\/conditions-treatments\/osteoporosis\/","title":{"rendered":"Lo\u00e3ng x\u01b0\u01a1ng"},"content":{"rendered":"<div  id=\"two-columns-text-block-7975a4801a3ebf5c639ed0aa77df2e06\" style=\"\" class=\"ct_two_cols_text_block\" >\n    <div class=\"container\">\n        <div class=\"block-spacing-4 block-wrap two_cols_text_block\">\n                    <div class=\"two_cols_text_block_content column_1\">\n                <h3 class=\"mkdf-st-title\">Lo\u00e3ng x\u01b0\u01a1ng l\u00e0 t\u00ecnh tr\u1ea1ng \u1ea3nh h\u01b0\u1edfng \u0111\u1ebfn x\u01b0\u01a1ng, khi\u1ebfn x\u01b0\u01a1ng tr\u1edf n\u00ean y\u1ebfu v\u00e0 gi\u00f2n.<\/h3>\n            <\/div>\n                            <div class=\"two_cols_text_block_content column_2\" style=\"background-color:#EDF8FD\">\n                <div class=\"mkdf-section-title-holder mkdf-st-standard mkdf-st-title-left mkdf-st-normal-space\">\n<div class=\"mkdf-st-inner\">\n<h2 class=\"mkdf-st-title\">Tri\u1ec7u ch\u1ee9ng<\/h2>\n<\/div>\n<\/div>\n<div class=\"wpb_text_column wpb_content_element\">\n<div class=\"wpb_wrapper\">\n<p class=\"mkdf-st-text\">Th\u00f4ng th\u01b0\u1eddng kh\u00f4ng c\u00f3 d\u1ea5u hi\u1ec7u n\u00e0o \u1edf giai \u0111o\u1ea1n \u0111\u1ea7u, nh\u01b0ng khi x\u01b0\u01a1ng y\u1ebfu \u0111i do lo\u00e3ng x\u01b0\u01a1ng, c\u00e1c tri\u1ec7u ch\u1ee9ng c\u00f3 th\u1ec3 bao g\u1ed3m:<\/p>\n<\/div>\n<\/div>\n<div class=\"mkdf-icon-list-holder\">\n<ul>\n<li class=\"mkdf-il-text\">\u0110au l\u01b0ng ho\u1eb7c \u0111au c\u1ed5<\/li>\n<li class=\"mkdf-il-text\">Gi\u1ea3m chi\u1ec1u cao theo th\u1eddi gian<\/li>\n<li class=\"mkdf-il-text\">T\u01b0 th\u1ebf khom l\u01b0ng<\/li>\n<li class=\"mkdf-il-text\">M\u1ed9t d\u1ea1ng g\u00e3y x\u01b0\u01a1ng x\u1ea3y ra d\u1ec5 d\u00e0ng h\u01a1n nhi\u1ec1u so v\u1edbi d\u1ef1 ki\u1ebfn, \u1edf nh\u1eefng n\u01a1i nh\u01b0 c\u1ed9t s\u1ed1ng, c\u1ed5 tay ho\u1eb7c h\u00f4ng.<\/li>\n<\/ul>\n<\/div>\n            <\/div>\n                            <div class=\"two_cols_text_block_content column_3\">\n                <div class=\"vc_row wpb_row vc_row-fluid vc_column-gap-35\">\n<div class=\"wpb_column vc_column_container vc_col-sm-8\">\n<div class=\"vc_column-inner\">\n<div class=\"wpb_wrapper\">\n<div class=\"mkdf-section-title-holder mkdf-st-standard mkdf-st-title-left mkdf-st-normal-space\">\n<div class=\"mkdf-st-inner\">\n<h2 class=\"mkdf-st-title\">\u0110i\u1ec1u tr\u1ecb<\/h2>\n<\/div>\n<\/div>\n<div class=\"wpb_text_column wpb_content_element\">\n<div class=\"wpb_wrapper\">\n<p class=\"mkdf-st-text\">V\u00ec kh\u00f4ng c\u00f3 c\u00e1ch ch\u1eefa kh\u1ecfi b\u1ec7nh lo\u00e3ng x\u01b0\u01a1ng, m\u1ee5c ti\u00eau c\u1ee7a \u0111i\u1ec1u tr\u1ecb l\u00e0 ki\u1ec3m so\u00e1t c\u01a1n \u0111au v\u00e0 t\u0103ng c\u01b0\u1eddng s\u1ee9c m\u1ea1nh x\u01b0\u01a1ng. C\u00f3 nhi\u1ec1u lo\u1ea1i thu\u1ed1c kh\u00e1c nhau; h\u1ea7u h\u1ebft \u0111\u1ec1u ho\u1ea1t \u0111\u1ed9ng b\u1eb1ng c\u00e1ch l\u00e0m gi\u1ea3m ho\u1ea1t \u0111\u1ed9ng c\u1ee7a c\u00e1c t\u1ebf b\u00e0o ph\u00e1 h\u1ee7y x\u01b0\u01a1ng, \u0111\u1ed3ng th\u1eddi cho ph\u00e9p c\u00e1c t\u1ebf b\u00e0o h\u00ecnh th\u00e0nh x\u01b0\u01a1ng m\u1edbi v\u1eabn ho\u1ea1t \u0111\u1ed9ng. Ph\u01b0\u01a1ng ph\u00e1p n\u00e0y gi\u00fap t\u0103ng c\u01b0\u1eddng s\u1ee9c m\u1ea1nh x\u01b0\u01a1ng theo th\u1eddi gian v\u00e0 gi\u00fap gi\u1ea3m t\u00ecnh tr\u1ea1ng m\u1ea5t x\u01b0\u01a1ng th\u00eam.<\/p>\n<\/div>\n<\/div>\n<\/div>\n<\/div>\n<\/div>\n<\/div>\n<div class=\"vc_row wpb_row vc_row-fluid\">\n<div class=\"wpb_column vc_column_container vc_col-sm-12\">\n<div class=\"vc_column-inner\">\n<div class=\"wpb_wrapper\">\n<div class=\"wpb_text_column wpb_content_element\">\n<div class=\"wpb_wrapper\">\n<p>T\u00ecnh tr\u1ea1ng n\u00e0y l\u00e0 t\u00ecnh tr\u1ea1ng m\u1ea5t m\u1eadt \u0111\u1ed9 x\u01b0\u01a1ng, d\u1eabn \u0111\u1ebfn x\u01b0\u01a1ng gi\u00f2n, x\u1ed1p. K\u1ebft qu\u1ea3 l\u00e0 x\u01b0\u01a1ng c\u00f3 th\u1ec3 d\u1ec5 g\u00e3y, ngay c\u1ea3 khi ch\u1ec9 b\u1ecb ng\u00e3 nh\u1eb9. Lo\u00e3ng x\u01b0\u01a1ng ph\u1ed5 bi\u1ebfn nh\u1ea5t \u1edf ph\u1ee5 n\u1eef l\u1edbn tu\u1ed5i do t\u00ecnh tr\u1ea1ng m\u1ea5t x\u01b0\u01a1ng nhanh sau m\u00e3n kinh.<\/p>\n<\/div>\n<\/div>\n<\/div>\n<\/div>\n<\/div>\n<\/div>\n                                    <a href=\"\/vi\/get-started\/\" target=\"\" class=\"btn\">B\u1eaft \u0111\u1ea7u<\/a>\n                                \n            <\/div>\n                <\/div>\n    <\/div>\n<\/div>","protected":false},"excerpt":{"rendered":"","protected":false},"author":1,"featured_media":0,"parent":44,"menu_order":0,"comment_status":"closed","ping_status":"closed","template":"page-conditions-and-treatments.php","meta":{"_acf_changed":false,"om_disable_all_campaigns":false,"_uag_custom_page_level_css":"","footnotes":""},"categories":[],"tags":[],"class_list":["post-24134","page","type-page","status-publish","hentry"],"acf":[],"yoast_head":"<!-- This site is optimized with the Yoast SEO plugin v27.4 - https:\/\/yoast.com\/product\/yoast-seo-wordpress\/ -->\n<title>Osteoporosis - AmeriPharma\u00ae Specialty Care<\/title>\n<meta name=\"description\" content=\"Read the symptoms, condition, and treatment for osteoporosis. We dispense osteoporosis medications for patients and providers.\" \/>\n<meta name=\"robots\" content=\"index, follow, max-snippet:-1, max-image-preview:large, max-video-preview:-1\" \/>\n<link rel=\"canonical\" href=\"https:\/\/ameripharmaspecialty.com\/vi\/conditions-treatments\/osteoporosis\/\" \/>\n<meta property=\"og:locale\" content=\"vi_VN\" \/>\n<meta property=\"og:type\" content=\"article\" \/>\n<meta property=\"og:title\" content=\"Osteoporosis - AmeriPharma\u00ae Specialty Care\" \/>\n<meta property=\"og:description\" content=\"Read the symptoms, condition, and treatment for osteoporosis. We dispense osteoporosis medications for patients and providers.\" \/>\n<meta property=\"og:url\" content=\"https:\/\/ameripharmaspecialty.com\/vi\/conditions-treatments\/osteoporosis\/\" \/>\n<meta property=\"og:site_name\" content=\"AmeriPharma\u00ae Specialty Care\" \/>\n<meta property=\"article:publisher\" content=\"https:\/\/www.facebook.com\/ameripharma\/\" \/>\n<meta property=\"article:modified_time\" content=\"2024-07-08T20:06:38+00:00\" \/>\n<meta property=\"og:image\" content=\"https:\/\/ameripharmaspecialty.com\/wp-content\/uploads\/2024\/07\/specialty-care-logo-large-square.png\" \/>\n\t<meta property=\"og:image:width\" content=\"400\" \/>\n\t<meta property=\"og:image:height\" content=\"400\" \/>\n\t<meta property=\"og:image:type\" content=\"image\/png\" \/>\n<meta name=\"twitter:card\" content=\"summary_large_image\" \/>\n<meta name=\"twitter:label1\" content=\"Est. reading time\" \/>\n\t<meta name=\"twitter:data1\" content=\"2 ph\u00fat\" \/>\n<script type=\"application\/ld+json\" class=\"yoast-schema-graph\">{\"@context\":\"https:\\\/\\\/schema.org\",\"@graph\":[{\"@type\":\"WebPage\",\"@id\":\"https:\\\/\\\/ameripharmaspecialty.com\\\/zh\\\/conditions-treatments\\\/osteoporosis\\\/\",\"url\":\"https:\\\/\\\/ameripharmaspecialty.com\\\/zh\\\/conditions-treatments\\\/osteoporosis\\\/\",\"name\":\"Osteoporosis - AmeriPharma\u00ae Specialty Care\",\"isPartOf\":{\"@id\":\"https:\\\/\\\/ameripharmaspecialty.com\\\/vi\\\/#website\"},\"datePublished\":\"2023-12-18T08:37:39+00:00\",\"dateModified\":\"2024-07-08T20:06:38+00:00\",\"description\":\"Read the symptoms, condition, and treatment for osteoporosis. We dispense osteoporosis medications for patients and providers.\",\"breadcrumb\":{\"@id\":\"https:\\\/\\\/ameripharmaspecialty.com\\\/zh\\\/conditions-treatments\\\/osteoporosis\\\/#breadcrumb\"},\"inLanguage\":\"vi\",\"potentialAction\":[{\"@type\":\"ReadAction\",\"target\":[\"https:\\\/\\\/ameripharmaspecialty.com\\\/zh\\\/conditions-treatments\\\/osteoporosis\\\/\"]}]},{\"@type\":\"BreadcrumbList\",\"@id\":\"https:\\\/\\\/ameripharmaspecialty.com\\\/zh\\\/conditions-treatments\\\/osteoporosis\\\/#breadcrumb\",\"itemListElement\":[{\"@type\":\"ListItem\",\"position\":1,\"name\":\"Home\",\"item\":\"https:\\\/\\\/ameripharmaspecialty.com\\\/vi\\\/\"},{\"@type\":\"ListItem\",\"position\":2,\"name\":\"Specialty Conditions and Medicines\",\"item\":\"https:\\\/\\\/ameripharmaspecialty.com\\\/conditions-treatments\\\/\"},{\"@type\":\"ListItem\",\"position\":3,\"name\":\"Osteoporosis\"}]},{\"@type\":\"WebSite\",\"@id\":\"https:\\\/\\\/ameripharmaspecialty.com\\\/vi\\\/#website\",\"url\":\"https:\\\/\\\/ameripharmaspecialty.com\\\/vi\\\/\",\"name\":\"AmeriPharma\u00ae Specialty Care\",\"description\":\"Specialty Care by AmeriPharma\",\"publisher\":{\"@id\":\"https:\\\/\\\/ameripharmaspecialty.com\\\/vi\\\/#organization\"},\"potentialAction\":[{\"@type\":\"SearchAction\",\"target\":{\"@type\":\"EntryPoint\",\"urlTemplate\":\"https:\\\/\\\/ameripharmaspecialty.com\\\/vi\\\/?s={search_term_string}\"},\"query-input\":{\"@type\":\"PropertyValueSpecification\",\"valueRequired\":true,\"valueName\":\"search_term_string\"}}],\"inLanguage\":\"vi\"},{\"@type\":\"Organization\",\"@id\":\"https:\\\/\\\/ameripharmaspecialty.com\\\/vi\\\/#organization\",\"name\":\"Ameripharma Specialty Care\",\"url\":\"https:\\\/\\\/ameripharmaspecialty.com\\\/vi\\\/\",\"logo\":{\"@type\":\"ImageObject\",\"inLanguage\":\"vi\",\"@id\":\"https:\\\/\\\/ameripharmaspecialty.com\\\/vi\\\/#\\\/schema\\\/logo\\\/image\\\/\",\"url\":\"https:\\\/\\\/ameripharmaspecialty.com\\\/wp-content\\\/uploads\\\/2024\\\/07\\\/specialty-care-logo-large-square.png\",\"contentUrl\":\"https:\\\/\\\/ameripharmaspecialty.com\\\/wp-content\\\/uploads\\\/2024\\\/07\\\/specialty-care-logo-large-square.png\",\"width\":400,\"height\":400,\"caption\":\"Ameripharma Specialty Care\"},\"image\":{\"@id\":\"https:\\\/\\\/ameripharmaspecialty.com\\\/vi\\\/#\\\/schema\\\/logo\\\/image\\\/\"},\"sameAs\":[\"https:\\\/\\\/www.facebook.com\\\/ameripharma\\\/\"]}]}<\/script>\n<!-- \/ Yoast SEO plugin. -->","yoast_head_json":{"title":"Lo\u00e3ng x\u01b0\u01a1ng - Ch\u0103m s\u00f3c \u0111\u1eb7c bi\u1ec7t AmeriPharma\u00ae","description":"\u0110\u1ecdc c\u00e1c tri\u1ec7u ch\u1ee9ng, t\u00ecnh tr\u1ea1ng v\u00e0 ph\u01b0\u01a1ng ph\u00e1p \u0111i\u1ec1u tr\u1ecb lo\u00e3ng x\u01b0\u01a1ng. Ch\u00fang t\u00f4i cung c\u1ea5p thu\u1ed1c \u0111i\u1ec1u tr\u1ecb lo\u00e3ng x\u01b0\u01a1ng cho b\u1ec7nh nh\u00e2n v\u00e0 nh\u00e0 cung c\u1ea5p.","robots":{"index":"index","follow":"follow","max-snippet":"max-snippet:-1","max-image-preview":"max-image-preview:large","max-video-preview":"max-video-preview:-1"},"canonical":"https:\/\/ameripharmaspecialty.com\/vi\/conditions-treatments\/osteoporosis\/","og_locale":"vi_VN","og_type":"article","og_title":"Osteoporosis - AmeriPharma\u00ae Specialty Care","og_description":"Read the symptoms, condition, and treatment for osteoporosis. We dispense osteoporosis medications for patients and providers.","og_url":"https:\/\/ameripharmaspecialty.com\/vi\/conditions-treatments\/osteoporosis\/","og_site_name":"AmeriPharma\u00ae Specialty Care","article_publisher":"https:\/\/www.facebook.com\/ameripharma\/","article_modified_time":"2024-07-08T20:06:38+00:00","og_image":[{"width":400,"height":400,"url":"https:\/\/ameripharmaspecialty.com\/wp-content\/uploads\/2024\/07\/specialty-care-logo-large-square.png","type":"image\/png"}],"twitter_card":"summary_large_image","twitter_misc":{"Est. reading time":"2 ph\u00fat"},"schema":{"@context":"https:\/\/schema.org","@graph":[{"@type":"WebPage","@id":"https:\/\/ameripharmaspecialty.com\/zh\/conditions-treatments\/osteoporosis\/","url":"https:\/\/ameripharmaspecialty.com\/zh\/conditions-treatments\/osteoporosis\/","name":"Lo\u00e3ng x\u01b0\u01a1ng - Ch\u0103m s\u00f3c \u0111\u1eb7c bi\u1ec7t AmeriPharma\u00ae","isPartOf":{"@id":"https:\/\/ameripharmaspecialty.com\/vi\/#website"},"datePublished":"2023-12-18T08:37:39+00:00","dateModified":"2024-07-08T20:06:38+00:00","description":"\u0110\u1ecdc c\u00e1c tri\u1ec7u ch\u1ee9ng, t\u00ecnh tr\u1ea1ng v\u00e0 ph\u01b0\u01a1ng ph\u00e1p \u0111i\u1ec1u tr\u1ecb lo\u00e3ng x\u01b0\u01a1ng. Ch\u00fang t\u00f4i cung c\u1ea5p thu\u1ed1c \u0111i\u1ec1u tr\u1ecb lo\u00e3ng x\u01b0\u01a1ng cho b\u1ec7nh nh\u00e2n v\u00e0 nh\u00e0 cung c\u1ea5p.","breadcrumb":{"@id":"https:\/\/ameripharmaspecialty.com\/zh\/conditions-treatments\/osteoporosis\/#breadcrumb"},"inLanguage":"vi","potentialAction":[{"@type":"ReadAction","target":["https:\/\/ameripharmaspecialty.com\/zh\/conditions-treatments\/osteoporosis\/"]}]},{"@type":"BreadcrumbList","@id":"https:\/\/ameripharmaspecialty.com\/zh\/conditions-treatments\/osteoporosis\/#breadcrumb","itemListElement":[{"@type":"ListItem","position":1,"name":"Home","item":"https:\/\/ameripharmaspecialty.com\/vi\/"},{"@type":"ListItem","position":2,"name":"Specialty Conditions and Medicines","item":"https:\/\/ameripharmaspecialty.com\/conditions-treatments\/"},{"@type":"ListItem","position":3,"name":"Osteoporosis"}]},{"@type":"WebSite","@id":"https:\/\/ameripharmaspecialty.com\/vi\/#website","url":"https:\/\/ameripharmaspecialty.com\/vi\/","name":"Ch\u0103m s\u00f3c \u0111\u1eb7c bi\u1ec7t AmeriPharma\u00ae","description":"Ch\u0103m s\u00f3c \u0111\u1eb7c bi\u1ec7t c\u1ee7a AmeriPharma","publisher":{"@id":"https:\/\/ameripharmaspecialty.com\/vi\/#organization"},"potentialAction":[{"@type":"SearchAction","target":{"@type":"EntryPoint","urlTemplate":"https:\/\/ameripharmaspecialty.com\/vi\/?s={search_term_string}"},"query-input":{"@type":"PropertyValueSpecification","valueRequired":true,"valueName":"search_term_string"}}],"inLanguage":"vi"},{"@type":"Organization","@id":"https:\/\/ameripharmaspecialty.com\/vi\/#organization","name":"Ch\u0103m s\u00f3c \u0111\u1eb7c bi\u1ec7t Ameripharma","url":"https:\/\/ameripharmaspecialty.com\/vi\/","logo":{"@type":"ImageObject","inLanguage":"vi","@id":"https:\/\/ameripharmaspecialty.com\/vi\/#\/schema\/logo\/image\/","url":"https:\/\/ameripharmaspecialty.com\/wp-content\/uploads\/2024\/07\/specialty-care-logo-large-square.png","contentUrl":"https:\/\/ameripharmaspecialty.com\/wp-content\/uploads\/2024\/07\/specialty-care-logo-large-square.png","width":400,"height":400,"caption":"Ameripharma Specialty Care"},"image":{"@id":"https:\/\/ameripharmaspecialty.com\/vi\/#\/schema\/logo\/image\/"},"sameAs":["https:\/\/www.facebook.com\/ameripharma\/"]}]}},"uagb_featured_image_src":{"full":false,"thumbnail":false,"medium":false,"medium_large":false,"large":false,"1536x1536":false,"2048x2048":false,"trp-custom-language-flag":false,"block-image-html-large":false,"ct-gallery":false,"ct-section-header":false,"ct-thumb":false,"ct-thumb-large":false,"ct-small":false,"ct-medium":false,"ct-xmedium":false,"ct-large":false},"uagb_author_info":{"display_name":"ameripharm3dev","author_link":"https:\/\/ameripharmaspecialty.com\/vi\/author\/ameripharm3dev\/"},"uagb_comment_info":0,"uagb_excerpt":null,"rttpg_featured_image_url":null,"rttpg_author":{"display_name":"ameripharm3dev","author_link":"https:\/\/ameripharmaspecialty.com\/vi\/author\/ameripharm3dev\/"},"rttpg_comment":0,"rttpg_category":false,"rttpg_excerpt":null,"_links":{"self":[{"href":"https:\/\/ameripharmaspecialty.com\/vi\/wp-json\/wp\/v2\/pages\/24134","targetHints":{"allow":["GET"]}}],"collection":[{"href":"https:\/\/ameripharmaspecialty.com\/vi\/wp-json\/wp\/v2\/pages"}],"about":[{"href":"https:\/\/ameripharmaspecialty.com\/vi\/wp-json\/wp\/v2\/types\/page"}],"author":[{"embeddable":true,"href":"https:\/\/ameripharmaspecialty.com\/vi\/wp-json\/wp\/v2\/users\/1"}],"replies":[{"embeddable":true,"href":"https:\/\/ameripharmaspecialty.com\/vi\/wp-json\/wp\/v2\/comments?post=24134"}],"version-history":[{"count":0,"href":"https:\/\/ameripharmaspecialty.com\/vi\/wp-json\/wp\/v2\/pages\/24134\/revisions"}],"up":[{"embeddable":true,"href":"https:\/\/ameripharmaspecialty.com\/vi\/wp-json\/wp\/v2\/pages\/44"}],"wp:attachment":[{"href":"https:\/\/ameripharmaspecialty.com\/vi\/wp-json\/wp\/v2\/media?parent=24134"}],"wp:term":[{"taxonomy":"category","embeddable":true,"href":"https:\/\/ameripharmaspecialty.com\/vi\/wp-json\/wp\/v2\/categories?post=24134"},{"taxonomy":"post_tag","embeddable":true,"href":"https:\/\/ameripharmaspecialty.com\/vi\/wp-json\/wp\/v2\/tags?post=24134"}],"curies":[{"name":"wp","href":"https:\/\/api.w.org\/{rel}","templated":true}]}}