{"id":24118,"date":"2023-12-15T21:58:16","date_gmt":"2023-12-15T21:58:16","guid":{"rendered":"https:\/\/ameripharmaspecialty.com\/?page_id=24118"},"modified":"2024-07-08T13:06:38","modified_gmt":"2024-07-08T20:06:38","slug":"gaucher-disease","status":"publish","type":"page","link":"https:\/\/ameripharmaspecialty.com\/vi\/conditions-treatments\/gaucher-disease\/","title":{"rendered":"B\u1ec7nh Gaucher"},"content":{"rendered":"<div  id=\"two-columns-text-block-53861b32c59969ca03d666355e6b351f\" style=\"\" class=\"ct_two_cols_text_block\" >\n    <div class=\"container\">\n        <div class=\"block-spacing-4 block-wrap two_cols_text_block\">\n                    <div class=\"two_cols_text_block_content column_1\">\n                <h3 class=\"mkdf-st-title\">B\u1ec7nh Gaucher l\u00e0 m\u1ed9t r\u1ed1i lo\u1ea1n di truy\u1ec1n v\u00e0 l\u00e0 k\u1ebft qu\u1ea3 c\u1ee7a s\u1ef1 t\u00edch t\u1ee5 m\u1ed9t s\u1ed1 ch\u1ea5t b\u00e9o trong c\u00e1c c\u01a1 quan nh\u01b0 l\u00e1 l\u00e1ch, gan v\u00e0 t\u1ee7y x\u01b0\u01a1ng.<\/h3>\n            <\/div>\n                            <div class=\"two_cols_text_block_content column_2\" style=\"background-color:#EDF8FD\">\n                <div class=\"mkdf-section-title-holder mkdf-st-standard mkdf-st-title-left mkdf-st-normal-space\">\n<div class=\"mkdf-st-inner\">\n<h2 class=\"mkdf-st-title\">Tri\u1ec7u ch\u1ee9ng<\/h2>\n<\/div>\n<\/div>\n<div class=\"wpb_text_column wpb_content_element\">\n<div class=\"wpb_wrapper\">\n<p class=\"mkdf-st-text\">C\u0103n b\u1ec7nh n\u00e0y c\u00f3 th\u1ec3 bi\u1ec3u hi\u1ec7n nhi\u1ec1u tri\u1ec7u ch\u1ee9ng bao g\u1ed3m:<\/p>\n<\/div>\n<\/div>\n<ul>\n<li class=\"vc_empty_space\"><span style=\"font-size: 1.8rem;\">S\u01b0ng b\u1ee5ng<\/span><\/li>\n<li class=\"vc_empty_space\">D\u1ec5 b\u1ecb b\u1ea7m t\u00edm v\u00e0 ch\u1ea3y m\u00e1u<\/li>\n<li class=\"vc_empty_space\">Thi\u1ebfu m\u00e1u<\/li>\n<li class=\"vc_empty_space\">M\u1ec7t m\u1ecfi<\/li>\n<li class=\"vc_empty_space\">\u0110au x\u01b0\u01a1ng<\/li>\n<\/ul>\n            <\/div>\n                            <div class=\"two_cols_text_block_content column_3\">\n                <div class=\"mkdf-section-title-holder mkdf-st-standard mkdf-st-title-left mkdf-st-normal-space\">\n<div class=\"mkdf-st-inner\">\n<h2 class=\"mkdf-st-title\">\u0110i\u1ec1u tr\u1ecb<\/h2>\n<\/div>\n<\/div>\n<div class=\"wpb_text_column wpb_content_element\">\n<div class=\"wpb_wrapper\">\n<p class=\"mkdf-st-text\">C\u00e1c ph\u01b0\u01a1ng ph\u00e1p \u0111i\u1ec1u tr\u1ecb bao g\u1ed3m thu\u1ed1c thay th\u1ebf enzyme (EZT) v\u00e0 li\u1ec7u ph\u00e1p gi\u1ea3m ch\u1ea5t n\u1ec1n (SRT).<\/p>\n<\/div>\n<\/div>\n                                    <a href=\"\/vi\/get-started\/\" target=\"\" class=\"btn\">B\u1eaft \u0111\u1ea7u<\/a>\n                                \n            <\/div>\n                <\/div>\n    <\/div>\n<\/div>","protected":false},"excerpt":{"rendered":"","protected":false},"author":1,"featured_media":0,"parent":44,"menu_order":0,"comment_status":"closed","ping_status":"closed","template":"page-conditions-and-treatments.php","meta":{"_acf_changed":false,"om_disable_all_campaigns":false,"_uag_custom_page_level_css":"","footnotes":""},"categories":[],"tags":[],"class_list":["post-24118","page","type-page","status-publish","hentry"],"acf":[],"yoast_head":"<!-- This site is optimized with the Yoast SEO plugin v27.5 - https:\/\/yoast.com\/product\/yoast-seo-wordpress\/ -->\n<title>Gaucher Disease - AmeriPharma\u00ae Specialty Care<\/title>\n<meta name=\"description\" content=\"Read the symptoms, condition, and treatment for Gaucher Disease. We fill specialty medications for Gaucher Disease patients and providers.\" \/>\n<meta name=\"robots\" content=\"index, follow, max-snippet:-1, max-image-preview:large, max-video-preview:-1\" \/>\n<link rel=\"canonical\" href=\"https:\/\/ameripharmaspecialty.com\/vi\/conditions-treatments\/gaucher-disease\/\" \/>\n<meta property=\"og:locale\" content=\"vi_VN\" \/>\n<meta property=\"og:type\" content=\"article\" \/>\n<meta property=\"og:title\" content=\"Gaucher Disease - AmeriPharma\u00ae Specialty Care\" \/>\n<meta property=\"og:description\" content=\"Read the symptoms, condition, and treatment for Gaucher Disease. We fill specialty medications for Gaucher Disease patients and providers.\" \/>\n<meta property=\"og:url\" content=\"https:\/\/ameripharmaspecialty.com\/vi\/conditions-treatments\/gaucher-disease\/\" \/>\n<meta property=\"og:site_name\" content=\"AmeriPharma\u00ae Specialty Care\" \/>\n<meta property=\"article:publisher\" content=\"https:\/\/www.facebook.com\/ameripharma\/\" \/>\n<meta property=\"article:modified_time\" content=\"2024-07-08T20:06:38+00:00\" \/>\n<meta property=\"og:image\" content=\"https:\/\/ameripharmaspecialty.com\/wp-content\/uploads\/2024\/07\/specialty-care-logo-large-square.png\" \/>\n\t<meta property=\"og:image:width\" content=\"400\" \/>\n\t<meta property=\"og:image:height\" content=\"400\" \/>\n\t<meta property=\"og:image:type\" content=\"image\/png\" \/>\n<meta name=\"twitter:card\" content=\"summary_large_image\" \/>\n<meta name=\"twitter:label1\" content=\"Est. reading time\" \/>\n\t<meta name=\"twitter:data1\" content=\"1 ph\u00fat\" \/>\n<script type=\"application\/ld+json\" class=\"yoast-schema-graph\">{\"@context\":\"https:\\\/\\\/schema.org\",\"@graph\":[{\"@type\":\"WebPage\",\"@id\":\"https:\\\/\\\/ameripharmaspecialty.com\\\/zh\\\/conditions-treatments\\\/gaucher-disease\\\/\",\"url\":\"https:\\\/\\\/ameripharmaspecialty.com\\\/zh\\\/conditions-treatments\\\/gaucher-disease\\\/\",\"name\":\"Gaucher Disease - AmeriPharma\u00ae Specialty Care\",\"isPartOf\":{\"@id\":\"https:\\\/\\\/ameripharmaspecialty.com\\\/es\\\/#website\"},\"datePublished\":\"2023-12-15T21:58:16+00:00\",\"dateModified\":\"2024-07-08T20:06:38+00:00\",\"description\":\"Read the symptoms, condition, and treatment for Gaucher Disease. We fill specialty medications for Gaucher Disease patients and providers.\",\"breadcrumb\":{\"@id\":\"https:\\\/\\\/ameripharmaspecialty.com\\\/zh\\\/conditions-treatments\\\/gaucher-disease\\\/#breadcrumb\"},\"inLanguage\":\"vi\",\"potentialAction\":[{\"@type\":\"ReadAction\",\"target\":[\"https:\\\/\\\/ameripharmaspecialty.com\\\/zh\\\/conditions-treatments\\\/gaucher-disease\\\/\"]}]},{\"@type\":\"BreadcrumbList\",\"@id\":\"https:\\\/\\\/ameripharmaspecialty.com\\\/zh\\\/conditions-treatments\\\/gaucher-disease\\\/#breadcrumb\",\"itemListElement\":[{\"@type\":\"ListItem\",\"position\":1,\"name\":\"Home\",\"item\":\"https:\\\/\\\/ameripharmaspecialty.com\\\/zh\\\/\"},{\"@type\":\"ListItem\",\"position\":2,\"name\":\"Specialty Conditions and Medicines\",\"item\":\"https:\\\/\\\/ameripharmaspecialty.com\\\/es\\\/conditions-treatments\\\/\"},{\"@type\":\"ListItem\",\"position\":3,\"name\":\"Gaucher Disease\"}]},{\"@type\":\"WebSite\",\"@id\":\"https:\\\/\\\/ameripharmaspecialty.com\\\/es\\\/#website\",\"url\":\"https:\\\/\\\/ameripharmaspecialty.com\\\/es\\\/\",\"name\":\"AmeriPharma\u00ae Specialty Care\",\"description\":\"Specialty Care by AmeriPharma\",\"publisher\":{\"@id\":\"https:\\\/\\\/ameripharmaspecialty.com\\\/es\\\/#organization\"},\"potentialAction\":[{\"@type\":\"SearchAction\",\"target\":{\"@type\":\"EntryPoint\",\"urlTemplate\":\"https:\\\/\\\/ameripharmaspecialty.com\\\/es\\\/?s={search_term_string}\"},\"query-input\":{\"@type\":\"PropertyValueSpecification\",\"valueRequired\":true,\"valueName\":\"search_term_string\"}}],\"inLanguage\":\"vi\"},{\"@type\":\"Organization\",\"@id\":\"https:\\\/\\\/ameripharmaspecialty.com\\\/es\\\/#organization\",\"name\":\"Ameripharma Specialty Care\",\"url\":\"https:\\\/\\\/ameripharmaspecialty.com\\\/es\\\/\",\"logo\":{\"@type\":\"ImageObject\",\"inLanguage\":\"vi\",\"@id\":\"https:\\\/\\\/ameripharmaspecialty.com\\\/es\\\/#\\\/schema\\\/logo\\\/image\\\/\",\"url\":\"https:\\\/\\\/ameripharmaspecialty.com\\\/wp-content\\\/uploads\\\/2024\\\/07\\\/specialty-care-logo-large-square.png\",\"contentUrl\":\"https:\\\/\\\/ameripharmaspecialty.com\\\/wp-content\\\/uploads\\\/2024\\\/07\\\/specialty-care-logo-large-square.png\",\"width\":400,\"height\":400,\"caption\":\"Ameripharma Specialty Care\"},\"image\":{\"@id\":\"https:\\\/\\\/ameripharmaspecialty.com\\\/es\\\/#\\\/schema\\\/logo\\\/image\\\/\"},\"sameAs\":[\"https:\\\/\\\/www.facebook.com\\\/ameripharma\\\/\"]}]}<\/script>\n<!-- \/ Yoast SEO plugin. -->","yoast_head_json":{"title":"B\u1ec7nh Gaucher - Ch\u0103m s\u00f3c \u0111\u1eb7c bi\u1ec7t AmeriPharma\u00ae","description":"\u0110\u1ecdc c\u00e1c tri\u1ec7u ch\u1ee9ng, t\u00ecnh tr\u1ea1ng v\u00e0 ph\u01b0\u01a1ng ph\u00e1p \u0111i\u1ec1u tr\u1ecb b\u1ec7nh Gaucher. Ch\u00fang t\u00f4i cung c\u1ea5p thu\u1ed1c \u0111\u1eb7c tr\u1ecb cho b\u1ec7nh nh\u00e2n v\u00e0 nh\u00e0 cung c\u1ea5p d\u1ecbch v\u1ee5 ch\u0103m s\u00f3c b\u1ec7nh Gaucher.","robots":{"index":"index","follow":"follow","max-snippet":"max-snippet:-1","max-image-preview":"max-image-preview:large","max-video-preview":"max-video-preview:-1"},"canonical":"https:\/\/ameripharmaspecialty.com\/vi\/conditions-treatments\/gaucher-disease\/","og_locale":"vi_VN","og_type":"article","og_title":"Gaucher Disease - AmeriPharma\u00ae Specialty Care","og_description":"Read the symptoms, condition, and treatment for Gaucher Disease. We fill specialty medications for Gaucher Disease patients and providers.","og_url":"https:\/\/ameripharmaspecialty.com\/vi\/conditions-treatments\/gaucher-disease\/","og_site_name":"AmeriPharma\u00ae Specialty Care","article_publisher":"https:\/\/www.facebook.com\/ameripharma\/","article_modified_time":"2024-07-08T20:06:38+00:00","og_image":[{"width":400,"height":400,"url":"https:\/\/ameripharmaspecialty.com\/wp-content\/uploads\/2024\/07\/specialty-care-logo-large-square.png","type":"image\/png"}],"twitter_card":"summary_large_image","twitter_misc":{"Est. reading time":"1 ph\u00fat"},"schema":{"@context":"https:\/\/schema.org","@graph":[{"@type":"WebPage","@id":"https:\/\/ameripharmaspecialty.com\/zh\/conditions-treatments\/gaucher-disease\/","url":"https:\/\/ameripharmaspecialty.com\/zh\/conditions-treatments\/gaucher-disease\/","name":"B\u1ec7nh Gaucher - Ch\u0103m s\u00f3c \u0111\u1eb7c bi\u1ec7t AmeriPharma\u00ae","isPartOf":{"@id":"https:\/\/ameripharmaspecialty.com\/es\/#website"},"datePublished":"2023-12-15T21:58:16+00:00","dateModified":"2024-07-08T20:06:38+00:00","description":"\u0110\u1ecdc c\u00e1c tri\u1ec7u ch\u1ee9ng, t\u00ecnh tr\u1ea1ng v\u00e0 ph\u01b0\u01a1ng ph\u00e1p \u0111i\u1ec1u tr\u1ecb b\u1ec7nh Gaucher. Ch\u00fang t\u00f4i cung c\u1ea5p thu\u1ed1c \u0111\u1eb7c tr\u1ecb cho b\u1ec7nh nh\u00e2n v\u00e0 nh\u00e0 cung c\u1ea5p d\u1ecbch v\u1ee5 ch\u0103m s\u00f3c b\u1ec7nh Gaucher.","breadcrumb":{"@id":"https:\/\/ameripharmaspecialty.com\/zh\/conditions-treatments\/gaucher-disease\/#breadcrumb"},"inLanguage":"vi","potentialAction":[{"@type":"ReadAction","target":["https:\/\/ameripharmaspecialty.com\/zh\/conditions-treatments\/gaucher-disease\/"]}]},{"@type":"BreadcrumbList","@id":"https:\/\/ameripharmaspecialty.com\/zh\/conditions-treatments\/gaucher-disease\/#breadcrumb","itemListElement":[{"@type":"ListItem","position":1,"name":"Home","item":"https:\/\/ameripharmaspecialty.com\/zh\/"},{"@type":"ListItem","position":2,"name":"Specialty Conditions and Medicines","item":"https:\/\/ameripharmaspecialty.com\/es\/conditions-treatments\/"},{"@type":"ListItem","position":3,"name":"Gaucher Disease"}]},{"@type":"WebSite","@id":"https:\/\/ameripharmaspecialty.com\/es\/#website","url":"https:\/\/ameripharmaspecialty.com\/es\/","name":"Ch\u0103m s\u00f3c \u0111\u1eb7c bi\u1ec7t AmeriPharma\u00ae","description":"Ch\u0103m s\u00f3c \u0111\u1eb7c bi\u1ec7t c\u1ee7a AmeriPharma","publisher":{"@id":"https:\/\/ameripharmaspecialty.com\/es\/#organization"},"potentialAction":[{"@type":"SearchAction","target":{"@type":"EntryPoint","urlTemplate":"https:\/\/ameripharmaspecialty.com\/es\/?s={search_term_string}"},"query-input":{"@type":"PropertyValueSpecification","valueRequired":true,"valueName":"search_term_string"}}],"inLanguage":"vi"},{"@type":"Organization","@id":"https:\/\/ameripharmaspecialty.com\/es\/#organization","name":"Ch\u0103m s\u00f3c \u0111\u1eb7c bi\u1ec7t Ameripharma","url":"https:\/\/ameripharmaspecialty.com\/es\/","logo":{"@type":"ImageObject","inLanguage":"vi","@id":"https:\/\/ameripharmaspecialty.com\/es\/#\/schema\/logo\/image\/","url":"https:\/\/ameripharmaspecialty.com\/wp-content\/uploads\/2024\/07\/specialty-care-logo-large-square.png","contentUrl":"https:\/\/ameripharmaspecialty.com\/wp-content\/uploads\/2024\/07\/specialty-care-logo-large-square.png","width":400,"height":400,"caption":"Ameripharma Specialty Care"},"image":{"@id":"https:\/\/ameripharmaspecialty.com\/es\/#\/schema\/logo\/image\/"},"sameAs":["https:\/\/www.facebook.com\/ameripharma\/"]}]}},"uagb_featured_image_src":{"full":false,"thumbnail":false,"medium":false,"medium_large":false,"large":false,"1536x1536":false,"2048x2048":false,"trp-custom-language-flag":false,"block-image-html-large":false,"ct-gallery":false,"ct-section-header":false,"ct-thumb":false,"ct-thumb-large":false,"ct-small":false,"ct-medium":false,"ct-xmedium":false,"ct-large":false},"uagb_author_info":{"display_name":"ameripharm3dev","author_link":"https:\/\/ameripharmaspecialty.com\/vi\/author\/ameripharm3dev\/"},"uagb_comment_info":0,"uagb_excerpt":null,"rttpg_featured_image_url":null,"rttpg_author":{"display_name":"ameripharm3dev","author_link":"https:\/\/ameripharmaspecialty.com\/vi\/author\/ameripharm3dev\/"},"rttpg_comment":0,"rttpg_category":false,"rttpg_excerpt":null,"_links":{"self":[{"href":"https:\/\/ameripharmaspecialty.com\/vi\/wp-json\/wp\/v2\/pages\/24118","targetHints":{"allow":["GET"]}}],"collection":[{"href":"https:\/\/ameripharmaspecialty.com\/vi\/wp-json\/wp\/v2\/pages"}],"about":[{"href":"https:\/\/ameripharmaspecialty.com\/vi\/wp-json\/wp\/v2\/types\/page"}],"author":[{"embeddable":true,"href":"https:\/\/ameripharmaspecialty.com\/vi\/wp-json\/wp\/v2\/users\/1"}],"replies":[{"embeddable":true,"href":"https:\/\/ameripharmaspecialty.com\/vi\/wp-json\/wp\/v2\/comments?post=24118"}],"version-history":[{"count":0,"href":"https:\/\/ameripharmaspecialty.com\/vi\/wp-json\/wp\/v2\/pages\/24118\/revisions"}],"up":[{"embeddable":true,"href":"https:\/\/ameripharmaspecialty.com\/vi\/wp-json\/wp\/v2\/pages\/44"}],"wp:attachment":[{"href":"https:\/\/ameripharmaspecialty.com\/vi\/wp-json\/wp\/v2\/media?parent=24118"}],"wp:term":[{"taxonomy":"category","embeddable":true,"href":"https:\/\/ameripharmaspecialty.com\/vi\/wp-json\/wp\/v2\/categories?post=24118"},{"taxonomy":"post_tag","embeddable":true,"href":"https:\/\/ameripharmaspecialty.com\/vi\/wp-json\/wp\/v2\/tags?post=24118"}],"curies":[{"name":"wp","href":"https:\/\/api.w.org\/{rel}","templated":true}]}}