{"id":24115,"date":"2023-12-15T21:18:35","date_gmt":"2023-12-15T21:18:35","guid":{"rendered":"https:\/\/ameripharmaspecialty.com\/?page_id=24115"},"modified":"2024-07-09T10:16:45","modified_gmt":"2024-07-09T17:16:45","slug":"crohns-disease","status":"publish","type":"page","link":"https:\/\/ameripharmaspecialty.com\/vi\/conditions-treatments\/crohns-disease\/","title":{"rendered":"B\u1ec7nh Crohn"},"content":{"rendered":"<div  id=\"two-columns-text-block-a6749738d388e7a9f1dddf4490c43d6e\" style=\"\" class=\"ct_two_cols_text_block\" >\n    <div class=\"container\">\n        <div class=\"block-spacing-4 block-wrap two_cols_text_block\">\n                    <div class=\"two_cols_text_block_content column_1\">\n                <h3 class=\"mkdf-st-title\">B\u1ec7nh Crohn l\u00e0 m\u1ed9t t\u00ecnh tr\u1ea1ng vi\u00eam ru\u1ed9t g\u00e2y s\u01b0ng ni\u00eam m\u1ea1c h\u1ec7 ti\u00eau h\u00f3a. T\u00ecnh tr\u1ea1ng vi\u00eam th\u01b0\u1eddng x\u1ea3y ra \u1edf ru\u1ed9t gi\u00e0 (\u0111\u1ea1i tr\u00e0ng) ho\u1eb7c \u0111o\u1ea1n cu\u1ed1i c\u1ee7a ru\u1ed9t non (h\u1ed3i tr\u00e0ng).<\/h3>\n            <\/div>\n                            <div class=\"two_cols_text_block_content column_2\" style=\"background-color:#EDF8FD\">\n                <div class=\"mkdf-section-title-holder mkdf-st-standard mkdf-st-title-left mkdf-st-normal-space\">\n<div class=\"mkdf-st-inner\">\n<h2 class=\"mkdf-st-title\">Tri\u1ec7u ch\u1ee9ng<\/h2>\n<\/div>\n<\/div>\n<div class=\"wpb_text_column wpb_content_element\">\n<div class=\"wpb_wrapper\">\n<p class=\"mkdf-st-text\">C\u00e1c tri\u1ec7u ch\u1ee9ng ph\u1ed5 bi\u1ebfn c\u00f3 th\u1ec3 bao g\u1ed3m:<\/p>\n<\/div>\n<\/div>\n<div class=\"mkdf-icon-list-holder\">\n<ul>\n<li class=\"mkdf-il-text\">Ti\u00eau ch\u1ea3y<\/li>\n<li class=\"mkdf-il-text\">\u0110au b\u1ee5ng<\/li>\n<li class=\"mkdf-il-text\">M\u1ec7t m\u1ecfi c\u1ef1c \u0111\u1ed9<\/li>\n<li class=\"mkdf-il-text\">Gi\u1ea3m c\u00e2n kh\u00f4ng mong mu\u1ed1n<\/li>\n<li class=\"mkdf-il-text\">M\u00e1u v\u00e0 ch\u1ea5t nh\u1ea7y trong ph\u00e2n c\u1ee7a b\u1ea1n (ph\u00e2n)<\/li>\n<\/ul>\n<\/div>\n            <\/div>\n                            <div class=\"two_cols_text_block_content column_3\">\n                <div class=\"mkdf-section-title-holder mkdf-st-standard mkdf-st-title-left mkdf-st-normal-space\">\n<div class=\"mkdf-st-inner\">\n<h2 class=\"mkdf-st-title\">\u0110i\u1ec1u tr\u1ecb<\/h2>\n<\/div>\n<\/div>\n<div class=\"wpb_text_column wpb_content_element\">\n<div class=\"wpb_wrapper\">\n<p class=\"mkdf-st-text\">M\u1eb7c d\u00f9 hi\u1ec7n t\u1ea1i ch\u01b0a c\u00f3 c\u00e1ch ch\u1eefa kh\u1ecfi ho\u00e0n to\u00e0n, nh\u01b0ng c\u00e1c ph\u01b0\u01a1ng ph\u00e1p \u0111i\u1ec1u tr\u1ecb gi\u00fap ng\u0103n ch\u1eb7n qu\u00e1 tr\u00ecnh vi\u00eam v\u00e0 l\u00e0m gi\u1ea3m c\u00e1c tri\u1ec7u ch\u1ee9ng. C\u00e1c ph\u01b0\u01a1ng ph\u00e1p \u0111i\u1ec1u tr\u1ecb bao g\u1ed3m thu\u1ed1c steroid; thu\u1ed1c gi\u1ea3m vi\u00eam; v\u00e0 thu\u1ed1c \u1ee9c ch\u1ebf h\u1ec7 mi\u1ec5n d\u1ecbch.<\/p>\n<\/div>\n<\/div>\n                                    <a href=\"\/vi\/get-started\/\" target=\"\" class=\"btn\">B\u1eaft \u0111\u1ea7u<\/a>\n                                \n            <\/div>\n                <\/div>\n    <\/div>\n<\/div>","protected":false},"excerpt":{"rendered":"","protected":false},"author":1,"featured_media":0,"parent":44,"menu_order":0,"comment_status":"closed","ping_status":"closed","template":"page-conditions-and-treatments.php","meta":{"_acf_changed":true,"om_disable_all_campaigns":false,"_uag_custom_page_level_css":"","footnotes":""},"categories":[],"tags":[],"class_list":["post-24115","page","type-page","status-publish","hentry"],"acf":[],"yoast_head":"<!-- This site is optimized with the Yoast SEO plugin v27.5 - https:\/\/yoast.com\/product\/yoast-seo-wordpress\/ -->\n<title>Crohn\u2019s Disease - AmeriPharma\u00ae Specialty Care<\/title>\n<meta name=\"description\" content=\"Read the symptoms, condition, and treatment for Crohn&#039;s Disease patients. We fill Crohn&#039;s Disease specialty medications for patients and providers.\" \/>\n<meta name=\"robots\" content=\"index, follow, max-snippet:-1, max-image-preview:large, max-video-preview:-1\" \/>\n<link rel=\"canonical\" href=\"https:\/\/ameripharmaspecialty.com\/vi\/conditions-treatments\/crohns-disease\/\" \/>\n<meta property=\"og:locale\" content=\"vi_VN\" \/>\n<meta property=\"og:type\" content=\"article\" \/>\n<meta property=\"og:title\" content=\"Crohn\u2019s Disease - AmeriPharma\u00ae Specialty Care\" \/>\n<meta property=\"og:description\" content=\"Read the symptoms, condition, and treatment for Crohn&#039;s Disease patients. We fill Crohn&#039;s Disease specialty medications for patients and providers.\" \/>\n<meta property=\"og:url\" content=\"https:\/\/ameripharmaspecialty.com\/vi\/conditions-treatments\/crohns-disease\/\" \/>\n<meta property=\"og:site_name\" content=\"AmeriPharma\u00ae Specialty Care\" \/>\n<meta property=\"article:publisher\" content=\"https:\/\/www.facebook.com\/ameripharma\/\" \/>\n<meta property=\"article:modified_time\" content=\"2024-07-09T17:16:45+00:00\" \/>\n<meta property=\"og:image\" content=\"https:\/\/ameripharmaspecialty.com\/wp-content\/uploads\/2024\/07\/specialty-care-logo-large-square.png\" \/>\n\t<meta property=\"og:image:width\" content=\"400\" \/>\n\t<meta property=\"og:image:height\" content=\"400\" \/>\n\t<meta property=\"og:image:type\" content=\"image\/png\" \/>\n<meta name=\"twitter:card\" content=\"summary_large_image\" \/>\n<script type=\"application\/ld+json\" class=\"yoast-schema-graph\">{\"@context\":\"https:\\\/\\\/schema.org\",\"@graph\":[{\"@type\":\"WebPage\",\"@id\":\"https:\\\/\\\/ameripharmaspecialty.com\\\/conditions-treatments\\\/crohns-disease\\\/\",\"url\":\"https:\\\/\\\/ameripharmaspecialty.com\\\/conditions-treatments\\\/crohns-disease\\\/\",\"name\":\"Crohn\u2019s Disease - AmeriPharma\u00ae Specialty Care\",\"isPartOf\":{\"@id\":\"https:\\\/\\\/ameripharmaspecialty.com\\\/es\\\/#website\"},\"datePublished\":\"2023-12-15T21:18:35+00:00\",\"dateModified\":\"2024-07-09T17:16:45+00:00\",\"description\":\"Read the symptoms, condition, and treatment for Crohn's Disease patients. We fill Crohn's Disease specialty medications for patients and providers.\",\"breadcrumb\":{\"@id\":\"https:\\\/\\\/ameripharmaspecialty.com\\\/conditions-treatments\\\/crohns-disease\\\/#breadcrumb\"},\"inLanguage\":\"vi\",\"potentialAction\":[{\"@type\":\"ReadAction\",\"target\":[\"https:\\\/\\\/ameripharmaspecialty.com\\\/conditions-treatments\\\/crohns-disease\\\/\"]}]},{\"@type\":\"BreadcrumbList\",\"@id\":\"https:\\\/\\\/ameripharmaspecialty.com\\\/conditions-treatments\\\/crohns-disease\\\/#breadcrumb\",\"itemListElement\":[{\"@type\":\"ListItem\",\"position\":1,\"name\":\"Home\",\"item\":\"https:\\\/\\\/ameripharmaspecialty.com\\\/zh\\\/\"},{\"@type\":\"ListItem\",\"position\":2,\"name\":\"Specialty Conditions and Medicines\",\"item\":\"https:\\\/\\\/ameripharmaspecialty.com\\\/es\\\/conditions-treatments\\\/\"},{\"@type\":\"ListItem\",\"position\":3,\"name\":\"Crohn\u2019s Disease\"}]},{\"@type\":\"WebSite\",\"@id\":\"https:\\\/\\\/ameripharmaspecialty.com\\\/es\\\/#website\",\"url\":\"https:\\\/\\\/ameripharmaspecialty.com\\\/es\\\/\",\"name\":\"AmeriPharma\u00ae Specialty Care\",\"description\":\"Specialty Care by AmeriPharma\",\"publisher\":{\"@id\":\"https:\\\/\\\/ameripharmaspecialty.com\\\/es\\\/#organization\"},\"potentialAction\":[{\"@type\":\"SearchAction\",\"target\":{\"@type\":\"EntryPoint\",\"urlTemplate\":\"https:\\\/\\\/ameripharmaspecialty.com\\\/es\\\/?s={search_term_string}\"},\"query-input\":{\"@type\":\"PropertyValueSpecification\",\"valueRequired\":true,\"valueName\":\"search_term_string\"}}],\"inLanguage\":\"vi\"},{\"@type\":\"Organization\",\"@id\":\"https:\\\/\\\/ameripharmaspecialty.com\\\/es\\\/#organization\",\"name\":\"Ameripharma Specialty Care\",\"url\":\"https:\\\/\\\/ameripharmaspecialty.com\\\/es\\\/\",\"logo\":{\"@type\":\"ImageObject\",\"inLanguage\":\"vi\",\"@id\":\"https:\\\/\\\/ameripharmaspecialty.com\\\/es\\\/#\\\/schema\\\/logo\\\/image\\\/\",\"url\":\"https:\\\/\\\/ameripharmaspecialty.com\\\/wp-content\\\/uploads\\\/2024\\\/07\\\/specialty-care-logo-large-square.png\",\"contentUrl\":\"https:\\\/\\\/ameripharmaspecialty.com\\\/wp-content\\\/uploads\\\/2024\\\/07\\\/specialty-care-logo-large-square.png\",\"width\":400,\"height\":400,\"caption\":\"Ameripharma Specialty Care\"},\"image\":{\"@id\":\"https:\\\/\\\/ameripharmaspecialty.com\\\/es\\\/#\\\/schema\\\/logo\\\/image\\\/\"},\"sameAs\":[\"https:\\\/\\\/www.facebook.com\\\/ameripharma\\\/\"]}]}<\/script>\n<!-- \/ Yoast SEO plugin. -->","yoast_head_json":{"title":"B\u1ec7nh Crohn - Ch\u0103m s\u00f3c \u0111\u1eb7c bi\u1ec7t AmeriPharma\u00ae","description":"\u0110\u1ecdc c\u00e1c tri\u1ec7u ch\u1ee9ng, t\u00ecnh tr\u1ea1ng b\u1ec7nh v\u00e0 ph\u01b0\u01a1ng ph\u00e1p \u0111i\u1ec1u tr\u1ecb cho b\u1ec7nh nh\u00e2n m\u1eafc b\u1ec7nh Crohn. Ch\u00fang t\u00f4i cung c\u1ea5p thu\u1ed1c \u0111\u1eb7c tr\u1ecb b\u1ec7nh Crohn cho b\u1ec7nh nh\u00e2n v\u00e0 nh\u00e0 cung c\u1ea5p.","robots":{"index":"index","follow":"follow","max-snippet":"max-snippet:-1","max-image-preview":"max-image-preview:large","max-video-preview":"max-video-preview:-1"},"canonical":"https:\/\/ameripharmaspecialty.com\/vi\/conditions-treatments\/crohns-disease\/","og_locale":"vi_VN","og_type":"article","og_title":"Crohn\u2019s Disease - AmeriPharma\u00ae Specialty Care","og_description":"Read the symptoms, condition, and treatment for Crohn's Disease patients. We fill Crohn's Disease specialty medications for patients and providers.","og_url":"https:\/\/ameripharmaspecialty.com\/vi\/conditions-treatments\/crohns-disease\/","og_site_name":"AmeriPharma\u00ae Specialty Care","article_publisher":"https:\/\/www.facebook.com\/ameripharma\/","article_modified_time":"2024-07-09T17:16:45+00:00","og_image":[{"width":400,"height":400,"url":"https:\/\/ameripharmaspecialty.com\/wp-content\/uploads\/2024\/07\/specialty-care-logo-large-square.png","type":"image\/png"}],"twitter_card":"summary_large_image","schema":{"@context":"https:\/\/schema.org","@graph":[{"@type":"WebPage","@id":"https:\/\/ameripharmaspecialty.com\/conditions-treatments\/crohns-disease\/","url":"https:\/\/ameripharmaspecialty.com\/conditions-treatments\/crohns-disease\/","name":"B\u1ec7nh Crohn - Ch\u0103m s\u00f3c \u0111\u1eb7c bi\u1ec7t AmeriPharma\u00ae","isPartOf":{"@id":"https:\/\/ameripharmaspecialty.com\/es\/#website"},"datePublished":"2023-12-15T21:18:35+00:00","dateModified":"2024-07-09T17:16:45+00:00","description":"\u0110\u1ecdc c\u00e1c tri\u1ec7u ch\u1ee9ng, t\u00ecnh tr\u1ea1ng b\u1ec7nh v\u00e0 ph\u01b0\u01a1ng ph\u00e1p \u0111i\u1ec1u tr\u1ecb cho b\u1ec7nh nh\u00e2n m\u1eafc b\u1ec7nh Crohn. Ch\u00fang t\u00f4i cung c\u1ea5p thu\u1ed1c \u0111\u1eb7c tr\u1ecb b\u1ec7nh Crohn cho b\u1ec7nh nh\u00e2n v\u00e0 nh\u00e0 cung c\u1ea5p.","breadcrumb":{"@id":"https:\/\/ameripharmaspecialty.com\/conditions-treatments\/crohns-disease\/#breadcrumb"},"inLanguage":"vi","potentialAction":[{"@type":"ReadAction","target":["https:\/\/ameripharmaspecialty.com\/conditions-treatments\/crohns-disease\/"]}]},{"@type":"BreadcrumbList","@id":"https:\/\/ameripharmaspecialty.com\/conditions-treatments\/crohns-disease\/#breadcrumb","itemListElement":[{"@type":"ListItem","position":1,"name":"Home","item":"https:\/\/ameripharmaspecialty.com\/zh\/"},{"@type":"ListItem","position":2,"name":"Specialty Conditions and Medicines","item":"https:\/\/ameripharmaspecialty.com\/es\/conditions-treatments\/"},{"@type":"ListItem","position":3,"name":"Crohn\u2019s Disease"}]},{"@type":"WebSite","@id":"https:\/\/ameripharmaspecialty.com\/es\/#website","url":"https:\/\/ameripharmaspecialty.com\/es\/","name":"Ch\u0103m s\u00f3c \u0111\u1eb7c bi\u1ec7t AmeriPharma\u00ae","description":"Ch\u0103m s\u00f3c \u0111\u1eb7c bi\u1ec7t c\u1ee7a AmeriPharma","publisher":{"@id":"https:\/\/ameripharmaspecialty.com\/es\/#organization"},"potentialAction":[{"@type":"SearchAction","target":{"@type":"EntryPoint","urlTemplate":"https:\/\/ameripharmaspecialty.com\/es\/?s={search_term_string}"},"query-input":{"@type":"PropertyValueSpecification","valueRequired":true,"valueName":"search_term_string"}}],"inLanguage":"vi"},{"@type":"Organization","@id":"https:\/\/ameripharmaspecialty.com\/es\/#organization","name":"Ch\u0103m s\u00f3c \u0111\u1eb7c bi\u1ec7t Ameripharma","url":"https:\/\/ameripharmaspecialty.com\/es\/","logo":{"@type":"ImageObject","inLanguage":"vi","@id":"https:\/\/ameripharmaspecialty.com\/es\/#\/schema\/logo\/image\/","url":"https:\/\/ameripharmaspecialty.com\/wp-content\/uploads\/2024\/07\/specialty-care-logo-large-square.png","contentUrl":"https:\/\/ameripharmaspecialty.com\/wp-content\/uploads\/2024\/07\/specialty-care-logo-large-square.png","width":400,"height":400,"caption":"Ameripharma Specialty Care"},"image":{"@id":"https:\/\/ameripharmaspecialty.com\/es\/#\/schema\/logo\/image\/"},"sameAs":["https:\/\/www.facebook.com\/ameripharma\/"]}]}},"uagb_featured_image_src":{"full":false,"thumbnail":false,"medium":false,"medium_large":false,"large":false,"1536x1536":false,"2048x2048":false,"trp-custom-language-flag":false,"block-image-html-large":false,"ct-gallery":false,"ct-section-header":false,"ct-thumb":false,"ct-thumb-large":false,"ct-small":false,"ct-medium":false,"ct-xmedium":false,"ct-large":false},"uagb_author_info":{"display_name":"ameripharm3dev","author_link":"https:\/\/ameripharmaspecialty.com\/vi\/author\/ameripharm3dev\/"},"uagb_comment_info":0,"uagb_excerpt":null,"rttpg_featured_image_url":null,"rttpg_author":{"display_name":"ameripharm3dev","author_link":"https:\/\/ameripharmaspecialty.com\/vi\/author\/ameripharm3dev\/"},"rttpg_comment":0,"rttpg_category":false,"rttpg_excerpt":null,"_links":{"self":[{"href":"https:\/\/ameripharmaspecialty.com\/vi\/wp-json\/wp\/v2\/pages\/24115","targetHints":{"allow":["GET"]}}],"collection":[{"href":"https:\/\/ameripharmaspecialty.com\/vi\/wp-json\/wp\/v2\/pages"}],"about":[{"href":"https:\/\/ameripharmaspecialty.com\/vi\/wp-json\/wp\/v2\/types\/page"}],"author":[{"embeddable":true,"href":"https:\/\/ameripharmaspecialty.com\/vi\/wp-json\/wp\/v2\/users\/1"}],"replies":[{"embeddable":true,"href":"https:\/\/ameripharmaspecialty.com\/vi\/wp-json\/wp\/v2\/comments?post=24115"}],"version-history":[{"count":0,"href":"https:\/\/ameripharmaspecialty.com\/vi\/wp-json\/wp\/v2\/pages\/24115\/revisions"}],"up":[{"embeddable":true,"href":"https:\/\/ameripharmaspecialty.com\/vi\/wp-json\/wp\/v2\/pages\/44"}],"wp:attachment":[{"href":"https:\/\/ameripharmaspecialty.com\/vi\/wp-json\/wp\/v2\/media?parent=24115"}],"wp:term":[{"taxonomy":"category","embeddable":true,"href":"https:\/\/ameripharmaspecialty.com\/vi\/wp-json\/wp\/v2\/categories?post=24115"},{"taxonomy":"post_tag","embeddable":true,"href":"https:\/\/ameripharmaspecialty.com\/vi\/wp-json\/wp\/v2\/tags?post=24115"}],"curies":[{"name":"wp","href":"https:\/\/api.w.org\/{rel}","templated":true}]}}