{"id":24113,"date":"2023-12-15T20:56:54","date_gmt":"2023-12-15T20:56:54","guid":{"rendered":"https:\/\/ameripharmaspecialty.com\/?page_id=24113"},"modified":"2024-07-08T13:06:38","modified_gmt":"2024-07-08T20:06:38","slug":"anticoagulants","status":"publish","type":"page","link":"https:\/\/ameripharmaspecialty.com\/vi\/conditions-treatments\/anticoagulants\/","title":{"rendered":"Thu\u1ed1c ch\u1ed1ng \u0111\u00f4ng m\u00e1u"},"content":{"rendered":"<div  id=\"two-columns-text-block-61d655bd8f4c7bb9f621dbe02c8a194c\" style=\"\" class=\"ct_two_cols_text_block\" >\n    <div class=\"container\">\n        <div class=\"block-spacing-4 block-wrap two_cols_text_block\">\n                    <div class=\"two_cols_text_block_content column_1\">\n                <h3 class=\"mkdf-st-title\">Thu\u1ed1c ch\u1ed1ng \u0111\u00f4ng m\u00e1u \u0111\u01b0\u1ee3c s\u1eed d\u1ee5ng \u0111\u1ec3 \u0111i\u1ec1u tr\u1ecb v\u00e0 gi\u00fap ng\u0103n ng\u1eeba c\u1ee5c m\u00e1u \u0111\u00f4ng h\u00ecnh th\u00e0nh trong m\u1ea1ch m\u00e1u<\/h3>\n            <\/div>\n                            <div class=\"two_cols_text_block_content column_2\" style=\"background-color:#EDF8FD\">\n                <div class=\"mkdf-section-title-holder mkdf-st-standard mkdf-st-title-left mkdf-st-normal-space\">\n<div class=\"mkdf-st-inner\">\n<h2 class=\"mkdf-st-title\">Tri\u1ec7u ch\u1ee9ng<\/h2>\n<\/div>\n<\/div>\n<div class=\"mkdf-icon-list-holder\">\n<ul>\n<li>Nh\u1ecbp tim nhanh, kh\u00f4ng \u0111\u1ec1u<\/li>\n<li><span style=\"font-size: 1.8rem;\">Van tim c\u01a1 h\u1ecdc<\/span><\/li>\n<li>M\u1ed9t van tim kh\u00f4ng m\u1edf ho\u00e0n to\u00e0n<\/li>\n<li>M\u1ed9t r\u1ed1i lo\u1ea1n m\u00e1u \u0111\u1eb7c bi\u1ec7t \u1ea3nh h\u01b0\u1edfng \u0111\u1ebfn c\u00e1ch m\u00e1u \u0111\u00f4ng c\u1ee7a b\u1ea1n<\/li>\n<\/ul>\n<\/div>\n            <\/div>\n                            <div class=\"two_cols_text_block_content column_3\">\n                <div class=\"vc_row wpb_row vc_row-fluid vc_column-gap-35\">\n<div class=\"wpb_column vc_column_container vc_col-sm-8\">\n<div class=\"vc_column-inner\">\n<div class=\"wpb_wrapper\">\n<div class=\"mkdf-section-title-holder mkdf-st-standard mkdf-st-title-left mkdf-st-normal-space\">\n<div class=\"mkdf-st-inner\">\n<h2 class=\"mkdf-st-title\">S\u1ef1 \u0111\u1ed1i \u0111\u00e3i<\/h2>\n<\/div>\n<\/div>\n<div class=\"wpb_text_column wpb_content_element\">\n<div class=\"wpb_wrapper\">\n<p class=\"mkdf-st-text\">Thu\u1ed1c ch\u1ed1ng \u0111\u00f4ng m\u00e1u gi\u00fap ng\u0103n ng\u1eeba m\u00e1u \u0111\u00f4ng d\u1ec5 d\u00e0ng ho\u1eb7c nhanh ch\u00f3ng nh\u01b0 b\u00ecnh th\u01b0\u1eddng. N\u1ebfu b\u1ea1n \u0111\u00e3 t\u1eebng b\u1ecb c\u1ee5c m\u00e1u \u0111\u00f4ng, thu\u1ed1c \u0111\u01b0\u1ee3c s\u1eed d\u1ee5ng \u0111\u1ec3 ng\u0103n ng\u1eeba c\u1ee5c m\u00e1u \u0111\u00f4ng ph\u00e1t tri\u1ec3n l\u1edbn h\u01a1n. N\u1ebfu b\u1ea1n c\u00f3 nguy c\u01a1 h\u00ecnh th\u00e0nh c\u1ee5c m\u00e1u \u0111\u00f4ng, thu\u1ed1c \u0111\u01b0\u1ee3c s\u1eed d\u1ee5ng \u0111\u1ec3 ng\u0103n ng\u1eeba s\u1ef1 h\u00ecnh th\u00e0nh c\u1ee7a ch\u00fang. Vi\u1ec7c \u0111i\u1ec1u tr\u1ecb c\u00f3 th\u1ec3 k\u00e9o d\u00e0i t\u1eeb v\u00e0i tu\u1ea7n \u0111\u1ebfn su\u1ed1t \u0111\u1eddi.<\/p>\n<\/div>\n<\/div>\n<\/div>\n<\/div>\n<\/div>\n<\/div>\n<div class=\"vc_row wpb_row vc_row-fluid\">\n<div class=\"wpb_column vc_column_container vc_col-sm-12\">\n<div class=\"vc_column-inner\">\n<div class=\"wpb_wrapper\">\n<div class=\"wpb_text_column wpb_content_element\">\n<div class=\"wpb_wrapper\">\n<p>Trong qu\u00e1 tr\u00ecnh \u0111i\u1ec1u tr\u1ecb, b\u1ea1n c\u00f3 th\u1ec3 \u0111\u01b0\u1ee3c k\u00ea \u0111\u01a1n thu\u1ed1c ch\u1ed1ng \u0111\u00f4ng m\u00e1u. \u0110\u00e2y l\u00e0 m\u1ed9t lo\u1ea1i thu\u1ed1c t\u00e1c \u0111\u1ed9ng \u0111\u1ebfn m\u00e1u, gi\u00fap ng\u0103n ng\u1eeba h\u00ecnh th\u00e0nh c\u1ee5c m\u00e1u \u0111\u00f4ng. N\u1ebfu b\u1ea1n b\u1ecb c\u1ee5c m\u00e1u \u0111\u00f4ng, thu\u1ed1c ch\u1ed1ng \u0111\u00f4ng m\u00e1u c\u00f3 th\u1ec3 ng\u0103n ng\u1eeba c\u1ee5c m\u00e1u \u0111\u00f4ng ph\u00e1t tri\u1ec3n l\u1edbn h\u01a1n. Tuy nhi\u00ean, v\u00ec thu\u1ed1c ch\u1ed1ng \u0111\u00f4ng m\u00e1u can thi\u1ec7p v\u00e0o qu\u00e1 tr\u00ecnh \u0111\u00f4ng m\u00e1u, ch\u00fang c\u00f3 th\u1ec3 d\u1eabn \u0111\u1ebfn ch\u1ea3y m\u00e1u kh\u00f4ng ki\u1ec3m so\u00e1t. \u0110i\u1ec1u n\u00e0y \u0111\u1eb7c bi\u1ec7t nguy hi\u1ec3m n\u1ebfu b\u1ea1n b\u1ecb \u0111\u1ee9t tay ho\u1eb7c b\u1ecb th\u01b0\u01a1ng. \u0110i\u1ec1u quan tr\u1ecdng l\u00e0 ph\u1ea3i nh\u1eadn th\u1ee9c \u0111\u01b0\u1ee3c nh\u1eefng nguy hi\u1ec3m li\u00ean quan \u0111\u1ebfn thu\u1ed1c ch\u1ed1ng \u0111\u00f4ng m\u00e1u \u0111\u1ec3 b\u1ea1n c\u00f3 th\u1ec3 s\u1eed d\u1ee5ng ch\u00fang m\u1ed9t c\u00e1ch an to\u00e0n.<\/p>\n<\/div>\n<\/div>\n<\/div>\n<\/div>\n<\/div>\n<\/div>\n                                    <a href=\"\/vi\/get-started\/\" target=\"\" class=\"btn\">B\u1eaft \u0111\u1ea7u<\/a>\n                                \n            <\/div>\n                <\/div>\n    <\/div>\n<\/div>","protected":false},"excerpt":{"rendered":"","protected":false},"author":1,"featured_media":0,"parent":44,"menu_order":0,"comment_status":"closed","ping_status":"closed","template":"page-conditions-and-treatments.php","meta":{"_acf_changed":false,"om_disable_all_campaigns":false,"_uag_custom_page_level_css":"","footnotes":""},"categories":[],"tags":[],"class_list":["post-24113","page","type-page","status-publish","hentry"],"acf":[],"yoast_head":"<!-- This site is optimized with the Yoast SEO plugin v27.4 - https:\/\/yoast.com\/product\/yoast-seo-wordpress\/ -->\n<title>Anticoagulants - AmeriPharma\u00ae Specialty Care<\/title>\n<meta name=\"description\" content=\"Read the symptoms, condition, and treatment for patients who need anticoagulant. We dispense anticoagulants for patients and providers.\" \/>\n<meta name=\"robots\" content=\"index, follow, max-snippet:-1, max-image-preview:large, max-video-preview:-1\" \/>\n<link rel=\"canonical\" href=\"https:\/\/ameripharmaspecialty.com\/vi\/conditions-treatments\/anticoagulants\/\" \/>\n<meta property=\"og:locale\" content=\"vi_VN\" \/>\n<meta property=\"og:type\" content=\"article\" \/>\n<meta property=\"og:title\" content=\"Anticoagulants - AmeriPharma\u00ae Specialty Care\" \/>\n<meta property=\"og:description\" content=\"Read the symptoms, condition, and treatment for patients who need anticoagulant. We dispense anticoagulants for patients and providers.\" \/>\n<meta property=\"og:url\" content=\"https:\/\/ameripharmaspecialty.com\/vi\/conditions-treatments\/anticoagulants\/\" \/>\n<meta property=\"og:site_name\" content=\"AmeriPharma\u00ae Specialty Care\" \/>\n<meta property=\"article:publisher\" content=\"https:\/\/www.facebook.com\/ameripharma\/\" \/>\n<meta property=\"article:modified_time\" content=\"2024-07-08T20:06:38+00:00\" \/>\n<meta property=\"og:image\" content=\"https:\/\/ameripharmaspecialty.com\/wp-content\/uploads\/2024\/07\/specialty-care-logo-large-square.png\" \/>\n\t<meta property=\"og:image:width\" content=\"400\" \/>\n\t<meta property=\"og:image:height\" content=\"400\" \/>\n\t<meta property=\"og:image:type\" content=\"image\/png\" \/>\n<meta name=\"twitter:card\" content=\"summary_large_image\" \/>\n<script type=\"application\/ld+json\" class=\"yoast-schema-graph\">{\"@context\":\"https:\\\/\\\/schema.org\",\"@graph\":[{\"@type\":\"WebPage\",\"@id\":\"https:\\\/\\\/ameripharmaspecialty.com\\\/conditions-treatments\\\/anticoagulants\\\/\",\"url\":\"https:\\\/\\\/ameripharmaspecialty.com\\\/conditions-treatments\\\/anticoagulants\\\/\",\"name\":\"Anticoagulants - AmeriPharma\u00ae Specialty Care\",\"isPartOf\":{\"@id\":\"https:\\\/\\\/ameripharmaspecialty.com\\\/#website\"},\"datePublished\":\"2023-12-15T20:56:54+00:00\",\"dateModified\":\"2024-07-08T20:06:38+00:00\",\"description\":\"Read the symptoms, condition, and treatment for patients who need anticoagulant. We dispense anticoagulants for patients and providers.\",\"breadcrumb\":{\"@id\":\"https:\\\/\\\/ameripharmaspecialty.com\\\/conditions-treatments\\\/anticoagulants\\\/#breadcrumb\"},\"inLanguage\":\"vi\",\"potentialAction\":[{\"@type\":\"ReadAction\",\"target\":[\"https:\\\/\\\/ameripharmaspecialty.com\\\/conditions-treatments\\\/anticoagulants\\\/\"]}]},{\"@type\":\"BreadcrumbList\",\"@id\":\"https:\\\/\\\/ameripharmaspecialty.com\\\/conditions-treatments\\\/anticoagulants\\\/#breadcrumb\",\"itemListElement\":[{\"@type\":\"ListItem\",\"position\":1,\"name\":\"Home\",\"item\":\"https:\\\/\\\/ameripharmaspecialty.com\\\/es\\\/\"},{\"@type\":\"ListItem\",\"position\":2,\"name\":\"Specialty Conditions and Medicines\",\"item\":\"https:\\\/\\\/ameripharmaspecialty.com\\\/conditions-treatments\\\/\"},{\"@type\":\"ListItem\",\"position\":3,\"name\":\"Anticoagulants\"}]},{\"@type\":\"WebSite\",\"@id\":\"https:\\\/\\\/ameripharmaspecialty.com\\\/#website\",\"url\":\"https:\\\/\\\/ameripharmaspecialty.com\\\/\",\"name\":\"AmeriPharma\u00ae Specialty Care\",\"description\":\"Specialty Care by AmeriPharma\",\"publisher\":{\"@id\":\"https:\\\/\\\/ameripharmaspecialty.com\\\/#organization\"},\"potentialAction\":[{\"@type\":\"SearchAction\",\"target\":{\"@type\":\"EntryPoint\",\"urlTemplate\":\"https:\\\/\\\/ameripharmaspecialty.com\\\/?s={search_term_string}\"},\"query-input\":{\"@type\":\"PropertyValueSpecification\",\"valueRequired\":true,\"valueName\":\"search_term_string\"}}],\"inLanguage\":\"vi\"},{\"@type\":\"Organization\",\"@id\":\"https:\\\/\\\/ameripharmaspecialty.com\\\/#organization\",\"name\":\"Ameripharma Specialty Care\",\"url\":\"https:\\\/\\\/ameripharmaspecialty.com\\\/\",\"logo\":{\"@type\":\"ImageObject\",\"inLanguage\":\"vi\",\"@id\":\"https:\\\/\\\/ameripharmaspecialty.com\\\/#\\\/schema\\\/logo\\\/image\\\/\",\"url\":\"https:\\\/\\\/ameripharmaspecialty.com\\\/wp-content\\\/uploads\\\/2024\\\/07\\\/specialty-care-logo-large-square.png\",\"contentUrl\":\"https:\\\/\\\/ameripharmaspecialty.com\\\/wp-content\\\/uploads\\\/2024\\\/07\\\/specialty-care-logo-large-square.png\",\"width\":400,\"height\":400,\"caption\":\"Ameripharma Specialty Care\"},\"image\":{\"@id\":\"https:\\\/\\\/ameripharmaspecialty.com\\\/#\\\/schema\\\/logo\\\/image\\\/\"},\"sameAs\":[\"https:\\\/\\\/www.facebook.com\\\/ameripharma\\\/\"]}]}<\/script>\n<!-- \/ Yoast SEO plugin. -->","yoast_head_json":{"title":"Thu\u1ed1c ch\u1ed1ng \u0111\u00f4ng m\u00e1u - Ch\u0103m s\u00f3c \u0111\u1eb7c bi\u1ec7t AmeriPharma\u00ae","description":"\u0110\u1ecdc c\u00e1c tri\u1ec7u ch\u1ee9ng, t\u00ecnh tr\u1ea1ng v\u00e0 ph\u01b0\u01a1ng ph\u00e1p \u0111i\u1ec1u tr\u1ecb cho b\u1ec7nh nh\u00e2n c\u1ea7n d\u00f9ng thu\u1ed1c ch\u1ed1ng \u0111\u00f4ng m\u00e1u. Ch\u00fang t\u00f4i cung c\u1ea5p thu\u1ed1c ch\u1ed1ng \u0111\u00f4ng m\u00e1u cho b\u1ec7nh nh\u00e2n v\u00e0 nh\u00e0 cung c\u1ea5p d\u1ecbch v\u1ee5 y t\u1ebf.","robots":{"index":"index","follow":"follow","max-snippet":"max-snippet:-1","max-image-preview":"max-image-preview:large","max-video-preview":"max-video-preview:-1"},"canonical":"https:\/\/ameripharmaspecialty.com\/vi\/conditions-treatments\/anticoagulants\/","og_locale":"vi_VN","og_type":"article","og_title":"Anticoagulants - AmeriPharma\u00ae Specialty Care","og_description":"Read the symptoms, condition, and treatment for patients who need anticoagulant. We dispense anticoagulants for patients and providers.","og_url":"https:\/\/ameripharmaspecialty.com\/vi\/conditions-treatments\/anticoagulants\/","og_site_name":"AmeriPharma\u00ae Specialty Care","article_publisher":"https:\/\/www.facebook.com\/ameripharma\/","article_modified_time":"2024-07-08T20:06:38+00:00","og_image":[{"width":400,"height":400,"url":"https:\/\/ameripharmaspecialty.com\/wp-content\/uploads\/2024\/07\/specialty-care-logo-large-square.png","type":"image\/png"}],"twitter_card":"summary_large_image","schema":{"@context":"https:\/\/schema.org","@graph":[{"@type":"WebPage","@id":"https:\/\/ameripharmaspecialty.com\/conditions-treatments\/anticoagulants\/","url":"https:\/\/ameripharmaspecialty.com\/conditions-treatments\/anticoagulants\/","name":"Thu\u1ed1c ch\u1ed1ng \u0111\u00f4ng m\u00e1u - Ch\u0103m s\u00f3c \u0111\u1eb7c bi\u1ec7t AmeriPharma\u00ae","isPartOf":{"@id":"https:\/\/ameripharmaspecialty.com\/#website"},"datePublished":"2023-12-15T20:56:54+00:00","dateModified":"2024-07-08T20:06:38+00:00","description":"\u0110\u1ecdc c\u00e1c tri\u1ec7u ch\u1ee9ng, t\u00ecnh tr\u1ea1ng v\u00e0 ph\u01b0\u01a1ng ph\u00e1p \u0111i\u1ec1u tr\u1ecb cho b\u1ec7nh nh\u00e2n c\u1ea7n d\u00f9ng thu\u1ed1c ch\u1ed1ng \u0111\u00f4ng m\u00e1u. Ch\u00fang t\u00f4i cung c\u1ea5p thu\u1ed1c ch\u1ed1ng \u0111\u00f4ng m\u00e1u cho b\u1ec7nh nh\u00e2n v\u00e0 nh\u00e0 cung c\u1ea5p d\u1ecbch v\u1ee5 y t\u1ebf.","breadcrumb":{"@id":"https:\/\/ameripharmaspecialty.com\/conditions-treatments\/anticoagulants\/#breadcrumb"},"inLanguage":"vi","potentialAction":[{"@type":"ReadAction","target":["https:\/\/ameripharmaspecialty.com\/conditions-treatments\/anticoagulants\/"]}]},{"@type":"BreadcrumbList","@id":"https:\/\/ameripharmaspecialty.com\/conditions-treatments\/anticoagulants\/#breadcrumb","itemListElement":[{"@type":"ListItem","position":1,"name":"Home","item":"https:\/\/ameripharmaspecialty.com\/es\/"},{"@type":"ListItem","position":2,"name":"Specialty Conditions and Medicines","item":"https:\/\/ameripharmaspecialty.com\/conditions-treatments\/"},{"@type":"ListItem","position":3,"name":"Anticoagulants"}]},{"@type":"WebSite","@id":"https:\/\/ameripharmaspecialty.com\/#website","url":"https:\/\/ameripharmaspecialty.com\/","name":"Ch\u0103m s\u00f3c \u0111\u1eb7c bi\u1ec7t AmeriPharma\u00ae","description":"Ch\u0103m s\u00f3c \u0111\u1eb7c bi\u1ec7t c\u1ee7a AmeriPharma","publisher":{"@id":"https:\/\/ameripharmaspecialty.com\/#organization"},"potentialAction":[{"@type":"SearchAction","target":{"@type":"EntryPoint","urlTemplate":"https:\/\/ameripharmaspecialty.com\/?s={search_term_string}"},"query-input":{"@type":"PropertyValueSpecification","valueRequired":true,"valueName":"search_term_string"}}],"inLanguage":"vi"},{"@type":"Organization","@id":"https:\/\/ameripharmaspecialty.com\/#organization","name":"Ch\u0103m s\u00f3c \u0111\u1eb7c bi\u1ec7t Ameripharma","url":"https:\/\/ameripharmaspecialty.com\/","logo":{"@type":"ImageObject","inLanguage":"vi","@id":"https:\/\/ameripharmaspecialty.com\/#\/schema\/logo\/image\/","url":"https:\/\/ameripharmaspecialty.com\/wp-content\/uploads\/2024\/07\/specialty-care-logo-large-square.png","contentUrl":"https:\/\/ameripharmaspecialty.com\/wp-content\/uploads\/2024\/07\/specialty-care-logo-large-square.png","width":400,"height":400,"caption":"Ameripharma Specialty Care"},"image":{"@id":"https:\/\/ameripharmaspecialty.com\/#\/schema\/logo\/image\/"},"sameAs":["https:\/\/www.facebook.com\/ameripharma\/"]}]}},"uagb_featured_image_src":{"full":false,"thumbnail":false,"medium":false,"medium_large":false,"large":false,"1536x1536":false,"2048x2048":false,"trp-custom-language-flag":false,"block-image-html-large":false,"ct-gallery":false,"ct-section-header":false,"ct-thumb":false,"ct-thumb-large":false,"ct-small":false,"ct-medium":false,"ct-xmedium":false,"ct-large":false},"uagb_author_info":{"display_name":"ameripharm3dev","author_link":"https:\/\/ameripharmaspecialty.com\/vi\/author\/ameripharm3dev\/"},"uagb_comment_info":0,"uagb_excerpt":null,"rttpg_featured_image_url":null,"rttpg_author":{"display_name":"ameripharm3dev","author_link":"https:\/\/ameripharmaspecialty.com\/vi\/author\/ameripharm3dev\/"},"rttpg_comment":0,"rttpg_category":false,"rttpg_excerpt":null,"_links":{"self":[{"href":"https:\/\/ameripharmaspecialty.com\/vi\/wp-json\/wp\/v2\/pages\/24113","targetHints":{"allow":["GET"]}}],"collection":[{"href":"https:\/\/ameripharmaspecialty.com\/vi\/wp-json\/wp\/v2\/pages"}],"about":[{"href":"https:\/\/ameripharmaspecialty.com\/vi\/wp-json\/wp\/v2\/types\/page"}],"author":[{"embeddable":true,"href":"https:\/\/ameripharmaspecialty.com\/vi\/wp-json\/wp\/v2\/users\/1"}],"replies":[{"embeddable":true,"href":"https:\/\/ameripharmaspecialty.com\/vi\/wp-json\/wp\/v2\/comments?post=24113"}],"version-history":[{"count":0,"href":"https:\/\/ameripharmaspecialty.com\/vi\/wp-json\/wp\/v2\/pages\/24113\/revisions"}],"up":[{"embeddable":true,"href":"https:\/\/ameripharmaspecialty.com\/vi\/wp-json\/wp\/v2\/pages\/44"}],"wp:attachment":[{"href":"https:\/\/ameripharmaspecialty.com\/vi\/wp-json\/wp\/v2\/media?parent=24113"}],"wp:term":[{"taxonomy":"category","embeddable":true,"href":"https:\/\/ameripharmaspecialty.com\/vi\/wp-json\/wp\/v2\/categories?post=24113"},{"taxonomy":"post_tag","embeddable":true,"href":"https:\/\/ameripharmaspecialty.com\/vi\/wp-json\/wp\/v2\/tags?post=24113"}],"curies":[{"name":"wp","href":"https:\/\/api.w.org\/{rel}","templated":true}]}}