{"id":23543,"date":"2023-11-10T18:02:48","date_gmt":"2023-11-10T18:02:48","guid":{"rendered":"https:\/\/ameripharmaspecialty.com\/?page_id=23543"},"modified":"2024-10-28T13:04:41","modified_gmt":"2024-10-28T20:04:41","slug":"hipaa","status":"publish","type":"page","link":"https:\/\/ameripharmaspecialty.com\/vi\/hipaa\/","title":{"rendered":"Tu\u00e2n th\u1ee7 HIPAA"},"content":{"rendered":"<h3 class=\"wp-block-heading\">Cam k\u1ebft c\u1ee7a AmeriPharma\u00ae Specialty Care \u0111\u1ed1i v\u1edbi HIPAA<\/h3>\n\n\n\n<ul class=\"wp-block-list\">\n<li>AmeriPharma\u00ae \u0111\u01b0\u1ee3c ph\u00e1p lu\u1eadt y\u00eau c\u1ea7u ph\u1ea3i b\u1ea3o v\u1ec7 v\u00e0 duy tr\u00ec quy\u1ec1n ri\u00eang t\u01b0 v\u00e0 b\u1ea3o m\u1eadt c\u1ee7a m\u1ecdi th\u00f4ng tin s\u1ee9c kh\u1ecfe m\u00e0 ch\u00fang t\u00f4i nh\u1eadn \u0111\u01b0\u1ee3c.<\/li>\n\n\n\n<li>N\u1ebfu v\u00ec l\u00fd do n\u00e0o \u0111\u00f3 x\u1ea3y ra vi ph\u1ea1m v\u00e0 th\u00f4ng tin c\u1ee7a b\u1ea1n b\u1ecb x\u00e2m ph\u1ea1m theo b\u1ea5t k\u1ef3 c\u00e1ch n\u00e0o, ch\u00fang t\u00f4i cam k\u1ebft s\u1ebd c\u1ea3nh b\u00e1o ngay cho c\u00e1c b\u00ean b\u1ecb \u1ea3nh h\u01b0\u1edfng v\u00e0 kh\u1eafc ph\u1ee5c vi ph\u1ea1m c\u00e0ng s\u1edbm c\u00e0ng t\u1ed1t.<\/li>\n\n\n\n<li>Ch\u00fang t\u00f4i cam k\u1ebft tu\u00e2n th\u1ee7 c\u00e1c nhi\u1ec7m v\u1ee5 v\u00e0 th\u1ef1c h\u00e0nh \u0111\u01b0\u1ee3c n\u00eau ra b\u1edfi&nbsp;<a href=\"https:\/\/www.hhs.gov\/hipaa\/for-individuals\/notice-privacy-practices\/index.html\" target=\"_blank\" rel=\"noreferrer noopener\">HIPAA<\/a>v\u00e0 cung c\u1ea5p cho b\u1ea1n m\u1ed9t b\u1ea3n sao Th\u00f4ng b\u00e1o v\u1ec1 Th\u1ef1c h\u00e0nh Quy\u1ec1n ri\u00eang t\u01b0 c\u1ee7a h\u1ecd.<\/li>\n\n\n\n<li>Ch\u00fang t\u00f4i cam k\u1ebft kh\u00f4ng bao gi\u1edd chia s\u1ebb th\u00f4ng tin c\u1ee7a b\u1ea1n m\u00e0 kh\u00f4ng c\u00f3 s\u1ef1 \u0111\u1ed3ng \u00fd tr\u01b0\u1edbc c\u1ee7a b\u1ea1n<\/li>\n<\/ul>\n\n\n\n<p>N\u1ebfu b\u1ea1n c\u00f3 b\u1ea5t k\u1ef3 c\u00e2u h\u1ecfi n\u00e0o v\u1ec1 ch\u00ednh s\u00e1ch tu\u00e2n th\u1ee7 HIPAA c\u1ee7a ch\u00fang t\u00f4i, vui l\u00f2ng li\u00ean h\u1ec7&nbsp;<a href=\"https:\/\/ameripharmaspecialty.com\/vi\/contact-us\/\">li\u00ean h\u1ec7 v\u1edbi ch\u00fang t\u00f4i tr\u1ef1c tuy\u1ebfn<\/a>&nbsp;ho\u1eb7c g\u1ecdi cho ch\u00fang t\u00f4i theo s\u1ed1 <a href=\"tel:8777780318\">(877) 778-0318<\/a>.<\/p>","protected":false},"excerpt":{"rendered":"<p>Cam k\u1ebft c\u1ee7a AmeriPharma\u00ae Specialty Care \u0111\u1ed1i v\u1edbi HIPAA N\u1ebfu b\u1ea1n c\u00f3 b\u1ea5t k\u1ef3 c\u00e2u h\u1ecfi n\u00e0o v\u1ec1 ch\u00ednh s\u00e1ch tu\u00e2n th\u1ee7 HIPAA c\u1ee7a ch\u00fang t\u00f4i, vui l\u00f2ng li\u00ean h\u1ec7 v\u1edbi ch\u00fang t\u00f4i tr\u1ef1c tuy\u1ebfn ho\u1eb7c g\u1ecdi cho ch\u00fang t\u00f4i theo s\u1ed1 (877) 778-0318.<\/p>","protected":false},"author":1,"featured_media":0,"parent":0,"menu_order":0,"comment_status":"closed","ping_status":"closed","template":"boxed-template.php","meta":{"_acf_changed":false,"om_disable_all_campaigns":false,"_uag_custom_page_level_css":"","footnotes":""},"categories":[],"tags":[],"class_list":["post-23543","page","type-page","status-publish","hentry"],"acf":[],"yoast_head":"<!-- This site is optimized with the Yoast SEO plugin v27.3 - https:\/\/yoast.com\/product\/yoast-seo-wordpress\/ -->\n<title>HIPAA Compliance Policy | AmeriPharma Specialty Pharmacy<\/title>\n<meta name=\"description\" content=\"Learn more about AmeriPharma Specialty Pharmacy\u2019s HIPAA compliance and how we are committed to protecting your information. Contact us for specialty treatments.\" \/>\n<meta name=\"robots\" content=\"index, follow, max-snippet:-1, max-image-preview:large, max-video-preview:-1\" \/>\n<link rel=\"canonical\" href=\"https:\/\/ameripharmaspecialty.com\/vi\/hipaa\/\" \/>\n<meta property=\"og:locale\" content=\"vi_VN\" \/>\n<meta property=\"og:type\" content=\"article\" \/>\n<meta property=\"og:title\" content=\"HIPAA Compliance Policy | AmeriPharma Specialty Pharmacy\" \/>\n<meta property=\"og:description\" content=\"Learn more about AmeriPharma Specialty Pharmacy\u2019s HIPAA compliance and how we are committed to protecting your information. Contact us for specialty treatments.\" \/>\n<meta property=\"og:url\" content=\"https:\/\/ameripharmaspecialty.com\/vi\/hipaa\/\" \/>\n<meta property=\"og:site_name\" content=\"AmeriPharma\u00ae Specialty Care\" \/>\n<meta property=\"article:publisher\" content=\"https:\/\/www.facebook.com\/ameripharma\/\" \/>\n<meta property=\"article:modified_time\" content=\"2024-10-28T20:04:41+00:00\" \/>\n<meta property=\"og:image\" content=\"https:\/\/ameripharmaspecialty.com\/wp-content\/uploads\/2024\/07\/specialty-care-logo-large-square.png\" \/>\n\t<meta property=\"og:image:width\" content=\"400\" \/>\n\t<meta property=\"og:image:height\" content=\"400\" \/>\n\t<meta property=\"og:image:type\" content=\"image\/png\" \/>\n<meta name=\"twitter:card\" content=\"summary_large_image\" \/>\n<meta name=\"twitter:label1\" content=\"Est. reading time\" \/>\n\t<meta name=\"twitter:data1\" content=\"1 ph\u00fat\" \/>\n<script type=\"application\/ld+json\" class=\"yoast-schema-graph\">{\"@context\":\"https:\\\/\\\/schema.org\",\"@graph\":[{\"@type\":\"WebPage\",\"@id\":\"https:\\\/\\\/ameripharmaspecialty.com\\\/hipaa\\\/\",\"url\":\"https:\\\/\\\/ameripharmaspecialty.com\\\/hipaa\\\/\",\"name\":\"HIPAA Compliance Policy | AmeriPharma Specialty Pharmacy\",\"isPartOf\":{\"@id\":\"https:\\\/\\\/ameripharmaspecialty.com\\\/#website\"},\"datePublished\":\"2023-11-10T18:02:48+00:00\",\"dateModified\":\"2024-10-28T20:04:41+00:00\",\"description\":\"Learn more about AmeriPharma Specialty Pharmacy\u2019s HIPAA compliance and how we are committed to protecting your information. Contact us for specialty treatments.\",\"breadcrumb\":{\"@id\":\"https:\\\/\\\/ameripharmaspecialty.com\\\/hipaa\\\/#breadcrumb\"},\"inLanguage\":\"vi\",\"potentialAction\":[{\"@type\":\"ReadAction\",\"target\":[\"https:\\\/\\\/ameripharmaspecialty.com\\\/hipaa\\\/\"]}]},{\"@type\":\"BreadcrumbList\",\"@id\":\"https:\\\/\\\/ameripharmaspecialty.com\\\/hipaa\\\/#breadcrumb\",\"itemListElement\":[{\"@type\":\"ListItem\",\"position\":1,\"name\":\"Home\",\"item\":\"https:\\\/\\\/ameripharmaspecialty.com\\\/es\\\/\"},{\"@type\":\"ListItem\",\"position\":2,\"name\":\"HIPAA Compliance\"}]},{\"@type\":\"WebSite\",\"@id\":\"https:\\\/\\\/ameripharmaspecialty.com\\\/#website\",\"url\":\"https:\\\/\\\/ameripharmaspecialty.com\\\/\",\"name\":\"AmeriPharma\u00ae Specialty Care\",\"description\":\"Specialty Care by AmeriPharma\",\"publisher\":{\"@id\":\"https:\\\/\\\/ameripharmaspecialty.com\\\/#organization\"},\"potentialAction\":[{\"@type\":\"SearchAction\",\"target\":{\"@type\":\"EntryPoint\",\"urlTemplate\":\"https:\\\/\\\/ameripharmaspecialty.com\\\/?s={search_term_string}\"},\"query-input\":{\"@type\":\"PropertyValueSpecification\",\"valueRequired\":true,\"valueName\":\"search_term_string\"}}],\"inLanguage\":\"vi\"},{\"@type\":\"Organization\",\"@id\":\"https:\\\/\\\/ameripharmaspecialty.com\\\/#organization\",\"name\":\"Ameripharma Specialty Care\",\"url\":\"https:\\\/\\\/ameripharmaspecialty.com\\\/\",\"logo\":{\"@type\":\"ImageObject\",\"inLanguage\":\"vi\",\"@id\":\"https:\\\/\\\/ameripharmaspecialty.com\\\/#\\\/schema\\\/logo\\\/image\\\/\",\"url\":\"https:\\\/\\\/ameripharmaspecialty.com\\\/wp-content\\\/uploads\\\/2024\\\/07\\\/specialty-care-logo-large-square.png\",\"contentUrl\":\"https:\\\/\\\/ameripharmaspecialty.com\\\/wp-content\\\/uploads\\\/2024\\\/07\\\/specialty-care-logo-large-square.png\",\"width\":400,\"height\":400,\"caption\":\"Ameripharma Specialty Care\"},\"image\":{\"@id\":\"https:\\\/\\\/ameripharmaspecialty.com\\\/#\\\/schema\\\/logo\\\/image\\\/\"},\"sameAs\":[\"https:\\\/\\\/www.facebook.com\\\/ameripharma\\\/\"]}]}<\/script>\n<!-- \/ Yoast SEO plugin. -->","yoast_head_json":{"title":"Ch\u00ednh s\u00e1ch tu\u00e2n th\u1ee7 HIPAA | Nh\u00e0 thu\u1ed1c chuy\u00ean khoa AmeriPharma","description":"T\u00ecm hi\u1ec3u th\u00eam v\u1ec1 vi\u1ec7c tu\u00e2n th\u1ee7 quy \u0111\u1ecbnh HIPAA c\u1ee7a Nh\u00e0 thu\u1ed1c Chuy\u00ean khoa AmeriPharma v\u00e0 c\u00e1ch ch\u00fang t\u00f4i cam k\u1ebft b\u1ea3o v\u1ec7 th\u00f4ng tin c\u1ee7a b\u1ea1n. Li\u00ean h\u1ec7 v\u1edbi ch\u00fang t\u00f4i \u0111\u1ec3 \u0111\u01b0\u1ee3c t\u01b0 v\u1ea5n v\u1ec1 c\u00e1c ph\u01b0\u01a1ng ph\u00e1p \u0111i\u1ec1u tr\u1ecb chuy\u00ean khoa.","robots":{"index":"index","follow":"follow","max-snippet":"max-snippet:-1","max-image-preview":"max-image-preview:large","max-video-preview":"max-video-preview:-1"},"canonical":"https:\/\/ameripharmaspecialty.com\/vi\/hipaa\/","og_locale":"vi_VN","og_type":"article","og_title":"HIPAA Compliance Policy | AmeriPharma Specialty Pharmacy","og_description":"Learn more about AmeriPharma Specialty Pharmacy\u2019s HIPAA compliance and how we are committed to protecting your information. Contact us for specialty treatments.","og_url":"https:\/\/ameripharmaspecialty.com\/vi\/hipaa\/","og_site_name":"AmeriPharma\u00ae Specialty Care","article_publisher":"https:\/\/www.facebook.com\/ameripharma\/","article_modified_time":"2024-10-28T20:04:41+00:00","og_image":[{"width":400,"height":400,"url":"https:\/\/ameripharmaspecialty.com\/wp-content\/uploads\/2024\/07\/specialty-care-logo-large-square.png","type":"image\/png"}],"twitter_card":"summary_large_image","twitter_misc":{"Est. reading time":"1 ph\u00fat"},"schema":{"@context":"https:\/\/schema.org","@graph":[{"@type":"WebPage","@id":"https:\/\/ameripharmaspecialty.com\/hipaa\/","url":"https:\/\/ameripharmaspecialty.com\/hipaa\/","name":"Ch\u00ednh s\u00e1ch tu\u00e2n th\u1ee7 HIPAA | Nh\u00e0 thu\u1ed1c chuy\u00ean khoa AmeriPharma","isPartOf":{"@id":"https:\/\/ameripharmaspecialty.com\/#website"},"datePublished":"2023-11-10T18:02:48+00:00","dateModified":"2024-10-28T20:04:41+00:00","description":"T\u00ecm hi\u1ec3u th\u00eam v\u1ec1 vi\u1ec7c tu\u00e2n th\u1ee7 quy \u0111\u1ecbnh HIPAA c\u1ee7a Nh\u00e0 thu\u1ed1c Chuy\u00ean khoa AmeriPharma v\u00e0 c\u00e1ch ch\u00fang t\u00f4i cam k\u1ebft b\u1ea3o v\u1ec7 th\u00f4ng tin c\u1ee7a b\u1ea1n. Li\u00ean h\u1ec7 v\u1edbi ch\u00fang t\u00f4i \u0111\u1ec3 \u0111\u01b0\u1ee3c t\u01b0 v\u1ea5n v\u1ec1 c\u00e1c ph\u01b0\u01a1ng ph\u00e1p \u0111i\u1ec1u tr\u1ecb chuy\u00ean khoa.","breadcrumb":{"@id":"https:\/\/ameripharmaspecialty.com\/hipaa\/#breadcrumb"},"inLanguage":"vi","potentialAction":[{"@type":"ReadAction","target":["https:\/\/ameripharmaspecialty.com\/hipaa\/"]}]},{"@type":"BreadcrumbList","@id":"https:\/\/ameripharmaspecialty.com\/hipaa\/#breadcrumb","itemListElement":[{"@type":"ListItem","position":1,"name":"Home","item":"https:\/\/ameripharmaspecialty.com\/es\/"},{"@type":"ListItem","position":2,"name":"HIPAA Compliance"}]},{"@type":"WebSite","@id":"https:\/\/ameripharmaspecialty.com\/#website","url":"https:\/\/ameripharmaspecialty.com\/","name":"Ch\u0103m s\u00f3c \u0111\u1eb7c bi\u1ec7t AmeriPharma\u00ae","description":"Ch\u0103m s\u00f3c \u0111\u1eb7c bi\u1ec7t c\u1ee7a AmeriPharma","publisher":{"@id":"https:\/\/ameripharmaspecialty.com\/#organization"},"potentialAction":[{"@type":"SearchAction","target":{"@type":"EntryPoint","urlTemplate":"https:\/\/ameripharmaspecialty.com\/?s={search_term_string}"},"query-input":{"@type":"PropertyValueSpecification","valueRequired":true,"valueName":"search_term_string"}}],"inLanguage":"vi"},{"@type":"Organization","@id":"https:\/\/ameripharmaspecialty.com\/#organization","name":"Ch\u0103m s\u00f3c \u0111\u1eb7c bi\u1ec7t Ameripharma","url":"https:\/\/ameripharmaspecialty.com\/","logo":{"@type":"ImageObject","inLanguage":"vi","@id":"https:\/\/ameripharmaspecialty.com\/#\/schema\/logo\/image\/","url":"https:\/\/ameripharmaspecialty.com\/wp-content\/uploads\/2024\/07\/specialty-care-logo-large-square.png","contentUrl":"https:\/\/ameripharmaspecialty.com\/wp-content\/uploads\/2024\/07\/specialty-care-logo-large-square.png","width":400,"height":400,"caption":"Ameripharma Specialty Care"},"image":{"@id":"https:\/\/ameripharmaspecialty.com\/#\/schema\/logo\/image\/"},"sameAs":["https:\/\/www.facebook.com\/ameripharma\/"]}]}},"uagb_featured_image_src":{"full":false,"thumbnail":false,"medium":false,"medium_large":false,"large":false,"1536x1536":false,"2048x2048":false,"trp-custom-language-flag":false,"block-image-html-large":false,"ct-gallery":false,"ct-section-header":false,"ct-thumb":false,"ct-thumb-large":false,"ct-small":false,"ct-medium":false,"ct-xmedium":false,"ct-large":false},"uagb_author_info":{"display_name":"ameripharm3dev","author_link":"https:\/\/ameripharmaspecialty.com\/vi\/author\/ameripharm3dev\/"},"uagb_comment_info":0,"uagb_excerpt":"AmeriPharma\u00ae Specialty Care&#8217;s Commitment to HIPAA If you have any questions about our HIPAA compliance policy, please feel free to&nbsp;contact us online&nbsp;or call us at (877) 778-0318.","rttpg_featured_image_url":null,"rttpg_author":{"display_name":"ameripharm3dev","author_link":"https:\/\/ameripharmaspecialty.com\/vi\/author\/ameripharm3dev\/"},"rttpg_comment":0,"rttpg_category":false,"rttpg_excerpt":"AmeriPharma\u00ae Specialty Care&#8217;s Commitment to HIPAA If you have any questions about our HIPAA compliance policy, please feel free to&nbsp;contact us online&nbsp;or call us at (877) 778-0318.","_links":{"self":[{"href":"https:\/\/ameripharmaspecialty.com\/vi\/wp-json\/wp\/v2\/pages\/23543","targetHints":{"allow":["GET"]}}],"collection":[{"href":"https:\/\/ameripharmaspecialty.com\/vi\/wp-json\/wp\/v2\/pages"}],"about":[{"href":"https:\/\/ameripharmaspecialty.com\/vi\/wp-json\/wp\/v2\/types\/page"}],"author":[{"embeddable":true,"href":"https:\/\/ameripharmaspecialty.com\/vi\/wp-json\/wp\/v2\/users\/1"}],"replies":[{"embeddable":true,"href":"https:\/\/ameripharmaspecialty.com\/vi\/wp-json\/wp\/v2\/comments?post=23543"}],"version-history":[{"count":0,"href":"https:\/\/ameripharmaspecialty.com\/vi\/wp-json\/wp\/v2\/pages\/23543\/revisions"}],"wp:attachment":[{"href":"https:\/\/ameripharmaspecialty.com\/vi\/wp-json\/wp\/v2\/media?parent=23543"}],"wp:term":[{"taxonomy":"category","embeddable":true,"href":"https:\/\/ameripharmaspecialty.com\/vi\/wp-json\/wp\/v2\/categories?post=23543"},{"taxonomy":"post_tag","embeddable":true,"href":"https:\/\/ameripharmaspecialty.com\/vi\/wp-json\/wp\/v2\/tags?post=23543"}],"curies":[{"name":"wp","href":"https:\/\/api.w.org\/{rel}","templated":true}]}}