{"id":63,"date":"2023-11-07T11:43:06","date_gmt":"2023-11-07T11:43:06","guid":{"rendered":"https:\/\/ameripharmaspecialty.com\/?page_id=63"},"modified":"2025-07-16T15:58:22","modified_gmt":"2025-07-16T22:58:22","slug":"customized-packaging-delivery","status":"publish","type":"page","link":"https:\/\/ameripharmaspecialty.com\/es\/customized-packaging-delivery\/","title":{"rendered":"Embalaje y entrega personalizados"},"content":{"rendered":"<style>\n.homeSpeciality {\npadding-bottom: 20px !important;\n}\n.careBlock {\npadding-top: 20px !important;\n}\n<\/style>\n\n\n\n<div  id=\"only-content-9bddc38fc9f2a263e7ce0917c5ff7c94\" style=\"\" class=\"container ct_content\">\n    <div class=\"block-wrap container\">\n                    <div class=\"simple_content\">\n                <h2 style=\"text-align: center;\">Entrega de recetas<\/h2>\n<p style=\"text-align: center;\">En <a href=\"\/es\/\">Cuidado especializado AmeriPharma\u00ae<\/a>Proporcionamos medicamentos dif\u00edciles de encontrar para casos complejos. <a href=\"https:\/\/ameripharmaspecialty.com\/es\/conditions-treatments\/\">condiciones<\/a> Y se los entregamos directamente a su domicilio. Con m\u00e1s de 20 a\u00f1os de experiencia en farmacia especializada y un equipo de farmac\u00e9uticos cl\u00ednicos atentos, le garantizamos un servicio excepcional. Descubra c\u00f3mo nuestra farmacia especializada simplifica el manejo de su afecci\u00f3n al brindarle servicios farmac\u00e9uticos dedicados a la atenci\u00f3n a largo plazo directamente en su hogar.<\/p>\n            <\/div>\n            <\/div>\n<\/div>\n\n\n\n<div style=\"height:50px\" aria-hidden=\"true\" class=\"wp-block-spacer\"><\/div>\n\n\n<style>\n\tbody .homeSpeciality .speciality-wrap .content .title span{\n\t\t\t\t\tmargin:0px;\n\t\t\t}\n\t\t.homeSpeciality .speciality-wrap.right .content{\n\t\t\t\n\t\t}\n<\/style>\n<div  id=\"home-speciality-eac1c2193983022393d50be8ecb152ad\" style=\"\" class=\"container homeSpeciality\">\n\t<div class=\"container\">\n\t\t<div class=\"speciality-wrap left\">\n\t\t\t<div class=\"content\">\n\t\t\t\t<h4 class=\"title\">\n\t\t\t\t\t\t\t\t\t\t<span>\n\t\t\t\t\t\tPedidos f\u00e1ciles, entrega a domicilio y asistencia con recetas a tiempo completo\t\t\t\t\t<\/span>\n\t\t\t\t<\/h4>\n\t\t\t\t<p class=\"description\">Al ofrecer una experiencia personalizada, un empaque pr\u00e1ctico y un costo menor, AmeriPharma\u00ae facilita el manejo de su afecci\u00f3n o el cuidado de un ser querido. Entregamos sus recetas especializadas directamente a su domicilio y le acompa\u00f1amos durante todo el tratamiento.\r\n<\/p>\n\t\t\t\t\t\t\t\t\t<a class=\"button\" href=\"https:\/\/ameripharmaspecialty.com\/es\/get-started\/\" target=\"_self\">Empezar<\/a>\n\t\t\t\t\n\t\t\t<\/div>\n\t\t\t\t\t\t\t<div class=\"image\">\n\t\t\t\t\t<img loading=\"lazy\" decoding=\"async\" width=\"1517\" height=\"1011\" src=\"https:\/\/ameripharmaspecialty.com\/wp-content\/uploads\/2024\/07\/Ameripharma_06_15_2023-48.jpg\" class=\"attachment-full size-full\" alt=\"convenient packaging and Delivery of Medicines\" srcset=\"https:\/\/ameripharmaspecialty.com\/wp-content\/uploads\/2024\/07\/Ameripharma_06_15_2023-48.jpg 1517w, https:\/\/ameripharmaspecialty.com\/wp-content\/uploads\/2024\/07\/Ameripharma_06_15_2023-48-300x200.jpg 300w, https:\/\/ameripharmaspecialty.com\/wp-content\/uploads\/2024\/07\/Ameripharma_06_15_2023-48-1024x682.jpg 1024w, https:\/\/ameripharmaspecialty.com\/wp-content\/uploads\/2024\/07\/Ameripharma_06_15_2023-48-768x512.jpg 768w, https:\/\/ameripharmaspecialty.com\/wp-content\/uploads\/2024\/07\/Ameripharma_06_15_2023-48-600x400.jpg 600w, https:\/\/ameripharmaspecialty.com\/wp-content\/uploads\/2024\/07\/Ameripharma_06_15_2023-48-330x220.jpg 330w, https:\/\/ameripharmaspecialty.com\/wp-content\/uploads\/2024\/07\/Ameripharma_06_15_2023-48-86x57.jpg 86w, https:\/\/ameripharmaspecialty.com\/wp-content\/uploads\/2024\/07\/Ameripharma_06_15_2023-48-167x111.jpg 167w, https:\/\/ameripharmaspecialty.com\/wp-content\/uploads\/2024\/07\/Ameripharma_06_15_2023-48-280x187.jpg 280w, https:\/\/ameripharmaspecialty.com\/wp-content\/uploads\/2024\/07\/Ameripharma_06_15_2023-48-370x247.jpg 370w, https:\/\/ameripharmaspecialty.com\/wp-content\/uploads\/2024\/07\/Ameripharma_06_15_2023-48-960x640.jpg 960w, https:\/\/ameripharmaspecialty.com\/wp-content\/uploads\/2024\/07\/Ameripharma_06_15_2023-48-1280x853.jpg 1280w\" sizes=\"auto, (max-width: 1517px) 100vw, 1517px\" \/>\t\t\t\t<\/div>\n\t\t\t\t\t<\/div>\n\t<\/div>\n<\/div>\n\n\n\n<div  id=\"call-to-action-381998f9dad4ec922220b4625c98bc3d\" style=\"\" class=\"ct_call_to_action\">\n\t<div class=\"container\">\n\t\t<div class=\"block-wrap cta\">\n\t\t\t<div class=\"block-column\">\n\t\t\t\t<div class=\"cta_headings\">\n\t\t\t\t\t\t\t\t\t\t\t<h4 class=\"cta__heading\">\n\t\t\t\t\t\t\tReciba sus medicamentos en su domicilio\t\t\t\t\t\t<\/h4>\n\t\t\t\t\t\t\t\t\t\t\t\t\t\t\t\t<span class=\"cta__sub__heading\">\n\t\t\t\t\t\t\tLlame con la informaci\u00f3n de su receta y le entregaremos todos los medicamentos necesarios directamente a su puerta, en 24 a 48 horas, e incluso m\u00e1s r\u00e1pido en casos urgentes.\t\t\t\t\t\t<\/span>\n\t\t\t\t\t\t\t\t\t<\/div>\n\t\t\t\t\t\t\t<\/div>\n\n\t\t<\/div>\n\t<\/div>\n<\/div>\n\n\n\n<div  id=\"care-for-complex-therapies-82d38d4c2b7855b09cf9c9bc02a5adc2\" style=\"\" class=\"careBlock\">\n\t<div class=\"container\">\n\t\t<div class=\"careBlock-wrap\">\n\t\t\t<h2 class=\"title\">\n\t\t\t\tC\u00f3mo nuestro servicio de entrega de recetas facilita la terapia especializada\t\t\t<\/h2>\n\t\t\t<p class=\"text\">\n\t\t\t\t\t\t\t<\/p>\n\t\t\t\t\t\t\t<ul class=\"list\">\n\t\t\t\t\t\t\t\t\t\t\t<li class=\"list-item\">\n\t\t\t\t\t\t\t<img loading=\"lazy\" decoding=\"async\" width=\"105\" height=\"97\" src=\"https:\/\/ameripharmaspecialty.com\/wp-content\/uploads\/2024\/12\/Vector1.svg\" class=\"attachment-full size-full\" alt=\"Convenient Packaging and Delivery Icon\" \/>\t\t\t\t\t\t\t<div class=\"content\">\n\t\t\t\t\t\t\t\t<h4 class=\"step-title\">Embalaje y entrega convenientes<\/h4>\n\t\t\t\t\t\t\t\t<p class=\"description\">Todos los medicamentos se entregan directamente a su domicilio, siguiendo estrictamente las instrucciones del m\u00e9dico y del fabricante. Entrega gratuita al d\u00eda siguiente y el mismo d\u00eda con seguimiento en tiempo real. Si tiene varias recetas, nuestro servicio patentado... <a href=\"https:\/\/medbox.com\" target=\"_blank\">MedBox<\/a> Elimina las dudas sobre la toma de sus medicamentos sin costo adicional. <a href=\"https:\/\/medbox.com\" target=\"_blank\">MedBox<\/a> Combina todos tus medicamentos en paquetes con fecha y hora impresas, para que sepas f\u00e1cilmente cu\u00e1ndo tomar cada dosis.<\/p>\n\t\t\t\t\t\t\t<\/div>\n\t\t\t\t\t\t<\/li>\n\t\t\t\t\t\t\t\t\t\t\t<li class=\"list-item\">\n\t\t\t\t\t\t\t<img loading=\"lazy\" decoding=\"async\" width=\"87\" height=\"98\" src=\"https:\/\/ameripharmaspecialty.com\/wp-content\/uploads\/2024\/12\/Vector2.svg\" class=\"attachment-full size-full\" alt=\"Ongoing Support Icon\" \/>\t\t\t\t\t\t\t<div class=\"content\">\n\t\t\t\t\t\t\t\t<h4 class=\"step-title\">Apoyo continuo en cada paso<\/h4>\n\t\t\t\t\t\t\t\t<p class=\"description\">Con la entrega de su primera receta, le asignaremos un asesor de atenci\u00f3n al paciente que se pondr\u00e1 en contacto con usted peri\u00f3dicamente. Se asegurar\u00e1 de que su plan de tratamiento sea claro y f\u00e1cil de seguir, y responder\u00e1 a todas sus preguntas durante el proceso. Nuestra farmacia de entrega a domicilio considera que la comunicaci\u00f3n constante y significativa, as\u00ed como el apoyo cl\u00ednico, son esenciales para un tratamiento exitoso.<\/p>\n\t\t\t\t\t\t\t<\/div>\n\t\t\t\t\t\t<\/li>\n\t\t\t\t\t\t\t\t\t\t\t<li class=\"list-item\">\n\t\t\t\t\t\t\t<img loading=\"lazy\" decoding=\"async\" width=\"113\" height=\"99\" src=\"https:\/\/ameripharmaspecialty.com\/wp-content\/uploads\/2024\/12\/Group21.svg\" class=\"attachment-full size-full\" alt=\"Financial Assistance Icon\" \/>\t\t\t\t\t\t\t<div class=\"content\">\n\t\t\t\t\t\t\t\t<h4 class=\"step-title\">Asistencia financiera<\/h4>\n\t\t\t\t\t\t\t\t<p class=\"description\">Los medicamentos complejos pueden ser costosos. Por eso, hablaremos con compa\u00f1\u00edas de seguros e instituciones financieras en su nombre. Nuestros especialistas en ayuda financiera son expertos en identificar los mejores descuentos y el apoyo de la fundaci\u00f3n seg\u00fan cada caso, ayudando con la asistencia con los copagos y minimizando los gastos de bolsillo.<\/p>\n\t\t\t\t\t\t\t<\/div>\n\t\t\t\t\t\t<\/li>\n\t\t\t\t\t\t\t\t\t\t\t<li class=\"list-item\">\n\t\t\t\t\t\t\t<img loading=\"lazy\" decoding=\"async\" width=\"78\" height=\"98\" src=\"https:\/\/ameripharmaspecialty.com\/wp-content\/uploads\/2024\/12\/Vector3.svg\" class=\"attachment-full size-full\" alt=\"Cutting-Edge Science Icon\" \/>\t\t\t\t\t\t\t<div class=\"content\">\n\t\t\t\t\t\t\t\t<h4 class=\"step-title\">Ciencia de vanguardia<\/h4>\n\t\t\t\t\t\t\t\t<p class=\"description\">En AmeriPharma, nos comprometemos a mantenernos al d\u00eda con los nuevos estudios y productos farmac\u00e9uticos. Adem\u00e1s de la c\u00f3moda entrega de recetas, colaboramos con su m\u00e9dico en los avances terap\u00e9uticos para su afecci\u00f3n. Tambi\u00e9n incorporamos la tecnolog\u00eda m\u00e1s avanzada en cada aspecto de su tratamiento, incluyendo el almacenamiento, procesamiento y administraci\u00f3n de sus medicamentos.<\/p>\n\t\t\t\t\t\t\t<\/div>\n\t\t\t\t\t\t<\/li>\n\t\t\t\t\t\t\t\t\t\t\t<li class=\"list-item\">\n\t\t\t\t\t\t\t<img loading=\"lazy\" decoding=\"async\" width=\"89\" height=\"98\" src=\"https:\/\/ameripharmaspecialty.com\/wp-content\/uploads\/2024\/12\/Vector4.svg\" class=\"attachment-full size-full\" alt=\"Friendly Team Icon\" \/>\t\t\t\t\t\t\t<div class=\"content\">\n\t\t\t\t\t\t\t\t<h4 class=\"step-title\">Equipo amigable de expertos de la industria<\/h4>\n\t\t\t\t\t\t\t\t<p class=\"description\">Nuestro equipo de farmac\u00e9uticos cl\u00ednicos e investigadores colabora con m\u00e9dicos, fabricantes y compa\u00f1\u00edas de seguros para brindarle una experiencia incomparable y soporte de servicio completo.<\/p>\n\t\t\t\t\t\t\t<\/div>\n\t\t\t\t\t\t<\/li>\n\t\t\t\t\t\t\t\t\t\t\t<li class=\"list-item\">\n\t\t\t\t\t\t\t<img loading=\"lazy\" decoding=\"async\" width=\"95\" height=\"95\" src=\"https:\/\/ameripharmaspecialty.com\/wp-content\/uploads\/2024\/12\/Group20.svg\" class=\"attachment-full size-full\" alt=\"24\/7\/365 Icon\" \/>\t\t\t\t\t\t\t<div class=\"content\">\n\t\t\t\t\t\t\t\t<h4 class=\"step-title\">Ayuda cuando la necesitas<\/h4>\n\t\t\t\t\t\t\t\t<p class=\"description\">Nuestro personal de farmacia con entrega a domicilio est\u00e1 disponible las 24 horas, los 7 d\u00edas de la semana, los 365 d\u00edas del a\u00f1o para escucharle y asesorarle sobre cualquier problema que pueda surgir. Estamos a su disposici\u00f3n si tiene alguna pregunta sobre su plan de tratamiento o si necesita una entrega urgente.<\/p>\n\t\t\t\t\t\t\t<\/div>\n\t\t\t\t\t\t<\/li>\n\t\t\t\t\t\t\t\t\t<\/ul>\n\t\t\t\t\t<\/div>\n\t<\/div>\n<\/div>\n\n\n\n<p><\/p>\n\n\n\n<div  id=\"only-content-92d46552a2d747c5a2da0380bf15b614\" style=\"\" class=\"ct_content\">\n    <div class=\"block-wrap container\">\n                    <div class=\"simple_content\">\n                <p><img loading=\"lazy\" decoding=\"async\" class=\"wp-image-25619 size-full aligncenter hide-on-mobile\" src=\"https:\/\/ameripharmaspecialty.com\/wp-content\/uploads\/2024\/10\/SP-banner_Patients-say-were-the-best.png\" alt=\"Promotional banner with the text \"patients say we're the best\" in bold typography.\" width=\"1024\" height=\"279\" \/><br \/>\n<img decoding=\"async\" class=\"size-full mobile-only aligncenter\" src=\"https:\/\/ameripharmaspecialty.com\/wp-content\/uploads\/2024\/10\/SP-banner_Patients-say-were-the-best.png\" \/><\/p>\n            <\/div>\n            <\/div>\n<\/div>\n\n\n\n<div style=\"height:50px\" aria-hidden=\"true\" class=\"wp-block-spacer\"><\/div>\n\n\n\n<div  id=\"reviews-4521d8201e99b21b219c073c841369cd\" style=\"\" class=\"reviewsBlock\">\n\t<div class=\"container\">\n\t\t<div class=\"reviewsWrapper\">\n\t\t\t<h2 class=\"title\">Escuche directamente a nuestros pacientes<\/h2>\n\t\t\t<iframe src=\"https:\/\/embedsocial.com\/api\/pro_hashtag\/4c12dcb534900d7b835c65b72f9f716fce0cb80b\/?origin=https%3A%2F%2Fameripharmaspecialty.com\" id=\"embedIFrame_4c12dcb534900d7b835c65b72f9f716fce0cb80b\" class=\"embedsocial-hashtag-iframe\" title=\"Widget universal de EmbedSocial\" scrolling=\"no\" webkitallowfullscreen=\"true\" mozallowfullscreen=\"true\" allowfullscreen=\"true\" style=\"width: 100%; height: 359px; border: 0px; overflow: hidden;\"><\/iframe>\n\t\t\t\t\t\t\t<div class=\"button-wrap\">\n\t\t\t\t\t<a class=\"button\" href=\"https:\/\/ameripharmaspecialty.com\/es\/testimonials\/\" target=\"_self\">Ver m\u00e1s rese\u00f1as<\/a>\n\t\t\t\t<\/div>\n\t\t\t\t\t<\/div>\n\t<\/div>\n<\/div>\n\n\n<div  id=\"call-to-action-25b8f5d41879240425312d92f856af62\" style=\"\" class=\"ct_call_to_action\">\n\t<div class=\"container\">\n\t\t<div class=\"block-wrap cta\">\n\t\t\t<div class=\"block-column\">\n\t\t\t\t<div class=\"cta_headings\">\n\t\t\t\t\t\t\t\t\t\t\t<h4 class=\"cta__heading\">\n\t\t\t\t\t\t\tEmpiece con nosotros\t\t\t\t\t\t<\/h4>\n\t\t\t\t\t\t\t\t\t\t\t\t\t\t\t\t<span class=\"cta__sub__heading\">\n\t\t\t\t\t\t\t\u00bfTiene preguntas sobre c\u00f3mo transferir sus recetas a AmeriPharma\u00ae? \u00bfListo para realizar su primer pedido de medicamentos? Ll\u00e1menos al <a href=\"tel:8777780318\"> (877) 778-0318 <\/a> O cont\u00e1ctenos en l\u00ednea para recibir sus recetas con confianza. Perm\u00edtanos ayudarle a simplificar sus medicamentos para que pueda concentrarse en su salud.\t\t\t\t\t\t<\/span>\n\t\t\t\t\t\t\t\t\t<\/div>\n\t\t\t\t\t\t\t\t\t<span class=\"cta_btn\">\n\t\t\t\t\t\t<a href=\"\/es\/get-started\/\">Empezar<\/a>\n\t\t\t\t\t\t\t\t\t\t\t<\/span>\n\t\t\t\t\t\t\t<\/div>\n\n\t\t<\/div>\n\t<\/div>\n<\/div>","protected":false},"excerpt":{"rendered":"","protected":false},"author":1,"featured_media":0,"parent":0,"menu_order":0,"comment_status":"closed","ping_status":"closed","template":"","meta":{"_acf_changed":true,"om_disable_all_campaigns":false,"_uag_custom_page_level_css":"","footnotes":""},"categories":[],"tags":[],"class_list":["post-63","page","type-page","status-publish","hentry"],"acf":[],"yoast_head":"<!-- This site is optimized with the Yoast SEO plugin v27.4 - https:\/\/yoast.com\/product\/yoast-seo-wordpress\/ -->\n<title>Customized Packaging &amp; Delivery - AmeriPharma\u00ae Specialty Care<\/title>\n<meta name=\"robots\" content=\"index, follow, max-snippet:-1, max-image-preview:large, max-video-preview:-1\" \/>\n<link rel=\"canonical\" href=\"https:\/\/ameripharmaspecialty.com\/es\/customized-packaging-delivery\/\" \/>\n<meta property=\"og:locale\" content=\"es_MX\" \/>\n<meta property=\"og:type\" content=\"article\" \/>\n<meta property=\"og:title\" content=\"Customized Packaging &amp; Delivery - AmeriPharma\u00ae Specialty Care\" \/>\n<meta property=\"og:url\" content=\"https:\/\/ameripharmaspecialty.com\/es\/customized-packaging-delivery\/\" \/>\n<meta property=\"og:site_name\" content=\"AmeriPharma\u00ae Specialty Care\" \/>\n<meta property=\"article:publisher\" content=\"https:\/\/www.facebook.com\/ameripharma\/\" \/>\n<meta property=\"article:modified_time\" content=\"2025-07-16T22:58:22+00:00\" \/>\n<meta property=\"og:image\" content=\"https:\/\/ameripharmaspecialty.com\/wp-content\/uploads\/2024\/07\/specialty-care-logo-large-square.png\" \/>\n\t<meta property=\"og:image:width\" content=\"400\" \/>\n\t<meta property=\"og:image:height\" content=\"400\" \/>\n\t<meta property=\"og:image:type\" content=\"image\/png\" \/>\n<meta name=\"twitter:card\" content=\"summary_large_image\" \/>\n<script type=\"application\/ld+json\" class=\"yoast-schema-graph\">{\"@context\":\"https:\\\/\\\/schema.org\",\"@graph\":[{\"@type\":\"WebPage\",\"@id\":\"https:\\\/\\\/ameripharmaspecialty.com\\\/customized-packaging-delivery\\\/\",\"url\":\"https:\\\/\\\/ameripharmaspecialty.com\\\/customized-packaging-delivery\\\/\",\"name\":\"Customized Packaging & Delivery - AmeriPharma\u00ae Specialty Care\",\"isPartOf\":{\"@id\":\"https:\\\/\\\/ameripharmaspecialty.com\\\/#website\"},\"datePublished\":\"2023-11-07T11:43:06+00:00\",\"dateModified\":\"2025-07-16T22:58:22+00:00\",\"breadcrumb\":{\"@id\":\"https:\\\/\\\/ameripharmaspecialty.com\\\/customized-packaging-delivery\\\/#breadcrumb\"},\"inLanguage\":\"es\",\"potentialAction\":[{\"@type\":\"ReadAction\",\"target\":[\"https:\\\/\\\/ameripharmaspecialty.com\\\/customized-packaging-delivery\\\/\"]}]},{\"@type\":\"BreadcrumbList\",\"@id\":\"https:\\\/\\\/ameripharmaspecialty.com\\\/customized-packaging-delivery\\\/#breadcrumb\",\"itemListElement\":[{\"@type\":\"ListItem\",\"position\":1,\"name\":\"Home\",\"item\":\"https:\\\/\\\/ameripharmaspecialty.com\\\/vi\\\/\"},{\"@type\":\"ListItem\",\"position\":2,\"name\":\"Customized Packaging &#038; Delivery\"}]},{\"@type\":\"WebSite\",\"@id\":\"https:\\\/\\\/ameripharmaspecialty.com\\\/#website\",\"url\":\"https:\\\/\\\/ameripharmaspecialty.com\\\/\",\"name\":\"AmeriPharma\u00ae Specialty Care\",\"description\":\"Specialty Care by AmeriPharma\",\"publisher\":{\"@id\":\"https:\\\/\\\/ameripharmaspecialty.com\\\/#organization\"},\"potentialAction\":[{\"@type\":\"SearchAction\",\"target\":{\"@type\":\"EntryPoint\",\"urlTemplate\":\"https:\\\/\\\/ameripharmaspecialty.com\\\/?s={search_term_string}\"},\"query-input\":{\"@type\":\"PropertyValueSpecification\",\"valueRequired\":true,\"valueName\":\"search_term_string\"}}],\"inLanguage\":\"es\"},{\"@type\":\"Organization\",\"@id\":\"https:\\\/\\\/ameripharmaspecialty.com\\\/#organization\",\"name\":\"Ameripharma Specialty Care\",\"url\":\"https:\\\/\\\/ameripharmaspecialty.com\\\/\",\"logo\":{\"@type\":\"ImageObject\",\"inLanguage\":\"es\",\"@id\":\"https:\\\/\\\/ameripharmaspecialty.com\\\/#\\\/schema\\\/logo\\\/image\\\/\",\"url\":\"https:\\\/\\\/ameripharmaspecialty.com\\\/wp-content\\\/uploads\\\/2024\\\/07\\\/specialty-care-logo-large-square.png\",\"contentUrl\":\"https:\\\/\\\/ameripharmaspecialty.com\\\/wp-content\\\/uploads\\\/2024\\\/07\\\/specialty-care-logo-large-square.png\",\"width\":400,\"height\":400,\"caption\":\"Ameripharma Specialty Care\"},\"image\":{\"@id\":\"https:\\\/\\\/ameripharmaspecialty.com\\\/#\\\/schema\\\/logo\\\/image\\\/\"},\"sameAs\":[\"https:\\\/\\\/www.facebook.com\\\/ameripharma\\\/\"]}]}<\/script>\n<!-- \/ Yoast SEO plugin. -->","yoast_head_json":{"title":"Embalaje y entrega personalizados - AmeriPharma\u00ae Specialty Care","robots":{"index":"index","follow":"follow","max-snippet":"max-snippet:-1","max-image-preview":"max-image-preview:large","max-video-preview":"max-video-preview:-1"},"canonical":"https:\/\/ameripharmaspecialty.com\/es\/customized-packaging-delivery\/","og_locale":"es_MX","og_type":"article","og_title":"Customized Packaging & Delivery - AmeriPharma\u00ae Specialty Care","og_url":"https:\/\/ameripharmaspecialty.com\/es\/customized-packaging-delivery\/","og_site_name":"AmeriPharma\u00ae Specialty Care","article_publisher":"https:\/\/www.facebook.com\/ameripharma\/","article_modified_time":"2025-07-16T22:58:22+00:00","og_image":[{"width":400,"height":400,"url":"https:\/\/ameripharmaspecialty.com\/wp-content\/uploads\/2024\/07\/specialty-care-logo-large-square.png","type":"image\/png"}],"twitter_card":"summary_large_image","schema":{"@context":"https:\/\/schema.org","@graph":[{"@type":"WebPage","@id":"https:\/\/ameripharmaspecialty.com\/customized-packaging-delivery\/","url":"https:\/\/ameripharmaspecialty.com\/customized-packaging-delivery\/","name":"Embalaje y entrega personalizados - AmeriPharma\u00ae Specialty Care","isPartOf":{"@id":"https:\/\/ameripharmaspecialty.com\/#website"},"datePublished":"2023-11-07T11:43:06+00:00","dateModified":"2025-07-16T22:58:22+00:00","breadcrumb":{"@id":"https:\/\/ameripharmaspecialty.com\/customized-packaging-delivery\/#breadcrumb"},"inLanguage":"es","potentialAction":[{"@type":"ReadAction","target":["https:\/\/ameripharmaspecialty.com\/customized-packaging-delivery\/"]}]},{"@type":"BreadcrumbList","@id":"https:\/\/ameripharmaspecialty.com\/customized-packaging-delivery\/#breadcrumb","itemListElement":[{"@type":"ListItem","position":1,"name":"Home","item":"https:\/\/ameripharmaspecialty.com\/vi\/"},{"@type":"ListItem","position":2,"name":"Customized Packaging &#038; Delivery"}]},{"@type":"WebSite","@id":"https:\/\/ameripharmaspecialty.com\/#website","url":"https:\/\/ameripharmaspecialty.com\/","name":"Cuidado especializado AmeriPharma\u00ae","description":"Atenci\u00f3n especializada por AmeriPharma","publisher":{"@id":"https:\/\/ameripharmaspecialty.com\/#organization"},"potentialAction":[{"@type":"SearchAction","target":{"@type":"EntryPoint","urlTemplate":"https:\/\/ameripharmaspecialty.com\/?s={search_term_string}"},"query-input":{"@type":"PropertyValueSpecification","valueRequired":true,"valueName":"search_term_string"}}],"inLanguage":"es"},{"@type":"Organization","@id":"https:\/\/ameripharmaspecialty.com\/#organization","name":"Atenci\u00f3n especializada de Ameripharma","url":"https:\/\/ameripharmaspecialty.com\/","logo":{"@type":"ImageObject","inLanguage":"es","@id":"https:\/\/ameripharmaspecialty.com\/#\/schema\/logo\/image\/","url":"https:\/\/ameripharmaspecialty.com\/wp-content\/uploads\/2024\/07\/specialty-care-logo-large-square.png","contentUrl":"https:\/\/ameripharmaspecialty.com\/wp-content\/uploads\/2024\/07\/specialty-care-logo-large-square.png","width":400,"height":400,"caption":"Ameripharma Specialty Care"},"image":{"@id":"https:\/\/ameripharmaspecialty.com\/#\/schema\/logo\/image\/"},"sameAs":["https:\/\/www.facebook.com\/ameripharma\/"]}]}},"uagb_featured_image_src":{"full":false,"thumbnail":false,"medium":false,"medium_large":false,"large":false,"1536x1536":false,"2048x2048":false,"trp-custom-language-flag":false,"block-image-html-large":false,"ct-gallery":false,"ct-section-header":false,"ct-thumb":false,"ct-thumb-large":false,"ct-small":false,"ct-medium":false,"ct-xmedium":false,"ct-large":false},"uagb_author_info":{"display_name":"ameripharm3dev","author_link":"https:\/\/ameripharmaspecialty.com\/es\/author\/ameripharm3dev\/"},"uagb_comment_info":0,"uagb_excerpt":null,"rttpg_featured_image_url":null,"rttpg_author":{"display_name":"ameripharm3dev","author_link":"https:\/\/ameripharmaspecialty.com\/es\/author\/ameripharm3dev\/"},"rttpg_comment":0,"rttpg_category":false,"rttpg_excerpt":null,"_links":{"self":[{"href":"https:\/\/ameripharmaspecialty.com\/es\/wp-json\/wp\/v2\/pages\/63","targetHints":{"allow":["GET"]}}],"collection":[{"href":"https:\/\/ameripharmaspecialty.com\/es\/wp-json\/wp\/v2\/pages"}],"about":[{"href":"https:\/\/ameripharmaspecialty.com\/es\/wp-json\/wp\/v2\/types\/page"}],"author":[{"embeddable":true,"href":"https:\/\/ameripharmaspecialty.com\/es\/wp-json\/wp\/v2\/users\/1"}],"replies":[{"embeddable":true,"href":"https:\/\/ameripharmaspecialty.com\/es\/wp-json\/wp\/v2\/comments?post=63"}],"version-history":[{"count":0,"href":"https:\/\/ameripharmaspecialty.com\/es\/wp-json\/wp\/v2\/pages\/63\/revisions"}],"wp:attachment":[{"href":"https:\/\/ameripharmaspecialty.com\/es\/wp-json\/wp\/v2\/media?parent=63"}],"wp:term":[{"taxonomy":"category","embeddable":true,"href":"https:\/\/ameripharmaspecialty.com\/es\/wp-json\/wp\/v2\/categories?post=63"},{"taxonomy":"post_tag","embeddable":true,"href":"https:\/\/ameripharmaspecialty.com\/es\/wp-json\/wp\/v2\/tags?post=63"}],"curies":[{"name":"gracias","href":"https:\/\/api.w.org\/{rel}","templated":true}]}}