{"id":48,"date":"2023-11-02T18:35:44","date_gmt":"2023-11-02T18:35:44","guid":{"rendered":"https:\/\/ameripharmaspecialty.com\/?page_id=48"},"modified":"2025-07-16T16:05:27","modified_gmt":"2025-07-16T23:05:27","slug":"providers","status":"publish","type":"page","link":"https:\/\/ameripharmaspecialty.com\/es\/providers\/","title":{"rendered":"Proveedores"},"content":{"rendered":"<div  id=\"call-to-action-aeebef300ed85b742626a976dff39c3c\" style=\"\" class=\"ct_call_to_action\">\n\t<div class=\"container\">\n\t\t<div class=\"block-wrap cta\">\n\t\t\t<div class=\"block-column\">\n\t\t\t\t<div class=\"cta_headings\">\n\t\t\t\t\t\t\t\t\t\t\t<h4 class=\"cta__heading\">\n\t\t\t\t\t\t\tBrinde una atenci\u00f3n excelente con la Farmacia Especializada AmeriPharma\u00ae.\t\t\t\t\t\t<\/h4>\n\t\t\t\t\t\t\t\t\t\t\t\t\t\t\t\t<span class=\"cta__sub__heading\">\n\t\t\t\t\t\t\tDesde la asistencia con autorizaciones previas hasta la atenci\u00f3n domiciliaria, colaboramos estrechamente con profesionales de la salud especializados para ofrecer una coordinaci\u00f3n integral de servicios a los pacientes. Con el apoyo 24\/7 de un equipo de especialistas en atenci\u00f3n al paciente, podemos ayudarle a mejorar los resultados de sus pacientes.\t\t\t\t\t\t<\/span>\n\t\t\t\t\t\t\t\t\t<\/div>\n\t\t\t\t\t\t\t\t\t<span class=\"cta_btn\">\n\t\t\t\t\t\t<a href=\"\/es\/providers-overview\/\">M\u00e1s informaci\u00f3n<\/a>\n\t\t\t\t\t\t\t\t\t\t\t<\/span>\n\t\t\t\t\t\t\t<\/div>\n\n\t\t<\/div>\n\t<\/div>\n<\/div>\n\n\n<style>\n\tbody .homeSpeciality .speciality-wrap .content .title span{\n\t\t\t\t\tmargin:0px;\n\t\t\t}\n\t\t.homeSpeciality .speciality-wrap.right .content{\n\t\t\t\n\t\t}\n<\/style>\n<div  id=\"home-speciality-22483f24a628880bea789321f493b689\" style=\"\" class=\"homeSpeciality\">\n\t<div class=\"container\">\n\t\t<div class=\"speciality-wrap left\">\n\t\t\t<div class=\"content\">\n\t\t\t\t<h4 class=\"title\">\n\t\t\t\t\t\t\t\t\t\t<span>\n\t\t\t\t\t\tRed Integral de Seguros\t\t\t\t\t<\/span>\n\t\t\t\t<\/h4>\n\t\t\t\t<p class=\"description\">Aceptamos diversos planes de seguro en m\u00e1s de 40 estados y territorios de EE. UU., incluyendo Medicare, Medicaid, Anthem Blue Cross PPO, Blue Shield, Central Health, UMR y m\u00e1s. Algunos seguros exclusivos de California que aceptamos incluyen Advantage Care IPA, Brand New Day, CalViva y Servicios para Ni\u00f1os de California. Consulte la lista completa de <a href=\"https:\/\/ameripharmaspecialty.com\/es\/insurances-networks-accepted\/\">seguros y redes<\/a> Trabajamos con.<\/p>\n\t\t\t\t\n\t\t\t<\/div>\n\t\t\t\t\t\t\t<div class=\"image\">\n\t\t\t\t\t<img loading=\"lazy\" decoding=\"async\" width=\"1200\" height=\"500\" src=\"https:\/\/ameripharmaspecialty.com\/wp-content\/uploads\/2024\/01\/specialty-healthcare-medical-team-1-1200x500-1.jpg\" class=\"attachment-full size-full\" alt=\"Specialty healthcare medical team collaborating in a clinical setting.\" srcset=\"https:\/\/ameripharmaspecialty.com\/wp-content\/uploads\/2024\/01\/specialty-healthcare-medical-team-1-1200x500-1.jpg 1200w, https:\/\/ameripharmaspecialty.com\/wp-content\/uploads\/2024\/01\/specialty-healthcare-medical-team-1-1200x500-1-300x125.jpg 300w, https:\/\/ameripharmaspecialty.com\/wp-content\/uploads\/2024\/01\/specialty-healthcare-medical-team-1-1200x500-1-1024x427.jpg 1024w, https:\/\/ameripharmaspecialty.com\/wp-content\/uploads\/2024\/01\/specialty-healthcare-medical-team-1-1200x500-1-768x320.jpg 768w, https:\/\/ameripharmaspecialty.com\/wp-content\/uploads\/2024\/01\/specialty-healthcare-medical-team-1-1200x500-1-600x250.jpg 600w, https:\/\/ameripharmaspecialty.com\/wp-content\/uploads\/2024\/01\/specialty-healthcare-medical-team-1-1200x500-1-86x36.jpg 86w, https:\/\/ameripharmaspecialty.com\/wp-content\/uploads\/2024\/01\/specialty-healthcare-medical-team-1-1200x500-1-167x70.jpg 167w, https:\/\/ameripharmaspecialty.com\/wp-content\/uploads\/2024\/01\/specialty-healthcare-medical-team-1-1200x500-1-280x117.jpg 280w, https:\/\/ameripharmaspecialty.com\/wp-content\/uploads\/2024\/01\/specialty-healthcare-medical-team-1-1200x500-1-370x154.jpg 370w, https:\/\/ameripharmaspecialty.com\/wp-content\/uploads\/2024\/01\/specialty-healthcare-medical-team-1-1200x500-1-960x400.jpg 960w\" sizes=\"auto, (max-width: 1200px) 100vw, 1200px\" \/>\t\t\t\t<\/div>\n\t\t\t\t\t<\/div>\n\t<\/div>\n<\/div>\n\n\n<style>\n\tbody .homeSpeciality .speciality-wrap .content .title span{\n\t\t\t\t\tmargin:0px;\n\t\t\t}\n\t\t.homeSpeciality .speciality-wrap.right .content{\n\t\t\t\n\t\t}\n<\/style>\n<div  id=\"home-speciality-c3527c1991647441435408155772dc4b\" style=\"\" class=\"homeSpeciality\">\n\t<div class=\"container\">\n\t\t<div class=\"speciality-wrap right\">\n\t\t\t<div class=\"content\">\n\t\t\t\t<h4 class=\"title\">\n\t\t\t\t\t\t\t\t\t\t<span>\n\t\t\t\t\t\tServicios centrados en el paciente\t\t\t\t\t<\/span>\n\t\t\t\t<\/h4>\n\t\t\t\t<p class=\"description\">En la Farmacia Especializada AmeriPharma\u2122, nuestra atenci\u00f3n va m\u00e1s all\u00e1 de la medicaci\u00f3n. Trabajamos en estrecha colaboraci\u00f3n con profesionales de la salud especializados para garantizar que sus pacientes reciban la mejor atenci\u00f3n. Con la aprobaci\u00f3n del seguro,&nbsp;<a href=\"https:\/\/ameripharmaspecialty.com\/es\/financial-assistance\/\">asistencia para copagos<\/a>, gratis durante la noche <a href=\"https:\/\/ameripharmaspecialty.com\/es\/customized-packaging-delivery\/\">entrega de recetas<\/a>, y <a href=\"https:\/\/ameripharmaspecialty.com\/es\/home-infusion\/\">infusi\u00f3n en casa<\/a>&nbsp;Servicios: Podemos ayudarle a mejorar la satisfacci\u00f3n y retenci\u00f3n de pacientes.<\/p>\n\t\t\t\t\n\t\t\t<\/div>\n\t\t\t\t\t\t\t<div class=\"image\">\n\t\t\t\t\t<img loading=\"lazy\" decoding=\"async\" width=\"1200\" height=\"500\" src=\"https:\/\/ameripharmaspecialty.com\/wp-content\/uploads\/2024\/01\/specialty-healthcare-nurse-patient-1-1200x500-1.jpg\" class=\"attachment-full size-full\" alt=\"Nurse providing care and support to a patient in a clinical setting.\" srcset=\"https:\/\/ameripharmaspecialty.com\/wp-content\/uploads\/2024\/01\/specialty-healthcare-nurse-patient-1-1200x500-1.jpg 1200w, https:\/\/ameripharmaspecialty.com\/wp-content\/uploads\/2024\/01\/specialty-healthcare-nurse-patient-1-1200x500-1-300x125.jpg 300w, https:\/\/ameripharmaspecialty.com\/wp-content\/uploads\/2024\/01\/specialty-healthcare-nurse-patient-1-1200x500-1-1024x427.jpg 1024w, https:\/\/ameripharmaspecialty.com\/wp-content\/uploads\/2024\/01\/specialty-healthcare-nurse-patient-1-1200x500-1-768x320.jpg 768w, https:\/\/ameripharmaspecialty.com\/wp-content\/uploads\/2024\/01\/specialty-healthcare-nurse-patient-1-1200x500-1-600x250.jpg 600w, https:\/\/ameripharmaspecialty.com\/wp-content\/uploads\/2024\/01\/specialty-healthcare-nurse-patient-1-1200x500-1-86x36.jpg 86w, https:\/\/ameripharmaspecialty.com\/wp-content\/uploads\/2024\/01\/specialty-healthcare-nurse-patient-1-1200x500-1-167x70.jpg 167w, https:\/\/ameripharmaspecialty.com\/wp-content\/uploads\/2024\/01\/specialty-healthcare-nurse-patient-1-1200x500-1-280x117.jpg 280w, https:\/\/ameripharmaspecialty.com\/wp-content\/uploads\/2024\/01\/specialty-healthcare-nurse-patient-1-1200x500-1-370x154.jpg 370w, https:\/\/ameripharmaspecialty.com\/wp-content\/uploads\/2024\/01\/specialty-healthcare-nurse-patient-1-1200x500-1-960x400.jpg 960w\" sizes=\"auto, (max-width: 1200px) 100vw, 1200px\" \/>\t\t\t\t<\/div>\n\t\t\t\t\t<\/div>\n\t<\/div>\n<\/div>\n\n\n<style>\n\tbody .homeSpeciality .speciality-wrap .content .title span{\n\t\t\t\t\tmargin:0px;\n\t\t\t}\n\t\t.homeSpeciality .speciality-wrap.right .content{\n\t\t\t\n\t\t}\n<\/style>\n<div  id=\"home-speciality-dc28cb94e98a4b3bd60427fe2874f2d8\" style=\"\" class=\"homeSpeciality\">\n\t<div class=\"container\">\n\t\t<div class=\"speciality-wrap left\">\n\t\t\t<div class=\"content\">\n\t\t\t\t<h4 class=\"title\">\n\t\t\t\t\t\t\t\t\t\t<span>\n\t\t\t\t\t\tSoporte de proveedor dedicado\t\t\t\t\t<\/span>\n\t\t\t\t<\/h4>\n\t\t\t\t<p class=\"description\">Nos preocupamos tanto por nuestros pacientes como por los proveedores con los que trabajamos. Al enviar una receta a AmeriPharma\u00ae Specialty Care, recibir\u00e1 un apoyo inigualable en cada paso del proceso. Capacitaremos a su personal, le proporcionaremos dispositivos m\u00e9dicos gratuitos, le daremos acceso a nuestras herramientas y gestionaremos la informaci\u00f3n de sus pacientes para que pueda centrarse en brindar atenci\u00f3n de calidad y desarrollar una pr\u00e1ctica exitosa.<\/p>\n\t\t\t\t\n\t\t\t<\/div>\n\t\t\t\t\t\t\t<div class=\"image\">\n\t\t\t\t\t<img loading=\"lazy\" decoding=\"async\" width=\"1200\" height=\"500\" src=\"https:\/\/ameripharmaspecialty.com\/wp-content\/uploads\/2024\/01\/specialty-healthcare-people-shaking-hands-1-1200x500-1.jpg\" class=\"attachment-full size-full\" alt=\"\" srcset=\"https:\/\/ameripharmaspecialty.com\/wp-content\/uploads\/2024\/01\/specialty-healthcare-people-shaking-hands-1-1200x500-1.jpg 1200w, https:\/\/ameripharmaspecialty.com\/wp-content\/uploads\/2024\/01\/specialty-healthcare-people-shaking-hands-1-1200x500-1-300x125.jpg 300w, https:\/\/ameripharmaspecialty.com\/wp-content\/uploads\/2024\/01\/specialty-healthcare-people-shaking-hands-1-1200x500-1-1024x427.jpg 1024w, https:\/\/ameripharmaspecialty.com\/wp-content\/uploads\/2024\/01\/specialty-healthcare-people-shaking-hands-1-1200x500-1-768x320.jpg 768w, https:\/\/ameripharmaspecialty.com\/wp-content\/uploads\/2024\/01\/specialty-healthcare-people-shaking-hands-1-1200x500-1-600x250.jpg 600w, https:\/\/ameripharmaspecialty.com\/wp-content\/uploads\/2024\/01\/specialty-healthcare-people-shaking-hands-1-1200x500-1-86x36.jpg 86w, https:\/\/ameripharmaspecialty.com\/wp-content\/uploads\/2024\/01\/specialty-healthcare-people-shaking-hands-1-1200x500-1-167x70.jpg 167w, https:\/\/ameripharmaspecialty.com\/wp-content\/uploads\/2024\/01\/specialty-healthcare-people-shaking-hands-1-1200x500-1-280x117.jpg 280w, https:\/\/ameripharmaspecialty.com\/wp-content\/uploads\/2024\/01\/specialty-healthcare-people-shaking-hands-1-1200x500-1-370x154.jpg 370w, https:\/\/ameripharmaspecialty.com\/wp-content\/uploads\/2024\/01\/specialty-healthcare-people-shaking-hands-1-1200x500-1-960x400.jpg 960w\" sizes=\"auto, (max-width: 1200px) 100vw, 1200px\" \/>\t\t\t\t<\/div>\n\t\t\t\t\t<\/div>\n\t<\/div>\n<\/div>\n\n\n<style>\n\tbody .homeSpeciality .speciality-wrap .content .title span{\n\t\t\t\t\tmargin:0px;\n\t\t\t}\n\t\t.homeSpeciality .speciality-wrap.right .content{\n\t\t\t\n\t\t}\n<\/style>\n<div  id=\"home-speciality-99a483e46bb7eda3172ed244eda61920\" style=\"\" class=\"homeSpeciality\">\n\t<div class=\"container\">\n\t\t<div class=\"speciality-wrap right\">\n\t\t\t<div class=\"content\">\n\t\t\t\t<h4 class=\"title\">\n\t\t\t\t\t\t\t\t\t\t<span>\n\t\t\t\t\t\tAsistencia 24\/7\/365\t\t\t\t\t<\/span>\n\t\t\t\t<\/h4>\n\t\t\t\t<p class=\"description\">En la Farmacia Especializada AmeriPharma\u00ae, creemos en la comunicaci\u00f3n directa y fluida. Si tiene alguna pregunta sobre un tratamiento o sus formas de administraci\u00f3n, puede contactar a nuestros farmac\u00e9uticos cl\u00ednicos las 24 horas, los 7 d\u00edas de la semana, para obtener orientaci\u00f3n o resolver cualquier duda. Nuestro personal est\u00e1 disponible las 24 horas para brindar informaci\u00f3n cl\u00ednica basada en la evidencia, de modo que los profesionales de la salud especializados brinden la mejor experiencia al paciente.<\/p>\n\t\t\t\t\n\t\t\t<\/div>\n\t\t\t\t\t\t\t<div class=\"image\">\n\t\t\t\t\t<img loading=\"lazy\" decoding=\"async\" width=\"1200\" height=\"500\" src=\"https:\/\/ameripharmaspecialty.com\/wp-content\/uploads\/2024\/01\/specialty-healthcare-pharmacist-phone-1-1200x500-1.jpg\" class=\"attachment-full size-full\" alt=\"Specialty healthcare pharmacist on the phone providing consultation.\" srcset=\"https:\/\/ameripharmaspecialty.com\/wp-content\/uploads\/2024\/01\/specialty-healthcare-pharmacist-phone-1-1200x500-1.jpg 1200w, https:\/\/ameripharmaspecialty.com\/wp-content\/uploads\/2024\/01\/specialty-healthcare-pharmacist-phone-1-1200x500-1-300x125.jpg 300w, https:\/\/ameripharmaspecialty.com\/wp-content\/uploads\/2024\/01\/specialty-healthcare-pharmacist-phone-1-1200x500-1-1024x427.jpg 1024w, https:\/\/ameripharmaspecialty.com\/wp-content\/uploads\/2024\/01\/specialty-healthcare-pharmacist-phone-1-1200x500-1-768x320.jpg 768w, https:\/\/ameripharmaspecialty.com\/wp-content\/uploads\/2024\/01\/specialty-healthcare-pharmacist-phone-1-1200x500-1-600x250.jpg 600w, https:\/\/ameripharmaspecialty.com\/wp-content\/uploads\/2024\/01\/specialty-healthcare-pharmacist-phone-1-1200x500-1-86x36.jpg 86w, https:\/\/ameripharmaspecialty.com\/wp-content\/uploads\/2024\/01\/specialty-healthcare-pharmacist-phone-1-1200x500-1-167x70.jpg 167w, https:\/\/ameripharmaspecialty.com\/wp-content\/uploads\/2024\/01\/specialty-healthcare-pharmacist-phone-1-1200x500-1-280x117.jpg 280w, https:\/\/ameripharmaspecialty.com\/wp-content\/uploads\/2024\/01\/specialty-healthcare-pharmacist-phone-1-1200x500-1-370x154.jpg 370w, https:\/\/ameripharmaspecialty.com\/wp-content\/uploads\/2024\/01\/specialty-healthcare-pharmacist-phone-1-1200x500-1-960x400.jpg 960w\" sizes=\"auto, (max-width: 1200px) 100vw, 1200px\" \/>\t\t\t\t<\/div>\n\t\t\t\t\t<\/div>\n\t<\/div>\n<\/div>\n\n\n\n<div class=\"wp-block-uagb-image uagb-block-56e2a06f wp-block-uagb-image--layout-default wp-block-uagb-image--effect-static wp-block-uagb-image--align-none\"><figure class=\"wp-block-uagb-image__figure\"><img decoding=\"async\" srcset=\"https:\/\/ameripharmaspecialty.com\/wp-content\/uploads\/2024\/11\/Group-3821_2x-1-1.png ,https:\/\/ameripharmaspecialty.com\/wp-content\/uploads\/2024\/11\/Group-3821_2x-1-1.png 780w, https:\/\/ameripharmaspecialty.com\/wp-content\/uploads\/2024\/11\/Group-3821_2x-1-1.png 360w\" sizes=\"auto, (max-width: 480px) 150px\" src=\"https:\/\/ameripharmaspecialty.com\/wp-content\/uploads\/2024\/11\/Group-3821_2x-1-1.png\" alt=\"\" class=\"uag-image-26840\" width=\"2560\" height=\"698\" title=\"Grupo 3821_2x (1)\" loading=\"lazy\" role=\"img\"\/><\/figure><\/div>\n\n\n\n<div  id=\"call-to-action-fef4b1360c21b741bb874e20e5f54624\" style=\"\" class=\"ct_call_to_action\">\n\t<div class=\"container\">\n\t\t<div class=\"block-wrap cta\">\n\t\t\t<div class=\"block-column\">\n\t\t\t\t<div class=\"cta_headings\">\n\t\t\t\t\t\t\t\t\t\t\t<h4 class=\"cta__heading\">\n\t\t\t\t\t\t\tTrabaje con la farmacia especializada AmeriPharma\u00ae\t\t\t\t\t\t<\/h4>\n\t\t\t\t\t\t\t\t\t\t\t\t\t\t\t\t<span class=\"cta__sub__heading\">\n\t\t\t\t\t\t\tComo proveedor de atenci\u00f3n m\u00e9dica especializada, brindar atenci\u00f3n de calidad es fundamental para mejorar los resultados de los pacientes. Si desea aumentar la satisfacci\u00f3n de sus pacientes, trabaje con AmeriPharma\u00ae Specialty Care. Ll\u00e1menos al (877) 778-0318 o cont\u00e1ctenos en l\u00ednea para descubrir c\u00f3mo nuestros servicios pueden ayudar a sus pacientes y a su consultorio a brindar una atenci\u00f3n excepcional.\t\t\t\t\t\t<\/span>\n\t\t\t\t\t\t\t\t\t<\/div>\n\t\t\t\t\t\t\t\t\t<span class=\"cta_btn\">\n\t\t\t\t\t\t<a href=\"https:\/\/ameripharmaspecialty.com\/es\/get-started\/\">Empezar<\/a>\n\t\t\t\t\t\t\t\t\t\t\t<\/span>\n\t\t\t\t\t\t\t<\/div>\n\n\t\t<\/div>\n\t<\/div>\n<\/div>","protected":false},"excerpt":{"rendered":"","protected":false},"author":1,"featured_media":0,"parent":0,"menu_order":0,"comment_status":"closed","ping_status":"closed","template":"boxed-template.php","meta":{"_acf_changed":true,"om_disable_all_campaigns":false,"_uag_custom_page_level_css":"","footnotes":""},"categories":[],"tags":[],"class_list":["post-48","page","type-page","status-publish","hentry"],"acf":[],"yoast_head":"<!-- This site is optimized with the Yoast SEO plugin v27.4 - https:\/\/yoast.com\/product\/yoast-seo-wordpress\/ -->\n<title>Specialty Healthcare | Providers | AmeriPharma Specialty<\/title>\n<meta name=\"description\" content=\"Are you a specialty healthcare provider? Learn how AmeriPharma Specialty Pharmacy helps you provide better patient care. Contact us to improve patient outcomes.\" \/>\n<meta name=\"robots\" content=\"index, follow, max-snippet:-1, max-image-preview:large, max-video-preview:-1\" \/>\n<link rel=\"canonical\" href=\"https:\/\/ameripharmaspecialty.com\/es\/providers\/\" \/>\n<meta property=\"og:locale\" content=\"es_MX\" \/>\n<meta property=\"og:type\" content=\"article\" \/>\n<meta property=\"og:title\" content=\"Specialty Healthcare | Providers | AmeriPharma Specialty\" \/>\n<meta property=\"og:description\" content=\"Are you a specialty healthcare provider? Learn how AmeriPharma Specialty Pharmacy helps you provide better patient care. Contact us to improve patient outcomes.\" \/>\n<meta property=\"og:url\" content=\"https:\/\/ameripharmaspecialty.com\/es\/providers\/\" \/>\n<meta property=\"og:site_name\" content=\"AmeriPharma\u00ae Specialty Care\" \/>\n<meta property=\"article:publisher\" content=\"https:\/\/www.facebook.com\/ameripharma\/\" \/>\n<meta property=\"article:modified_time\" content=\"2025-07-16T23:05:27+00:00\" \/>\n<meta property=\"og:image\" content=\"https:\/\/ameripharmaspecialty.com\/wp-content\/uploads\/2024\/11\/Group-3821_2x-1-1.png\" \/>\n<meta name=\"twitter:card\" content=\"summary_large_image\" \/>\n<meta name=\"twitter:label1\" content=\"Est. reading time\" \/>\n\t<meta name=\"twitter:data1\" content=\"1 minuto\" \/>\n<script type=\"application\/ld+json\" class=\"yoast-schema-graph\">{\"@context\":\"https:\\\/\\\/schema.org\",\"@graph\":[{\"@type\":\"WebPage\",\"@id\":\"https:\\\/\\\/ameripharmaspecialty.com\\\/providers\\\/\",\"url\":\"https:\\\/\\\/ameripharmaspecialty.com\\\/providers\\\/\",\"name\":\"Specialty Healthcare | Providers | AmeriPharma Specialty\",\"isPartOf\":{\"@id\":\"https:\\\/\\\/ameripharmaspecialty.com\\\/#website\"},\"primaryImageOfPage\":{\"@id\":\"https:\\\/\\\/ameripharmaspecialty.com\\\/providers\\\/#primaryimage\"},\"image\":{\"@id\":\"https:\\\/\\\/ameripharmaspecialty.com\\\/providers\\\/#primaryimage\"},\"thumbnailUrl\":\"https:\\\/\\\/ameripharmaspecialty.com\\\/wp-content\\\/uploads\\\/2024\\\/11\\\/Group-3821_2x-1-1.png\",\"datePublished\":\"2023-11-02T18:35:44+00:00\",\"dateModified\":\"2025-07-16T23:05:27+00:00\",\"description\":\"Are you a specialty healthcare provider? Learn how AmeriPharma Specialty Pharmacy helps you provide better patient care. Contact us to improve patient outcomes.\",\"breadcrumb\":{\"@id\":\"https:\\\/\\\/ameripharmaspecialty.com\\\/providers\\\/#breadcrumb\"},\"inLanguage\":\"es\",\"potentialAction\":[{\"@type\":\"ReadAction\",\"target\":[\"https:\\\/\\\/ameripharmaspecialty.com\\\/providers\\\/\"]}]},{\"@type\":\"ImageObject\",\"inLanguage\":\"es\",\"@id\":\"https:\\\/\\\/ameripharmaspecialty.com\\\/providers\\\/#primaryimage\",\"url\":\"https:\\\/\\\/ameripharmaspecialty.com\\\/wp-content\\\/uploads\\\/2024\\\/11\\\/Group-3821_2x-1-1.png\",\"contentUrl\":\"https:\\\/\\\/ameripharmaspecialty.com\\\/wp-content\\\/uploads\\\/2024\\\/11\\\/Group-3821_2x-1-1.png\"},{\"@type\":\"BreadcrumbList\",\"@id\":\"https:\\\/\\\/ameripharmaspecialty.com\\\/providers\\\/#breadcrumb\",\"itemListElement\":[{\"@type\":\"ListItem\",\"position\":1,\"name\":\"Home\",\"item\":\"https:\\\/\\\/ameripharmaspecialty.com\\\/es\\\/\"},{\"@type\":\"ListItem\",\"position\":2,\"name\":\"Providers\"}]},{\"@type\":\"WebSite\",\"@id\":\"https:\\\/\\\/ameripharmaspecialty.com\\\/#website\",\"url\":\"https:\\\/\\\/ameripharmaspecialty.com\\\/\",\"name\":\"AmeriPharma\u00ae Specialty Care\",\"description\":\"Specialty Care by AmeriPharma\",\"publisher\":{\"@id\":\"https:\\\/\\\/ameripharmaspecialty.com\\\/#organization\"},\"potentialAction\":[{\"@type\":\"SearchAction\",\"target\":{\"@type\":\"EntryPoint\",\"urlTemplate\":\"https:\\\/\\\/ameripharmaspecialty.com\\\/?s={search_term_string}\"},\"query-input\":{\"@type\":\"PropertyValueSpecification\",\"valueRequired\":true,\"valueName\":\"search_term_string\"}}],\"inLanguage\":\"es\"},{\"@type\":\"Organization\",\"@id\":\"https:\\\/\\\/ameripharmaspecialty.com\\\/#organization\",\"name\":\"Ameripharma Specialty Care\",\"url\":\"https:\\\/\\\/ameripharmaspecialty.com\\\/\",\"logo\":{\"@type\":\"ImageObject\",\"inLanguage\":\"es\",\"@id\":\"https:\\\/\\\/ameripharmaspecialty.com\\\/#\\\/schema\\\/logo\\\/image\\\/\",\"url\":\"https:\\\/\\\/ameripharmaspecialty.com\\\/wp-content\\\/uploads\\\/2024\\\/07\\\/specialty-care-logo-large-square.png\",\"contentUrl\":\"https:\\\/\\\/ameripharmaspecialty.com\\\/wp-content\\\/uploads\\\/2024\\\/07\\\/specialty-care-logo-large-square.png\",\"width\":400,\"height\":400,\"caption\":\"Ameripharma Specialty Care\"},\"image\":{\"@id\":\"https:\\\/\\\/ameripharmaspecialty.com\\\/#\\\/schema\\\/logo\\\/image\\\/\"},\"sameAs\":[\"https:\\\/\\\/www.facebook.com\\\/ameripharma\\\/\"]}]}<\/script>\n<!-- \/ Yoast SEO plugin. -->","yoast_head_json":{"title":"Atenci\u00f3n m\u00e9dica especializada | Proveedores | AmeriPharma Especialidad","description":"\u00bfEs usted un proveedor de atenci\u00f3n m\u00e9dica especializada? Descubra c\u00f3mo la Farmacia Especializada AmeriPharma le ayuda a brindar una mejor atenci\u00f3n al paciente. Cont\u00e1ctenos para mejorar los resultados de sus pacientes.","robots":{"index":"index","follow":"follow","max-snippet":"max-snippet:-1","max-image-preview":"max-image-preview:large","max-video-preview":"max-video-preview:-1"},"canonical":"https:\/\/ameripharmaspecialty.com\/es\/providers\/","og_locale":"es_MX","og_type":"article","og_title":"Specialty Healthcare | Providers | AmeriPharma Specialty","og_description":"Are you a specialty healthcare provider? Learn how AmeriPharma Specialty Pharmacy helps you provide better patient care. Contact us to improve patient outcomes.","og_url":"https:\/\/ameripharmaspecialty.com\/es\/providers\/","og_site_name":"AmeriPharma\u00ae Specialty Care","article_publisher":"https:\/\/www.facebook.com\/ameripharma\/","article_modified_time":"2025-07-16T23:05:27+00:00","og_image":[{"url":"https:\/\/ameripharmaspecialty.com\/wp-content\/uploads\/2024\/11\/Group-3821_2x-1-1.png","type":"","width":"","height":""}],"twitter_card":"summary_large_image","twitter_misc":{"Est. reading time":"1 minuto"},"schema":{"@context":"https:\/\/schema.org","@graph":[{"@type":"WebPage","@id":"https:\/\/ameripharmaspecialty.com\/providers\/","url":"https:\/\/ameripharmaspecialty.com\/providers\/","name":"Atenci\u00f3n m\u00e9dica especializada | Proveedores | AmeriPharma Especialidad","isPartOf":{"@id":"https:\/\/ameripharmaspecialty.com\/#website"},"primaryImageOfPage":{"@id":"https:\/\/ameripharmaspecialty.com\/providers\/#primaryimage"},"image":{"@id":"https:\/\/ameripharmaspecialty.com\/providers\/#primaryimage"},"thumbnailUrl":"https:\/\/ameripharmaspecialty.com\/wp-content\/uploads\/2024\/11\/Group-3821_2x-1-1.png","datePublished":"2023-11-02T18:35:44+00:00","dateModified":"2025-07-16T23:05:27+00:00","description":"\u00bfEs usted un proveedor de atenci\u00f3n m\u00e9dica especializada? Descubra c\u00f3mo la Farmacia Especializada AmeriPharma le ayuda a brindar una mejor atenci\u00f3n al paciente. Cont\u00e1ctenos para mejorar los resultados de sus pacientes.","breadcrumb":{"@id":"https:\/\/ameripharmaspecialty.com\/providers\/#breadcrumb"},"inLanguage":"es","potentialAction":[{"@type":"ReadAction","target":["https:\/\/ameripharmaspecialty.com\/providers\/"]}]},{"@type":"ImageObject","inLanguage":"es","@id":"https:\/\/ameripharmaspecialty.com\/providers\/#primaryimage","url":"https:\/\/ameripharmaspecialty.com\/wp-content\/uploads\/2024\/11\/Group-3821_2x-1-1.png","contentUrl":"https:\/\/ameripharmaspecialty.com\/wp-content\/uploads\/2024\/11\/Group-3821_2x-1-1.png"},{"@type":"BreadcrumbList","@id":"https:\/\/ameripharmaspecialty.com\/providers\/#breadcrumb","itemListElement":[{"@type":"ListItem","position":1,"name":"Home","item":"https:\/\/ameripharmaspecialty.com\/es\/"},{"@type":"ListItem","position":2,"name":"Providers"}]},{"@type":"WebSite","@id":"https:\/\/ameripharmaspecialty.com\/#website","url":"https:\/\/ameripharmaspecialty.com\/","name":"Cuidado especializado AmeriPharma\u00ae","description":"Atenci\u00f3n especializada por AmeriPharma","publisher":{"@id":"https:\/\/ameripharmaspecialty.com\/#organization"},"potentialAction":[{"@type":"SearchAction","target":{"@type":"EntryPoint","urlTemplate":"https:\/\/ameripharmaspecialty.com\/?s={search_term_string}"},"query-input":{"@type":"PropertyValueSpecification","valueRequired":true,"valueName":"search_term_string"}}],"inLanguage":"es"},{"@type":"Organization","@id":"https:\/\/ameripharmaspecialty.com\/#organization","name":"Atenci\u00f3n especializada de Ameripharma","url":"https:\/\/ameripharmaspecialty.com\/","logo":{"@type":"ImageObject","inLanguage":"es","@id":"https:\/\/ameripharmaspecialty.com\/#\/schema\/logo\/image\/","url":"https:\/\/ameripharmaspecialty.com\/wp-content\/uploads\/2024\/07\/specialty-care-logo-large-square.png","contentUrl":"https:\/\/ameripharmaspecialty.com\/wp-content\/uploads\/2024\/07\/specialty-care-logo-large-square.png","width":400,"height":400,"caption":"Ameripharma Specialty Care"},"image":{"@id":"https:\/\/ameripharmaspecialty.com\/#\/schema\/logo\/image\/"},"sameAs":["https:\/\/www.facebook.com\/ameripharma\/"]}]}},"uagb_featured_image_src":{"full":false,"thumbnail":false,"medium":false,"medium_large":false,"large":false,"1536x1536":false,"2048x2048":false,"trp-custom-language-flag":false,"block-image-html-large":false,"ct-gallery":false,"ct-section-header":false,"ct-thumb":false,"ct-thumb-large":false,"ct-small":false,"ct-medium":false,"ct-xmedium":false,"ct-large":false},"uagb_author_info":{"display_name":"ameripharm3dev","author_link":"https:\/\/ameripharmaspecialty.com\/es\/author\/ameripharm3dev\/"},"uagb_comment_info":0,"uagb_excerpt":null,"rttpg_featured_image_url":null,"rttpg_author":{"display_name":"ameripharm3dev","author_link":"https:\/\/ameripharmaspecialty.com\/es\/author\/ameripharm3dev\/"},"rttpg_comment":0,"rttpg_category":false,"rttpg_excerpt":null,"_links":{"self":[{"href":"https:\/\/ameripharmaspecialty.com\/es\/wp-json\/wp\/v2\/pages\/48","targetHints":{"allow":["GET"]}}],"collection":[{"href":"https:\/\/ameripharmaspecialty.com\/es\/wp-json\/wp\/v2\/pages"}],"about":[{"href":"https:\/\/ameripharmaspecialty.com\/es\/wp-json\/wp\/v2\/types\/page"}],"author":[{"embeddable":true,"href":"https:\/\/ameripharmaspecialty.com\/es\/wp-json\/wp\/v2\/users\/1"}],"replies":[{"embeddable":true,"href":"https:\/\/ameripharmaspecialty.com\/es\/wp-json\/wp\/v2\/comments?post=48"}],"version-history":[{"count":0,"href":"https:\/\/ameripharmaspecialty.com\/es\/wp-json\/wp\/v2\/pages\/48\/revisions"}],"wp:attachment":[{"href":"https:\/\/ameripharmaspecialty.com\/es\/wp-json\/wp\/v2\/media?parent=48"}],"wp:term":[{"taxonomy":"category","embeddable":true,"href":"https:\/\/ameripharmaspecialty.com\/es\/wp-json\/wp\/v2\/categories?post=48"},{"taxonomy":"post_tag","embeddable":true,"href":"https:\/\/ameripharmaspecialty.com\/es\/wp-json\/wp\/v2\/tags?post=48"}],"curies":[{"name":"gracias","href":"https:\/\/api.w.org\/{rel}","templated":true}]}}