{"id":46,"date":"2023-11-02T18:33:23","date_gmt":"2023-11-02T18:33:23","guid":{"rendered":"https:\/\/ameripharmaspecialty.com\/?page_id=46"},"modified":"2026-04-07T14:36:39","modified_gmt":"2026-04-07T21:36:39","slug":"patient-resources","status":"publish","type":"page","link":"https:\/\/ameripharmaspecialty.com\/es\/patient-resources\/","title":{"rendered":"Recursos y apoyo para pacientes"},"content":{"rendered":"<p class=\"has-text-align-center\">En AmeriPharma\u00ae Specialty, nuestra atenci\u00f3n va m\u00e1s all\u00e1 de los medicamentos. Desde la ayuda con las aprobaciones de seguros hasta la entrega de medicamentos recetados especiales a domicilio, lo hacemos todo para que usted pueda concentrarse en su salud. Ayudamos a personas que necesitan servicios de cuidados intensivos y <a href=\"https:\/\/ameripharmaspecialty.com\/es\/conditions-treatments\/\">recetas especializadas<\/a> Controlar sus s\u00edntomas de forma m\u00e1s eficaz. Nuestro objetivo es proporcionar recursos que faciliten el camino hacia una mejor salud. Aproveche nuestros recursos para pacientes y comience su camino hacia una vida mejor.<\/p>\n\n\n<style>\n\tbody .homeSpeciality .speciality-wrap .content .title span{\n\t\t\t\t\tmargin:0px;\n\t\t\t}\n\t\t.homeSpeciality .speciality-wrap.right .content{\n\t\t\t\n\t\t}\n<\/style>\n<div  id=\"home-speciality-e46d5814f586f0929b3263b3a2ac9f75\" style=\"\" class=\"homeSpeciality\">\n\t<div class=\"container\">\n\t\t<div class=\"speciality-wrap left\">\n\t\t\t<div class=\"content\">\n\t\t\t\t<h4 class=\"title\">\n\t\t\t\t\t\t\t\t\t\t<span>\n\t\t\t\t\t\tSeguros y Redes\t\t\t\t\t<\/span>\n\t\t\t\t<\/h4>\n\t\t\t\t<p class=\"description\">Los trastornos complejos requieren medicamentos recetados especializados y costosos. Nuestros expertos hablar\u00e1n directamente con su compa\u00f1\u00eda de seguros para ayudarle a obtener la aprobaci\u00f3n y reducir los costos de su tratamiento. Algunos de los seguros y redes que aceptamos incluyen los planes Medicare, Medi-Cal, Anthem Blue Cross PPO, PHCS y TriWest. Los especialistas en ayuda financiera de AmeriPharma\u00ae identificar\u00e1n fundaciones y programas de asistencia para copagos para que los pacientes puedan acceder a las opciones de pago m\u00e1s asequibles. Nuestra amplia experiencia nos ha permitido obtener m\u00e1s de $55 millones para pacientes en todo Estados Unidos.<\/p>\n\t\t\t\t\t\t\t\t\t<a class=\"button\" href=\"https:\/\/ameripharmaspecialty.com\/es\/insurances-networks-accepted\/\" target=\"_self\">Seguros y redes aceptadas <\/a>\n\t\t\t\t\n\t\t\t<\/div>\n\t\t\t\t\t\t\t<div class=\"image\">\n\t\t\t\t\t<img loading=\"lazy\" decoding=\"async\" width=\"700\" height=\"467\" src=\"https:\/\/ameripharmaspecialty.com\/wp-content\/uploads\/2024\/01\/rx-specialty-two-people-reviewing-document.jpg\" class=\"attachment-full size-full\" alt=\"Two people reviewing medical documents together in a professional setting.\" srcset=\"https:\/\/ameripharmaspecialty.com\/wp-content\/uploads\/2024\/01\/rx-specialty-two-people-reviewing-document.jpg 700w, https:\/\/ameripharmaspecialty.com\/wp-content\/uploads\/2024\/01\/rx-specialty-two-people-reviewing-document-300x200.jpg 300w, https:\/\/ameripharmaspecialty.com\/wp-content\/uploads\/2024\/01\/rx-specialty-two-people-reviewing-document-600x400.jpg 600w, https:\/\/ameripharmaspecialty.com\/wp-content\/uploads\/2024\/01\/rx-specialty-two-people-reviewing-document-330x220.jpg 330w, https:\/\/ameripharmaspecialty.com\/wp-content\/uploads\/2024\/01\/rx-specialty-two-people-reviewing-document-86x57.jpg 86w, https:\/\/ameripharmaspecialty.com\/wp-content\/uploads\/2024\/01\/rx-specialty-two-people-reviewing-document-167x111.jpg 167w, https:\/\/ameripharmaspecialty.com\/wp-content\/uploads\/2024\/01\/rx-specialty-two-people-reviewing-document-280x187.jpg 280w, https:\/\/ameripharmaspecialty.com\/wp-content\/uploads\/2024\/01\/rx-specialty-two-people-reviewing-document-370x247.jpg 370w\" sizes=\"auto, (max-width: 700px) 100vw, 700px\" \/>\t\t\t\t<\/div>\n\t\t\t\t\t<\/div>\n\t<\/div>\n<\/div>\n\n\n<style>\n\tbody .homeSpeciality .speciality-wrap .content .title span{\n\t\t\t\t\tmargin:0px;\n\t\t\t}\n\t\t.homeSpeciality .speciality-wrap.right .content{\n\t\t\t\n\t\t}\n<\/style>\n<div  id=\"home-speciality-dcd121737b9a2fc06ea540dc5de143a8\" style=\"\" class=\"homeSpeciality\">\n\t<div class=\"container\">\n\t\t<div class=\"speciality-wrap right\">\n\t\t\t<div class=\"content\">\n\t\t\t\t<h4 class=\"title\">\n\t\t\t\t\t\t\t\t\t\t<span>\n\t\t\t\t\t\tRenovar una receta\t\t\t\t\t<\/span>\n\t\t\t\t<\/h4>\n\t\t\t\t<p class=\"description\">Nuestra misi\u00f3n es garantizar que reciba sus resurtidos de recetas de forma c\u00f3moda. Por eso, ofrecemos resurtidos en l\u00ednea donde puede solicitar sus medicamentos de especialidad con tan solo unos clics. Puede obtener todos sus resurtidos de recetas de especialidad sin tener que ir a una farmacia. Independientemente de la complejidad de su afecci\u00f3n, puede hablar con nuestros farmac\u00e9uticos cl\u00ednicos, disponibles las 24 horas del d\u00eda, los 7 d\u00edas de la semana, los 365 d\u00edas del a\u00f1o, y programar la entrega de sus resurtidos. Los entregaremos en su domicilio en un plazo de 24 a 48 horas en un embalaje discreto, de acuerdo con las directrices espec\u00edficas del fabricante.<\/p>\n\t\t\t\t\t\t\t\t\t<a class=\"button\" href=\"https:\/\/ameripharmaspecialty.com\/es\/refill-a-prescription\/\" target=\"_self\">Renovar una receta<\/a>\n\t\t\t\t\n\t\t\t<\/div>\n\t\t\t\t\t\t\t<div class=\"image\">\n\t\t\t\t\t<img loading=\"lazy\" decoding=\"async\" width=\"600\" height=\"400\" src=\"https:\/\/ameripharmaspecialty.com\/wp-content\/uploads\/2024\/01\/rx-specialty-holding-capsule-pill-organizer.jpg\" class=\"attachment-full size-full\" alt=\"Receive your prescription refills conveniently\" srcset=\"https:\/\/ameripharmaspecialty.com\/wp-content\/uploads\/2024\/01\/rx-specialty-holding-capsule-pill-organizer.jpg 600w, https:\/\/ameripharmaspecialty.com\/wp-content\/uploads\/2024\/01\/rx-specialty-holding-capsule-pill-organizer-300x200.jpg 300w, https:\/\/ameripharmaspecialty.com\/wp-content\/uploads\/2024\/01\/rx-specialty-holding-capsule-pill-organizer-330x220.jpg 330w, https:\/\/ameripharmaspecialty.com\/wp-content\/uploads\/2024\/01\/rx-specialty-holding-capsule-pill-organizer-86x57.jpg 86w, https:\/\/ameripharmaspecialty.com\/wp-content\/uploads\/2024\/01\/rx-specialty-holding-capsule-pill-organizer-167x111.jpg 167w, https:\/\/ameripharmaspecialty.com\/wp-content\/uploads\/2024\/01\/rx-specialty-holding-capsule-pill-organizer-280x187.jpg 280w, https:\/\/ameripharmaspecialty.com\/wp-content\/uploads\/2024\/01\/rx-specialty-holding-capsule-pill-organizer-370x247.jpg 370w\" sizes=\"auto, (max-width: 600px) 100vw, 600px\" \/>\t\t\t\t<\/div>\n\t\t\t\t\t<\/div>\n\t<\/div>\n<\/div>\n\n\n<style>\n\tbody .homeSpeciality .speciality-wrap .content .title span{\n\t\t\t\t\tmargin:0px;\n\t\t\t}\n\t\t.homeSpeciality .speciality-wrap.right .content{\n\t\t\t\n\t\t}\n<\/style>\n<div  id=\"home-speciality-fdb4d93e888a19132cf30489748abe15\" style=\"\" class=\"homeSpeciality\">\n\t<div class=\"container\">\n\t\t<div class=\"speciality-wrap left\">\n\t\t\t<div class=\"content\">\n\t\t\t\t<h4 class=\"title\">\n\t\t\t\t\t\t\t\t\t\t<span>\n\t\t\t\t\t\tPreguntas frecuentes de los pacientes\t\t\t\t\t<\/span>\n\t\t\t\t<\/h4>\n\t\t\t\t<p class=\"description\">\u00bfDesea saber m\u00e1s sobre nuestros medicamentos de venta con receta y servicios de cuidados intensivos? \u00bfTiene curiosidad sobre algunos medicamentos y sus procesos de env\u00edo? \u00bfDesea reordenar o descubrir c\u00f3mo AmeriPharma\u00ae Specialty Care puede ayudarle a controlar su afecci\u00f3n? Encuentre la respuesta a todas estas preguntas y m\u00e1s en nuestra secci\u00f3n de preguntas frecuentes. Para m\u00e1s informaci\u00f3n, puede contactarnos en l\u00ednea o incluso llamarnos. Nuestro personal de enfermer\u00eda especializado, farmac\u00e9uticos y personal de apoyo est\u00e1n disponibles las 24 horas para atender sus inquietudes y responder a todas sus preguntas.<\/p>\n\t\t\t\t\t\t\t\t\t<a class=\"button\" href=\"https:\/\/ameripharmaspecialty.com\/es\/patient-faqs\/\" target=\"_self\">Lea las preguntas frecuentes de los pacientes<\/a>\n\t\t\t\t\n\t\t\t<\/div>\n\t\t\t\t\t\t\t<div class=\"image\">\n\t\t\t\t\t<img loading=\"lazy\" decoding=\"async\" width=\"800\" height=\"600\" src=\"https:\/\/ameripharmaspecialty.com\/wp-content\/uploads\/2024\/01\/Nitisinone-800x600-1.jpg\" class=\"attachment-full size-full\" alt=\"Nitisinone medication used for rare disease treatment.\" srcset=\"https:\/\/ameripharmaspecialty.com\/wp-content\/uploads\/2024\/01\/Nitisinone-800x600-1.jpg 800w, https:\/\/ameripharmaspecialty.com\/wp-content\/uploads\/2024\/01\/Nitisinone-800x600-1-300x225.jpg 300w, https:\/\/ameripharmaspecialty.com\/wp-content\/uploads\/2024\/01\/Nitisinone-800x600-1-768x576.jpg 768w, https:\/\/ameripharmaspecialty.com\/wp-content\/uploads\/2024\/01\/Nitisinone-800x600-1-600x450.jpg 600w, https:\/\/ameripharmaspecialty.com\/wp-content\/uploads\/2024\/01\/Nitisinone-800x600-1-86x65.jpg 86w, https:\/\/ameripharmaspecialty.com\/wp-content\/uploads\/2024\/01\/Nitisinone-800x600-1-167x125.jpg 167w, https:\/\/ameripharmaspecialty.com\/wp-content\/uploads\/2024\/01\/Nitisinone-800x600-1-280x210.jpg 280w, https:\/\/ameripharmaspecialty.com\/wp-content\/uploads\/2024\/01\/Nitisinone-800x600-1-370x278.jpg 370w\" sizes=\"auto, (max-width: 800px) 100vw, 800px\" \/>\t\t\t\t<\/div>\n\t\t\t\t\t<\/div>\n\t<\/div>\n<\/div>\n\n\n\n<div  id=\"call-to-action-8448b5deddd9cc1055b87488fbe387f0\" style=\"\" class=\"ct_call_to_action\">\n\t<div class=\"container\">\n\t\t<div class=\"block-wrap cta\">\n\t\t\t<div class=\"block-column\">\n\t\t\t\t<div class=\"cta_headings\">\n\t\t\t\t\t\t\t\t\t\t\t<h4 class=\"cta__heading\">\n\t\t\t\t\t\t\tComience a usar el cuidado especializado AmeriPharma\u00ae\t\t\t\t\t\t<\/h4>\n\t\t\t\t\t\t\t\t\t\t\t\t\t\t\t\t<span class=\"cta__sub__heading\">\n\t\t\t\t\t\t\tGestionar trastornos de salud complejos requiere m\u00e1s que simplemente tomar la medicaci\u00f3n adecuada o someterse a tratamientos costosos. Necesita un sistema de apoyo personalizado y un proveedor confiable de medicamentos recetados especializados que le ayuden a superarlo. Puede obtener eso y m\u00e1s con AmeriPharma\u00ae Specialty Care. Le acompa\u00f1aremos en cada paso del camino hasta que logre el mejor resultado de salud. Cont\u00e1ctenos ahora para recibir recetas especializadas y servicios de cuidados intensivos a domicilio.\t\t\t\t\t\t<\/span>\n\t\t\t\t\t\t\t\t\t<\/div>\n\t\t\t\t\t\t\t\t\t<span class=\"cta_btn\">\n\t\t\t\t\t\t<a href=\"https:\/\/ameripharmaspecialty.com\/es\/get-started\/\">Empieza ahora<\/a>\n\t\t\t\t\t\t\t\t\t\t\t<\/span>\n\t\t\t\t\t\t\t<\/div>\n\n\t\t<\/div>\n\t<\/div>\n<\/div>","protected":false},"excerpt":{"rendered":"<p>En AmeriPharma\u00ae Specialty, nuestra atenci\u00f3n va m\u00e1s all\u00e1 de los medicamentos. Desde ayuda con la aprobaci\u00f3n de seguros hasta la entrega de medicamentos recetados especiales a domicilio, lo hacemos todo para que usted pueda concentrarse en su salud.<\/p>","protected":false},"author":1,"featured_media":0,"parent":0,"menu_order":0,"comment_status":"closed","ping_status":"closed","template":"boxed-template.php","meta":{"_acf_changed":true,"om_disable_all_campaigns":false,"_uag_custom_page_level_css":"","footnotes":""},"categories":[],"tags":[],"class_list":["post-46","page","type-page","status-publish","hentry"],"acf":[],"yoast_head":"<!-- This site is optimized with the Yoast SEO plugin v27.4 - https:\/\/yoast.com\/product\/yoast-seo-wordpress\/ -->\n<title>Patient Resources &amp; Support | 24\/7 Care | AmeriPharma<\/title>\n<meta name=\"description\" content=\"Access comprehensive patient resources &amp; specialty Rx services from AmeriPharma. Contact us to receive critical care services &amp; specialty prescriptions.\" \/>\n<meta name=\"robots\" content=\"index, follow, max-snippet:-1, max-image-preview:large, max-video-preview:-1\" \/>\n<link rel=\"canonical\" href=\"https:\/\/ameripharmaspecialty.com\/es\/patient-resources\/\" \/>\n<meta property=\"og:locale\" content=\"es_MX\" \/>\n<meta property=\"og:type\" content=\"article\" \/>\n<meta property=\"og:title\" content=\"Patient Resources &amp; Support | 24\/7 Care | AmeriPharma\" \/>\n<meta property=\"og:description\" content=\"Access comprehensive patient resources &amp; specialty Rx services from AmeriPharma. Contact us to receive critical care services &amp; specialty prescriptions.\" \/>\n<meta property=\"og:url\" content=\"https:\/\/ameripharmaspecialty.com\/es\/patient-resources\/\" \/>\n<meta property=\"og:site_name\" content=\"AmeriPharma\u00ae Specialty Care\" \/>\n<meta property=\"article:publisher\" content=\"https:\/\/www.facebook.com\/ameripharma\/\" \/>\n<meta property=\"article:modified_time\" content=\"2026-04-07T21:36:39+00:00\" \/>\n<meta property=\"og:image\" content=\"https:\/\/ameripharmaspecialty.com\/wp-content\/uploads\/2024\/07\/specialty-care-logo-large-square.png\" \/>\n\t<meta property=\"og:image:width\" content=\"400\" \/>\n\t<meta property=\"og:image:height\" content=\"400\" \/>\n\t<meta property=\"og:image:type\" content=\"image\/png\" \/>\n<meta name=\"twitter:card\" content=\"summary_large_image\" \/>\n<meta name=\"twitter:label1\" content=\"Est. reading time\" \/>\n\t<meta name=\"twitter:data1\" content=\"1 minuto\" \/>\n<script type=\"application\/ld+json\" class=\"yoast-schema-graph\">{\"@context\":\"https:\\\/\\\/schema.org\",\"@graph\":[{\"@type\":\"WebPage\",\"@id\":\"https:\\\/\\\/ameripharmaspecialty.com\\\/es\\\/patient-resources\\\/\",\"url\":\"https:\\\/\\\/ameripharmaspecialty.com\\\/es\\\/patient-resources\\\/\",\"name\":\"Patient Resources & Support | 24\\\/7 Care | AmeriPharma\",\"isPartOf\":{\"@id\":\"https:\\\/\\\/ameripharmaspecialty.com\\\/vi\\\/#website\"},\"datePublished\":\"2023-11-02T18:33:23+00:00\",\"dateModified\":\"2026-04-07T21:36:39+00:00\",\"description\":\"Access comprehensive patient resources & specialty Rx services from AmeriPharma. Contact us to receive critical care services & specialty prescriptions.\",\"breadcrumb\":{\"@id\":\"https:\\\/\\\/ameripharmaspecialty.com\\\/es\\\/patient-resources\\\/#breadcrumb\"},\"inLanguage\":\"es\",\"potentialAction\":[{\"@type\":\"ReadAction\",\"target\":[\"https:\\\/\\\/ameripharmaspecialty.com\\\/es\\\/patient-resources\\\/\"]}]},{\"@type\":\"BreadcrumbList\",\"@id\":\"https:\\\/\\\/ameripharmaspecialty.com\\\/es\\\/patient-resources\\\/#breadcrumb\",\"itemListElement\":[{\"@type\":\"ListItem\",\"position\":1,\"name\":\"Home\",\"item\":\"https:\\\/\\\/ameripharmaspecialty.com\\\/es\\\/\"},{\"@type\":\"ListItem\",\"position\":2,\"name\":\"Patient Resources &amp; Support\"}]},{\"@type\":\"WebSite\",\"@id\":\"https:\\\/\\\/ameripharmaspecialty.com\\\/vi\\\/#website\",\"url\":\"https:\\\/\\\/ameripharmaspecialty.com\\\/vi\\\/\",\"name\":\"AmeriPharma\u00ae Specialty Care\",\"description\":\"Specialty Care by AmeriPharma\",\"publisher\":{\"@id\":\"https:\\\/\\\/ameripharmaspecialty.com\\\/vi\\\/#organization\"},\"potentialAction\":[{\"@type\":\"SearchAction\",\"target\":{\"@type\":\"EntryPoint\",\"urlTemplate\":\"https:\\\/\\\/ameripharmaspecialty.com\\\/vi\\\/?s={search_term_string}\"},\"query-input\":{\"@type\":\"PropertyValueSpecification\",\"valueRequired\":true,\"valueName\":\"search_term_string\"}}],\"inLanguage\":\"es\"},{\"@type\":\"Organization\",\"@id\":\"https:\\\/\\\/ameripharmaspecialty.com\\\/vi\\\/#organization\",\"name\":\"Ameripharma Specialty Care\",\"url\":\"https:\\\/\\\/ameripharmaspecialty.com\\\/vi\\\/\",\"logo\":{\"@type\":\"ImageObject\",\"inLanguage\":\"es\",\"@id\":\"https:\\\/\\\/ameripharmaspecialty.com\\\/vi\\\/#\\\/schema\\\/logo\\\/image\\\/\",\"url\":\"https:\\\/\\\/ameripharmaspecialty.com\\\/wp-content\\\/uploads\\\/2024\\\/07\\\/specialty-care-logo-large-square.png\",\"contentUrl\":\"https:\\\/\\\/ameripharmaspecialty.com\\\/wp-content\\\/uploads\\\/2024\\\/07\\\/specialty-care-logo-large-square.png\",\"width\":400,\"height\":400,\"caption\":\"Ameripharma Specialty Care\"},\"image\":{\"@id\":\"https:\\\/\\\/ameripharmaspecialty.com\\\/vi\\\/#\\\/schema\\\/logo\\\/image\\\/\"},\"sameAs\":[\"https:\\\/\\\/www.facebook.com\\\/ameripharma\\\/\"]}]}<\/script>\n<!-- \/ Yoast SEO plugin. -->","yoast_head_json":{"title":"Recursos y apoyo para pacientes | Atenci\u00f3n 24\/7 | AmeriPharma","description":"Acceda a recursos integrales para pacientes y servicios de recetas especializadas desde AmeriPharma. Cont\u00e1ctenos para recibir servicios de cuidados intensivos y recetas especializadas.","robots":{"index":"index","follow":"follow","max-snippet":"max-snippet:-1","max-image-preview":"max-image-preview:large","max-video-preview":"max-video-preview:-1"},"canonical":"https:\/\/ameripharmaspecialty.com\/es\/patient-resources\/","og_locale":"es_MX","og_type":"article","og_title":"Patient Resources & Support | 24\/7 Care | AmeriPharma","og_description":"Access comprehensive patient resources & specialty Rx services from AmeriPharma. Contact us to receive critical care services & specialty prescriptions.","og_url":"https:\/\/ameripharmaspecialty.com\/es\/patient-resources\/","og_site_name":"AmeriPharma\u00ae Specialty Care","article_publisher":"https:\/\/www.facebook.com\/ameripharma\/","article_modified_time":"2026-04-07T21:36:39+00:00","og_image":[{"width":400,"height":400,"url":"https:\/\/ameripharmaspecialty.com\/wp-content\/uploads\/2024\/07\/specialty-care-logo-large-square.png","type":"image\/png"}],"twitter_card":"summary_large_image","twitter_misc":{"Est. reading time":"1 minuto"},"schema":{"@context":"https:\/\/schema.org","@graph":[{"@type":"WebPage","@id":"https:\/\/ameripharmaspecialty.com\/es\/patient-resources\/","url":"https:\/\/ameripharmaspecialty.com\/es\/patient-resources\/","name":"Recursos y apoyo para pacientes | Atenci\u00f3n 24\/7 | AmeriPharma","isPartOf":{"@id":"https:\/\/ameripharmaspecialty.com\/vi\/#website"},"datePublished":"2023-11-02T18:33:23+00:00","dateModified":"2026-04-07T21:36:39+00:00","description":"Acceda a recursos integrales para pacientes y servicios de recetas especializadas desde AmeriPharma. Cont\u00e1ctenos para recibir servicios de cuidados intensivos y recetas especializadas.","breadcrumb":{"@id":"https:\/\/ameripharmaspecialty.com\/es\/patient-resources\/#breadcrumb"},"inLanguage":"es","potentialAction":[{"@type":"ReadAction","target":["https:\/\/ameripharmaspecialty.com\/es\/patient-resources\/"]}]},{"@type":"BreadcrumbList","@id":"https:\/\/ameripharmaspecialty.com\/es\/patient-resources\/#breadcrumb","itemListElement":[{"@type":"ListItem","position":1,"name":"Home","item":"https:\/\/ameripharmaspecialty.com\/es\/"},{"@type":"ListItem","position":2,"name":"Patient Resources &amp; Support"}]},{"@type":"WebSite","@id":"https:\/\/ameripharmaspecialty.com\/vi\/#website","url":"https:\/\/ameripharmaspecialty.com\/vi\/","name":"Cuidado especializado AmeriPharma\u00ae","description":"Atenci\u00f3n especializada por AmeriPharma","publisher":{"@id":"https:\/\/ameripharmaspecialty.com\/vi\/#organization"},"potentialAction":[{"@type":"SearchAction","target":{"@type":"EntryPoint","urlTemplate":"https:\/\/ameripharmaspecialty.com\/vi\/?s={search_term_string}"},"query-input":{"@type":"PropertyValueSpecification","valueRequired":true,"valueName":"search_term_string"}}],"inLanguage":"es"},{"@type":"Organization","@id":"https:\/\/ameripharmaspecialty.com\/vi\/#organization","name":"Atenci\u00f3n especializada de Ameripharma","url":"https:\/\/ameripharmaspecialty.com\/vi\/","logo":{"@type":"ImageObject","inLanguage":"es","@id":"https:\/\/ameripharmaspecialty.com\/vi\/#\/schema\/logo\/image\/","url":"https:\/\/ameripharmaspecialty.com\/wp-content\/uploads\/2024\/07\/specialty-care-logo-large-square.png","contentUrl":"https:\/\/ameripharmaspecialty.com\/wp-content\/uploads\/2024\/07\/specialty-care-logo-large-square.png","width":400,"height":400,"caption":"Ameripharma Specialty Care"},"image":{"@id":"https:\/\/ameripharmaspecialty.com\/vi\/#\/schema\/logo\/image\/"},"sameAs":["https:\/\/www.facebook.com\/ameripharma\/"]}]}},"uagb_featured_image_src":{"full":false,"thumbnail":false,"medium":false,"medium_large":false,"large":false,"1536x1536":false,"2048x2048":false,"trp-custom-language-flag":false,"block-image-html-large":false,"ct-gallery":false,"ct-section-header":false,"ct-thumb":false,"ct-thumb-large":false,"ct-small":false,"ct-medium":false,"ct-xmedium":false,"ct-large":false},"uagb_author_info":{"display_name":"ameripharm3dev","author_link":"https:\/\/ameripharmaspecialty.com\/es\/author\/ameripharm3dev\/"},"uagb_comment_info":0,"uagb_excerpt":"At AmeriPharma\u00ae Specialty, our care goes beyond medication. From help with insurance approvals to delivering specialty RX medications to your door, we do it all so you can focus on your health.","rttpg_featured_image_url":null,"rttpg_author":{"display_name":"ameripharm3dev","author_link":"https:\/\/ameripharmaspecialty.com\/es\/author\/ameripharm3dev\/"},"rttpg_comment":0,"rttpg_category":false,"rttpg_excerpt":"At AmeriPharma\u00ae Specialty, our care goes beyond medication. From help with insurance approvals to delivering specialty RX medications to your door, we do it all so you can focus on your health.","_links":{"self":[{"href":"https:\/\/ameripharmaspecialty.com\/es\/wp-json\/wp\/v2\/pages\/46","targetHints":{"allow":["GET"]}}],"collection":[{"href":"https:\/\/ameripharmaspecialty.com\/es\/wp-json\/wp\/v2\/pages"}],"about":[{"href":"https:\/\/ameripharmaspecialty.com\/es\/wp-json\/wp\/v2\/types\/page"}],"author":[{"embeddable":true,"href":"https:\/\/ameripharmaspecialty.com\/es\/wp-json\/wp\/v2\/users\/1"}],"replies":[{"embeddable":true,"href":"https:\/\/ameripharmaspecialty.com\/es\/wp-json\/wp\/v2\/comments?post=46"}],"version-history":[{"count":0,"href":"https:\/\/ameripharmaspecialty.com\/es\/wp-json\/wp\/v2\/pages\/46\/revisions"}],"wp:attachment":[{"href":"https:\/\/ameripharmaspecialty.com\/es\/wp-json\/wp\/v2\/media?parent=46"}],"wp:term":[{"taxonomy":"category","embeddable":true,"href":"https:\/\/ameripharmaspecialty.com\/es\/wp-json\/wp\/v2\/categories?post=46"},{"taxonomy":"post_tag","embeddable":true,"href":"https:\/\/ameripharmaspecialty.com\/es\/wp-json\/wp\/v2\/tags?post=46"}],"curies":[{"name":"gracias","href":"https:\/\/api.w.org\/{rel}","templated":true}]}}