{"id":28016,"date":"2026-01-26T15:02:56","date_gmt":"2026-01-26T22:02:56","guid":{"rendered":"https:\/\/ameripharmaspecialty.com\/?page_id=28016"},"modified":"2026-01-26T15:09:02","modified_gmt":"2026-01-26T22:09:02","slug":"notice-of-nondiscrimination","status":"publish","type":"page","link":"https:\/\/ameripharmaspecialty.com\/es\/notice-of-nondiscrimination\/","title":{"rendered":"Aviso de no discriminaci\u00f3n"},"content":{"rendered":"<h3 class=\"wp-block-heading\"><strong>La discriminaci\u00f3n es contra la ley<\/strong><\/h3>\n\n\n\n<p>El AmeriPharma cumple con las leyes federales de derechos civiles aplicables, incluida la Secci\u00f3n 1557 de la Ley de Atenci\u00f3n M\u00e9dica Asequible y su reglamento de implementaci\u00f3n, T\u00edtulo 45 del C\u00f3digo de Reglamentos Federales, Parte 92, y las leyes estatales de derechos civiles aplicables. El AmeriPharma no discrimina, excluye ni trata a las personas de manera diferente por motivos como:<\/p>\n\n\n\n<ul class=\"wp-block-list\">\n<li>carrera<\/li>\n\n\n\n<li>color<\/li>\n\n\n\n<li>origen nacional (incluido dominio limitado del ingl\u00e9s y lengua materna)<\/li>\n\n\n\n<li>edad<\/li>\n\n\n\n<li>discapacidad<\/li>\n\n\n\n<li>sexo, incluidas las caracter\u00edsticas sexuales (como los rasgos intersexuales), el embarazo o afecciones relacionadas, la orientaci\u00f3n sexual, la identidad de g\u00e9nero y los estereotipos sexuales<\/li>\n<\/ul>\n\n\n\n<h3 class=\"wp-block-heading\"><strong>Nuestras responsabilidades<\/strong><\/h3>\n\n\n\n<p>AmeriPharma:<\/p>\n\n\n\n<ul class=\"wp-block-list\">\n<li>Proporciona a las personas con discapacidades modificaciones razonables y ayudas y servicios auxiliares gratuitos y apropiados para ayudarles a comunicarse eficazmente con nosotros, tales como:\n<ul class=\"wp-block-list\">\n<li>int\u00e9rpretes de lenguaje de se\u00f1as calificados<\/li>\n\n\n\n<li>informaci\u00f3n escrita en otros formatos (por ejemplo, letra grande, audio, formatos electr\u00f3nicos accesibles u otros formatos cuando est\u00e9n razonablemente disponibles)<\/li>\n<\/ul>\n<\/li>\n\n\n\n<li>Proporciona servicios gratuitos de asistencia ling\u00fc\u00edstica a personas cuyo idioma principal no es el ingl\u00e9s, que pueden incluir:\n<ul class=\"wp-block-list\">\n<li>Int\u00e9rpretes calificados (en persona o por tel\u00e9fono o video, cuando est\u00e9n disponibles)<\/li>\n\n\n\n<li>informaci\u00f3n escrita en otros idiomas<\/li>\n<\/ul>\n<\/li>\n<\/ul>\n\n\n\n<h3 class=\"wp-block-heading\"><strong>C\u00f3mo obtener ayuda si necesita estos servicios<\/strong><\/h3>\n\n\n\n<p>Si necesita modificaciones razonables, ayudas y servicios auxiliares o servicios de asistencia con el idioma, comun\u00edquese con nosotros a:<\/p>\n\n\n\n<ul class=\"wp-block-list\">\n<li>Tel\u00e9fono: 1-877-778-0318<\/li>\n\n\n\n<li>Correo electr\u00f3nico: info@ameripharma.us<\/li>\n\n\n\n<li>Correo: 132 S. Anita Drive, Ste. 210, Orange, CA 92868-3317<\/li>\n<\/ul>\n\n\n\n<p>Tambi\u00e9n puede pedirle a cualquier miembro del personal de AmeriPharma que lo conecte con alguien que pueda ayudarlo a acceder a estos servicios.<\/p>\n\n\n\n<h3 class=\"wp-block-heading\"><strong>C\u00f3mo presentar una queja ante AmeriPharma<\/strong><\/h3>\n\n\n\n<p>Si considera que AmeriPharma no ha proporcionado los servicios descritos anteriormente, o ha discriminado de otra manera por motivos de raza, color, origen nacional, edad, discapacidad o sexo, puede presentar una queja ante:<\/p>\n\n\n\n<p>AmeriPharma Departamento de Asuntos Regulatorios<br>Atenci\u00f3n: Director de Asuntos Regulatorios<br>132 S. Anita Drive, Ste. 210, Orange, CA 92868-3317<br>Tel\u00e9fono: 877-778-3773 ext. 176<br>Fax: 714-464-4410<br>Correo electr\u00f3nico: compliance@ameripharma.us<\/p>\n\n\n\n<p>Puede presentar una queja en persona, por correo, fax o correo electr\u00f3nico.&nbsp;<\/p>\n\n\n\n<h3 class=\"wp-block-heading\"><strong>C\u00f3mo presentar una queja de derechos civiles ante el HHS<\/strong><\/h3>\n\n\n\n<p>Tambi\u00e9n puede presentar una queja por violaci\u00f3n de derechos civiles directamente ante la Oficina de Derechos Civiles (OCR) del Departamento de Salud y Servicios Humanos de EE. UU. Puede presentar:<\/p>\n\n\n\n<ul class=\"wp-block-list\">\n<li>En l\u00ednea: a trav\u00e9s del Portal de Quejas de la OCR en <a href=\"https:\/\/ocrportal.hhs.gov\/ocr\/smartscreen\/main.jsf\">https:\/\/ocrportal.hhs.gov\/ocr\/smartscreen\/main.jsf<\/a><\/li>\n\n\n\n<li>Por correo o tel\u00e9fono:<br><br>Departamento de Salud y Servicios Humanos de los Estados Unidos<br>Oficina de Derechos Civiles<br>200 Avenida Independencia, SO<br>Habitaci\u00f3n 509F, Edificio HHH<br>Washington, D.C. 20201<br>Tel\u00e9fono: 1-800-368-1019<br>TDD: 1-800-537-7697<\/li>\n<\/ul>\n\n\n\n<p>Los formularios de queja y m\u00e1s informaci\u00f3n sobre c\u00f3mo presentarlos est\u00e1n disponibles en la Oficina de Derechos Civiles.<\/p>\n\n\n\n<p><\/p>","protected":false},"excerpt":{"rendered":"<p>La discriminaci\u00f3n es ilegal. AmeriPharma cumple con las leyes federales de derechos civiles aplicables, incluida la Secci\u00f3n 1557 de la Ley de Atenci\u00f3n M\u00e9dica Asequible y sus regulaciones de implementaci\u00f3n en 45 CFR Parte 92, y las leyes estatales de derechos civiles aplicables.<\/p>","protected":false},"author":30,"featured_media":0,"parent":0,"menu_order":0,"comment_status":"closed","ping_status":"closed","template":"boxed-template.php","meta":{"_acf_changed":false,"om_disable_all_campaigns":false,"_uag_custom_page_level_css":"","footnotes":""},"categories":[],"tags":[],"class_list":["post-28016","page","type-page","status-publish","hentry"],"acf":[],"yoast_head":"<!-- This site is optimized with the Yoast SEO plugin v27.4 - https:\/\/yoast.com\/product\/yoast-seo-wordpress\/ -->\n<title>Notice of Nondiscrimination - AmeriPharma\u00ae Specialty Care<\/title>\n<meta name=\"description\" content=\"AmeriPharma complies with federal and state civil rights laws, prohibits discrimination, and provides disability and language assistance services.\" \/>\n<meta name=\"robots\" content=\"index, follow, max-snippet:-1, max-image-preview:large, max-video-preview:-1\" \/>\n<link rel=\"canonical\" href=\"https:\/\/ameripharmaspecialty.com\/es\/notice-of-nondiscrimination\/\" \/>\n<meta property=\"og:locale\" content=\"es_MX\" \/>\n<meta property=\"og:type\" content=\"article\" \/>\n<meta property=\"og:title\" content=\"Notice of Nondiscrimination - AmeriPharma\u00ae Specialty Care\" \/>\n<meta property=\"og:description\" content=\"AmeriPharma complies with federal and state civil rights laws, prohibits discrimination, and provides disability and language assistance services.\" \/>\n<meta property=\"og:url\" content=\"https:\/\/ameripharmaspecialty.com\/es\/notice-of-nondiscrimination\/\" \/>\n<meta property=\"og:site_name\" content=\"AmeriPharma\u00ae Specialty Care\" \/>\n<meta property=\"article:publisher\" content=\"https:\/\/www.facebook.com\/ameripharma\/\" \/>\n<meta property=\"article:modified_time\" content=\"2026-01-26T22:09:02+00:00\" \/>\n<meta property=\"og:image\" content=\"https:\/\/ameripharmaspecialty.com\/wp-content\/uploads\/2024\/07\/specialty-care-logo-large-square.png\" \/>\n\t<meta property=\"og:image:width\" content=\"400\" \/>\n\t<meta property=\"og:image:height\" content=\"400\" \/>\n\t<meta property=\"og:image:type\" content=\"image\/png\" \/>\n<meta name=\"twitter:card\" content=\"summary_large_image\" \/>\n<meta name=\"twitter:label1\" content=\"Est. reading time\" \/>\n\t<meta name=\"twitter:data1\" content=\"2 minutos\" \/>\n<script type=\"application\/ld+json\" class=\"yoast-schema-graph\">{\"@context\":\"https:\\\/\\\/schema.org\",\"@graph\":[{\"@type\":\"WebPage\",\"@id\":\"https:\\\/\\\/ameripharmaspecialty.com\\\/es\\\/notice-of-nondiscrimination\\\/\",\"url\":\"https:\\\/\\\/ameripharmaspecialty.com\\\/es\\\/notice-of-nondiscrimination\\\/\",\"name\":\"Notice of Nondiscrimination - AmeriPharma\u00ae Specialty Care\",\"isPartOf\":{\"@id\":\"https:\\\/\\\/ameripharmaspecialty.com\\\/#website\"},\"datePublished\":\"2026-01-26T22:02:56+00:00\",\"dateModified\":\"2026-01-26T22:09:02+00:00\",\"description\":\"AmeriPharma complies with federal and state civil rights laws, prohibits discrimination, and provides disability and language assistance services.\",\"breadcrumb\":{\"@id\":\"https:\\\/\\\/ameripharmaspecialty.com\\\/es\\\/notice-of-nondiscrimination\\\/#breadcrumb\"},\"inLanguage\":\"es\",\"potentialAction\":[{\"@type\":\"ReadAction\",\"target\":[\"https:\\\/\\\/ameripharmaspecialty.com\\\/es\\\/notice-of-nondiscrimination\\\/\"]}]},{\"@type\":\"BreadcrumbList\",\"@id\":\"https:\\\/\\\/ameripharmaspecialty.com\\\/es\\\/notice-of-nondiscrimination\\\/#breadcrumb\",\"itemListElement\":[{\"@type\":\"ListItem\",\"position\":1,\"name\":\"Home\",\"item\":\"https:\\\/\\\/ameripharmaspecialty.com\\\/\"},{\"@type\":\"ListItem\",\"position\":2,\"name\":\"Notice of Nondiscrimination\"}]},{\"@type\":\"WebSite\",\"@id\":\"https:\\\/\\\/ameripharmaspecialty.com\\\/#website\",\"url\":\"https:\\\/\\\/ameripharmaspecialty.com\\\/\",\"name\":\"AmeriPharma\u00ae Specialty Care\",\"description\":\"Specialty Care by AmeriPharma\",\"publisher\":{\"@id\":\"https:\\\/\\\/ameripharmaspecialty.com\\\/#organization\"},\"potentialAction\":[{\"@type\":\"SearchAction\",\"target\":{\"@type\":\"EntryPoint\",\"urlTemplate\":\"https:\\\/\\\/ameripharmaspecialty.com\\\/?s={search_term_string}\"},\"query-input\":{\"@type\":\"PropertyValueSpecification\",\"valueRequired\":true,\"valueName\":\"search_term_string\"}}],\"inLanguage\":\"es\"},{\"@type\":\"Organization\",\"@id\":\"https:\\\/\\\/ameripharmaspecialty.com\\\/#organization\",\"name\":\"Ameripharma Specialty Care\",\"url\":\"https:\\\/\\\/ameripharmaspecialty.com\\\/\",\"logo\":{\"@type\":\"ImageObject\",\"inLanguage\":\"es\",\"@id\":\"https:\\\/\\\/ameripharmaspecialty.com\\\/#\\\/schema\\\/logo\\\/image\\\/\",\"url\":\"https:\\\/\\\/ameripharmaspecialty.com\\\/wp-content\\\/uploads\\\/2024\\\/07\\\/specialty-care-logo-large-square.png\",\"contentUrl\":\"https:\\\/\\\/ameripharmaspecialty.com\\\/wp-content\\\/uploads\\\/2024\\\/07\\\/specialty-care-logo-large-square.png\",\"width\":400,\"height\":400,\"caption\":\"Ameripharma Specialty Care\"},\"image\":{\"@id\":\"https:\\\/\\\/ameripharmaspecialty.com\\\/#\\\/schema\\\/logo\\\/image\\\/\"},\"sameAs\":[\"https:\\\/\\\/www.facebook.com\\\/ameripharma\\\/\"]}]}<\/script>\n<!-- \/ Yoast SEO plugin. -->","yoast_head_json":{"title":"Aviso de no discriminaci\u00f3n - AmeriPharma\u00ae Atenci\u00f3n especializada","description":"AmeriPharma cumple con las leyes federales y estatales de derechos civiles, proh\u00edbe la discriminaci\u00f3n y brinda servicios de asistencia ling\u00fc\u00edstica y para personas con discapacidad.","robots":{"index":"index","follow":"follow","max-snippet":"max-snippet:-1","max-image-preview":"max-image-preview:large","max-video-preview":"max-video-preview:-1"},"canonical":"https:\/\/ameripharmaspecialty.com\/es\/notice-of-nondiscrimination\/","og_locale":"es_MX","og_type":"article","og_title":"Notice of Nondiscrimination - AmeriPharma\u00ae Specialty Care","og_description":"AmeriPharma complies with federal and state civil rights laws, prohibits discrimination, and provides disability and language assistance services.","og_url":"https:\/\/ameripharmaspecialty.com\/es\/notice-of-nondiscrimination\/","og_site_name":"AmeriPharma\u00ae Specialty Care","article_publisher":"https:\/\/www.facebook.com\/ameripharma\/","article_modified_time":"2026-01-26T22:09:02+00:00","og_image":[{"width":400,"height":400,"url":"https:\/\/ameripharmaspecialty.com\/wp-content\/uploads\/2024\/07\/specialty-care-logo-large-square.png","type":"image\/png"}],"twitter_card":"summary_large_image","twitter_misc":{"Est. reading time":"2 minutos"},"schema":{"@context":"https:\/\/schema.org","@graph":[{"@type":"WebPage","@id":"https:\/\/ameripharmaspecialty.com\/es\/notice-of-nondiscrimination\/","url":"https:\/\/ameripharmaspecialty.com\/es\/notice-of-nondiscrimination\/","name":"Aviso de no discriminaci\u00f3n - AmeriPharma\u00ae Atenci\u00f3n especializada","isPartOf":{"@id":"https:\/\/ameripharmaspecialty.com\/#website"},"datePublished":"2026-01-26T22:02:56+00:00","dateModified":"2026-01-26T22:09:02+00:00","description":"AmeriPharma cumple con las leyes federales y estatales de derechos civiles, proh\u00edbe la discriminaci\u00f3n y brinda servicios de asistencia ling\u00fc\u00edstica y para personas con discapacidad.","breadcrumb":{"@id":"https:\/\/ameripharmaspecialty.com\/es\/notice-of-nondiscrimination\/#breadcrumb"},"inLanguage":"es","potentialAction":[{"@type":"ReadAction","target":["https:\/\/ameripharmaspecialty.com\/es\/notice-of-nondiscrimination\/"]}]},{"@type":"BreadcrumbList","@id":"https:\/\/ameripharmaspecialty.com\/es\/notice-of-nondiscrimination\/#breadcrumb","itemListElement":[{"@type":"ListItem","position":1,"name":"Home","item":"https:\/\/ameripharmaspecialty.com\/"},{"@type":"ListItem","position":2,"name":"Notice of Nondiscrimination"}]},{"@type":"WebSite","@id":"https:\/\/ameripharmaspecialty.com\/#website","url":"https:\/\/ameripharmaspecialty.com\/","name":"Cuidado especializado AmeriPharma\u00ae","description":"Atenci\u00f3n especializada por AmeriPharma","publisher":{"@id":"https:\/\/ameripharmaspecialty.com\/#organization"},"potentialAction":[{"@type":"SearchAction","target":{"@type":"EntryPoint","urlTemplate":"https:\/\/ameripharmaspecialty.com\/?s={search_term_string}"},"query-input":{"@type":"PropertyValueSpecification","valueRequired":true,"valueName":"search_term_string"}}],"inLanguage":"es"},{"@type":"Organization","@id":"https:\/\/ameripharmaspecialty.com\/#organization","name":"Atenci\u00f3n especializada de Ameripharma","url":"https:\/\/ameripharmaspecialty.com\/","logo":{"@type":"ImageObject","inLanguage":"es","@id":"https:\/\/ameripharmaspecialty.com\/#\/schema\/logo\/image\/","url":"https:\/\/ameripharmaspecialty.com\/wp-content\/uploads\/2024\/07\/specialty-care-logo-large-square.png","contentUrl":"https:\/\/ameripharmaspecialty.com\/wp-content\/uploads\/2024\/07\/specialty-care-logo-large-square.png","width":400,"height":400,"caption":"Ameripharma Specialty Care"},"image":{"@id":"https:\/\/ameripharmaspecialty.com\/#\/schema\/logo\/image\/"},"sameAs":["https:\/\/www.facebook.com\/ameripharma\/"]}]}},"uagb_featured_image_src":{"full":false,"thumbnail":false,"medium":false,"medium_large":false,"large":false,"1536x1536":false,"2048x2048":false,"trp-custom-language-flag":false,"block-image-html-large":false,"ct-gallery":false,"ct-section-header":false,"ct-thumb":false,"ct-thumb-large":false,"ct-small":false,"ct-medium":false,"ct-xmedium":false,"ct-large":false},"uagb_author_info":{"display_name":"TJ","author_link":"https:\/\/ameripharmaspecialty.com\/es\/author\/tj\/"},"uagb_comment_info":0,"uagb_excerpt":"Discrimination is against the law AmeriPharma complies with applicable federal civil rights laws, including Section 1557 of the Affordable Care Act and its implementing regulations at 45 CFR Part 92, and applicable state civil rights laws.","rttpg_featured_image_url":null,"rttpg_author":{"display_name":"TJ","author_link":"https:\/\/ameripharmaspecialty.com\/es\/author\/tj\/"},"rttpg_comment":0,"rttpg_category":false,"rttpg_excerpt":"Discrimination is against the law AmeriPharma complies with applicable federal civil rights laws, including Section 1557 of the Affordable Care Act and its implementing regulations at 45 CFR Part 92, and applicable state civil rights laws.","_links":{"self":[{"href":"https:\/\/ameripharmaspecialty.com\/es\/wp-json\/wp\/v2\/pages\/28016","targetHints":{"allow":["GET"]}}],"collection":[{"href":"https:\/\/ameripharmaspecialty.com\/es\/wp-json\/wp\/v2\/pages"}],"about":[{"href":"https:\/\/ameripharmaspecialty.com\/es\/wp-json\/wp\/v2\/types\/page"}],"author":[{"embeddable":true,"href":"https:\/\/ameripharmaspecialty.com\/es\/wp-json\/wp\/v2\/users\/30"}],"replies":[{"embeddable":true,"href":"https:\/\/ameripharmaspecialty.com\/es\/wp-json\/wp\/v2\/comments?post=28016"}],"version-history":[{"count":0,"href":"https:\/\/ameripharmaspecialty.com\/es\/wp-json\/wp\/v2\/pages\/28016\/revisions"}],"wp:attachment":[{"href":"https:\/\/ameripharmaspecialty.com\/es\/wp-json\/wp\/v2\/media?parent=28016"}],"wp:term":[{"taxonomy":"category","embeddable":true,"href":"https:\/\/ameripharmaspecialty.com\/es\/wp-json\/wp\/v2\/categories?post=28016"},{"taxonomy":"post_tag","embeddable":true,"href":"https:\/\/ameripharmaspecialty.com\/es\/wp-json\/wp\/v2\/tags?post=28016"}],"curies":[{"name":"gracias","href":"https:\/\/api.w.org\/{rel}","templated":true}]}}