{"id":27720,"date":"2025-08-06T11:32:20","date_gmt":"2025-08-06T18:32:20","guid":{"rendered":"https:\/\/ameripharmaspecialty.com\/?page_id=27720"},"modified":"2025-08-07T15:15:32","modified_gmt":"2025-08-07T22:15:32","slug":"your-privacy-choices","status":"publish","type":"page","link":"https:\/\/ameripharmaspecialty.com\/es\/your-privacy-choices\/","title":{"rendered":"Sus opciones de privacidad"},"content":{"rendered":"<h2 class=\"wp-block-heading\" id=\"h-do-not-sell-or-share-my-personal-information-amp-limit-the-use-of-my-sensitive-personal-information\">No venda ni comparta mi informaci\u00f3n personal y limite el uso de mi informaci\u00f3n personal confidencial<\/h2>\n\n\n\n<p>Como residente de California, usted tiene derecho, seg\u00fan la Ley de Privacidad del Consumidor de California (CCPA) y la Ley de Derechos de Privacidad de California (CPRA), a:<\/p>\n\n\n\n<ul class=\"wp-block-list\">\n<li>Opte por no compartir su informaci\u00f3n personal para fines tales como publicidad conductual entre contextos (por ejemplo, an\u00e1lisis de sitios web o p\u00edxeles publicitarios).<\/li>\n\n\n\n<li>Limite el uso y la divulgaci\u00f3n de su informaci\u00f3n personal confidencial, incluida informaci\u00f3n como geolocalizaci\u00f3n precisa, datos de salud o ciertos detalles de la cuenta, \u00fanicamente a lo que sea necesario para brindarle los servicios solicitados.<\/li>\n<\/ul>\n\n\n\n<p>No vendemos informaci\u00f3n personal a cambio de dinero. Sin embargo, podr\u00edamos compartir ciertos datos con terceros, como plataformas publicitarias, para mejorar tu experiencia y mostrarte anuncios relevantes, entre otros fines.<\/p>\n\n\n\n<p>Si prefiere que no compartamos su informaci\u00f3n de esta manera, o si desea limitar c\u00f3mo se utiliza su informaci\u00f3n personal confidencial, puede enviar una solicitud marcando las casillas a continuaci\u00f3n.<\/p>\n\n\n\n<p><strong>Una vez enviado:<\/strong><\/p>\n\n\n\n<ul class=\"wp-block-list\">\n<li>Honraremos su solicitud durante al menos 13 meses a menos que usted elija volver a participar.<\/li>\n\n\n\n<li>Su experiencia en nuestro sitio web puede cambiar, incluida la personalizaci\u00f3n limitada o la relevancia publicitaria.<\/li>\n<\/ul>\n\n\n\n<div style=\"height:20px\" aria-hidden=\"true\" class=\"wp-block-spacer\"><\/div>\n\n\n\n<h2 class=\"wp-block-heading\" id=\"h-manage-your-privacy-preferences\">Administre sus preferencias de privacidad<\/h2>\n\n\n\n<style>\n.consent-controls {\n    background: white;\n    border: 1px solid #ddd;\n    border-radius: 8px;\n    padding: 30px;\n    box-shadow: 0 2px 4px rgba(0,0,0,0.1);\n    margin: 30px 0;\n}\n\n.consent-option {\n    display: flex;\n    justify-content: space-between;\n    align-items: center;\n    padding: 20px 0;\n    border-bottom: 1px solid #eee;\n}\n\n.consent-option:last-child {\n    border-bottom: none;\n}\n\n.consent-label {\n    flex-grow: 1;\n    margin-right: 20px;\n}\n\n.consent-label h3 {\n    margin: 0 0 8px 0;\n    font-size: 18px;\n    color: #2c3e50;\n    font-weight: 600;\n}\n\n.consent-label p {\n    margin: 0;\n    font-size: 14px;\n    color: #666;\n    line-height: 1.5;\n}\n\n.toggle-switch {\n    position: relative;\n    width: 60px;\n    height: 32px;\n    flex-shrink: 0;\n}\n\n.toggle-switch input {\n    opacity: 0;\n    width: 0;\n    height: 0;\n}\n\n.slider {\n    position: absolute;\n    cursor: pointer;\n    top: 0;\n    left: 0;\n    right: 0;\n    bottom: 0;\n    background-color: #ccc;\n    transition: 0.3s;\n    border-radius: 32px;\n}\n\n.slider:before {\n    position: absolute;\n    content: \"\";\n    height: 24px;\n    width: 24px;\n    left: 4px;\n    bottom: 4px;\n    background-color: white;\n    transition: 0.3s;\n    border-radius: 50%;\n    box-shadow: 0 2px 4px rgba(0,0,0,0.2);\n}\n\ninput:checked + .slider {\n    background-color: #007cba;\n}\n\ninput:checked + .slider:before {\n    transform: translateX(28px);\n}\n\n.save-button {\n    margin-top: 30px;\n    text-align: center;\n}\n\n.btn-save {\n    background-color: #007cba;\n    color: white;\n    border: none;\n    padding: 12px 40px;\n    font-size: 16px;\n    border-radius: 4px;\n    cursor: pointer;\n    transition: background-color 0.3s;\n    font-weight: 500;\n}\n\n.btn-save:hover {\n    background-color: #005a87;\n}\n\n.btn-save:disabled {\n    background-color: #ccc;\n    cursor: not-allowed;\n}\n\n.status-message {\n    margin-top: 15px;\n    padding: 12px 20px;\n    border-radius: 4px;\n    text-align: center;\n    display: none;\n}\n\n.status-message.success {\n    background-color: #d4edda;\n    color: #155724;\n    border: 1px solid #c3e6cb;\n    display: block;\n}\n\n.status-message.error {\n    background-color: #f8d7da;\n    color: #721c24;\n    border: 1px solid #f5c6cb;\n    display: block;\n}\n\n.notice-text {\n    background-color: #fff3cd;\n    border: 1px solid #ffeeba;\n    color: #856404;\n    padding: 15px;\n    border-radius: 4px;\n    margin-top: 20px;\n    font-size: 14px;\n}\n<\/style>\n\n<div class=\"consent-controls\">\n    <div class=\"consent-option\">\n        <div class=\"consent-label\">\n            <h3>No vender ni compartir mi informaci\u00f3n personal<\/h3>\n            <p>Opte por no compartir su informaci\u00f3n personal con terceros para publicidad conductual multicontexto y fines similares.<\/p>\n        <\/div>\n        <label class=\"toggle-switch\">\n            <input type=\"checkbox\" id=\"doNotSell\" \/>\n            <span class=\"slider\"><\/span>\n        <\/label>\n    <\/div>\n    \n    <div class=\"consent-option\">\n        <div class=\"consent-label\">\n            <h3>Limitar el uso de mi informaci\u00f3n personal confidencial<\/h3>\n            <p>Restringir el uso de informaci\u00f3n personal sensible \u00fanicamente a lo que sea necesario para proporcionar los servicios solicitados.<\/p>\n        <\/div>\n        <label class=\"toggle-switch\">\n            <input type=\"checkbox\" id=\"limitSensitive\" \/>\n            <span class=\"slider\"><\/span>\n        <\/label>\n    <\/div>\n    \n    <div class=\"save-button\">\n        <button class=\"btn-save\" id=\"savePreferences\">Guardar preferencias de privacidad<\/button>\n    <\/div>\n    \n    <div id=\"statusMessage\" class=\"status-message\"><\/div>\n    \n    <div class=\"notice-text\">\n        <strong>Nota:<\/strong> Estas preferencias se aplican \u00fanicamente a este sitio web. Es posible que deba realizar solicitudes por separado para otros sitios web o servicios que operamos.\n    <\/div>\n<\/div>\n\n<script src=\"https:\/\/ameripharmaspecialty.com\/wp-content\/themes\/ct-theme\/assets\/dist\/js\/custom\/your_privacy_choices.js\"><\/script>","protected":false},"excerpt":{"rendered":"<p>No venda ni comparta mi informaci\u00f3n personal y limite el uso de mi informaci\u00f3n personal confidencial Como residente de California, usted tiene derecho seg\u00fan la Ley de Privacidad del Consumidor de California (CCPA) y la Ley de Derechos de Privacidad de California (CPRA) a: No vendemos informaci\u00f3n personal por valor monetario.<\/p>","protected":false},"author":2,"featured_media":0,"parent":0,"menu_order":0,"comment_status":"closed","ping_status":"closed","template":"boxed-template.php","meta":{"_acf_changed":false,"om_disable_all_campaigns":false,"_uag_custom_page_level_css":"","footnotes":""},"categories":[],"tags":[],"class_list":["post-27720","page","type-page","status-publish","hentry"],"acf":[],"yoast_head":"<!-- This site is optimized with the Yoast SEO plugin v27.5 - https:\/\/yoast.com\/product\/yoast-seo-wordpress\/ -->\n<title>Your Privacy Choices - AmeriPharma\u00ae Specialty Care<\/title>\n<meta name=\"robots\" content=\"index, follow, max-snippet:-1, max-image-preview:large, max-video-preview:-1\" \/>\n<link rel=\"canonical\" href=\"https:\/\/ameripharmaspecialty.com\/es\/your-privacy-choices\/\" \/>\n<meta property=\"og:locale\" content=\"es_MX\" \/>\n<meta property=\"og:type\" content=\"article\" \/>\n<meta property=\"og:title\" content=\"Your Privacy Choices - AmeriPharma\u00ae Specialty Care\" \/>\n<meta property=\"og:description\" content=\"Do Not Sell or Share My Personal Information &amp; Limit the Use of My Sensitive Personal Information As a California resident, you have the right under the California Consumer Privacy Act (CCPA) and California Privacy Rights Act (CPRA) to: We do not sell personal information for monetary value.\" \/>\n<meta property=\"og:url\" content=\"https:\/\/ameripharmaspecialty.com\/es\/your-privacy-choices\/\" \/>\n<meta property=\"og:site_name\" content=\"AmeriPharma\u00ae Specialty Care\" \/>\n<meta property=\"article:publisher\" content=\"https:\/\/www.facebook.com\/ameripharma\/\" \/>\n<meta property=\"article:modified_time\" content=\"2025-08-07T22:15:32+00:00\" \/>\n<meta property=\"og:image\" content=\"https:\/\/ameripharmaspecialty.com\/wp-content\/uploads\/2024\/07\/specialty-care-logo-large-square.png\" \/>\n\t<meta property=\"og:image:width\" content=\"400\" \/>\n\t<meta property=\"og:image:height\" content=\"400\" \/>\n\t<meta property=\"og:image:type\" content=\"image\/png\" \/>\n<meta name=\"twitter:card\" content=\"summary_large_image\" \/>\n<meta name=\"twitter:label1\" content=\"Est. reading time\" \/>\n\t<meta name=\"twitter:data1\" content=\"2 minutos\" \/>\n<script type=\"application\/ld+json\" class=\"yoast-schema-graph\">{\"@context\":\"https:\\\/\\\/schema.org\",\"@graph\":[{\"@type\":\"WebPage\",\"@id\":\"https:\\\/\\\/ameripharmaspecialty.com\\\/your-privacy-choices\\\/\",\"url\":\"https:\\\/\\\/ameripharmaspecialty.com\\\/your-privacy-choices\\\/\",\"name\":\"Your Privacy Choices - AmeriPharma\u00ae Specialty Care\",\"isPartOf\":{\"@id\":\"https:\\\/\\\/ameripharmaspecialty.com\\\/#website\"},\"datePublished\":\"2025-08-06T18:32:20+00:00\",\"dateModified\":\"2025-08-07T22:15:32+00:00\",\"breadcrumb\":{\"@id\":\"https:\\\/\\\/ameripharmaspecialty.com\\\/your-privacy-choices\\\/#breadcrumb\"},\"inLanguage\":\"es\",\"potentialAction\":[{\"@type\":\"ReadAction\",\"target\":[\"https:\\\/\\\/ameripharmaspecialty.com\\\/your-privacy-choices\\\/\"]}]},{\"@type\":\"BreadcrumbList\",\"@id\":\"https:\\\/\\\/ameripharmaspecialty.com\\\/your-privacy-choices\\\/#breadcrumb\",\"itemListElement\":[{\"@type\":\"ListItem\",\"position\":1,\"name\":\"Home\",\"item\":\"https:\\\/\\\/ameripharmaspe.wpenginepowered.com\\\/es\\\/\"},{\"@type\":\"ListItem\",\"position\":2,\"name\":\"Your Privacy Choices\"}]},{\"@type\":\"WebSite\",\"@id\":\"https:\\\/\\\/ameripharmaspecialty.com\\\/#website\",\"url\":\"https:\\\/\\\/ameripharmaspecialty.com\\\/\",\"name\":\"AmeriPharma\u00ae Specialty Care\",\"description\":\"Specialty Care by AmeriPharma\",\"publisher\":{\"@id\":\"https:\\\/\\\/ameripharmaspecialty.com\\\/#organization\"},\"potentialAction\":[{\"@type\":\"SearchAction\",\"target\":{\"@type\":\"EntryPoint\",\"urlTemplate\":\"https:\\\/\\\/ameripharmaspecialty.com\\\/?s={search_term_string}\"},\"query-input\":{\"@type\":\"PropertyValueSpecification\",\"valueRequired\":true,\"valueName\":\"search_term_string\"}}],\"inLanguage\":\"es\"},{\"@type\":\"Organization\",\"@id\":\"https:\\\/\\\/ameripharmaspecialty.com\\\/#organization\",\"name\":\"Ameripharma Specialty Care\",\"url\":\"https:\\\/\\\/ameripharmaspecialty.com\\\/\",\"logo\":{\"@type\":\"ImageObject\",\"inLanguage\":\"es\",\"@id\":\"https:\\\/\\\/ameripharmaspecialty.com\\\/#\\\/schema\\\/logo\\\/image\\\/\",\"url\":\"https:\\\/\\\/ameripharmaspecialty.com\\\/wp-content\\\/uploads\\\/2024\\\/07\\\/specialty-care-logo-large-square.png\",\"contentUrl\":\"https:\\\/\\\/ameripharmaspecialty.com\\\/wp-content\\\/uploads\\\/2024\\\/07\\\/specialty-care-logo-large-square.png\",\"width\":400,\"height\":400,\"caption\":\"Ameripharma Specialty Care\"},\"image\":{\"@id\":\"https:\\\/\\\/ameripharmaspecialty.com\\\/#\\\/schema\\\/logo\\\/image\\\/\"},\"sameAs\":[\"https:\\\/\\\/www.facebook.com\\\/ameripharma\\\/\"]}]}<\/script>\n<!-- \/ Yoast SEO plugin. -->","yoast_head_json":{"title":"Sus opciones de privacidad - AmeriPharma\u00ae Specialty Care","robots":{"index":"index","follow":"follow","max-snippet":"max-snippet:-1","max-image-preview":"max-image-preview:large","max-video-preview":"max-video-preview:-1"},"canonical":"https:\/\/ameripharmaspecialty.com\/es\/your-privacy-choices\/","og_locale":"es_MX","og_type":"article","og_title":"Your Privacy Choices - AmeriPharma\u00ae Specialty Care","og_description":"Do Not Sell or Share My Personal Information &amp; Limit the Use of My Sensitive Personal Information As a California resident, you have the right under the California Consumer Privacy Act (CCPA) and California Privacy Rights Act (CPRA) to: We do not sell personal information for monetary value.","og_url":"https:\/\/ameripharmaspecialty.com\/es\/your-privacy-choices\/","og_site_name":"AmeriPharma\u00ae Specialty Care","article_publisher":"https:\/\/www.facebook.com\/ameripharma\/","article_modified_time":"2025-08-07T22:15:32+00:00","og_image":[{"width":400,"height":400,"url":"https:\/\/ameripharmaspecialty.com\/wp-content\/uploads\/2024\/07\/specialty-care-logo-large-square.png","type":"image\/png"}],"twitter_card":"summary_large_image","twitter_misc":{"Est. reading time":"2 minutos"},"schema":{"@context":"https:\/\/schema.org","@graph":[{"@type":"WebPage","@id":"https:\/\/ameripharmaspecialty.com\/your-privacy-choices\/","url":"https:\/\/ameripharmaspecialty.com\/your-privacy-choices\/","name":"Sus opciones de privacidad - AmeriPharma\u00ae Specialty Care","isPartOf":{"@id":"https:\/\/ameripharmaspecialty.com\/#website"},"datePublished":"2025-08-06T18:32:20+00:00","dateModified":"2025-08-07T22:15:32+00:00","breadcrumb":{"@id":"https:\/\/ameripharmaspecialty.com\/your-privacy-choices\/#breadcrumb"},"inLanguage":"es","potentialAction":[{"@type":"ReadAction","target":["https:\/\/ameripharmaspecialty.com\/your-privacy-choices\/"]}]},{"@type":"BreadcrumbList","@id":"https:\/\/ameripharmaspecialty.com\/your-privacy-choices\/#breadcrumb","itemListElement":[{"@type":"ListItem","position":1,"name":"Home","item":"https:\/\/ameripharmaspe.wpenginepowered.com\/es\/"},{"@type":"ListItem","position":2,"name":"Your Privacy Choices"}]},{"@type":"WebSite","@id":"https:\/\/ameripharmaspecialty.com\/#website","url":"https:\/\/ameripharmaspecialty.com\/","name":"Cuidado especializado AmeriPharma\u00ae","description":"Atenci\u00f3n especializada por AmeriPharma","publisher":{"@id":"https:\/\/ameripharmaspecialty.com\/#organization"},"potentialAction":[{"@type":"SearchAction","target":{"@type":"EntryPoint","urlTemplate":"https:\/\/ameripharmaspecialty.com\/?s={search_term_string}"},"query-input":{"@type":"PropertyValueSpecification","valueRequired":true,"valueName":"search_term_string"}}],"inLanguage":"es"},{"@type":"Organization","@id":"https:\/\/ameripharmaspecialty.com\/#organization","name":"Atenci\u00f3n especializada de Ameripharma","url":"https:\/\/ameripharmaspecialty.com\/","logo":{"@type":"ImageObject","inLanguage":"es","@id":"https:\/\/ameripharmaspecialty.com\/#\/schema\/logo\/image\/","url":"https:\/\/ameripharmaspecialty.com\/wp-content\/uploads\/2024\/07\/specialty-care-logo-large-square.png","contentUrl":"https:\/\/ameripharmaspecialty.com\/wp-content\/uploads\/2024\/07\/specialty-care-logo-large-square.png","width":400,"height":400,"caption":"Ameripharma Specialty Care"},"image":{"@id":"https:\/\/ameripharmaspecialty.com\/#\/schema\/logo\/image\/"},"sameAs":["https:\/\/www.facebook.com\/ameripharma\/"]}]}},"uagb_featured_image_src":{"full":false,"thumbnail":false,"medium":false,"medium_large":false,"large":false,"1536x1536":false,"2048x2048":false,"trp-custom-language-flag":false,"block-image-html-large":false,"ct-gallery":false,"ct-section-header":false,"ct-thumb":false,"ct-thumb-large":false,"ct-small":false,"ct-medium":false,"ct-xmedium":false,"ct-large":false},"uagb_author_info":{"display_name":"Brandon Yano","author_link":"https:\/\/ameripharmaspecialty.com\/es\/author\/byanoameripharma-us\/"},"uagb_comment_info":0,"uagb_excerpt":"Do Not Sell or Share My Personal Information &amp; Limit the Use of My Sensitive Personal Information As a California resident, you have the right under the California Consumer Privacy Act (CCPA) and California Privacy Rights Act (CPRA) to: We do not sell personal information for monetary value.","rttpg_featured_image_url":null,"rttpg_author":{"display_name":"Brandon Yano","author_link":"https:\/\/ameripharmaspecialty.com\/es\/author\/byanoameripharma-us\/"},"rttpg_comment":0,"rttpg_category":false,"rttpg_excerpt":"Do Not Sell or Share My Personal Information &amp; Limit the Use of My Sensitive Personal Information As a California resident, you have the right under the California Consumer Privacy Act (CCPA) and California Privacy Rights Act (CPRA) to: We do not sell personal information for monetary value.","_links":{"self":[{"href":"https:\/\/ameripharmaspecialty.com\/es\/wp-json\/wp\/v2\/pages\/27720","targetHints":{"allow":["GET"]}}],"collection":[{"href":"https:\/\/ameripharmaspecialty.com\/es\/wp-json\/wp\/v2\/pages"}],"about":[{"href":"https:\/\/ameripharmaspecialty.com\/es\/wp-json\/wp\/v2\/types\/page"}],"author":[{"embeddable":true,"href":"https:\/\/ameripharmaspecialty.com\/es\/wp-json\/wp\/v2\/users\/2"}],"replies":[{"embeddable":true,"href":"https:\/\/ameripharmaspecialty.com\/es\/wp-json\/wp\/v2\/comments?post=27720"}],"version-history":[{"count":0,"href":"https:\/\/ameripharmaspecialty.com\/es\/wp-json\/wp\/v2\/pages\/27720\/revisions"}],"wp:attachment":[{"href":"https:\/\/ameripharmaspecialty.com\/es\/wp-json\/wp\/v2\/media?parent=27720"}],"wp:term":[{"taxonomy":"category","embeddable":true,"href":"https:\/\/ameripharmaspecialty.com\/es\/wp-json\/wp\/v2\/categories?post=27720"},{"taxonomy":"post_tag","embeddable":true,"href":"https:\/\/ameripharmaspecialty.com\/es\/wp-json\/wp\/v2\/tags?post=27720"}],"curies":[{"name":"gracias","href":"https:\/\/api.w.org\/{rel}","templated":true}]}}