{"id":26201,"date":"2024-07-11T16:08:19","date_gmt":"2024-07-11T23:08:19","guid":{"rendered":"https:\/\/ameripharmaspecialty.com\/?page_id=26201"},"modified":"2025-03-06T17:26:07","modified_gmt":"2025-03-07T00:26:07","slug":"get-started-thank-you","status":"publish","type":"page","link":"https:\/\/ameripharmaspecialty.com\/es\/get-started-thank-you\/","title":{"rendered":"Get Started &#8211; Thank You"},"content":{"rendered":"<div class=\"wp-block-columns is-layout-flex wp-container-core-columns-is-layout-9d6595d7 wp-block-columns-is-layout-flex\">\n<div class=\"wp-block-column is-layout-flow wp-block-column-is-layout-flow\">\n<h2 class=\"wp-block-heading\" style=\"padding-top:4rem;padding-bottom:0rem\">Gracias por su consulta. Nos pondremos en contacto con usted en breve.<\/h2>\n\n\n\n<p>Para obtener asistencia inmediata, ll\u00e1menos al&nbsp;<a href=\"tel:877-778-0318\">877-778-0318<\/a>.<\/p>\n\n\n\n<p>Estamos aqu\u00ed para servirle. Cuando se trata de su salud, es importante tener acceso a servicio al cliente y apoyo cuando lo necesite. Un coordinador de atenci\u00f3n al paciente de AmeriPharma se pondr\u00e1 en contacto con usted en breve. Mientras tanto, no dude en explorar nuestra p\u00e1gina.&nbsp;<a href=\"https:\/\/ameripharmaspecialty.com\/es\/patient-faqs\/\">Preguntas frecuentes<\/a>.<\/p>\n<\/div>\n\n\n\n<div class=\"wp-block-column is-layout-flow wp-block-column-is-layout-flow\"><\/div>\n<\/div>","protected":false},"excerpt":{"rendered":"<p>Thank you for you inquiry! You will hear from us shortly. For immediate assistance, please call us at&nbsp;877-778-0318. We\u2019re here to serve you. When it comes to your health, it\u2019s important to have access to customer service and support when you need it.<\/p>","protected":false},"author":2,"featured_media":0,"parent":0,"menu_order":0,"comment_status":"closed","ping_status":"closed","template":"boxed-template.php","meta":{"_acf_changed":false,"om_disable_all_campaigns":false,"_uag_custom_page_level_css":"","footnotes":""},"categories":[],"tags":[],"class_list":["post-26201","page","type-page","status-publish","hentry"],"acf":[],"yoast_head":"<!-- This site is optimized with the Yoast SEO plugin v27.3 - https:\/\/yoast.com\/product\/yoast-seo-wordpress\/ -->\n<title>Get Started - Thank You - AmeriPharma\u00ae Specialty Care<\/title>\n<meta name=\"robots\" content=\"noindex, nofollow\" \/>\n<meta property=\"og:locale\" content=\"es_MX\" \/>\n<meta property=\"og:type\" content=\"article\" \/>\n<meta property=\"og:title\" content=\"Get Started - Thank You - AmeriPharma\u00ae Specialty Care\" \/>\n<meta property=\"og:description\" content=\"Thank you for you inquiry! You will hear from us shortly. For immediate assistance, please call us at&nbsp;877-778-0318. We\u2019re here to serve you. When it comes to your health, it\u2019s important to have access to customer service and support when you need it.\" \/>\n<meta property=\"og:url\" content=\"https:\/\/ameripharmaspecialty.com\/es\/get-started-thank-you\/\" \/>\n<meta property=\"og:site_name\" content=\"AmeriPharma\u00ae Specialty Care\" \/>\n<meta property=\"article:publisher\" content=\"https:\/\/www.facebook.com\/ameripharma\/\" \/>\n<meta property=\"article:modified_time\" content=\"2025-03-07T00:26:07+00:00\" \/>\n<meta property=\"og:image\" content=\"https:\/\/ameripharmaspecialty.com\/wp-content\/uploads\/2024\/07\/specialty-care-logo-large-square.png\" \/>\n\t<meta property=\"og:image:width\" content=\"400\" \/>\n\t<meta property=\"og:image:height\" content=\"400\" \/>\n\t<meta property=\"og:image:type\" content=\"image\/png\" \/>\n<meta name=\"twitter:card\" content=\"summary_large_image\" \/>\n<meta name=\"twitter:label1\" content=\"Est. reading time\" \/>\n\t<meta name=\"twitter:data1\" content=\"1 minuto\" \/>\n<script type=\"application\/ld+json\" class=\"yoast-schema-graph\">{\"@context\":\"https:\\\/\\\/schema.org\",\"@graph\":[{\"@type\":\"WebPage\",\"@id\":\"https:\\\/\\\/ameripharmaspecialty.com\\\/zh\\\/get-started-thank-you\\\/\",\"url\":\"https:\\\/\\\/ameripharmaspecialty.com\\\/zh\\\/get-started-thank-you\\\/\",\"name\":\"Get Started - Thank You - AmeriPharma\u00ae Specialty Care\",\"isPartOf\":{\"@id\":\"https:\\\/\\\/ameripharmaspecialty.com\\\/#website\"},\"datePublished\":\"2024-07-11T23:08:19+00:00\",\"dateModified\":\"2025-03-07T00:26:07+00:00\",\"breadcrumb\":{\"@id\":\"https:\\\/\\\/ameripharmaspecialty.com\\\/zh\\\/get-started-thank-you\\\/#breadcrumb\"},\"inLanguage\":\"es\",\"potentialAction\":[{\"@type\":\"ReadAction\",\"target\":[\"https:\\\/\\\/ameripharmaspecialty.com\\\/zh\\\/get-started-thank-you\\\/\"]}]},{\"@type\":\"BreadcrumbList\",\"@id\":\"https:\\\/\\\/ameripharmaspecialty.com\\\/zh\\\/get-started-thank-you\\\/#breadcrumb\",\"itemListElement\":[{\"@type\":\"ListItem\",\"position\":1,\"name\":\"Home\",\"item\":\"https:\\\/\\\/ameripharmaspecialty.com\\\/es\\\/\"},{\"@type\":\"ListItem\",\"position\":2,\"name\":\"Get Started &#8211; Thank You\"}]},{\"@type\":\"WebSite\",\"@id\":\"https:\\\/\\\/ameripharmaspecialty.com\\\/#website\",\"url\":\"https:\\\/\\\/ameripharmaspecialty.com\\\/\",\"name\":\"AmeriPharma\u00ae Specialty Care\",\"description\":\"Specialty Care by AmeriPharma\",\"publisher\":{\"@id\":\"https:\\\/\\\/ameripharmaspecialty.com\\\/#organization\"},\"potentialAction\":[{\"@type\":\"SearchAction\",\"target\":{\"@type\":\"EntryPoint\",\"urlTemplate\":\"https:\\\/\\\/ameripharmaspecialty.com\\\/?s={search_term_string}\"},\"query-input\":{\"@type\":\"PropertyValueSpecification\",\"valueRequired\":true,\"valueName\":\"search_term_string\"}}],\"inLanguage\":\"es\"},{\"@type\":\"Organization\",\"@id\":\"https:\\\/\\\/ameripharmaspecialty.com\\\/#organization\",\"name\":\"Ameripharma Specialty Care\",\"url\":\"https:\\\/\\\/ameripharmaspecialty.com\\\/\",\"logo\":{\"@type\":\"ImageObject\",\"inLanguage\":\"es\",\"@id\":\"https:\\\/\\\/ameripharmaspecialty.com\\\/#\\\/schema\\\/logo\\\/image\\\/\",\"url\":\"https:\\\/\\\/ameripharmaspecialty.com\\\/wp-content\\\/uploads\\\/2024\\\/07\\\/specialty-care-logo-large-square.png\",\"contentUrl\":\"https:\\\/\\\/ameripharmaspecialty.com\\\/wp-content\\\/uploads\\\/2024\\\/07\\\/specialty-care-logo-large-square.png\",\"width\":400,\"height\":400,\"caption\":\"Ameripharma Specialty Care\"},\"image\":{\"@id\":\"https:\\\/\\\/ameripharmaspecialty.com\\\/#\\\/schema\\\/logo\\\/image\\\/\"},\"sameAs\":[\"https:\\\/\\\/www.facebook.com\\\/ameripharma\\\/\"]}]}<\/script>\n<!-- \/ Yoast SEO plugin. -->","yoast_head_json":{"title":"Get Started - Thank You - AmeriPharma\u00ae Specialty Care","robots":{"index":"noindex","follow":"nofollow"},"og_locale":"es_MX","og_type":"article","og_title":"Get Started - Thank You - AmeriPharma\u00ae Specialty Care","og_description":"Thank you for you inquiry! You will hear from us shortly. For immediate assistance, please call us at&nbsp;877-778-0318. We\u2019re here to serve you. When it comes to your health, it\u2019s important to have access to customer service and support when you need it.","og_url":"https:\/\/ameripharmaspecialty.com\/es\/get-started-thank-you\/","og_site_name":"AmeriPharma\u00ae Specialty Care","article_publisher":"https:\/\/www.facebook.com\/ameripharma\/","article_modified_time":"2025-03-07T00:26:07+00:00","og_image":[{"width":400,"height":400,"url":"https:\/\/ameripharmaspecialty.com\/wp-content\/uploads\/2024\/07\/specialty-care-logo-large-square.png","type":"image\/png"}],"twitter_card":"summary_large_image","twitter_misc":{"Est. reading time":"1 minuto"},"schema":{"@context":"https:\/\/schema.org","@graph":[{"@type":"WebPage","@id":"https:\/\/ameripharmaspecialty.com\/zh\/get-started-thank-you\/","url":"https:\/\/ameripharmaspecialty.com\/zh\/get-started-thank-you\/","name":"Get Started - Thank You - AmeriPharma\u00ae Specialty Care","isPartOf":{"@id":"https:\/\/ameripharmaspecialty.com\/#website"},"datePublished":"2024-07-11T23:08:19+00:00","dateModified":"2025-03-07T00:26:07+00:00","breadcrumb":{"@id":"https:\/\/ameripharmaspecialty.com\/zh\/get-started-thank-you\/#breadcrumb"},"inLanguage":"es","potentialAction":[{"@type":"ReadAction","target":["https:\/\/ameripharmaspecialty.com\/zh\/get-started-thank-you\/"]}]},{"@type":"BreadcrumbList","@id":"https:\/\/ameripharmaspecialty.com\/zh\/get-started-thank-you\/#breadcrumb","itemListElement":[{"@type":"ListItem","position":1,"name":"Home","item":"https:\/\/ameripharmaspecialty.com\/es\/"},{"@type":"ListItem","position":2,"name":"Get Started &#8211; Thank You"}]},{"@type":"WebSite","@id":"https:\/\/ameripharmaspecialty.com\/#website","url":"https:\/\/ameripharmaspecialty.com\/","name":"Cuidado especializado AmeriPharma\u00ae","description":"Atenci\u00f3n especializada por AmeriPharma","publisher":{"@id":"https:\/\/ameripharmaspecialty.com\/#organization"},"potentialAction":[{"@type":"SearchAction","target":{"@type":"EntryPoint","urlTemplate":"https:\/\/ameripharmaspecialty.com\/?s={search_term_string}"},"query-input":{"@type":"PropertyValueSpecification","valueRequired":true,"valueName":"search_term_string"}}],"inLanguage":"es"},{"@type":"Organization","@id":"https:\/\/ameripharmaspecialty.com\/#organization","name":"Atenci\u00f3n especializada de Ameripharma","url":"https:\/\/ameripharmaspecialty.com\/","logo":{"@type":"ImageObject","inLanguage":"es","@id":"https:\/\/ameripharmaspecialty.com\/#\/schema\/logo\/image\/","url":"https:\/\/ameripharmaspecialty.com\/wp-content\/uploads\/2024\/07\/specialty-care-logo-large-square.png","contentUrl":"https:\/\/ameripharmaspecialty.com\/wp-content\/uploads\/2024\/07\/specialty-care-logo-large-square.png","width":400,"height":400,"caption":"Ameripharma Specialty Care"},"image":{"@id":"https:\/\/ameripharmaspecialty.com\/#\/schema\/logo\/image\/"},"sameAs":["https:\/\/www.facebook.com\/ameripharma\/"]}]}},"uagb_featured_image_src":{"full":false,"thumbnail":false,"medium":false,"medium_large":false,"large":false,"1536x1536":false,"2048x2048":false,"trp-custom-language-flag":false,"block-image-html-large":false,"ct-gallery":false,"ct-section-header":false,"ct-thumb":false,"ct-thumb-large":false,"ct-small":false,"ct-medium":false,"ct-xmedium":false,"ct-large":false},"uagb_author_info":{"display_name":"Brandon Yano","author_link":"https:\/\/ameripharmaspecialty.com\/es\/author\/byanoameripharma-us\/"},"uagb_comment_info":0,"uagb_excerpt":"Thank you for you inquiry! You will hear from us shortly. For immediate assistance, please call us at&nbsp;877-778-0318. We\u2019re here to serve you. When it comes to your health, it\u2019s important to have access to customer service and support when you need it.","rttpg_featured_image_url":null,"rttpg_author":{"display_name":"Brandon Yano","author_link":"https:\/\/ameripharmaspecialty.com\/es\/author\/byanoameripharma-us\/"},"rttpg_comment":0,"rttpg_category":false,"rttpg_excerpt":"Thank you for you inquiry! You will hear from us shortly. For immediate assistance, please call us at&nbsp;877-778-0318. We\u2019re here to serve you. When it comes to your health, it\u2019s important to have access to customer service and support when you need it.","_links":{"self":[{"href":"https:\/\/ameripharmaspecialty.com\/es\/wp-json\/wp\/v2\/pages\/26201","targetHints":{"allow":["GET"]}}],"collection":[{"href":"https:\/\/ameripharmaspecialty.com\/es\/wp-json\/wp\/v2\/pages"}],"about":[{"href":"https:\/\/ameripharmaspecialty.com\/es\/wp-json\/wp\/v2\/types\/page"}],"author":[{"embeddable":true,"href":"https:\/\/ameripharmaspecialty.com\/es\/wp-json\/wp\/v2\/users\/2"}],"replies":[{"embeddable":true,"href":"https:\/\/ameripharmaspecialty.com\/es\/wp-json\/wp\/v2\/comments?post=26201"}],"version-history":[{"count":0,"href":"https:\/\/ameripharmaspecialty.com\/es\/wp-json\/wp\/v2\/pages\/26201\/revisions"}],"wp:attachment":[{"href":"https:\/\/ameripharmaspecialty.com\/es\/wp-json\/wp\/v2\/media?parent=26201"}],"wp:term":[{"taxonomy":"category","embeddable":true,"href":"https:\/\/ameripharmaspecialty.com\/es\/wp-json\/wp\/v2\/categories?post=26201"},{"taxonomy":"post_tag","embeddable":true,"href":"https:\/\/ameripharmaspecialty.com\/es\/wp-json\/wp\/v2\/tags?post=26201"}],"curies":[{"name":"gracias","href":"https:\/\/api.w.org\/{rel}","templated":true}]}}