{"id":25584,"date":"2024-03-09T05:09:59","date_gmt":"2024-03-09T05:09:59","guid":{"rendered":"https:\/\/ameripharmaspecialty.com\/?page_id=25584"},"modified":"2024-12-06T12:53:31","modified_gmt":"2024-12-06T19:53:31","slug":"long-term-tpn-care","status":"publish","type":"page","link":"https:\/\/ameripharmaspecialty.com\/es\/long-term-tpn-care\/","title":{"rendered":"Cuidado a largo plazo TPN"},"content":{"rendered":"<div  id=\"call-to-action-9b59257b0340d4a2df7f69e1f85efbc0\" style=\"\" class=\"ct_call_to_action\">\n\t<div class=\"container\">\n\t\t<div class=\"block-wrap cta\">\n\t\t\t<div class=\"block-column\">\n\t\t\t\t<div class=\"cta_headings\">\n\t\t\t\t\t\t\t\t\t\t\t\t\t\t\t\t<span class=\"cta__sub__heading\">\n\t\t\t\t\t\t\tEn AmeriPharma\u00ae Specialty, sabemos que la terapia a largo plazo con TPN puede ser una experiencia dif\u00edcil para usted y sus seres queridos. Nuestros expertos y m\u00e9dicos cl\u00ednicos dedicados brindan una coordinaci\u00f3n integral de la atenci\u00f3n para que el proceso sea lo m\u00e1s sencillo y sin estr\u00e9s posible. Desde la ayuda con las aprobaciones del seguro hasta la entrega de suministros para TPN y el apoyo continuo, lo hacemos todo para ayudarle a vivir una vida plena.\t\t\t\t\t\t<\/span>\n\t\t\t\t\t\t\t\t\t<\/div>\n\t\t\t\t\t\t\t\t\t<span class=\"cta_btn\">\n\t\t\t\t\t\t<a href=\"https:\/\/ameripharmaspecialty.com\/es\/get-started\/\">Comience su cuidado TPN<\/a>\n\t\t\t\t\t\t\t\t\t\t\t<\/span>\n\t\t\t\t\t\t\t<\/div>\n\n\t\t<\/div>\n\t<\/div>\n<\/div>\n\n\n<style>\n    .ct_iconbox{\n        background-color:    }\n<\/style>\n<div  id=\"icon-box-2b4fd924901414883da51b59fbaccfa3\" style=\"\" class=\"ct_iconbox\">\n    <div class=\"container\">\n        <div class=\"block-wrap iconbox\">\n        <h2 class=\"iconbox_heading\"><\/h2>\n            <div class=\"iconbox_inner col3\">\n                                                                                    <div class=\"iconbox_inner_col_box icon-\">\n                                                            <img decoding=\"async\" src=\"https:\/\/ameripharmaspecialty.com\/wp-content\/uploads\/2024\/02\/nurse-icon.jpg\" alt=\"PERSONALIZED CARE\" width=\"66\">\n                                                                                        <h3>ATENCI\u00d3N PERSONALIZADA<\/h3>\n                                                                                                                \n                        <\/div>\n                                                                    <div class=\"iconbox_inner_col_box icon-\">\n                                                            <img decoding=\"async\" src=\"https:\/\/ameripharmaspecialty.com\/wp-content\/uploads\/2024\/02\/financial.png\" alt=\"COPAY ASSISTANCE\" width=\"66\">\n                                                                                        <h3>ASISTENCIA CON COPAGOS<\/h3>\n                                                                                                                \n                        <\/div>\n                                                                    <div class=\"iconbox_inner_col_box icon-\">\n                                                            <img decoding=\"async\" src=\"https:\/\/ameripharmaspecialty.com\/wp-content\/uploads\/2024\/02\/communication.png\" alt=\"24\/7 SUPPORT\" width=\"66\">\n                                                                                        <h3>SOPORTE 24\/7<\/h3>\n                                                                                                                \n                        <\/div>\n                                                <\/div>\n        <\/div>\n    <\/div>\n<\/div>\n\n\n<div  id=\"only-content-4f699bcd4652efbdbfa0496382d38ac0\" style=\"\" class=\"ct_content\">\n    <div class=\"block-wrap container\">\n                    <div class=\"simple_content\">\n                <h2 style=\"text-align: center;\">Atenci\u00f3n confiable con la que puede contar<\/h2>\n<p style=\"text-align: center;\">La Farmacia Especializada AmeriPharma\u00ae cuenta con m\u00e1s de 20 a\u00f1os de experiencia ofreciendo atenci\u00f3n domiciliaria a largo plazo. Sabemos lo que implica brindar una terapia de calidad y nos esforzamos al m\u00e1ximo para brindar el mejor servicio. Nuestro equipo le acompa\u00f1a en cada paso del proceso para que se sienta c\u00f3modo y seguro durante su terapia domiciliaria.<\/p>\n<p>&nbsp;<\/p>\n            <\/div>\n            <\/div>\n<\/div>\n\n\n\n<div  id=\"image-30-text-70-65946bd009f7ee3b04f47ca72f126c2b\" style=\"\" class=\"img30text70 white\">\n\t<div class=\"container\">\n\t\t<div class=\"block-wrap left\">\n\t\t\t<div class=\"block-column image\">\n\t\t\t\t<picture class=\"image-30\">\n\t\t\t\t\t\t\t\t\t\t<source loading=\"lazy\" media=\"(min-width:768px)\" srcset=\"https:\/\/ameripharmaspecialty.com\/wp-content\/uploads\/2024\/07\/Personalized-Service.jpg\">\n\t\t\t\t\t<img decoding=\"async\" loading=\"lazy\" src=\"https:\/\/ameripharmaspecialty.com\/wp-content\/uploads\/2024\/07\/Personalized-Service.jpg\" alt=\"https:\/\/ameripharmaspecialty.com\/wp-content\/uploads\/2024\/07\/Personalized-Service.jpg\" style=\"width:auto;\">\n\t\t\t\t<\/picture>\n\t\t\t<\/div>\n\t\t\t<div class=\"block-column\">\n\t\t\t\t<div class=\"text\">\n\t\t\t\t\t<h2>Servicio personalizado<\/h2>\n<p>La terapia a largo plazo con TPN puede ser una experiencia complicada y frustrante. Al trabajar con AmeriPharma\u00ae Specialty, le asignaremos un profesional cl\u00ednico dedicado desde el primer d\u00eda para brindarle apoyo 24\/7 y ayudarle a superar los desaf\u00edos \u00fanicos de su tratamiento.<\/p>\n\t\t\t\t<\/div>\n\t\t\t<\/div>\n\t\t<\/div>\n\t<\/div>\n<\/div>\n\n\n<div  id=\"image-30-text-70-01d8dc7222cb7e90a8586e663cf1a5f0\" style=\"\" class=\"img30text70 white\">\n\t<div class=\"container\">\n\t\t<div class=\"block-wrap right\">\n\t\t\t<div class=\"block-column image\">\n\t\t\t\t<picture class=\"image-30\">\n\t\t\t\t\t\t\t\t\t\t<source loading=\"lazy\" media=\"(min-width:768px)\" srcset=\"https:\/\/ameripharmaspecialty.com\/wp-content\/uploads\/2024\/07\/Proactive-Care.jpg\">\n\t\t\t\t\t<img decoding=\"async\" loading=\"lazy\" src=\"https:\/\/ameripharmaspecialty.com\/wp-content\/uploads\/2024\/07\/Proactive-Care.jpg\" alt=\"https:\/\/ameripharmaspecialty.com\/wp-content\/uploads\/2024\/07\/Proactive-Care.jpg\" style=\"width:auto;\">\n\t\t\t\t<\/picture>\n\t\t\t<\/div>\n\t\t\t<div class=\"block-column\">\n\t\t\t\t<div class=\"text\">\n\t\t\t\t\t<h2>Atenci\u00f3n proactiva<\/h2>\n<p>Nuestro cuidado domiciliario a largo plazo con TPN se centra en lograr los mejores resultados cl\u00ednicos posibles. Monitorearemos constantemente los cambios en su condici\u00f3n y consultaremos con su m\u00e9dico para ajustar su formulaci\u00f3n de TPN. Con nosotros, puede esperar una nutrici\u00f3n \u00f3ptima, una mejor salud y una mejor calidad de vida.<\/p>\n\t\t\t\t<\/div>\n\t\t\t<\/div>\n\t\t<\/div>\n\t<\/div>\n<\/div>\n\n\n<div  id=\"image-30-text-70-e91bb7224578a8bf93ce7ec8d2bed084\" style=\"\" class=\"img30text70 white\">\n\t<div class=\"container\">\n\t\t<div class=\"block-wrap left\">\n\t\t\t<div class=\"block-column image\">\n\t\t\t\t<picture class=\"image-30\">\n\t\t\t\t\t\t\t\t\t\t<source loading=\"lazy\" media=\"(min-width:768px)\" srcset=\"https:\/\/ameripharmaspecialty.com\/wp-content\/uploads\/2024\/07\/Integrated-Approach.jpg\">\n\t\t\t\t\t<img decoding=\"async\" loading=\"lazy\" src=\"https:\/\/ameripharmaspecialty.com\/wp-content\/uploads\/2024\/07\/Integrated-Approach.jpg\" alt=\"https:\/\/ameripharmaspecialty.com\/wp-content\/uploads\/2024\/07\/Integrated-Approach.jpg\" style=\"width:auto;\">\n\t\t\t\t<\/picture>\n\t\t\t<\/div>\n\t\t\t<div class=\"block-column\">\n\t\t\t\t<div class=\"text\">\n\t\t\t\t\t<h2>Enfoque integrado<\/h2>\n<p>Nuestro equipo se esfuerza por lograr los mejores resultados cl\u00ednicos posibles. Creemos que el apoyo nutricional es solo un pilar del bienestar. Para una salud \u00f3ptima, tambi\u00e9n necesita actividad f\u00edsica y un sue\u00f1o reparador. Para garantizar que nuestros pacientes reciban la mejor atenci\u00f3n a largo plazo, adoptamos un enfoque integral que incorpora los tres pilares del bienestar.<\/p>\n\t\t\t\t<\/div>\n\t\t\t<\/div>\n\t\t<\/div>\n\t<\/div>\n<\/div>\n\n\n<div  id=\"image-30-text-70-cd97b2ecd27b591167afb4164c95ba29\" style=\"\" class=\"img30text70 white\">\n\t<div class=\"container\">\n\t\t<div class=\"block-wrap right\">\n\t\t\t<div class=\"block-column image\">\n\t\t\t\t<picture class=\"image-30\">\n\t\t\t\t\t\t\t\t\t\t<source loading=\"lazy\" media=\"(min-width:768px)\" srcset=\"https:\/\/ameripharmaspecialty.com\/wp-content\/uploads\/2024\/07\/Customized-Formulations.jpg\">\n\t\t\t\t\t<img decoding=\"async\" loading=\"lazy\" src=\"https:\/\/ameripharmaspecialty.com\/wp-content\/uploads\/2024\/07\/Customized-Formulations.jpg\" alt=\"https:\/\/ameripharmaspecialty.com\/wp-content\/uploads\/2024\/07\/Customized-Formulations.jpg\" style=\"width:auto;\">\n\t\t\t\t<\/picture>\n\t\t\t<\/div>\n\t\t\t<div class=\"block-column\">\n\t\t\t\t<div class=\"text\">\n\t\t\t\t\t<h2>Formulaciones personalizadas<\/h2>\n<p>Para obtener los mejores resultados, su f\u00f3rmula de TPN debe adaptarse a sus necesidades espec\u00edficas y a su historial m\u00e9dico. Hemos desarrollado un flujo de trabajo que involucra al m\u00e9dico prescriptor con un equipo de farmac\u00e9uticos cl\u00ednicos, dietistas y enfermeros, en colaboraci\u00f3n con el paciente, para crear una formulaci\u00f3n de TPN adecuada y espec\u00edfica para cada paciente.<\/p>\n\t\t\t\t<\/div>\n\t\t\t<\/div>\n\t\t<\/div>\n\t<\/div>\n<\/div>\n\n\n<div  id=\"image-30-text-70-776e48862f7f753cd3a71976c8c49905\" style=\"\" class=\"img30text70 white\">\n\t<div class=\"container\">\n\t\t<div class=\"block-wrap left\">\n\t\t\t<div class=\"block-column image\">\n\t\t\t\t<picture class=\"image-30\">\n\t\t\t\t\t\t\t\t\t\t<source loading=\"lazy\" media=\"(min-width:768px)\" srcset=\"https:\/\/ameripharmaspecialty.com\/wp-content\/uploads\/2024\/07\/Transitional-Support.jpg\">\n\t\t\t\t\t<img decoding=\"async\" loading=\"lazy\" src=\"https:\/\/ameripharmaspecialty.com\/wp-content\/uploads\/2024\/07\/Transitional-Support.jpg\" alt=\"https:\/\/ameripharmaspecialty.com\/wp-content\/uploads\/2024\/07\/Transitional-Support.jpg\" style=\"width:auto;\">\n\t\t\t\t<\/picture>\n\t\t\t<\/div>\n\t\t\t<div class=\"block-column\">\n\t\t\t\t<div class=\"text\">\n\t\t\t\t\t<h2>Apoyo transitorio<\/h2>\n<p>Nos esforzamos por hacer que la transici\u00f3n a la atenci\u00f3n domiciliaria a largo plazo TPN sea lo m\u00e1s sencilla posible para usted y su familia. Nuestros coordinadores de atenci\u00f3n supervisar\u00e1n la transici\u00f3n para garantizar una transici\u00f3n segura, oportuna y sin contratiempos. Le brindaremos apoyo continuo para ayudarle a aliviar los desaf\u00edos y eliminar cualquier inconveniente durante su recuperaci\u00f3n.<\/p>\n\t\t\t\t<\/div>\n\t\t\t<\/div>\n\t\t<\/div>\n\t<\/div>\n<\/div>\n\n\n<div  id=\"call-to-action-e5ed73de3ab27149642d67a9768c1358\" style=\"\" class=\"ct_call_to_action\">\n\t<div class=\"container\">\n\t\t<div class=\"block-wrap cta\">\n\t\t\t<div class=\"block-column\">\n\t\t\t\t<div class=\"cta_headings\">\n\t\t\t\t\t\t\t\t\t\t\t<h4 class=\"cta__heading\">\n\t\t\t\t\t\t\tReciba atenci\u00f3n a largo plazo TPN con AmeriPharma\u00ae Specialty\t\t\t\t\t\t<\/h4>\n\t\t\t\t\t\t\t\t\t\t\t\t\t\t\t\t<span class=\"cta__sub__heading\">\n\t\t\t\t\t\t\tVivir en TPN no es f\u00e1cil. Pero AmeriPharma\u00ae Specialty puede simplificar su tratamiento. Nuestra farmacia acreditada por URAC ha ayudado a miles de pacientes en m\u00e1s de 40 estados y territorios de EE. UU. a recibir la nutrici\u00f3n que necesitan para vivir plenamente. Perm\u00edtanos ayudarle tambi\u00e9n. Cont\u00e1ctenos para hablar con un especialista y comenzar su terapia domiciliaria a largo plazo con TPN.\t\t\t\t\t\t<\/span>\n\t\t\t\t\t\t\t\t\t<\/div>\n\t\t\t\t\t\t\t\t\t<span class=\"cta_btn\">\n\t\t\t\t\t\t<a href=\"https:\/\/ameripharmaspecialty.com\/es\/get-started\/\">Empezar<\/a>\n\t\t\t\t\t\t\t\t\t\t\t<\/span>\n\t\t\t\t\t\t\t<\/div>\n\n\t\t<\/div>\n\t<\/div>\n<\/div>","protected":false},"excerpt":{"rendered":"","protected":false},"author":1,"featured_media":0,"parent":0,"menu_order":0,"comment_status":"closed","ping_status":"closed","template":"","meta":{"_acf_changed":true,"om_disable_all_campaigns":false,"_uag_custom_page_level_css":"","footnotes":""},"categories":[],"tags":[],"class_list":["post-25584","page","type-page","status-publish","hentry"],"acf":[],"yoast_head":"<!-- This site is optimized with the Yoast SEO plugin v27.4 - https:\/\/yoast.com\/product\/yoast-seo-wordpress\/ -->\n<title>Long-Term TPN Care | 24\/7 Support | AmeriPharma\u00ae Specialty<\/title>\n<meta name=\"description\" content=\"AmeriPharma\u00ae Specialty Pharmacy offers long-term TPN care to help you live your best life. Contact us to receive copay assistance for your home TPN therapy.\" \/>\n<meta name=\"robots\" content=\"index, follow, max-snippet:-1, max-image-preview:large, max-video-preview:-1\" \/>\n<link rel=\"canonical\" href=\"https:\/\/ameripharmaspecialty.com\/es\/long-term-tpn-care\/\" \/>\n<meta property=\"og:locale\" content=\"es_MX\" \/>\n<meta property=\"og:type\" content=\"article\" \/>\n<meta property=\"og:title\" content=\"Long-Term TPN Care | 24\/7 Support | AmeriPharma\u00ae Specialty\" \/>\n<meta property=\"og:description\" content=\"AmeriPharma\u00ae Specialty Pharmacy offers long-term TPN care to help you live your best life. Contact us to receive copay assistance for your home TPN therapy.\" \/>\n<meta property=\"og:url\" content=\"https:\/\/ameripharmaspecialty.com\/es\/long-term-tpn-care\/\" \/>\n<meta property=\"og:site_name\" content=\"AmeriPharma\u00ae Specialty Care\" \/>\n<meta property=\"article:publisher\" content=\"https:\/\/www.facebook.com\/ameripharma\/\" \/>\n<meta property=\"article:modified_time\" content=\"2024-12-06T19:53:31+00:00\" \/>\n<meta property=\"og:image\" content=\"https:\/\/ameripharmaspecialty.com\/wp-content\/uploads\/2024\/07\/specialty-care-logo-large-square.png\" \/>\n\t<meta property=\"og:image:width\" content=\"400\" \/>\n\t<meta property=\"og:image:height\" content=\"400\" \/>\n\t<meta property=\"og:image:type\" content=\"image\/png\" \/>\n<meta name=\"twitter:card\" content=\"summary_large_image\" \/>\n<script type=\"application\/ld+json\" class=\"yoast-schema-graph\">{\"@context\":\"https:\\\/\\\/schema.org\",\"@graph\":[{\"@type\":\"WebPage\",\"@id\":\"https:\\\/\\\/ameripharmaspecialty.com\\\/long-term-tpn-care\\\/\",\"url\":\"https:\\\/\\\/ameripharmaspecialty.com\\\/long-term-tpn-care\\\/\",\"name\":\"Long-Term TPN Care | 24\\\/7 Support | AmeriPharma\u00ae Specialty\",\"isPartOf\":{\"@id\":\"https:\\\/\\\/ameripharmaspecialty.com\\\/#website\"},\"datePublished\":\"2024-03-09T05:09:59+00:00\",\"dateModified\":\"2024-12-06T19:53:31+00:00\",\"description\":\"AmeriPharma\u00ae Specialty Pharmacy offers long-term TPN care to help you live your best life. Contact us to receive copay assistance for your home TPN therapy.\",\"breadcrumb\":{\"@id\":\"https:\\\/\\\/ameripharmaspecialty.com\\\/long-term-tpn-care\\\/#breadcrumb\"},\"inLanguage\":\"es\",\"potentialAction\":[{\"@type\":\"ReadAction\",\"target\":[\"https:\\\/\\\/ameripharmaspecialty.com\\\/long-term-tpn-care\\\/\"]}]},{\"@type\":\"BreadcrumbList\",\"@id\":\"https:\\\/\\\/ameripharmaspecialty.com\\\/long-term-tpn-care\\\/#breadcrumb\",\"itemListElement\":[{\"@type\":\"ListItem\",\"position\":1,\"name\":\"Home\",\"item\":\"https:\\\/\\\/ameripharmaspecialty.com\\\/vi\\\/\"},{\"@type\":\"ListItem\",\"position\":2,\"name\":\"Long-Term TPN Care\"}]},{\"@type\":\"WebSite\",\"@id\":\"https:\\\/\\\/ameripharmaspecialty.com\\\/#website\",\"url\":\"https:\\\/\\\/ameripharmaspecialty.com\\\/\",\"name\":\"AmeriPharma\u00ae Specialty Care\",\"description\":\"Specialty Care by AmeriPharma\",\"publisher\":{\"@id\":\"https:\\\/\\\/ameripharmaspecialty.com\\\/#organization\"},\"potentialAction\":[{\"@type\":\"SearchAction\",\"target\":{\"@type\":\"EntryPoint\",\"urlTemplate\":\"https:\\\/\\\/ameripharmaspecialty.com\\\/?s={search_term_string}\"},\"query-input\":{\"@type\":\"PropertyValueSpecification\",\"valueRequired\":true,\"valueName\":\"search_term_string\"}}],\"inLanguage\":\"es\"},{\"@type\":\"Organization\",\"@id\":\"https:\\\/\\\/ameripharmaspecialty.com\\\/#organization\",\"name\":\"Ameripharma Specialty Care\",\"url\":\"https:\\\/\\\/ameripharmaspecialty.com\\\/\",\"logo\":{\"@type\":\"ImageObject\",\"inLanguage\":\"es\",\"@id\":\"https:\\\/\\\/ameripharmaspecialty.com\\\/#\\\/schema\\\/logo\\\/image\\\/\",\"url\":\"https:\\\/\\\/ameripharmaspecialty.com\\\/wp-content\\\/uploads\\\/2024\\\/07\\\/specialty-care-logo-large-square.png\",\"contentUrl\":\"https:\\\/\\\/ameripharmaspecialty.com\\\/wp-content\\\/uploads\\\/2024\\\/07\\\/specialty-care-logo-large-square.png\",\"width\":400,\"height\":400,\"caption\":\"Ameripharma Specialty Care\"},\"image\":{\"@id\":\"https:\\\/\\\/ameripharmaspecialty.com\\\/#\\\/schema\\\/logo\\\/image\\\/\"},\"sameAs\":[\"https:\\\/\\\/www.facebook.com\\\/ameripharma\\\/\"]}]}<\/script>\n<!-- \/ Yoast SEO plugin. -->","yoast_head_json":{"title":"Cuidado a largo plazo TPN | Soporte 24\/7 | Especialidad AmeriPharma\u00ae","description":"La Farmacia Especializada AmeriPharma\u00ae ofrece atenci\u00f3n a largo plazo para que disfrute de una vida plena. Cont\u00e1ctenos para recibir asistencia con el copago de su terapia domiciliaria.","robots":{"index":"index","follow":"follow","max-snippet":"max-snippet:-1","max-image-preview":"max-image-preview:large","max-video-preview":"max-video-preview:-1"},"canonical":"https:\/\/ameripharmaspecialty.com\/es\/long-term-tpn-care\/","og_locale":"es_MX","og_type":"article","og_title":"Long-Term TPN Care | 24\/7 Support | AmeriPharma\u00ae Specialty","og_description":"AmeriPharma\u00ae Specialty Pharmacy offers long-term TPN care to help you live your best life. Contact us to receive copay assistance for your home TPN therapy.","og_url":"https:\/\/ameripharmaspecialty.com\/es\/long-term-tpn-care\/","og_site_name":"AmeriPharma\u00ae Specialty Care","article_publisher":"https:\/\/www.facebook.com\/ameripharma\/","article_modified_time":"2024-12-06T19:53:31+00:00","og_image":[{"width":400,"height":400,"url":"https:\/\/ameripharmaspecialty.com\/wp-content\/uploads\/2024\/07\/specialty-care-logo-large-square.png","type":"image\/png"}],"twitter_card":"summary_large_image","schema":{"@context":"https:\/\/schema.org","@graph":[{"@type":"WebPage","@id":"https:\/\/ameripharmaspecialty.com\/long-term-tpn-care\/","url":"https:\/\/ameripharmaspecialty.com\/long-term-tpn-care\/","name":"Cuidado a largo plazo TPN | Soporte 24\/7 | Especialidad AmeriPharma\u00ae","isPartOf":{"@id":"https:\/\/ameripharmaspecialty.com\/#website"},"datePublished":"2024-03-09T05:09:59+00:00","dateModified":"2024-12-06T19:53:31+00:00","description":"La Farmacia Especializada AmeriPharma\u00ae ofrece atenci\u00f3n a largo plazo para que disfrute de una vida plena. Cont\u00e1ctenos para recibir asistencia con el copago de su terapia domiciliaria.","breadcrumb":{"@id":"https:\/\/ameripharmaspecialty.com\/long-term-tpn-care\/#breadcrumb"},"inLanguage":"es","potentialAction":[{"@type":"ReadAction","target":["https:\/\/ameripharmaspecialty.com\/long-term-tpn-care\/"]}]},{"@type":"BreadcrumbList","@id":"https:\/\/ameripharmaspecialty.com\/long-term-tpn-care\/#breadcrumb","itemListElement":[{"@type":"ListItem","position":1,"name":"Home","item":"https:\/\/ameripharmaspecialty.com\/vi\/"},{"@type":"ListItem","position":2,"name":"Long-Term TPN Care"}]},{"@type":"WebSite","@id":"https:\/\/ameripharmaspecialty.com\/#website","url":"https:\/\/ameripharmaspecialty.com\/","name":"Cuidado especializado AmeriPharma\u00ae","description":"Atenci\u00f3n especializada por AmeriPharma","publisher":{"@id":"https:\/\/ameripharmaspecialty.com\/#organization"},"potentialAction":[{"@type":"SearchAction","target":{"@type":"EntryPoint","urlTemplate":"https:\/\/ameripharmaspecialty.com\/?s={search_term_string}"},"query-input":{"@type":"PropertyValueSpecification","valueRequired":true,"valueName":"search_term_string"}}],"inLanguage":"es"},{"@type":"Organization","@id":"https:\/\/ameripharmaspecialty.com\/#organization","name":"Atenci\u00f3n especializada de Ameripharma","url":"https:\/\/ameripharmaspecialty.com\/","logo":{"@type":"ImageObject","inLanguage":"es","@id":"https:\/\/ameripharmaspecialty.com\/#\/schema\/logo\/image\/","url":"https:\/\/ameripharmaspecialty.com\/wp-content\/uploads\/2024\/07\/specialty-care-logo-large-square.png","contentUrl":"https:\/\/ameripharmaspecialty.com\/wp-content\/uploads\/2024\/07\/specialty-care-logo-large-square.png","width":400,"height":400,"caption":"Ameripharma Specialty Care"},"image":{"@id":"https:\/\/ameripharmaspecialty.com\/#\/schema\/logo\/image\/"},"sameAs":["https:\/\/www.facebook.com\/ameripharma\/"]}]}},"uagb_featured_image_src":{"full":false,"thumbnail":false,"medium":false,"medium_large":false,"large":false,"1536x1536":false,"2048x2048":false,"trp-custom-language-flag":false,"block-image-html-large":false,"ct-gallery":false,"ct-section-header":false,"ct-thumb":false,"ct-thumb-large":false,"ct-small":false,"ct-medium":false,"ct-xmedium":false,"ct-large":false},"uagb_author_info":{"display_name":"ameripharm3dev","author_link":"https:\/\/ameripharmaspecialty.com\/es\/author\/ameripharm3dev\/"},"uagb_comment_info":0,"uagb_excerpt":null,"rttpg_featured_image_url":null,"rttpg_author":{"display_name":"ameripharm3dev","author_link":"https:\/\/ameripharmaspecialty.com\/es\/author\/ameripharm3dev\/"},"rttpg_comment":0,"rttpg_category":false,"rttpg_excerpt":null,"_links":{"self":[{"href":"https:\/\/ameripharmaspecialty.com\/es\/wp-json\/wp\/v2\/pages\/25584","targetHints":{"allow":["GET"]}}],"collection":[{"href":"https:\/\/ameripharmaspecialty.com\/es\/wp-json\/wp\/v2\/pages"}],"about":[{"href":"https:\/\/ameripharmaspecialty.com\/es\/wp-json\/wp\/v2\/types\/page"}],"author":[{"embeddable":true,"href":"https:\/\/ameripharmaspecialty.com\/es\/wp-json\/wp\/v2\/users\/1"}],"replies":[{"embeddable":true,"href":"https:\/\/ameripharmaspecialty.com\/es\/wp-json\/wp\/v2\/comments?post=25584"}],"version-history":[{"count":0,"href":"https:\/\/ameripharmaspecialty.com\/es\/wp-json\/wp\/v2\/pages\/25584\/revisions"}],"wp:attachment":[{"href":"https:\/\/ameripharmaspecialty.com\/es\/wp-json\/wp\/v2\/media?parent=25584"}],"wp:term":[{"taxonomy":"category","embeddable":true,"href":"https:\/\/ameripharmaspecialty.com\/es\/wp-json\/wp\/v2\/categories?post=25584"},{"taxonomy":"post_tag","embeddable":true,"href":"https:\/\/ameripharmaspecialty.com\/es\/wp-json\/wp\/v2\/tags?post=25584"}],"curies":[{"name":"gracias","href":"https:\/\/api.w.org\/{rel}","templated":true}]}}