{"id":25130,"date":"2024-02-15T09:51:24","date_gmt":"2024-02-15T09:51:24","guid":{"rendered":"https:\/\/ameripharmaspecialty.com\/?page_id=25130"},"modified":"2025-07-16T16:20:02","modified_gmt":"2025-07-16T23:20:02","slug":"enrollment-and-referral-forms","status":"publish","type":"page","link":"https:\/\/ameripharmaspecialty.com\/es\/enrollment-and-referral-forms\/","title":{"rendered":"Formularios de inscripci\u00f3n y derivaci\u00f3n"},"content":{"rendered":"<div  id=\"only-content-6d9fe22004a456f967f78a0a98d98acf\" style=\"\" class=\"ct_content\">\n    <div class=\"block-wrap\">\n                    <div class=\"simple_content\">\n                <h2 style=\"text-align: center;\">Tres formas de prescribir<\/h2>\n<p style=\"text-align: center;\"><strong>CON UN PROCESO SENCILLO<\/strong><\/p>\n            <\/div>\n            <\/div>\n<\/div>\n\n\n<style>\n    .ct_iconbox{\n        background-color:white    }\n<\/style>\n<div  id=\"icon-box-dff3763d3fd478cdb972c73c6727ad34\" style=\"\" class=\"ct_iconbox\">\n    <div class=\"container\">\n        <div class=\"block-wrap iconbox\">\n        <h2 class=\"iconbox_heading\"><\/h2>\n            <div class=\"iconbox_inner col3\">\n                                                                                    <div class=\"iconbox_inner_col_box icon-top\">\n                                                            <img decoding=\"async\" src=\"https:\/\/ameripharmaspecialty.com\/wp-content\/uploads\/2024\/02\/fax-icon.jpg\" alt=\"\" width=\"66\">\n                                                                                                                                                <div class=\"content\"><p>ENV\u00cdENOSLO POR FAX<br \/>\n<strong>877-778-0399<\/strong><br \/>\nY nos pondremos a trabajar.<\/p>\n<\/div>\n                                                        \n                        <\/div>\n                                                                    <div class=\"iconbox_inner_col_box icon-top\">\n                                                            <img decoding=\"async\" src=\"https:\/\/ameripharmaspecialty.com\/wp-content\/uploads\/2024\/02\/time-line-step-1.jpg\" alt=\"\" width=\"66\">\n                                                                                                                                                <div class=\"content\"><p>PRESCRIPCI\u00d3N ELECTR\u00d3NICA<br \/>\n<strong>Cuidado especializado AmeriPharma\u00ae<br \/>\n132 S Anita Dr. Suite 310 Orange, CA 92868<\/strong><br \/>\nNPI# 1336170679<\/p>\n<\/div>\n                                                        \n                        <\/div>\n                                                                    <div class=\"iconbox_inner_col_box icon-top\">\n                                                            <img decoding=\"async\" src=\"https:\/\/ameripharmaspecialty.com\/wp-content\/uploads\/2024\/02\/24hour-i.png\" alt=\"\" width=\"66\">\n                                                                                                                                                <div class=\"content\"><p>Llamar <strong><a href=\"tel:8777780318\" data-acsb-clickable=\"true\" data-acsb-navigable=\"true\" data-acsb-now-navigable=\"true\" data-custom-button-processed=\"true\">(877) 778-0318<\/a><\/strong><br \/>\nPara una prescripci\u00f3n verbal.<\/p>\n<\/div>\n                                                        \n                        <\/div>\n                                                <\/div>\n        <\/div>\n    <\/div>\n<\/div>\n\n<div  id=\"pdf-forms-dc6b2ad226de1f73cea9c971bc4071ff\" style=\"\" class=\"pdfForms\">\n    <div class=\"container\">\n        <div class=\"block-wrap ct_pdfForms\">\n        <h2 class=\"pdfForms_heading\">Formularios<\/h2>\n            <div class=\"pdfForms_inner col2\">\n                                                                                        <div class=\"pdfForms_inner_col_box\">\n                                <h3>Inmunoglobulina (IG) IV y SubQ (IG)<\/h3>\n                                <ul>\n                                                                            <li>\n                                            <a href=\"https:\/\/ameripharmaspecialty.com\/wp-content\/uploads\/2024\/02\/IVIG-Order-Form.pdf\" target=\"_blank\" >\n                                            <img decoding=\"async\" src=\"https:\/\/ameripharmaspecialty.com\/wp-content\/themes\/ct-theme\/assets\/img\/pdf-icon.png\" alt=\"PDF\" \/>\n                                            Descargar formulario de pedido\n                                            <\/a>\n                                        <\/li>\n                                                                                                                <li>\n                                            <a href=\"https:\/\/ameripharmaspecialty.com\/wp-content\/uploads\/2024\/02\/IVIG-Order-Form.pdf\" target=\"_blank\" > \n                                                <img decoding=\"async\" src=\"https:\/\/ameripharmaspecialty.com\/wp-content\/themes\/ct-theme\/assets\/img\/pdf-icon.png\" alt=\"PDF\" \/>\n                                                Descargar formulario de referencia\n                                            <\/a>\n                                        <\/li>\n                                                                    <\/ul>\n                            <\/div>\n                                                                                                <div class=\"pdfForms_inner_col_box\">\n                                <h3>Reumatolog\u00eda<\/h3>\n                                <ul>\n                                                                            <li>\n                                            <a href=\"https:\/\/ameripharmaspecialty.com\/wp-content\/uploads\/2024\/02\/RHEUMATOLOGY-REFERRALL-FORM.pdf\" target=\"_blank\" >\n                                            <img decoding=\"async\" src=\"https:\/\/ameripharmaspecialty.com\/wp-content\/themes\/ct-theme\/assets\/img\/pdf-icon.png\" alt=\"PDF\" \/>\n                                            Descargar formulario de pedido\n                                            <\/a>\n                                        <\/li>\n                                                                                                                <li>\n                                            <a href=\"https:\/\/ameripharmaspecialty.com\/wp-content\/uploads\/2024\/02\/RHEUMATOLOGY-REFERRALL-FORM.pdf\" target=\"_blank\" > \n                                                <img decoding=\"async\" src=\"https:\/\/ameripharmaspecialty.com\/wp-content\/themes\/ct-theme\/assets\/img\/pdf-icon.png\" alt=\"PDF\" \/>\n                                                Descargar formulario de referencia\n                                            <\/a>\n                                        <\/li>\n                                                                    <\/ul>\n                            <\/div>\n                                                                                                <div class=\"pdfForms_inner_col_box\">\n                                <h3>Oncolog\u00eda<\/h3>\n                                <ul>\n                                                                            <li>\n                                            <a href=\"https:\/\/ameripharmaspecialty.com\/wp-content\/uploads\/2024\/02\/ONCOLOGY-REFERRAL-FORM.pdf\" target=\"_blank\" >\n                                            <img decoding=\"async\" src=\"https:\/\/ameripharmaspecialty.com\/wp-content\/themes\/ct-theme\/assets\/img\/pdf-icon.png\" alt=\"PDF\" \/>\n                                            Descargar formulario de pedido\n                                            <\/a>\n                                        <\/li>\n                                                                                                                <li>\n                                            <a href=\"https:\/\/ameripharmaspecialty.com\/wp-content\/uploads\/2024\/02\/ONCOLOGY-REFERRAL-FORM.pdf\" target=\"_blank\" > \n                                                <img decoding=\"async\" src=\"https:\/\/ameripharmaspecialty.com\/wp-content\/themes\/ct-theme\/assets\/img\/pdf-icon.png\" alt=\"PDF\" \/>\n                                                Descargar formulario de referencia\n                                            <\/a>\n                                        <\/li>\n                                                                    <\/ul>\n                            <\/div>\n                                                                                                <div class=\"pdfForms_inner_col_box\">\n                                <h3>Hepatitis C<\/h3>\n                                <ul>\n                                                                            <li>\n                                            <a href=\"https:\/\/ameripharmaspecialty.com\/wp-content\/uploads\/2024\/02\/hepatitis-c-referral-form.pdf\" target=\"_blank\" >\n                                            <img decoding=\"async\" src=\"https:\/\/ameripharmaspecialty.com\/wp-content\/themes\/ct-theme\/assets\/img\/pdf-icon.png\" alt=\"PDF\" \/>\n                                            Descargar formulario de pedido\n                                            <\/a>\n                                        <\/li>\n                                                                                                                <li>\n                                            <a href=\"https:\/\/ameripharmaspecialty.com\/wp-content\/uploads\/2024\/02\/hepatitis-c-referral-form.pdf\" target=\"_blank\" > \n                                                <img decoding=\"async\" src=\"https:\/\/ameripharmaspecialty.com\/wp-content\/themes\/ct-theme\/assets\/img\/pdf-icon.png\" alt=\"PDF\" \/>\n                                                Descargar formulario de referencia\n                                            <\/a>\n                                        <\/li>\n                                                                    <\/ul>\n                            <\/div>\n                                                                                                <div class=\"pdfForms_inner_col_box\">\n                                <h3>Gastroenterolog\u00eda<\/h3>\n                                <ul>\n                                                                            <li>\n                                            <a href=\"https:\/\/ameripharmaspecialty.com\/wp-content\/uploads\/2024\/02\/Gastroenterology-Order-Form.pdf\" target=\"_blank\" >\n                                            <img decoding=\"async\" src=\"https:\/\/ameripharmaspecialty.com\/wp-content\/themes\/ct-theme\/assets\/img\/pdf-icon.png\" alt=\"PDF\" \/>\n                                            Descargar formulario de pedido\n                                            <\/a>\n                                        <\/li>\n                                                                                                                <li>\n                                            <a href=\"https:\/\/ameripharmaspecialty.com\/wp-content\/uploads\/2024\/02\/Gastroenterology-Order-Form.pdf\" target=\"_blank\" > \n                                                <img decoding=\"async\" src=\"https:\/\/ameripharmaspecialty.com\/wp-content\/themes\/ct-theme\/assets\/img\/pdf-icon.png\" alt=\"PDF\" \/>\n                                                Descargar formulario de referencia\n                                            <\/a>\n                                        <\/li>\n                                                                    <\/ul>\n                            <\/div>\n                                                                                                <div class=\"pdfForms_inner_col_box\">\n                                <h3>Neurolog\u00eda<\/h3>\n                                <ul>\n                                                                                                                <li>\n                                            <a href=\"https:\/\/ameripharmaspecialty.com\/wp-content\/uploads\/2024\/02\/Neurology-Order-Form.pdf\" target=\"_blank\" > \n                                                <img decoding=\"async\" src=\"https:\/\/ameripharmaspecialty.com\/wp-content\/themes\/ct-theme\/assets\/img\/pdf-icon.png\" alt=\"PDF\" \/>\n                                                Descargar formulario de referencia\n                                            <\/a>\n                                        <\/li>\n                                                                    <\/ul>\n                            <\/div>\n                                                                        <\/div>\n        <\/div>\n    <\/div>\n<\/div>","protected":false},"excerpt":{"rendered":"","protected":false},"author":1,"featured_media":0,"parent":0,"menu_order":0,"comment_status":"closed","ping_status":"closed","template":"","meta":{"_acf_changed":true,"om_disable_all_campaigns":false,"_uag_custom_page_level_css":"","footnotes":""},"categories":[],"tags":[],"class_list":["post-25130","page","type-page","status-publish","hentry"],"acf":[],"yoast_head":"<!-- This site is optimized with the Yoast SEO plugin v27.4 - https:\/\/yoast.com\/product\/yoast-seo-wordpress\/ -->\n<title>Enrollment and Referral Forms | AmeriPharma Specialty<\/title>\n<meta name=\"description\" content=\"See AmeriPharma Specialty Pharmacy\u2019s enrollment and referral forms. Contact our patient care coordinators today to receive at-home care with copay assistance.\" \/>\n<meta name=\"robots\" content=\"index, follow, max-snippet:-1, max-image-preview:large, max-video-preview:-1\" \/>\n<link rel=\"canonical\" href=\"https:\/\/ameripharmaspecialty.com\/es\/enrollment-and-referral-forms\/\" \/>\n<meta property=\"og:locale\" content=\"es_MX\" \/>\n<meta property=\"og:type\" content=\"article\" \/>\n<meta property=\"og:title\" content=\"Enrollment and Referral Forms | AmeriPharma Specialty\" \/>\n<meta property=\"og:description\" content=\"See AmeriPharma Specialty Pharmacy\u2019s enrollment and referral forms. Contact our patient care coordinators today to receive at-home care with copay assistance.\" \/>\n<meta property=\"og:url\" content=\"https:\/\/ameripharmaspecialty.com\/es\/enrollment-and-referral-forms\/\" \/>\n<meta property=\"og:site_name\" content=\"AmeriPharma\u00ae Specialty Care\" \/>\n<meta property=\"article:publisher\" content=\"https:\/\/www.facebook.com\/ameripharma\/\" \/>\n<meta property=\"article:modified_time\" content=\"2025-07-16T23:20:02+00:00\" \/>\n<meta property=\"og:image\" content=\"https:\/\/ameripharmaspecialty.com\/wp-content\/uploads\/2024\/07\/specialty-care-logo-large-square.png\" \/>\n\t<meta property=\"og:image:width\" content=\"400\" \/>\n\t<meta property=\"og:image:height\" content=\"400\" \/>\n\t<meta property=\"og:image:type\" content=\"image\/png\" \/>\n<meta name=\"twitter:card\" content=\"summary_large_image\" \/>\n<script type=\"application\/ld+json\" class=\"yoast-schema-graph\">{\"@context\":\"https:\\\/\\\/schema.org\",\"@graph\":[{\"@type\":\"WebPage\",\"@id\":\"https:\\\/\\\/ameripharmaspecialty.com\\\/enrollment-and-referral-forms\\\/\",\"url\":\"https:\\\/\\\/ameripharmaspecialty.com\\\/enrollment-and-referral-forms\\\/\",\"name\":\"Enrollment and Referral Forms | AmeriPharma Specialty\",\"isPartOf\":{\"@id\":\"https:\\\/\\\/ameripharmaspecialty.com\\\/#website\"},\"datePublished\":\"2024-02-15T09:51:24+00:00\",\"dateModified\":\"2025-07-16T23:20:02+00:00\",\"description\":\"See AmeriPharma Specialty Pharmacy\u2019s enrollment and referral forms. Contact our patient care coordinators today to receive at-home care with copay assistance.\",\"breadcrumb\":{\"@id\":\"https:\\\/\\\/ameripharmaspecialty.com\\\/enrollment-and-referral-forms\\\/#breadcrumb\"},\"inLanguage\":\"es\",\"potentialAction\":[{\"@type\":\"ReadAction\",\"target\":[\"https:\\\/\\\/ameripharmaspecialty.com\\\/enrollment-and-referral-forms\\\/\"]}]},{\"@type\":\"BreadcrumbList\",\"@id\":\"https:\\\/\\\/ameripharmaspecialty.com\\\/enrollment-and-referral-forms\\\/#breadcrumb\",\"itemListElement\":[{\"@type\":\"ListItem\",\"position\":1,\"name\":\"Home\",\"item\":\"https:\\\/\\\/ameripharmaspecialty.com\\\/\"},{\"@type\":\"ListItem\",\"position\":2,\"name\":\"Enrollment and Referral Forms\"}]},{\"@type\":\"WebSite\",\"@id\":\"https:\\\/\\\/ameripharmaspecialty.com\\\/#website\",\"url\":\"https:\\\/\\\/ameripharmaspecialty.com\\\/\",\"name\":\"AmeriPharma\u00ae Specialty Care\",\"description\":\"Specialty Care by AmeriPharma\",\"publisher\":{\"@id\":\"https:\\\/\\\/ameripharmaspecialty.com\\\/#organization\"},\"potentialAction\":[{\"@type\":\"SearchAction\",\"target\":{\"@type\":\"EntryPoint\",\"urlTemplate\":\"https:\\\/\\\/ameripharmaspecialty.com\\\/?s={search_term_string}\"},\"query-input\":{\"@type\":\"PropertyValueSpecification\",\"valueRequired\":true,\"valueName\":\"search_term_string\"}}],\"inLanguage\":\"es\"},{\"@type\":\"Organization\",\"@id\":\"https:\\\/\\\/ameripharmaspecialty.com\\\/#organization\",\"name\":\"Ameripharma Specialty Care\",\"url\":\"https:\\\/\\\/ameripharmaspecialty.com\\\/\",\"logo\":{\"@type\":\"ImageObject\",\"inLanguage\":\"es\",\"@id\":\"https:\\\/\\\/ameripharmaspecialty.com\\\/#\\\/schema\\\/logo\\\/image\\\/\",\"url\":\"https:\\\/\\\/ameripharmaspecialty.com\\\/wp-content\\\/uploads\\\/2024\\\/07\\\/specialty-care-logo-large-square.png\",\"contentUrl\":\"https:\\\/\\\/ameripharmaspecialty.com\\\/wp-content\\\/uploads\\\/2024\\\/07\\\/specialty-care-logo-large-square.png\",\"width\":400,\"height\":400,\"caption\":\"Ameripharma Specialty Care\"},\"image\":{\"@id\":\"https:\\\/\\\/ameripharmaspecialty.com\\\/#\\\/schema\\\/logo\\\/image\\\/\"},\"sameAs\":[\"https:\\\/\\\/www.facebook.com\\\/ameripharma\\\/\"]}]}<\/script>\n<!-- \/ Yoast SEO plugin. -->","yoast_head_json":{"title":"Formularios de inscripci\u00f3n y derivaci\u00f3n | Especialidad AmeriPharma","description":"Consulte los formularios de inscripci\u00f3n y derivaci\u00f3n de la Farmacia Especializada AmeriPharma. Contacte hoy mismo con nuestros coordinadores de atenci\u00f3n al paciente para recibir atenci\u00f3n a domicilio con asistencia para el copago.","robots":{"index":"index","follow":"follow","max-snippet":"max-snippet:-1","max-image-preview":"max-image-preview:large","max-video-preview":"max-video-preview:-1"},"canonical":"https:\/\/ameripharmaspecialty.com\/es\/enrollment-and-referral-forms\/","og_locale":"es_MX","og_type":"article","og_title":"Enrollment and Referral Forms | AmeriPharma Specialty","og_description":"See AmeriPharma Specialty Pharmacy\u2019s enrollment and referral forms. Contact our patient care coordinators today to receive at-home care with copay assistance.","og_url":"https:\/\/ameripharmaspecialty.com\/es\/enrollment-and-referral-forms\/","og_site_name":"AmeriPharma\u00ae Specialty Care","article_publisher":"https:\/\/www.facebook.com\/ameripharma\/","article_modified_time":"2025-07-16T23:20:02+00:00","og_image":[{"width":400,"height":400,"url":"https:\/\/ameripharmaspecialty.com\/wp-content\/uploads\/2024\/07\/specialty-care-logo-large-square.png","type":"image\/png"}],"twitter_card":"summary_large_image","schema":{"@context":"https:\/\/schema.org","@graph":[{"@type":"WebPage","@id":"https:\/\/ameripharmaspecialty.com\/enrollment-and-referral-forms\/","url":"https:\/\/ameripharmaspecialty.com\/enrollment-and-referral-forms\/","name":"Formularios de inscripci\u00f3n y derivaci\u00f3n | Especialidad AmeriPharma","isPartOf":{"@id":"https:\/\/ameripharmaspecialty.com\/#website"},"datePublished":"2024-02-15T09:51:24+00:00","dateModified":"2025-07-16T23:20:02+00:00","description":"Consulte los formularios de inscripci\u00f3n y derivaci\u00f3n de la Farmacia Especializada AmeriPharma. Contacte hoy mismo con nuestros coordinadores de atenci\u00f3n al paciente para recibir atenci\u00f3n a domicilio con asistencia para el copago.","breadcrumb":{"@id":"https:\/\/ameripharmaspecialty.com\/enrollment-and-referral-forms\/#breadcrumb"},"inLanguage":"es","potentialAction":[{"@type":"ReadAction","target":["https:\/\/ameripharmaspecialty.com\/enrollment-and-referral-forms\/"]}]},{"@type":"BreadcrumbList","@id":"https:\/\/ameripharmaspecialty.com\/enrollment-and-referral-forms\/#breadcrumb","itemListElement":[{"@type":"ListItem","position":1,"name":"Home","item":"https:\/\/ameripharmaspecialty.com\/"},{"@type":"ListItem","position":2,"name":"Enrollment and Referral Forms"}]},{"@type":"WebSite","@id":"https:\/\/ameripharmaspecialty.com\/#website","url":"https:\/\/ameripharmaspecialty.com\/","name":"Cuidado especializado AmeriPharma\u00ae","description":"Atenci\u00f3n especializada por AmeriPharma","publisher":{"@id":"https:\/\/ameripharmaspecialty.com\/#organization"},"potentialAction":[{"@type":"SearchAction","target":{"@type":"EntryPoint","urlTemplate":"https:\/\/ameripharmaspecialty.com\/?s={search_term_string}"},"query-input":{"@type":"PropertyValueSpecification","valueRequired":true,"valueName":"search_term_string"}}],"inLanguage":"es"},{"@type":"Organization","@id":"https:\/\/ameripharmaspecialty.com\/#organization","name":"Atenci\u00f3n especializada de Ameripharma","url":"https:\/\/ameripharmaspecialty.com\/","logo":{"@type":"ImageObject","inLanguage":"es","@id":"https:\/\/ameripharmaspecialty.com\/#\/schema\/logo\/image\/","url":"https:\/\/ameripharmaspecialty.com\/wp-content\/uploads\/2024\/07\/specialty-care-logo-large-square.png","contentUrl":"https:\/\/ameripharmaspecialty.com\/wp-content\/uploads\/2024\/07\/specialty-care-logo-large-square.png","width":400,"height":400,"caption":"Ameripharma Specialty Care"},"image":{"@id":"https:\/\/ameripharmaspecialty.com\/#\/schema\/logo\/image\/"},"sameAs":["https:\/\/www.facebook.com\/ameripharma\/"]}]}},"uagb_featured_image_src":{"full":false,"thumbnail":false,"medium":false,"medium_large":false,"large":false,"1536x1536":false,"2048x2048":false,"trp-custom-language-flag":false,"block-image-html-large":false,"ct-gallery":false,"ct-section-header":false,"ct-thumb":false,"ct-thumb-large":false,"ct-small":false,"ct-medium":false,"ct-xmedium":false,"ct-large":false},"uagb_author_info":{"display_name":"ameripharm3dev","author_link":"https:\/\/ameripharmaspecialty.com\/es\/author\/ameripharm3dev\/"},"uagb_comment_info":0,"uagb_excerpt":null,"rttpg_featured_image_url":null,"rttpg_author":{"display_name":"ameripharm3dev","author_link":"https:\/\/ameripharmaspecialty.com\/es\/author\/ameripharm3dev\/"},"rttpg_comment":0,"rttpg_category":false,"rttpg_excerpt":null,"_links":{"self":[{"href":"https:\/\/ameripharmaspecialty.com\/es\/wp-json\/wp\/v2\/pages\/25130","targetHints":{"allow":["GET"]}}],"collection":[{"href":"https:\/\/ameripharmaspecialty.com\/es\/wp-json\/wp\/v2\/pages"}],"about":[{"href":"https:\/\/ameripharmaspecialty.com\/es\/wp-json\/wp\/v2\/types\/page"}],"author":[{"embeddable":true,"href":"https:\/\/ameripharmaspecialty.com\/es\/wp-json\/wp\/v2\/users\/1"}],"replies":[{"embeddable":true,"href":"https:\/\/ameripharmaspecialty.com\/es\/wp-json\/wp\/v2\/comments?post=25130"}],"version-history":[{"count":0,"href":"https:\/\/ameripharmaspecialty.com\/es\/wp-json\/wp\/v2\/pages\/25130\/revisions"}],"wp:attachment":[{"href":"https:\/\/ameripharmaspecialty.com\/es\/wp-json\/wp\/v2\/media?parent=25130"}],"wp:term":[{"taxonomy":"category","embeddable":true,"href":"https:\/\/ameripharmaspecialty.com\/es\/wp-json\/wp\/v2\/categories?post=25130"},{"taxonomy":"post_tag","embeddable":true,"href":"https:\/\/ameripharmaspecialty.com\/es\/wp-json\/wp\/v2\/tags?post=25130"}],"curies":[{"name":"gracias","href":"https:\/\/api.w.org\/{rel}","templated":true}]}}