{"id":24525,"date":"2024-01-09T08:40:14","date_gmt":"2024-01-09T08:40:14","guid":{"rendered":"https:\/\/ameripharmaspecialty.com\/?page_id=24525"},"modified":"2026-02-12T10:08:21","modified_gmt":"2026-02-12T17:08:21","slug":"manufacturers","status":"publish","type":"page","link":"https:\/\/ameripharmaspecialty.com\/es\/manufacturers\/","title":{"rendered":"Fabricantes"},"content":{"rendered":"<p><\/p>\n\n\n\n<p class=\"has-text-align-center\">La dedicaci\u00f3n de AmeriPharma\u00ae Specialty Care a la entrega oportuna y conforme de medicamentos, la educaci\u00f3n del paciente y los seguimientos regulares ayuda a los fabricantes a monitorear y rastrear la efectividad de los tratamientos.<\/p>\n\n\n\n<div  id=\"image-30-text-70-e63f2dce940c940cc6441678281f68c9\" style=\"\" class=\"img30text70 white\">\n\t<div class=\"container\">\n\t\t<div class=\"block-wrap right\">\n\t\t\t<div class=\"block-column image\">\n\t\t\t\t<picture class=\"image-30\">\n\t\t\t\t\t\t\t\t\t\t<source loading=\"lazy\" media=\"(min-width:768px)\" srcset=\"https:\/\/ameripharmaspecialty.com\/wp-content\/uploads\/2024\/01\/ameripharma-specialty-care.jpg\">\n\t\t\t\t\t<img decoding=\"async\" loading=\"lazy\" src=\"https:\/\/ameripharmaspecialty.com\/wp-content\/uploads\/2024\/01\/ameripharma-specialty-care.jpg\" alt=\"https:\/\/ameripharmaspecialty.com\/wp-content\/uploads\/2024\/01\/ameripharma-specialty-care.jpg\" style=\"width:auto;\">\n\t\t\t\t<\/picture>\n\t\t\t<\/div>\n\t\t\t<div class=\"block-column\">\n\t\t\t\t<div class=\"text\">\n\t\t\t\t\t<h2 class=\"wp-block-heading\">C\u00f3mo ayudamos a los fabricantes<\/h2>\n<h4><strong>Uso \u00f3ptimo de medicamentos y cumplimiento<\/strong><\/h4>\n<p>La complejidad de los medicamentos y las terapias puede ser un factor clave en el incumplimiento terap\u00e9utico del paciente. Los pacientes a menudo pueden incumplir el tratamiento cuando experimentan efectos secundarios comunes asociados con un medicamento determinado.<\/p>\n<p>Nuestros farmac\u00e9uticos cl\u00ednicos comprenden la importancia del cumplimiento terap\u00e9utico del paciente: si los medicamentos no se toman seg\u00fan las indicaciones, los resultados se ven afectados. Por eso, monitoreamos de cerca a nuestros pacientes con el m\u00e1ximo nivel de apoyo, educaci\u00f3n, atenci\u00f3n y seguimiento, garantizando que los planes de tratamiento se cumplan plenamente y que los medicamentos de los fabricantes se usen de forma segura y correcta.<\/p>\n<p>Si se detecta una adherencia inadecuada, abordamos la causa con el paciente y su m\u00e9dico. Nuestros farmac\u00e9uticos cl\u00ednicos utilizan la informaci\u00f3n de seguimiento de los pacientes para recomendar medicamentos que controlen cualquier efecto secundario no deseado, lo que permite al paciente continuar con mayor comodidad y completar su tratamiento. Esto no solo beneficia al paciente, sino que tambi\u00e9n reduce costos y gastos innecesarios.<\/p>\n<p>Los pacientes tambi\u00e9n tienen acceso a nuestro sistema de envasado de medicamentos personalizado. <a href=\"https:\/\/medbox.com\/\">MedBox<\/a> Por AmeriPharma\u00ae. Este sistema de distribuci\u00f3n diaria de medicamentos preenvasados mejora el cumplimiento terap\u00e9utico del paciente al hacer que la autoadministraci\u00f3n de medicamentos y terapias complejas sea pr\u00e1cticamente infalible.<\/p>\n\t\t\t\t<\/div>\n\t\t\t<\/div>\n\t\t<\/div>\n\t<\/div>\n<\/div>\n\n\n<h3 class=\"wp-block-heading\"><strong>Desarrollar y lanzar nuevos productos<\/strong><\/h3>\n\n\n\n<p>Nuestro equipo de expertos trabaja en estrecha colaboraci\u00f3n con los fabricantes. Contamos con los recursos necesarios para brindar informaci\u00f3n valiosa que contribuya al desarrollo y avance de medicamentos, y colaboramos con ellos durante todo el ciclo de vida, desde su introducci\u00f3n hasta su crecimiento y madurez. Podemos ayudarle a maximizar el \u00e9xito de sus nuevos productos gracias a nuestra experiencia y apoyo en el lanzamiento de nuevos medicamentos a los pacientes. Somos un recurso de confianza para los profesionales sanitarios, brind\u00e1ndoles asesoramiento y recomendaciones para ayudarles a elegir los medicamentos m\u00e1s eficaces para sus pacientes y manteni\u00e9ndolos siempre informados sobre los nuevos productos.<\/p>\n\n\n\n<div  id=\"image-30-text-70-15783094f3db41b3b2886c5dee86743a\" style=\"\" class=\"img30text70 white\">\n\t<div class=\"container\">\n\t\t<div class=\"block-wrap left\">\n\t\t\t<div class=\"block-column image\">\n\t\t\t\t<picture class=\"image-30\">\n\t\t\t\t\t\t\t\t\t\t<source loading=\"lazy\" media=\"(min-width:768px)\" srcset=\"https:\/\/ameripharmaspecialty.com\/wp-content\/uploads\/2024\/07\/iStock-1446475792.jpg\">\n\t\t\t\t\t<img decoding=\"async\" loading=\"lazy\" src=\"https:\/\/ameripharmaspecialty.com\/wp-content\/uploads\/2024\/07\/iStock-1446475792.jpg\" alt=\"https:\/\/ameripharmaspecialty.com\/wp-content\/uploads\/2024\/07\/iStock-1446475792.jpg\" style=\"width:auto;\">\n\t\t\t\t<\/picture>\n\t\t\t<\/div>\n\t\t\t<div class=\"block-column\">\n\t\t\t\t<div class=\"text\">\n\t\t\t\t\t<h4><strong>Informes de \u00faltima generaci\u00f3n y seguimiento detallado<\/strong><\/h4>\n<p>Nuestros informes de vanguardia recopilan toda la informaci\u00f3n que necesita: efectos secundarios del paciente (adem\u00e1s de estad\u00edsticas detalladas sobre el tiempo de surtido), satisfacci\u00f3n del cliente, adherencia del paciente, notas importantes y datos del proveedor. Nuestro objetivo es colaborar con los fabricantes para mejorar sus productos para los pacientes y, a su vez, optimizar su negocio.<\/p>\n<p>Para algunos medicamentos, tambi\u00e9n realizamos encuestas de seguimiento detalladas para ayudar a detectar cualquier efecto adverso o reacci\u00f3n negativa e informar esta informaci\u00f3n a los fabricantes.<\/p>\n<h4><strong>Transferencias c\u00e1lidas<\/strong><\/h4>\n<p>A veces, puede ser necesario transferir un medicamento especializado a otra farmacia dispensadora si\u00a0<a href=\"https:\/\/ameripharmaspecialty.com\/es\/\">Cuidado especializado AmeriPharma\u00ae<\/a>\u00a0Est\u00e1 fuera de la red de pagadores del plan de seguro del paciente. Gestionamos todo el proceso de transferencia, garantizando que la receta llegue a la farmacia receptora junto con toda la informaci\u00f3n esencial. Tambi\u00e9n notificaremos de inmediato a los proveedores sobre la transferencia.<\/p>\n<h4><strong>Gesti\u00f3n y atenci\u00f3n al paciente<\/strong><\/h4>\n<p>Nos aseguramos de que los pacientes siempre tengan acceso a los medicamentos que necesitan a trav\u00e9s de nuestra red de asistencia financiera, que incluye apoyo y orientaci\u00f3n para la autorizaci\u00f3n previa, la investigaci\u00f3n de beneficios,\u00a0<a href=\"https:\/\/ameripharmaspecialty.com\/es\/financial-assistance\/\">asistencia para copagos<\/a>, ayuda financiera, adem\u00e1s de una variedad de otros servicios no financieros, como la informaci\u00f3n m\u00e1s actualizada sobre productos y salud, defensa del paciente e informaci\u00f3n de la fundaci\u00f3n estatal para las enfermedades que afectan a nuestros pacientes.<\/p>\n\t\t\t\t<\/div>\n\t\t\t<\/div>\n\t\t<\/div>\n\t<\/div>\n<\/div>\n\n\n<h3 class=\"wp-block-heading\"><strong>Acceso a medicamentos<\/strong><\/h3>\n\n\n\n<p>Los pacientes siempre tendr\u00e1n acceso a los medicamentos que necesitan a trav\u00e9s de nuestro sistema integrado que vincula a pacientes, m\u00e9dicos, fabricantes y compa\u00f1\u00edas de seguros.<\/p>\n\n\n\n<p>Somos expertos en pagos y ayudamos a educar y orientar a los pacientes para garantizar que reciban la terapia que necesitan, ayud\u00e1ndolos con ayuda financiera y beneficios.<\/p>\n\n\n\n<h3 class=\"wp-block-heading\"><strong>Consultas por video en vivo<\/strong><\/h3>\n\n\n\n<p>Nos esforzamos constantemente por personalizar e innovar nuestros&nbsp;<a href=\"\/es\/patient-advocacy\/\">atenci\u00f3n al paciente<\/a>Las consultas por video en vivo pueden ayudar a nuestros pacientes a superar cualquier barrera o dificultad que puedan enfrentar al administrar medicamentos complejos.<\/p>\n\n\n\n<p>Para ponerse en contacto con nuestro equipo, cont\u00e1ctenos en:&nbsp;<a href=\"mailto:info@ameripharma.us\">info@ameripharma.us<\/a><\/p>","protected":false},"excerpt":{"rendered":"<p>La dedicaci\u00f3n de AmeriPharma\u00ae Specialty Care a la entrega oportuna y conforme de medicamentos, la educaci\u00f3n del paciente y el seguimiento regular ayudan a los fabricantes a monitorear y dar seguimiento a la efectividad de los tratamientos. Desarrollo y lanzamiento de nuevos productos. Nuestro equipo de expertos trabaja en estrecha colaboraci\u00f3n con los fabricantes.<\/p>","protected":false},"author":1,"featured_media":0,"parent":0,"menu_order":0,"comment_status":"closed","ping_status":"closed","template":"boxed-template.php","meta":{"_acf_changed":true,"om_disable_all_campaigns":false,"_uag_custom_page_level_css":"","footnotes":""},"categories":[],"tags":[],"class_list":["post-24525","page","type-page","status-publish","hentry"],"acf":[],"yoast_head":"<!-- This site is optimized with the Yoast SEO plugin v27.5 - https:\/\/yoast.com\/product\/yoast-seo-wordpress\/ -->\n<title>Manufacturers | How We Help | AmeriPharma Specialty<\/title>\n<meta name=\"description\" content=\"Partner with AmeriPharma for specialty pharmacy services supporting your patients. We provide adherence programs, outcomes tracking, and expert care delivery.\" \/>\n<meta name=\"robots\" content=\"index, follow, max-snippet:-1, max-image-preview:large, max-video-preview:-1\" \/>\n<link rel=\"canonical\" href=\"https:\/\/ameripharmaspecialty.com\/es\/manufacturers\/\" \/>\n<meta property=\"og:locale\" content=\"es_MX\" \/>\n<meta property=\"og:type\" content=\"article\" \/>\n<meta property=\"og:title\" content=\"Manufacturers | How We Help | AmeriPharma Specialty\" \/>\n<meta property=\"og:description\" content=\"Partner with AmeriPharma for specialty pharmacy services supporting your patients. We provide adherence programs, outcomes tracking, and expert care delivery.\" \/>\n<meta property=\"og:url\" content=\"https:\/\/ameripharmaspecialty.com\/es\/manufacturers\/\" \/>\n<meta property=\"og:site_name\" content=\"AmeriPharma\u00ae Specialty Care\" \/>\n<meta property=\"article:publisher\" content=\"https:\/\/www.facebook.com\/ameripharma\/\" \/>\n<meta property=\"article:modified_time\" content=\"2026-02-12T17:08:21+00:00\" \/>\n<meta property=\"og:image\" content=\"https:\/\/ameripharmaspecialty.com\/wp-content\/uploads\/2024\/07\/specialty-care-logo-large-square.png\" \/>\n\t<meta property=\"og:image:width\" content=\"400\" \/>\n\t<meta property=\"og:image:height\" content=\"400\" \/>\n\t<meta property=\"og:image:type\" content=\"image\/png\" \/>\n<meta name=\"twitter:card\" content=\"summary_large_image\" \/>\n<meta name=\"twitter:label1\" content=\"Est. reading time\" \/>\n\t<meta name=\"twitter:data1\" content=\"1 minuto\" \/>\n<script type=\"application\/ld+json\" class=\"yoast-schema-graph\">{\"@context\":\"https:\\\/\\\/schema.org\",\"@graph\":[{\"@type\":\"WebPage\",\"@id\":\"https:\\\/\\\/ameripharmaspecialty.com\\\/manufacturers\\\/\",\"url\":\"https:\\\/\\\/ameripharmaspecialty.com\\\/manufacturers\\\/\",\"name\":\"Manufacturers | How We Help | AmeriPharma Specialty\",\"isPartOf\":{\"@id\":\"https:\\\/\\\/ameripharmaspecialty.com\\\/vi\\\/#website\"},\"datePublished\":\"2024-01-09T08:40:14+00:00\",\"dateModified\":\"2026-02-12T17:08:21+00:00\",\"description\":\"Partner with AmeriPharma for specialty pharmacy services supporting your patients. We provide adherence programs, outcomes tracking, and expert care delivery.\",\"breadcrumb\":{\"@id\":\"https:\\\/\\\/ameripharmaspecialty.com\\\/manufacturers\\\/#breadcrumb\"},\"inLanguage\":\"es\",\"potentialAction\":[{\"@type\":\"ReadAction\",\"target\":[\"https:\\\/\\\/ameripharmaspecialty.com\\\/manufacturers\\\/\"]}]},{\"@type\":\"BreadcrumbList\",\"@id\":\"https:\\\/\\\/ameripharmaspecialty.com\\\/manufacturers\\\/#breadcrumb\",\"itemListElement\":[{\"@type\":\"ListItem\",\"position\":1,\"name\":\"Home\",\"item\":\"https:\\\/\\\/ameripharmaspe.wpenginepowered.com\\\/es\\\/\"},{\"@type\":\"ListItem\",\"position\":2,\"name\":\"Manufacturers\"}]},{\"@type\":\"WebSite\",\"@id\":\"https:\\\/\\\/ameripharmaspecialty.com\\\/vi\\\/#website\",\"url\":\"https:\\\/\\\/ameripharmaspecialty.com\\\/vi\\\/\",\"name\":\"AmeriPharma\u00ae Specialty Care\",\"description\":\"Specialty Care by AmeriPharma\",\"publisher\":{\"@id\":\"https:\\\/\\\/ameripharmaspecialty.com\\\/vi\\\/#organization\"},\"potentialAction\":[{\"@type\":\"SearchAction\",\"target\":{\"@type\":\"EntryPoint\",\"urlTemplate\":\"https:\\\/\\\/ameripharmaspecialty.com\\\/vi\\\/?s={search_term_string}\"},\"query-input\":{\"@type\":\"PropertyValueSpecification\",\"valueRequired\":true,\"valueName\":\"search_term_string\"}}],\"inLanguage\":\"es\"},{\"@type\":\"Organization\",\"@id\":\"https:\\\/\\\/ameripharmaspecialty.com\\\/vi\\\/#organization\",\"name\":\"Ameripharma Specialty Care\",\"url\":\"https:\\\/\\\/ameripharmaspecialty.com\\\/vi\\\/\",\"logo\":{\"@type\":\"ImageObject\",\"inLanguage\":\"es\",\"@id\":\"https:\\\/\\\/ameripharmaspecialty.com\\\/vi\\\/#\\\/schema\\\/logo\\\/image\\\/\",\"url\":\"https:\\\/\\\/ameripharmaspecialty.com\\\/wp-content\\\/uploads\\\/2024\\\/07\\\/specialty-care-logo-large-square.png\",\"contentUrl\":\"https:\\\/\\\/ameripharmaspecialty.com\\\/wp-content\\\/uploads\\\/2024\\\/07\\\/specialty-care-logo-large-square.png\",\"width\":400,\"height\":400,\"caption\":\"Ameripharma Specialty Care\"},\"image\":{\"@id\":\"https:\\\/\\\/ameripharmaspecialty.com\\\/vi\\\/#\\\/schema\\\/logo\\\/image\\\/\"},\"sameAs\":[\"https:\\\/\\\/www.facebook.com\\\/ameripharma\\\/\"]}]}<\/script>\n<!-- \/ Yoast SEO plugin. -->","yoast_head_json":{"title":"Fabricantes | C\u00f3mo ayudamos | AmeriPharma Especialidad","description":"Colabore con AmeriPharma para obtener servicios de farmacia especializada que apoyan a sus pacientes. Ofrecemos programas de adherencia, seguimiento de resultados y atenci\u00f3n experta.","robots":{"index":"index","follow":"follow","max-snippet":"max-snippet:-1","max-image-preview":"max-image-preview:large","max-video-preview":"max-video-preview:-1"},"canonical":"https:\/\/ameripharmaspecialty.com\/es\/manufacturers\/","og_locale":"es_MX","og_type":"article","og_title":"Manufacturers | How We Help | AmeriPharma Specialty","og_description":"Partner with AmeriPharma for specialty pharmacy services supporting your patients. We provide adherence programs, outcomes tracking, and expert care delivery.","og_url":"https:\/\/ameripharmaspecialty.com\/es\/manufacturers\/","og_site_name":"AmeriPharma\u00ae Specialty Care","article_publisher":"https:\/\/www.facebook.com\/ameripharma\/","article_modified_time":"2026-02-12T17:08:21+00:00","og_image":[{"width":400,"height":400,"url":"https:\/\/ameripharmaspecialty.com\/wp-content\/uploads\/2024\/07\/specialty-care-logo-large-square.png","type":"image\/png"}],"twitter_card":"summary_large_image","twitter_misc":{"Est. reading time":"1 minuto"},"schema":{"@context":"https:\/\/schema.org","@graph":[{"@type":"WebPage","@id":"https:\/\/ameripharmaspecialty.com\/manufacturers\/","url":"https:\/\/ameripharmaspecialty.com\/manufacturers\/","name":"Fabricantes | C\u00f3mo ayudamos | AmeriPharma Especialidad","isPartOf":{"@id":"https:\/\/ameripharmaspecialty.com\/vi\/#website"},"datePublished":"2024-01-09T08:40:14+00:00","dateModified":"2026-02-12T17:08:21+00:00","description":"Colabore con AmeriPharma para obtener servicios de farmacia especializada que apoyan a sus pacientes. Ofrecemos programas de adherencia, seguimiento de resultados y atenci\u00f3n experta.","breadcrumb":{"@id":"https:\/\/ameripharmaspecialty.com\/manufacturers\/#breadcrumb"},"inLanguage":"es","potentialAction":[{"@type":"ReadAction","target":["https:\/\/ameripharmaspecialty.com\/manufacturers\/"]}]},{"@type":"BreadcrumbList","@id":"https:\/\/ameripharmaspecialty.com\/manufacturers\/#breadcrumb","itemListElement":[{"@type":"ListItem","position":1,"name":"Home","item":"https:\/\/ameripharmaspe.wpenginepowered.com\/es\/"},{"@type":"ListItem","position":2,"name":"Manufacturers"}]},{"@type":"WebSite","@id":"https:\/\/ameripharmaspecialty.com\/vi\/#website","url":"https:\/\/ameripharmaspecialty.com\/vi\/","name":"Cuidado especializado AmeriPharma\u00ae","description":"Atenci\u00f3n especializada por AmeriPharma","publisher":{"@id":"https:\/\/ameripharmaspecialty.com\/vi\/#organization"},"potentialAction":[{"@type":"SearchAction","target":{"@type":"EntryPoint","urlTemplate":"https:\/\/ameripharmaspecialty.com\/vi\/?s={search_term_string}"},"query-input":{"@type":"PropertyValueSpecification","valueRequired":true,"valueName":"search_term_string"}}],"inLanguage":"es"},{"@type":"Organization","@id":"https:\/\/ameripharmaspecialty.com\/vi\/#organization","name":"Atenci\u00f3n especializada de Ameripharma","url":"https:\/\/ameripharmaspecialty.com\/vi\/","logo":{"@type":"ImageObject","inLanguage":"es","@id":"https:\/\/ameripharmaspecialty.com\/vi\/#\/schema\/logo\/image\/","url":"https:\/\/ameripharmaspecialty.com\/wp-content\/uploads\/2024\/07\/specialty-care-logo-large-square.png","contentUrl":"https:\/\/ameripharmaspecialty.com\/wp-content\/uploads\/2024\/07\/specialty-care-logo-large-square.png","width":400,"height":400,"caption":"Ameripharma Specialty Care"},"image":{"@id":"https:\/\/ameripharmaspecialty.com\/vi\/#\/schema\/logo\/image\/"},"sameAs":["https:\/\/www.facebook.com\/ameripharma\/"]}]}},"uagb_featured_image_src":{"full":false,"thumbnail":false,"medium":false,"medium_large":false,"large":false,"1536x1536":false,"2048x2048":false,"trp-custom-language-flag":false,"block-image-html-large":false,"ct-gallery":false,"ct-section-header":false,"ct-thumb":false,"ct-thumb-large":false,"ct-small":false,"ct-medium":false,"ct-xmedium":false,"ct-large":false},"uagb_author_info":{"display_name":"ameripharm3dev","author_link":"https:\/\/ameripharmaspecialty.com\/es\/author\/ameripharm3dev\/"},"uagb_comment_info":0,"uagb_excerpt":"AmeriPharma\u00ae Specialty Care\u2019s dedication to compliant, timely medication delivery, patient education and regular follow-ups helps manufacturers monitor and track the effectiveness of treatments. Develop and Launch New Products Our team of experts work hand-\u00adin\u00ad-hand with manufacturers.","rttpg_featured_image_url":null,"rttpg_author":{"display_name":"ameripharm3dev","author_link":"https:\/\/ameripharmaspecialty.com\/es\/author\/ameripharm3dev\/"},"rttpg_comment":0,"rttpg_category":false,"rttpg_excerpt":"AmeriPharma\u00ae Specialty Care\u2019s dedication to compliant, timely medication delivery, patient education and regular follow-ups helps manufacturers monitor and track the effectiveness of treatments. Develop and Launch New Products Our team of experts work hand-\u00adin\u00ad-hand with manufacturers.","_links":{"self":[{"href":"https:\/\/ameripharmaspecialty.com\/es\/wp-json\/wp\/v2\/pages\/24525","targetHints":{"allow":["GET"]}}],"collection":[{"href":"https:\/\/ameripharmaspecialty.com\/es\/wp-json\/wp\/v2\/pages"}],"about":[{"href":"https:\/\/ameripharmaspecialty.com\/es\/wp-json\/wp\/v2\/types\/page"}],"author":[{"embeddable":true,"href":"https:\/\/ameripharmaspecialty.com\/es\/wp-json\/wp\/v2\/users\/1"}],"replies":[{"embeddable":true,"href":"https:\/\/ameripharmaspecialty.com\/es\/wp-json\/wp\/v2\/comments?post=24525"}],"version-history":[{"count":0,"href":"https:\/\/ameripharmaspecialty.com\/es\/wp-json\/wp\/v2\/pages\/24525\/revisions"}],"wp:attachment":[{"href":"https:\/\/ameripharmaspecialty.com\/es\/wp-json\/wp\/v2\/media?parent=24525"}],"wp:term":[{"taxonomy":"category","embeddable":true,"href":"https:\/\/ameripharmaspecialty.com\/es\/wp-json\/wp\/v2\/categories?post=24525"},{"taxonomy":"post_tag","embeddable":true,"href":"https:\/\/ameripharmaspecialty.com\/es\/wp-json\/wp\/v2\/tags?post=24525"}],"curies":[{"name":"gracias","href":"https:\/\/api.w.org\/{rel}","templated":true}]}}