{"id":24520,"date":"2024-01-09T08:23:11","date_gmt":"2024-01-09T08:23:11","guid":{"rendered":"https:\/\/ameripharmaspecialty.com\/?page_id=24520"},"modified":"2026-02-12T10:08:58","modified_gmt":"2026-02-12T17:08:58","slug":"payers","status":"publish","type":"page","link":"https:\/\/ameripharmaspecialty.com\/es\/payers\/","title":{"rendered":"Pagadores"},"content":{"rendered":"<div style=\"height:30px\" aria-hidden=\"true\" class=\"wp-block-spacer\"><\/div>\n\n\n\n<div class=\"wp-block-group has-background\" style=\"background-color:#f6f6f6;padding-top:var(--wp--preset--spacing--60);padding-right:50px;padding-bottom:var(--wp--preset--spacing--60);padding-left:50px\"><div class=\"wp-block-group__inner-container is-layout-constrained wp-container-core-group-is-layout-f4c74273 wp-block-group-is-layout-constrained\">\n<p class=\"has-text-align-center\">La gesti\u00f3n y el cuidado del paciente son la base de todo lo que hacemos. Sus miembros siempre tendr\u00e1n acceso a los medicamentos y la informaci\u00f3n que necesitan para seguir con \u00e9xito sus planes de tratamiento.<\/p>\n<\/div><\/div>\n\n\n\n<div style=\"height:30px\" aria-hidden=\"true\" class=\"wp-block-spacer\"><\/div>\n\n\n\n<p>En AmeriPharma\u00ae Specialty Care,<strong>&nbsp;Adoptamos un enfoque de alto contacto<\/strong>&nbsp;A nuestro servicio. Promovemos la continuidad de la atenci\u00f3n mejorando la coordinaci\u00f3n entre pacientes, m\u00e9dicos, fabricantes y aseguradoras. Tambi\u00e9n fomentamos la comunicaci\u00f3n fluida y la colaboraci\u00f3n continua entre los m\u00e9dicos y cuidadores de cada paciente. Siempre conocemos de primera mano a nuestros pacientes y sus necesidades.<\/p>\n\n\n\n<p>Nuestro servicio incluye llamadas de seguimiento regulares y servicios relacionados con los siguientes componentes esenciales, que forman parte integral de nuestro modelo de atenci\u00f3n avanzada.<\/p>\n\n\n\n<h3 class=\"wp-block-heading\" id=\"h-how-we-help-payers\">C\u00f3mo ayudamos a los pagadores<\/h3>\n\n\n\n<div  id=\"image-30-text-70-f84adcf5b94fef61951bc730ae6c2902\" style=\"\" class=\"img30text70 white\">\n\t<div class=\"container\">\n\t\t<div class=\"block-wrap left\">\n\t\t\t<div class=\"block-column image\">\n\t\t\t\t<picture class=\"image-30\">\n\t\t\t\t\t\t\t\t\t\t<source loading=\"lazy\" media=\"(min-width:768px)\" srcset=\"https:\/\/ameripharmaspecialty.com\/wp-content\/uploads\/2024\/07\/iStock-1447101707.jpg\">\n\t\t\t\t\t<img decoding=\"async\" loading=\"lazy\" src=\"https:\/\/ameripharmaspecialty.com\/wp-content\/uploads\/2024\/07\/iStock-1447101707.jpg\" alt=\"https:\/\/ameripharmaspecialty.com\/wp-content\/uploads\/2024\/07\/iStock-1447101707.jpg\" style=\"width:auto;\">\n\t\t\t\t<\/picture>\n\t\t\t<\/div>\n\t\t\t<div class=\"block-column\">\n\t\t\t\t<div class=\"text\">\n\t\t\t\t\t<h4><strong>Gesti\u00f3n y atenci\u00f3n al paciente<\/strong><\/h4>\n<p>Ofrecemos atenci\u00f3n personalizada al paciente, incluyendo planes de atenci\u00f3n individualizados, apoyo para los efectos secundarios que puedan experimentar los pacientes y un farmac\u00e9utico cl\u00ednico especializado disponible por tel\u00e9fono las 24 horas, los 7 d\u00edas de la semana, para responder a cualquier pregunta. Si un medicamento o tratamiento no produce los resultados deseados, colaboramos activamente con todo el equipo de atenci\u00f3n m\u00e9dica del paciente para buscar alternativas adecuadas. Trabajamos caso por caso para garantizar que todos reciban la atenci\u00f3n, el tiempo y el cuidado \u00f3ptimos.<\/p>\n\t\t\t\t<\/div>\n\t\t\t<\/div>\n\t\t<\/div>\n\t<\/div>\n<\/div>\n\n\n<h3 class=\"wp-block-heading\" id=\"h-adherence-to-treatment-plans-amp-compliance\"><strong>Adherencia a los planes de tratamiento y cumplimiento<\/strong><\/h3>\n\n\n\n<p>La complejidad de los medicamentos y los planes de tratamiento puede ser un factor clave en el incumplimiento del paciente. Ofrecemos el m\u00e1ximo nivel de apoyo y seguimiento a nuestros pacientes, ayud\u00e1ndolos a garantizar su total cumplimiento de los planes de tratamiento. Si se detecta una adherencia inadecuada, abordamos la causa con el paciente e informamos al profesional sanitario. Reducimos costos y gastos innecesarios actuando como los ojos y o\u00eddos de los pagadores.<\/p>\n\n\n\n<h3 class=\"wp-block-heading\" id=\"h-patient-advocacy\"><strong>Defensa del paciente<\/strong><\/h3>\n\n\n\n<p>En AmeriPharma\u00ae Specialty Care, hacemos m\u00e1s que simplemente proporcionar medicamentos. Somos firmes defensores de\u00a0<a href=\"https:\/\/ameripharmaspecialty.com\/es\/patient-advocacy\/\">defensa del paciente<\/a>Ofrecemos asistencia y orientaci\u00f3n expertas para ayudar a nuestros pacientes a gestionar afecciones complejas, ya sea para obtener ayuda financiera o simplemente para escuchar sus opiniones e inquietudes.<\/p>\n\n\n\n<h3 class=\"wp-block-heading\" id=\"h-a-team-of-experts\"><strong>Un equipo de expertos<\/strong><\/h3>\n\n\n\n<p>Nuestros farmac\u00e9uticos cl\u00ednicos mantienen el m\u00e1s alto nivel de experiencia mediante formaci\u00f3n continua, investigaci\u00f3n y capacitaci\u00f3n. Nuestro equipo tambi\u00e9n incluye expertos en infusi\u00f3n (tanto farmac\u00e9uticos cl\u00ednicos como enfermeros titulados certificados en infusi\u00f3n [CRNI\u00ae]).<\/p>\n\n\n\n<h3 class=\"wp-block-heading\" id=\"h-access-to-information\"><strong>Acceso a la informaci\u00f3n<\/strong><\/h3>\n\n\n\n<p>Mantenemos registros detallados de la medicaci\u00f3n de nuestros pacientes. Esto permite a pacientes, proveedores y aseguradores una transparencia total en la informaci\u00f3n, incluyendo el acceso al estado actual de todas las recetas. Para cada nueva receta, evaluamos el estado actual del paciente para determinar si la medicaci\u00f3n o terapia compleja ser\u00e1 beneficiosa.<\/p>\n\n\n\n<h3 class=\"wp-block-heading\" id=\"h-cutting-edge-technology\"><strong>Tecnolog\u00eda de vanguardia<\/strong><\/h3>\n\n\n\n<p>Nuestro sistema de empaquetado personalizado, completo con horarios y fechas para cada dosis, hace que tomar medicamentos sea pr\u00e1cticamente seguro para sus miembros.<\/p>\n\n\n\n<div  id=\"image-30-text-70-01f69bd73eb86c7763f7f2e4f75f3339\" style=\"\" class=\"img30text70 white\">\n\t<div class=\"container\">\n\t\t<div class=\"block-wrap right\">\n\t\t\t<div class=\"block-column image\">\n\t\t\t\t<picture class=\"image-30\">\n\t\t\t\t\t\t\t\t\t\t<source loading=\"lazy\" media=\"(min-width:768px)\" srcset=\"https:\/\/ameripharmaspecialty.com\/wp-content\/uploads\/2024\/01\/AmeriPharma-Specialty-Care-4160096-small.jpg\">\n\t\t\t\t\t<img decoding=\"async\" loading=\"lazy\" src=\"https:\/\/ameripharmaspecialty.com\/wp-content\/uploads\/2024\/01\/AmeriPharma-Specialty-Care-4160096-small.jpg\" alt=\"https:\/\/ameripharmaspecialty.com\/wp-content\/uploads\/2024\/01\/AmeriPharma-Specialty-Care-4160096-small.jpg\" style=\"width:auto;\">\n\t\t\t\t<\/picture>\n\t\t\t<\/div>\n\t\t\t<div class=\"block-column\">\n\t\t\t\t<div class=\"text\">\n\t\t\t\t\t<h4><strong>Proceso de autorizaci\u00f3n<\/strong><\/h4>\n<p>Agilizamos el proceso de obtenci\u00f3n de autorizaciones previas para sus miembros trabajando directamente con su compa\u00f1\u00eda de seguros.<\/p>\n<p>Para ponerse en contacto con nuestro equipo, cont\u00e1ctenos en\u00a0<a href=\"mailto:info@ameripharma.us\">info@ameripharma.us<\/a><\/p>\n\t\t\t\t<\/div>\n\t\t\t<\/div>\n\t\t<\/div>\n\t<\/div>\n<\/div>","protected":false},"excerpt":{"rendered":"<p>La gesti\u00f3n y el cuidado del paciente son la base de todo lo que hacemos. Sus miembros siempre tendr\u00e1n acceso a los medicamentos y la informaci\u00f3n que necesitan para seguir con \u00e9xito sus planes de tratamiento.<\/p>","protected":false},"author":1,"featured_media":0,"parent":0,"menu_order":0,"comment_status":"closed","ping_status":"closed","template":"boxed-template.php","meta":{"_acf_changed":true,"om_disable_all_campaigns":false,"_uag_custom_page_level_css":"","footnotes":""},"categories":[],"tags":[],"class_list":["post-24520","page","type-page","status-publish","hentry"],"acf":[],"yoast_head":"<!-- This site is optimized with the Yoast SEO plugin v27.4 - https:\/\/yoast.com\/product\/yoast-seo-wordpress\/ -->\n<title>Payers | How We Help | AmeriPharma Specialty Pharmacy<\/title>\n<meta name=\"description\" content=\"AmeriPharma helps health plans improve medication adherence and reduce costs through clinical support, care coordination, and enhanced member outcomes.\" \/>\n<meta name=\"robots\" content=\"index, follow, max-snippet:-1, max-image-preview:large, max-video-preview:-1\" \/>\n<link rel=\"canonical\" href=\"https:\/\/ameripharmaspecialty.com\/es\/payers\/\" \/>\n<meta property=\"og:locale\" content=\"es_MX\" \/>\n<meta property=\"og:type\" content=\"article\" \/>\n<meta property=\"og:title\" content=\"Payers | How We Help | AmeriPharma Specialty Pharmacy\" \/>\n<meta property=\"og:description\" content=\"AmeriPharma helps health plans improve medication adherence and reduce costs through clinical support, care coordination, and enhanced member outcomes.\" \/>\n<meta property=\"og:url\" content=\"https:\/\/ameripharmaspecialty.com\/es\/payers\/\" \/>\n<meta property=\"og:site_name\" content=\"AmeriPharma\u00ae Specialty Care\" \/>\n<meta property=\"article:publisher\" content=\"https:\/\/www.facebook.com\/ameripharma\/\" \/>\n<meta property=\"article:modified_time\" content=\"2026-02-12T17:08:58+00:00\" \/>\n<meta property=\"og:image\" content=\"https:\/\/ameripharmaspecialty.com\/wp-content\/uploads\/2024\/07\/specialty-care-logo-large-square.png\" \/>\n\t<meta property=\"og:image:width\" content=\"400\" \/>\n\t<meta property=\"og:image:height\" content=\"400\" \/>\n\t<meta property=\"og:image:type\" content=\"image\/png\" \/>\n<meta name=\"twitter:card\" content=\"summary_large_image\" \/>\n<meta name=\"twitter:label1\" content=\"Est. reading time\" \/>\n\t<meta name=\"twitter:data1\" content=\"2 minutos\" \/>\n<script type=\"application\/ld+json\" class=\"yoast-schema-graph\">{\"@context\":\"https:\\\/\\\/schema.org\",\"@graph\":[{\"@type\":\"WebPage\",\"@id\":\"https:\\\/\\\/ameripharmaspecialty.com\\\/es\\\/payers\\\/\",\"url\":\"https:\\\/\\\/ameripharmaspecialty.com\\\/es\\\/payers\\\/\",\"name\":\"Payers | How We Help | AmeriPharma Specialty Pharmacy\",\"isPartOf\":{\"@id\":\"https:\\\/\\\/ameripharmaspecialty.com\\\/#website\"},\"datePublished\":\"2024-01-09T08:23:11+00:00\",\"dateModified\":\"2026-02-12T17:08:58+00:00\",\"description\":\"AmeriPharma helps health plans improve medication adherence and reduce costs through clinical support, care coordination, and enhanced member outcomes.\",\"breadcrumb\":{\"@id\":\"https:\\\/\\\/ameripharmaspecialty.com\\\/es\\\/payers\\\/#breadcrumb\"},\"inLanguage\":\"es\",\"potentialAction\":[{\"@type\":\"ReadAction\",\"target\":[\"https:\\\/\\\/ameripharmaspecialty.com\\\/es\\\/payers\\\/\"]}]},{\"@type\":\"BreadcrumbList\",\"@id\":\"https:\\\/\\\/ameripharmaspecialty.com\\\/es\\\/payers\\\/#breadcrumb\",\"itemListElement\":[{\"@type\":\"ListItem\",\"position\":1,\"name\":\"Home\",\"item\":\"https:\\\/\\\/ameripharmaspecialty.com\\\/vi\\\/\"},{\"@type\":\"ListItem\",\"position\":2,\"name\":\"Payers\"}]},{\"@type\":\"WebSite\",\"@id\":\"https:\\\/\\\/ameripharmaspecialty.com\\\/#website\",\"url\":\"https:\\\/\\\/ameripharmaspecialty.com\\\/\",\"name\":\"AmeriPharma\u00ae Specialty Care\",\"description\":\"Specialty Care by AmeriPharma\",\"publisher\":{\"@id\":\"https:\\\/\\\/ameripharmaspecialty.com\\\/#organization\"},\"potentialAction\":[{\"@type\":\"SearchAction\",\"target\":{\"@type\":\"EntryPoint\",\"urlTemplate\":\"https:\\\/\\\/ameripharmaspecialty.com\\\/?s={search_term_string}\"},\"query-input\":{\"@type\":\"PropertyValueSpecification\",\"valueRequired\":true,\"valueName\":\"search_term_string\"}}],\"inLanguage\":\"es\"},{\"@type\":\"Organization\",\"@id\":\"https:\\\/\\\/ameripharmaspecialty.com\\\/#organization\",\"name\":\"Ameripharma Specialty Care\",\"url\":\"https:\\\/\\\/ameripharmaspecialty.com\\\/\",\"logo\":{\"@type\":\"ImageObject\",\"inLanguage\":\"es\",\"@id\":\"https:\\\/\\\/ameripharmaspecialty.com\\\/#\\\/schema\\\/logo\\\/image\\\/\",\"url\":\"https:\\\/\\\/ameripharmaspecialty.com\\\/wp-content\\\/uploads\\\/2024\\\/07\\\/specialty-care-logo-large-square.png\",\"contentUrl\":\"https:\\\/\\\/ameripharmaspecialty.com\\\/wp-content\\\/uploads\\\/2024\\\/07\\\/specialty-care-logo-large-square.png\",\"width\":400,\"height\":400,\"caption\":\"Ameripharma Specialty Care\"},\"image\":{\"@id\":\"https:\\\/\\\/ameripharmaspecialty.com\\\/#\\\/schema\\\/logo\\\/image\\\/\"},\"sameAs\":[\"https:\\\/\\\/www.facebook.com\\\/ameripharma\\\/\"]}]}<\/script>\n<!-- \/ Yoast SEO plugin. -->","yoast_head_json":{"title":"Pagadores | C\u00f3mo ayudamos | Farmacia especializada AmeriPharma","description":"AmeriPharma ayuda a los planes de salud a mejorar la adherencia a la medicaci\u00f3n y reducir los costos a trav\u00e9s del apoyo cl\u00ednico, la coordinaci\u00f3n de la atenci\u00f3n y mejores resultados para los miembros.","robots":{"index":"index","follow":"follow","max-snippet":"max-snippet:-1","max-image-preview":"max-image-preview:large","max-video-preview":"max-video-preview:-1"},"canonical":"https:\/\/ameripharmaspecialty.com\/es\/payers\/","og_locale":"es_MX","og_type":"article","og_title":"Payers | How We Help | AmeriPharma Specialty Pharmacy","og_description":"AmeriPharma helps health plans improve medication adherence and reduce costs through clinical support, care coordination, and enhanced member outcomes.","og_url":"https:\/\/ameripharmaspecialty.com\/es\/payers\/","og_site_name":"AmeriPharma\u00ae Specialty Care","article_publisher":"https:\/\/www.facebook.com\/ameripharma\/","article_modified_time":"2026-02-12T17:08:58+00:00","og_image":[{"width":400,"height":400,"url":"https:\/\/ameripharmaspecialty.com\/wp-content\/uploads\/2024\/07\/specialty-care-logo-large-square.png","type":"image\/png"}],"twitter_card":"summary_large_image","twitter_misc":{"Est. reading time":"2 minutos"},"schema":{"@context":"https:\/\/schema.org","@graph":[{"@type":"WebPage","@id":"https:\/\/ameripharmaspecialty.com\/es\/payers\/","url":"https:\/\/ameripharmaspecialty.com\/es\/payers\/","name":"Pagadores | C\u00f3mo ayudamos | Farmacia especializada AmeriPharma","isPartOf":{"@id":"https:\/\/ameripharmaspecialty.com\/#website"},"datePublished":"2024-01-09T08:23:11+00:00","dateModified":"2026-02-12T17:08:58+00:00","description":"AmeriPharma ayuda a los planes de salud a mejorar la adherencia a la medicaci\u00f3n y reducir los costos a trav\u00e9s del apoyo cl\u00ednico, la coordinaci\u00f3n de la atenci\u00f3n y mejores resultados para los miembros.","breadcrumb":{"@id":"https:\/\/ameripharmaspecialty.com\/es\/payers\/#breadcrumb"},"inLanguage":"es","potentialAction":[{"@type":"ReadAction","target":["https:\/\/ameripharmaspecialty.com\/es\/payers\/"]}]},{"@type":"BreadcrumbList","@id":"https:\/\/ameripharmaspecialty.com\/es\/payers\/#breadcrumb","itemListElement":[{"@type":"ListItem","position":1,"name":"Home","item":"https:\/\/ameripharmaspecialty.com\/vi\/"},{"@type":"ListItem","position":2,"name":"Payers"}]},{"@type":"WebSite","@id":"https:\/\/ameripharmaspecialty.com\/#website","url":"https:\/\/ameripharmaspecialty.com\/","name":"Cuidado especializado AmeriPharma\u00ae","description":"Atenci\u00f3n especializada por AmeriPharma","publisher":{"@id":"https:\/\/ameripharmaspecialty.com\/#organization"},"potentialAction":[{"@type":"SearchAction","target":{"@type":"EntryPoint","urlTemplate":"https:\/\/ameripharmaspecialty.com\/?s={search_term_string}"},"query-input":{"@type":"PropertyValueSpecification","valueRequired":true,"valueName":"search_term_string"}}],"inLanguage":"es"},{"@type":"Organization","@id":"https:\/\/ameripharmaspecialty.com\/#organization","name":"Atenci\u00f3n especializada de Ameripharma","url":"https:\/\/ameripharmaspecialty.com\/","logo":{"@type":"ImageObject","inLanguage":"es","@id":"https:\/\/ameripharmaspecialty.com\/#\/schema\/logo\/image\/","url":"https:\/\/ameripharmaspecialty.com\/wp-content\/uploads\/2024\/07\/specialty-care-logo-large-square.png","contentUrl":"https:\/\/ameripharmaspecialty.com\/wp-content\/uploads\/2024\/07\/specialty-care-logo-large-square.png","width":400,"height":400,"caption":"Ameripharma Specialty Care"},"image":{"@id":"https:\/\/ameripharmaspecialty.com\/#\/schema\/logo\/image\/"},"sameAs":["https:\/\/www.facebook.com\/ameripharma\/"]}]}},"uagb_featured_image_src":{"full":false,"thumbnail":false,"medium":false,"medium_large":false,"large":false,"1536x1536":false,"2048x2048":false,"trp-custom-language-flag":false,"block-image-html-large":false,"ct-gallery":false,"ct-section-header":false,"ct-thumb":false,"ct-thumb-large":false,"ct-small":false,"ct-medium":false,"ct-xmedium":false,"ct-large":false},"uagb_author_info":{"display_name":"ameripharm3dev","author_link":"https:\/\/ameripharmaspecialty.com\/es\/author\/ameripharm3dev\/"},"uagb_comment_info":0,"uagb_excerpt":"Patient management and care are at the core of everything we do. Your members will always have access to the medications and information they need so that they can successfully follow their treatment plans.","rttpg_featured_image_url":null,"rttpg_author":{"display_name":"ameripharm3dev","author_link":"https:\/\/ameripharmaspecialty.com\/es\/author\/ameripharm3dev\/"},"rttpg_comment":0,"rttpg_category":false,"rttpg_excerpt":"Patient management and care are at the core of everything we do. Your members will always have access to the medications and information they need so that they can successfully follow their treatment plans.","_links":{"self":[{"href":"https:\/\/ameripharmaspecialty.com\/es\/wp-json\/wp\/v2\/pages\/24520","targetHints":{"allow":["GET"]}}],"collection":[{"href":"https:\/\/ameripharmaspecialty.com\/es\/wp-json\/wp\/v2\/pages"}],"about":[{"href":"https:\/\/ameripharmaspecialty.com\/es\/wp-json\/wp\/v2\/types\/page"}],"author":[{"embeddable":true,"href":"https:\/\/ameripharmaspecialty.com\/es\/wp-json\/wp\/v2\/users\/1"}],"replies":[{"embeddable":true,"href":"https:\/\/ameripharmaspecialty.com\/es\/wp-json\/wp\/v2\/comments?post=24520"}],"version-history":[{"count":0,"href":"https:\/\/ameripharmaspecialty.com\/es\/wp-json\/wp\/v2\/pages\/24520\/revisions"}],"wp:attachment":[{"href":"https:\/\/ameripharmaspecialty.com\/es\/wp-json\/wp\/v2\/media?parent=24520"}],"wp:term":[{"taxonomy":"category","embeddable":true,"href":"https:\/\/ameripharmaspecialty.com\/es\/wp-json\/wp\/v2\/categories?post=24520"},{"taxonomy":"post_tag","embeddable":true,"href":"https:\/\/ameripharmaspecialty.com\/es\/wp-json\/wp\/v2\/tags?post=24520"}],"curies":[{"name":"gracias","href":"https:\/\/api.w.org\/{rel}","templated":true}]}}