{"id":23543,"date":"2023-11-10T18:02:48","date_gmt":"2023-11-10T18:02:48","guid":{"rendered":"https:\/\/ameripharmaspecialty.com\/?page_id=23543"},"modified":"2024-10-28T13:04:41","modified_gmt":"2024-10-28T20:04:41","slug":"hipaa","status":"publish","type":"page","link":"https:\/\/ameripharmaspecialty.com\/es\/hipaa\/","title":{"rendered":"Cumplimiento de HIPAA"},"content":{"rendered":"<h3 class=\"wp-block-heading\">Compromiso de AmeriPharma\u00ae Specialty Care con HIPAA<\/h3>\n\n\n\n<ul class=\"wp-block-list\">\n<li>AmeriPharma\u00ae est\u00e1 obligado por ley a proteger y mantener la privacidad y seguridad de cualquier informaci\u00f3n de salud que recibimos.<\/li>\n\n\n\n<li>Si por alguna raz\u00f3n ocurre una violaci\u00f3n y su informaci\u00f3n se ve comprometida de alguna manera, nos comprometemos a alertar a las partes afectadas de inmediato y corregir la violaci\u00f3n lo antes posible.<\/li>\n\n\n\n<li>Nos comprometemos a adherirnos a los deberes y pr\u00e1cticas establecidos por&nbsp;<a href=\"https:\/\/www.hhs.gov\/hipaa\/for-individuals\/notice-privacy-practices\/index.html\" target=\"_blank\" rel=\"noreferrer noopener\">HIPAA<\/a>y le proporcionaremos una copia de su Aviso de pr\u00e1cticas de privacidad.<\/li>\n\n\n\n<li>Nos comprometemos a nunca compartir su informaci\u00f3n sin obtener su consentimiento previo.<\/li>\n<\/ul>\n\n\n\n<p>Si tiene alguna pregunta sobre nuestra pol\u00edtica de cumplimiento de HIPAA, no dude en contactarnos.&nbsp;<a href=\"https:\/\/ameripharmaspecialty.com\/es\/contact-us\/\">Cont\u00e1ctenos en l\u00ednea<\/a>&nbsp;o ll\u00e1manos al <a href=\"tel:8777780318\">(877) 778-0318<\/a>.<\/p>","protected":false},"excerpt":{"rendered":"<p>Compromiso de AmeriPharma\u00ae Specialty Care con HIPAA Si tiene alguna pregunta sobre nuestra pol\u00edtica de cumplimiento de HIPAA, no dude en contactarnos en l\u00ednea o llamarnos al (877) 778-0318.<\/p>","protected":false},"author":1,"featured_media":0,"parent":0,"menu_order":0,"comment_status":"closed","ping_status":"closed","template":"boxed-template.php","meta":{"_acf_changed":false,"om_disable_all_campaigns":false,"_uag_custom_page_level_css":"","footnotes":""},"categories":[],"tags":[],"class_list":["post-23543","page","type-page","status-publish","hentry"],"acf":[],"yoast_head":"<!-- This site is optimized with the Yoast SEO plugin v27.5 - https:\/\/yoast.com\/product\/yoast-seo-wordpress\/ -->\n<title>HIPAA Compliance Policy | AmeriPharma Specialty Pharmacy<\/title>\n<meta name=\"description\" content=\"Learn more about AmeriPharma Specialty Pharmacy\u2019s HIPAA compliance and how we are committed to protecting your information. Contact us for specialty treatments.\" \/>\n<meta name=\"robots\" content=\"index, follow, max-snippet:-1, max-image-preview:large, max-video-preview:-1\" \/>\n<link rel=\"canonical\" href=\"https:\/\/ameripharmaspecialty.com\/es\/hipaa\/\" \/>\n<meta property=\"og:locale\" content=\"es_MX\" \/>\n<meta property=\"og:type\" content=\"article\" \/>\n<meta property=\"og:title\" content=\"HIPAA Compliance Policy | AmeriPharma Specialty Pharmacy\" \/>\n<meta property=\"og:description\" content=\"Learn more about AmeriPharma Specialty Pharmacy\u2019s HIPAA compliance and how we are committed to protecting your information. Contact us for specialty treatments.\" \/>\n<meta property=\"og:url\" content=\"https:\/\/ameripharmaspecialty.com\/es\/hipaa\/\" \/>\n<meta property=\"og:site_name\" content=\"AmeriPharma\u00ae Specialty Care\" \/>\n<meta property=\"article:publisher\" content=\"https:\/\/www.facebook.com\/ameripharma\/\" \/>\n<meta property=\"article:modified_time\" content=\"2024-10-28T20:04:41+00:00\" \/>\n<meta property=\"og:image\" content=\"https:\/\/ameripharmaspecialty.com\/wp-content\/uploads\/2024\/07\/specialty-care-logo-large-square.png\" \/>\n\t<meta property=\"og:image:width\" content=\"400\" \/>\n\t<meta property=\"og:image:height\" content=\"400\" \/>\n\t<meta property=\"og:image:type\" content=\"image\/png\" \/>\n<meta name=\"twitter:card\" content=\"summary_large_image\" \/>\n<meta name=\"twitter:label1\" content=\"Est. reading time\" \/>\n\t<meta name=\"twitter:data1\" content=\"1 minuto\" \/>\n<script type=\"application\/ld+json\" class=\"yoast-schema-graph\">{\"@context\":\"https:\\\/\\\/schema.org\",\"@graph\":[{\"@type\":\"WebPage\",\"@id\":\"https:\\\/\\\/ameripharmaspecialty.com\\\/hipaa\\\/\",\"url\":\"https:\\\/\\\/ameripharmaspecialty.com\\\/hipaa\\\/\",\"name\":\"HIPAA Compliance Policy | AmeriPharma Specialty Pharmacy\",\"isPartOf\":{\"@id\":\"https:\\\/\\\/ameripharmaspecialty.com\\\/vi\\\/#website\"},\"datePublished\":\"2023-11-10T18:02:48+00:00\",\"dateModified\":\"2024-10-28T20:04:41+00:00\",\"description\":\"Learn more about AmeriPharma Specialty Pharmacy\u2019s HIPAA compliance and how we are committed to protecting your information. Contact us for specialty treatments.\",\"breadcrumb\":{\"@id\":\"https:\\\/\\\/ameripharmaspecialty.com\\\/hipaa\\\/#breadcrumb\"},\"inLanguage\":\"es\",\"potentialAction\":[{\"@type\":\"ReadAction\",\"target\":[\"https:\\\/\\\/ameripharmaspecialty.com\\\/hipaa\\\/\"]}]},{\"@type\":\"BreadcrumbList\",\"@id\":\"https:\\\/\\\/ameripharmaspecialty.com\\\/hipaa\\\/#breadcrumb\",\"itemListElement\":[{\"@type\":\"ListItem\",\"position\":1,\"name\":\"Home\",\"item\":\"https:\\\/\\\/ameripharmaspe.wpenginepowered.com\\\/es\\\/\"},{\"@type\":\"ListItem\",\"position\":2,\"name\":\"HIPAA Compliance\"}]},{\"@type\":\"WebSite\",\"@id\":\"https:\\\/\\\/ameripharmaspecialty.com\\\/vi\\\/#website\",\"url\":\"https:\\\/\\\/ameripharmaspecialty.com\\\/vi\\\/\",\"name\":\"AmeriPharma\u00ae Specialty Care\",\"description\":\"Specialty Care by AmeriPharma\",\"publisher\":{\"@id\":\"https:\\\/\\\/ameripharmaspecialty.com\\\/vi\\\/#organization\"},\"potentialAction\":[{\"@type\":\"SearchAction\",\"target\":{\"@type\":\"EntryPoint\",\"urlTemplate\":\"https:\\\/\\\/ameripharmaspecialty.com\\\/vi\\\/?s={search_term_string}\"},\"query-input\":{\"@type\":\"PropertyValueSpecification\",\"valueRequired\":true,\"valueName\":\"search_term_string\"}}],\"inLanguage\":\"es\"},{\"@type\":\"Organization\",\"@id\":\"https:\\\/\\\/ameripharmaspecialty.com\\\/vi\\\/#organization\",\"name\":\"Ameripharma Specialty Care\",\"url\":\"https:\\\/\\\/ameripharmaspecialty.com\\\/vi\\\/\",\"logo\":{\"@type\":\"ImageObject\",\"inLanguage\":\"es\",\"@id\":\"https:\\\/\\\/ameripharmaspecialty.com\\\/vi\\\/#\\\/schema\\\/logo\\\/image\\\/\",\"url\":\"https:\\\/\\\/ameripharmaspecialty.com\\\/wp-content\\\/uploads\\\/2024\\\/07\\\/specialty-care-logo-large-square.png\",\"contentUrl\":\"https:\\\/\\\/ameripharmaspecialty.com\\\/wp-content\\\/uploads\\\/2024\\\/07\\\/specialty-care-logo-large-square.png\",\"width\":400,\"height\":400,\"caption\":\"Ameripharma Specialty Care\"},\"image\":{\"@id\":\"https:\\\/\\\/ameripharmaspecialty.com\\\/vi\\\/#\\\/schema\\\/logo\\\/image\\\/\"},\"sameAs\":[\"https:\\\/\\\/www.facebook.com\\\/ameripharma\\\/\"]}]}<\/script>\n<!-- \/ Yoast SEO plugin. -->","yoast_head_json":{"title":"Pol\u00edtica de Cumplimiento HIPAA | Farmacia Especializada AmeriPharma","description":"Obtenga m\u00e1s informaci\u00f3n sobre el cumplimiento de la norma AmeriPharma de la Farmacia Especializada con la norma HIPAA y nuestro compromiso con la protecci\u00f3n de su informaci\u00f3n. Cont\u00e1ctenos para tratamientos especializados.","robots":{"index":"index","follow":"follow","max-snippet":"max-snippet:-1","max-image-preview":"max-image-preview:large","max-video-preview":"max-video-preview:-1"},"canonical":"https:\/\/ameripharmaspecialty.com\/es\/hipaa\/","og_locale":"es_MX","og_type":"article","og_title":"HIPAA Compliance Policy | AmeriPharma Specialty Pharmacy","og_description":"Learn more about AmeriPharma Specialty Pharmacy\u2019s HIPAA compliance and how we are committed to protecting your information. Contact us for specialty treatments.","og_url":"https:\/\/ameripharmaspecialty.com\/es\/hipaa\/","og_site_name":"AmeriPharma\u00ae Specialty Care","article_publisher":"https:\/\/www.facebook.com\/ameripharma\/","article_modified_time":"2024-10-28T20:04:41+00:00","og_image":[{"width":400,"height":400,"url":"https:\/\/ameripharmaspecialty.com\/wp-content\/uploads\/2024\/07\/specialty-care-logo-large-square.png","type":"image\/png"}],"twitter_card":"summary_large_image","twitter_misc":{"Est. reading time":"1 minuto"},"schema":{"@context":"https:\/\/schema.org","@graph":[{"@type":"WebPage","@id":"https:\/\/ameripharmaspecialty.com\/hipaa\/","url":"https:\/\/ameripharmaspecialty.com\/hipaa\/","name":"Pol\u00edtica de Cumplimiento HIPAA | Farmacia Especializada AmeriPharma","isPartOf":{"@id":"https:\/\/ameripharmaspecialty.com\/vi\/#website"},"datePublished":"2023-11-10T18:02:48+00:00","dateModified":"2024-10-28T20:04:41+00:00","description":"Obtenga m\u00e1s informaci\u00f3n sobre el cumplimiento de la norma AmeriPharma de la Farmacia Especializada con la norma HIPAA y nuestro compromiso con la protecci\u00f3n de su informaci\u00f3n. Cont\u00e1ctenos para tratamientos especializados.","breadcrumb":{"@id":"https:\/\/ameripharmaspecialty.com\/hipaa\/#breadcrumb"},"inLanguage":"es","potentialAction":[{"@type":"ReadAction","target":["https:\/\/ameripharmaspecialty.com\/hipaa\/"]}]},{"@type":"BreadcrumbList","@id":"https:\/\/ameripharmaspecialty.com\/hipaa\/#breadcrumb","itemListElement":[{"@type":"ListItem","position":1,"name":"Home","item":"https:\/\/ameripharmaspe.wpenginepowered.com\/es\/"},{"@type":"ListItem","position":2,"name":"HIPAA Compliance"}]},{"@type":"WebSite","@id":"https:\/\/ameripharmaspecialty.com\/vi\/#website","url":"https:\/\/ameripharmaspecialty.com\/vi\/","name":"Cuidado especializado AmeriPharma\u00ae","description":"Atenci\u00f3n especializada por AmeriPharma","publisher":{"@id":"https:\/\/ameripharmaspecialty.com\/vi\/#organization"},"potentialAction":[{"@type":"SearchAction","target":{"@type":"EntryPoint","urlTemplate":"https:\/\/ameripharmaspecialty.com\/vi\/?s={search_term_string}"},"query-input":{"@type":"PropertyValueSpecification","valueRequired":true,"valueName":"search_term_string"}}],"inLanguage":"es"},{"@type":"Organization","@id":"https:\/\/ameripharmaspecialty.com\/vi\/#organization","name":"Atenci\u00f3n especializada de Ameripharma","url":"https:\/\/ameripharmaspecialty.com\/vi\/","logo":{"@type":"ImageObject","inLanguage":"es","@id":"https:\/\/ameripharmaspecialty.com\/vi\/#\/schema\/logo\/image\/","url":"https:\/\/ameripharmaspecialty.com\/wp-content\/uploads\/2024\/07\/specialty-care-logo-large-square.png","contentUrl":"https:\/\/ameripharmaspecialty.com\/wp-content\/uploads\/2024\/07\/specialty-care-logo-large-square.png","width":400,"height":400,"caption":"Ameripharma Specialty Care"},"image":{"@id":"https:\/\/ameripharmaspecialty.com\/vi\/#\/schema\/logo\/image\/"},"sameAs":["https:\/\/www.facebook.com\/ameripharma\/"]}]}},"uagb_featured_image_src":{"full":false,"thumbnail":false,"medium":false,"medium_large":false,"large":false,"1536x1536":false,"2048x2048":false,"trp-custom-language-flag":false,"block-image-html-large":false,"ct-gallery":false,"ct-section-header":false,"ct-thumb":false,"ct-thumb-large":false,"ct-small":false,"ct-medium":false,"ct-xmedium":false,"ct-large":false},"uagb_author_info":{"display_name":"ameripharm3dev","author_link":"https:\/\/ameripharmaspecialty.com\/es\/author\/ameripharm3dev\/"},"uagb_comment_info":0,"uagb_excerpt":"AmeriPharma\u00ae Specialty Care&#8217;s Commitment to HIPAA If you have any questions about our HIPAA compliance policy, please feel free to&nbsp;contact us online&nbsp;or call us at (877) 778-0318.","rttpg_featured_image_url":null,"rttpg_author":{"display_name":"ameripharm3dev","author_link":"https:\/\/ameripharmaspecialty.com\/es\/author\/ameripharm3dev\/"},"rttpg_comment":0,"rttpg_category":false,"rttpg_excerpt":"AmeriPharma\u00ae Specialty Care&#8217;s Commitment to HIPAA If you have any questions about our HIPAA compliance policy, please feel free to&nbsp;contact us online&nbsp;or call us at (877) 778-0318.","_links":{"self":[{"href":"https:\/\/ameripharmaspecialty.com\/es\/wp-json\/wp\/v2\/pages\/23543","targetHints":{"allow":["GET"]}}],"collection":[{"href":"https:\/\/ameripharmaspecialty.com\/es\/wp-json\/wp\/v2\/pages"}],"about":[{"href":"https:\/\/ameripharmaspecialty.com\/es\/wp-json\/wp\/v2\/types\/page"}],"author":[{"embeddable":true,"href":"https:\/\/ameripharmaspecialty.com\/es\/wp-json\/wp\/v2\/users\/1"}],"replies":[{"embeddable":true,"href":"https:\/\/ameripharmaspecialty.com\/es\/wp-json\/wp\/v2\/comments?post=23543"}],"version-history":[{"count":0,"href":"https:\/\/ameripharmaspecialty.com\/es\/wp-json\/wp\/v2\/pages\/23543\/revisions"}],"wp:attachment":[{"href":"https:\/\/ameripharmaspecialty.com\/es\/wp-json\/wp\/v2\/media?parent=23543"}],"wp:term":[{"taxonomy":"category","embeddable":true,"href":"https:\/\/ameripharmaspecialty.com\/es\/wp-json\/wp\/v2\/categories?post=23543"},{"taxonomy":"post_tag","embeddable":true,"href":"https:\/\/ameripharmaspecialty.com\/es\/wp-json\/wp\/v2\/tags?post=23543"}],"curies":[{"name":"gracias","href":"https:\/\/api.w.org\/{rel}","templated":true}]}}