{"id":23539,"date":"2023-11-10T17:55:14","date_gmt":"2023-11-10T17:55:14","guid":{"rendered":"https:\/\/ameripharmaspecialty.com\/?page_id=23539"},"modified":"2025-02-21T15:05:20","modified_gmt":"2025-02-21T22:05:20","slug":"terms-of-use","status":"publish","type":"page","link":"https:\/\/ameripharmaspecialty.com\/es\/terms-of-use\/","title":{"rendered":"Condiciones de uso"},"content":{"rendered":"<p><strong>Fecha de entrada en vigor: 08\/03\/2015<\/strong><\/p>\n\n\n\n<p><strong>EFECTO VINCULANTE.<\/strong>&nbsp;Este es un acuerdo vinculante. Al utilizar el sitio de Internet ubicado en&nbsp;<a href=\"https:\/\/ameripharmaspecialty.com\/es\/\">www.ameripharmaspecialty.com<\/a>&nbsp;(el \u201cSitio\u201d) o cualquier servicio proporcionado en relaci\u00f3n con el Sitio (el \u201cServicio\u201d), usted acepta cumplir con estos T\u00e9rminos de uso, seg\u00fan puedan ser modificados por&nbsp;<strong>Cuidado especializado AmeriPharma\u00ae<\/strong>&nbsp;(\u201cEmpresa\u201d), a su entera discreci\u00f3n, y peri\u00f3dicamente. La Empresa publicar\u00e1 un aviso en el Sitio cada vez que se modifiquen o actualicen estas Condiciones de Uso. Es su responsabilidad revisar estas Condiciones de Uso peri\u00f3dicamente y, si en alg\u00fan momento las considera inaceptables, deber\u00e1 abandonar el Sitio inmediatamente y dejar de usar el Servicio y el Sitio. USTED ACEPTA QUE, AL UTILIZAR EL SERVICIO, DECLARA QUE TIENE AL MENOS 18 A\u00d1OS DE EDAD Y QUE TIENE LA CAPACIDAD LEGALMENTE PARA CELEBRAR ESTE ACUERDO.<\/p>\n\n\n\n<p><strong>POL\u00cdTICA DE PRIVACIDAD.<\/strong>\u00a0La empresa respeta su privacidad y le permite controlar el tratamiento de su informaci\u00f3n personal. Puede consultar la pol\u00edtica de privacidad completa de la empresa haciendo clic en <a href=\"https:\/\/ameripharmaspecialty.com\/es\/privacy-policy\/\">aqu\u00ed<\/a>La pol\u00edtica de privacidad de la empresa se incorpora expresamente a este Acuerdo mediante esta referencia.<\/p>\n\n\n\n<p><strong>SIN GARANT\u00cdAS.<\/strong>&nbsp;POR LA PRESENTE, LA COMPA\u00d1\u00cdA RENUNCIA A TODAS LAS GARANT\u00cdAS. LA COMPA\u00d1\u00cdA PONE EL SITIO A DISPOSICI\u00d3N &quot;TAL CUAL&quot; SIN GARANT\u00cdA DE NING\u00daN TIPO. USTED ASUME EL RIESGO DE CUALQUIER DA\u00d1O O P\u00c9RDIDA QUE PUEDA RESULTAR DEL USO O LA INCAPACIDAD DE USAR EL SITIO O EL SERVICIO. HASTA EL GRADO M\u00c1XIMO PERMITIDO POR LA LEY, LA COMPA\u00d1\u00cdA RENUNCIA EXPRESAMENTE A TODAS Y CADA UNA DE LAS GARANT\u00cdAS, EXPRESAS O IMPL\u00cdCITAS, CON RESPECTO AL SITIO, INCLUYENDO, ENTRE OTRAS, CUALQUIER GARANT\u00cdA IMPL\u00cdCITA DE COMERCIABILIDAD, IDONEIDAD PARA UN PROP\u00d3SITO PARTICULAR O NO INFRACCI\u00d3N. LA COMPA\u00d1\u00cdA NO GARANTIZA QUE EL SITIO O EL SERVICIO CUMPLIR\u00c1N CON SUS REQUISITOS NI QUE EL FUNCIONAMIENTO DEL SITIO O DEL SERVICIO SER\u00c1 ININTERRUMPIDO O LIBRE DE ERRORES.<\/p>\n\n\n\n<p><strong>RESPONSABILIDAD LIMITADA.<\/strong>&nbsp;LA RESPONSABILIDAD DE LA COMPA\u00d1\u00cdA HACIA USTED ES LIMITADA. HASTA DONDE LA LEY LO PERMITA, LA COMPA\u00d1\u00cdA NO SER\u00c1 RESPONSABLE EN NING\u00daN CASO DE DA\u00d1OS DE NING\u00daN TIPO (INCLUYENDO, ENTRE OTROS, DA\u00d1OS ESPECIALES, INCIDENTALES O CONSECUENTES, P\u00c9RDIDAS DE GANANCIAS O P\u00c9RDIDA DE DATOS, SIN IMPORTAR LA PREVISIBILIDAD DE ESOS DA\u00d1OS) QUE SURJAN DE O EN RELACI\u00d3N CON SU USO DEL SITIO O DE CUALQUIER OTRO MATERIAL O SERVICIO QUE LA COMPA\u00d1\u00cdA LE PROPORCIONE. Esta limitaci\u00f3n se aplicar\u00e1 independientemente de si los da\u00f1os surgen de incumplimiento de contrato, agravio o cualquier otra teor\u00eda o forma de acci\u00f3n legal.<\/p>\n\n\n\n<p><strong>SITIOS AFILIADOS.<\/strong>&nbsp;La Compa\u00f1\u00eda no tiene control ni responsabilidad por los sitios web o materiales de terceros. La Compa\u00f1\u00eda trabaja con diversos socios y afiliados cuyos sitios de Internet pueden estar vinculados con el Sitio. Dado que ni la Compa\u00f1\u00eda ni el Sitio controlan el contenido ni el rendimiento de estos sitios, la Compa\u00f1\u00eda no garantiza la exactitud, vigencia, contenido ni calidad de la informaci\u00f3n proporcionada por dichos sitios, y no asume ninguna responsabilidad por el contenido no intencionado, objetable, inexacto, enga\u00f1oso o ilegal que pueda encontrarse en dichos sitios. De igual manera, ocasionalmente, en relaci\u00f3n con su uso del Sitio, usted podr\u00eda tener acceso a contenido (incluidos, entre otros, sitios web) propiedad de terceros. Usted reconoce y acepta que la Compa\u00f1\u00eda no garantiza ni asume ninguna responsabilidad por la exactitud, vigencia, contenido ni calidad de este contenido de terceros, y que, a menos que se indique expresamente lo contrario, estas Condiciones de Uso regir\u00e1n su uso de todo el contenido de terceros.<\/p>\n\n\n\n<p><strong>USOS PROHIBIDOS.<\/strong>&nbsp;La Compa\u00f1\u00eda impone ciertas restricciones al uso permitido del Sitio y del Servicio. Se le proh\u00edbe violar o intentar violar cualquier caracter\u00edstica de seguridad del Sitio o del Servicio, incluyendo, sin limitaci\u00f3n, (a) acceder a contenido o datos no destinados a usted, o iniciar sesi\u00f3n en un servidor o cuenta a los que no est\u00e1 autorizado a acceder; (b) intentar sondear, escanear o probar la vulnerabilidad del Servicio, el Sitio o cualquier sistema o red asociada, o vulnerar las medidas de seguridad o autenticaci\u00f3n sin la debida autorizaci\u00f3n; (c) interferir o intentar interferir con el servicio a cualquier usuario, host o red, incluyendo, sin limitaci\u00f3n, mediante el env\u00edo de un virus al Sitio o al Servicio, sobrecarga, &quot;inundaci\u00f3n&quot;, &quot;spam&quot;, &quot;bombardeo de correo electr\u00f3nico&quot; o &quot;bloqueo&quot;; (d) usar el Sitio o el Servicio para enviar correo electr\u00f3nico no solicitado, incluyendo, sin limitaci\u00f3n, promociones o anuncios de productos o servicios; (e) falsificar cualquier encabezado de paquete TCP\/IP o cualquier parte de la informaci\u00f3n del encabezado en cualquier correo electr\u00f3nico o en cualquier publicaci\u00f3n que use el Servicio; o (f) intentar modificar, aplicar ingenier\u00eda inversa, descompilar, desensamblar o reducir, o intentar reducir a una forma perceptible para el ser humano, el c\u00f3digo fuente utilizado por la Compa\u00f1\u00eda para la prestaci\u00f3n del Sitio o el Servicio. Cualquier violaci\u00f3n de la seguridad del sistema o la red podr\u00e1 exponerlo a responsabilidad civil y\/o penal.<\/p>\n\n\n\n<p><strong>INDEMNIDAD.<\/strong>&nbsp;Usted acepta indemnizar a la Compa\u00f1\u00eda por ciertos actos y omisiones. Usted acepta indemnizar, defender y eximir de responsabilidad a la Compa\u00f1\u00eda, sus afiliados, funcionarios, directores, empleados, consultores, agentes y representantes ante cualquier reclamaci\u00f3n, p\u00e9rdida, responsabilidad, da\u00f1o o costo de terceros (incluidos los honorarios y costos razonables de abogados) que surjan de su acceso o uso del Sitio, su incumplimiento de estos T\u00e9rminos de Uso o su infracci\u00f3n, o la infracci\u00f3n por parte de cualquier otro usuario de su cuenta, de cualquier derecho de propiedad intelectual u otro derecho de cualquier persona o entidad. La Compa\u00f1\u00eda le notificar\u00e1 con prontitud sobre cualquier reclamaci\u00f3n, p\u00e9rdida, responsabilidad o demanda, y le brindar\u00e1 asistencia razonable, a su cargo, para defenderse de dicha reclamaci\u00f3n, p\u00e9rdida, responsabilidad, da\u00f1o o costo.<\/p>\n\n\n\n<p><strong>DERECHOS DE AUTOR.<\/strong>&nbsp;Todo el contenido del Sitio o Servicio es: Copyright \u00a92026 AmeriPharma\u00ae. Todos los derechos reservados.<\/p>\n\n\n\n<p><strong>DIVISIBILIDAD; RENUNCIA.<\/strong>&nbsp;Si, por cualquier motivo, un tribunal competente determina que alg\u00fan t\u00e9rmino o condici\u00f3n de estas Condiciones de Uso es inaplicable, el resto de las condiciones permanecer\u00e1n intactas y en pleno vigor. Ninguna renuncia al incumplimiento de alguna disposici\u00f3n de estas Condiciones de Uso constituir\u00e1 una renuncia al incumplimiento previo, concurrente o posterior de la misma o de cualquier otra disposici\u00f3n del presente documento, y ninguna renuncia ser\u00e1 efectiva a menos que se formule por escrito y est\u00e9 firmada por un representante autorizado de la parte que renuncia.<\/p>\n\n\n\n<p><strong>SIN LICENCIA.<\/strong>&nbsp;Nada de lo contenido en el Sitio debe entenderse como una concesi\u00f3n de licencia para utilizar ninguna de las marcas comerciales, marcas de servicio o logotipos propiedad de la Compa\u00f1\u00eda o de terceros.<\/p>\n\n\n\n<p><strong>MODIFICACIONES.<\/strong>&nbsp;La Compa\u00f1\u00eda podr\u00e1, a su entera discreci\u00f3n y sin previo aviso, (a) revisar estas Condiciones de Uso; (b) modificar el Sitio y\/o el Servicio; y (c) suspender el Sitio y\/o el Servicio en cualquier momento. La Compa\u00f1\u00eda publicar\u00e1 cualquier revisi\u00f3n de estas Condiciones de Uso en el Sitio, la cual entrar\u00e1 en vigor inmediatamente despu\u00e9s de su publicaci\u00f3n. Usted se compromete a revisar peri\u00f3dicamente estas Condiciones de Uso y otras pol\u00edticas en l\u00ednea publicadas en el Sitio para estar al tanto de cualquier revisi\u00f3n. Usted acepta que, al continuar usando o accediendo al Sitio despu\u00e9s de recibir la notificaci\u00f3n de cualquier revisi\u00f3n, se regir\u00e1 por dicha revisi\u00f3n.<\/p>\n\n\n\n<p><strong>RECONOCIMIENTO.<\/strong>&nbsp;AL UTILIZAR EL SERVICIO O ACCEDER AL SITIO, USTED RECONOCE QUE HA LE\u00cdDO ESTOS T\u00c9RMINOS DE USO Y ACEPTA ESTAR OBLIGADO POR ELLOS.<\/p>","protected":false},"excerpt":{"rendered":"<p>Fecha de entrada en vigor: 08\/03\/2015. VIGENCIA. Este acuerdo es vinculante. Al utilizar el sitio web www.ameripharmaspecialty.com (el \u00abSitio\u00bb) o cualquier servicio proporcionado en relaci\u00f3n con el Sitio (el \u00abServicio\u00bb), usted acepta cumplir con estos T\u00e9rminos de Uso, seg\u00fan las modificaciones que AmeriPharma\u00ae Specialty Care (la \u00abEmpresa\u00bb) pueda realizar ocasionalmente a su entera discreci\u00f3n.<\/p>","protected":false},"author":1,"featured_media":0,"parent":0,"menu_order":0,"comment_status":"closed","ping_status":"closed","template":"boxed-template.php","meta":{"_acf_changed":false,"om_disable_all_campaigns":false,"_uag_custom_page_level_css":"","footnotes":""},"categories":[],"tags":[],"class_list":["post-23539","page","type-page","status-publish","hentry"],"acf":[],"yoast_head":"<!-- This site is optimized with the Yoast SEO plugin v27.4 - https:\/\/yoast.com\/product\/yoast-seo-wordpress\/ -->\n<title>Terms of Use | Specialty Care | AmeriPharma Specialty<\/title>\n<meta name=\"description\" content=\"Learn about our website\u2019s terms of use to have the best experience. Contact AmeriPharma Specialty to receive full care coordination and copay assistance.\" \/>\n<meta name=\"robots\" content=\"index, follow, max-snippet:-1, max-image-preview:large, max-video-preview:-1\" \/>\n<link rel=\"canonical\" href=\"https:\/\/ameripharmaspecialty.com\/es\/terms-of-use\/\" \/>\n<meta property=\"og:locale\" content=\"es_MX\" \/>\n<meta property=\"og:type\" content=\"article\" \/>\n<meta property=\"og:title\" content=\"Terms of Use | Specialty Care | AmeriPharma Specialty\" \/>\n<meta property=\"og:description\" content=\"Learn about our website\u2019s terms of use to have the best experience. Contact AmeriPharma Specialty to receive full care coordination and copay assistance.\" \/>\n<meta property=\"og:url\" content=\"https:\/\/ameripharmaspecialty.com\/es\/terms-of-use\/\" \/>\n<meta property=\"og:site_name\" content=\"AmeriPharma\u00ae Specialty Care\" \/>\n<meta property=\"article:publisher\" content=\"https:\/\/www.facebook.com\/ameripharma\/\" \/>\n<meta property=\"article:modified_time\" content=\"2025-02-21T22:05:20+00:00\" \/>\n<meta property=\"og:image\" content=\"https:\/\/ameripharmaspecialty.com\/wp-content\/uploads\/2024\/07\/specialty-care-logo-large-square.png\" \/>\n\t<meta property=\"og:image:width\" content=\"400\" \/>\n\t<meta property=\"og:image:height\" content=\"400\" \/>\n\t<meta property=\"og:image:type\" content=\"image\/png\" \/>\n<meta name=\"twitter:card\" content=\"summary_large_image\" \/>\n<meta name=\"twitter:label1\" content=\"Est. reading time\" \/>\n\t<meta name=\"twitter:data1\" content=\"6 minutos\" \/>\n<script type=\"application\/ld+json\" class=\"yoast-schema-graph\">{\"@context\":\"https:\\\/\\\/schema.org\",\"@graph\":[{\"@type\":\"WebPage\",\"@id\":\"https:\\\/\\\/ameripharmaspecialty.com\\\/es\\\/terms-of-use\\\/\",\"url\":\"https:\\\/\\\/ameripharmaspecialty.com\\\/es\\\/terms-of-use\\\/\",\"name\":\"Terms of Use | Specialty Care | AmeriPharma Specialty\",\"isPartOf\":{\"@id\":\"https:\\\/\\\/ameripharmaspecialty.com\\\/vi\\\/#website\"},\"datePublished\":\"2023-11-10T17:55:14+00:00\",\"dateModified\":\"2025-02-21T22:05:20+00:00\",\"description\":\"Learn about our website\u2019s terms of use to have the best experience. Contact AmeriPharma Specialty to receive full care coordination and copay assistance.\",\"breadcrumb\":{\"@id\":\"https:\\\/\\\/ameripharmaspecialty.com\\\/es\\\/terms-of-use\\\/#breadcrumb\"},\"inLanguage\":\"es\",\"potentialAction\":[{\"@type\":\"ReadAction\",\"target\":[\"https:\\\/\\\/ameripharmaspecialty.com\\\/es\\\/terms-of-use\\\/\"]}]},{\"@type\":\"BreadcrumbList\",\"@id\":\"https:\\\/\\\/ameripharmaspecialty.com\\\/es\\\/terms-of-use\\\/#breadcrumb\",\"itemListElement\":[{\"@type\":\"ListItem\",\"position\":1,\"name\":\"Home\",\"item\":\"https:\\\/\\\/ameripharmaspecialty.com\\\/vi\\\/\"},{\"@type\":\"ListItem\",\"position\":2,\"name\":\"Terms of Use\"}]},{\"@type\":\"WebSite\",\"@id\":\"https:\\\/\\\/ameripharmaspecialty.com\\\/vi\\\/#website\",\"url\":\"https:\\\/\\\/ameripharmaspecialty.com\\\/vi\\\/\",\"name\":\"AmeriPharma\u00ae Specialty Care\",\"description\":\"Specialty Care by AmeriPharma\",\"publisher\":{\"@id\":\"https:\\\/\\\/ameripharmaspecialty.com\\\/vi\\\/#organization\"},\"potentialAction\":[{\"@type\":\"SearchAction\",\"target\":{\"@type\":\"EntryPoint\",\"urlTemplate\":\"https:\\\/\\\/ameripharmaspecialty.com\\\/vi\\\/?s={search_term_string}\"},\"query-input\":{\"@type\":\"PropertyValueSpecification\",\"valueRequired\":true,\"valueName\":\"search_term_string\"}}],\"inLanguage\":\"es\"},{\"@type\":\"Organization\",\"@id\":\"https:\\\/\\\/ameripharmaspecialty.com\\\/vi\\\/#organization\",\"name\":\"Ameripharma Specialty Care\",\"url\":\"https:\\\/\\\/ameripharmaspecialty.com\\\/vi\\\/\",\"logo\":{\"@type\":\"ImageObject\",\"inLanguage\":\"es\",\"@id\":\"https:\\\/\\\/ameripharmaspecialty.com\\\/vi\\\/#\\\/schema\\\/logo\\\/image\\\/\",\"url\":\"https:\\\/\\\/ameripharmaspecialty.com\\\/wp-content\\\/uploads\\\/2024\\\/07\\\/specialty-care-logo-large-square.png\",\"contentUrl\":\"https:\\\/\\\/ameripharmaspecialty.com\\\/wp-content\\\/uploads\\\/2024\\\/07\\\/specialty-care-logo-large-square.png\",\"width\":400,\"height\":400,\"caption\":\"Ameripharma Specialty Care\"},\"image\":{\"@id\":\"https:\\\/\\\/ameripharmaspecialty.com\\\/vi\\\/#\\\/schema\\\/logo\\\/image\\\/\"},\"sameAs\":[\"https:\\\/\\\/www.facebook.com\\\/ameripharma\\\/\"]}]}<\/script>\n<!-- \/ Yoast SEO plugin. -->","yoast_head_json":{"title":"Condiciones de uso | Cuidado especializado | AmeriPharma Especialidad","description":"Conozca los t\u00e9rminos de uso de nuestro sitio web para disfrutar de la mejor experiencia. Comun\u00edquese con AmeriPharma Specialty para recibir coordinaci\u00f3n completa de atenci\u00f3n y asistencia con los copagos.","robots":{"index":"index","follow":"follow","max-snippet":"max-snippet:-1","max-image-preview":"max-image-preview:large","max-video-preview":"max-video-preview:-1"},"canonical":"https:\/\/ameripharmaspecialty.com\/es\/terms-of-use\/","og_locale":"es_MX","og_type":"article","og_title":"Terms of Use | Specialty Care | AmeriPharma Specialty","og_description":"Learn about our website\u2019s terms of use to have the best experience. Contact AmeriPharma Specialty to receive full care coordination and copay assistance.","og_url":"https:\/\/ameripharmaspecialty.com\/es\/terms-of-use\/","og_site_name":"AmeriPharma\u00ae Specialty Care","article_publisher":"https:\/\/www.facebook.com\/ameripharma\/","article_modified_time":"2025-02-21T22:05:20+00:00","og_image":[{"width":400,"height":400,"url":"https:\/\/ameripharmaspecialty.com\/wp-content\/uploads\/2024\/07\/specialty-care-logo-large-square.png","type":"image\/png"}],"twitter_card":"summary_large_image","twitter_misc":{"Est. reading time":"6 minutos"},"schema":{"@context":"https:\/\/schema.org","@graph":[{"@type":"WebPage","@id":"https:\/\/ameripharmaspecialty.com\/es\/terms-of-use\/","url":"https:\/\/ameripharmaspecialty.com\/es\/terms-of-use\/","name":"Condiciones de uso | Cuidado especializado | AmeriPharma Especialidad","isPartOf":{"@id":"https:\/\/ameripharmaspecialty.com\/vi\/#website"},"datePublished":"2023-11-10T17:55:14+00:00","dateModified":"2025-02-21T22:05:20+00:00","description":"Conozca los t\u00e9rminos de uso de nuestro sitio web para disfrutar de la mejor experiencia. Comun\u00edquese con AmeriPharma Specialty para recibir coordinaci\u00f3n completa de atenci\u00f3n y asistencia con los copagos.","breadcrumb":{"@id":"https:\/\/ameripharmaspecialty.com\/es\/terms-of-use\/#breadcrumb"},"inLanguage":"es","potentialAction":[{"@type":"ReadAction","target":["https:\/\/ameripharmaspecialty.com\/es\/terms-of-use\/"]}]},{"@type":"BreadcrumbList","@id":"https:\/\/ameripharmaspecialty.com\/es\/terms-of-use\/#breadcrumb","itemListElement":[{"@type":"ListItem","position":1,"name":"Home","item":"https:\/\/ameripharmaspecialty.com\/vi\/"},{"@type":"ListItem","position":2,"name":"Terms of Use"}]},{"@type":"WebSite","@id":"https:\/\/ameripharmaspecialty.com\/vi\/#website","url":"https:\/\/ameripharmaspecialty.com\/vi\/","name":"Cuidado especializado AmeriPharma\u00ae","description":"Atenci\u00f3n especializada por AmeriPharma","publisher":{"@id":"https:\/\/ameripharmaspecialty.com\/vi\/#organization"},"potentialAction":[{"@type":"SearchAction","target":{"@type":"EntryPoint","urlTemplate":"https:\/\/ameripharmaspecialty.com\/vi\/?s={search_term_string}"},"query-input":{"@type":"PropertyValueSpecification","valueRequired":true,"valueName":"search_term_string"}}],"inLanguage":"es"},{"@type":"Organization","@id":"https:\/\/ameripharmaspecialty.com\/vi\/#organization","name":"Atenci\u00f3n especializada de Ameripharma","url":"https:\/\/ameripharmaspecialty.com\/vi\/","logo":{"@type":"ImageObject","inLanguage":"es","@id":"https:\/\/ameripharmaspecialty.com\/vi\/#\/schema\/logo\/image\/","url":"https:\/\/ameripharmaspecialty.com\/wp-content\/uploads\/2024\/07\/specialty-care-logo-large-square.png","contentUrl":"https:\/\/ameripharmaspecialty.com\/wp-content\/uploads\/2024\/07\/specialty-care-logo-large-square.png","width":400,"height":400,"caption":"Ameripharma Specialty Care"},"image":{"@id":"https:\/\/ameripharmaspecialty.com\/vi\/#\/schema\/logo\/image\/"},"sameAs":["https:\/\/www.facebook.com\/ameripharma\/"]}]}},"uagb_featured_image_src":{"full":false,"thumbnail":false,"medium":false,"medium_large":false,"large":false,"1536x1536":false,"2048x2048":false,"trp-custom-language-flag":false,"block-image-html-large":false,"ct-gallery":false,"ct-section-header":false,"ct-thumb":false,"ct-thumb-large":false,"ct-small":false,"ct-medium":false,"ct-xmedium":false,"ct-large":false},"uagb_author_info":{"display_name":"ameripharm3dev","author_link":"https:\/\/ameripharmaspecialty.com\/es\/author\/ameripharm3dev\/"},"uagb_comment_info":0,"uagb_excerpt":"Effective Date: 08\/03\/2015 BINDING EFFECT.&nbsp;This is a binding agreement. By using the Internet site located at&nbsp;www.ameripharmaspecialty.com&nbsp;(the \u201cSite\u201d) or any services provided in connection with the Site (the \u201cService\u201d), you agree to abide by these Terms of Use, as they may be amended by&nbsp;AmeriPharma\u00ae Specialty Care&nbsp;(\u201cCompany\u201d) from time to time in its sole discretion.","rttpg_featured_image_url":null,"rttpg_author":{"display_name":"ameripharm3dev","author_link":"https:\/\/ameripharmaspecialty.com\/es\/author\/ameripharm3dev\/"},"rttpg_comment":0,"rttpg_category":false,"rttpg_excerpt":"Effective Date: 08\/03\/2015 BINDING EFFECT.&nbsp;This is a binding agreement. By using the Internet site located at&nbsp;www.ameripharmaspecialty.com&nbsp;(the \u201cSite\u201d) or any services provided in connection with the Site (the \u201cService\u201d), you agree to abide by these Terms of Use, as they may be amended by&nbsp;AmeriPharma\u00ae Specialty Care&nbsp;(\u201cCompany\u201d) from time to time in its sole discretion.","_links":{"self":[{"href":"https:\/\/ameripharmaspecialty.com\/es\/wp-json\/wp\/v2\/pages\/23539","targetHints":{"allow":["GET"]}}],"collection":[{"href":"https:\/\/ameripharmaspecialty.com\/es\/wp-json\/wp\/v2\/pages"}],"about":[{"href":"https:\/\/ameripharmaspecialty.com\/es\/wp-json\/wp\/v2\/types\/page"}],"author":[{"embeddable":true,"href":"https:\/\/ameripharmaspecialty.com\/es\/wp-json\/wp\/v2\/users\/1"}],"replies":[{"embeddable":true,"href":"https:\/\/ameripharmaspecialty.com\/es\/wp-json\/wp\/v2\/comments?post=23539"}],"version-history":[{"count":0,"href":"https:\/\/ameripharmaspecialty.com\/es\/wp-json\/wp\/v2\/pages\/23539\/revisions"}],"wp:attachment":[{"href":"https:\/\/ameripharmaspecialty.com\/es\/wp-json\/wp\/v2\/media?parent=23539"}],"wp:term":[{"taxonomy":"category","embeddable":true,"href":"https:\/\/ameripharmaspecialty.com\/es\/wp-json\/wp\/v2\/categories?post=23539"},{"taxonomy":"post_tag","embeddable":true,"href":"https:\/\/ameripharmaspecialty.com\/es\/wp-json\/wp\/v2\/tags?post=23539"}],"curies":[{"name":"gracias","href":"https:\/\/api.w.org\/{rel}","templated":true}]}}